{"id":22820,"date":"2025-08-11T16:05:20","date_gmt":"2025-08-11T13:05:20","guid":{"rendered":"https:\/\/tuzlahortum.com.tr\/urun\/prime\/"},"modified":"2025-08-20T13:13:43","modified_gmt":"2025-08-20T10:13:43","slug":"prime","status":"publish","type":"product","link":"https:\/\/tuzlahortum.com.tr\/ru\/product\/prime\/","title":{"rendered":"PRIME"},"content":{"rendered":"<p>&nbsp;<\/p>\n<div class=\"report-container\">\n<div class=\"report-header\">\n<div class=\"standard-text\">\u041d\u0430\u0437\u0432\u0430\u043d\u0438\u0435 \u043f\u0440\u043e\u0434\u0443\u043a\u0442\u0430: PRIME-20<\/div>\n<div class=\"standard-text\">\u041a\u043e\u0434 \u0442\u043e\u0432\u0430\u0440\u0430: LLMPC225<\/div>\n<\/div>\n<div class=\"product-image-container\">\n<div class=\"key-feature\">\u041c\u043d\u043e\u0433\u043e\u0446\u0435\u043b\u0435\u0432\u043e\u0439 EPDM<\/div>\n<\/div>\n<div class=\"horizontal-line\"><\/div>\n<div class=\"product-details\">\n<div class=\"detail-row\">\n<div class=\"detail-label\">\u041e\u0431\u043b\u0430\u0441\u0442\u044c \u0438\u0441\u043f\u043e\u043b\u044c\u0437\u043e\u0432\u0430\u043d\u0438\u044f<\/div>\n<div class=\"detail-value\">: \u0414\u043b\u044f \u0442\u0440\u0430\u043d\u0441\u043f\u043e\u0440\u0442\u0438\u0440\u043e\u0432\u043a\u0438 \u0432\u043e\u0437\u0434\u0443\u0445\u0430, \u043c\u0430\u0441\u043b\u0430, \u0445\u043e\u043b\u043e\u0434\u043d\u043e\u0439\/\u0433\u043e\u0440\u044f\u0447\u0435\u0439 \u0432\u043e\u0434\u044b \u0438 \u043d\u0435\u0430\u0433\u0440\u0435\u0441\u0441\u0438\u0432\u043d\u044b\u0445 \u0445\u0438\u043c\u0438\u0447\u0435\u0441\u043a\u0438\u0445 \u0432\u0435\u0449\u0435\u0441\u0442\u0432.<\/div>\n<\/div>\n<div class=\"detail-row\">\n<div class=\"detail-label\">\u041d\u0438\u0436\u043d\u0438\u0439 \u0441\u043b\u043e\u0439<\/div>\n<div class=\"detail-value\">: \u0420\u0435\u0437\u0438\u043d\u0430 EPDM<\/div>\n<\/div>\n<div class=\"detail-row\">\n<div class=\"detail-label\">\u0423\u0441\u0438\u043b\u0438\u0432\u0430\u044e\u0449\u0438\u0439 \u0441\u043b\u043e\u0439<\/div>\n<div class=\"detail-value\">: \u0412\u044b\u0441\u043e\u043a\u043e\u043f\u0440\u043e\u0447\u043d\u044b\u0439 \u0441\u0438\u043d\u0442\u0435\u0442\u0438\u0447\u0435\u0441\u043a\u0438\u0439 \u0442\u0435\u043a\u0441\u0442\u0438\u043b\u044c.<\/div>\n<\/div>\n<div class=\"detail-row\">\n<div class=\"detail-label\">\u0412\u0435\u0440\u0445\u043d\u0438\u0439 \u0441\u043b\u043e\u0439<\/div>\n<div class=\"detail-value\">: \u0423\u0441\u0442\u043e\u0439\u0447\u0438\u0432\u043e\u0441\u0442\u044c \u043a \u0438\u0441\u0442\u0438\u0440\u0430\u043d\u0438\u044e, \u043d\u0430\u0433\u0440\u0435\u0432\u0430\u043d\u0438\u044e, \u0432\u043e\u0437\u0434\u0435\u0439\u0441\u0442\u0432\u0438\u044e \u043f\u0430\u0440\u0430, \u043c\u0430\u0441\u043b\u0430, \u043a\u0438\u0441\u043b\u043e\u0440\u043e\u0434\u0430 \u0438 \u043f\u043e\u0433\u043e\u0434\u043d\u044b\u0445 \u0443\u0441\u043b\u043e\u0432\u0438\u0439, \u0433\u043b\u0430\u0434\u043a\u0430\u044f \u0440\u0435\u0437\u0438\u043d\u0430 EPDM.<\/div>\n<\/div>\n<\/div>\n<div class=\"datasheet_table\"><img decoding=\"async\" class=\"alignnone size-full\" src=\"https:\/\/tuzlahortum.com.tr\/wp-content\/uploads\/2025\/08\/datasheet646.svg\" alt=\"\" title=\"\"><\/div>\n<div class=\"table-notes\"><\/div>\n<div class=\"horizontal-line\"><\/div>\n<div class=\"footer\">\n<div class=\"standards-section\">\n<div class=\"standard-item\" style=\"margin-top: 9px;\"><\/div>\n<div class=\"standard-info\"><\/div>\n<\/div>\n<div class=\"temperature-section\">\n<div class=\"temp-icon\"><img decoding=\"async\" src=\"data:image\/svg+xml;base64,PD94bWwgdmVyc2lvbj0iMS4wIiBlbmNvZGluZz0iVVRGLTgiPz4KPHN2ZyBpZD0ia2F0bWFuXzIiIGRhdGEtbmFtZT0ia2F0bWFuIDIiIHhtbG5zPSJodHRwOi8vd3d3LnczLm9yZy8yMDAwL3N2ZyIgdmlld0JveD0iMCAwIDcyLjI3IDE2Ljk4Ij4KICA8ZGVmcz4KICAgIDxzdHlsZT4KICAgICAgLmNscy0xIHsKICAgICAgICBzdHJva2Utd2lkdGg6IC41OXB4OwogICAgICB9CgogICAgICAuY2xzLTEsIC5jbHMtMiwgLmNscy0zLCAuY2xzLTQgewogICAgICAgIGZpbGw6IG5vbmU7CiAgICAgICAgc3Ryb2tlLW1pdGVybGltaXQ6IDMuODY7CiAgICAgIH0KCiAgICAgIC5jbHMtMSwgLmNscy0zLCAuY2xzLTQgewogICAgICAgIHN0cm9rZTogI2E3YTlhYjsKICAgICAgfQoKICAgICAgLmNscy01IHsKICAgICAgICBmaWxsOiAjYTdhOWFiOwogICAgICB9CgogICAgICAuY2xzLTIgewogICAgICAgIHN0cm9rZTogI2ZmZjsKICAgICAgfQoKICAgICAgLmNscy0zIHsKICAgICAgICBzdHJva2Utd2lkdGg6IDIuMDZweDsKICAgICAgfQoKICAgICAgLmNscy00IHsKICAgICAgICBzdHJva2Utd2lkdGg6IC4ycHg7CiAgICAgIH0KICAgIDwvc3R5bGU+CiAgPC9kZWZzPgogIDxnIGlkPSJrYXRtYW5fMSIgZGF0YS1uYW1lPSJrYXRtYW4gMSI+CiAgICA8Zz4KICAgICAgPHBhdGggY2xhc3M9ImNscy0zIiBkPSJNMTEuMzQsMTEuNTdjLS45NCwxLjcxLTIuNzEsMi42Ni00LjgsMi42Ni0zLjA1LDAtNS41MS0yLjQ3LTUuNTEtNS41MlMzLjUsMy4xOSw2LjU1LDMuMTljMS45NCwwLDMuNjUsMSw0LjYzLDIuNTIiLz4KICAgICAgPGNpcmNsZSBjbGFzcz0iY2xzLTUiIGN4PSI2LjU1IiBjeT0iOC42NiIgcj0iMi40Ii8+CiAgICAgIDxjaXJjbGUgY2xhc3M9ImNscy0yIiBjeD0iNi41NSIgY3k9IjguNjYiIHI9IjIuNCIvPgogICAgICA8bGluZSBjbGFzcz0iY2xzLTMiIHgxPSI2OC4zNCIgeTE9IjExLjc2IiB4Mj0iOS45MiIgeTI9IjExLjc2Ii8+CiAgICAgIDxsaW5lIGNsYXNzPSJjbHMtMyIgeDE9IjY4Ljc4IiB5MT0iNS41MSIgeDI9IjkuNzMiIHkyPSI1LjUxIi8+CiAgICAgIDxsaW5lIGNsYXNzPSJjbHMtMyIgeDE9IjU0LjA3IiB5MT0iOC43NSIgeDI9IjguNjQiIHkyPSI4Ljc1Ii8+CiAgICAgIDxwYXRoIGNsYXNzPSJjbHMtMyIgZD0iTTY4LjE1LDUuNTVjMS43MSwwLDMuMDksMS4zOSwzLjA5LDMuMDlzLTEuOTIsMy4wNi0zLjYyLDMuMDYiLz4KICAgICAgPHBhdGggY2xhc3M9ImNscy01IiBkPSJNNTMuOTEsOC43NWMwLS4xNC4xMi0uMjYuMjYtLjI2cy4yNy4xMi4yNy4yNi0uMTIuMjctLjI3LjI3LS4yNi0uMTItLjI2LS4yN1oiLz4KICAgICAgPHBhdGggY2xhc3M9ImNscy0zIiBkPSJNNTMuOTEsOC43NWMwLS4xNC4xMi0uMjYuMjYtLjI2cy4yNy4xMi4yNy4yNi0uMTIuMjctLjI3LjI3LS4yNi0uMTItLjI2LS4yN1oiLz4KICAgICAgPGxpbmUgY2xhc3M9ImNscy0xIiB4MT0iMzYuNDMiIHkxPSIxNi45OCIgeDI9IjM2LjQzIiB5Mj0iMTQuMjQiLz4KICAgICAgPGxpbmUgY2xhc3M9ImNscy0xIiB4MT0iMjguMDUiIHkxPSIxNi45OCIgeDI9IjI4LjA1IiB5Mj0iMTQuMjQiLz4KICAgICAgPGxpbmUgY2xhc3M9ImNscy0xIiB4MT0iMTkuNTkiIHkxPSIxNi45OCIgeDI9IjE5LjU5IiB5Mj0iMTQuMjQiLz4KICAgICAgPGxpbmUgY2xhc3M9ImNscy0xIiB4MT0iNDEuNTciIHkxPSIyLjc0IiB4Mj0iNDEuNTciLz4KICAgICAgPGxpbmUgY2xhc3M9ImNscy0xIiB4MT0iMzMuMjgiIHkxPSIyLjc0IiB4Mj0iMzMuMjgiLz4KICAgICAgPGxpbmUgY2xhc3M9ImNscy0xIiB4MT0iMjQuOTkiIHkxPSIyLjc0IiB4Mj0iMjQuOTkiLz4KICAgICAgPGxpbmUgY2xhc3M9ImNscy0xIiB4MT0iMTYuMDgiIHkxPSIyLjc0IiB4Mj0iMTYuMDgiLz4KICAgICAgPGxpbmUgY2xhc3M9ImNscy0xIiB4MT0iNDQuNjMiIHkxPSIxNi45OCIgeDI9IjQ0LjYzIiB5Mj0iMTQuMjQiLz4KICAgICAgPGxpbmUgY2xhc3M9ImNscy0xIiB4MT0iNDkuNDkiIHkxPSIyLjc0IiB4Mj0iNDkuNDkiLz4KICAgICAgPGxpbmUgY2xhc3M9ImNscy00IiB4MT0iNDAuODgiIHkxPSIxNi45OCIgeDI9IjQwLjg4IiB5Mj0iMTQuMjQiLz4KICAgICAgPGxpbmUgY2xhc3M9ImNscy00IiB4MT0iMzIuMzMiIHkxPSIxNi45OCIgeDI9IjMyLjMzIiB5Mj0iMTQuMjQiLz4KICAgICAgPGxpbmUgY2xhc3M9ImNscy00IiB4MT0iMjMuNzkiIHkxPSIxNi45OCIgeDI9IjIzLjc5IiB5Mj0iMTQuMjQiLz4KICAgICAgPGxpbmUgY2xhc3M9ImNscy00IiB4MT0iMjAuNTkiIHkxPSIyLjc0IiB4Mj0iMjAuNTkiLz4KICAgICAgPGxpbmUgY2xhc3M9ImNscy00IiB4MT0iMjkuMTMiIHkxPSIyLjc0IiB4Mj0iMjkuMTMiLz4KICAgICAgPGxpbmUgY2xhc3M9ImNscy00IiB4MT0iMzcuMTYiIHkxPSIyLjc0IiB4Mj0iMzcuMTYiLz4KICAgICAgPGxpbmUgY2xhc3M9ImNscy00IiB4MT0iNDUuNzEiIHkxPSIyLjc0IiB4Mj0iNDUuNzEiLz4KICAgIDwvZz4KICA8L2c+Cjwvc3ZnPg==\" alt=\"S\u0131cakl\u0131k\" width=\"100\" title=\"\"><\/div>\n<div class=\"temp-values\">\n<div>-40\u00b0\u0421 \/ +120\u00b0\u0421<\/div>\n<div>-40\u00b0F \/ +248\u00b0F<\/div>\n<\/div>\n<\/div>\n<div class=\"marking-section\">\n<div class=\"detail-row\">\n<div class=\"detail-label\">\u041c\u0430\u0440\u043a\u0438\u0440\u043e\u0432\u043a\u0430<\/div>\n<div class=\"detail-value\">: \u0422\u0438\u0441\u043d\u0435\u043d\u0438\u0435 \u0438\u043b\u0438 \u0441\u0442\u0440\u0443\u0439\u043d\u0430\u044f \u043f\u0435\u0447\u0430\u0442\u044c<\/div>\n<\/div>\n<p><img decoding=\"async\" class=\"marking-image\" src=\"data:image\/png;base64,iVBORw0KGgoAAAANSUhEUgAABf0AAAAsCAYAAADfABI0AAAACXBIWXMAACE3AAAhNwEzWJ96AAAWl0lEQVR4nO3dP3DbVp7A8d\/ubRvMzrXCzDqzaYhib+YaskhmU5gskskVIgp73Mgskkkjs7DjIpbmIimFLRWyGq9dyL5CIxWkisskBemZS84uyGZndguw2b3dAqw2FVKl2ivIHwSCAAiQkPhH389MZrMmAT7gvQfEv\/fe7\/3it7+58T8CAAAAAAAAAACW3X\/9SkQ+nHcpAAAAAAAAAADAzH745bxLAAAAAAAAAAAA8kHQHwAAAAAAAACAFUHQHwAAAAAAAACAFUHQHwAAAAAAAACAFUHQHwAAAAAAAACAFUHQHwAAAAAAAACAFfGrPE5imqasmWYep4rVd11xXVcKliWGYYiISLfTudTfBAAAAAAAAABgmcwc9K\/atjw+2M+jLImODp\/K0eGhPNrekmKpJCIi791499J\/FwCummEY4nnevItx5a7rdSN\/i96WFr18AAAAAIDlNnN6n3W7mkc5AABDJ2en8uQKBlMXiWEYcnJ2Ko+2t+ZdFCy5R9tbcnJ26q8KXDRPDvbl5Ox03sUAAAAAAKywXNL7qFfHx+J5P+V5St88UvlUbTs2bVHPcaTdao39ebFU8lcihHmeJ69bLXFdd+wz0zRl3bal77rSbDTGztftdCbeAy3veaMx8htJZQoKHxe0Wa+LiMjR4WHiOeKuI+7Po8ofvta0v51UX2FHh4cTyxolqQ4nlVPrIfx7SeXuu660W63IGaFJ9Zp0nNLrLJaKIiLS7XQT20CwvMVS0S9z0nFp6yTuns3SbuLK3Hdd6Xa6secL\/7ben6TjktpMUJp+vFmvS8GyZM00xTSfTqyPZROsLxHxn28iIgXLkoJlSbvVTrxPBcuScqUS2y60bwzeSaN9wDAM2ajVRCT5mTJr\/1pWk9pyu9WSnuOkPk9S3xWZ\/p2ZdD6t32KpJO1WK3VZkq4j6TmZtv+LDP7b4WalIoZhyGa9PvG9BgAAAADANH7x29\/c+OcsJzg5O50q3U4wN38amtN\/2t+bRvC3ovQcR+7cuj0S+Nms12Wzfi\/xvA\/vPxgLPBRLJTk5O5VupyN3bt0eO1\/PceSTjz6OPadhGPLHP\/9JRETu3Lo9FjSfVKao44L+8ve\/iYjI559+FjnYoR5tb8lGrTZ2HXHXF6T3W1M5hX97Un1Pqq+g9268G1sm\/fMkUXU4qZxaD+Hfm1Ruz\/Pkzq3bY4G2SfUad5xIfFouz\/Pk653dyMBYwbLkDy+exwbxzxsN2dvZHekPaesk7p7N0m5ELmaPFyxr7LhupyOff\/pZZOBW23GUvuvK3s7uSD9I02ZEJLKM4fJ+\/\/aNGIYR2cZWQbC+REQ26\/dG0rdFPT\/CCpYl33z3rYhEt50nB\/uybtuRzyutK8\/z5N9\/92+xvzFL\/1pmadpyUt9RWpez3meR6OdtHG1f542GfHH\/gYike45ESfucTNv\/RQbPgJ7jyLMXz8XzPPnw\/Q9WcvAIAAAAADBXX+U60z+LYG7+NCYFyy5Tz3HG\/lJeLJWkYFlycnYaGYzXQYogHeh4fLAv3U4n0+xFnQEbF2BKM8swqkxBaQIP63Y1MeifdrbjZQjfG91g2vO8qQJzUcfpOR8f7IvneYn3Iqu4dmYYhvzhxXP5\/fsfRB6X1NZOzk7lPz76eOTzcqXiB7KC1xhsn47jjF17MOA\/mO3bE8N4R8qViqwNZ7o2G83IgaOoa7sKwYC\/lsEwDClYlhRLJXl8sC+ff\/rZyDFV2\/YD\/hczun+SglXwr3Wjdjey7ie1tf6EPr9Rq4lhGNLtdFYy4D\/J0eHT4azqixVOUYL3OOp7+m4ploqRQX+R9KvHsvavVZH0\/CuWSrJZvyd7O7uxx5crFREZDGSVK5WJz8o83pnabjzPSyxbGlmek57nxbbB8LNPnyndTsdflcBsfwAAAABA3uYW9F8mezu7kX+h14BiVECj2WhGzjr+5rtvZc00ZbN+z5+FmNbd2t3YY+7W7k48PqpMWZUrFTFNMzaVyzxzKIeDPMFVEllmd6q443Qm6Wb9Xq5B\/6h2pjOa10xTqrYdGQiOa2s6Y3yjdnfk3mjO9PBKFdM05dmL51KwLHm0vTVy7ZqSJWp2897O7kiwOu21XbaqbfsB\/\/BM4Y1aTR5tb0m5UhkLGuus4+BMYWWapny5vSVfxwQUp21rF2WuDn+7OfU5lkHPceTV8bFs1Gr+v4sMgqvnjYZs1GpStauJbUaDpgXLGvmeYRj+4FTUwHLBKgzL0EtV1qz9a1XEtWVdRbFu27HXrempVLlSnviszOOdqf3ndQ6pl7I8J6Pula78inv2vTp+KcVSSap2laA\/AAAAACB3uQb9n714PjGQEpVjWdM8JJlHTv8k3U5H2q2WlCuVYQ7qycFfz\/Ok2WjKZv1e6tzzQYM8wLuRs8GnOd+01m07MkhxXTZ13tvZlW+++zYyZUzeeo7jBzez1LHneXJ0+FQebW+NlDMYjAun53CHaWt0UMMwDP9zPeZ1TD5vDdoukpuVsogMgvfhwZJXx8dSrpSlWCpJuVIeeb7otUY9l1zXHVsZkBetm8FzYnVn+Xue57e94L+rZqMpG7Wa3KxURCQ+yNtzHCmWSmINg\/gqGOiP6qNZZ\/rHXUNU\/7oOdDVG0gCvBt+PDp\/KZv3exLqMk\/WdeXO4uuDl8cvMvxU07XMyC90TYs00E1fxAQAAAAAwjVyD\/uVKxV\/SH8fzvLEA4bLOcus5vWHQvzD5yyHTzIjXNAnhgGD1ioPtUTMTzWHKh+sgGJy5ymCNYbyT6fvBdBTKCqS6iVqtEQyEhmdQi4i4bj9TGeZJr7Xdakd+3u10\/ZniUa46ZUsewehl8PD+Az9IGjVY1HMc6buun0Ym7n50O13ZqNXG6k83XNVUTsFzmKbpP3tnvc9R\/es6SNMv9L8D2q2WFEvF4eDa5BQ\/SSa9MzXtzrTp3IJmfU6m9brVknXblnKlQtAfAAAAAJCrX856glcZZ9RF\/cX9L3\/\/28R\/Nuv1WYuaO9NcE5HJebqDNHCbdWagBgQ2Qml8DMOQddvOJdCRthxrpjk2uKPlWvWApcggcKiy1P20tM943k+ZjtNyBsuos1enTX1RtatzTeGUxazXGreR72XR50natDPLKk19OCkC6nFBdx08OQ9ssqqC+zvMKqp\/XQf67I+7bp0l33dd6TmOP+hWHq68ySrtO1PrI4+6nfXZkZYz7OvTTBwAAAAAACDJzEH\/dqsl7914N\/GfWXJcLyrDMPxUAmmDdMVSyd\/ottvpZvq9dqstfdf1N\/RVer48chinoYM84VQ+Wo5Vz0UucnGtfde99HsenMmcdUBF6yiPIJjO0F0zTfn+7ZvMG3EvE73WR9tbcnJ2KlXbHhnouSzT1vMq0mdq0gCT67p+4Dkc2B+sKHs5\/Kw48tng\/LP3iTz71yLSVRLBfzZqNX9z27h8\/rryTPvR6+H\/3pywCjBKlnfmRf\/J9m6dJ207yzKQCgAAAABYHguxkW+aINc8Z1NW7epYgLNcKfupBKJSFmzW7\/kbgoZFpThKQ3MbBzf01Q18Xx6\/9DcejJNUpvduvJuqDO1WS770tkY29NUNfNut1pWnRLlMpmmOrTAxjHf8GeDNnAc4Ts5OYz\/rdjqx\/aRYKo6Vs2AV\/DabRzmDG68ONi+t+fdh8NnLxDz0cdfW7XRSDQoWSyV\/Y8zL9vXOrp+rW4OdIoN++7rVkqPDp7HtPKmcd27dXqmAvuazT6q\/qm3Lul2VvZ3dqYLjk1JaOcOVR5piJZgiSQcFgs9uHQDIEhi+iv6Vh5OzU+k5TuKmwmnqTBUsK7Lf9l1XHt5\/EJuq5yK1z2CGvzuc8R+36b26jHfmsiDoDwAAAADI20IE\/Rd9JYDONIzy9c74xrpJeo4jXwRyWmdx3mj4myIaxq6fRqHnOFc221QDn+u27W\/oqzNeV22W\/5ppxgahNAh+Fdqtljy8H78JZjAwHXbeaOQWaN7b2ZV2qy0btbt+UFxkEBx8fLAv63Z14ftyGq7ryofvfyAbtZqUK2V\/BrGm0rpZqSQGPa+LgmVNXO2hefmnDWpOypff7XSlXKn4m\/leBP0HQf3goIAGnvXP07qq\/jWrNCtv0tSZikoZp++czfo96XY6Y++x4GbUwfvS7XSGQf9y5n4zyztzWVy3fSEAAAAAAJcvU9DfMIyp\/nI66Zg0QYi+647Nrk0bvIg6dhZ91xVnOLs5LuBz3mj4M0BN0xxJiTBtgN51XWm3Wv6GyTprNe1M02CZZvHy+KWs27ZU7aqcNxpSLJX8FQ+rmvJFDWbcd+XV8XHuQahg2yhXyrJRq4nneSMbn6ahwbrzRjNx9v00gisOdPPm9eFKGE3\/ETUYEtfu015X0gxmnb2cJ8\/z5Ojw0N+werARaVnWh6taHh\/sS\/t348HLpHKuQhoYDeCHA7caTH51fOy3i\/B3TNP0BwrzEs7rfzGTvzP83+7wWVmSn4Yb+866\/8ll9q+sqrYtTsSg7+hGupPrLErPcSIH8Z4c7Mu6bcuzF8\/HPtfUPq9Dv9VsNGWjVhum+IkewLyMdyYAAAAAANdVpqB\/3HL\/WaU559Hh07FgUdqyRB2bxTRpOVy3fxF4EvEDoxu1uzPNDD1vNKVcqchG7a4f6DpPGXgKlmkWurKgYFny7MXzTGVYJmlTz+Sl5zh+\/fQcxw8wr9t24qqCWdv3tFzXFbfRkGajIc9ePB8ORpUjyxq8tmmEZw6HP7tsOtjRbDTlm+++9VP\/hMuUVM5VoAMswXv+w9s3\/san542GbNTuDnK\/y76flu3Jwb7\/ncHmrulme08K9uq9vgj6l0aC+vp5sVT0y5I1gDyv\/jWJDj6JXKS\/K1iW\/PHPfxLDMPz7nKbOsvShL+4\/kHXblmKp5Kd4UzrY8I5hjKVE0jLHpfi5rHfmMmBQAwAAAACQt5k38s0iLv\/9dXB0+FRExM+FP612q+Vv6CuSPWCTF90kU8uh\/3+SpBnZmgJk2QMgcdeo+cnTXF9wI1LdtyEPGhzMe2PatPV\/lS7jWmcdvEhjkfN7Hx0+lfNGQwzD8Mu5ZprS7XT8FFTNRtNfCaOB5TXTlL7rZp617Xk\/TfyOnk\/3mAjWT89xxPM8KZZKS7nR6yQP7z+Qbqfj32etl\/NGw3\/npKmzrPQerwX6lqb2ERm85zRHfzhXf7lSTvUb074zJ+0DkcZlPSfjrHLqIgAAAADAfGSa6d93Xf8v4llpLnidFXjeaGYKvmiQIetxwWPnqdvpSN91\/XzIX0wZbBG52NBX\/30edENfwzD8TTOTaBBFU0SFA3\/mMO+2iCztZsBav8VSKTKwqbNgXbef6ny6h8OaaUrVtnNJJaK5zNdMc2yWbrCMIuODE5oaJcpVBcey0HzuxVIx8t5p8DHLdYpc3rX2HMcPTi\/q4Gi71Rpu2N33n0HhFTGe48jejiPtVttfjeV5nnzy0cepg5uapifNBu6aL14Hx8LvB72vmnpmEd4HefA8T5rDlTYnZ6d+arXwyoQ0dZZVVBo3vb9x6fT02Z+U4ico6zsznOppFrM8J7PQ+5imnQMAAAAAkEWmoL\/rurmlOZg2gDnvHMqzODp8Otzw1Jajw6dTB7c1GNx33bkFsIIb+qbZwNd1XT8l0JODfblz67YfADQMw08T1B9+bxm1Wy3ZqNX8TS6D1xFMbxLOdx3HdV05bzRk3bZls34vl7bfcxw\/kKY5ubUeTNOUR9tb\/rUEA7Sb9bqUK2XZ29kda3NmYMPjRaq71622lCsVWbdt6Xa6I\/dvs173g4PBgTPDMOT7t2\/k1fHLyH0bNuv1kTQ1eeo5PRG5CHgvKq1v3dukXKlEDko9GaaeeXV8LBu1mjza3ko92Jllw129b1ov4fbZ7XSlWCpdWr3NW3WYaqfdaollWbJZvyfnjcbI+yVtnaWhzwiR0WC1BsKPDp\/GnldTD8Wl+AnL8s7Ues1jX5lpn5NZFYYbUDvDNgwAAAAAQF4yBf11I8Zl03fdhRgsaAZmbs8y2991Xfnko4\/lp4zBhqpdTQwoZk29sbezK81GM\/XAw97OrpycnUrBsuT7t29GZmZq2om4TVBFkvdwSNpA9aocHT718\/B\/8923IxveasDx1fFxpsEePWees\/33dnbl2YvnY\/UQDJYFV\/QEg\/onZ6f+ng6u25diqegfF0xJFPZoeysxOHYZeyc0h\/nlC5Yljw\/2ZaN2VzzPG6mPdqs10uYfbQ9Wr2zW78lG7e4wnU9XTHNtJHAct5HzpH1PkjZ\/vcg\/X5q42mCevhwGPL+4\/2Awi\/5tSb7c3hq5ro1aTdZM0591XrAsWbdteXn8cuIzRp8HaTfcDT9\/wscMPh+0377rjt3XYqnk19l7N96d+HtJdMb9Ve4D8OWwbz28\/8Bvf19ub8nnn3428h2R5DoLi2rLwb4THFgIpvZJeh90Ox1\/7480Qf8s70zXdf1AfdygQpb+mfU5OQ0916qsPgEAAAAALI5MQf+1QPBvmQw24Jx\/0F\/kIjXPzUpFDGN36sDeNLNV1wIBmyhZc4ln3bRUc0g\/Ptj3N0INenV8nBgIymMG52XyPE\/u3LotJ2enkdfX7XQyB4nc4WqOYqkk63Y1l3bcbrVi68HzPPk6NPjjuq7cuXXbX61QsKyxFBqe58nnn34WO6CRR8qNaWh9RJU5Kqf53s6gT27Uav69CddjMF96WFS9j\/5mfGqy4GqYcqWyMM+ssEH76Pl9\/+ud3bF61xzyuqnz3s5ubNqrME3Tk2VFjOd5fqqxsOCfrWJw9fNPPxPTNP3nsebwD0pTZ2FJbbnb6YwMsur3BoOB8efV1TdpU\/yIZHtn6mqruEGFLP0z63Myq+pwgHiZV7cBAAAAABbXL377mxv\/TPvl4IzIZTJt\/uLqcIZ1OFVCEg0SdjudyACTYRj+hpPBWca6iiK8KmHS+dKUNypwGSXpOjfrdRGRibNX464j6jsFqzAM1HVT\/XaSqN\/T644rS1xZ01xDEsMwZN22xbIKsmaa0nMG+c3j6m9SO9MgsMjoDPMsbSNKsB5ExK+HpKCa\/qbW3WDWfy82zYVe2yRx7SpNXehvJN2H6vA6dT+JpPrQ39XrLFjWcNZ5b2xlQLick0yqq6pty+ODfem7rvz+\/Q8mnm\/VmKYp3799IyIin3z0cepg6KQ2kPR5sO6C7XCa\/pWmLS66SW05qg+kve7g+0+fd9O+M+PKru3nw\/c\/8J+ns\/TPaZ6TIhfvrbjn+g9v38iaacrezq4\/OAYAAAAAQE6+yhT01434lk3aNBEAMG8aDLzKFDGL4tmL51KuVGbeaBbX15PhHgCL3IZ0jwvP8+TD9z9Y2FReAAAAAICllS3oDwC4XOVKxd\/YOjhbedUFV5Jdp+tGvkzTlP\/+7lsxDEMe3n+wcGmydLPwRS0fAAAAAGAlfPUv\/\/rrX\/\/nvEsBABj4v7\/+VcxhWqhmoznv4lyZvuuKaZrSbDTlf3\/4Yd7FwZLyPE9+\/MePYpqm7D9+Ij\/\/\/PO8izTi559\/lh\/\/8aOIiOw\/fjLn0gAAAAAAVtQPzPQHgAVjGAYpP4AZ0IcAAAAAANfYV7+cdwkAAKMIVgKzoQ8BAAAAAK4zgv4AAAAAAAAAAKwIgv4AAAAAAAAAAKwIgv4AAAAAAAAAAKwIgv4AAAAAAAAAAKwIgv4AAAAAAAAAAKyIX4nIV\/MuBAAAAAAAAAAAmNn38y4AAAAAAAAAAAAAAAAAAAAAAAAAAAAAAAAAAAAAAAAAAAAAAACL6v8ByX6PqCYDcjQAAAAASUVORK5CYII=\" alt=\"Markalama G\u00f6rseli\" title=\"\"><\/p>\n<\/div>\n<div>\n<table style=\"width: 100%;\" cellspacing=\"0\" cellpadding=\"0\">\n<tbody>\n<tr>\n<td style=\"width: 120px; font-weight: bold;\">\u041d\u043e\u0440\u043c<\/td>\n<td style=\"width: 400px; text-align: left;\">\u0418\u0421\u041e 1307<\/td>\n<td style=\"width: 120px; font-weight: bold;\">\u0426\u0432\u0435\u0442<\/td>\n<td style=\"width: 400px;\">\n<div class=\"color-icons\"><img decoding=\"async\" src=\"data:image\/svg+xml;base64,PHN2ZyB2aWV3Qm94PSIwIDAgMTAwIDEwMCIgeG1sbnM9Imh0dHA6Ly93d3cudzMub3JnLzIwMDAvc3ZnIj4KICA8Y2lyY2xlIGN4PSI1MCIgY3k9IjUwIiByPSI0OSIgZmlsbD0iIzAwMDAwMCIgc3Ryb2tlPSJibGFjayIgc3Ryb2tlLXdpZHRoPSIwLjUiLz4KICA8Y2lyY2xlIGN4PSI1MCIgY3k9IjUwIiByPSIzOCIgZmlsbD0id2hpdGUiIHN0cm9rZT0iYmxhY2siIHN0cm9rZS13aWR0aD0iMC41Ii8+CiAgPGNpcmNsZSBjeD0iNTAiIGN5PSI1MCIgcj0iMzMiIGZpbGw9IiMwMDAwMDAiIHN0cm9rZT0iYmxhY2siIHN0cm9rZS13aWR0aD0iMC41Ii8+CiAgPGNpcmNsZSBjeD0iNTAiIGN5PSI1MCIgcj0iMjIiIGZpbGw9IndoaXRlIiBzdHJva2U9ImJsYWNrIiBzdHJva2Utd2lkdGg9IjAuNSIvPgo8L3N2Zz4=\" alt=\"\" title=\"\"><\/div>\n<\/td>\n<\/tr>\n<\/tbody>\n<\/table>\n<\/div>\n<\/div>\n<\/div>","protected":false},"excerpt":{"rendered":"<p>&nbsp; \u00dcr\u00fcn Ad\u0131: PRIME-20 \u00dcr\u00fcn Kodu: LLMPC225 \u00c7ok Ama\u00e7l\u0131 EPDM Kullanim Alan\u0131 : Hava, ya\u011f, so\u011fuk\/s\u0131cak su ve agresif olmayan kimyasallar\u0131 ta\u015f\u0131mak i\u00e7in. Alt Katman : EPDM Kau\u00e7uk Takviye Katman\u0131 : Y\u00fcksek Mukavemetli Sentetik Tekstil. \u00dcst Katman : A\u015f\u0131nmaya, Is\u0131ya, Buhara, Ya\u011fa, Oksijene ve Hava Ko\u015fullar\u0131na Dayan\u0131kl\u0131, P\u00fcr\u00fczs\u00fcz EPDM Kau\u00e7uk. -40\u00b0C \/ +120\u00b0C -40\u00b0F \/ [&#8230;]\n","protected":false},"featured_media":22207,"comment_status":"open","ping_status":"closed","template":"","meta":{"jetpack_post_was_ever_published":false},"product_brand":[],"product_cat":[2355],"product_tag":[],"class_list":{"0":"post-22820","1":"product","2":"type-product","3":"status-publish","4":"has-post-thumbnail","6":"product_cat-sel_hava_gaz_hartumlari","8":"first","9":"instock","10":"taxable","11":"shipping-taxable","12":"product-type-simple"},"jetpack-related-posts":[],"jetpack_sharing_enabled":true,"jetpack_likes_enabled":true,"_links":{"self":[{"href":"https:\/\/tuzlahortum.com.tr\/ru\/wp-json\/wp\/v2\/product\/22820","targetHints":{"allow":["GET"]}}],"collection":[{"href":"https:\/\/tuzlahortum.com.tr\/ru\/wp-json\/wp\/v2\/product"}],"about":[{"href":"https:\/\/tuzlahortum.com.tr\/ru\/wp-json\/wp\/v2\/types\/product"}],"replies":[{"embeddable":true,"href":"https:\/\/tuzlahortum.com.tr\/ru\/wp-json\/wp\/v2\/comments?post=22820"}],"wp:featuredmedia":[{"embeddable":true,"href":"https:\/\/tuzlahortum.com.tr\/ru\/wp-json\/wp\/v2\/media\/22207"}],"wp:attachment":[{"href":"https:\/\/tuzlahortum.com.tr\/ru\/wp-json\/wp\/v2\/media?parent=22820"}],"wp:term":[{"taxonomy":"product_brand","embeddable":true,"href":"https:\/\/tuzlahortum.com.tr\/ru\/wp-json\/wp\/v2\/product_brand?post=22820"},{"taxonomy":"product_cat","embeddable":true,"href":"https:\/\/tuzlahortum.com.tr\/ru\/wp-json\/wp\/v2\/product_cat?post=22820"},{"taxonomy":"product_tag","embeddable":true,"href":"https:\/\/tuzlahortum.com.tr\/ru\/wp-json\/wp\/v2\/product_tag?post=22820"}],"curies":[{"name":"wp","href":"https:\/\/api.w.org\/{rel}","templated":true}]}}