{"id":22034,"date":"2025-08-11T12:01:04","date_gmt":"2025-08-11T09:01:04","guid":{"rendered":"https:\/\/tuzlahortum.com.tr\/urun\/java-twin\/"},"modified":"2025-08-20T15:02:10","modified_gmt":"2025-08-20T12:02:10","slug":"java-twin","status":"publish","type":"product","link":"https:\/\/tuzlahortum.com.tr\/ru\/product\/java-twin\/","title":{"rendered":"JAVA TWIN"},"content":{"rendered":"<p>&nbsp;<\/p>\n<div class=\"report-container\">\n<div class=\"report-header\">\n<div class=\"standard-text\">\u041d\u0430\u0437\u0432\u0430\u043d\u0438\u0435 \u043f\u0440\u043e\u0434\u0443\u043a\u0442\u0430: JAVA TWIN<\/div>\n<div class=\"standard-text\">\u041a\u043e\u0434 \u0442\u043e\u0432\u0430\u0440\u0430: TBK62<\/div>\n<\/div>\n<div class=\"product-image-container\">\n<div class=\"key-feature\">\u0414\u0432\u043e\u0439\u043d\u043e\u0439 \u0441\u0432\u0430\u0440\u043e\u0447\u043d\u044b\u0439 \u0448\u043b\u0430\u043d\u0433 (\u043a\u0438\u0441\u043b\u043e\u0440\u043e\u0434\u043d\u044b\u0439 \u0438\u043b\u0438 \u0430\u0446\u0435\u0442\u0438\u043b\u0435\u043d\u043e\u0432\u044b\u0439)<\/div>\n<\/div>\n<div class=\"horizontal-line\"><\/div>\n<div class=\"product-details\">\n<div class=\"detail-row\">\n<div class=\"detail-label\">\u041e\u0431\u043b\u0430\u0441\u0442\u044c \u0438\u0441\u043f\u043e\u043b\u044c\u0437\u043e\u0432\u0430\u043d\u0438\u044f<\/div>\n<div class=\"detail-value\">: \u0414\u043b\u044f \u043f\u0440\u043e\u043c\u044b\u0448\u043b\u0435\u043d\u043d\u043e\u0439 \u0441\u0432\u0430\u0440\u043a\u0438 \u0441 \u0438\u0441\u043f\u043e\u043b\u044c\u0437\u043e\u0432\u0430\u043d\u0438\u0435\u043c \u043a\u0438\u0441\u043b\u043e\u0440\u043e\u0434\u0430 \u0438\u043b\u0438 \u0430\u0446\u0435\u0442\u0438\u043b\u0435\u043d\u0430<\/div>\n<\/div>\n<div class=\"detail-row\">\n<div class=\"detail-label\">\u041d\u0438\u0436\u043d\u0438\u0439 \u0441\u043b\u043e\u0439<\/div>\n<div class=\"detail-value\">: \u0427\u0435\u0440\u043d\u044b\u0439 \u043f\u043b\u043e\u0441\u043a\u0438\u0439 \u0441\u043f\u0435\u0446\u0438\u0430\u043b\u044c\u043d\u044b\u0439 \u0441\u043e\u0441\u0442\u0430\u0432 Thermorub \u0423\u0441\u0442\u043e\u0439\u0447\u0438\u0432 \u043a \u043a\u0438\u0441\u043b\u043e\u0440\u043e\u0434\u0443 \u0438 \u0430\u0446\u0435\u0442\u0438\u043b\u0435\u043d\u043e\u0432\u044b\u043c \u0433\u0430\u0437\u0430\u043c.<\/div>\n<\/div>\n<div class=\"detail-row\">\n<div class=\"detail-label\">\u0423\u0441\u0438\u043b\u0438\u0432\u0430\u044e\u0449\u0438\u0439 \u0441\u043b\u043e\u0439<\/div>\n<div class=\"detail-value\">: \u0412\u044b\u0441\u043e\u043a\u043e\u043f\u0440\u043e\u0447\u043d\u044b\u0439 \u0441\u0438\u043d\u0442\u0435\u0442\u0438\u0447\u0435\u0441\u043a\u0438\u0439 \u0442\u0435\u043a\u0441\u0442\u0438\u043b\u044c.<\/div>\n<\/div>\n<div class=\"detail-row\">\n<div class=\"detail-label\">\u0412\u0435\u0440\u0445\u043d\u0438\u0439 \u0441\u043b\u043e\u0439<\/div>\n<div class=\"detail-value\">: \u0423\u0441\u0442\u043e\u0439\u0447\u0438\u0432\u043e\u0441\u0442\u044c \u043a \u0438\u0441\u0442\u0438\u0440\u0430\u043d\u0438\u044e, \u043f\u043e\u0433\u043e\u0434\u043d\u044b\u043c \u0443\u0441\u043b\u043e\u0432\u0438\u044f\u043c \u0438 \u043f\u043b\u0430\u043c\u0435\u043d\u0438, \u0441\u043f\u0435\u0446\u0438\u0430\u043b\u044c\u043d\u044b\u0439 \u0441\u0438\u043d\u0442\u0435\u0442\u0438\u0447\u0435\u0441\u043a\u0438\u0439 \u0441\u043e\u0441\u0442\u0430\u0432 Thermorub.<\/div>\n<\/div>\n<\/div>\n<div class=\"datasheet_table\"><img decoding=\"async\" class=\"alignnone size-full\" src=\"https:\/\/tuzlahortum.com.tr\/wp-content\/uploads\/2025\/08\/datasheet527.svg\" alt=\"\" title=\"\"><\/div>\n<div class=\"table-notes\">\u0412\u0410\u0420\u0418\u0410\u041d\u0422\u042b \/ DIN EN 1327<\/div>\n<div class=\"horizontal-line\"><\/div>\n<div class=\"footer\">\n<div class=\"standards-section\">\n<div class=\"standard-item\" style=\"margin-top: 9px;\"><\/div>\n<div class=\"standard-info\"><\/div>\n<\/div>\n<div class=\"temperature-section\">\n<div class=\"temp-icon\"><img decoding=\"async\" src=\"data:image\/svg+xml;base64,PD94bWwgdmVyc2lvbj0iMS4wIiBlbmNvZGluZz0iVVRGLTgiPz4KPHN2ZyBpZD0ia2F0bWFuXzIiIGRhdGEtbmFtZT0ia2F0bWFuIDIiIHhtbG5zPSJodHRwOi8vd3d3LnczLm9yZy8yMDAwL3N2ZyIgdmlld0JveD0iMCAwIDcyLjI3IDE2Ljk4Ij4KICA8ZGVmcz4KICAgIDxzdHlsZT4KICAgICAgLmNscy0xIHsKICAgICAgICBzdHJva2Utd2lkdGg6IC41OXB4OwogICAgICB9CgogICAgICAuY2xzLTEsIC5jbHMtMiwgLmNscy0zLCAuY2xzLTQgewogICAgICAgIGZpbGw6IG5vbmU7CiAgICAgICAgc3Ryb2tlLW1pdGVybGltaXQ6IDMuODY7CiAgICAgIH0KCiAgICAgIC5jbHMtMSwgLmNscy0zLCAuY2xzLTQgewogICAgICAgIHN0cm9rZTogI2E3YTlhYjsKICAgICAgfQoKICAgICAgLmNscy01IHsKICAgICAgICBmaWxsOiAjYTdhOWFiOwogICAgICB9CgogICAgICAuY2xzLTIgewogICAgICAgIHN0cm9rZTogI2ZmZjsKICAgICAgfQoKICAgICAgLmNscy0zIHsKICAgICAgICBzdHJva2Utd2lkdGg6IDIuMDZweDsKICAgICAgfQoKICAgICAgLmNscy00IHsKICAgICAgICBzdHJva2Utd2lkdGg6IC4ycHg7CiAgICAgIH0KICAgIDwvc3R5bGU+CiAgPC9kZWZzPgogIDxnIGlkPSJrYXRtYW5fMSIgZGF0YS1uYW1lPSJrYXRtYW4gMSI+CiAgICA8Zz4KICAgICAgPHBhdGggY2xhc3M9ImNscy0zIiBkPSJNMTEuMzQsMTEuNTdjLS45NCwxLjcxLTIuNzEsMi42Ni00LjgsMi42Ni0zLjA1LDAtNS41MS0yLjQ3LTUuNTEtNS41MlMzLjUsMy4xOSw2LjU1LDMuMTljMS45NCwwLDMuNjUsMSw0LjYzLDIuNTIiLz4KICAgICAgPGNpcmNsZSBjbGFzcz0iY2xzLTUiIGN4PSI2LjU1IiBjeT0iOC42NiIgcj0iMi40Ii8+CiAgICAgIDxjaXJjbGUgY2xhc3M9ImNscy0yIiBjeD0iNi41NSIgY3k9IjguNjYiIHI9IjIuNCIvPgogICAgICA8bGluZSBjbGFzcz0iY2xzLTMiIHgxPSI2OC4zNCIgeTE9IjExLjc2IiB4Mj0iOS45MiIgeTI9IjExLjc2Ii8+CiAgICAgIDxsaW5lIGNsYXNzPSJjbHMtMyIgeDE9IjY4Ljc4IiB5MT0iNS41MSIgeDI9IjkuNzMiIHkyPSI1LjUxIi8+CiAgICAgIDxsaW5lIGNsYXNzPSJjbHMtMyIgeDE9IjU0LjA3IiB5MT0iOC43NSIgeDI9IjguNjQiIHkyPSI4Ljc1Ii8+CiAgICAgIDxwYXRoIGNsYXNzPSJjbHMtMyIgZD0iTTY4LjE1LDUuNTVjMS43MSwwLDMuMDksMS4zOSwzLjA5LDMuMDlzLTEuOTIsMy4wNi0zLjYyLDMuMDYiLz4KICAgICAgPHBhdGggY2xhc3M9ImNscy01IiBkPSJNNTMuOTEsOC43NWMwLS4xNC4xMi0uMjYuMjYtLjI2cy4yNy4xMi4yNy4yNi0uMTIuMjctLjI3LjI3LS4yNi0uMTItLjI2LS4yN1oiLz4KICAgICAgPHBhdGggY2xhc3M9ImNscy0zIiBkPSJNNTMuOTEsOC43NWMwLS4xNC4xMi0uMjYuMjYtLjI2cy4yNy4xMi4yNy4yNi0uMTIuMjctLjI3LjI3LS4yNi0uMTItLjI2LS4yN1oiLz4KICAgICAgPGxpbmUgY2xhc3M9ImNscy0xIiB4MT0iMzYuNDMiIHkxPSIxNi45OCIgeDI9IjM2LjQzIiB5Mj0iMTQuMjQiLz4KICAgICAgPGxpbmUgY2xhc3M9ImNscy0xIiB4MT0iMjguMDUiIHkxPSIxNi45OCIgeDI9IjI4LjA1IiB5Mj0iMTQuMjQiLz4KICAgICAgPGxpbmUgY2xhc3M9ImNscy0xIiB4MT0iMTkuNTkiIHkxPSIxNi45OCIgeDI9IjE5LjU5IiB5Mj0iMTQuMjQiLz4KICAgICAgPGxpbmUgY2xhc3M9ImNscy0xIiB4MT0iNDEuNTciIHkxPSIyLjc0IiB4Mj0iNDEuNTciLz4KICAgICAgPGxpbmUgY2xhc3M9ImNscy0xIiB4MT0iMzMuMjgiIHkxPSIyLjc0IiB4Mj0iMzMuMjgiLz4KICAgICAgPGxpbmUgY2xhc3M9ImNscy0xIiB4MT0iMjQuOTkiIHkxPSIyLjc0IiB4Mj0iMjQuOTkiLz4KICAgICAgPGxpbmUgY2xhc3M9ImNscy0xIiB4MT0iMTYuMDgiIHkxPSIyLjc0IiB4Mj0iMTYuMDgiLz4KICAgICAgPGxpbmUgY2xhc3M9ImNscy0xIiB4MT0iNDQuNjMiIHkxPSIxNi45OCIgeDI9IjQ0LjYzIiB5Mj0iMTQuMjQiLz4KICAgICAgPGxpbmUgY2xhc3M9ImNscy0xIiB4MT0iNDkuNDkiIHkxPSIyLjc0IiB4Mj0iNDkuNDkiLz4KICAgICAgPGxpbmUgY2xhc3M9ImNscy00IiB4MT0iNDAuODgiIHkxPSIxNi45OCIgeDI9IjQwLjg4IiB5Mj0iMTQuMjQiLz4KICAgICAgPGxpbmUgY2xhc3M9ImNscy00IiB4MT0iMzIuMzMiIHkxPSIxNi45OCIgeDI9IjMyLjMzIiB5Mj0iMTQuMjQiLz4KICAgICAgPGxpbmUgY2xhc3M9ImNscy00IiB4MT0iMjMuNzkiIHkxPSIxNi45OCIgeDI9IjIzLjc5IiB5Mj0iMTQuMjQiLz4KICAgICAgPGxpbmUgY2xhc3M9ImNscy00IiB4MT0iMjAuNTkiIHkxPSIyLjc0IiB4Mj0iMjAuNTkiLz4KICAgICAgPGxpbmUgY2xhc3M9ImNscy00IiB4MT0iMjkuMTMiIHkxPSIyLjc0IiB4Mj0iMjkuMTMiLz4KICAgICAgPGxpbmUgY2xhc3M9ImNscy00IiB4MT0iMzcuMTYiIHkxPSIyLjc0IiB4Mj0iMzcuMTYiLz4KICAgICAgPGxpbmUgY2xhc3M9ImNscy00IiB4MT0iNDUuNzEiIHkxPSIyLjc0IiB4Mj0iNDUuNzEiLz4KICAgIDwvZz4KICA8L2c+Cjwvc3ZnPg==\" alt=\"S\u0131cakl\u0131k\" width=\"100\" title=\"\"><\/div>\n<div class=\"temp-values\">\n<div>-10\u00b0C \/ +60\u00b0C<\/div>\n<div>-14\u00b0F \/ +140\u00b0F<\/div>\n<\/div>\n<\/div>\n<div class=\"marking-section\">\n<div class=\"detail-row\">\n<div class=\"detail-label\">\u041c\u0430\u0440\u043a\u0438\u0440\u043e\u0432\u043a\u0430<\/div>\n<div class=\"detail-value\">: \u0421\u0442\u0440\u0443\u0439\u043d\u044b\u0439 \u043f\u0440\u0438\u043d\u0442\u0435\u0440 SEL JAWA TWIN<\/div>\n<\/div>\n<\/div>\n<div>\n<table style=\"width: 100%;\" cellspacing=\"0\" cellpadding=\"0\">\n<tbody>\n<tr>\n<td style=\"width: 120px; font-weight: bold;\">\u041d\u043e\u0440\u043c<\/td>\n<td style=\"width: 400px; text-align: left;\">\u0418\u0421\u041e 1307<\/td>\n<td style=\"width: 120px; font-weight: bold;\">\u0426\u0432\u0435\u0442<\/td>\n<td style=\"width: 400px;\">\n<div class=\"color-icons\"><\/div>\n<\/td>\n<\/tr>\n<\/tbody>\n<\/table>\n<\/div>\n<\/div>\n<\/div>","protected":false},"excerpt":{"rendered":"<p>&nbsp; \u00dcr\u00fcn Ad\u0131: JAVA TWIN \u00dcr\u00fcn Kodu: TBK62 \u0130kiz Kaynak Hortumu (Oksijen veya Asetilen) Kullanim Alan\u0131 : Oksijen veya Asetilen ile End\u00fcstriyel Kaynak \u0130\u00e7in Alt Katman : Oksijen ve Asetilen Gazlar\u0131na Dayan\u0131kl\u0131 Siyah D\u00fcz \u00d6zel Termorub Bile\u015fi\u011fi. Takviye Katman\u0131 : Y\u00fcksek Mukavemetli Sentetik Tekstil. \u00dcst Katman : A\u015f\u0131nmaya, Hava Ko\u015fullar\u0131na ve Aleve Dayan\u0131kl\u0131, \u00d6zel Sentetik [&#8230;]\n","protected":false},"featured_media":22032,"comment_status":"open","ping_status":"closed","template":"","meta":{"jetpack_post_was_ever_published":false},"product_brand":[],"product_cat":[2385],"product_tag":[],"class_list":{"0":"post-22034","1":"product","2":"type-product","3":"status-publish","4":"has-post-thumbnail","6":"product_cat-oend","8":"first","9":"instock","10":"taxable","11":"shipping-taxable","12":"product-type-simple"},"jetpack-related-posts":[{"id":22031,"url":"https:\/\/tuzlahortum.com.tr\/ru\/product\/java\/","url_meta":{"origin":22034,"position":0},"title":"JAVA","author":"admin","date":"11 \u0430\u0432\u0433\u0443\u0441\u0442\u0430 2025","format":false,"excerpt":"\u00a0 \u00dcr\u00fcn Ad\u0131: JAVA \u00dcr\u00fcn Kodu: TBK61 Kaynak (Oksijen - Asetilen) Kullanim Alan\u0131 : Oksijen veya asetilen ile end\u00fcstriyel kaynak i\u00e7in. Alt Katman : Oksijen ve Asetilen Gazlar\u0131na Dayan\u0131kl\u0131 Siyah D\u00fcz \u00d6zel Termorub Bile\u015fi\u011fi. Takviye Katman\u0131 : Y\u00fcksek Mukavemetli Sentetik Tekstil. \u00dcst Katman : A\u015f\u0131nmaya, Hava Ko\u015fullar\u0131na ve Aleve Dayan\u0131kl\u0131,\u2026","rel":"","context":"\u041f\u043e\u0445\u043e\u0436\u0430\u044f \u0437\u0430\u043f\u0438\u0441\u044c","block_context":{"text":"\u041f\u043e\u0445\u043e\u0436\u0430\u044f \u0437\u0430\u043f\u0438\u0441\u044c","link":""},"img":{"alt_text":"","src":"https:\/\/i0.wp.com\/tuzlahortum.com.tr\/wp-content\/uploads\/2025\/08\/PVC_103.png?fit=445%2C445&ssl=1&resize=350%2C200","width":350,"height":200},"classes":[]},{"id":21329,"url":"https:\/\/tuzlahortum.com.tr\/ru\/product\/jupiter-twin-en-559\/","url_meta":{"origin":22034,"position":1},"title":"\u042e\u041f\u0418\u0422\u0415\u0420 \u0422\u0412\u0418\u041d-\u042d\u041d 559","author":"admin","date":"11 \u0430\u0432\u0433\u0443\u0441\u0442\u0430 2025","format":false,"excerpt":"\u00a0 \u00dcr\u00fcn Ad\u0131: JUPITER TWIN-EN 559 \u00dcr\u00fcn Kodu: TWH210 Kaynak (Oksijen - Asetilen) Kullanim Alan\u0131 : Oksijen veya asetilen ile end\u00fcstriyel kaynak i\u00e7in. Alt Katman : Oksijen ve asetilene dayan\u0131kl\u0131 siyah p\u00fcr\u00fczs\u00fcz sentetik kau\u00e7uk. Takviye Katman\u0131 : Y\u00fcksek Mukavemetli Sentetik Tekstil. \u00dcst Katman : A\u015f\u0131nmaya, Hava ve Alev Ko\u015fullar\u0131na Dayan\u0131kl\u0131\u2026","rel":"","context":"\u041f\u043e\u0445\u043e\u0436\u0430\u044f \u0437\u0430\u043f\u0438\u0441\u044c","block_context":{"text":"\u041f\u043e\u0445\u043e\u0436\u0430\u044f \u0437\u0430\u043f\u0438\u0441\u044c","link":""},"img":{"alt_text":"","src":"https:\/\/i0.wp.com\/tuzlahortum.com.tr\/wp-content\/uploads\/2026\/04\/jupiter559twin_generated-e1775550445939.png?fit=512%2C512&ssl=1&resize=350%2C200","width":350,"height":200},"classes":[]},{"id":21326,"url":"https:\/\/tuzlahortum.com.tr\/ru\/product\/jupiter-en-559\/","url_meta":{"origin":22034,"position":2},"title":"JUPITER-EN 559","author":"admin","date":"11 \u0430\u0432\u0433\u0443\u0441\u0442\u0430 2025","format":false,"excerpt":"\u00a0 \u00dcr\u00fcn Ad\u0131: JUPITER-EN 559 \u00dcr\u00fcn Kodu: WH210 Kaynak (Oksijen - Asetilen) Kullanim Alan\u0131 : Oksijen veya asetilen ile end\u00fcstriyel kaynak i\u00e7in. Alt Katman : Oksijen ve Asetilene Dayan\u0131kl\u0131 Siyah D\u00fcz Sentetik Kau\u00e7uk. Takviye Katman\u0131 : Y\u00fcksek Mukavemetli Sentetik Tekstil. \u00dcst Katman : A\u015f\u0131nmaya, Hava ve Alev Ko\u015fullar\u0131na Dayan\u0131kl\u0131 \u00d6zel\u2026","rel":"","context":"\u041f\u043e\u0445\u043e\u0436\u0430\u044f \u0437\u0430\u043f\u0438\u0441\u044c","block_context":{"text":"\u041f\u043e\u0445\u043e\u0436\u0430\u044f \u0437\u0430\u043f\u0438\u0441\u044c","link":""},"img":{"alt_text":"","src":"https:\/\/i0.wp.com\/tuzlahortum.com.tr\/wp-content\/uploads\/2026\/04\/jupiter559_generated-e1775540920314.jpg?fit=512%2C512&ssl=1&resize=350%2C200","width":350,"height":200},"classes":[]},{"id":21332,"url":"https:\/\/tuzlahortum.com.tr\/ru\/product\/jupiter-astm-c-542\/","url_meta":{"origin":22034,"position":3},"title":"\u042e\u041f\u0418\u0422\u0415\u0420-\u0410\u0421\u0422\u041c C 542","author":"admin","date":"11 \u0430\u0432\u0433\u0443\u0441\u0442\u0430 2025","format":false,"excerpt":"\u00a0 \u00dcr\u00fcn Ad\u0131: JUPITER-ASTM C 542 \u00dcr\u00fcn Kodu: WHB211 Kaynak (Oksijen - Asetilen) Kullanim Alan\u0131 : Oksijen veya asetilen ile end\u00fcstriyel kaynak i\u00e7in. Alt Katman : Oksijen ve Asetilene Dayan\u0131kl\u0131 Siyah D\u00fcz Sentetik Kau\u00e7uk. Takviye Katman\u0131 : Y\u00fcksek Mukavemetli Sentetik Tekstil. \u00dcst Katman : A\u015f\u0131nmaya, Hava ve Alev Ko\u015fullar\u0131na Dayan\u0131kl\u0131\u2026","rel":"","context":"\u041f\u043e\u0445\u043e\u0436\u0430\u044f \u0437\u0430\u043f\u0438\u0441\u044c","block_context":{"text":"\u041f\u043e\u0445\u043e\u0436\u0430\u044f \u0437\u0430\u043f\u0438\u0441\u044c","link":""},"img":{"alt_text":"","src":"https:\/\/i0.wp.com\/tuzlahortum.com.tr\/wp-content\/uploads\/2025\/08\/jupiterastmc542-p.png?fit=519%2C519&ssl=1&resize=350%2C200","width":350,"height":200},"classes":[]},{"id":936,"url":"https:\/\/tuzlahortum.com.tr\/ru\/product\/thermo-ciftli-oksijen-hortumu\/","url_meta":{"origin":22034,"position":4},"title":"\u0422\u0435\u0440\u043c\u043e \u0434\u0432\u043e\u0439\u043d\u043e\u0439 \u043a\u0438\u0441\u043b\u043e\u0440\u043e\u0434\u043d\u044b\u0439 \u0448\u043b\u0430\u043d\u0433","author":"admin","date":"6 \u0444\u0435\u0432\u0440\u0430\u043b\u044f 2019","format":false,"excerpt":"Thermo \u00c7iftli Oksijen Hortumu OKS\u0130JEN VE ASET\u0130LEN KAYNAK Alt Kat : OKS\u0130JEN VE ASET\u0130LENE DAYANIKLI \u00d6ZEL, S\u0130YAH D\u00dcZ SENTET\u0130K KAU\u00c7UK. Takviye : Y\u00dcKSEK MUKAVEMETL\u0130 SENTET\u0130K TEKST\u0130L. \u00dcst Kat : ALEVE, A\u015eINMAYA VE HER T\u00dcRL\u00dc HAVA \u015eARTLARINA SAYANIKLI \u00d6ZEL SENTET\u0130K KAU\u00c7UK. OKS\u0130JEN \u0130\u00c7\u0130N MAV\u0130, ASET\u0130LEN \u0130\u00c7\u0130N KIRMIZI RENKLERDE. Kullan\u0131m Yeri :\u2026","rel":"","context":"\u041f\u043e\u0445\u043e\u0436\u0430\u044f \u0437\u0430\u043f\u0438\u0441\u044c","block_context":{"text":"\u041f\u043e\u0445\u043e\u0436\u0430\u044f \u0437\u0430\u043f\u0438\u0441\u044c","link":""},"img":{"alt_text":"","src":"https:\/\/i0.wp.com\/tuzlahortum.com.tr\/wp-content\/uploads\/urunler\/plastik\/Sel-Jupiter-Oksijen-Kaynak-Hortumu-C%CC%A7iftli-8-mm.jpg?fit=600%2C600&ssl=1&resize=350%2C200","width":350,"height":200,"srcset":"https:\/\/i0.wp.com\/tuzlahortum.com.tr\/wp-content\/uploads\/urunler\/plastik\/Sel-Jupiter-Oksijen-Kaynak-Hortumu-C%CC%A7iftli-8-mm.jpg?fit=600%2C600&ssl=1&resize=350%2C200 1x, https:\/\/i0.wp.com\/tuzlahortum.com.tr\/wp-content\/uploads\/urunler\/plastik\/Sel-Jupiter-Oksijen-Kaynak-Hortumu-C%CC%A7iftli-8-mm.jpg?fit=600%2C600&ssl=1&resize=525%2C300 1.5x"},"classes":[]},{"id":715,"url":"https:\/\/tuzlahortum.com.tr\/ru\/product\/oksijen-ve-asetilen-hortumlari\/","url_meta":{"origin":22034,"position":5},"title":"\u041a\u0438\u0441\u043b\u043e\u0440\u043e\u0434\u043d\u044b\u0435 \u0438 \u0430\u0446\u0435\u0442\u0438\u043b\u0435\u043d\u043e\u0432\u044b\u0435 \u0448\u043b\u0430\u043d\u0433\u0438","author":"admin","date":"6 \u0444\u0435\u0432\u0440\u0430\u043b\u044f 2019","format":false,"excerpt":"Oksijen ve Asetilen Hortumlar\u0131KULLANIM ALANLARI : End\u00fcstri, tersane, in\u015faat alanlar\u0131 gibi oksijen ve asetilen kayna\u011f\u0131 kullan\u0131lan tum uygulamalarda SERT\u0130F\u0130KALAR : Hortumlar TSE markal\u0131d\u0131r. TS 2411 EN 559 KONTR\u00dcKS\u0130YON Alt : Sentetik alstomer kar\u0131\u015f\u0131m\u0131, siyah, p\u00fcr\u00fczs\u00fcz Takviye : Katlar aras\u0131nda tekstil \u00f6rg\u00fc \u00dcst S\u00fcrt\u00fcnmeye ve iklim \u015fartlar\u0131na dayan\u0131kl\u0131 elastomer kar\u0131\u015f\u0131m\u0131 oksjen\u2026","rel":"","context":"\u041f\u043e\u0445\u043e\u0436\u0430\u044f \u0437\u0430\u043f\u0438\u0441\u044c","block_context":{"text":"\u041f\u043e\u0445\u043e\u0436\u0430\u044f \u0437\u0430\u043f\u0438\u0441\u044c","link":""},"img":{"alt_text":"","src":"https:\/\/i0.wp.com\/tuzlahortum.com.tr\/wp-content\/uploads\/urunler\/kaucuk\/superlas-oksijen-asetilen-hortumu.jpg?fit=360%2C270&ssl=1&resize=350%2C200","width":350,"height":200},"classes":[]}],"jetpack_sharing_enabled":true,"jetpack_likes_enabled":true,"_links":{"self":[{"href":"https:\/\/tuzlahortum.com.tr\/ru\/wp-json\/wp\/v2\/product\/22034","targetHints":{"allow":["GET"]}}],"collection":[{"href":"https:\/\/tuzlahortum.com.tr\/ru\/wp-json\/wp\/v2\/product"}],"about":[{"href":"https:\/\/tuzlahortum.com.tr\/ru\/wp-json\/wp\/v2\/types\/product"}],"replies":[{"embeddable":true,"href":"https:\/\/tuzlahortum.com.tr\/ru\/wp-json\/wp\/v2\/comments?post=22034"}],"wp:featuredmedia":[{"embeddable":true,"href":"https:\/\/tuzlahortum.com.tr\/ru\/wp-json\/wp\/v2\/media\/22032"}],"wp:attachment":[{"href":"https:\/\/tuzlahortum.com.tr\/ru\/wp-json\/wp\/v2\/media?parent=22034"}],"wp:term":[{"taxonomy":"product_brand","embeddable":true,"href":"https:\/\/tuzlahortum.com.tr\/ru\/wp-json\/wp\/v2\/product_brand?post=22034"},{"taxonomy":"product_cat","embeddable":true,"href":"https:\/\/tuzlahortum.com.tr\/ru\/wp-json\/wp\/v2\/product_cat?post=22034"},{"taxonomy":"product_tag","embeddable":true,"href":"https:\/\/tuzlahortum.com.tr\/ru\/wp-json\/wp\/v2\/product_tag?post=22034"}],"curies":[{"name":"wp","href":"https:\/\/api.w.org\/{rel}","templated":true}]}}