{"id":22028,"date":"2025-08-11T12:00:28","date_gmt":"2025-08-11T09:00:28","guid":{"rendered":"https:\/\/tuzlahortum.com.tr\/urun\/ares\/"},"modified":"2025-08-20T15:02:15","modified_gmt":"2025-08-20T12:02:15","slug":"ares","status":"publish","type":"product","link":"https:\/\/tuzlahortum.com.tr\/ru\/product\/ares\/","title":{"rendered":"ARES"},"content":{"rendered":"<p>&nbsp;<\/p>\n<div class=\"report-container\">\n<div class=\"report-header\">\n<div class=\"standard-text\">\u041d\u0430\u0437\u0432\u0430\u043d\u0438\u0435 \u043f\u0440\u043e\u0434\u0443\u043a\u0442\u0430: ARES<\/div>\n<div class=\"standard-text\">\u041a\u043e\u0434 \u0442\u043e\u0432\u0430\u0440\u0430: TBA34<\/div>\n<\/div>\n<div class=\"product-image-container\">\n<div class=\"key-feature\">\u041f\u0423 - \u041f\u0412\u0425 \u0412\u043e\u0437\u0434\u0443\u0445<\/div>\n<\/div>\n<div class=\"horizontal-line\"><\/div>\n<div class=\"product-details\">\n<div class=\"detail-row\">\n<div class=\"detail-label\">\u041e\u0431\u043b\u0430\u0441\u0442\u044c \u0438\u0441\u043f\u043e\u043b\u044c\u0437\u043e\u0432\u0430\u043d\u0438\u044f<\/div>\n<div class=\"detail-value\">: \u0412\u044b\u0441\u043e\u043a\u043e\u044d\u0444\u0444\u0435\u043a\u0442\u0438\u0432\u043d\u0430\u044f \u043f\u0435\u0440\u0435\u0434\u0430\u0447\u0430 \u0432\u043e\u0437\u0434\u0443\u0445\u0430, \u043c\u0430\u0441\u0435\u043b \u0438 \u043b\u0435\u0433\u043a\u0438\u0445 \u0445\u0438\u043c\u0438\u0447\u0435\u0441\u043a\u0438\u0445 \u0432\u0435\u0449\u0435\u0441\u0442\u0432.<\/div>\n<\/div>\n<div class=\"detail-row\">\n<div class=\"detail-label\">\u041d\u0438\u0436\u043d\u0438\u0439 \u0441\u043b\u043e\u0439<\/div>\n<div class=\"detail-value\">: \u0427\u0435\u0440\u043d\u0430\u044f \u043f\u043e\u043b\u0438\u0443\u0440\u0435\u0442\u0430\u043d\u043e\u0432\u0430\u044f \u0441\u043c\u0435\u0441\u044c.<\/div>\n<\/div>\n<div class=\"detail-row\">\n<div class=\"detail-label\">\u0423\u0441\u0438\u043b\u0438\u0432\u0430\u044e\u0449\u0438\u0439 \u0441\u043b\u043e\u0439<\/div>\n<div class=\"detail-value\">: \u0412\u044b\u0441\u043e\u043a\u043e\u043f\u0440\u043e\u0447\u043d\u044b\u0439 \u0441\u0438\u043d\u0442\u0435\u0442\u0438\u0447\u0435\u0441\u043a\u0438\u0439 \u0442\u0435\u043a\u0441\u0442\u0438\u043b\u044c.<\/div>\n<\/div>\n<div class=\"detail-row\">\n<div class=\"detail-label\">\u0412\u0435\u0440\u0445\u043d\u0438\u0439 \u0441\u043b\u043e\u0439<\/div>\n<div class=\"detail-value\">: \u0423\u0441\u0442\u043e\u0439\u0447\u0438\u0432\u044b\u0439 \u043a \u0438\u0441\u0442\u0438\u0440\u0430\u043d\u0438\u044e \u0438 \u043f\u043e\u0433\u043e\u0434\u043d\u044b\u043c \u0443\u0441\u043b\u043e\u0432\u0438\u044f\u043c \u0441\u043e\u0441\u0442\u0430\u0432 \u041f\u0412\u0425.<\/div>\n<\/div>\n<\/div>\n<div class=\"datasheet_table\"><img decoding=\"async\" class=\"alignnone size-full\" src=\"https:\/\/tuzlahortum.com.tr\/wp-content\/uploads\/2025\/08\/datasheet525.svg\" alt=\"\" title=\"\"><\/div>\n<div class=\"table-notes\"><\/div>\n<div class=\"horizontal-line\"><\/div>\n<div class=\"footer\">\n<div class=\"standards-section\">\n<div class=\"standard-item\" style=\"margin-top: 9px;\"><\/div>\n<div class=\"standard-info\"><\/div>\n<\/div>\n<div class=\"temperature-section\">\n<div class=\"temp-icon\"><img decoding=\"async\" src=\"data:image\/svg+xml;base64,PD94bWwgdmVyc2lvbj0iMS4wIiBlbmNvZGluZz0iVVRGLTgiPz4KPHN2ZyBpZD0ia2F0bWFuXzIiIGRhdGEtbmFtZT0ia2F0bWFuIDIiIHhtbG5zPSJodHRwOi8vd3d3LnczLm9yZy8yMDAwL3N2ZyIgdmlld0JveD0iMCAwIDcyLjI3IDE2Ljk4Ij4KICA8ZGVmcz4KICAgIDxzdHlsZT4KICAgICAgLmNscy0xIHsKICAgICAgICBzdHJva2Utd2lkdGg6IC41OXB4OwogICAgICB9CgogICAgICAuY2xzLTEsIC5jbHMtMiwgLmNscy0zLCAuY2xzLTQgewogICAgICAgIGZpbGw6IG5vbmU7CiAgICAgICAgc3Ryb2tlLW1pdGVybGltaXQ6IDMuODY7CiAgICAgIH0KCiAgICAgIC5jbHMtMSwgLmNscy0zLCAuY2xzLTQgewogICAgICAgIHN0cm9rZTogI2E3YTlhYjsKICAgICAgfQoKICAgICAgLmNscy01IHsKICAgICAgICBmaWxsOiAjYTdhOWFiOwogICAgICB9CgogICAgICAuY2xzLTIgewogICAgICAgIHN0cm9rZTogI2ZmZjsKICAgICAgfQoKICAgICAgLmNscy0zIHsKICAgICAgICBzdHJva2Utd2lkdGg6IDIuMDZweDsKICAgICAgfQoKICAgICAgLmNscy00IHsKICAgICAgICBzdHJva2Utd2lkdGg6IC4ycHg7CiAgICAgIH0KICAgIDwvc3R5bGU+CiAgPC9kZWZzPgogIDxnIGlkPSJrYXRtYW5fMSIgZGF0YS1uYW1lPSJrYXRtYW4gMSI+CiAgICA8Zz4KICAgICAgPHBhdGggY2xhc3M9ImNscy0zIiBkPSJNMTEuMzQsMTEuNTdjLS45NCwxLjcxLTIuNzEsMi42Ni00LjgsMi42Ni0zLjA1LDAtNS41MS0yLjQ3LTUuNTEtNS41MlMzLjUsMy4xOSw2LjU1LDMuMTljMS45NCwwLDMuNjUsMSw0LjYzLDIuNTIiLz4KICAgICAgPGNpcmNsZSBjbGFzcz0iY2xzLTUiIGN4PSI2LjU1IiBjeT0iOC42NiIgcj0iMi40Ii8+CiAgICAgIDxjaXJjbGUgY2xhc3M9ImNscy0yIiBjeD0iNi41NSIgY3k9IjguNjYiIHI9IjIuNCIvPgogICAgICA8bGluZSBjbGFzcz0iY2xzLTMiIHgxPSI2OC4zNCIgeTE9IjExLjc2IiB4Mj0iOS45MiIgeTI9IjExLjc2Ii8+CiAgICAgIDxsaW5lIGNsYXNzPSJjbHMtMyIgeDE9IjY4Ljc4IiB5MT0iNS41MSIgeDI9IjkuNzMiIHkyPSI1LjUxIi8+CiAgICAgIDxsaW5lIGNsYXNzPSJjbHMtMyIgeDE9IjU0LjA3IiB5MT0iOC43NSIgeDI9IjguNjQiIHkyPSI4Ljc1Ii8+CiAgICAgIDxwYXRoIGNsYXNzPSJjbHMtMyIgZD0iTTY4LjE1LDUuNTVjMS43MSwwLDMuMDksMS4zOSwzLjA5LDMuMDlzLTEuOTIsMy4wNi0zLjYyLDMuMDYiLz4KICAgICAgPHBhdGggY2xhc3M9ImNscy01IiBkPSJNNTMuOTEsOC43NWMwLS4xNC4xMi0uMjYuMjYtLjI2cy4yNy4xMi4yNy4yNi0uMTIuMjctLjI3LjI3LS4yNi0uMTItLjI2LS4yN1oiLz4KICAgICAgPHBhdGggY2xhc3M9ImNscy0zIiBkPSJNNTMuOTEsOC43NWMwLS4xNC4xMi0uMjYuMjYtLjI2cy4yNy4xMi4yNy4yNi0uMTIuMjctLjI3LjI3LS4yNi0uMTItLjI2LS4yN1oiLz4KICAgICAgPGxpbmUgY2xhc3M9ImNscy0xIiB4MT0iMzYuNDMiIHkxPSIxNi45OCIgeDI9IjM2LjQzIiB5Mj0iMTQuMjQiLz4KICAgICAgPGxpbmUgY2xhc3M9ImNscy0xIiB4MT0iMjguMDUiIHkxPSIxNi45OCIgeDI9IjI4LjA1IiB5Mj0iMTQuMjQiLz4KICAgICAgPGxpbmUgY2xhc3M9ImNscy0xIiB4MT0iMTkuNTkiIHkxPSIxNi45OCIgeDI9IjE5LjU5IiB5Mj0iMTQuMjQiLz4KICAgICAgPGxpbmUgY2xhc3M9ImNscy0xIiB4MT0iNDEuNTciIHkxPSIyLjc0IiB4Mj0iNDEuNTciLz4KICAgICAgPGxpbmUgY2xhc3M9ImNscy0xIiB4MT0iMzMuMjgiIHkxPSIyLjc0IiB4Mj0iMzMuMjgiLz4KICAgICAgPGxpbmUgY2xhc3M9ImNscy0xIiB4MT0iMjQuOTkiIHkxPSIyLjc0IiB4Mj0iMjQuOTkiLz4KICAgICAgPGxpbmUgY2xhc3M9ImNscy0xIiB4MT0iMTYuMDgiIHkxPSIyLjc0IiB4Mj0iMTYuMDgiLz4KICAgICAgPGxpbmUgY2xhc3M9ImNscy0xIiB4MT0iNDQuNjMiIHkxPSIxNi45OCIgeDI9IjQ0LjYzIiB5Mj0iMTQuMjQiLz4KICAgICAgPGxpbmUgY2xhc3M9ImNscy0xIiB4MT0iNDkuNDkiIHkxPSIyLjc0IiB4Mj0iNDkuNDkiLz4KICAgICAgPGxpbmUgY2xhc3M9ImNscy00IiB4MT0iNDAuODgiIHkxPSIxNi45OCIgeDI9IjQwLjg4IiB5Mj0iMTQuMjQiLz4KICAgICAgPGxpbmUgY2xhc3M9ImNscy00IiB4MT0iMzIuMzMiIHkxPSIxNi45OCIgeDI9IjMyLjMzIiB5Mj0iMTQuMjQiLz4KICAgICAgPGxpbmUgY2xhc3M9ImNscy00IiB4MT0iMjMuNzkiIHkxPSIxNi45OCIgeDI9IjIzLjc5IiB5Mj0iMTQuMjQiLz4KICAgICAgPGxpbmUgY2xhc3M9ImNscy00IiB4MT0iMjAuNTkiIHkxPSIyLjc0IiB4Mj0iMjAuNTkiLz4KICAgICAgPGxpbmUgY2xhc3M9ImNscy00IiB4MT0iMjkuMTMiIHkxPSIyLjc0IiB4Mj0iMjkuMTMiLz4KICAgICAgPGxpbmUgY2xhc3M9ImNscy00IiB4MT0iMzcuMTYiIHkxPSIyLjc0IiB4Mj0iMzcuMTYiLz4KICAgICAgPGxpbmUgY2xhc3M9ImNscy00IiB4MT0iNDUuNzEiIHkxPSIyLjc0IiB4Mj0iNDUuNzEiLz4KICAgIDwvZz4KICA8L2c+Cjwvc3ZnPg==\" alt=\"S\u0131cakl\u0131k\" width=\"100\" title=\"\"><\/div>\n<div class=\"temp-values\">\n<div>-10\u00b0C \/ +60\u00b0C<\/div>\n<div>-14\u00b0F \/ +140\u00b0F<\/div>\n<\/div>\n<\/div>\n<div class=\"marking-section\">\n<div class=\"detail-row\">\n<div class=\"detail-label\">\u041c\u0430\u0440\u043a\u0438\u0440\u043e\u0432\u043a\u0430<\/div>\n<div class=\"detail-value\">: \u0421\u0442\u0440\u0443\u0439\u043d\u044b\u0439 SEL ARES<\/div>\n<\/div>\n<\/div>\n<div>\n<table style=\"width: 100%;\" cellspacing=\"0\" cellpadding=\"0\">\n<tbody>\n<tr>\n<td style=\"width: 120px; font-weight: bold;\">\u041d\u043e\u0440\u043c<\/td>\n<td style=\"width: 400px; text-align: left;\">\u0418\u0421\u041e 1307<\/td>\n<td style=\"width: 120px; font-weight: bold;\">\u0426\u0432\u0435\u0442<\/td>\n<td style=\"width: 400px;\">\n<div class=\"color-icons\"><\/div>\n<\/td>\n<\/tr>\n<\/tbody>\n<\/table>\n<\/div>\n<\/div>\n<\/div>","protected":false},"excerpt":{"rendered":"<p>&nbsp; \u00dcr\u00fcn Ad\u0131: ARES \u00dcr\u00fcn Kodu: TBA34 PU &#8211; PVC Hava Kullanim Alan\u0131 : Hava, ya\u011flar ve hafif kimyasallar\u0131n y\u00fcksek performansl\u0131 transferi. Alt Katman : Siyah PU Bile\u015fi\u011fi. Takviye Katman\u0131 : Y\u00fcksek Mukavemetli Sentetik Tekstil. \u00dcst Katman : A\u015f\u0131nmaya ve Hava Ko\u015fullar\u0131na Dayan\u0131kl\u0131 PVC Bile\u015fimi. -10\u00b0C \/ +60\u00b0C -14\u00b0F \/ +140\u00b0F Markalama : M\u00fcrekkep P\u00fcsk\u00fcrtmeli [&#8230;]\n","protected":false},"featured_media":22026,"comment_status":"open","ping_status":"closed","template":"","meta":{"jetpack_post_was_ever_published":false},"product_brand":[],"product_cat":[2385],"product_tag":[],"class_list":{"0":"post-22028","1":"product","2":"type-product","3":"status-publish","4":"has-post-thumbnail","6":"product_cat-oend","8":"first","9":"instock","10":"taxable","11":"shipping-taxable","12":"product-type-simple"},"jetpack-related-posts":[{"id":21893,"url":"https:\/\/tuzlahortum.com.tr\/ru\/product\/urartu-pu-ld\/","url_meta":{"origin":22028,"position":0},"title":"\u0423\u0420\u0410\u0420\u0422\u0423 \u041f\u0423-\u041b\u0414","author":"admin","date":"11 \u0430\u0432\u0433\u0443\u0441\u0442\u0430 2025","format":false,"excerpt":"\u00a0 \u00dcr\u00fcn Ad\u0131: URARTU PU-LD \u00dcr\u00fcn Kodu: TSV64 Hafif Hizmet Hava Al\u0131c\u0131\/Verici Kullanim Alan\u0131 : End\u00fcstriyel Havaland\u0131rma ve Hava Ak\u0131\u015f\u0131 Sistemleri; Toz, Hava, Gazlar, Tozlar vb. Emme. Alt Katman : Ester Tabanl\u0131 PU. Takviye Katman\u0131 : Darbeye Dayan\u0131kl\u0131 PVC Spiral. \u00dcst Katman : Ezilmeye, Kimyasal Maddelere, A\u015f\u0131nmaya ve Hava Ko\u015fullar\u0131na\u2026","rel":"","context":"\u041f\u043e\u0445\u043e\u0436\u0430\u044f \u0437\u0430\u043f\u0438\u0441\u044c","block_context":{"text":"\u041f\u043e\u0445\u043e\u0436\u0430\u044f \u0437\u0430\u043f\u0438\u0441\u044c","link":""},"img":{"alt_text":"","src":"https:\/\/i0.wp.com\/tuzlahortum.com.tr\/wp-content\/uploads\/2025\/08\/PVC_52.png?fit=441%2C441&ssl=1&resize=350%2C200","width":350,"height":200},"classes":[]},{"id":21896,"url":"https:\/\/tuzlahortum.com.tr\/ru\/product\/urartu-pu-st\/","url_meta":{"origin":22028,"position":1},"title":"\u0423\u0420\u0410\u0420\u0422\u0423 \u041f\u0423-\u0421\u0422","author":"admin","date":"11 \u0430\u0432\u0433\u0443\u0441\u0442\u0430 2025","format":false,"excerpt":"\u00a0 \u00dcr\u00fcn Ad\u0131: URARTU PU-ST \u00dcr\u00fcn Kodu: TSV65 Standart Hizmet A\u015f\u0131nmaya Dayan\u0131kl\u0131 Havaland\u0131rma Kullanim Alan\u0131 : End\u00fcstriyel Havaland\u0131rma ve Hava Ak\u0131\u015f\u0131 Sistemleri; Toz, Hava, Gazlar, Tozlar vb. Emme. Alt Katman : Ester Tabanl\u0131 PU. Takviye Katman\u0131 : Darbeye Dayan\u0131kl\u0131 PVC Spiral. \u00dcst Katman : Ezilmeye, Kimyasal Maddelere, A\u015f\u0131nmaya ve Hava\u2026","rel":"","context":"\u041f\u043e\u0445\u043e\u0436\u0430\u044f \u0437\u0430\u043f\u0438\u0441\u044c","block_context":{"text":"\u041f\u043e\u0445\u043e\u0436\u0430\u044f \u0437\u0430\u043f\u0438\u0441\u044c","link":""},"img":{"alt_text":"","src":"https:\/\/i0.wp.com\/tuzlahortum.com.tr\/wp-content\/uploads\/2025\/08\/PVC_53.png?fit=442%2C442&ssl=1&resize=350%2C200","width":350,"height":200},"classes":[]},{"id":21434,"url":"https:\/\/tuzlahortum.com.tr\/ru\/product\/lymra-hd-pu\/","url_meta":{"origin":22028,"position":2},"title":"LYMRA HD-PU","author":"admin","date":"11 \u0430\u0432\u0433\u0443\u0441\u0442\u0430 2025","format":false,"excerpt":"\u00a0 \u00dcr\u00fcn Ad\u0131: LYMRA HD-PU \u00dcr\u00fcn Kodu: TSA80 A\u011f\u0131r Hizmet Anti-A\u015f\u0131nd\u0131r\u0131c\u0131 Al\u0131c\u0131 ve Verici PU KAPLAMA Kullanim Alan\u0131 : End\u00fcstriyel ve in\u015faat uygulamalar\u0131nda su, bulama\u00e7, toz ve \u00e7ak\u0131l gibi malzemelerin a\u011f\u0131r hizmet tipi emi\u015f ve transferi i\u00e7in kullan\u0131l\u0131r. A\u015f\u0131nd\u0131r\u0131c\u0131 uygulamalara kar\u015f\u0131 m\u00fckemmel diren\u00e7 g\u00f6sterir. Takviye Katman\u0131 : G\u00fc\u00e7l\u00fc, Esnek Plastikle\u015ftirilmi\u015f\u2026","rel":"","context":"\u041f\u043e\u0445\u043e\u0436\u0430\u044f \u0437\u0430\u043f\u0438\u0441\u044c","block_context":{"text":"\u041f\u043e\u0445\u043e\u0436\u0430\u044f \u0437\u0430\u043f\u0438\u0441\u044c","link":""},"img":{"alt_text":"","src":"https:\/\/i0.wp.com\/tuzlahortum.com.tr\/wp-content\/uploads\/2025\/08\/lymrahdpu-p.png?fit=490%2C490&ssl=1&resize=350%2C200","width":350,"height":200},"classes":[]},{"id":21869,"url":"https:\/\/tuzlahortum.com.tr\/ru\/product\/artemis-ld\/","url_meta":{"origin":22028,"position":3},"title":"ARTEMIS LD","author":"admin","date":"11 \u0430\u0432\u0433\u0443\u0441\u0442\u0430 2025","format":false,"excerpt":"\u00a0 \u00dcr\u00fcn Ad\u0131: ARTEMIS LD \u00dcr\u00fcn Kodu: TSA14 Hafif Hizmet A\u015f\u0131nmaya Dayan\u0131kl\u0131 Al\u0131c\u0131\/Verici Kullanim Alan\u0131 : Su, hafif kimyasallar, tar\u0131m, end\u00fcstriyel uygulamalar ve in\u015faatlarda hafif hizmet teslimat\u0131 i\u00e7in. \u00d6zellikle so\u011fuk iklimlerde kullan\u0131m i\u00e7in uygundur. Alt Katman : G\u00fc\u00e7l\u00fc, Esnek ve P\u00fcr\u00fczs\u00fcz \u00d6zel S\u00fcperelastik Malzeme, \u0130\u00e7 Katmanda A\u015f\u0131nmaya Dayan\u0131kl\u0131 PU, Darbeye\u2026","rel":"","context":"\u041f\u043e\u0445\u043e\u0436\u0430\u044f \u0437\u0430\u043f\u0438\u0441\u044c","block_context":{"text":"\u041f\u043e\u0445\u043e\u0436\u0430\u044f \u0437\u0430\u043f\u0438\u0441\u044c","link":""},"img":{"alt_text":"","src":"https:\/\/i0.wp.com\/tuzlahortum.com.tr\/wp-content\/uploads\/2025\/08\/PVC_42.png?fit=446%2C446&ssl=1&resize=350%2C200","width":350,"height":200},"classes":[]},{"id":21872,"url":"https:\/\/tuzlahortum.com.tr\/ru\/product\/artemis-st\/","url_meta":{"origin":22028,"position":4},"title":"\u0410\u0420\u0422\u0415\u041c\u0418\u0421 \u0421\u0422","author":"admin","date":"11 \u0430\u0432\u0433\u0443\u0441\u0442\u0430 2025","format":false,"excerpt":"\u00a0 \u00dcr\u00fcn Ad\u0131: ARTEMIS ST \u00dcr\u00fcn Kodu: TSA13 Standart Hizmet A\u015f\u0131nmaya Dayan\u0131kl\u0131 Emme ve Basma Kullanim Alan\u0131 : Su, hafif kimyasallar, tar\u0131m, end\u00fcstriyel uygulamalar ve in\u015faatlarda hafif hizmet teslimat\u0131 i\u00e7in uygundur. \u00d6zellikle so\u011fuk iklimlerde kullan\u0131m i\u00e7in tasarlanm\u0131\u015ft\u0131r. Alt Katman : A\u015f\u0131nmaya dayan\u0131kl\u0131 PU i\u00e7 katmana sahip, g\u00fc\u00e7l\u00fc, esnek ve p\u00fcr\u00fczs\u00fcz\u2026","rel":"","context":"\u041f\u043e\u0445\u043e\u0436\u0430\u044f \u0437\u0430\u043f\u0438\u0441\u044c","block_context":{"text":"\u041f\u043e\u0445\u043e\u0436\u0430\u044f \u0437\u0430\u043f\u0438\u0441\u044c","link":""},"img":{"alt_text":"","src":"https:\/\/i0.wp.com\/tuzlahortum.com.tr\/wp-content\/uploads\/2025\/08\/PVC_43.png?fit=455%2C455&ssl=1&resize=350%2C200","width":350,"height":200},"classes":[]},{"id":21962,"url":"https:\/\/tuzlahortum.com.tr\/ru\/product\/hermes\/","url_meta":{"origin":22028,"position":5},"title":"\u0413\u0415\u0420\u041c\u0415\u0421","author":"admin","date":"11 \u0430\u0432\u0433\u0443\u0441\u0442\u0430 2025","format":false,"excerpt":"\u00a0 \u00dcr\u00fcn Ad\u0131: HERMES \u00dcr\u00fcn Kodu: TBW13 PVC \u00d6rg\u00fcl\u00fc \u015eeffaf Kullanim Alan\u0131 : Bah\u00e7ecilik, Sulama ve Genel Su Tahliyesi. Alt Katman : \u015eeffaf Plastikle\u015ftirilmi\u015f PVC. Takviye Katman\u0131 : Y\u00fcksek Mukavemetli Sentetik Tekstil. \u00dcst Katman : A\u015f\u0131nmaya, Ozona ve Hava Ko\u015fullar\u0131na Dayan\u0131kl\u0131 \u015eeffaf PVC. -5\u00b0C \/ +60\u00b0C -23\u00b0F \/ +140\u00b0F Markalama\u2026","rel":"","context":"\u041f\u043e\u0445\u043e\u0436\u0430\u044f \u0437\u0430\u043f\u0438\u0441\u044c","block_context":{"text":"\u041f\u043e\u0445\u043e\u0436\u0430\u044f \u0437\u0430\u043f\u0438\u0441\u044c","link":""},"img":{"alt_text":"","src":"https:\/\/i0.wp.com\/tuzlahortum.com.tr\/wp-content\/uploads\/2025\/08\/PVC_80.png?fit=445%2C445&ssl=1&resize=350%2C200","width":350,"height":200},"classes":[]}],"jetpack_sharing_enabled":true,"jetpack_likes_enabled":true,"_links":{"self":[{"href":"https:\/\/tuzlahortum.com.tr\/ru\/wp-json\/wp\/v2\/product\/22028","targetHints":{"allow":["GET"]}}],"collection":[{"href":"https:\/\/tuzlahortum.com.tr\/ru\/wp-json\/wp\/v2\/product"}],"about":[{"href":"https:\/\/tuzlahortum.com.tr\/ru\/wp-json\/wp\/v2\/types\/product"}],"replies":[{"embeddable":true,"href":"https:\/\/tuzlahortum.com.tr\/ru\/wp-json\/wp\/v2\/comments?post=22028"}],"wp:featuredmedia":[{"embeddable":true,"href":"https:\/\/tuzlahortum.com.tr\/ru\/wp-json\/wp\/v2\/media\/22026"}],"wp:attachment":[{"href":"https:\/\/tuzlahortum.com.tr\/ru\/wp-json\/wp\/v2\/media?parent=22028"}],"wp:term":[{"taxonomy":"product_brand","embeddable":true,"href":"https:\/\/tuzlahortum.com.tr\/ru\/wp-json\/wp\/v2\/product_brand?post=22028"},{"taxonomy":"product_cat","embeddable":true,"href":"https:\/\/tuzlahortum.com.tr\/ru\/wp-json\/wp\/v2\/product_cat?post=22028"},{"taxonomy":"product_tag","embeddable":true,"href":"https:\/\/tuzlahortum.com.tr\/ru\/wp-json\/wp\/v2\/product_tag?post=22028"}],"curies":[{"name":"wp","href":"https:\/\/api.w.org\/{rel}","templated":true}]}}