{"id":21947,"date":"2025-08-11T11:52:26","date_gmt":"2025-08-11T08:52:26","guid":{"rendered":"https:\/\/tuzlahortum.com.tr\/urun\/tyana-mine-10-bar-145-psi\/"},"modified":"2025-08-20T15:06:34","modified_gmt":"2025-08-20T12:06:34","slug":"tyana-mine-10-bar-145-psi","status":"publish","type":"product","link":"https:\/\/tuzlahortum.com.tr\/ru\/product\/tyana-mine-10-bar-145-psi\/","title":{"rendered":"\u0422\u0418\u0410\u041d\u0410 - \u0428\u0410\u0425\u0422\u0410 10 \u0411\u0410\u0420-145 \u0424\u0423\u041d\u0422\u041e\u0412 \u041d\u0410 \u041a\u0412. \u0414\u042e\u0419\u041c"},"content":{"rendered":"<p>&nbsp;<\/p>\n<div class=\"report-container\">\n<div class=\"report-header\">\n<div class=\"standard-text\">\u041d\u0430\u0438\u043c\u0435\u043d\u043e\u0432\u0430\u043d\u0438\u0435: TYANA - MINE 10 BAR-145 PSI<\/div>\n<div class=\"standard-text\">\u041a\u043e\u0434 \u0442\u043e\u0432\u0430\u0440\u0430: T13F<\/div>\n<\/div>\n<div class=\"product-image-container\">\n<div class=\"key-feature\">\u041e\u0433\u043d\u0435\u0441\u0442\u043e\u0439\u043a\u0438\u0439 \u043f\u043b\u043e\u0441\u043a\u0438\u0439 \u043f\u0440\u0435\u0441\u0441 MSHA IC-261\/0<\/div>\n<\/div>\n<div class=\"horizontal-line\"><\/div>\n<div class=\"product-details\">\n<div class=\"detail-row\">\n<div class=\"detail-label\">\u041e\u0431\u043b\u0430\u0441\u0442\u044c \u0438\u0441\u043f\u043e\u043b\u044c\u0437\u043e\u0432\u0430\u043d\u0438\u044f<\/div>\n<div class=\"detail-value\">: \u041e\u0433\u043d\u0435\u0441\u0442\u043e\u0439\u043a\u0438\u0439 \u0448\u043b\u0430\u043d\u0433 \u0434\u043b\u044f \u0441\u0431\u0440\u043e\u0441\u0430 \u0432\u043e\u0434\u044b \u0432 \u0448\u0430\u0445\u0442\u0430\u0445, \u043a\u0430\u0440\u044c\u0435\u0440\u0430\u0445 \u0438 \u0442.\u0434.<\/div>\n<\/div>\n<div class=\"detail-row\">\n<div class=\"detail-label\">\u041d\u0438\u0436\u043d\u0438\u0439 \u0441\u043b\u043e\u0439<\/div>\n<div class=\"detail-value\">: \u041e\u0433\u043d\u0435\u0441\u0442\u043e\u0439\u043a\u043e\u0435 \u043f\u043e\u043a\u0440\u044b\u0442\u0438\u0435 \u0438\u0437 \u041f\u0412\u0425\/NBR.<\/div>\n<\/div>\n<div class=\"detail-row\">\n<div class=\"detail-label\">\u0423\u0441\u0438\u043b\u0438\u0432\u0430\u044e\u0449\u0438\u0439 \u0441\u043b\u043e\u0439<\/div>\n<div class=\"detail-value\">: \u0412\u044b\u0441\u043e\u043a\u043e\u043f\u0440\u043e\u0447\u043d\u044b\u0439 \u0441\u0438\u043d\u0442\u0435\u0442\u0438\u0447\u0435\u0441\u043a\u0438\u0439 \u0442\u0435\u043a\u0441\u0442\u0438\u043b\u044c.<\/div>\n<\/div>\n<div class=\"detail-row\">\n<div class=\"detail-label\">\u0412\u0435\u0440\u0445\u043d\u0438\u0439 \u0441\u043b\u043e\u0439<\/div>\n<div class=\"detail-value\">: \u0412\u043d\u0435\u0448\u043d\u0435\u0435 \u043f\u043e\u043a\u0440\u044b\u0442\u0438\u0435 \u0438\u0437 \u041f\u0412\u0425, \u0443\u0441\u0442\u043e\u0439\u0447\u0438\u0432\u043e\u0435 \u043a \u0432\u043e\u0437\u0434\u0435\u0439\u0441\u0442\u0432\u0438\u044e \u043c\u044f\u0433\u043a\u0438\u0445 \u0445\u0438\u043c\u0438\u0447\u0435\u0441\u043a\u0438\u0445 \u0432\u0435\u0449\u0435\u0441\u0442\u0432, \u043f\u043e\u0433\u043e\u0434\u043d\u044b\u0445 \u0443\u0441\u043b\u043e\u0432\u0438\u0439 \u0438 \u043f\u043b\u0430\u043c\u0435\u043d\u0438.<\/div>\n<\/div>\n<\/div>\n<div class=\"datasheet_table\"><img decoding=\"async\" class=\"alignnone size-full\" src=\"https:\/\/tuzlahortum.com.tr\/wp-content\/uploads\/2025\/08\/datasheet474.svg\" alt=\"\" title=\"\"><\/div>\n<div class=\"table-notes\"><\/div>\n<div class=\"horizontal-line\"><\/div>\n<div class=\"footer\">\n<div class=\"standards-section\">\n<div class=\"standard-item\" style=\"margin-top: 9px;\"><\/div>\n<div class=\"standard-info\"><\/div>\n<\/div>\n<div class=\"temperature-section\">\n<div class=\"temp-icon\"><img decoding=\"async\" src=\"data:image\/svg+xml;base64,PD94bWwgdmVyc2lvbj0iMS4wIiBlbmNvZGluZz0iVVRGLTgiPz4KPHN2ZyBpZD0ia2F0bWFuXzIiIGRhdGEtbmFtZT0ia2F0bWFuIDIiIHhtbG5zPSJodHRwOi8vd3d3LnczLm9yZy8yMDAwL3N2ZyIgdmlld0JveD0iMCAwIDcyLjI3IDE2Ljk4Ij4KICA8ZGVmcz4KICAgIDxzdHlsZT4KICAgICAgLmNscy0xIHsKICAgICAgICBzdHJva2Utd2lkdGg6IC41OXB4OwogICAgICB9CgogICAgICAuY2xzLTEsIC5jbHMtMiwgLmNscy0zLCAuY2xzLTQgewogICAgICAgIGZpbGw6IG5vbmU7CiAgICAgICAgc3Ryb2tlLW1pdGVybGltaXQ6IDMuODY7CiAgICAgIH0KCiAgICAgIC5jbHMtMSwgLmNscy0zLCAuY2xzLTQgewogICAgICAgIHN0cm9rZTogI2E3YTlhYjsKICAgICAgfQoKICAgICAgLmNscy01IHsKICAgICAgICBmaWxsOiAjYTdhOWFiOwogICAgICB9CgogICAgICAuY2xzLTIgewogICAgICAgIHN0cm9rZTogI2ZmZjsKICAgICAgfQoKICAgICAgLmNscy0zIHsKICAgICAgICBzdHJva2Utd2lkdGg6IDIuMDZweDsKICAgICAgfQoKICAgICAgLmNscy00IHsKICAgICAgICBzdHJva2Utd2lkdGg6IC4ycHg7CiAgICAgIH0KICAgIDwvc3R5bGU+CiAgPC9kZWZzPgogIDxnIGlkPSJrYXRtYW5fMSIgZGF0YS1uYW1lPSJrYXRtYW4gMSI+CiAgICA8Zz4KICAgICAgPHBhdGggY2xhc3M9ImNscy0zIiBkPSJNMTEuMzQsMTEuNTdjLS45NCwxLjcxLTIuNzEsMi42Ni00LjgsMi42Ni0zLjA1LDAtNS41MS0yLjQ3LTUuNTEtNS41MlMzLjUsMy4xOSw2LjU1LDMuMTljMS45NCwwLDMuNjUsMSw0LjYzLDIuNTIiLz4KICAgICAgPGNpcmNsZSBjbGFzcz0iY2xzLTUiIGN4PSI2LjU1IiBjeT0iOC42NiIgcj0iMi40Ii8+CiAgICAgIDxjaXJjbGUgY2xhc3M9ImNscy0yIiBjeD0iNi41NSIgY3k9IjguNjYiIHI9IjIuNCIvPgogICAgICA8bGluZSBjbGFzcz0iY2xzLTMiIHgxPSI2OC4zNCIgeTE9IjExLjc2IiB4Mj0iOS45MiIgeTI9IjExLjc2Ii8+CiAgICAgIDxsaW5lIGNsYXNzPSJjbHMtMyIgeDE9IjY4Ljc4IiB5MT0iNS41MSIgeDI9IjkuNzMiIHkyPSI1LjUxIi8+CiAgICAgIDxsaW5lIGNsYXNzPSJjbHMtMyIgeDE9IjU0LjA3IiB5MT0iOC43NSIgeDI9IjguNjQiIHkyPSI4Ljc1Ii8+CiAgICAgIDxwYXRoIGNsYXNzPSJjbHMtMyIgZD0iTTY4LjE1LDUuNTVjMS43MSwwLDMuMDksMS4zOSwzLjA5LDMuMDlzLTEuOTIsMy4wNi0zLjYyLDMuMDYiLz4KICAgICAgPHBhdGggY2xhc3M9ImNscy01IiBkPSJNNTMuOTEsOC43NWMwLS4xNC4xMi0uMjYuMjYtLjI2cy4yNy4xMi4yNy4yNi0uMTIuMjctLjI3LjI3LS4yNi0uMTItLjI2LS4yN1oiLz4KICAgICAgPHBhdGggY2xhc3M9ImNscy0zIiBkPSJNNTMuOTEsOC43NWMwLS4xNC4xMi0uMjYuMjYtLjI2cy4yNy4xMi4yNy4yNi0uMTIuMjctLjI3LjI3LS4yNi0uMTItLjI2LS4yN1oiLz4KICAgICAgPGxpbmUgY2xhc3M9ImNscy0xIiB4MT0iMzYuNDMiIHkxPSIxNi45OCIgeDI9IjM2LjQzIiB5Mj0iMTQuMjQiLz4KICAgICAgPGxpbmUgY2xhc3M9ImNscy0xIiB4MT0iMjguMDUiIHkxPSIxNi45OCIgeDI9IjI4LjA1IiB5Mj0iMTQuMjQiLz4KICAgICAgPGxpbmUgY2xhc3M9ImNscy0xIiB4MT0iMTkuNTkiIHkxPSIxNi45OCIgeDI9IjE5LjU5IiB5Mj0iMTQuMjQiLz4KICAgICAgPGxpbmUgY2xhc3M9ImNscy0xIiB4MT0iNDEuNTciIHkxPSIyLjc0IiB4Mj0iNDEuNTciLz4KICAgICAgPGxpbmUgY2xhc3M9ImNscy0xIiB4MT0iMzMuMjgiIHkxPSIyLjc0IiB4Mj0iMzMuMjgiLz4KICAgICAgPGxpbmUgY2xhc3M9ImNscy0xIiB4MT0iMjQuOTkiIHkxPSIyLjc0IiB4Mj0iMjQuOTkiLz4KICAgICAgPGxpbmUgY2xhc3M9ImNscy0xIiB4MT0iMTYuMDgiIHkxPSIyLjc0IiB4Mj0iMTYuMDgiLz4KICAgICAgPGxpbmUgY2xhc3M9ImNscy0xIiB4MT0iNDQuNjMiIHkxPSIxNi45OCIgeDI9IjQ0LjYzIiB5Mj0iMTQuMjQiLz4KICAgICAgPGxpbmUgY2xhc3M9ImNscy0xIiB4MT0iNDkuNDkiIHkxPSIyLjc0IiB4Mj0iNDkuNDkiLz4KICAgICAgPGxpbmUgY2xhc3M9ImNscy00IiB4MT0iNDAuODgiIHkxPSIxNi45OCIgeDI9IjQwLjg4IiB5Mj0iMTQuMjQiLz4KICAgICAgPGxpbmUgY2xhc3M9ImNscy00IiB4MT0iMzIuMzMiIHkxPSIxNi45OCIgeDI9IjMyLjMzIiB5Mj0iMTQuMjQiLz4KICAgICAgPGxpbmUgY2xhc3M9ImNscy00IiB4MT0iMjMuNzkiIHkxPSIxNi45OCIgeDI9IjIzLjc5IiB5Mj0iMTQuMjQiLz4KICAgICAgPGxpbmUgY2xhc3M9ImNscy00IiB4MT0iMjAuNTkiIHkxPSIyLjc0IiB4Mj0iMjAuNTkiLz4KICAgICAgPGxpbmUgY2xhc3M9ImNscy00IiB4MT0iMjkuMTMiIHkxPSIyLjc0IiB4Mj0iMjkuMTMiLz4KICAgICAgPGxpbmUgY2xhc3M9ImNscy00IiB4MT0iMzcuMTYiIHkxPSIyLjc0IiB4Mj0iMzcuMTYiLz4KICAgICAgPGxpbmUgY2xhc3M9ImNscy00IiB4MT0iNDUuNzEiIHkxPSIyLjc0IiB4Mj0iNDUuNzEiLz4KICAgIDwvZz4KICA8L2c+Cjwvc3ZnPg==\" alt=\"S\u0131cakl\u0131k\" width=\"100\" title=\"\"><\/div>\n<div class=\"temp-values\">\n<div>-10\u00b0C \/ +60\u00b0C<\/div>\n<div>-14\u00b0F \/ +140\u00b0F<\/div>\n<\/div>\n<\/div>\n<div class=\"marking-section\">\n<div class=\"detail-row\">\n<div class=\"detail-label\">\u041c\u0430\u0440\u043a\u0438\u0440\u043e\u0432\u043a\u0430<\/div>\n<div class=\"detail-value\">: \u0421\u0442\u0440\u0443\u0439\u043d\u044b\u0439 SEL TYANA - MINE<\/div>\n<\/div>\n<\/div>\n<div>\n<table style=\"width: 100%;\" cellspacing=\"0\" cellpadding=\"0\">\n<tbody>\n<tr>\n<td style=\"width: 120px; font-weight: bold;\">\u041d\u043e\u0440\u043c<\/td>\n<td style=\"width: 400px; text-align: left;\">\u0418\u0421\u041e 1307<\/td>\n<td style=\"width: 120px; font-weight: bold;\">\u0426\u0432\u0435\u0442<\/td>\n<td style=\"width: 400px;\">\n<div class=\"color-icons\"><img decoding=\"async\" src=\"data:image\/svg+xml;base64,PHN2ZyB2aWV3Qm94PSIwIDAgMTAwIDEwMCIgeG1sbnM9Imh0dHA6Ly93d3cudzMub3JnLzIwMDAvc3ZnIj4KICA8Y2lyY2xlIGN4PSI1MCIgY3k9IjUwIiByPSI0OSIgZmlsbD0iI0M0MDA3QSIgc3Ryb2tlPSJibGFjayIgc3Ryb2tlLXdpZHRoPSIwLjUiLz4KICA8Y2lyY2xlIGN4PSI1MCIgY3k9IjUwIiByPSIzOCIgZmlsbD0id2hpdGUiIHN0cm9rZT0iYmxhY2siIHN0cm9rZS13aWR0aD0iMC41Ii8+Cjwvc3ZnPg==\" alt=\"\" title=\"\"><\/div>\n<\/td>\n<\/tr>\n<\/tbody>\n<\/table>\n<\/div>\n<\/div>\n<\/div>","protected":false},"excerpt":{"rendered":"<p>&nbsp; \u00dcr\u00fcn Ad\u0131: TYANA &#8211; MINE 10 BAR-145 PSI \u00dcr\u00fcn Kodu: T13F Aleve Dayan\u0131kl\u0131 Yass\u0131 Basma MSHA IC-261\/0 Kullanim Alan\u0131 : Madenlerde, ta\u015f ocaklar\u0131nda vb. su tahliyesi i\u00e7in alev diren\u00e7li hortum. Alt Katman : Alev Dayan\u0131ml\u0131 PVC\/NBR Kaplama. Takviye Katman\u0131 : Y\u00fcksek Mukavemetli Sentetik Tekstil. \u00dcst Katman : Hafif Kimyasallara, Hava Ko\u015fullar\u0131na ve Aleve Dayan\u0131kl\u0131 [&#8230;]\n","protected":false},"featured_media":21945,"comment_status":"open","ping_status":"closed","template":"","meta":{"jetpack_post_was_ever_published":false},"product_brand":[],"product_cat":[2381],"product_tag":[],"class_list":{"0":"post-21947","1":"product","2":"type-product","3":"status-publish","4":"has-post-thumbnail","6":"product_cat-yh","8":"first","9":"instock","10":"taxable","11":"shipping-taxable","12":"product-type-simple"},"jetpack-related-posts":[{"id":22812,"url":"https:\/\/tuzlahortum.com.tr\/ru\/product\/tyana-mine-14-bar-203-psi\/","url_meta":{"origin":21947,"position":0},"title":"\u0422\u0418\u0410\u041d\u0410 - \u0428\u0410\u0425\u0422\u0410 14 \u0411\u0410\u0420-203 PSI","author":"admin","date":"11 \u0430\u0432\u0433\u0443\u0441\u0442\u0430 2025","format":false,"excerpt":"\u00a0 \u00dcr\u00fcn Ad\u0131: TYANA - MINE 14 BAR-203 PSI \u00dcr\u00fcn Kodu: T13F Aleve Dayan\u0131kl\u0131 Yass\u0131 Basma MSHA IC-261\/0 Kullanim Alan\u0131 : Madenlerde, ta\u015f ocaklar\u0131nda vb. su tahliyesi i\u00e7in alev diren\u00e7li hortum. Alt Katman : Alev Dayan\u0131ml\u0131 PVC\/NBR Kaplama. Takviye Katman\u0131 : Y\u00fcksek Mukavemetli Sentetik Tekstil. \u00dcst Katman : Hafif Kimyasallara,\u2026","rel":"","context":"\u041f\u043e\u0445\u043e\u0436\u0430\u044f \u0437\u0430\u043f\u0438\u0441\u044c","block_context":{"text":"\u041f\u043e\u0445\u043e\u0436\u0430\u044f \u0437\u0430\u043f\u0438\u0441\u044c","link":""},"img":{"alt_text":"","src":"https:\/\/i0.wp.com\/tuzlahortum.com.tr\/wp-content\/uploads\/2025\/08\/PVC_73.png?fit=445%2C445&ssl=1&resize=350%2C200","width":350,"height":200},"classes":[]},{"id":21932,"url":"https:\/\/tuzlahortum.com.tr\/ru\/product\/tyana-sl\/","url_meta":{"origin":21947,"position":1},"title":"\u0422\u042f\u041d\u0410 \u0421\u041b","author":"admin","date":"11 \u0430\u0432\u0433\u0443\u0441\u0442\u0430 2025","format":false,"excerpt":"\u00a0 \u00dcr\u00fcn Ad\u0131: TYANA SL \u00dcr\u00fcn Kodu: T13P Hafif Hizmet Verici D\u00dcZ Kullanim Alan\u0131 : Tar\u0131m ve sanayide hafif hizmet su tahliyesi i\u00e7in. Alt Katman : Esnek PVC Kaplama. Takviye Katman\u0131 : Y\u00fcksek Mukavemetli Sentetik Tekstil. \u00dcst Katman : Hafif Kimyasallara ve Hava Ko\u015fullar\u0131na Dayan\u0131kl\u0131 PVC D\u0131\u015f Kaplama. G\u0131da ile\u2026","rel":"","context":"\u041f\u043e\u0445\u043e\u0436\u0430\u044f \u0437\u0430\u043f\u0438\u0441\u044c","block_context":{"text":"\u041f\u043e\u0445\u043e\u0436\u0430\u044f \u0437\u0430\u043f\u0438\u0441\u044c","link":""},"img":{"alt_text":"","src":"https:\/\/i0.wp.com\/tuzlahortum.com.tr\/wp-content\/uploads\/2025\/08\/PVC_68.png?fit=444%2C444&ssl=1&resize=350%2C200","width":350,"height":200},"classes":[]},{"id":21935,"url":"https:\/\/tuzlahortum.com.tr\/ru\/product\/tyana-l\/","url_meta":{"origin":21947,"position":2},"title":"\u0422\u0410\u042f\u041d\u0410 \u041b","author":"admin","date":"11 \u0430\u0432\u0433\u0443\u0441\u0442\u0430 2025","format":false,"excerpt":"\u00a0 \u00dcr\u00fcn Ad\u0131: TYANA L \u00dcr\u00fcn Kodu: T13L Standart Hizmet Yass\u0131 Basma Kullanim Alan\u0131 : Tar\u0131m ve sanayide su, hafif kimyasallar ve di\u011fer s\u0131v\u0131lar\u0131n standart g\u00f6rev tahliyesi i\u00e7in. Alt Katman : Esnek PVC Kaplama. Takviye Katman\u0131 : Y\u00fcksek Mukavemetli Sentetik Tekstil. \u00dcst Katman : Hafif Kimyasallara ve Hava Ko\u015fullar\u0131na Dayan\u0131kl\u0131\u2026","rel":"","context":"\u041f\u043e\u0445\u043e\u0436\u0430\u044f \u0437\u0430\u043f\u0438\u0441\u044c","block_context":{"text":"\u041f\u043e\u0445\u043e\u0436\u0430\u044f \u0437\u0430\u043f\u0438\u0441\u044c","link":""},"img":{"alt_text":"","src":"https:\/\/i0.wp.com\/tuzlahortum.com.tr\/wp-content\/uploads\/2025\/08\/PVC_69.png?fit=443%2C443&ssl=1&resize=350%2C200","width":350,"height":200},"classes":[]},{"id":21941,"url":"https:\/\/tuzlahortum.com.tr\/ru\/product\/tyana-mh\/","url_meta":{"origin":21947,"position":3},"title":"\u0422\u0410\u042f\u041d\u0410 \u041c\u0425","author":"admin","date":"11 \u0430\u0432\u0433\u0443\u0441\u0442\u0430 2025","format":false,"excerpt":"\u00a0 \u00dcr\u00fcn Ad\u0131: TYANA MH \u00dcr\u00fcn Kodu: T13Y A\u011f\u0131r Hizmet Yass\u0131 Verici Kullanim Alan\u0131 : Tar\u0131m ve sanayide su, hafif kimyasallar ve di\u011fer s\u0131v\u0131lar\u0131n a\u011f\u0131r hizmet bo\u015falt\u0131m\u0131 i\u00e7in. Alt Katman : Esnek PVC\/NBR Kaplama. Takviye Katman\u0131 : Y\u00fcksek Mukavemetli Sentetik Tekstil. \u00dcst Katman : Hafif Kimyasallara ve Hava Ko\u015fullar\u0131na Dayan\u0131kl\u0131\u2026","rel":"","context":"\u041f\u043e\u0445\u043e\u0436\u0430\u044f \u0437\u0430\u043f\u0438\u0441\u044c","block_context":{"text":"\u041f\u043e\u0445\u043e\u0436\u0430\u044f \u0437\u0430\u043f\u0438\u0441\u044c","link":""},"img":{"alt_text":"","src":"https:\/\/i0.wp.com\/tuzlahortum.com.tr\/wp-content\/uploads\/2025\/08\/PVC_71.png?fit=442%2C442&ssl=1&resize=350%2C200","width":350,"height":200},"classes":[]},{"id":21944,"url":"https:\/\/tuzlahortum.com.tr\/ru\/product\/tyana-h\/","url_meta":{"origin":21947,"position":4},"title":"\u0422\u042f\u041d\u0410 \u041d","author":"admin","date":"11 \u0430\u0432\u0433\u0443\u0441\u0442\u0430 2025","format":false,"excerpt":"\u00a0 \u00dcr\u00fcn Ad\u0131: TYANA H \u00dcr\u00fcn Kodu: T13H A\u011f\u0131r Hizmet Yass\u0131 Verici Kullanim Alan\u0131 : Tar\u0131m ve sanayide su, hafif kimyasallar ve di\u011fer s\u0131v\u0131lar\u0131n a\u011f\u0131r hizmet bo\u015falt\u0131m\u0131 i\u00e7in. Alt Katman : Esnek PVC\/NBR Kaplama. Takviye Katman\u0131 : Y\u00fcksek Mukavemetli Sentetik Tekstil. \u00dcst Katman : Hafif Kimyasallara ve Hava Ko\u015fullar\u0131na Dayan\u0131kl\u0131\u2026","rel":"","context":"\u041f\u043e\u0445\u043e\u0436\u0430\u044f \u0437\u0430\u043f\u0438\u0441\u044c","block_context":{"text":"\u041f\u043e\u0445\u043e\u0436\u0430\u044f \u0437\u0430\u043f\u0438\u0441\u044c","link":""},"img":{"alt_text":"","src":"https:\/\/i0.wp.com\/tuzlahortum.com.tr\/wp-content\/uploads\/2025\/08\/PVC_72.png?fit=446%2C446&ssl=1&resize=350%2C200","width":350,"height":200},"classes":[]},{"id":21938,"url":"https:\/\/tuzlahortum.com.tr\/ru\/product\/tyana-m\/","url_meta":{"origin":21947,"position":5},"title":"\u0422\u0410\u042f\u041d\u0410 \u041c","author":"admin","date":"11 \u0430\u0432\u0433\u0443\u0441\u0442\u0430 2025","format":false,"excerpt":"\u00a0 \u00dcr\u00fcn Ad\u0131: TYANA M \u00dcr\u00fcn Kodu: T13M Orta Hizmet Yass\u0131 Verici Kullanim Alan\u0131 : Tar\u0131m ve sanayide su, hafif kimyasallar ve di\u011fer s\u0131v\u0131lar\u0131n orta seviyede tahliyesi i\u00e7in uygundur. Alt Katman : Esnek PVC\/NBR Kaplama. Takviye Katman\u0131 : Y\u00fcksek Mukavemetli Sentetik Tekstil. \u00dcst Katman : Hafif Kimyasallara ve Hava Ko\u015fullar\u0131na\u2026","rel":"","context":"\u041f\u043e\u0445\u043e\u0436\u0430\u044f \u0437\u0430\u043f\u0438\u0441\u044c","block_context":{"text":"\u041f\u043e\u0445\u043e\u0436\u0430\u044f \u0437\u0430\u043f\u0438\u0441\u044c","link":""},"img":{"alt_text":"","src":"https:\/\/i0.wp.com\/tuzlahortum.com.tr\/wp-content\/uploads\/2025\/08\/PVC_70.png?fit=444%2C444&ssl=1&resize=350%2C200","width":350,"height":200},"classes":[]}],"jetpack_sharing_enabled":true,"jetpack_likes_enabled":true,"_links":{"self":[{"href":"https:\/\/tuzlahortum.com.tr\/ru\/wp-json\/wp\/v2\/product\/21947","targetHints":{"allow":["GET"]}}],"collection":[{"href":"https:\/\/tuzlahortum.com.tr\/ru\/wp-json\/wp\/v2\/product"}],"about":[{"href":"https:\/\/tuzlahortum.com.tr\/ru\/wp-json\/wp\/v2\/types\/product"}],"replies":[{"embeddable":true,"href":"https:\/\/tuzlahortum.com.tr\/ru\/wp-json\/wp\/v2\/comments?post=21947"}],"wp:featuredmedia":[{"embeddable":true,"href":"https:\/\/tuzlahortum.com.tr\/ru\/wp-json\/wp\/v2\/media\/21945"}],"wp:attachment":[{"href":"https:\/\/tuzlahortum.com.tr\/ru\/wp-json\/wp\/v2\/media?parent=21947"}],"wp:term":[{"taxonomy":"product_brand","embeddable":true,"href":"https:\/\/tuzlahortum.com.tr\/ru\/wp-json\/wp\/v2\/product_brand?post=21947"},{"taxonomy":"product_cat","embeddable":true,"href":"https:\/\/tuzlahortum.com.tr\/ru\/wp-json\/wp\/v2\/product_cat?post=21947"},{"taxonomy":"product_tag","embeddable":true,"href":"https:\/\/tuzlahortum.com.tr\/ru\/wp-json\/wp\/v2\/product_tag?post=21947"}],"curies":[{"name":"wp","href":"https:\/\/api.w.org\/{rel}","templated":true}]}}