{"id":21881,"date":"2025-08-11T11:45:45","date_gmt":"2025-08-11T08:45:45","guid":{"rendered":"https:\/\/tuzlahortum.com.tr\/urun\/likya-st\/"},"modified":"2025-08-20T15:11:46","modified_gmt":"2025-08-20T12:11:46","slug":"likya-st","status":"publish","type":"product","link":"https:\/\/tuzlahortum.com.tr\/ru\/product\/likya-st\/","title":{"rendered":"\u041b\u0418\u041a\u0418\u042f \u0421\u0422\u0420\u0418\u0422"},"content":{"rendered":"<p>&nbsp;<\/p>\n<div class=\"report-container\">\n<div class=\"report-header\">\n<div class=\"standard-text\">\u041d\u0430\u0437\u0432\u0430\u043d\u0438\u0435 \u043f\u0440\u043e\u0434\u0443\u043a\u0442\u0430: LIKYA ST<\/div>\n<div class=\"standard-text\">\u041a\u043e\u0434 \u0442\u043e\u0432\u0430\u0440\u0430: TSF52<\/div>\n<\/div>\n<div class=\"product-image-container\">\n<div class=\"key-feature\">\u0421\u0442\u0430\u043d\u0434\u0430\u0440\u0442\u043d\u043e\u0435 \u043e\u0431\u0441\u043b\u0443\u0436\u0438\u0432\u0430\u043d\u0438\u0435 \u041e\u0442\u0441\u043e\u0441 \u0438 \u043f\u0440\u0435\u0441\u0441\u043e\u0432\u0430\u043d\u0438\u0435 \u0432\u0438\u043d\u0430<\/div>\n<\/div>\n<div class=\"horizontal-line\"><\/div>\n<div class=\"product-details\">\n<div class=\"detail-row\">\n<div class=\"detail-label\">\u041e\u0431\u043b\u0430\u0441\u0442\u044c \u0438\u0441\u043f\u043e\u043b\u044c\u0437\u043e\u0432\u0430\u043d\u0438\u044f<\/div>\n<div class=\"detail-value\">: \u0414\u043b\u044f \u0432\u0441\u0430\u0441\u044b\u0432\u0430\u043d\u0438\u044f \u0438 \u043f\u0435\u0440\u0435\u043a\u0430\u0447\u043a\u0438 \u043c\u0438\u043d\u0435\u0440\u0430\u043b\u044c\u043d\u044b\u0445 \u0432\u043e\u0434, \u0444\u0440\u0443\u043a\u0442\u043e\u0432\u044b\u0445 \u0441\u043e\u043a\u043e\u0432, \u0432\u0438\u043d, \u043b\u0438\u043a\u0435\u0440\u043e\u0432, \u0441\u043f\u0438\u0440\u0442\u043d\u044b\u0445 \u043d\u0430\u043f\u0438\u0442\u043a\u043e\u0432 \u0438 \u0434\u0440\u0443\u0433\u0438\u0445 \u043f\u0438\u0449\u0435\u0432\u044b\u0445 \u0436\u0438\u0434\u043a\u043e\u0441\u0442\u0435\u0439.<\/div>\n<\/div>\n<div class=\"detail-row\">\n<div class=\"detail-label\">\u041d\u0438\u0436\u043d\u0438\u0439 \u0441\u043b\u043e\u0439<\/div>\n<div class=\"detail-value\">: \u041f\u0440\u043e\u0447\u043d\u044b\u0439, \u0433\u0438\u0431\u043a\u0438\u0439 \u0438 \u0433\u043b\u0430\u0434\u043a\u0438\u0439 \u043f\u043b\u0430\u0441\u0442\u0438\u0444\u0438\u0446\u0438\u0440\u043e\u0432\u0430\u043d\u043d\u044b\u0439 \u041f\u0412\u0425.<\/div>\n<\/div>\n<div class=\"detail-row\">\n<div class=\"detail-label\">\u0423\u0441\u0438\u043b\u0438\u0432\u0430\u044e\u0449\u0438\u0439 \u0441\u043b\u043e\u0439<\/div>\n<div class=\"detail-value\">: \u0423\u0434\u0430\u0440\u043e\u043f\u0440\u043e\u0447\u043d\u0430\u044f \u0441\u043f\u0438\u0440\u0430\u043b\u044c \u0438\u0437 \u041f\u0412\u0425.<\/div>\n<\/div>\n<div class=\"detail-row\">\n<div class=\"detail-label\">\u0412\u0435\u0440\u0445\u043d\u0438\u0439 \u0441\u043b\u043e\u0439<\/div>\n<div class=\"detail-value\">: \u0412\u043d\u0435\u0448\u043d\u044f\u044f \u043f\u043e\u0432\u0435\u0440\u0445\u043d\u043e\u0441\u0442\u044c \u0441 \u043b\u0435\u0433\u043a\u043e\u0439 \u0440\u0438\u0444\u043b\u0435\u043d\u043e\u0439 \u043f\u043e\u0432\u0435\u0440\u0445\u043d\u043e\u0441\u0442\u044c\u044e \u0443\u0441\u0442\u043e\u0439\u0447\u0438\u0432\u0430 \u043a \u0440\u0430\u0437\u0434\u0430\u0432\u043b\u0438\u0432\u0430\u043d\u0438\u044e, \u0438\u0441\u0442\u0438\u0440\u0430\u043d\u0438\u044e \u0438 \u0430\u0442\u043c\u043e\u0441\u0444\u0435\u0440\u043d\u044b\u043c \u0432\u043e\u0437\u0434\u0435\u0439\u0441\u0442\u0432\u0438\u044f\u043c.<\/div>\n<\/div>\n<\/div>\n<div class=\"datasheet_table\"><img decoding=\"async\" class=\"alignnone size-full\" src=\"https:\/\/tuzlahortum.com.tr\/wp-content\/uploads\/2025\/08\/datasheet447.svg\" alt=\"\" title=\"\"><\/div>\n<div class=\"table-notes\">\u0418\u0441\u043f\u044b\u0442\u0430\u043d\u0438\u044f A, B, C, D1 \u043d\u0430 \u0438\u043c\u0438\u0442\u0430\u0446\u0438\u044e \u0445\u0438\u043c\u0438\u0447\u0435\u0441\u043a\u043e\u0439 \u043c\u0438\u0433\u0440\u0430\u0446\u0438\u0438 \u0436\u0438\u0434\u043a\u043e\u0441\u0442\u0438 \u0434\u043b\u044f \u043f\u0440\u043e\u0434\u0443\u043a\u0442\u043e\u0432, \u043a\u043e\u043d\u0442\u0430\u043a\u0442\u0438\u0440\u0443\u044e\u0449\u0438\u0445 \u0441 \u043f\u0438\u0449\u0435\u0432\u044b\u043c\u0438 \u043f\u0440\u043e\u0434\u0443\u043a\u0442\u0430\u043c\u0438, \u043f\u0440\u0438 40\u00b0C \u0432 \u0442\u0435\u0447\u0435\u043d\u0438\u0435 10 \u0434\u043d\u0435\u0439 \u043f\u0440\u043e\u0432\u043e\u0434\u0438\u043b\u0438\u0441\u044c \u0432 \u0441\u043e\u043e\u0442\u0432\u0435\u0442\u0441\u0442\u0432\u0438\u0438 \u0441 \u0420\u0430\u043c\u043e\u0447\u043d\u044b\u043c \u0440\u0435\u0433\u043b\u0430\u043c\u0435\u043d\u0442\u043e\u043c (\u0415\u0421) \u2116 1935\/2004, \u0420\u0435\u0433\u043b\u0430\u043c\u0435\u043d\u0442\u043e\u043c (\u0415\u0421) \u2116 10\/2011 \u0438 \u041f\u043e\u0441\u0442\u0430\u043d\u043e\u0432\u043b\u0435\u043d\u0438\u0435\u043c (\u0415\u0421) \u2116 2016\/1416.<\/div>\n<div class=\"horizontal-line\"><\/div>\n<div class=\"footer\">\n<div class=\"standards-section\">\n<div class=\"standard-item\" style=\"margin-top: 9px;\"><\/div>\n<div class=\"standard-info\"><\/div>\n<\/div>\n<div class=\"temperature-section\">\n<div class=\"temp-icon\"><img decoding=\"async\" src=\"data:image\/svg+xml;base64,PD94bWwgdmVyc2lvbj0iMS4wIiBlbmNvZGluZz0iVVRGLTgiPz4KPHN2ZyBpZD0ia2F0bWFuXzIiIGRhdGEtbmFtZT0ia2F0bWFuIDIiIHhtbG5zPSJodHRwOi8vd3d3LnczLm9yZy8yMDAwL3N2ZyIgdmlld0JveD0iMCAwIDcyLjI3IDE2Ljk4Ij4KICA8ZGVmcz4KICAgIDxzdHlsZT4KICAgICAgLmNscy0xIHsKICAgICAgICBzdHJva2Utd2lkdGg6IC41OXB4OwogICAgICB9CgogICAgICAuY2xzLTEsIC5jbHMtMiwgLmNscy0zLCAuY2xzLTQgewogICAgICAgIGZpbGw6IG5vbmU7CiAgICAgICAgc3Ryb2tlLW1pdGVybGltaXQ6IDMuODY7CiAgICAgIH0KCiAgICAgIC5jbHMtMSwgLmNscy0zLCAuY2xzLTQgewogICAgICAgIHN0cm9rZTogI2E3YTlhYjsKICAgICAgfQoKICAgICAgLmNscy01IHsKICAgICAgICBmaWxsOiAjYTdhOWFiOwogICAgICB9CgogICAgICAuY2xzLTIgewogICAgICAgIHN0cm9rZTogI2ZmZjsKICAgICAgfQoKICAgICAgLmNscy0zIHsKICAgICAgICBzdHJva2Utd2lkdGg6IDIuMDZweDsKICAgICAgfQoKICAgICAgLmNscy00IHsKICAgICAgICBzdHJva2Utd2lkdGg6IC4ycHg7CiAgICAgIH0KICAgIDwvc3R5bGU+CiAgPC9kZWZzPgogIDxnIGlkPSJrYXRtYW5fMSIgZGF0YS1uYW1lPSJrYXRtYW4gMSI+CiAgICA8Zz4KICAgICAgPHBhdGggY2xhc3M9ImNscy0zIiBkPSJNMTEuMzQsMTEuNTdjLS45NCwxLjcxLTIuNzEsMi42Ni00LjgsMi42Ni0zLjA1LDAtNS41MS0yLjQ3LTUuNTEtNS41MlMzLjUsMy4xOSw2LjU1LDMuMTljMS45NCwwLDMuNjUsMSw0LjYzLDIuNTIiLz4KICAgICAgPGNpcmNsZSBjbGFzcz0iY2xzLTUiIGN4PSI2LjU1IiBjeT0iOC42NiIgcj0iMi40Ii8+CiAgICAgIDxjaXJjbGUgY2xhc3M9ImNscy0yIiBjeD0iNi41NSIgY3k9IjguNjYiIHI9IjIuNCIvPgogICAgICA8bGluZSBjbGFzcz0iY2xzLTMiIHgxPSI2OC4zNCIgeTE9IjExLjc2IiB4Mj0iOS45MiIgeTI9IjExLjc2Ii8+CiAgICAgIDxsaW5lIGNsYXNzPSJjbHMtMyIgeDE9IjY4Ljc4IiB5MT0iNS41MSIgeDI9IjkuNzMiIHkyPSI1LjUxIi8+CiAgICAgIDxsaW5lIGNsYXNzPSJjbHMtMyIgeDE9IjU0LjA3IiB5MT0iOC43NSIgeDI9IjguNjQiIHkyPSI4Ljc1Ii8+CiAgICAgIDxwYXRoIGNsYXNzPSJjbHMtMyIgZD0iTTY4LjE1LDUuNTVjMS43MSwwLDMuMDksMS4zOSwzLjA5LDMuMDlzLTEuOTIsMy4wNi0zLjYyLDMuMDYiLz4KICAgICAgPHBhdGggY2xhc3M9ImNscy01IiBkPSJNNTMuOTEsOC43NWMwLS4xNC4xMi0uMjYuMjYtLjI2cy4yNy4xMi4yNy4yNi0uMTIuMjctLjI3LjI3LS4yNi0uMTItLjI2LS4yN1oiLz4KICAgICAgPHBhdGggY2xhc3M9ImNscy0zIiBkPSJNNTMuOTEsOC43NWMwLS4xNC4xMi0uMjYuMjYtLjI2cy4yNy4xMi4yNy4yNi0uMTIuMjctLjI3LjI3LS4yNi0uMTItLjI2LS4yN1oiLz4KICAgICAgPGxpbmUgY2xhc3M9ImNscy0xIiB4MT0iMzYuNDMiIHkxPSIxNi45OCIgeDI9IjM2LjQzIiB5Mj0iMTQuMjQiLz4KICAgICAgPGxpbmUgY2xhc3M9ImNscy0xIiB4MT0iMjguMDUiIHkxPSIxNi45OCIgeDI9IjI4LjA1IiB5Mj0iMTQuMjQiLz4KICAgICAgPGxpbmUgY2xhc3M9ImNscy0xIiB4MT0iMTkuNTkiIHkxPSIxNi45OCIgeDI9IjE5LjU5IiB5Mj0iMTQuMjQiLz4KICAgICAgPGxpbmUgY2xhc3M9ImNscy0xIiB4MT0iNDEuNTciIHkxPSIyLjc0IiB4Mj0iNDEuNTciLz4KICAgICAgPGxpbmUgY2xhc3M9ImNscy0xIiB4MT0iMzMuMjgiIHkxPSIyLjc0IiB4Mj0iMzMuMjgiLz4KICAgICAgPGxpbmUgY2xhc3M9ImNscy0xIiB4MT0iMjQuOTkiIHkxPSIyLjc0IiB4Mj0iMjQuOTkiLz4KICAgICAgPGxpbmUgY2xhc3M9ImNscy0xIiB4MT0iMTYuMDgiIHkxPSIyLjc0IiB4Mj0iMTYuMDgiLz4KICAgICAgPGxpbmUgY2xhc3M9ImNscy0xIiB4MT0iNDQuNjMiIHkxPSIxNi45OCIgeDI9IjQ0LjYzIiB5Mj0iMTQuMjQiLz4KICAgICAgPGxpbmUgY2xhc3M9ImNscy0xIiB4MT0iNDkuNDkiIHkxPSIyLjc0IiB4Mj0iNDkuNDkiLz4KICAgICAgPGxpbmUgY2xhc3M9ImNscy00IiB4MT0iNDAuODgiIHkxPSIxNi45OCIgeDI9IjQwLjg4IiB5Mj0iMTQuMjQiLz4KICAgICAgPGxpbmUgY2xhc3M9ImNscy00IiB4MT0iMzIuMzMiIHkxPSIxNi45OCIgeDI9IjMyLjMzIiB5Mj0iMTQuMjQiLz4KICAgICAgPGxpbmUgY2xhc3M9ImNscy00IiB4MT0iMjMuNzkiIHkxPSIxNi45OCIgeDI9IjIzLjc5IiB5Mj0iMTQuMjQiLz4KICAgICAgPGxpbmUgY2xhc3M9ImNscy00IiB4MT0iMjAuNTkiIHkxPSIyLjc0IiB4Mj0iMjAuNTkiLz4KICAgICAgPGxpbmUgY2xhc3M9ImNscy00IiB4MT0iMjkuMTMiIHkxPSIyLjc0IiB4Mj0iMjkuMTMiLz4KICAgICAgPGxpbmUgY2xhc3M9ImNscy00IiB4MT0iMzcuMTYiIHkxPSIyLjc0IiB4Mj0iMzcuMTYiLz4KICAgICAgPGxpbmUgY2xhc3M9ImNscy00IiB4MT0iNDUuNzEiIHkxPSIyLjc0IiB4Mj0iNDUuNzEiLz4KICAgIDwvZz4KICA8L2c+Cjwvc3ZnPg==\" alt=\"S\u0131cakl\u0131k\" width=\"100\" title=\"\"><\/div>\n<div class=\"temp-values\">\n<div>-10\u00b0C \/ +60\u00b0C<\/div>\n<div>-14\u00b0F \/ +140\u00b0F<\/div>\n<\/div>\n<\/div>\n<div class=\"marking-section\">\n<div class=\"detail-row\">\n<div class=\"detail-label\">\u041c\u0430\u0440\u043a\u0438\u0440\u043e\u0432\u043a\u0430<\/div>\n<div class=\"detail-value\">: \u0421\u0442\u0440\u0443\u0439\u043d\u044b\u0439 SEL LIKYA ST<\/div>\n<\/div>\n<\/div>\n<div>\n<table style=\"width: 100%;\" cellspacing=\"0\" cellpadding=\"0\">\n<tbody>\n<tr>\n<td style=\"width: 120px; font-weight: bold;\">\u041d\u043e\u0440\u043c<\/td>\n<td style=\"width: 400px; text-align: left;\">\u0418\u0421\u041e 1307<\/td>\n<td style=\"width: 120px; font-weight: bold;\">\u0426\u0432\u0435\u0442<\/td>\n<td style=\"width: 400px;\">\n<div class=\"color-icons\"><\/div>\n<\/td>\n<\/tr>\n<\/tbody>\n<\/table>\n<\/div>\n<\/div>\n<\/div>","protected":false},"excerpt":{"rendered":"<p>&nbsp; \u00dcr\u00fcn Ad\u0131: LIKYA ST \u00dcr\u00fcn Kodu: TSF52 Standart Hizmet \u015earap Emme ve Basma Kullanim Alan\u0131 : Mineral sular\u0131n, meyve sular\u0131n\u0131n, \u015faraplar\u0131n, lik\u00f6rlerin, alkoll\u00fc i\u00e7eceklerin ve di\u011fer g\u0131da s\u0131v\u0131lar\u0131n\u0131n emi\u015f ve transferi i\u00e7in. Alt Katman : G\u00fc\u00e7l\u00fc, Esnek ve P\u00fcr\u00fczs\u00fcz Plastikle\u015ftirilmi\u015f PVC. Takviye Katman\u0131 : Darbeye Dayan\u0131kl\u0131 PVC Spiral. \u00dcst Katman : Ezilmeye, A\u015f\u0131nmaya ve [&#8230;]\n","protected":false},"featured_media":21879,"comment_status":"open","ping_status":"closed","template":"","meta":{"jetpack_post_was_ever_published":false},"product_brand":[],"product_cat":[2378],"product_tag":[],"class_list":{"0":"post-21881","1":"product","2":"type-product","3":"status-publish","4":"has-post-thumbnail","6":"product_cat-ge","8":"first","9":"instock","10":"taxable","11":"shipping-taxable","12":"product-type-simple"},"jetpack-related-posts":[{"id":21875,"url":"https:\/\/tuzlahortum.com.tr\/ru\/product\/letoon-st\/","url_meta":{"origin":21881,"position":0},"title":"\u041b\u0415\u0422\u0423\u041d \u0421\u0422","author":"admin","date":"11 \u0430\u0432\u0433\u0443\u0441\u0442\u0430 2025","format":false,"excerpt":"\u00a0 \u00dcr\u00fcn Ad\u0131: LETOON ST \u00dcr\u00fcn Kodu: TSF50 Standart Hizmet Emme ve Basma Kullanim Alan\u0131 : Su, maden suyu, s\u00fct, meyve sular\u0131, g\u0131da s\u0131v\u0131lar\u0131 vb. emi\u015f ve transferi i\u00e7in. Alt Katman : G\u00fc\u00e7l\u00fc, Esnek ve P\u00fcr\u00fczs\u00fcz Plastikle\u015ftirilmi\u015f PVC. Takviye Katman\u0131 : Darbeye Dayan\u0131kl\u0131 PVC Spiral. \u00dcst Katman : Ezilmeye, A\u015f\u0131nmaya\u2026","rel":"","context":"\u041f\u043e\u0445\u043e\u0436\u0430\u044f \u0437\u0430\u043f\u0438\u0441\u044c","block_context":{"text":"\u041f\u043e\u0445\u043e\u0436\u0430\u044f \u0437\u0430\u043f\u0438\u0441\u044c","link":""},"img":{"alt_text":"","src":"https:\/\/i0.wp.com\/tuzlahortum.com.tr\/wp-content\/uploads\/2025\/08\/PVC_44.png?fit=445%2C445&ssl=1&resize=350%2C200","width":350,"height":200},"classes":[]},{"id":21824,"url":"https:\/\/tuzlahortum.com.tr\/ru\/product\/troy-st-se\/","url_meta":{"origin":21881,"position":1},"title":"TROY ST - SE","author":"admin","date":"11 \u0430\u0432\u0433\u0443\u0441\u0442\u0430 2025","format":false,"excerpt":"\u00a0 \u00dcr\u00fcn Ad\u0131: TROY ST - SE \u00dcr\u00fcn Kodu: TSG05 S\u00fcperelastik Standart Hizmet Su Al\u0131c\u0131\/Verici (-20\u00b0C) Kullanim Alan\u0131 : Sulama, su ta\u015f\u0131ma, \u00e7e\u015fitli hafif kimyasallar, at\u0131k maddeler, hafif bulama\u00e7lar, kum ve \u00e7ak\u0131l gibi uygulamalar i\u00e7in so\u011fuk iklimlerde kullan\u0131ma uygundur. Alt Katman : G\u00fc\u00e7l\u00fc, Esnek ve P\u00fcr\u00fczs\u00fcz \u00d6zel S\u00fcperelastik Malzeme. Takviye\u2026","rel":"","context":"\u041f\u043e\u0445\u043e\u0436\u0430\u044f \u0437\u0430\u043f\u0438\u0441\u044c","block_context":{"text":"\u041f\u043e\u0445\u043e\u0436\u0430\u044f \u0437\u0430\u043f\u0438\u0441\u044c","link":""},"img":{"alt_text":"","src":"https:\/\/i0.wp.com\/tuzlahortum.com.tr\/wp-content\/uploads\/2025\/08\/PVC_25.png?fit=460%2C460&ssl=1&resize=350%2C200","width":350,"height":200},"classes":[]},{"id":21863,"url":"https:\/\/tuzlahortum.com.tr\/ru\/product\/pegasus-st\/","url_meta":{"origin":21881,"position":2},"title":"\u041f\u0415\u0413\u0410\u0421\u0423\u0421 \u0421\u0422","author":"admin","date":"11 \u0430\u0432\u0433\u0443\u0441\u0442\u0430 2025","format":false,"excerpt":"\u00a0 \u00dcr\u00fcn Ad\u0131: PEGASUS ST \u00dcr\u00fcn Kodu: TSO42 Standart Hizmet Ya\u011f Emme ve Basma Kullanim Alan\u0131 : End\u00fcstriyel ya\u011flar ve yak\u0131tlar i\u00e7in standart g\u00f6rev emi\u015f ve transfer. Alt Katman : Dayan\u0131kl\u0131, Esnek ve P\u00fcr\u00fczs\u00fcz Ya\u011f Dayan\u0131ml\u0131, PVC\/NBR Bile\u015fi\u011fi. Takviye Katman\u0131 : Darbeye Dayan\u0131kl\u0131 PVC Spiral. \u00dcst Katman : Ezilmeye, Kimyasal\u2026","rel":"","context":"\u041f\u043e\u0445\u043e\u0436\u0430\u044f \u0437\u0430\u043f\u0438\u0441\u044c","block_context":{"text":"\u041f\u043e\u0445\u043e\u0436\u0430\u044f \u0437\u0430\u043f\u0438\u0441\u044c","link":""},"img":{"alt_text":"","src":"https:\/\/i0.wp.com\/tuzlahortum.com.tr\/wp-content\/uploads\/2025\/08\/PVC_40.png?fit=445%2C445&ssl=1&resize=350%2C200","width":350,"height":200},"classes":[]},{"id":21884,"url":"https:\/\/tuzlahortum.com.tr\/ru\/product\/likya-hd\/","url_meta":{"origin":21881,"position":3},"title":"LIKYA HD","author":"admin","date":"11 \u0430\u0432\u0433\u0443\u0441\u0442\u0430 2025","format":false,"excerpt":"\u00a0 \u00dcr\u00fcn Ad\u0131: LIKYA HD \u00dcr\u00fcn Kodu: TSF53 A\u011f\u0131r Hizmet \u015earap Al\u0131c\u0131 ve Verici Kullanim Alan\u0131 : Maden sular\u0131, meyve sular\u0131, \u015faraplar, lik\u00f6rler, alkoll\u00fc i\u00e7ecekler ve di\u011fer g\u0131da s\u0131v\u0131lar\u0131n\u0131n emi\u015f ve transferi i\u00e7in. Alt Katman : G\u00fc\u00e7l\u00fc, Esnek ve P\u00fcr\u00fczs\u00fcz Plastikle\u015ftirilmi\u015f PVC. Takviye Katman\u0131 : Darbeye Dayan\u0131kl\u0131 PVC Spiral. \u00dcst\u2026","rel":"","context":"\u041f\u043e\u0445\u043e\u0436\u0430\u044f \u0437\u0430\u043f\u0438\u0441\u044c","block_context":{"text":"\u041f\u043e\u0445\u043e\u0436\u0430\u044f \u0437\u0430\u043f\u0438\u0441\u044c","link":""},"img":{"alt_text":"","src":"https:\/\/i0.wp.com\/tuzlahortum.com.tr\/wp-content\/uploads\/2025\/08\/PVC_47.png?fit=445%2C445&ssl=1&resize=350%2C200","width":350,"height":200},"classes":[]},{"id":21806,"url":"https:\/\/tuzlahortum.com.tr\/ru\/product\/troy-st\/","url_meta":{"origin":21881,"position":4},"title":"\u0422\u0420\u041e\u0419 \u0421\u0422","author":"admin","date":"11 \u0430\u0432\u0433\u0443\u0441\u0442\u0430 2025","format":false,"excerpt":"\u00a0 \u00dcr\u00fcn Ad\u0131: TROY ST \u00dcr\u00fcn Kodu: TSG04 Standart Hizmet Su Emme ve Basma Kullanim Alan\u0131 : Tar\u0131m, end\u00fcstriyel uygulamalar ve in\u015faatlarda sulama, suyun emilmesi ve ta\u015f\u0131nmas\u0131, g\u0131da s\u0131v\u0131lar\u0131, g\u00fcbreler, b\u00f6cek ila\u00e7lar\u0131, asitler, deterjanlar, \u00e7\u00f6zeltiler vb. i\u00e7in kullan\u0131l\u0131r. Alt Katman : G\u00fc\u00e7l\u00fc, Esnek ve P\u00fcr\u00fczs\u00fcz Plastikle\u015ftirilmi\u015f PVC. Takviye Katman\u0131 :\u2026","rel":"","context":"\u041f\u043e\u0445\u043e\u0436\u0430\u044f \u0437\u0430\u043f\u0438\u0441\u044c","block_context":{"text":"\u041f\u043e\u0445\u043e\u0436\u0430\u044f \u0437\u0430\u043f\u0438\u0441\u044c","link":""},"img":{"alt_text":"","src":"https:\/\/i0.wp.com\/tuzlahortum.com.tr\/wp-content\/uploads\/2025\/08\/PVC_16.png?fit=446%2C446&ssl=1&resize=350%2C200","width":350,"height":200},"classes":[]},{"id":21890,"url":"https:\/\/tuzlahortum.com.tr\/ru\/product\/urartu-st\/","url_meta":{"origin":21881,"position":5},"title":"\u0423\u0420\u0410\u0420\u0422\u0423 \u0421\u0422","author":"admin","date":"11 \u0430\u0432\u0433\u0443\u0441\u0442\u0430 2025","format":false,"excerpt":"\u00a0 \u00dcr\u00fcn Ad\u0131: URARTU ST \u00dcr\u00fcn Kodu: TSV61 Standart Hizmet Hava Emme ve Basma Kullanim Alan\u0131 : End\u00fcstriyel Havaland\u0131rma ve Hava Ak\u0131\u015f\u0131 Sistemleri; Toz, Hava, Gazlar, Tozlar, S\u0131v\u0131lar vb. Emme. Alt Katman : Son derece hafif ve esnekle\u015ftirilmi\u015f PVC. Takviye Katman\u0131 : Darbeye Dayan\u0131kl\u0131 PVC Spiral. \u00dcst Katman : Ezilmeye,\u2026","rel":"","context":"\u041f\u043e\u0445\u043e\u0436\u0430\u044f \u0437\u0430\u043f\u0438\u0441\u044c","block_context":{"text":"\u041f\u043e\u0445\u043e\u0436\u0430\u044f \u0437\u0430\u043f\u0438\u0441\u044c","link":""},"img":{"alt_text":"","src":"https:\/\/i0.wp.com\/tuzlahortum.com.tr\/wp-content\/uploads\/2025\/08\/PVC_51.png?fit=444%2C444&ssl=1&resize=350%2C200","width":350,"height":200},"classes":[]}],"jetpack_sharing_enabled":true,"jetpack_likes_enabled":true,"_links":{"self":[{"href":"https:\/\/tuzlahortum.com.tr\/ru\/wp-json\/wp\/v2\/product\/21881","targetHints":{"allow":["GET"]}}],"collection":[{"href":"https:\/\/tuzlahortum.com.tr\/ru\/wp-json\/wp\/v2\/product"}],"about":[{"href":"https:\/\/tuzlahortum.com.tr\/ru\/wp-json\/wp\/v2\/types\/product"}],"replies":[{"embeddable":true,"href":"https:\/\/tuzlahortum.com.tr\/ru\/wp-json\/wp\/v2\/comments?post=21881"}],"wp:featuredmedia":[{"embeddable":true,"href":"https:\/\/tuzlahortum.com.tr\/ru\/wp-json\/wp\/v2\/media\/21879"}],"wp:attachment":[{"href":"https:\/\/tuzlahortum.com.tr\/ru\/wp-json\/wp\/v2\/media?parent=21881"}],"wp:term":[{"taxonomy":"product_brand","embeddable":true,"href":"https:\/\/tuzlahortum.com.tr\/ru\/wp-json\/wp\/v2\/product_brand?post=21881"},{"taxonomy":"product_cat","embeddable":true,"href":"https:\/\/tuzlahortum.com.tr\/ru\/wp-json\/wp\/v2\/product_cat?post=21881"},{"taxonomy":"product_tag","embeddable":true,"href":"https:\/\/tuzlahortum.com.tr\/ru\/wp-json\/wp\/v2\/product_tag?post=21881"}],"curies":[{"name":"wp","href":"https:\/\/api.w.org\/{rel}","templated":true}]}}