{"id":21769,"date":"2025-08-11T11:34:19","date_gmt":"2025-08-11T08:34:19","guid":{"rendered":"https:\/\/tuzlahortum.com.tr\/urun\/torch-l-l\/"},"modified":"2025-08-20T15:23:19","modified_gmt":"2025-08-20T12:23:19","slug":"torch-l-l","status":"publish","type":"product","link":"https:\/\/tuzlahortum.com.tr\/ru\/product\/torch-l-l\/","title":{"rendered":"TORCH L\/L"},"content":{"rendered":"<p>&nbsp;<\/p>\n<div class=\"report-container\">\n<div class=\"report-header\">\n<div class=\"standard-text\">\u041d\u0430\u0437\u0432\u0430\u043d\u0438\u0435 \u043f\u0440\u043e\u0434\u0443\u043a\u0442\u0430: TORCH L\/L<\/div>\n<div class=\"standard-text\">\u041a\u043e\u0434 \u0442\u043e\u0432\u0430\u0440\u0430: LL\/TC160<\/div>\n<\/div>\n<div class=\"product-image-container\">\n<div class=\"key-feature\">\u0428\u043b\u0430\u043d\u0433 \u0434\u043b\u044f \u0441\u0432\u0430\u0440\u043e\u0447\u043d\u043e\u0439 \u0433\u043e\u0440\u0435\u043b\u043a\u0438<\/div>\n<\/div>\n<div class=\"horizontal-line\"><\/div>\n<div class=\"product-details\">\n<div class=\"detail-row\">\n<div class=\"detail-label\">\u041e\u0431\u043b\u0430\u0441\u0442\u044c \u0438\u0441\u043f\u043e\u043b\u044c\u0437\u043e\u0432\u0430\u043d\u0438\u044f<\/div>\n<div class=\"detail-value\">: \u041f\u043e\u0434\u0430\u0447\u0430 \u0432\u043e\u0434\u044b \u0438 \u043e\u0445\u043b\u0430\u0436\u0434\u0430\u044e\u0449\u0438\u0445 \u0436\u0438\u0434\u043a\u043e\u0441\u0442\u0435\u0439, \u043f\u043e\u0434\u0445\u043e\u0434\u044f\u0449\u0438\u0445 \u0434\u043b\u044f \u0441\u0432\u0430\u0440\u043e\u0447\u043d\u043e\u0439 \u0433\u043e\u0440\u0435\u043b\u043a\u0438.<\/div>\n<\/div>\n<div class=\"detail-row\">\n<div class=\"detail-label\">\u041d\u0438\u0436\u043d\u0438\u0439 \u0441\u043b\u043e\u0439<\/div>\n<div class=\"detail-value\">: \u041d\u0435\u043f\u0440\u043e\u0432\u043e\u0434\u044f\u0449\u0430\u044f \u0441\u043f\u0435\u0446\u0438\u0430\u043b\u044c\u043d\u0430\u044f \u0441\u0438\u043d\u0442\u0435\u0442\u0438\u0447\u0435\u0441\u043a\u0430\u044f \u0440\u0435\u0437\u0438\u043d\u0430.<\/div>\n<\/div>\n<div class=\"detail-row\">\n<div class=\"detail-label\">\u0423\u0441\u0438\u043b\u0438\u0432\u0430\u044e\u0449\u0438\u0439 \u0441\u043b\u043e\u0439<\/div>\n<div class=\"detail-value\">: \u0412\u044b\u0441\u043e\u043a\u043e\u043f\u0440\u043e\u0447\u043d\u044b\u0439 \u0441\u0438\u043d\u0442\u0435\u0442\u0438\u0447\u0435\u0441\u043a\u0438\u0439 \u0442\u0435\u043a\u0441\u0442\u0438\u043b\u044c.<\/div>\n<\/div>\n<div class=\"detail-row\">\n<div class=\"detail-label\">\u0412\u0435\u0440\u0445\u043d\u0438\u0439 \u0441\u043b\u043e\u0439<\/div>\n<div class=\"detail-value\">: \u041d\u0435\u043f\u0440\u043e\u0432\u043e\u0434\u044f\u0449\u0430\u044f \u0433\u043b\u0430\u0434\u043a\u0430\u044f \u0441\u043f\u0435\u0446\u0438\u0430\u043b\u044c\u043d\u0430\u044f \u0441\u0438\u043d\u0442\u0435\u0442\u0438\u0447\u0435\u0441\u043a\u0430\u044f \u0440\u0435\u0437\u0438\u043d\u0430, \u0443\u0441\u0442\u043e\u0439\u0447\u0438\u0432\u0430\u044f \u043a \u0438\u0441\u0442\u0438\u0440\u0430\u043d\u0438\u044e, \u043d\u0430\u0433\u0440\u0435\u0432\u0430\u043d\u0438\u044e, \u043a\u0438\u0441\u043b\u043e\u0440\u043e\u0434\u0443 \u0438 \u0430\u0442\u043c\u043e\u0441\u0444\u0435\u0440\u043d\u044b\u043c \u0432\u043e\u0437\u0434\u0435\u0439\u0441\u0442\u0432\u0438\u044f\u043c.<\/div>\n<\/div>\n<\/div>\n<div class=\"datasheet_table\"><img decoding=\"async\" class=\"alignnone size-full\" src=\"https:\/\/tuzlahortum.com.tr\/wp-content\/uploads\/2025\/08\/datasheet384.svg\" alt=\"\" title=\"\"><\/div>\n<div class=\"table-notes\"><\/div>\n<div class=\"horizontal-line\"><\/div>\n<div class=\"footer\">\n<div class=\"standards-section\">\n<div class=\"standard-item\" style=\"margin-top: 9px;\"><\/div>\n<div class=\"standard-info\"><\/div>\n<\/div>\n<div class=\"temperature-section\">\n<div class=\"temp-icon\"><img decoding=\"async\" src=\"data:image\/svg+xml;base64,PD94bWwgdmVyc2lvbj0iMS4wIiBlbmNvZGluZz0iVVRGLTgiPz4KPHN2ZyBpZD0ia2F0bWFuXzIiIGRhdGEtbmFtZT0ia2F0bWFuIDIiIHhtbG5zPSJodHRwOi8vd3d3LnczLm9yZy8yMDAwL3N2ZyIgdmlld0JveD0iMCAwIDcyLjI3IDE2Ljk4Ij4KICA8ZGVmcz4KICAgIDxzdHlsZT4KICAgICAgLmNscy0xIHsKICAgICAgICBzdHJva2Utd2lkdGg6IC41OXB4OwogICAgICB9CgogICAgICAuY2xzLTEsIC5jbHMtMiwgLmNscy0zLCAuY2xzLTQgewogICAgICAgIGZpbGw6IG5vbmU7CiAgICAgICAgc3Ryb2tlLW1pdGVybGltaXQ6IDMuODY7CiAgICAgIH0KCiAgICAgIC5jbHMtMSwgLmNscy0zLCAuY2xzLTQgewogICAgICAgIHN0cm9rZTogI2E3YTlhYjsKICAgICAgfQoKICAgICAgLmNscy01IHsKICAgICAgICBmaWxsOiAjYTdhOWFiOwogICAgICB9CgogICAgICAuY2xzLTIgewogICAgICAgIHN0cm9rZTogI2ZmZjsKICAgICAgfQoKICAgICAgLmNscy0zIHsKICAgICAgICBzdHJva2Utd2lkdGg6IDIuMDZweDsKICAgICAgfQoKICAgICAgLmNscy00IHsKICAgICAgICBzdHJva2Utd2lkdGg6IC4ycHg7CiAgICAgIH0KICAgIDwvc3R5bGU+CiAgPC9kZWZzPgogIDxnIGlkPSJrYXRtYW5fMSIgZGF0YS1uYW1lPSJrYXRtYW4gMSI+CiAgICA8Zz4KICAgICAgPHBhdGggY2xhc3M9ImNscy0zIiBkPSJNMTEuMzQsMTEuNTdjLS45NCwxLjcxLTIuNzEsMi42Ni00LjgsMi42Ni0zLjA1LDAtNS41MS0yLjQ3LTUuNTEtNS41MlMzLjUsMy4xOSw2LjU1LDMuMTljMS45NCwwLDMuNjUsMSw0LjYzLDIuNTIiLz4KICAgICAgPGNpcmNsZSBjbGFzcz0iY2xzLTUiIGN4PSI2LjU1IiBjeT0iOC42NiIgcj0iMi40Ii8+CiAgICAgIDxjaXJjbGUgY2xhc3M9ImNscy0yIiBjeD0iNi41NSIgY3k9IjguNjYiIHI9IjIuNCIvPgogICAgICA8bGluZSBjbGFzcz0iY2xzLTMiIHgxPSI2OC4zNCIgeTE9IjExLjc2IiB4Mj0iOS45MiIgeTI9IjExLjc2Ii8+CiAgICAgIDxsaW5lIGNsYXNzPSJjbHMtMyIgeDE9IjY4Ljc4IiB5MT0iNS41MSIgeDI9IjkuNzMiIHkyPSI1LjUxIi8+CiAgICAgIDxsaW5lIGNsYXNzPSJjbHMtMyIgeDE9IjU0LjA3IiB5MT0iOC43NSIgeDI9IjguNjQiIHkyPSI4Ljc1Ii8+CiAgICAgIDxwYXRoIGNsYXNzPSJjbHMtMyIgZD0iTTY4LjE1LDUuNTVjMS43MSwwLDMuMDksMS4zOSwzLjA5LDMuMDlzLTEuOTIsMy4wNi0zLjYyLDMuMDYiLz4KICAgICAgPHBhdGggY2xhc3M9ImNscy01IiBkPSJNNTMuOTEsOC43NWMwLS4xNC4xMi0uMjYuMjYtLjI2cy4yNy4xMi4yNy4yNi0uMTIuMjctLjI3LjI3LS4yNi0uMTItLjI2LS4yN1oiLz4KICAgICAgPHBhdGggY2xhc3M9ImNscy0zIiBkPSJNNTMuOTEsOC43NWMwLS4xNC4xMi0uMjYuMjYtLjI2cy4yNy4xMi4yNy4yNi0uMTIuMjctLjI3LjI3LS4yNi0uMTItLjI2LS4yN1oiLz4KICAgICAgPGxpbmUgY2xhc3M9ImNscy0xIiB4MT0iMzYuNDMiIHkxPSIxNi45OCIgeDI9IjM2LjQzIiB5Mj0iMTQuMjQiLz4KICAgICAgPGxpbmUgY2xhc3M9ImNscy0xIiB4MT0iMjguMDUiIHkxPSIxNi45OCIgeDI9IjI4LjA1IiB5Mj0iMTQuMjQiLz4KICAgICAgPGxpbmUgY2xhc3M9ImNscy0xIiB4MT0iMTkuNTkiIHkxPSIxNi45OCIgeDI9IjE5LjU5IiB5Mj0iMTQuMjQiLz4KICAgICAgPGxpbmUgY2xhc3M9ImNscy0xIiB4MT0iNDEuNTciIHkxPSIyLjc0IiB4Mj0iNDEuNTciLz4KICAgICAgPGxpbmUgY2xhc3M9ImNscy0xIiB4MT0iMzMuMjgiIHkxPSIyLjc0IiB4Mj0iMzMuMjgiLz4KICAgICAgPGxpbmUgY2xhc3M9ImNscy0xIiB4MT0iMjQuOTkiIHkxPSIyLjc0IiB4Mj0iMjQuOTkiLz4KICAgICAgPGxpbmUgY2xhc3M9ImNscy0xIiB4MT0iMTYuMDgiIHkxPSIyLjc0IiB4Mj0iMTYuMDgiLz4KICAgICAgPGxpbmUgY2xhc3M9ImNscy0xIiB4MT0iNDQuNjMiIHkxPSIxNi45OCIgeDI9IjQ0LjYzIiB5Mj0iMTQuMjQiLz4KICAgICAgPGxpbmUgY2xhc3M9ImNscy0xIiB4MT0iNDkuNDkiIHkxPSIyLjc0IiB4Mj0iNDkuNDkiLz4KICAgICAgPGxpbmUgY2xhc3M9ImNscy00IiB4MT0iNDAuODgiIHkxPSIxNi45OCIgeDI9IjQwLjg4IiB5Mj0iMTQuMjQiLz4KICAgICAgPGxpbmUgY2xhc3M9ImNscy00IiB4MT0iMzIuMzMiIHkxPSIxNi45OCIgeDI9IjMyLjMzIiB5Mj0iMTQuMjQiLz4KICAgICAgPGxpbmUgY2xhc3M9ImNscy00IiB4MT0iMjMuNzkiIHkxPSIxNi45OCIgeDI9IjIzLjc5IiB5Mj0iMTQuMjQiLz4KICAgICAgPGxpbmUgY2xhc3M9ImNscy00IiB4MT0iMjAuNTkiIHkxPSIyLjc0IiB4Mj0iMjAuNTkiLz4KICAgICAgPGxpbmUgY2xhc3M9ImNscy00IiB4MT0iMjkuMTMiIHkxPSIyLjc0IiB4Mj0iMjkuMTMiLz4KICAgICAgPGxpbmUgY2xhc3M9ImNscy00IiB4MT0iMzcuMTYiIHkxPSIyLjc0IiB4Mj0iMzcuMTYiLz4KICAgICAgPGxpbmUgY2xhc3M9ImNscy00IiB4MT0iNDUuNzEiIHkxPSIyLjc0IiB4Mj0iNDUuNzEiLz4KICAgIDwvZz4KICA8L2c+Cjwvc3ZnPg==\" alt=\"S\u0131cakl\u0131k\" width=\"100\" title=\"\"><\/div>\n<div class=\"temp-values\">\n<div>-40\u00b0C \/ +100\u00b0C<\/div>\n<div>-40\u00b0F \/ +212\u00b0F<\/div>\n<\/div>\n<\/div>\n<div class=\"marking-section\">\n<div class=\"detail-row\">\n<div class=\"detail-label\">\u041c\u0430\u0440\u043a\u0438\u0440\u043e\u0432\u043a\u0430<\/div>\n<div class=\"detail-value\">: \u0422\u0438\u0441\u043d\u0435\u043d\u0438\u0435 \u0438\u043b\u0438 \u0441\u0442\u0440\u0443\u0439\u043d\u0430\u044f \u043f\u0435\u0447\u0430\u0442\u044c<\/div>\n<\/div>\n<p><img decoding=\"async\" class=\"marking-image\" src=\"data:image\/png;base64,iVBORw0KGgoAAAANSUhEUgAABf4AAAAsCAYAAAA0N6k3AAAACXBIWXMAACE3AAAhNwEzWJ96AAAXCUlEQVR4nO3dsW\/b1r4H8G+Lrj3\/gAk0RbuIQwt0EYcENwUiDQnyBotDgiyOhqRZbA12MlzbD7CTIbEH2UuuPSheDHuQPNwiGagAN0A7UMsD3huopUDvQO0Xp\/\/AG6RDH1GkSEmUJSvfDxAgsSXykDw8Un7nx9\/54rtvbtwAsAIiIiIiIiIiIiIiIrruTr4CcAPAf8+4IURERERERERERERENLlPX866BURERERERERERERElB0G\/omIiIiIiIiIiIiIFggD\/0REREREREREREREC4SBfyIiIiIiIiIiIiKiBcLAPxERERERERERERHRAmHgn4iIiIiIiIiIiIhogTDwT0RERERERERERES0QL6adQPo82IYBpYMAx3fh+\/7s24OERERERERERER0cLJLPBfKBbxen8PQoisNhmp5bp49OAhVisVrFbWAADf3\/h2qvuk7Lw9PkLONPHsyVMG\/okWWMm2kbfyeL6+MeumXHs508Tm9haePXkKKeVI7xVC4O3xEV7u7KLteVNq4Wws8rERERERERERTSqzwH\/ONKce9J8mIQRyppnqtVHZ6oZhIG9ZQTZ7y3VjA9vDzlXaTHjDMHCnWIQQAm3PQ8t1IwNC6riklLGBEdWepH3nLQtAd\/JlHIZhBG1pOk6qtiW1pe15kcedt6zY44l66kBtb5hwO0c9H3HXPem8xz0lkebpCfWaYec43HebjpMYXExzvoDBcwZ0+2TesoJr33LdoW1bMozU244ihEChWEx1byZd0zTnE7i81nH9Ux9vhvWfvGX1tSlNX9PPL4Ch40PacXvUe94wDPx9ewtCCLTcFhr1+kjv\/xzpYxqAvv7xZn8POdPEamUNL3d2R9ruamUNecvCP46PgkmYYWNGeGwdZ2yM22ZSPxq2r6h7SR3bm\/093L97L7GdaSXdv8Ok+S4wyvelcT9viYiIiIiIiL747psbtwH8a9IN6Rn4TcdB22tPuslIHd9Ho17PPOM\/b1k4PT9L9drD6gEOq9Xg35vbW1gplxNfp5yenw0NcLRcd2hmZ9T+pJR4tbM7EGBTx6WelIii2hPXXuWPf\/8JYPzzXbJtvN7fw0W9jufrG6naFke1+eXOLk5qtb7fCSHwP\/\/3v7HbjTpedWzDhLc36vkYdt07vo+XO7toOs7A71RfD18f9fNh5y\/pNaP0JV2a8wUMnrOSbQcBYV3TcfBifSMisHd5n0fp+D5+efI0NugYt7+TWi0ygJp0TdOcc+DyWj968DAycKePN1H7ypkm\/nF8NDDp0fY8PF\/fiD3e1UoFK+XHA8crpcRJ7R1OarW+c5w0Fimj3vNv9vewbNtj3dufK9X31PnS+4feX27fvJX6aSnDMPDp99+C7apAuRqDw9QYLaXE7Zu3IKUca2zU5UwTv354n6rtSfsK37dCCHz6\/TcIIfBifSOzCaak+zdO2u8Cae87gE80EhERERER0dh+nkqN\/2dPnqZ+7ahPCoyafTdtKsAVRQUshwXTo+QtC2+PjyIDKeH9SSkhhIAQIgjYRAWP58GdYgEA0HSaE2+r5bZ62dD5gcC\/CqjEBVbSZFpftSXDwNvjo7GCV3nLQsm2R35fUl8CkGmmtgoqRikUixDHYuQg8ZJh4PT8LAhSDtufOj4AQXBu1Ozpq5AzTZyen0WOi+p3UccbniRR\/TtvWRBCYLWyBiG+nvoxG4YR9Kt5PL\/XUct1cVGvY9m2sVpZS10+SZ+Mb7kuDqvA6bmFZdvGYfVgIAi\/bJcAABf1emaftaXeNgHgTrE4MF6PYqVchpR\/BZ+papLy9f4eVitrM32yZBrfBYiIiIiIiIgm8eWsG7C5vYXT87PUfza3t6bSjpbr4vsb3\/b9UR49eNj3c\/Wf97xlBf\/Rv6jX8dMPP+L7G9\/ipx9+DILvq5U1GDGlSsLb\/f7Gt0GgTC\/xoUTt76cffsTtm7eCDOCrWGdhHKrcCoBMJibU8ZoR5Zn0kk3hc2gYRnB+ogL\/4euh\/8kqczl83e\/fvdd3\/eL6yzDdoG76656mL0Vlyivhc6PO5WH1IPKcCSHw99692\/Y83L55S7ufDoI2lWICZ+Htqm2rYH44yzZqf+oYL3rBwZVyOXXW7VXa7J13KWVfX1FPAQkhBsbB7jl4DODyej568BCPHjzETz\/8iMPqAaSUwbkOixqLosbCNFQ7uk9+se76KNqe13fOLrRAtrp2y7ad6l4XQgT3uHqvXi4qHKTWP3NOau8Gtjfu2KjGfaB\/EmCY8Pb779v+J1oa9To6vo8lw+jb11Ua9bvA4HeKy+szyb1HREREREREpJt54P86U0GMluviuVamREqJZ0+eotPLpozLAoxyUqsFgZ9wUDJuf77v9wVBZxX8GCbLoD9wGfhf0gL5St7Ka38fnDzR3z8P2p6HRw8eBv3lzhjXb8kwIktMxEnbl0bpu8MUeutRqGC2nml8WK0GQb3llIFB1Xb1Pv2aD9uflBLP1zeC4GfaQORVUfXBge6TU\/rkVNNx8Ko3MRi+LurJKXV8erZ2N+BfxU8\/\/HglT0ype\/2i3pj6vhZJR7v3gO711jP7fd8Pxq00Y7x6zeBkQve6hAPoJS3bP6uF13OmiSXDQNvz0PF95ExzrIlNKWUwKR61Ho\/6XCn0niq7atP4LkBEREREREQ0qamU+nl7fJRY4z9caxpAbDaqrpNRQCILKvgQF+Bq1Bu9msr5yN\/HUedFiK\/7fq7qfUeVypFS4sX6BnKmmVnQJkuqzM\/HDMr8AN0gmMryzJlmX4BUD\/bnzFzf+9S\/56nMD4CgRNNKuYxCsTBSOYy25yFnmlgpP468r6Ik9aVXO7vB4pRZUOf9Y8zCwY16A8u2PXIGvpR\/AcDA5I86vrhFbV\/u7KJQLM7VeAJcjilqUdCwRr0elC\/KW9bAa2Y9oaUvxjyvJcfm1S\/aui4d38eLiHI+jXoDm9sm7hQLiWVt1OdO+B7vrpGzFmTIN+r1vvJMaT6H01IB8abThBBfY6VcHrvcj34fh+\/3Rr0RbBtIVwZJ39aybU9Ugmha3wWUQrHYN\/FDRERERERElMZUAv+FYjFVRmK43u11q3+r\/rM\/rUC7CmoqSdnqTceZ22Bb1hn\/AOB5HpZ6GdJ6PXOgG\/DNmeZAIFlds2ktPj2J8PVOq+k0IaVE3rKwub2Vqv53Ul\/Kulb25b3SyXS7Sji4rwJscdc5nAU9LyYdU\/TM\/1nQJ1xoNHp\/jLv+w0qchQ27FofVg766+Cro33LdTD\/P9HHf6D2VVLJLEwXZgcH7XZ0XIQQMw0h9DIViEa\/399D2vEwC\/9P6LpAzTbw9PhpYJJiIiIiIiIhomMxK\/WQRRPvj338m\/jk9P8ugtfNLD1bPWzbyuPTgT5YByZbbAtCf1X8Z+G+h5boDZSHU7705DPpO4qVWAiZcBmNRCSGCjOJFuVfGpQc+f\/3wHqWUdeCzNo+ltBaJCuIvpSiXM+xaNHqL96qJU7UuQ5bZ\/qrMT6eXqa7G\/3HL\/eilzKLu91HOjRACb\/b38Pb4aC7XxImzWlnD6fnZWOePiIiIiIiIPj+ZZfw3HSfVQnR\/\/PvPrHZ57W1ub0VkKl8G\/bPMus6ZZuykybQDxYWMy\/woUdmveikfKSUKxSLylhWUwwG62aJxgcm4c3RRb2SeBZ+ltufhope5u7m9NdZCxFELSmfdD8dVsksDZTJUdjuQbcASiO8Howbcou5xYLBUyaTUwr2qhMvr\/T28xl7wZEOj3hiahR\/XzrbnBZNKo7VnvKdXrpPVSiXx\/lD3VJZ180cVN9l6UnuH1cpaEPzWF\/6NMurYeFnm5\/Ipr4+Og2XbTiz3E96XPoE76bnMWxbe7O\/1laR6NUYfv0ontVpQKilvWfjnh\/c4rB5M\/OQEERERERERLbaplPoZV5ryEIuUSRoXcO\/4Pn558jTTfQkhRq6fnhW1WG3W5T\/0DE9V3kQv9aOYvckAMyjzE9+H4s6Rerpgnr3c2cWd3kRHoVgcuaxS3rKwWlnr+1nLdeci8L+k1Y7XqfUIsg6qZnWvXOXTF4fVKjq+HwT\/1f5zpoll20bTcfAitPDvLNq5KFYra4n3h7qnsi6ho7Y9yZh6Uqv1LfCbtBjzqGNjIRj3W32vXbbtxHI\/8ftyEyei4s6LEAKrlbXgyQG1Ls68lsfTqcWNG\/UG3uzvIWea2NzeQqFYwIv1jblc14eIiIiIiIhmb64C\/+NkKV9n3czFbs3zvJVH3rIgpcT9u\/cyr9HdzUyNDuyU7FKq8gjjKBSLEEKg7XlTCU60XBd5y0LONCGlDDJX1e+AyyDS5dMA8UH8uMzx61CzXEoZZPFubm+NHNDSF5QNl0iatW42cve6GcZSUJP82ZOnU7k2cf1A3adp6fe4Tj+GLDXq9WCx1m7ZsDwKxWKwkGun4kcGTuPa+bmXUArLmWbkxKEQAkuGgbbnQQgBIUTkeDdpsD5LUkpc1OtYKZdTPdkzytioyvyoRcuVpuPgNfaCcj9xnwn6vtTnU8t1J\/qOIKUceBJlWp9702L0JrmVju\/PbD0PIiIiIiIimn9jBf6nFRRME1CLKtOSNhDX8f25yozTy28YhoFPv\/8GIQQKxWLmWda+78cuCpi38lMM\/HfL\/MRNOkyq7XlBOQ0VAOnPMO1ODKhAqPpZnOu+cOJhtRoEylYrlZHeq4LGQHfC5u3x0TSaOJaW2+q7NnnLwpJhoGSXphT4j+4Hq5XKSIH\/uBI7ecuaSuBf8XtjXdNx8HJnF2\/297Bs21i27cjAf1IpIOpSJWg+9oLZhmHg7fFR8ITNsydPg3Jbbc8LxqSV8uOgvMz9u\/cyeXIti0kZFQhP87k4ytioyvyo8Vmnyq4NK\/ej76vj+3i9vxeM40ltHXZeDqtVNB2nL2u+ZJfwfH1jrp8mFELg9f5e8BTFdXpagYiIiIiIiGZnrMD\/sHrxk0izzaisv7RtOaweZBrYVRnmWdTr9n0\/qNG+bJciA\/8d3w\/K2kQxeuVQhtWwv2oq6PNxSgGKttcG0M3m\/ysI\/F8GMFtuK5gY+FwWHn2+voHT8zOslB\/jYswJpKwn9lQAVIivM9neYfUAr\/f3cKdYhBC7A1mvKvgXtz998nKeAt6X5ynbNQBe7uxieUYL\/i4KwzDw0XFwp1gMJm1UCaqO7wd97q\/e+KvfQ\/oC51ldg3maxA5Tx5u3LJyeR0+UJZX7URr1elC+atm2Ez\/Dk85L2\/Nw\/+49rFYqWK2sBRMAkz5NkNV3gSgr5XJfH4or2UVERERERESk+3JWO16E4Ks6hvCio4oqLZM2M\/Nd7V1ve4OLrAKXAQ2VRR\/2en8Pp+dnQYBg1lS5h2mV+QEug7amaUbW91d\/X9YyUOc1YKL60aSZvGqRTiFEbFa5Oi9xfckwljJpi6ImaOKy5VWQNO3+GvV6EGxTNbt1qmxN3L2wUi7j9PxsYE2DWVNjir5wsU4PJs9jGR7Vprgx8TrzfR\/P1zdw++atvjHmpFbD327eCp6kaNTruH\/3Hp5p67RIKXH75q2JS1PpC5QnubwWV7u2ixr307wu7WLZ6rNRX5MgantAunMDdLP\/79+9l8l9lPV3gShSSjx78hTPnjyd288wIiIiIiIimi9jZfx3fD+23m8a3XrSfu\/vjZEWTlX\/cW65Lg5HTN7POrO36TSDkh2NeqNvMkMtsKpel0bb84LSNKuVNTx60N9efX\/vau\/69ley7SDAM26Wd9ZUuYe0xz8Ov1fjWAWawtf4MiAz39n++vXL4ny9WN8ISkdFUU9CRPVdtRhsVm3pbscJsmtLtt33RItadFO9Li21nsFK+TFOarW+YJja35JhYKVc7ssszpkmVsqPASQvaHrVWq4bTGhsbm\/h+fpG3+83t7cAYGAyzTAMvN7fi13oU02OTHuywNMmLhZVrjfJ2PY8LQv9YCAYq\/qYGtPTZKsnSbNAueL12pczzSt9quVy3Hf6Jj90v354n1juR3fRy\/pXE33h86jXvh9ljFfZ\/5NOlmf9XSCqnf91995cP+VBRERERERE82eswP+wevGjGreWvcpqniU9GHF6foaLeh1S\/tW3cGfb80YKZh5WD3B6flmaRj\/GNPtrOs7UgwPDasfri0TqpQmGMRLq0Sdd65brBvsKTyLJUNkNr5d5HiftsU3ynpJd6svCLRQLfWVnsqjb7Ps+Tmq1yGx4AL3fPR7oS0J8PXbfHUaf1OrW687D9zvB\/oQQweLEaenHEA4G6vvb3N6CaeYG9tfp1cCfN2pCY9m2e4uadvu0vgh3eOL17fERcqaJT7\/\/hot6HZ7XDvp9oVgI+tuwBb6HZYanHe\/VEzWqlNK8TrRNQk2+PF\/fCPrXamWtb+2EQrGIvGUFZVl+\/fA+KL01yfisMsrTTJa33FavHflUwfUko477w9rYdJq9ScB05X70hcujJvqinvZKS0oZ+z0k7X0xje8Cunkcp4iIiIiIiGj+jRX4N3pZjtdNXOB2XFJKPHrwEKfnZ5ElR6SUAxm7SVquG9TyDy9cmrS\/tufhxYj7G8ew8igt10WjXg\/KPXR8PzH4112INn6bh9XhAZ221w6CTVH7arlu6nruaY5t0vfE3Tttz4vNkB3HYfUgtq77NPpukmdPnuL0\/KzviQLdq53dkYKiUkp8dBws2zZKdmkgOD1sf1JK\/DKnJTMOq9UgYBhV9uuiXh8IBKo1D1R5p+WI7TYdJzaAnzSejzLRq1+TlzuLF\/hvOk20XBdtz0Pb81AoFgaC3L7vo+W6eLXTXX+iu8ZCaaL+JoTAnZSTqUD3Omxub6FQLAYTa5NIM86pdWbU\/uPoTwClWbAX6A+uF4rFvnF1eUpPl6W9L2YxnhIRERERERElGSvwnxSonVdxgdthrweG1wxWj+CrIIbKcm06zYGsRP09w7b7cmcXK+XHwUK++uv0\/eUtq5cR7Ab7C5NSBkGqYccAJJcBSZNNqbaVJttftS1JUruajqNlwg5uT2WX6u0LG+XYxn1P3L67mefN2HPV6QURw+ch7ueKlBKvegHHqH3H9d1uGa3B0iXDpOlDKji2Ui4jb+WRt6zgGA6rB5HBv6RjPKweBIHG8BMy+v7UUxVJx5d0TVV7kiazku7xpL7\/fH0DLbeFZbvUN2l1UnsX08cdtG66vcmCPExt4s3zPHx0mpFj3zQy8hv1Rm+R8ugSONddeBIkalHYtuf1\/bzpOBNnba+UyxBCBBMOSdTkQ96yIsvjAOn68yjjnCor1PH9ocF8lf2ungxRrx22L79XYrA7duSD\/qxPjmVV5m6c+2Kc7wJK2nGFiIiIiIiIaBRffPfNjdsA\/jXKm\/KWhdPzs+m0aIparhsZpKHsqRrO9+\/eYzCD6DNzen6GvGXhpFbrK4FD4xFCBGt2vFjfSD2BrT6rpZQLWyNe9bWLep1Z9URERERERESXfh4r8K+y9K4bVe+dpsswDHz6\/Td0fB9\/u3lr1s0hoiumTw4\/evBw5uuxXHdvj49QKBbHmrxWgfFFnPheKZexub0FKSVu37y1cE+XEBEREREREU3g57FK\/aQt0UKfpzvB4o7sI0Sfo25ZohqWbZvB2Ax8dJrIW9ZYT0+8WN\/APz+8TyyZdh21XDcoacZ+RkRERERERNRvrIx\/IiKiJKrOOU0u7SK4URb5OkxyXoiIiIiIiIgW2HilfoiIiIiIiIiIiIiIaC79\/OWsW0BERERERERERERERNlh4J+IiIiIiIiIiIiIaIEw8E9EREREREREREREtEAY+CciIiIiIiIiIiIiWiAM\/BMRERERERERERERLZCvAPwHwKcZt4OIiIiIiIiIiIiIiCb3n1k3gIiIiIiIiIiIiIiIiIiIiIiIiIiIiIiIiIiIiIiIiIiIiIiIiIiIiIiIiIiIiIjouvh\/pJ9Es8x6iC4AAAAASUVORK5CYII=\" alt=\"Markalama G\u00f6rseli\" title=\"\"><\/p>\n<\/div>\n<div>\n<table style=\"width: 100%;\" cellspacing=\"0\" cellpadding=\"0\">\n<tbody>\n<tr>\n<td style=\"width: 120px; font-weight: bold;\">\u041d\u043e\u0440\u043c<\/td>\n<td style=\"width: 400px; text-align: left;\">\u0418\u0421\u041e 1307<\/td>\n<td style=\"width: 120px; font-weight: bold;\">\u0426\u0432\u0435\u0442<\/td>\n<td style=\"width: 400px;\">\n<div class=\"color-icons\"><img decoding=\"async\" src=\"data:image\/svg+xml;base64,PHN2ZyB2aWV3Qm94PSIwIDAgMTAwIDEwMCIgeG1sbnM9Imh0dHA6Ly93d3cudzMub3JnLzIwMDAvc3ZnIj4KICA8Y2lyY2xlIGN4PSI1MCIgY3k9IjUwIiByPSI0OSIgZmlsbD0iIzAwMDAwMCIgc3Ryb2tlPSJibGFjayIgc3Ryb2tlLXdpZHRoPSIwLjUiLz4KICA8Y2lyY2xlIGN4PSI1MCIgY3k9IjUwIiByPSIzOCIgZmlsbD0id2hpdGUiIHN0cm9rZT0iYmxhY2siIHN0cm9rZS13aWR0aD0iMC41Ii8+CiAgPGNpcmNsZSBjeD0iNTAiIGN5PSI1MCIgcj0iMzMiIGZpbGw9IiMwMDAwMDAiIHN0cm9rZT0iYmxhY2siIHN0cm9rZS13aWR0aD0iMC41Ii8+CiAgPGNpcmNsZSBjeD0iNTAiIGN5PSI1MCIgcj0iMjIiIGZpbGw9IndoaXRlIiBzdHJva2U9ImJsYWNrIiBzdHJva2Utd2lkdGg9IjAuNSIvPgo8L3N2Zz4=\" alt=\"\" title=\"\"><\/div>\n<\/td>\n<\/tr>\n<\/tbody>\n<\/table>\n<\/div>\n<\/div>\n<\/div>","protected":false},"excerpt":{"rendered":"<p>&nbsp; \u00dcr\u00fcn Ad\u0131: TORCH L\/L \u00dcr\u00fcn Kodu: LL\/TC160 Kaynak Tor\u00e7 Hortumu Kullanim Alan\u0131 : Kaynak torcu i\u00e7in uygun su ve so\u011futma s\u0131v\u0131lar\u0131n\u0131n iletimi. Alt Katman : \u0130letken Olmayan \u00d6zel Sentetik Kau\u00e7uk. Takviye Katman\u0131 : Y\u00fcksek Mukavemetli Sentetik Tekstil. \u00dcst Katman : A\u015f\u0131nmaya, Is\u0131ya, Oksijene ve Hava Ko\u015fullar\u0131na Dayan\u0131kl\u0131 \u0130letken Olmayan P\u00fcr\u00fczs\u00fcz \u00d6zel Sentetik Kau\u00e7uk. -40\u00b0C [&#8230;]\n","protected":false},"featured_media":22515,"comment_status":"open","ping_status":"closed","template":"","meta":{"jetpack_post_was_ever_published":false},"product_brand":[],"product_cat":[2356],"product_tag":[],"class_list":{"0":"post-21769","1":"product","2":"type-product","3":"status-publish","4":"has-post-thumbnail","6":"product_cat-sel_kaynak_hortumlari","8":"first","9":"instock","10":"taxable","11":"shipping-taxable","12":"product-type-simple"},"jetpack-related-posts":[{"id":21341,"url":"https:\/\/tuzlahortum.com.tr\/ru\/product\/heater-l-l\/","url_meta":{"origin":21769,"position":0},"title":"\u041d\u0410\u0413\u0420\u0415\u0412\u0410\u0422\u0415\u041b\u042c L\/L","author":"admin","date":"11 \u0430\u0432\u0433\u0443\u0441\u0442\u0430 2025","format":false,"excerpt":"\u00a0 \u00dcr\u00fcn Ad\u0131: HEATER L\/L \u00dcr\u00fcn Kodu: LL\/HC162 Araba Is\u0131t\u0131c\u0131 D\u00fc\u015f\u00fck Ya\u011f Direnci Kullanim Alan\u0131 : End\u00fcstriyel uygulamalarda hafif kimyasal i\u00e7erikli s\u0131cak suyun iletimi i\u00e7in. Alt Katman : EPDM Kau\u00e7uk Takviye Katman\u0131 : Y\u00fcksek Mukavemetli Sentetik Tekstil. \u00dcst Katman : A\u015f\u0131nmaya, Is\u0131ya, Oksijene ve Dayan\u0131kl\u0131, P\u00fcr\u00fczs\u00fcz EPDM Kau\u00e7uk. -40\u00b0C \/\u2026","rel":"","context":"\u041f\u043e\u0445\u043e\u0436\u0430\u044f \u0437\u0430\u043f\u0438\u0441\u044c","block_context":{"text":"\u041f\u043e\u0445\u043e\u0436\u0430\u044f \u0437\u0430\u043f\u0438\u0441\u044c","link":""},"img":{"alt_text":"","src":"https:\/\/i0.wp.com\/tuzlahortum.com.tr\/wp-content\/uploads\/2025\/08\/heaterll-p.png?fit=553%2C553&ssl=1&resize=350%2C200","width":350,"height":200,"srcset":"https:\/\/i0.wp.com\/tuzlahortum.com.tr\/wp-content\/uploads\/2025\/08\/heaterll-p.png?fit=553%2C553&ssl=1&resize=350%2C200 1x, https:\/\/i0.wp.com\/tuzlahortum.com.tr\/wp-content\/uploads\/2025\/08\/heaterll-p.png?fit=553%2C553&ssl=1&resize=525%2C300 1.5x"},"classes":[]},{"id":21617,"url":"https:\/\/tuzlahortum.com.tr\/ru\/product\/pompa-l\/","url_meta":{"origin":21769,"position":1},"title":"\u041d\u0410\u0421\u041e\u0421 \/ L","author":"admin","date":"11 \u0430\u0432\u0433\u0443\u0441\u0442\u0430 2025","format":false,"excerpt":"\u00dcr\u00fcn Ad\u0131: POMPA \/ L \u00dcr\u00fcn Kodu: OPL441 Benzin Pompas\u0131 -30\u00b0C Kullanim Alan\u0131 : T\u00fcm Tip Benzin Da\u011f\u0131t\u0131m Uygulamalar\u0131 \u0130\u00e7in Uygundur. (Normal, Premium Benzin ve Dizel) Alt Katman : Ya\u011f, Benzin ve Dizel Diren\u00e7li, D\u00fcz, Siyah, Nitril Kau\u00e7uk. Takviye Katman\u0131 : Y\u00fcksek Mukavemetli Sentetik Tekstil ve Antistatik Bak\u0131r Tel. \u00dcst\u2026","rel":"","context":"\u041f\u043e\u0445\u043e\u0436\u0430\u044f \u0437\u0430\u043f\u0438\u0441\u044c","block_context":{"text":"\u041f\u043e\u0445\u043e\u0436\u0430\u044f \u0437\u0430\u043f\u0438\u0441\u044c","link":""},"img":{"alt_text":"","src":"","width":0,"height":0},"classes":[]},{"id":21440,"url":"https:\/\/tuzlahortum.com.tr\/ru\/product\/pararub-l\/","url_meta":{"origin":21769,"position":2},"title":"\u041f\u0410\u0420\u0410\u0420\u0423\u0411 \u041b","author":"admin","date":"11 \u0430\u0432\u0433\u0443\u0441\u0442\u0430 2025","format":false,"excerpt":"\u00a0 \u00dcr\u00fcn Ad\u0131: PARARUB L \u00dcr\u00fcn Kodu: ABPL790 A\u015f\u0131nma - Pararub Kullanim Alan\u0131 : A\u015f\u0131nd\u0131r\u0131c\u0131 tozlar, gran\u00fcller, kum, \u00e7ak\u0131l, \u00e7imento ve benzeri tozlar\u0131n tahliyesi i\u00e7in. Alt Katman : A\u015f\u0131nmaya Dayan\u0131kl\u0131 Do\u011fal Kau\u00e7uk (Bej Renk) Takviye Katman\u0131 : Y\u00fcksek Mukavemetli Sentetik Tekstil ve Antistatik Bak\u0131r Tel. \u00dcst Katman : A\u015f\u0131nmaya, ozona\u2026","rel":"","context":"\u041f\u043e\u0445\u043e\u0436\u0430\u044f \u0437\u0430\u043f\u0438\u0441\u044c","block_context":{"text":"\u041f\u043e\u0445\u043e\u0436\u0430\u044f \u0437\u0430\u043f\u0438\u0441\u044c","link":""},"img":{"alt_text":"","src":"https:\/\/i0.wp.com\/tuzlahortum.com.tr\/wp-content\/uploads\/2025\/08\/pararubl-p.png?fit=547%2C547&ssl=1&resize=350%2C200","width":350,"height":200,"srcset":"https:\/\/i0.wp.com\/tuzlahortum.com.tr\/wp-content\/uploads\/2025\/08\/pararubl-p.png?fit=547%2C547&ssl=1&resize=350%2C200 1x, https:\/\/i0.wp.com\/tuzlahortum.com.tr\/wp-content\/uploads\/2025\/08\/pararubl-p.png?fit=547%2C547&ssl=1&resize=525%2C300 1.5x"},"classes":[]},{"id":21494,"url":"https:\/\/tuzlahortum.com.tr\/ru\/product\/white-l\/","url_meta":{"origin":21769,"position":3},"title":"\u0411\u0415\u041b\u0410\u042f \u041b","author":"admin","date":"11 \u0430\u0432\u0433\u0443\u0441\u0442\u0430 2025","format":false,"excerpt":"\u00a0 \u00dcr\u00fcn Ad\u0131: WHITE L \u00dcr\u00fcn Kodu: ABFL248 Hafif Hizmet D\u00f6kme G\u0131da Verici D\u00dcZ Kullanim Alan\u0131 : G\u0131da End\u00fcstrisi \u0130\u00e7in D\u00f6kme A\u015f\u0131nd\u0131r\u0131c\u0131 Malzemelerin Bo\u015falt\u0131lmas\u0131. Alt Katman : Beyaz Renk, Toksik Olmayan, A\u015f\u0131nmaya Dayan\u0131kl\u0131 Do\u011fal Kau\u00e7uk. Takviye Katman\u0131 : Y\u00fcksek Mukavemetli Sentetik Tekstil ve Antistatik Bak\u0131r Tel. \u00dcst Katman : A\u015f\u0131nma,\u2026","rel":"","context":"\u041f\u043e\u0445\u043e\u0436\u0430\u044f \u0437\u0430\u043f\u0438\u0441\u044c","block_context":{"text":"\u041f\u043e\u0445\u043e\u0436\u0430\u044f \u0437\u0430\u043f\u0438\u0441\u044c","link":""},"img":{"alt_text":"","src":"https:\/\/i0.wp.com\/tuzlahortum.com.tr\/wp-content\/uploads\/2025\/08\/whitel-p.png?fit=534%2C534&ssl=1&resize=350%2C200","width":350,"height":200,"srcset":"https:\/\/i0.wp.com\/tuzlahortum.com.tr\/wp-content\/uploads\/2025\/08\/whitel-p.png?fit=534%2C534&ssl=1&resize=350%2C200 1x, https:\/\/i0.wp.com\/tuzlahortum.com.tr\/wp-content\/uploads\/2025\/08\/whitel-p.png?fit=534%2C534&ssl=1&resize=525%2C300 1.5x"},"classes":[]},{"id":22750,"url":"https:\/\/tuzlahortum.com.tr\/ru\/product\/capri-l-a2\/","url_meta":{"origin":21769,"position":4},"title":"CAPRI L-A2","author":"admin","date":"11 \u0430\u0432\u0433\u0443\u0441\u0442\u0430 2025","format":false,"excerpt":"\u00a0 \u00dcr\u00fcn Ad\u0131: CAPR\u0130 L-A2 \u00dcr\u00fcn Kodu: MFDL906 Denizcilik Tipi Yak\u0131t Verici Hortum, L-A2 Kullanim Alan\u0131 : Deniz ara\u00e7lar\u0131ndaki yak\u0131t tanklar\u0131nda yak\u0131t bo\u015falt\u0131m\u0131 i\u00e7in, alev diren\u00e7li. Alt Katman : Siyah, \u00d6zel Nitril Kau\u00e7uk. Takviye Katman\u0131 : Y\u00fcksek Mukavemetli Sentetik Tekstil. \u00dcst Katman : Deniz Suyuna, Aleve, A\u015f\u0131nmaya ve Hava Ko\u015fullar\u0131na\u2026","rel":"","context":"\u041f\u043e\u0445\u043e\u0436\u0430\u044f \u0437\u0430\u043f\u0438\u0441\u044c","block_context":{"text":"\u041f\u043e\u0445\u043e\u0436\u0430\u044f \u0437\u0430\u043f\u0438\u0441\u044c","link":""},"img":{"alt_text":"","src":"https:\/\/i0.wp.com\/tuzlahortum.com.tr\/wp-content\/uploads\/2025\/08\/Capri_L-A2.png?fit=344%2C344&ssl=1&resize=350%2C200","width":350,"height":200},"classes":[]},{"id":22738,"url":"https:\/\/tuzlahortum.com.tr\/ru\/product\/montecarlo-l-a1\/","url_meta":{"origin":21769,"position":5},"title":"\u041c\u041e\u041d\u0422\u0415\u041a\u0410\u0420\u041b\u041e\/\u041b-\u04101","author":"admin","date":"11 \u0430\u0432\u0433\u0443\u0441\u0442\u0430 2025","format":false,"excerpt":"\u00a0 \u00dcr\u00fcn Ad\u0131: MONTECARLO\/L-A1 \u00dcr\u00fcn Kodu: MFDL901 Denizcilik Tipi Yak\u0131t Verici Hortum, L-A1 Kullanim Alan\u0131 : Deniz ara\u00e7lar\u0131ndaki yak\u0131t tanklar\u0131na yak\u0131t bo\u015falt\u0131m\u0131 i\u00e7in esnek, alev diren\u00e7li, d\u00fc\u015f\u00fck ge\u00e7irgenlikli. Alt Katman : D\u00fc\u015f\u00fck Ge\u00e7irgenlikli \u00d6zel, Nitril Siyah Kau\u00e7uk. Takviye Katman\u0131 : Y\u00fcksek Mukavemetli Sentetik Tekstil. \u00dcst Katman : Deniz Suyuna, Aleve,\u2026","rel":"","context":"\u041f\u043e\u0445\u043e\u0436\u0430\u044f \u0437\u0430\u043f\u0438\u0441\u044c","block_context":{"text":"\u041f\u043e\u0445\u043e\u0436\u0430\u044f \u0437\u0430\u043f\u0438\u0441\u044c","link":""},"img":{"alt_text":"","src":"https:\/\/i0.wp.com\/tuzlahortum.com.tr\/wp-content\/uploads\/2025\/08\/MonteCarlo_L-A1.png?fit=354%2C354&ssl=1&resize=350%2C200","width":350,"height":200},"classes":[]}],"jetpack_sharing_enabled":true,"jetpack_likes_enabled":true,"_links":{"self":[{"href":"https:\/\/tuzlahortum.com.tr\/ru\/wp-json\/wp\/v2\/product\/21769","targetHints":{"allow":["GET"]}}],"collection":[{"href":"https:\/\/tuzlahortum.com.tr\/ru\/wp-json\/wp\/v2\/product"}],"about":[{"href":"https:\/\/tuzlahortum.com.tr\/ru\/wp-json\/wp\/v2\/types\/product"}],"replies":[{"embeddable":true,"href":"https:\/\/tuzlahortum.com.tr\/ru\/wp-json\/wp\/v2\/comments?post=21769"}],"wp:featuredmedia":[{"embeddable":true,"href":"https:\/\/tuzlahortum.com.tr\/ru\/wp-json\/wp\/v2\/media\/22515"}],"wp:attachment":[{"href":"https:\/\/tuzlahortum.com.tr\/ru\/wp-json\/wp\/v2\/media?parent=21769"}],"wp:term":[{"taxonomy":"product_brand","embeddable":true,"href":"https:\/\/tuzlahortum.com.tr\/ru\/wp-json\/wp\/v2\/product_brand?post=21769"},{"taxonomy":"product_cat","embeddable":true,"href":"https:\/\/tuzlahortum.com.tr\/ru\/wp-json\/wp\/v2\/product_cat?post=21769"},{"taxonomy":"product_tag","embeddable":true,"href":"https:\/\/tuzlahortum.com.tr\/ru\/wp-json\/wp\/v2\/product_tag?post=21769"}],"curies":[{"name":"wp","href":"https:\/\/api.w.org\/{rel}","templated":true}]}}