{"id":21755,"date":"2025-08-11T11:32:52","date_gmt":"2025-08-11T08:32:52","guid":{"rendered":"https:\/\/tuzlahortum.com.tr\/urun\/osris-pw\/"},"modified":"2025-08-20T15:26:30","modified_gmt":"2025-08-20T12:26:30","slug":"osris-pw","status":"publish","type":"product","link":"https:\/\/tuzlahortum.com.tr\/ru\/product\/osris-pw\/","title":{"rendered":"OSRIS - PW"},"content":{"rendered":"<p>&nbsp;<\/p>\n<div class=\"report-container\">\n<div class=\"report-header\">\n<div class=\"standard-text\">\u041d\u0430\u0437\u0432\u0430\u043d\u0438\u0435 \u043f\u0440\u043e\u0434\u0443\u043a\u0442\u0430: OSRIS - PW<\/div>\n<div class=\"standard-text\">\u041a\u043e\u0434 \u0442\u043e\u0432\u0430\u0440\u0430: RS835<\/div>\n<\/div>\n<div class=\"product-image-container\">\n<div class=\"key-feature\">\u0420\u0430\u0441\u043f\u0440\u0435\u0434\u0435\u043b\u0435\u043d\u0438\u0435 \u043f\u0438\u0442\u044c\u0435\u0432\u043e\u0439 \u0432\u043e\u0434\u044b \u0441 \u043c\u044f\u0433\u043a\u0438\u043c\u0438 \u0441\u0442\u0435\u043d\u043a\u0430\u043c\u0438 (F.D.A)<\/div>\n<\/div>\n<div class=\"horizontal-line\"><\/div>\n<div class=\"product-details\">\n<div class=\"detail-row\">\n<div class=\"detail-label\">\u041e\u0431\u043b\u0430\u0441\u0442\u044c \u0438\u0441\u043f\u043e\u043b\u044c\u0437\u043e\u0432\u0430\u043d\u0438\u044f<\/div>\n<div class=\"detail-value\">: \u0414\u043b\u044f \u0441\u0431\u0440\u043e\u0441\u0430 \u043f\u0438\u0442\u044c\u0435\u0432\u043e\u0439 \u0432\u043e\u0434\u044b<\/div>\n<\/div>\n<div class=\"detail-row\">\n<div class=\"detail-label\">\u041d\u0438\u0436\u043d\u0438\u0439 \u0441\u043b\u043e\u0439<\/div>\n<div class=\"detail-value\">: \u041a\u0440\u0430\u0441\u043d\u044b\u0439 \u043d\u0435\u0442\u043e\u043a\u0441\u0438\u0447\u043d\u044b\u0439, \u043f\u0438\u0449\u0435\u0432\u043e\u0439 \u043a\u043b\u0430\u0441\u0441, \u0431\u0435\u0437 \u0432\u043a\u0443\u0441\u0430 \u0438 \u0437\u0430\u043f\u0430\u0445\u0430, NR.<\/div>\n<\/div>\n<div class=\"detail-row\">\n<div class=\"detail-label\">\u0423\u0441\u0438\u043b\u0438\u0432\u0430\u044e\u0449\u0438\u0439 \u0441\u043b\u043e\u0439<\/div>\n<div class=\"detail-value\">: \u0412\u044b\u0441\u043e\u043a\u043e\u043f\u0440\u043e\u0447\u043d\u044b\u0439 \u0441\u0438\u043d\u0442\u0435\u0442\u0438\u0447\u0435\u0441\u043a\u0438\u0439 \u0442\u0435\u043a\u0441\u0442\u0438\u043b\u044c.<\/div>\n<\/div>\n<div class=\"detail-row\">\n<div class=\"detail-label\">\u0412\u0435\u0440\u0445\u043d\u0438\u0439 \u0441\u043b\u043e\u0439<\/div>\n<div class=\"detail-value\">: \u041c\u043e\u0440\u0441\u043a\u0430\u044f \u0432\u043e\u0434\u0430, \u043f\u043e\u0433\u043e\u0434\u0430 \u0438 \u043e\u0437\u043e\u043d\u043e\u0441\u0442\u043e\u0439\u043a\u043e\u0441\u0442\u044c \u043e\u0440\u0430\u043d\u0436\u0435\u0432\u043e\u0433\u043e \u0446\u0432\u0435\u0442\u0430, EPDM \u0440\u0435\u0437\u0438\u043d\u0430.<\/div>\n<\/div>\n<\/div>\n<div class=\"datasheet_table\"><img decoding=\"async\" class=\"alignnone size-full\" src=\"https:\/\/tuzlahortum.com.tr\/wp-content\/uploads\/2025\/08\/datasheet356.svg\" alt=\"\" title=\"\"><\/div>\n<div class=\"table-notes\"><\/div>\n<div class=\"horizontal-line\"><\/div>\n<div class=\"footer\">\n<div class=\"standards-section\">\n<div class=\"standard-item\" style=\"margin-top: 9px;\"><\/div>\n<div class=\"standard-info\"><\/div>\n<\/div>\n<div class=\"temperature-section\">\n<div class=\"temp-icon\"><img decoding=\"async\" src=\"data:image\/svg+xml;base64,PD94bWwgdmVyc2lvbj0iMS4wIiBlbmNvZGluZz0iVVRGLTgiPz4KPHN2ZyBpZD0ia2F0bWFuXzIiIGRhdGEtbmFtZT0ia2F0bWFuIDIiIHhtbG5zPSJodHRwOi8vd3d3LnczLm9yZy8yMDAwL3N2ZyIgdmlld0JveD0iMCAwIDcyLjI3IDE2Ljk4Ij4KICA8ZGVmcz4KICAgIDxzdHlsZT4KICAgICAgLmNscy0xIHsKICAgICAgICBzdHJva2Utd2lkdGg6IC41OXB4OwogICAgICB9CgogICAgICAuY2xzLTEsIC5jbHMtMiwgLmNscy0zLCAuY2xzLTQgewogICAgICAgIGZpbGw6IG5vbmU7CiAgICAgICAgc3Ryb2tlLW1pdGVybGltaXQ6IDMuODY7CiAgICAgIH0KCiAgICAgIC5jbHMtMSwgLmNscy0zLCAuY2xzLTQgewogICAgICAgIHN0cm9rZTogI2E3YTlhYjsKICAgICAgfQoKICAgICAgLmNscy01IHsKICAgICAgICBmaWxsOiAjYTdhOWFiOwogICAgICB9CgogICAgICAuY2xzLTIgewogICAgICAgIHN0cm9rZTogI2ZmZjsKICAgICAgfQoKICAgICAgLmNscy0zIHsKICAgICAgICBzdHJva2Utd2lkdGg6IDIuMDZweDsKICAgICAgfQoKICAgICAgLmNscy00IHsKICAgICAgICBzdHJva2Utd2lkdGg6IC4ycHg7CiAgICAgIH0KICAgIDwvc3R5bGU+CiAgPC9kZWZzPgogIDxnIGlkPSJrYXRtYW5fMSIgZGF0YS1uYW1lPSJrYXRtYW4gMSI+CiAgICA8Zz4KICAgICAgPHBhdGggY2xhc3M9ImNscy0zIiBkPSJNMTEuMzQsMTEuNTdjLS45NCwxLjcxLTIuNzEsMi42Ni00LjgsMi42Ni0zLjA1LDAtNS41MS0yLjQ3LTUuNTEtNS41MlMzLjUsMy4xOSw2LjU1LDMuMTljMS45NCwwLDMuNjUsMSw0LjYzLDIuNTIiLz4KICAgICAgPGNpcmNsZSBjbGFzcz0iY2xzLTUiIGN4PSI2LjU1IiBjeT0iOC42NiIgcj0iMi40Ii8+CiAgICAgIDxjaXJjbGUgY2xhc3M9ImNscy0yIiBjeD0iNi41NSIgY3k9IjguNjYiIHI9IjIuNCIvPgogICAgICA8bGluZSBjbGFzcz0iY2xzLTMiIHgxPSI2OC4zNCIgeTE9IjExLjc2IiB4Mj0iOS45MiIgeTI9IjExLjc2Ii8+CiAgICAgIDxsaW5lIGNsYXNzPSJjbHMtMyIgeDE9IjY4Ljc4IiB5MT0iNS41MSIgeDI9IjkuNzMiIHkyPSI1LjUxIi8+CiAgICAgIDxsaW5lIGNsYXNzPSJjbHMtMyIgeDE9IjU0LjA3IiB5MT0iOC43NSIgeDI9IjguNjQiIHkyPSI4Ljc1Ii8+CiAgICAgIDxwYXRoIGNsYXNzPSJjbHMtMyIgZD0iTTY4LjE1LDUuNTVjMS43MSwwLDMuMDksMS4zOSwzLjA5LDMuMDlzLTEuOTIsMy4wNi0zLjYyLDMuMDYiLz4KICAgICAgPHBhdGggY2xhc3M9ImNscy01IiBkPSJNNTMuOTEsOC43NWMwLS4xNC4xMi0uMjYuMjYtLjI2cy4yNy4xMi4yNy4yNi0uMTIuMjctLjI3LjI3LS4yNi0uMTItLjI2LS4yN1oiLz4KICAgICAgPHBhdGggY2xhc3M9ImNscy0zIiBkPSJNNTMuOTEsOC43NWMwLS4xNC4xMi0uMjYuMjYtLjI2cy4yNy4xMi4yNy4yNi0uMTIuMjctLjI3LjI3LS4yNi0uMTItLjI2LS4yN1oiLz4KICAgICAgPGxpbmUgY2xhc3M9ImNscy0xIiB4MT0iMzYuNDMiIHkxPSIxNi45OCIgeDI9IjM2LjQzIiB5Mj0iMTQuMjQiLz4KICAgICAgPGxpbmUgY2xhc3M9ImNscy0xIiB4MT0iMjguMDUiIHkxPSIxNi45OCIgeDI9IjI4LjA1IiB5Mj0iMTQuMjQiLz4KICAgICAgPGxpbmUgY2xhc3M9ImNscy0xIiB4MT0iMTkuNTkiIHkxPSIxNi45OCIgeDI9IjE5LjU5IiB5Mj0iMTQuMjQiLz4KICAgICAgPGxpbmUgY2xhc3M9ImNscy0xIiB4MT0iNDEuNTciIHkxPSIyLjc0IiB4Mj0iNDEuNTciLz4KICAgICAgPGxpbmUgY2xhc3M9ImNscy0xIiB4MT0iMzMuMjgiIHkxPSIyLjc0IiB4Mj0iMzMuMjgiLz4KICAgICAgPGxpbmUgY2xhc3M9ImNscy0xIiB4MT0iMjQuOTkiIHkxPSIyLjc0IiB4Mj0iMjQuOTkiLz4KICAgICAgPGxpbmUgY2xhc3M9ImNscy0xIiB4MT0iMTYuMDgiIHkxPSIyLjc0IiB4Mj0iMTYuMDgiLz4KICAgICAgPGxpbmUgY2xhc3M9ImNscy0xIiB4MT0iNDQuNjMiIHkxPSIxNi45OCIgeDI9IjQ0LjYzIiB5Mj0iMTQuMjQiLz4KICAgICAgPGxpbmUgY2xhc3M9ImNscy0xIiB4MT0iNDkuNDkiIHkxPSIyLjc0IiB4Mj0iNDkuNDkiLz4KICAgICAgPGxpbmUgY2xhc3M9ImNscy00IiB4MT0iNDAuODgiIHkxPSIxNi45OCIgeDI9IjQwLjg4IiB5Mj0iMTQuMjQiLz4KICAgICAgPGxpbmUgY2xhc3M9ImNscy00IiB4MT0iMzIuMzMiIHkxPSIxNi45OCIgeDI9IjMyLjMzIiB5Mj0iMTQuMjQiLz4KICAgICAgPGxpbmUgY2xhc3M9ImNscy00IiB4MT0iMjMuNzkiIHkxPSIxNi45OCIgeDI9IjIzLjc5IiB5Mj0iMTQuMjQiLz4KICAgICAgPGxpbmUgY2xhc3M9ImNscy00IiB4MT0iMjAuNTkiIHkxPSIyLjc0IiB4Mj0iMjAuNTkiLz4KICAgICAgPGxpbmUgY2xhc3M9ImNscy00IiB4MT0iMjkuMTMiIHkxPSIyLjc0IiB4Mj0iMjkuMTMiLz4KICAgICAgPGxpbmUgY2xhc3M9ImNscy00IiB4MT0iMzcuMTYiIHkxPSIyLjc0IiB4Mj0iMzcuMTYiLz4KICAgICAgPGxpbmUgY2xhc3M9ImNscy00IiB4MT0iNDUuNzEiIHkxPSIyLjc0IiB4Mj0iNDUuNzEiLz4KICAgIDwvZz4KICA8L2c+Cjwvc3ZnPg==\" alt=\"S\u0131cakl\u0131k\" width=\"100\" title=\"\"><\/div>\n<div class=\"temp-values\">\n<div>-35\u00b0C \/ +80\u00b0C<\/div>\n<div>-31\u00b0F \/ +176\u00b0F<\/div>\n<\/div>\n<\/div>\n<div class=\"marking-section\">\n<div class=\"detail-row\">\n<div class=\"detail-label\">\u041c\u0430\u0440\u043a\u0438\u0440\u043e\u0432\u043a\u0430<\/div>\n<div class=\"detail-value\">: \u0422\u0440\u0430\u043d\u0441\u0444\u0435\u0440\u043d\u0430\u044f \u043b\u0435\u043d\u0442\u0430 \u0438\u043b\u0438 \u0442\u0438\u0441\u043d\u0435\u043d\u0438\u0435<\/div>\n<\/div>\n<p><img decoding=\"async\" class=\"marking-image\" src=\"data:image\/png;base64,iVBORw0KGgoAAAANSUhEUgAABf0AAAAoCAYAAABEkVAiAAAACXBIWXMAACE3AAAhNwEzWJ96AAAgAElEQVR4nO2dPW8b17aG33tw2swf0AA3wU0jFgmQhixsnBQmCxs5hcjChhuZhX3dSCzsuIikeyE5hS0VshofuaDUGHZBqriGXZAuEtgF2QRICrI5wDnF6A9M\/sAtyDXc3Nx7PsghObTfBzBsmdTMntnfa6\/1rv\/4r\/\/88nsA34MQQgghhBBCCCGEEEIIISvNXzEw+P\/PkstBCCGEEEIIIYQQQgghhJAZ+cuyC0AIIYQQQgghhBBCCCGEkHSg0Z8QQgghhBBCCCGEEEII+UT466wXWM\/l4DhOGmVJjW6nAwBwHAfruVzw\/5eeB8\/zllUsQgghhBBCCCGEEEIIIWSuzGT0f3p0iI1KJa2ypMbXX34FYHAg8fL1q+D\/T46f4eT4eFnFIoQQQgghhBBCCCGEEELmytTyPvlCIZMGf0IIIYQQQgghhBBCCCHkc4Wa\/oQQQgghhBCSIlmTP80arutiq1ZDeQWdyFi3hBBCCFkFZtb0F3zfx0WjAd\/\/M61LEkIIIYQQQsjKsVXbhuM4+PHBw2UXJZNcK5WwVdvGRaOBZqOx7OLERuRjv79yFb7vL7s4hBBCVpydvd2xXKRZpd\/r4fH+gfEzVVY9y1w0msY1x6qXP4zUjP7n9TPq5X+iuK6LNdcFMEqSnPT3lplEWU3o7Ps++r3eUsrxuZNGPSRti+o9+71epjdnkhSdbZSsMtOO+59D+592LiWErB6u62KzWgUAnNXPPtlxbRaKpSIAoNvpLrkkyfjHi1M4joPNapV7X0IIITOznsshXygsuxgzsSrlt605Vr38YaRm9E+DrVotletwAZYOjuPg+YvTsQ7g+z5Ojp\/hvF63\/t56Loedvd2JjiMng7qxI18ohJ6sdTsdPN4\/MG6Y\/vnvfwEYJW\/Wy7+ztzuRe+LS83BWPwt9hlmRcpkwPc+bd2+xnsvh8f6BsVy\/\/fE7Lj0PP1y\/MfHZVq2Grdo2up0Obt+8lc4DaIQ9z6Xn4fH+AdqtlvHztOphZ2832EADg7b48\/6B9aRT3kvU96PaX1QC8Kjfv2g08Hj\/wHrgsJ7L4R8vTgNjIDB4Nz8+eDjWV\/TnCcNWZmlnjx48DD0hjrpXu9XCz\/sHEwZdeRdJ2mLc57p989bE2OE4Dn7743cAwA\/Xb0yMEeu5HN68e4vzet3olfDy9SvkCwXr+1Kv\/\/2Vq0YDdljf0JFxKs7v6O9wlj6oIs+s4\/s+3rdaODl+ZnzOqLpNOu6rv6e3\/7AxX8pvag9C2LwgxKlb\/Z4mfN+PdHowzaVRdTZNG7EhY2e71cL9u\/cmPn\/+4hTFUgnfffPtxDiljm9h7zOsH8d5R+TTJKrvXDQaODl+Fnkgn9bcFTUfp4mUo9\/rfZIG\/zjjbBTSNuLMXVnirH42HFfv4Lxez7RDCSGEEKJz6Xno9XrIFworK1fX7\/XgeR6KpdKyizIViyx\/xoz+8QxaUXBjOTuO4+Dl61cTYUZiwHUcx\/ieXdfFy9evjIOHhMPaDHA2xOiQNIzWVH4AWHNd7Oztolgq4v7dewtfrMvz3L55K9gI9ns9rOdycN21ie87jjP4Ywn5Ws+tB9dYBmuui+cvTq1GuDTqYatWGzP4A4P38uToEJ7nTdy3OAwZN32\/t+AN+EalgvVcDrdv3pp4RukTen9ZG\/ajMMNmUtSoh3whP1MofbFUQi6Xww\/Xbyx1s+v7Pi49D2uuC9d1J+rVHRqSbeGSahSICdVYlS8U4GVUfiCqD8bBcRxsVCq4ViqNjU1xmHbct7V\/GSP\/fv3G3CLE0qpbx3GCscZ2cGQaA6XO7t+9N3eDV7\/XBzDqDzpqP9HbT1QfiYO8I9ddo8wJCRBP6TXXNR5Gqd9La+7aqFSw5rpzc5AQXNcNHB2SrHezhjhjXTQaqY\/FMgZnPQrTxHm9jjvVO1gbRnNw30kIIWSVkD18sVTC8xenyy5OYvq9XuAMqzuGrgKLLn+mjP4kO6i6Ypeeh2ajCdddCzYxosGpbwJEvxQYeCFK+In6uzZMsg6y2ZPDhrgGg\/LQ0KqWf3C9L7BRqQSG9HlvNEyeyerzyMbT8y4BmI2T6v\/lC4WJa4rBRgw788RkUJSN29OjQ\/ztytWxz9KoB9WoJh6jjvNFMDju7O1OREDs7O1av3+nesfYjmyyIpcxN7qm3xc5j\/VczrgxlBBxYNRf8oW88Z1eGg435Hv6\/5vKrJ4iXyuVAET3JbUPA4N6K5ZKWBs+V5qb3SgpGFsb8YZG\/\/VcbsJ4OjIUTXqaStsD7AZNkR4AgGulotHYZOqPa64bS9omzEBvK1PSPhh2ffWdSrkdx8HTo0NjVJGNacf9sPYvh3TzMs7FqVsdk3FKxnPbnBg1lz45OkT3SsfavqdpIzpSpqjDL\/P8spboXqZ2L+9oo1JBs9GktNFnyKBvXAY\/u+4arpVKcBwHxVLJ2PaEaeYuUzuUMS5fKKBcqcxVQ\/7asMz9Xm+l27usvbqdztyM\/qv6fsTbv1wp0+hPCCFkpZB9x7Lkt2dF3Tep68tVYdHlp9GfTCCbcwATcgBn9bPAM3Ortj1mPFV\/zySXcVY\/w9OjQ5wcPzPet9\/rGQ08Ij0Qd7MHAJvVOwDM8gcnx8\/w\/MWptRxpYnqezWo1kMFwXVfxVN82GmVUg2WYJ2ZvAd7rYc8jhlfVOJRGPajPr3oge95lYFBTDw7yhUIgFaJ+3\/f\/xFZt2yo1YGt\/cYlqv\/rGUIznACZkncqVCp4cHWLNdQPjRNOQ6E7C6+OUO1\/IB\/+Ww6coQ163053ox4\/3DwLJhmKpmNpmt9loTnWtgaG4EES8qKjPrD+vml\/CtuDRvcFN6O9e5CXiPM807S1pH7Rhktx5enQYRKYUS6VYHujTjvth7V\/KMajXeM+TlDh1q2N6ZyIhBQwMfepzhM2l3U4XT44OI3Wh0zj0UMusv8\/x+WWyD43ml3iHyqZ27zgO3rx7OxzPyitr5CPTYzrscZwD\/PLxw9DwX7S2i2nmrqh2GPegb1rKlXJQDmJmVfX8hYtGI\/G8SwghhGSB5y9O0e\/1kS\/k8ejBQ\/i+H+xLVoF8oYCdvV34\/p\/IF\/K4f\/deoCKxCiy6\/H9J60Kb1Tt4+fpVoj\/lEA9AMaBN84fMhupV9UjziO73ergYbpR0Q4lqsDYZMCSMJal3vRiL1BDvKOR7JoOy7\/upyqYkRdX\/VMObgXHvY0E1xOjyP+r7WNaGw\/Q8Qhr1INfodjpjz6ga1\/RoCGBSR1fus2aRuJgX8uwiQSPIhrff603kNWg2GkHZVYPHLOjaubPox53XzwDYPYcXibwnk3SJWj798yjZEtVjv9\/rwXGczCb4CeuDSfjxwcMgSkT1hA9j2nFf2vWl5020\/\/FypK9zmGbd9nu9oE\/pfVW95s+axEez0Qjm0rjvehZs\/SSsj6ifzzK\/+L6Ps+GYkdU+RBaPaPoD4XNJWnPXotqhulZ9v2Ja9YtCfUerpucv+L6vjP0c1wghhKwOIoU8iEJuoN1qBfv7VWGzWh1GWjeH5a+vlGPRIsufmqf\/NJvmfKFg1OMGBoupVaq0TwkxinY7ZsmBZqMZ6LCaSLveVGND0tPHrLah\/jBxirxD3\/fh+36wEVLLnVM2w\/rGeCTts1wPI3keW\/0ssh5Ojo8zFWqt1s3aMLJD\/g0A7Vbb+HvNRhM7e7lUDinWc7nAyHnRaA7lFKY\/TMiS\/q5NusQdStUIuvxPlGyJyDPIOLiey4VKUCybqD4Yl2ajia3aduJ2l\/S9SH3ZPGFPjp9ho1KG43yR6LpxSLtu+70+ikOpEhX1wNIUTdJsNBd2COl5HtZzuYl+kFMOlU05fKIksOIiv7\/oQ1eSbXz\/z9DP0567VAeLeaHKeen9XtZ4Igfoui6ulUqBfJ86t0o0lO7wYCJfKCBfKARyQqY5Wpeek4iugbSaWYpSfSabBKJ8v6iMq1FyAbq0j5TNdo8w\/X8Zv03v0PQO8oUCvnCc0Peqlk99tnarNXZ9GfvzhfzE4TUhhBCSdcbn+smI31VAyu04jjV\/WZZZRPmXLu9j22jP4nmXVaPMqhCVGFaXBrDJzWSBVQq5FaOdavR3HCfYCAF2T\/qsP+Ms9RDHwJzECB323YHWbxmed2ncCKdJVN2NPP1n9yBTN7DyTGIgnsWAnwXjvy7ZIz+rhpeBjvO4oWj0\/s2yJfL9bqcL3\/exWa2mKmeUVURqLGm7SzruRx1YmuSs0mJRdRt1sDSQPVvMekWMU\/qCfrKfjOZ09bMs9HXy6WJrX\/Oau+ZJmFa9JC\/vdjqBVJ56sHb75i34vh9InAkm6TS53tOjw7Hx1\/d9\/Lx\/MDF+blQq2Kpt4+T4GS49D0+ODoefbKPb6eD+3XvBO5VyCjt7u0aZRmAyWbnt\/uPvaDQGy\/2evziF7\/v47ptvjdcHgO+vXA3K6DgOnr84HZurJILUNOaaEuXpzy3I\/b775tuxZ\/vJ3x1LMC\/zZS5D+x5CCCEkLuu5HH79+CGQu\/3um2+x5rpj65Oss1mtBmtDkXcUqeRVYBHln1reZxEGsaRyQfKHzIZ08CgPLB11IZ5mBmo1lDtJUlVglIQsa5gGUdn8mDwvVaka04nsMhOYqAd0ev2kUQ\/qRl89\/RR5sDDvMxUpoy3cXsYc2Ri\/fP0qlXZsmzBH\/Wz+hgtVO1eNopr2QGF0vWwcsEo5TFEx4kmuG6XlZ5tHouq1KJ7Rkj8ia4T1wXkz7bivRjktmrTrVvqD\/u5Hz5hsLp0Hpj4ChPeTqD6ShCz2G7J8onTd5zV3zXOclMO+sHWZGLL1aLSdvV1s1WoTCdBt+Yh0g79c+4nh\/4V8IT+xkcwXClOvd56\/OB27l+M4+GlvN7TPq57z6t8mGU91blPHIt3gL7\/\/jxenE\/fbqtWMz5cvFEI31fqzAdA8\/RnBRAghZLWR3DTvW+3ArpJ1h1IdiQwV2ch55m2aB\/Mu\/0ya\/rdv3sLXX36V6A819z9d+r1esJHa2dsN8jbMEqbium5gMDaFStt4r2i\/\/vrxAzar1cxEIIjEAjBuNL3UZF8A1WOsqxwKjJ4jZ7jOInEcZyzhiF6ONOpBwtUBBIb4nb1d\/DS8b5j+3KD91PD8xSm2atvwfd+aONi0Qd3Z2505zErdvC+rnnTPQ2lLUTIJrrsWyAYMEveW8PToMNg8Z0X7z9x3xJOwE4ToS12q0j+mOjEZGWY1Ns2LqD44b+Yx7s+TtOtWHdOynJAyfH7pKIcCo0Nn+Xcaz7UxTGyalYNCslhEgkX+lCuVwINa1fbXmXbusl1L5uN5tkPpY2EHCzJmPN4\/wKMHD4PN9Ualgs3qnSDxtyoZI8mBRz9XxnTx9e\/bnC1EBujRg4d4vH8QGLE3q3eC71x63tha6aLRwIVFim09l8PJ8TPcv3tvzHivH1wINikfmz6+1LUqSybtScp2++atIBHhIGH4+L3P6\/UgJ5nkfxvlVClZ56t8oTD2bOf1szGjv\/pvHmwSQghJC13qXPKQCer+C5iU5VZ\/jrrWpefh0vNwrVQMDt9FeWIW56wkZdbLmPT5Rf5P1h7lSmVmufhVL7\/K0uV9yKfF4\/0DPB962cjmDpBkpWcR4b4F\/PPf\/7J+btN+NnFy\/AzXhhrLaibsQbKS5ljiy3li8kKSjZjekXsGOReT1JIqz7AWIZGRNmH1Y9JxTase7t+9h18+fpjIat5utUIlOdaUQyMJ+w47OLpoNNBsNOG6buCptlXbxo9aQmsTJkky9dBqWcnqxKNu0si5jWKphMdaglGVjUrFuHG\/9Dw83j9I1XCyVdu2GimiEj73en1sYNwQpEfJiHSWN5Qxkc9MmCIZup3u8OCjmFpd2vqTTUYh7Hfk99Lwyk7KLOP+tEwb1TdL3YbdU03qGIbrusY+ddFoGOtumjZiwhtK9Mg41e10IiPJpplf5KBQRQ4MAXsOE\/Jpo87bKiJzY1oHzDJ3hc0nQLL15LREjcX3795TDjM6+OXjBwCD571\/9x6A0bpBQr9V1INt9fued4mdvV1rwmNZC8k77\/d6QdSBSOR5noeT4+PgHTYbTescfF4\/C9Zh7VYLL1+\/Gs4DZp17m\/xRt9M16uOrzi9CWTlElPVZF6M137VScWze8X0fP1y\/od2vE+TWyhcK8AzzlCqrZBvfbfm4CCGEkGkRObvyUIHgb1euAhhE+HneJU6Oj+E4Dt68e4uz+hnO63U4joNfPn4I1hfruRzevHsbyN5J8l6ZD58eHeILxwnWEC9fv8Jvf\/wOYLT3lmsk5dLzxsoMIJivf\/34AT8+eGgt45Ojw+D5N6tV3KnewQ\/Xb8D3\/WA9KWvAXz9+mHh+cfRUr2Fbh9ro93pj7ylu+fOFAp6\/OF16+XUya\/QXoyBZLdqtFh49eDgR2ruey+HJ0SE2q3fGNhtJrptEb9nzPNy+eQv\/eHE65tkoGwIpx7yN5WFGIt1LWi2LO0z4mlOMMoIYZWQjJEmAl4m6SVVJqx42q1WjF9VAozpevgDHcfD06HCi\/cnhi+\/7Y5vH9dx6osgEXQNXZ1le8SYvOdmYrrlu0NaS8IWS4DMLSP3rnvyiRS66\/ZLEVPqO7bnlc9VAOa3W\/aKw9cFFMK9xfx7Mo2593zfqQptQDyJVFnFgI4tR13XRxciTv9\/rw\/d9XA6TewpR\/cSE7aAQQKhHN\/k8CYsImsfcBSD1A+tpUcvgDT3ABnPU+MFYu9XGZrU6ISEjP+vfv2g0gs2haX2kJ8NVyzHNvK4bw+UQ1XYtXc9fL4d6WKHK\/ajllP\/Tow8uGg2rFJKJbqeDjUrFKs8Tp53IuEoIIYSkhczTnqZ04XmXwbwuOvzqz6pHuelvdf4fyBCOpAjV+Uz\/3aToZdY\/CyujmktMHBFGP\/fH5mzT8zu53MQ1kjL5nlar\/DqZNfqLlwlZPSQB40gSpBgs0NdzOWzVto0eWnqorxq6G8fTWqff6+FvV64qYeX5YDMhBmDd80clTONZHzSTcl6vG9u3bPok9Fn+loHT9\/3gvUQlwpwH+qbLcZyx5HMmZq0H1Vu+3+sFG9zN6p1Av1VOkk33vn3zVuCxL5q5anuS7+jIRntWWShJard8aZ\/JDXa+UMC1UsnojQeMIh9UpA8\/OTqM7d0chzD5rqi+puvqSp1J9MwoimZgbBglWJ1M4mszMqjGprQShNvaRNi1p+mDi2DacX9awsZgmwFm1rpV7ykSFQDGEjumzTRtxIYs5sP6iXi96iGns3LpefjvmAcj5NPj8f7BRDsqlorYrFbx8vUrYx+aZe5S5xO13z968DBW5JHav8OuPS2mfj1t39Dfa5TkjEmuS95pGveXQ1Qb14brPz2\/kmyU1YTiqvHB9H70elDr3ERYvZrIwuEQIYSQz4+tWg3dTic4yBa5l3KlDN8fRC3LfLmz5+Dx\/kEQ1f7k6BDn9bMgKu7p0SGajSY2q3cmrvXF0EkOGBy6n9frxmskRb8PMJjLJeI4rIyDfePg+Xf2drGey2GzWsWl5wVShOq1dvYcnBw\/C\/bFJ8fPUK6Ux66RlPVcbm7ll737PMuvk1mjP1l9RCf45PgYrusGCbE2KhWj8Uc3vj5\/cYpiqTRzgiyRLpCwmZ29XWwMtVDDDDw7e7vWTVCU3Ihg0o9vt1qhRiVVqxQY33SoMiXyXhapI63Wj4Qaxa2faetBvEYvh1EDsvFrt1p48+5tqKFOlVDyfT9I1DvNIVIUpugk3\/fxvtVaiuQKMNjgmoycg5+7oSH4wOBke\/L3OvjT9\/Hk6BBbte3UjP6SrX4a5GRcFj+6xrouXTLqO5N9WA6kTEYGMUKIJvKsTJPjZpY+uAiSjvvTEuata5PEmbVu1Xuq4a5rCTyO9XkuSqYozTxIcsglh1+ipz7yTukH0VNCUqPXoP7H56RLz0O71aLB\/zNGzc0jSK4V0bFXx4dZ5y59Pvntj98DmcE4bAzD6U2oki8kGbKhtR2ciOf9yOg\/kjAyETZ+Oo4TjDni8DEPj\/wsRT0SQgj5NBisQUbrEDXp\/BoQyKoCk2oDxVJpLGpOj8LVE9jLz6pjxK8fP0wtpWq7j1rmqDLqz68bvvXnl5+\/v3IVnufhotEYyibanRDCcBxnpcuvE2n0T3uBFNdr1qSPHRfb4tCkNRsX3QudJMMbSk\/88vHDmG5oGBeN5lDfszB1GLeOSLioOp7zrNekG0PRJnfdNSDwcBp5I8tmN5fLBZuhsGRx80RCyB3HQbFUSqTbnaQe5DmbjeaY0UiMCKIXHVWP6rggG8o0yWJ0kjreqZMLMNqoTjMmtlstPMFhsIHPgjFPvJRd1w3ajNompK24w\/YGmPuO\/O6a604sdiS6JszYtEhm6YOLYJpxf56kWbdyiDnwBCnHHk\/STMqUFPHoV\/uA3keAbeRy68H4kHR+6Xa6mRsHSXZpt9qBkVcl7bnrotHAZrWKcqXM9rlEbHr+grSHYqmIk+Nja7RHHFSN\/XkZ\/OU+wPSRGoQQQkgW0OWP15ZYlmlRE+uuIvMqf6TRf9YTnmmJ0scO4+svvzL+f5jWbBRJk+atMmJYVhPGqqgarEkMAqrRPo5nTLvVCrx3dS+wWZFknmHluGg0rRuNeRnadZkSYNLTHxjozUs99JZkRBN9ZvHSm8bgGKceBNMmUdrqKiJGaFvyN6nfWdratWHSUiBc8iTpIYg6EWUleZ14KYvhHzBHyYi0gCqbpXJNkZ6yvTNbgsRFk0Yf1Emj3anYxv2o9i9e94MImnQOM9Ku2\/P6GZ4cHQZRDPoCbaShb142q+9jEYtTdX4Z9ZHuxOeqc0bPIIFFSFqontgqac9d5\/WzQBe\/WCpFRqgNopXsn8UhK3NjlrDp+QtqJFVYtIdgko0S1PFM2pD+\/XKlPPW+0HY\/QgghZFUQJQUAQXT2em59ZnnjRSK55cR+3G61UVTWkVlnEeVfurzPsryUiR3ZhOUsnV3dgM1btqTdamGzWk1dGiIOy\/CalU2D6vmubiTUTYwcDCxzoyFeWVESPWkgySdVTAdTop120WjGqkORsxBZkkUx6mfmwzXZHM\/Sx+IeiBRLxUTPnsVwdml7xVIRa65rSF7YDz5Xv68SlsdDJ47haBGk3QfTaHdxkPZv86zfrN5BsVQa5pWYfSyeR91KxAswcCrQn8P3\/wRg74fqAcOixnGJTlA1MQU1mW+ayaMIsWFP9pru3KUmyt2olGMZ\/addD0Qlsk0b09ooq8iYZ3v\/ElUteWCA8Pwtl54XWU9SD91OZ2KMntVpZJWMIoQQQohOs9EM9nztVtsqbZhlzutnQSS17\/sr9wyLKP9fUr9iAs7r9czJEZDxpIab1erE52Is0BftjuPg5etX1o1OWfGmibuZOq+fBdcuJ\/DGkZNKE6q0Qda8sMToAgw2E2rmbgBB9m+TNMMykGgMALgzbBcqadSDPP817cRT9dbVE9cNPLrHv69GqOie6lu17YkBdt7vWDzdxGCrl\/VasDluT3V91cj53Tff4usvv5r4IwdpSTe+qmfcstugoHsp6+XqKQdqps\/1z0zv6+svvwrGPTGOL5uoPpgE0d4fXDdeu5t23Jf2r2vISznEOJRWzpJ51K1EWgDmd6\/OpaYIAttcOk\/S6CeEpMWGkhxNmNfcJevJYqk0th5IG\/VAc57Y7qOONVla40Yl5RVk7gmbi0ZJByc94RbplGCKKiSEEEJWhXKlDMdxhlKxq+MdryL7KXGAWzUWUf5IT39TItJZsSW3TPtel56X2jU\/p4gEVatYkk7Ihmyrth00xvfaQlw0M9+8e4uT42fodjrwPC\/Qm\/5peK0ki2PdOyvOIVG5UglyAZzXz8YS5xZLpcC4m9U8DSJ5A5ile0QyQv69bCQa41qpBMcZSVykVQ\/dTjdIlrJVqwWJgH8aapkDwHvFaNbtdIeasCVsVqu4aDTgOE6gC6zfr91qYau2jXyhgM1qFef1+vDfk56waSJ67MBARu3Rg4fwfT9Icmx6tiSEJS0V1FB6kza\/KQ+K\/m5M147KyWJK4heVcyXKUKBfT5clsXn+q8hiJ2yMkvaYhqxU2DWSjE+2PhiGvqhQ61Xm6DhMO+6b2r+MbfI7aUr7zKtuJdJCcpOMH2x0Aom6J0eHWDt28b7VwheOEzqXqqTVRgTPuxz7fb3fiEwWgIlDZ2GrVgOQPGeNjuu62KhUUq1nkk1Mm5hypawc7o36TRpzlwk9Mmde2v4mmax5IOPVRqWCXq8frF30dXsa6Em\/pyGus43kFhn\/Wf9ON5Bs7fX6wTpPpO7+fv3GxNhmaiuzHswsO7cWIYQQkhTf94N58vmLU\/z2x+\/LLlJiup0O7t+9BwB48+4t\/vnvfy25RMlYdPljGP0Xl\/Aq7XtlMbHmqvB4\/yDIqaBnmwYGmwnbJl0MHDaSHsSIbnLShL7O0LBiC5GRUJqsoerUmwyT6ueqAWdZiFauLZnorPVw0Whgq7ZtvY4YGYXm8Ptrroudvd2J9nuhlU9NCGz6\/tnQOzBtfN\/HyfGz4Nn0ZIXAIBpqWpkVMXKGeWyLUcVWd1F5UGx9OSony8nxs4mxOepet2\/eimUsCDsQUz\/X36t6UBH2znTN4VlkcMLeUZI8MlF90IRpXBdOjp8lfq6k436c9p+WpNs861bNPWNK6Pt4\/wDPX5wGh3n6ew+bS4H02oj6O2JQs\/UR+dz2\/DIGz7q+WnNdbNW20e10aPT\/xAkbb3zfD7zwgXTmLtt9JAfKPBP6yhgw7+Tl6trINLacp7B2UR2AZs1tNjp4DY\/ekvB2VZZHJ2qdt1Xbxo8PHk5c75ePH4L6cF13LH\/WNMySaJgQQghZBv1eL1jjn9fPMpOrLgndTjewHzUbzZWT9Fl0+Zcq70OyS7fTwaPhglmn3+sZF\/4\/PngYatD3fR+PHjxMHAarSh\/ESbjVbDRw\/+69UEPyeb2e2QMhdYNoeldRny8aicYARqH6QHr14Ps+bt+8ZbxOv9cLTklV\/tty336vZ2yjpiSc8v\/zjKY4OVM24msAAAQySURBVD6eOIQQLhqNqY2eYmwA4nrVJfd4e\/TgYSY07VVm6TuqR3XYO1O9T7OSRNrWB5Pi+z4e7x8YNfZtzDLuh7X\/NNvXvOtWyjmItHAmPks6l86T8T4waaiK+pyQNJH5XTaf85675CBhTZEXnAcyJpRnGI+jkLHVRFq5UJqN5szXAMbrNc64LnUb1gbC1nn62unn4c9yAJwvFIy5f5KghuFnbS1ECCGE2MgXCoHU4aoZy4VypYz1XA75QmGua615sejyR3r6Z8WokQWyYGBdJM1GA91OB5vVO0Fo7\/tWO3QjIUaca6US8oV8EErb7XSNkk7ASIbJFh4rG5s11534js3Y1G610L3SGUo15ANvnm6nOyYzMy9mkZVSDdM2w6V8vih5n6jnebx\/YBwr0qqHfq+Hv1+\/gY1KBflCPmhTF42GddOnfz+s7cr3pa0P5Caasfp8VPuN4scHD9FsNFGulIM2HvfetnpxHCe0Damc18\/Q7\/XHyt\/tdHBiOYuxybMB8SXVdAkU2730a0fRbrXh+39avyufm9qMeJ7Huc\/P+wdYs3iCy\/OEvfc47yjuWCfY+qDORaNpNOZeeh7arVZowkTb+5lm3Bf09t\/v9dButa3vT8ofVk+2qIJp6zbqnoNopUHSXpPUyHRzafI2Egd5F8Bk1JP+uc2QZSpbnHavM+vYSbKPbbwBzGNOWnOX7XfbrdZcZEt13rfagfTOyfGz4BnD2ry8K73sYfNqu9XC91eujq1dup2ucWwJeze2Me68Xsefvp9o\/W16xqR5tERmLOzgsd\/r4fsrV4dyjsXQcbXZaMDzPBRLxbE1npRNL1ecNnJHycmSxahhQgghxIYpwnqVWHNdvHn3dtnFmJpFl\/8\/\/us\/v\/xfAP9j+8Kq6SPNk6+\/\/GrZRSCEEEIIIYRkmN\/++D04xMhqZOmi2NnbxWa1GvtdvHz9CvlCIZas3zJwXRf\/9+4tHMfBowcPKU9GCCFkJnb2dlciCa0pmk4IkyTNEheNpnHeXvXyh0GjfwJo9CeEEEIIIYSEsVWrYau2Dd\/38f2Vq5+1N\/ivHz9gzXXxw\/UbkRGejuPgtz9+h+\/7+O6bbxdUwmQ8PToMkpD\/7crVZReHEEIIIcQKNf0JIYQQQgghJCXO6\/XA0D9rwthVRhLm+r4fafDPFwpBUt4sevgLUp9pJZsnhBBCCJkXkZr+i9C+JIQQQgghhJBPATXR7qLyL2WVuLk71ND6LCcSv3\/3HrZq20zgSwghhJDMEynvQwghhBBCCCGEzAuRlL30PPxw\/cZnLYlECCGEEJIGkZ7+hBBCCCGEEELIvGi3Wuj3+mPSSIQQQgghZHpo9CeEEEIIIYQQsjTu37237CIQQgghhHxSMJEvIYQQQgghhBBCCCGEEPKJ8FcA\/wbwy3KLQQghhBBCCCGEEEIIIYSQWfl\/pT68j66S2GsAAAAASUVORK5CYII=\" alt=\"Markalama G\u00f6rseli\" title=\"\"><\/p>\n<\/div>\n<div>\n<table style=\"width: 100%;\" cellspacing=\"0\" cellpadding=\"0\">\n<tbody>\n<tr>\n<td style=\"width: 120px; font-weight: bold;\">\u041d\u043e\u0440\u043c<\/td>\n<td style=\"width: 400px; text-align: left;\">\u0421\u041e\u041e\u0422\u0412\u0415\u0422\u0421\u0422\u0412\u0423\u0415\u0422 \u0422\u0420\u0415\u0411\u041e\u0412\u0410\u041d\u0418\u042f\u041c FDA \u0418 \u0415\u0412\u0420\u041e\u041f\u042b<br \/>\n\u0418\u0421\u041e 1307<\/td>\n<td style=\"width: 120px; font-weight: bold;\">\u0426\u0432\u0435\u0442<\/td>\n<td style=\"width: 400px;\">\n<div class=\"color-icons\"><img decoding=\"async\" src=\"data:image\/svg+xml;base64,PHN2ZyB3aWR0aD0iNDUiIGhlaWdodD0iOTIiIHZpZXdCb3g9IjAgMCA0NSA5MiIgeG1sbnM9Imh0dHA6Ly93d3cudzMub3JnLzIwMDAvc3ZnIj4KICA8cmVjdCB4PSIwIiB5PSIwIiB3aWR0aD0iNDUiIGhlaWdodD0iOTIiIGZpbGw9IiNGRjk4MDAiPjwvcmVjdD4KICA8cmVjdCB4PSIwIiB5PSIzNiIgd2lkdGg9IjQ1IiBoZWlnaHQ9IjIwIiBmaWxsPSJ3aGl0ZSI+PC9yZWN0Pgo8L3N2Zz4K\" alt=\"\" title=\"\"><\/div>\n<\/td>\n<\/tr>\n<\/tbody>\n<\/table>\n<\/div>\n<\/div>\n<\/div>","protected":false},"excerpt":{"rendered":"<p>&nbsp; \u00dcr\u00fcn Ad\u0131: OSRIS &#8211; PW \u00dcr\u00fcn Kodu: RS835 Yumu\u015fak \u00c7eperli \u0130\u00e7me Suyu Da\u011f\u0131t\u0131m\u0131 (F.D.A) Kullanim Alan\u0131 : \u0130\u00e7me Suyunun De\u015farj\u0131 \u0130\u00e7in Alt Katman : K\u0131rm\u0131z\u0131 Zehirli Olmayan, G\u0131da Kalitesinde, Tat ve Koku \u0130\u00e7ermeyen, NR. Takviye Katman\u0131 : Y\u00fcksek Mukavemetli Sentetik Tekstil. \u00dcst Katman : Deniz Suyu, Hava Ko\u015fullar\u0131 ve Ozon Dayan\u0131kl\u0131 Turuncu, EPDM Kau\u00e7uk. [&#8230;]\n","protected":false},"featured_media":22506,"comment_status":"open","ping_status":"closed","template":"","meta":{"jetpack_post_was_ever_published":false},"product_brand":[],"product_cat":[2370],"product_tag":[],"class_list":{"0":"post-21755","1":"product","2":"type-product","3":"status-publish","4":"has-post-thumbnail","6":"product_cat-sel_petrol_kuyusu_hortumlari","8":"first","9":"instock","10":"taxable","11":"shipping-taxable","12":"product-type-simple"},"jetpack-related-posts":[],"jetpack_sharing_enabled":true,"jetpack_likes_enabled":true,"_links":{"self":[{"href":"https:\/\/tuzlahortum.com.tr\/ru\/wp-json\/wp\/v2\/product\/21755","targetHints":{"allow":["GET"]}}],"collection":[{"href":"https:\/\/tuzlahortum.com.tr\/ru\/wp-json\/wp\/v2\/product"}],"about":[{"href":"https:\/\/tuzlahortum.com.tr\/ru\/wp-json\/wp\/v2\/types\/product"}],"replies":[{"embeddable":true,"href":"https:\/\/tuzlahortum.com.tr\/ru\/wp-json\/wp\/v2\/comments?post=21755"}],"wp:featuredmedia":[{"embeddable":true,"href":"https:\/\/tuzlahortum.com.tr\/ru\/wp-json\/wp\/v2\/media\/22506"}],"wp:attachment":[{"href":"https:\/\/tuzlahortum.com.tr\/ru\/wp-json\/wp\/v2\/media?parent=21755"}],"wp:term":[{"taxonomy":"product_brand","embeddable":true,"href":"https:\/\/tuzlahortum.com.tr\/ru\/wp-json\/wp\/v2\/product_brand?post=21755"},{"taxonomy":"product_cat","embeddable":true,"href":"https:\/\/tuzlahortum.com.tr\/ru\/wp-json\/wp\/v2\/product_cat?post=21755"},{"taxonomy":"product_tag","embeddable":true,"href":"https:\/\/tuzlahortum.com.tr\/ru\/wp-json\/wp\/v2\/product_tag?post=21755"}],"curies":[{"name":"wp","href":"https:\/\/api.w.org\/{rel}","templated":true}]}}