{"id":21743,"date":"2025-08-11T11:31:38","date_gmt":"2025-08-11T08:31:38","guid":{"rendered":"https:\/\/tuzlahortum.com.tr\/urun\/osris-md\/"},"modified":"2025-08-20T15:26:42","modified_gmt":"2025-08-20T12:26:42","slug":"osris-md","status":"publish","type":"product","link":"https:\/\/tuzlahortum.com.tr\/ru\/product\/osris-md\/","title":{"rendered":"OSRIS - MD"},"content":{"rendered":"<p>&nbsp;<\/p>\n<div class=\"report-container\">\n<div class=\"report-header\">\n<div class=\"standard-text\">\u041d\u0430\u0437\u0432\u0430\u043d\u0438\u0435 \u043f\u0440\u043e\u0434\u0443\u043a\u0442\u0430: OSRIS - MD<\/div>\n<div class=\"standard-text\">\u041a\u043e\u0434 \u0442\u043e\u0432\u0430\u0440\u0430: RS715<\/div>\n<\/div>\n<div class=\"product-image-container\">\n<div class=\"key-feature\"><\/div>\n<\/div>\n<div class=\"horizontal-line\"><\/div>\n<div class=\"product-details\">\n<div class=\"detail-row\">\n<div class=\"detail-label\">\u041e\u0431\u043b\u0430\u0441\u0442\u044c \u0438\u0441\u043f\u043e\u043b\u044c\u0437\u043e\u0432\u0430\u043d\u0438\u044f<\/div>\n<div class=\"detail-value\">: \u0414\u043b\u044f \u0432\u044b\u0433\u0440\u0443\u0437\u043a\u0438 \u0431\u0430\u0440\u0438\u0442\u0430, \u0431\u0435\u043d\u0442\u043e\u043d\u0438\u0442\u0430 \u0438 \u0434\u0440\u0443\u0433\u0438\u0445 \u0430\u0431\u0440\u0430\u0437\u0438\u0432\u043d\u044b\u0445 \u043c\u0430\u0442\u0435\u0440\u0438\u0430\u043b\u043e\u0432.<\/div>\n<\/div>\n<div class=\"detail-row\">\n<div class=\"detail-label\">\u041d\u0438\u0436\u043d\u0438\u0439 \u0441\u043b\u043e\u0439<\/div>\n<div class=\"detail-value\">: \u0410\u043d\u0442\u0438\u0441\u0442\u0430\u0442\u0438\u0447\u0435\u0441\u043a\u0438\u0439 NR \u0441 \u0432\u044b\u0441\u043e\u043a\u043e\u0439 \u0441\u0442\u043e\u0439\u043a\u043e\u0441\u0442\u044c\u044e \u043a \u0438\u0441\u0442\u0438\u0440\u0430\u043d\u0438\u044e (\u0441\u0442\u0435\u043f\u0435\u043d\u044c \u0438\u0441\u0442\u0438\u0440\u0430\u043d\u0438\u044f 70 MM3 DIN 53516)<\/div>\n<\/div>\n<div class=\"detail-row\">\n<div class=\"detail-label\">\u0423\u0441\u0438\u043b\u0438\u0432\u0430\u044e\u0449\u0438\u0439 \u0441\u043b\u043e\u0439<\/div>\n<div class=\"detail-value\">: \u0412\u044b\u0441\u043e\u043a\u043e\u043f\u0440\u043e\u0447\u043d\u044b\u0439 \u0441\u0438\u043d\u0442\u0435\u0442\u0438\u0447\u0435\u0441\u043a\u0438\u0439 \u0442\u0435\u043a\u0441\u0442\u0438\u043b\u044c \u0438 \u0430\u043d\u0442\u0438\u0441\u0442\u0430\u0442\u0438\u0447\u0435\u0441\u043a\u0430\u044f \u043c\u0435\u0434\u043d\u0430\u044f \u043f\u0440\u043e\u0432\u043e\u043b\u043e\u043a\u0430.<\/div>\n<\/div>\n<div class=\"detail-row\">\n<div class=\"detail-label\">\u0412\u0435\u0440\u0445\u043d\u0438\u0439 \u0441\u043b\u043e\u0439<\/div>\n<div class=\"detail-value\">: \u0427\u0435\u0440\u043d\u044b\u0439, \u0440\u0435\u0437\u0438\u043d\u0430 EPDM \u0423\u0441\u0442\u043e\u0439\u0447\u0438\u0432 \u043a \u043c\u043e\u0440\u0441\u043a\u043e\u0439 \u0432\u043e\u0434\u0435, \u0432\u043e\u0437\u0434\u0443\u0445\u0443 \u0438 \u043a\u0438\u0441\u043b\u043e\u0440\u043e\u0434\u0443.<\/div>\n<\/div>\n<\/div>\n<div class=\"datasheet_table\"><img decoding=\"async\" class=\"alignnone size-full\" src=\"https:\/\/tuzlahortum.com.tr\/wp-content\/uploads\/2025\/08\/datasheet352.svg\" alt=\"\" title=\"\"><\/div>\n<div class=\"table-notes\"><\/div>\n<div class=\"horizontal-line\"><\/div>\n<div class=\"footer\">\n<div class=\"standards-section\">\n<div class=\"standard-item\" style=\"margin-top: 9px;\"><\/div>\n<div class=\"standard-info\"><\/div>\n<\/div>\n<div class=\"temperature-section\">\n<div class=\"temp-icon\"><img decoding=\"async\" src=\"data:image\/svg+xml;base64,PD94bWwgdmVyc2lvbj0iMS4wIiBlbmNvZGluZz0iVVRGLTgiPz4KPHN2ZyBpZD0ia2F0bWFuXzIiIGRhdGEtbmFtZT0ia2F0bWFuIDIiIHhtbG5zPSJodHRwOi8vd3d3LnczLm9yZy8yMDAwL3N2ZyIgdmlld0JveD0iMCAwIDcyLjI3IDE2Ljk4Ij4KICA8ZGVmcz4KICAgIDxzdHlsZT4KICAgICAgLmNscy0xIHsKICAgICAgICBzdHJva2Utd2lkdGg6IC41OXB4OwogICAgICB9CgogICAgICAuY2xzLTEsIC5jbHMtMiwgLmNscy0zLCAuY2xzLTQgewogICAgICAgIGZpbGw6IG5vbmU7CiAgICAgICAgc3Ryb2tlLW1pdGVybGltaXQ6IDMuODY7CiAgICAgIH0KCiAgICAgIC5jbHMtMSwgLmNscy0zLCAuY2xzLTQgewogICAgICAgIHN0cm9rZTogI2E3YTlhYjsKICAgICAgfQoKICAgICAgLmNscy01IHsKICAgICAgICBmaWxsOiAjYTdhOWFiOwogICAgICB9CgogICAgICAuY2xzLTIgewogICAgICAgIHN0cm9rZTogI2ZmZjsKICAgICAgfQoKICAgICAgLmNscy0zIHsKICAgICAgICBzdHJva2Utd2lkdGg6IDIuMDZweDsKICAgICAgfQoKICAgICAgLmNscy00IHsKICAgICAgICBzdHJva2Utd2lkdGg6IC4ycHg7CiAgICAgIH0KICAgIDwvc3R5bGU+CiAgPC9kZWZzPgogIDxnIGlkPSJrYXRtYW5fMSIgZGF0YS1uYW1lPSJrYXRtYW4gMSI+CiAgICA8Zz4KICAgICAgPHBhdGggY2xhc3M9ImNscy0zIiBkPSJNMTEuMzQsMTEuNTdjLS45NCwxLjcxLTIuNzEsMi42Ni00LjgsMi42Ni0zLjA1LDAtNS41MS0yLjQ3LTUuNTEtNS41MlMzLjUsMy4xOSw2LjU1LDMuMTljMS45NCwwLDMuNjUsMSw0LjYzLDIuNTIiLz4KICAgICAgPGNpcmNsZSBjbGFzcz0iY2xzLTUiIGN4PSI2LjU1IiBjeT0iOC42NiIgcj0iMi40Ii8+CiAgICAgIDxjaXJjbGUgY2xhc3M9ImNscy0yIiBjeD0iNi41NSIgY3k9IjguNjYiIHI9IjIuNCIvPgogICAgICA8bGluZSBjbGFzcz0iY2xzLTMiIHgxPSI2OC4zNCIgeTE9IjExLjc2IiB4Mj0iOS45MiIgeTI9IjExLjc2Ii8+CiAgICAgIDxsaW5lIGNsYXNzPSJjbHMtMyIgeDE9IjY4Ljc4IiB5MT0iNS41MSIgeDI9IjkuNzMiIHkyPSI1LjUxIi8+CiAgICAgIDxsaW5lIGNsYXNzPSJjbHMtMyIgeDE9IjU0LjA3IiB5MT0iOC43NSIgeDI9IjguNjQiIHkyPSI4Ljc1Ii8+CiAgICAgIDxwYXRoIGNsYXNzPSJjbHMtMyIgZD0iTTY4LjE1LDUuNTVjMS43MSwwLDMuMDksMS4zOSwzLjA5LDMuMDlzLTEuOTIsMy4wNi0zLjYyLDMuMDYiLz4KICAgICAgPHBhdGggY2xhc3M9ImNscy01IiBkPSJNNTMuOTEsOC43NWMwLS4xNC4xMi0uMjYuMjYtLjI2cy4yNy4xMi4yNy4yNi0uMTIuMjctLjI3LjI3LS4yNi0uMTItLjI2LS4yN1oiLz4KICAgICAgPHBhdGggY2xhc3M9ImNscy0zIiBkPSJNNTMuOTEsOC43NWMwLS4xNC4xMi0uMjYuMjYtLjI2cy4yNy4xMi4yNy4yNi0uMTIuMjctLjI3LjI3LS4yNi0uMTItLjI2LS4yN1oiLz4KICAgICAgPGxpbmUgY2xhc3M9ImNscy0xIiB4MT0iMzYuNDMiIHkxPSIxNi45OCIgeDI9IjM2LjQzIiB5Mj0iMTQuMjQiLz4KICAgICAgPGxpbmUgY2xhc3M9ImNscy0xIiB4MT0iMjguMDUiIHkxPSIxNi45OCIgeDI9IjI4LjA1IiB5Mj0iMTQuMjQiLz4KICAgICAgPGxpbmUgY2xhc3M9ImNscy0xIiB4MT0iMTkuNTkiIHkxPSIxNi45OCIgeDI9IjE5LjU5IiB5Mj0iMTQuMjQiLz4KICAgICAgPGxpbmUgY2xhc3M9ImNscy0xIiB4MT0iNDEuNTciIHkxPSIyLjc0IiB4Mj0iNDEuNTciLz4KICAgICAgPGxpbmUgY2xhc3M9ImNscy0xIiB4MT0iMzMuMjgiIHkxPSIyLjc0IiB4Mj0iMzMuMjgiLz4KICAgICAgPGxpbmUgY2xhc3M9ImNscy0xIiB4MT0iMjQuOTkiIHkxPSIyLjc0IiB4Mj0iMjQuOTkiLz4KICAgICAgPGxpbmUgY2xhc3M9ImNscy0xIiB4MT0iMTYuMDgiIHkxPSIyLjc0IiB4Mj0iMTYuMDgiLz4KICAgICAgPGxpbmUgY2xhc3M9ImNscy0xIiB4MT0iNDQuNjMiIHkxPSIxNi45OCIgeDI9IjQ0LjYzIiB5Mj0iMTQuMjQiLz4KICAgICAgPGxpbmUgY2xhc3M9ImNscy0xIiB4MT0iNDkuNDkiIHkxPSIyLjc0IiB4Mj0iNDkuNDkiLz4KICAgICAgPGxpbmUgY2xhc3M9ImNscy00IiB4MT0iNDAuODgiIHkxPSIxNi45OCIgeDI9IjQwLjg4IiB5Mj0iMTQuMjQiLz4KICAgICAgPGxpbmUgY2xhc3M9ImNscy00IiB4MT0iMzIuMzMiIHkxPSIxNi45OCIgeDI9IjMyLjMzIiB5Mj0iMTQuMjQiLz4KICAgICAgPGxpbmUgY2xhc3M9ImNscy00IiB4MT0iMjMuNzkiIHkxPSIxNi45OCIgeDI9IjIzLjc5IiB5Mj0iMTQuMjQiLz4KICAgICAgPGxpbmUgY2xhc3M9ImNscy00IiB4MT0iMjAuNTkiIHkxPSIyLjc0IiB4Mj0iMjAuNTkiLz4KICAgICAgPGxpbmUgY2xhc3M9ImNscy00IiB4MT0iMjkuMTMiIHkxPSIyLjc0IiB4Mj0iMjkuMTMiLz4KICAgICAgPGxpbmUgY2xhc3M9ImNscy00IiB4MT0iMzcuMTYiIHkxPSIyLjc0IiB4Mj0iMzcuMTYiLz4KICAgICAgPGxpbmUgY2xhc3M9ImNscy00IiB4MT0iNDUuNzEiIHkxPSIyLjc0IiB4Mj0iNDUuNzEiLz4KICAgIDwvZz4KICA8L2c+Cjwvc3ZnPg==\" alt=\"S\u0131cakl\u0131k\" width=\"100\" title=\"\"><\/div>\n<div class=\"temp-values\">\n<div>-40\u00b0C \/ +70\u00b0C<\/div>\n<div>-40\u00b0F \/ +158\u00b0F<\/div>\n<\/div>\n<\/div>\n<div class=\"marking-section\">\n<div class=\"detail-row\">\n<div class=\"detail-label\">\u041c\u0430\u0440\u043a\u0438\u0440\u043e\u0432\u043a\u0430<\/div>\n<div class=\"detail-value\">: \u0422\u0440\u0430\u043d\u0441\u0444\u0435\u0440\u043d\u0430\u044f \u043b\u0435\u043d\u0442\u0430 \u0438\u043b\u0438 \u0442\u0438\u0441\u043d\u0435\u043d\u0438\u0435<\/div>\n<\/div>\n<p><img decoding=\"async\" class=\"marking-image\" src=\"data:image\/png;base64,iVBORw0KGgoAAAANSUhEUgAABf0AAAAoCAYAAABEkVAiAAAACXBIWXMAACE3AAAhNwEzWJ96AAAgAElEQVR4nO2dPW\/cWLau1xlMav6BInD64JykGMwAk1QFbvQEJgMbvoHEwIaDW6rAHidSBZIdtO17IakDWwokJR47KCkx7KCk4Bp2UNVBD+yAlTTQHbCSAWYC1h+g\/8ANyLW1i9z8LNaX9D5Ao60qFrlJ7s+113rXf\/z3f37XIqL\/TQAAAAAAAAAAAAAAAAAAWGn+SETfEdFfF1sMAAAAAAAAAAAAAAAAAABMyx8WXQAAAAAAAAAAAAAAAAAAAFQDjP4AAAAAAAAAAAAAAAAAwBXhj9P8WNM0Mi2LarpeVXkyGTpO7mN0XZ8o28h1yff9mZUNAAAAAAAAAAAAAAAAAFgkpY3+mqbRx8+f5mrwD9jKPOJ\/vvsvIiJas23a7Fwe\/+De\/VybBgAAAAAAAAAAAAAAAADAKlJa3qduGAsw+AMAAAAAAABANdQNY9FFWGqevXhO7z68X7nnVDcM0jRt0cUAAAAAAFgY0PQHAAAAAAAAXDs0TaN3H97TsxfPF12UpUTTNGq129RoNmnseYsuTm40TaNXhwd4rwAAAAC41kyl6S8zcl0a9AdVnQ4siGiehkG\/TyPXLfy7sefRoN9X5lCI5lqIkiTBpGka1Q2DfN9PLFORclRJo9kkonw5J5KOTfJISrvfWcDlUzH2PPJyLPrqhkGmZYm\/89ajLK8s1fW5vNGcHVn1LCvHR1pZ0t4J\/y7t\/El1oEg9IsrXJvicWe0m6zxFj806jr\/PA58j72\/kepL1m7T3lOddFjmO62TedpR2rShZ7yPPtXVdp1uWJc4fjOv9XGXi9j72PDrv9RKPzarjRepi3vZSti3LyM\/G93266PUS33WZeppGUh\/H8LVU98HvPes+057RNPUVLD\/T9JFR5tkmq6LVbpOmabRm27S\/uze3686DIv1pEln9z7JiWhbVDYPqhkEnR8fowwAAACwtz148X4louoveeeI6792H93MuTTn2d\/eUc6JVL38alRn9B\/0BnRwdVXU6sADqhkHvPryfWIhtdrZo0O\/T0+2dxMn+um3Tjy+exxZwL+mATo6OY\/Uimmshytjz6G8PH8UqM5dv6Dj04N79qctRJdxJ3L19J7URmpZFr9++IaLL3BPMsxfPEw3uY8+j\/d29XAa4acnq8M663cSFsaZp9Prtm9h9bHa2aOS69GR7J\/X5pD0DIpp4j9FrRXN2ZNWzrBwfWWVJuh\/+Xdr5+RlH60DS50lktQm5vj1WtKnoeXzfp7\/86c+p19zsbFGr3U68pnztl4cHiefka+aBr5X3N3I9yfqN7\/v00+6ecgKT510SEf397Ruq6Trt7+7RWbebeBzXyWn6o7L9RNa1n714Tq12O\/a57\/v0dHsnse95dXhAa7Y98dlmZ0vZhxNl1\/GsOs3oup67381qy0PHoccPH6WOcS8PDyY+2+xsJdabMvU0jc3OFjWazcTjP37+RGPPox9ufh\/7jt971vPMekZp\/T5YbfLU1zx1dZ5tsioCL\/YNIgru8aqRtz9No9FsEBGtnGPXea9Ha\/Y6NZpN2uxs0ZPtnUUXCQAAAFBSN4zUedGyMHSGid+tQvmJKNHpZNXLn8ZSyfu8+\/C+kv9AcVQGf4aNdyoazSa9PDxIrHybna3C76Sm6\/T3t28KVehZlKMM6\/Z66vemZZY6b03X6fXbNxPe84ui1W4rjYNEpDT4M3XDoI+fP1XWob778H6hnXPdMOhVQrtYBjRNE2HtQ8fJtWHEkTJp5K2DbCgo4tG\/CDRNo5eHB6XLKEeU8D0virL9xGank9imeXNts9OJfacy+HM5ksaTqpDb\/rT9AI8fKlQGf6LLejOPPoiNp7pei32nh3WvpuvK5811Mm2SnodWuw2ZjGvMZmcrs1+ZV5uskjXbJk3TaOx5qRu2y8y6bc9UnqhoBOIywRs5a7Yt+koAAADgujPo9+nk6HilZPuinHW7dNbtrlQUosw8y1+Zp38VrMruylXkmeQhf9Hr0XnvnHRdp83OFtV0nUzLokazGZv0sye17\/t01j0V38u\/TfIOGjpOzBBRN+pCnmfNtnMvwqYpR5WYlpXqDXkrhzHuotcjzxuLv3W9JgxrLw8PaHjTmUvnoPJ6a7U3SNM02uxsxd5No9mcWByedU9FOdftdVqzbRp7Xq5wpOgzWLfXY1I9bKT1fT\/VuKiqZ0SUe5CLhlDpui68x+qGQeu2nSpnsiha7baQ9XhawMPNtMzEDYIiCdzlum5aVuy9jz0vVsf4PUfff\/RdBRIy54nXVhknVL\/RtBvC2L3Z2aLHDx9l3FWc6H3Oi6r6CdnTld8JyyA0mk3R5qN1otFsiuvJv2u1N8gMZXCevXg+M+\/KW9IGqmmZucaK6DPj37I8Ud0wJuqppmn0Y2hIk8cW9hwlCjY+VB72ROXqqQous6rtyZtVdcOInZMNXXnDQFXPiNtlq92ms+4pZDKuKCPXjc1fTMsUhvFnL56nbh7Po01WDTtqnHZPZ3aNWVPT9Zmtn+RN+1U0+g8dh8aeR7VQnm1VN3YAAACAqhh7nljzjlxXqAKsEhe93sScNcl5bVmZd\/mXyugPFoMuLRjkEO4hBbuAHz9\/Chf8GxOTfvl3UfkH\/q3KOCyOcYbKcHH24M67aJy2HFVS0\/XERaopaWWncd47jy2uhs5QRDKYljUXI7Pq3QwdR3jwRjeBePE8ct1YGHngaR5suuQxREafARvY5M9YloUN8Ekk1bO8jFx34rpDCsLG\/\/H1S7jYbiyd0V8P2ysRFTbSBUZstaE2K5KFieo1m5YZewee58U+azQbVNN1ZRvI+m0WSb\/x\/W+5vFiTiHr3m5Y1FxmuqvoJU9Kpf3Dv\/kRd4QiRRrMZ69O4Lvi+T3dv3xHteug4IgKANbJnsUkZ9Srme0hD9czOul365esX8czk+5T77McPH4nfsiHp5eEB1XQ9ceOvTD1VwWVS9XOy0V+1MV8raPTPekYwnF1dfN9X9CkOjdyRqOu6rieOJ\/Nok1Wih\/M1IqKf59BnryI8Ls5jTJsVp91Tevbiee41BQAAAHDVyTNHW2ZuzDCafB7Mu\/xLJe8DFgN7qvq+HzNQ+L4vPKCiBgc2Jvi+r1wQ+L5fSgP4IvSMzOu5NKtylCXJMFpW2ocoMDLzwvjWFOeZFjZ2ESXXhyTP1kG\/X2rhKBu15MX\/g3v3F2ps5\/vM6\/k+Tzi3xbiE0TFN4ie\/tE9QN3iBnZWgeZFcSHWojLdk9F4XKfFTpp\/g+jt0HKUxb+S6SkPJ5X2fxiaNsqF\/Fh6ocuJkvt+y1\/F9Xxj8ou\/uUhrHiRkmz3s9yRg\/23ce3WxXlTH4rhb57vKZTOOdn\/aMwNVHHmeTxrt5tckqkRPUInpFTVXyYIvksi4hmhwAAACo6Tp9\/PyJXh0e0GZni+7evkN3b99ZKakf07Lo3Yf39DrMq\/fXm9+XithfFPMuf2We\/q32RuHJeZoH7jRJp0Ax2BiX5E31c78v5H9Uu4JVe2GVXXzNMgS8CEkSP3mkfdIY9AfUaDYXrkvqhaHSSUzzHvZ394ThgJEX5nLdW5b3vWwEUTJBXSsrraKS+Cki7cMbXENnKBITNZrNpfQWnMbYw96sI9elQX9ArXZ74YaFsv3EyB0VOl7eLIjCUTgsL1U1XL+HjkO+\/y2sX43S9SsqL8Jc3qPa4LW\/u0eNZnMuk2SWqKhFPK2j8j4yeso7Kgo\/o2XdvAOLZV5tskrqRp2I1O1j3baF1Jzv+0ImcugMJzZBTcuiNXtdSHmlzUvWbZsazQbd0DQaOkNx7iicP+Xk6IjqhkEbYdTeoD+IPU8+JxHLWXZCySR1n1SkvERxPX8um+oaPM4H5+7FvjMtUzzDpHsnCvqYtfC+vvk+DZ2h0sFDD2VA+XryvckRjp7nCRlIVTQUAAAAcN1gKe2To2MxFzjvnQt1hVWA5ygcqe55npBhXQXmWf7KjP48mSoCG4FgvFssWZ48UQNDdMKcN4w7L2WNClWXowy+7yslflgmYuS6pROG8vkWnRQ16\/2Ylll6UaXqC4xwYV62n9C0G\/QqTLjphYvBKozPmnaDiPLnBpgXnFz4QvL6zgsvjFUSP7J8U1odlMeCoeMIveG0XAGLZBoj5uXmhhMau3yqG0aqBMasKdtPqCSYkpDPnVTHZhmFI28qeZ4n5JnKRnRxW46SpWWtigCYFa7rirYk56zhiB65vExRaR8AVMh9ZNJ4N682WSWX7Ts+92XZwJHr0mZnSxxrWhYZRp2ebO\/Ekny32m16cO++sk9g2UrGtCza7GzRg3v3Y+2TF9yDfn8iITrnuZKfqSxvWAtzWCVFbanK+\/jho8RxmZPU+74vjSt1scETHS84d1M0Miya8N20LFq31+nBvfux+XrdMGJJ4Ndsm1rtjdjx8v0S0cS9rdk2\/eVPfxZ\/j1xX5GGC0R8AAAAIaDQbYsw1LVM4Ga0SbHuqGwbVDWPl7mEe5V+4vE+SwYU9Vsr8B+aDvPiTEwFPCy8e8xoqZlWOMnAYcVTih+8pLanjKiBr4KoSsxJR6KFV3Q4ln8st6InMtNptWgu99hrNJr1++2bqZCmyBM4yhb1z8l4iKmVsGbkujT1PKfHDf2fV4WhkxrRSD7NGvs+ixtHLzY1h+P\/lvlcVssE4b7tYZB8bTSzJ9Yz1xsvAdSD6\/pfJq50jMdg7Ofh38Bxc1yVXofvPG\/pVeE2zdNAq63+CcsgJu1XG5Hm2ySrhMqfV6Wcvnsc209ZsO2ZAZ14pPtvsdJRjgqZpyuOZv799E+uDWu12qWeq67qyvM\/CROUqODpVznfAY50qsjs6HhIFGw2ywZ9JGm+S5vB1w0j0PlTdWzRHA5dpmfp0AAAAYNE0mk369fff6Nfff6NBf0A\/3Pye\/vKnP6\/UfL\/VbtM\/\/\/0v+vj5Ez1++Ih+uPn9SinGzKP8pT39h45DZ93uzDINswdHGapInAeykUNQ1mybblkW\/dzv09AZ0qDfz+wsdL0WWwjxuYjySxJMW44qGfQHtGbbMQ83efGUtshaJqLvRtO0iTYZ17g+pzXbJk3T6N2H90LyZJpoHvY0U11vGjY7W6nh5TLrkUTBul6jW1LkxrIk8Y2+n7IebYN+n1rt9oRnPkv7jD0vhxzApQ46EcUMQFV4wKdFlqUZpqK\/0XWdfgzbY1Q+Kk8Zop7gQ2dIpmUtZXLnJAb9Pv3oB4aWZy+e00Z7gwZS\/zkrkt5fVoSCSu5r6Djhc2+Sl\/LcVedutTcyZXzKUqaeJsHtTjb4XW7ABhsCpmVNtPukDdqi6LouxrBl2uQE1cLONjKmZYp6lLSRvEptUiZL2pIoWIvs7+7RRa9HjWZTJEp\/eXhAI9elJ9s79C2U\/2HngmikZyuU51EdXzeMxOTvNzRNJBBfs20xdwzC8YN1zv7uHm20N2jNtmnkurS\/u6e8n0BWx6GnoeSfXN4kyRtVFDDPYVVjKb8z+V7ke2dP\/cBBa4ta7Y3Yeu3xw0f07MXziQTP0cTwqnsbua7Qwm21N+gszEUWJZr3BAAAAAABPO76vh84AS5YXaIMsv1hFZlV+aeS99nf3SvsTcqTPXA12N\/dE6G4rMO5Ztv0kg7ootejk6PjRMPGWoIHEFHQ2SRN2qsuR5XwJoO88JOlfVYpWdy7D+8TvzvrdmMG0qHj0EWvJ94phyhtdrbChLLHhQ2hSUl8i+D7vgihbzSbop6owtBVJNXRi15vrgmis4h6yLXaG6WM\/ue9c2q12xMSPxy5kscIrIqAYAPQLcvK9cyzYAkAFSdHx8qN37Tf8O+KIHuiyoYuIlLKIy0rrL\/PnpI1XadWu02tdlv0w6r2Pi1p7yINWVKJ4c2WW5aZ2sekbbgGm5TZ9TvwXI0na1d5ZJSpp2nl43My0Q02oi0hh8Zj4eT32UQ3OfkzPlfUgxZcHZKcbXzfF8ZnFYtuk9OS1rdd9HpizBr0+9ToNYSz05PtHdEun2zvCGcAlgUimkxi\/\/jhIzEHfLK9I+ZIdcNQ3udPu3vi87NulwyjLrTumWBeORb3kdbWn27vTFy\/0WxmGP0n9fyJAicbDjuXNytUx8qRoY8fPhLP+eToiNbtdeW1fd+P5SLa390TDiXRDRVGfraqeRlHtK1SuD8AAIDry8h1aeS6Ym7B461pWeT7Pv3c74s5hO\/7dBHmtmEnPXaI5b8H\/b4YS+VzEQVzHZ4Dnhxdzl3Y4aHs2JlW5qwyRu9\/6Dg09jxas+3U+3\/24jkN+gNat9dj57hu5ZepTNMfXE\/Ye4f1W2XY6\/5\/3b5TyNjNC8yiXpBVl6MsF70etdptWrfXaX\/XvTLSPsyg3080dj\/Z3iHPG4sFHVMLw6\/rRr2QoTxu1MrP0HHo5Ohy0OTPBv2+0OWdhjXbTkwwN284WS4RiY0X07JKedbz85I9EGVpn7RBJ8nbT\/aAr8LoXzX7knElL1w3B\/2B+Iw3ANKME8vIuZSsUjYqc\/SIaZl09\/adBZbwEq7n8nOfVlZJ9hLNgg1V8yaaW0fOrSHXM\/6M\/18050jSJidRYHhcpY1rUA0cBaTSYCdafJucJVFZQU7YThR3RGDHAnmM5H+rInsG\/UE4dselcoJru5G\/R7RW7jaU1+c8ISp4wa\/6HUceyImaVVEBck6R+L33ReL7rPkd5xSQN1Ci32f1S+i3AAAArApjzxPrrnV7SI1mQ2yIvzo8mLA\/\/OPrF3qyvRPaPY7p199\/o7u375Dv+6TrOv2\/z5\/E38F63Jw4l+\/7wjbz8fMn4az015vfk+d5pOs6\/fL1S+F7uOj1UsucVsbNztbE\/a+FeYCIeE4wmjgXr+P5\/lvtNo09j364+b04h0ricJryc\/LdZS1\/lKU1+o8978oYSa868uKME3byTqOmafTji+fKxVuQBJF1Nm+IhVSaR9ksysGsh6HOKi56vdyLBvaUZokflS7qKiB7PnOI\/9BxMhfiJ0dHdHJ0RHpoHLsVvgeiQLPsvHee2xialmgvi6QkmyN3JOpFHlSJ+UzLopeHB\/Ty8EDISy0SXgifHB1PRFtsdrZiXnN5OO+d07MXBpmWSV7o1cfSPmlGHJW3n\/x3dEOuLGnjQ9K7iP6m1d4gTdPo5Oi41EZE2r2alkWmZa2M0Z8oMMIM+n3hqWpapvAsYP3lKjdskiIrdL2WaHhOkvuSN1vSjEhBPx54xcoJKWe1oVGmnqbBHiW6rtO38H7HnicMsWPPixn9o4bDshSNTACrx9BxYhEreuj5tWbb9PrtG+X3i2yTVc3bkqiqDy9TDtWmQpXX57mQCv5ctRnOMpaT+UPU42H0eybLeSDq1ZZ2\/CqNswAAAEAWsoNF1NnC933lZ2XOF5zrW67rFiXrHtKOz\/oufg9+5jWLUvYd5Lm3eZQ\/ytIa\/T3PwwJzBWFD6\/7untDhTFpUDJ3hxDtmQ+y6vT61EbVIOZg1hayBfL68izZOhloL9XFXUdqHaDI3xtjz6OXhgTA45bkXz\/PI6\/XovNcTMhecIDbvIk3WCl4m5DD\/KuprFYw9T8iwsOE\/WDjvFR44WLf3VhjORpRP2ueWkHmY3KTJawDKS5nxIfobNi6v2+uFz8U5DohURv\/LqIZVxPd9aQMgkE0Loj7Mio3+6mcu53WJcqkrH68\/soZ4Uv2SdaL1UJ6CKDAc5o3Y4U1NLmuaTFHV8xjedJOjMeR7Zc\/doJ+uhb8plgBdpQleNN8FuDp4nifkVVTj\/6LbZFXzNjCJynOfkXOGsIxYWu6lNJmzqMb+rCRgyyaUBgAAAOZN3TDo9ds3NHJHwkmN5+Fs0wqkYepU03V6dXhAg\/5AjN2v374RXv2apolzRZUYWMqVKHDAZWe4ulGfOEcZ5LyvfJ0gv19N3F9aGV8dHpDnjcX9y3mN1myb6t3g\/uuGISRx6kY9zCU5ItMyJ85x3cofZWmN\/mB+zGoxzwtFIspl6DvtngpDYxlDZVXlqAIOXebFixz2voqc93r0Y6gZLyeRy8vIdYXsUV5jqLyQXwajehQO809LSKoq96wWn\/u7l23m5OhYaMq12u1SBnIOp+dBL08d5mex2dlKXLiblrkU7\/O0e5qZyDAJ+Z3\/89\/\/SjxGnqStIr7v08nRMb1++2binhd1T9x3NJrNxOduWmau+u6F2oumZdGavb4UMl1ZsAG\/LkmTyfIj7LnLGpHBZ8U2TEeuuxTtEywPrBXfaDZjiXmve5u8qqR57sv1QXamKdNvyMYHjiqZBXydonJnAAAAwCLgqHFGNkKz\/Cojz\/uJSMzXip5LVjf49fffppYzTStzVhmjDmDyuYgo8f7\/57v\/IqLAFvfx86drXX6ZTKP\/ZqdT2cWIKLfBTw+9pIsShNOrFwqqBHVVnHfVYUNB0rspm0y1qGHootcTyUhNy6rseectx\/7uXmIIcVHDCUv8MFUkoytrxKkKOVdBGe9VOXwsD7Im9TIbTpOkBZLq0iwSyUUTHrLkUKPZLP2+WOKHKDtBINGlkTuLReihq5BzFxSN1sjr9dBoNueSiFKm6n5C1fbkcydtmDx78ZzqhkEXvfPK+vI88lDsfZqnz7jonQtPZFUEE7ehrA28eRmSuHzyxqH8LoIyBsl8Fz1egKtJdPyad5uMMs28rcros6uEKkl9lKEzDBe8jYnP1MfGZaNU8AKZc3TJ13734X0lcweWkgIAAADAJDyf4ii+VYTnm6sa4Ter8ucw+s\/G6yKLWkmPj6HjJBoY0hLUTXPeVYcNFkkLM55oq\/Sr0hZycmeRZ7HHshKmZVGrvVHoeVdRjiqNI7LED2uhTwsbGhcVrs4bGbUwBD9qzMxa1GvaDSLKvwkzTRJfoiDpSk3XlXIVVZDUGbMER5J3I7\/HKsukeqYnR8f07kMzlMzKL1\/CsMQP\/zsLuZ9Iujc2oJZJMDwLeGNjzbYnIiWykGWnVL9hnWvTMudu9C\/TT+TpP6Pfc\/+mitzgCBMiorPuae5ypJEn8ofHsLybxoN+Xxj+Wu2NWJJxvuekBNQsZ1WVbn4WUVkN+TOiyz5F\/n4Z2hlYfVTj3SLaZJRpxlFV4t1ZITvPMEXnRPNClaQ+yqDfp83O1kQdSBrrii5cB\/1B5c+E72nZnjUAAACwSAb9Pj1++Ig0TaN3H95Tq72xcgbz\/d09Out2qW4Y9PHzJ\/KkHGerwDzK\/4dKz1YChFouHl6syXpTjBzKEjX81Q2Dfvn6JbFSyp7ueRdmF2HSw2iYUhqzKEcV8AKoCqPfupQ07ecFSQWxZzRRoKMb5eXhAb1KyCzOskDBefJpTBsiEWUxTWrmRujBtxHRQVsPy14mObAM66upNN2JKPQgn9xorBuGeA6z9iwcOo7oX8towXnSZlUeaR82Np91T+nBvfvK\/7g8y+LtfyEZofJuCsuerXdv31HeJyepnfd9luknWu22yLeh\/j6oO9G+k+vvmm3H+l4eR\/JEiOTFFPkinMT6xWNUkXwKXAdU75\/bMnsey8jSFvPsk\/k91HQ99k58359I5gvvZVAFcuJ7uU4tok1WiezwMutrcEQBwxshRMXzbsyarKS8RJcb3rVwg1u12S\/3VdH+U96YnAdswEDkEwAAAHAJz0F4HG80mzNRJZglPLbz\/+fl0FEV8yj\/wjT9x2FyMHihLZ5JHVWbbmia6AA4+QRR4BUrw1I8Hz9\/ootej4bOkDzPCxczpliwXRTwMJa9vDbaG\/RkeyfzN7MoRxWcdU\/J978Vvm5UhqrRbIi\/x+G7WhTsGW1a1oS3tmwAazSbE8n56oZBG1I9yvM82FOaqLzh6uf+QNRpzxvT0HGo1d4ofF6VLJicCCdqEB\/0+8ILOkh+3CDPG5Om3RA6+0Tx9iSTJm1WRGrs5OiYXh4eUN0wSkkY7O\/u5ZKo0TRNGE7Sjh06TpgQsjFV5FSW\/Bsn8s5Cji7aaG\/kSlR76QWZfp9EFCb8iUc1NJqN1PJf9HqZY2MV\/QRv6mqaRr98\/SL6Tw4rlJNkXkTqK+dEYM+Qs+4pjT1v4jdBH1iNZyWfM20DaugMRcLRvHAEk6ZpsYiYi15PPJ\/gHruhrEVDjCtch1RUVU9lZO8PlQGLk\/kmfc8Jo0aum+lFncW6bdOavV6phBNYHKr6ygnPieKbeItok1XiuiNao2IbEkXxPE\/MB16\/fUM\/hRFl8lykqjkdv78840cS8lie1TdxouakY2Xt\/9dv39DJ0TGNXFfMy1nGRz6eKBjb5HuI6uYWRZ5PwugPAAAAXMonc8S2pml0K4dk4zIxct1wrhg4dNYNY6U2LOZZ\/kyjfx4dxjKoJohVXEs2MAQGjGo83a56SOhPoXGPvY+iOq2qZ3nROxcTcc5EHYUTQRaBteODjifb6D+rckyL53mltNTTvNuebO8stC5y3gUioluWJYyksj76pTRXXJ7rrNvNtRgtm0dC5jw02KnKUyRZZdr74ATFUfZ39+j12zeJvz\/rdlPvK03arIjUmJyAebOzRQ\/uFesP8xolub9Ik\/YJzhcYgPK27SSy5N9OjvJv6rCGdE3XqW4YmfXt0siRHCkiG3rkdsJkGTGGjpPZTqroJ3zfp5\/7\/Ymkz9FEQ0RBPY\/WuZHr0lm3K4xz0ffB31eBHr4bovT3Km+25HmXXE7uu25Z5sR9+r5PP+3u0cswgkn1fH5KkYWqsp5elnck6qAqCkr+XqVfHfU4nobLJNjTRU2B5SCrvv4kbRItqk1WCZdt1knXeT6gaZroS+QyTGuI5lwe\/P7yjB9JcN+RZyOCHSuCMqj7AJYZVEUSR6X+WFKwpuv0y9cvpcqvIkuODwAAALhOjFyX7t6+Q0SBHPK7D+8XXKLinHW7wnnpH1+\/zDw6tGrmXf5Mo\/88w8OrvpbneYgkyInnefTg3n36+9s3sR0muVLKnIeeOKydHmXkuvRke6fwOyjq5TWrciwTQ8eZmTZ9EZI8o33fpwf37tNmZ0tpNCQKFn95N0Gm1fNn\/vbwUUy6ZOS69Pjho6nOSxSU7fHDR8pF5KDfp6fbOxJA9PsAAAP\/SURBVMLgLpPUnmbFWfdUaO\/OSks\/7\/uSpcTyGoBmTZHooiIRKHJUQ1XG7yzK9BNPtnfIdUfCoz0K12UVXI+jbV6ViHEa8uSLIJrcbGk0m7mfQ1IEU\/BdMP5E2zJvCMzbw50NfJf\/Tv5+GdoXWH1UdX2RbbIq5NxLeXMOlGHQ74sN0uj1q5qLsEf9tFyO5dkbeXL\/kzQeDh1HORcaex797eGjiffqeR493d6JbYzIuUrKwBJ1adGVAAAAwHVBXp+taoJ73\/8m\/u2Fc7lVYt7l\/4\/\/\/s\/v\/i8R\/Z+ZXgWsFKZlUd0whBdoXs9s2VsqzXuJDWfjlE0ZWaaCj2FDYdois0g5qiSPBmrWsUkap2nPaRZk3UuW4ZM9SWUJiqHjFDIA8rPIc+98bJIXF0evsAZ23lD6NM3ZvO9Evnae9pRn0S7X\/zxtQg7XTyp3nvOkHVvkfaV53eV5l3kW\/mX6De4z5GOi5SkifcDtRD6n3HbSSPNILNtP5O135b43r8eoHkY0aJqWGR2S1b+o3pfqWSahqotF6lWefoTlk9KSHxetp3nJqoN5v8+q63nIU6fA8pNVX1X1aBnaZBVsdjq02dmisefRDze\/j5U5eu209pU1DubtJ5P6yKyxTDW2pv1G1X7\/8fUL1XSd7t6+k2su8Ovvv5Hv+\/SXP\/0589i88zA93CCSj1W9j7xj+8fPn4iI6K83v0c\/BQAAYCl59+H9XHPBPQ2jwl8eHhTSj09z4vznv\/9VVfEyYan4mq7HIgmzeHDvvnIOturlTyPV6B9o+q5WqMQsKSPVAgAAAAAAAFgudElK5un2zrXOTcHPIo8RnyhwEHr99g0N+v1KIhZmARtRONk0AAAAsIzM2+hflmUx+k\/DMhj9p6GM0T9V3idL3\/O6AaM\/AAAAAAAAq4\/neXTR69GabdNmZys1gueqwwn8fs4ZDWlaZnh8ciLnRSJHrs07pxcAAABQhFWR5BynRMzNUxZ+GpLmeate\/jQyNf0BAAAAAAAA4KpxcnRMtyyrsAzhVSOvnn+j2STTMkUk+LIukseeJ2Q+l7WMAAAAABHNNd\/frFj1iLpVL38aMPoDAAAAAAAArh2cQPa6G4ZPjo7prHua6W3YaDZFUuJlzufheR49uHefvl3jjRwAAAAAgFSj\/8h1r\/SOBwAAAAAAAOD6kpZY9rpQVFrA9316sr0zo9JUw6rIJQAAAAAAzIrURL4AAAAAAAAAAECj2SRN02jkukvr5Q8AAAAAAAIg7wMAAAAAAAAAIJXrLoMEAAAAALBK\/GHRBQAAAAAAAAAAAAAAAAAAQDXA6A8AAAAAAAAAAAAAAAAAXBH+SES\/LLoQAAAAAAAAAAAAAAAAAACYnv8P3Qy+xYjRJzkAAAAASUVORK5CYII=\" alt=\"Markalama G\u00f6rseli\" title=\"\"><\/p>\n<\/div>\n<div>\n<table style=\"width: 100%;\" cellspacing=\"0\" cellpadding=\"0\">\n<tbody>\n<tr>\n<td style=\"width: 120px; font-weight: bold;\">\u041d\u043e\u0440\u043c<\/td>\n<td style=\"width: 400px; text-align: left;\">\u0418\u0421\u041e 1307<\/td>\n<td style=\"width: 120px; font-weight: bold;\">\u0426\u0432\u0435\u0442<\/td>\n<td style=\"width: 400px;\">\n<div class=\"color-icons\"><img decoding=\"async\" src=\"data:image\/svg+xml;base64,PHN2ZyB3aWR0aD0iNjAiIGhlaWdodD0iMTIwIiB2aWV3Qm94PSIwIDAgNjAgMTIwIiB4bWxucz0iaHR0cDovL3d3dy53My5vcmcvMjAwMC9zdmciPgogIDxyZWN0IHg9IjAiIHk9IjAiIHdpZHRoPSI2MCIgaGVpZ2h0PSIxMjAiIGZpbGw9ImJsYWNrIj48L3JlY3Q+CiAgPHBhdGggZD0iTTEwLDAgCiAgICAgICAgICAgQzI1LDAgMjUsMzAgMjUsNjAgCiAgICAgICAgICAgQzI1LDkwIDI1LDEyMCA0MCwxMjAgCiAgICAgICAgICAgTDUwLDEyMCAKICAgICAgICAgICBDMzUsMTIwIDM1LDkwIDM1LDYwIAogICAgICAgICAgIEMzNSwzMCAzNSwwIDIwLDAgCiAgICAgICAgICAgWiIgZmlsbD0iI0ZGRDcwMCI+PC9wYXRoPgo8L3N2Zz4K\" alt=\"\" title=\"\"><br \/>\n<img decoding=\"async\" src=\"data:image\/svg+xml;base64,PHN2ZyB3aWR0aD0iNjAiIGhlaWdodD0iMTIwIiB2aWV3Qm94PSIwIDAgNjAgMTIwIiB4bWxucz0iaHR0cDovL3d3dy53My5vcmcvMjAwMC9zdmciPgogIDxyZWN0IHg9IjAiIHk9IjAiIHdpZHRoPSI2MCIgaGVpZ2h0PSIxMjAiIGZpbGw9ImJsYWNrIj48L3JlY3Q+CiAgPHBhdGggZD0iTTEwLDAgCiAgICAgICAgICAgQzI1LDAgMjUsMzAgMjUsNjAgCiAgICAgICAgICAgQzI1LDkwIDI1LDEyMCA0MCwxMjAgCiAgICAgICAgICAgTDUwLDEyMCAKICAgICAgICAgICBDMzUsMTIwIDM1LDkwIDM1LDYwIAogICAgICAgICAgIEMzNSwzMCAzNSwwIDIwLDAgCiAgICAgICAgICAgWiIgZmlsbD0iIzAwRkYwMCI+PC9wYXRoPgo8L3N2Zz4K\" alt=\"\" title=\"\"><\/div>\n<\/td>\n<\/tr>\n<\/tbody>\n<\/table>\n<\/div>\n<\/div>\n<\/div>","protected":false},"excerpt":{"rendered":"<p>&nbsp; \u00dcr\u00fcn Ad\u0131: OSRIS &#8211; MD \u00dcr\u00fcn Kodu: RS715 Kullanim Alan\u0131 : Barit, bentonit ve di\u011fer a\u015f\u0131nd\u0131r\u0131c\u0131 malzemelerin de\u015farj\u0131 i\u00e7in. Alt Katman : Y\u00fcksek A\u015f\u0131nma Diren\u00e7li Antistatik NR (A\u015f\u0131nma De\u011feri 70 MM3 DIN 53516) Takviye Katman\u0131 : Y\u00fcksek Mukavemetli Sentetik Tekstil ve Antistatik Bak\u0131r Tel. \u00dcst Katman : Deniz Suyuna, Hava ve Oksijene Dayan\u0131kl\u0131 Siyah, [&#8230;]\n","protected":false},"featured_media":22498,"comment_status":"open","ping_status":"closed","template":"","meta":{"jetpack_post_was_ever_published":false},"product_brand":[],"product_cat":[2370],"product_tag":[],"class_list":{"0":"post-21743","1":"product","2":"type-product","3":"status-publish","4":"has-post-thumbnail","6":"product_cat-sel_petrol_kuyusu_hortumlari","8":"first","9":"instock","10":"taxable","11":"shipping-taxable","12":"product-type-simple"},"jetpack-related-posts":[],"jetpack_sharing_enabled":true,"jetpack_likes_enabled":true,"_links":{"self":[{"href":"https:\/\/tuzlahortum.com.tr\/ru\/wp-json\/wp\/v2\/product\/21743","targetHints":{"allow":["GET"]}}],"collection":[{"href":"https:\/\/tuzlahortum.com.tr\/ru\/wp-json\/wp\/v2\/product"}],"about":[{"href":"https:\/\/tuzlahortum.com.tr\/ru\/wp-json\/wp\/v2\/types\/product"}],"replies":[{"embeddable":true,"href":"https:\/\/tuzlahortum.com.tr\/ru\/wp-json\/wp\/v2\/comments?post=21743"}],"wp:featuredmedia":[{"embeddable":true,"href":"https:\/\/tuzlahortum.com.tr\/ru\/wp-json\/wp\/v2\/media\/22498"}],"wp:attachment":[{"href":"https:\/\/tuzlahortum.com.tr\/ru\/wp-json\/wp\/v2\/media?parent=21743"}],"wp:term":[{"taxonomy":"product_brand","embeddable":true,"href":"https:\/\/tuzlahortum.com.tr\/ru\/wp-json\/wp\/v2\/product_brand?post=21743"},{"taxonomy":"product_cat","embeddable":true,"href":"https:\/\/tuzlahortum.com.tr\/ru\/wp-json\/wp\/v2\/product_cat?post=21743"},{"taxonomy":"product_tag","embeddable":true,"href":"https:\/\/tuzlahortum.com.tr\/ru\/wp-json\/wp\/v2\/product_tag?post=21743"}],"curies":[{"name":"wp","href":"https:\/\/api.w.org\/{rel}","templated":true}]}}