{"id":21491,"date":"2025-08-11T11:05:40","date_gmt":"2025-08-11T08:05:40","guid":{"rendered":"https:\/\/tuzlahortum.com.tr\/urun\/raki-sdfc-10-pe\/"},"modified":"2025-08-20T15:46:59","modified_gmt":"2025-08-20T12:46:59","slug":"raki-sdfc-10-pe","status":"publish","type":"product","link":"https:\/\/tuzlahortum.com.tr\/ru\/product\/raki-sdfc-10-pe\/","title":{"rendered":"RAKI SDFC\/10 PE"},"content":{"rendered":"<p>&nbsp;<\/p>\n<div class=\"report-container\">\n<div class=\"report-header\">\n<div class=\"standard-text\">\u041d\u0430\u0438\u043c\u0435\u043d\u043e\u0432\u0430\u043d\u0438\u0435: Raki SDFC\/10 PE<\/div>\n<div class=\"standard-text\">\u041a\u043e\u0434 \u0442\u043e\u0432\u0430\u0440\u0430: FFC80F<\/div>\n<\/div>\n<div class=\"product-image-container\">\n<div class=\"key-feature\">\u041f\u0440\u0438\u0435\u043c\u043d\u0438\u043a\/\u043f\u0435\u0440\u0435\u0434\u0430\u0442\u0447\u0438\u043a \u043f\u0438\u0449\u0435\u0432\u044b\u0445 \u043f\u0440\u043e\u0434\u0443\u043a\u0442\u043e\u0432 FLAT-CORRUGATED UHMW-PE<\/div>\n<\/div>\n<div class=\"horizontal-line\"><\/div>\n<div class=\"product-details\">\n<div class=\"detail-row\">\n<div class=\"detail-label\">\u041e\u0431\u043b\u0430\u0441\u0442\u044c \u0438\u0441\u043f\u043e\u043b\u044c\u0437\u043e\u0432\u0430\u043d\u0438\u044f<\/div>\n<div class=\"detail-value\">: \u0414\u043b\u044f \u0432\u0441\u0430\u0441\u044b\u0432\u0430\u043d\u0438\u044f \u0438 \u0432\u044b\u0433\u0440\u0443\u0437\u043a\u0438 \u043f\u0438\u0449\u0435\u0432\u044b\u0445 \u043f\u0440\u043e\u0434\u0443\u043a\u0442\u043e\u0432 \u0441 \u0432\u044b\u0441\u043e\u043a\u0438\u043c \u0441\u043e\u0434\u0435\u0440\u0436\u0430\u043d\u0438\u0435\u043c \u0430\u043b\u043a\u043e\u0433\u043e\u043b\u044f (\u0434\u043e 99\u00b0). \u041e\u0441\u043e\u0431\u0435\u043d\u043d\u043e \u0434\u043b\u044f \u0438\u0441\u043f\u043e\u043b\u044c\u0437\u043e\u0432\u0430\u043d\u0438\u044f \u043d\u0430 \u043f\u0438\u0432\u043e\u0432\u0430\u0440\u0435\u043d\u043d\u044b\u0445 \u0438 \u0432\u0438\u043d\u043e\u043a\u0443\u0440\u0435\u043d\u043d\u044b\u0445 \u0437\u0430\u0432\u043e\u0434\u0430\u0445.<\/div>\n<\/div>\n<div class=\"detail-row\">\n<div class=\"detail-label\">\u041d\u0438\u0436\u043d\u0438\u0439 \u0441\u043b\u043e\u0439<\/div>\n<div class=\"detail-value\">: \u0411\u0435\u043b\u044b\u0439 \u0446\u0432\u0435\u0442, \u043d\u0435\u0442\u043e\u043a\u0441\u0438\u0447\u043d\u044b\u0439, \u0431\u0435\u0437 \u0432\u043a\u0443\u0441\u0430 \u0438 \u0437\u0430\u043f\u0430\u0445\u0430, UHMW-PE<\/div>\n<\/div>\n<div class=\"detail-row\">\n<div class=\"detail-label\">\u0423\u0441\u0438\u043b\u0438\u0432\u0430\u044e\u0449\u0438\u0439 \u0441\u043b\u043e\u0439<\/div>\n<div class=\"detail-value\">: \u0412\u044b\u0441\u043e\u043a\u043e\u043f\u0440\u043e\u0447\u043d\u044b\u0439 \u0441\u0438\u043d\u0442\u0435\u0442\u0438\u0447\u0435\u0441\u043a\u0438\u0439 \u0442\u0435\u043a\u0441\u0442\u0438\u043b\u044c \u0438 \u0441\u0442\u0430\u043b\u044c\u043d\u0430\u044f \u043f\u0440\u043e\u0432\u043e\u043b\u043e\u0447\u043d\u0430\u044f \u0441\u043f\u0438\u0440\u0430\u043b\u044c.<\/div>\n<\/div>\n<div class=\"detail-row\">\n<div class=\"detail-label\">\u0412\u0435\u0440\u0445\u043d\u0438\u0439 \u0441\u043b\u043e\u0439<\/div>\n<div class=\"detail-value\">: \u0423\u0441\u0442\u043e\u0439\u0447\u0438\u0432\u043e\u0441\u0442\u044c \u043a \u043f\u043e\u0433\u043e\u0434\u043d\u044b\u043c \u0443\u0441\u043b\u043e\u0432\u0438\u044f\u043c, \u043e\u0437\u043e\u043d\u0443 \u0438 \u0438\u0441\u0442\u0438\u0440\u0430\u043d\u0438\u044e, \u0441\u043f\u0435\u0446\u0438\u0430\u043b\u044c\u043d\u0430\u044f \u0441\u0438\u043d\u0442\u0435\u0442\u0438\u0447\u0435\u0441\u043a\u0430\u044f \u0440\u0435\u0437\u0438\u043d\u0430, Flat Born.<\/div>\n<\/div>\n<\/div>\n<div class=\"datasheet_table\"><img decoding=\"async\" class=\"alignnone size-full\" src=\"https:\/\/tuzlahortum.com.tr\/wp-content\/uploads\/2025\/08\/datasheet265.svg\" alt=\"\" title=\"\"><\/div>\n<div class=\"table-notes\">\u0421\u0442\u0435\u0440\u0438\u043b\u0438\u0437\u0430\u0446\u0438\u044f: \u041f\u0430\u0440 \u043f\u0440\u0438 130\u00b0C \u0432 \u0442\u0435\u0447\u0435\u043d\u0438\u0435 15 \u043c\u0438\u043d\u0443\u0442, \u043a\u0430\u0443\u0441\u0442\u0438\u0447\u0435\u0441\u043a\u0430\u044f \u0441\u043e\u0434\u0430 (%5) \u043f\u0440\u0438 60\u00b0C \u0432 \u0442\u0435\u0447\u0435\u043d\u0438\u0435 15 \u043c\u0438\u043d\u0443\u0442.<\/div>\n<div class=\"horizontal-line\"><\/div>\n<div class=\"footer\">\n<div class=\"standards-section\">\n<div class=\"standard-item\" style=\"margin-top: 9px;\"><\/div>\n<div class=\"standard-info\"><\/div>\n<\/div>\n<div class=\"temperature-section\">\n<div class=\"temp-icon\"><img decoding=\"async\" src=\"data:image\/svg+xml;base64,PD94bWwgdmVyc2lvbj0iMS4wIiBlbmNvZGluZz0iVVRGLTgiPz4KPHN2ZyBpZD0ia2F0bWFuXzIiIGRhdGEtbmFtZT0ia2F0bWFuIDIiIHhtbG5zPSJodHRwOi8vd3d3LnczLm9yZy8yMDAwL3N2ZyIgdmlld0JveD0iMCAwIDcyLjI3IDE2Ljk4Ij4KICA8ZGVmcz4KICAgIDxzdHlsZT4KICAgICAgLmNscy0xIHsKICAgICAgICBzdHJva2Utd2lkdGg6IC41OXB4OwogICAgICB9CgogICAgICAuY2xzLTEsIC5jbHMtMiwgLmNscy0zLCAuY2xzLTQgewogICAgICAgIGZpbGw6IG5vbmU7CiAgICAgICAgc3Ryb2tlLW1pdGVybGltaXQ6IDMuODY7CiAgICAgIH0KCiAgICAgIC5jbHMtMSwgLmNscy0zLCAuY2xzLTQgewogICAgICAgIHN0cm9rZTogI2E3YTlhYjsKICAgICAgfQoKICAgICAgLmNscy01IHsKICAgICAgICBmaWxsOiAjYTdhOWFiOwogICAgICB9CgogICAgICAuY2xzLTIgewogICAgICAgIHN0cm9rZTogI2ZmZjsKICAgICAgfQoKICAgICAgLmNscy0zIHsKICAgICAgICBzdHJva2Utd2lkdGg6IDIuMDZweDsKICAgICAgfQoKICAgICAgLmNscy00IHsKICAgICAgICBzdHJva2Utd2lkdGg6IC4ycHg7CiAgICAgIH0KICAgIDwvc3R5bGU+CiAgPC9kZWZzPgogIDxnIGlkPSJrYXRtYW5fMSIgZGF0YS1uYW1lPSJrYXRtYW4gMSI+CiAgICA8Zz4KICAgICAgPHBhdGggY2xhc3M9ImNscy0zIiBkPSJNMTEuMzQsMTEuNTdjLS45NCwxLjcxLTIuNzEsMi42Ni00LjgsMi42Ni0zLjA1LDAtNS41MS0yLjQ3LTUuNTEtNS41MlMzLjUsMy4xOSw2LjU1LDMuMTljMS45NCwwLDMuNjUsMSw0LjYzLDIuNTIiLz4KICAgICAgPGNpcmNsZSBjbGFzcz0iY2xzLTUiIGN4PSI2LjU1IiBjeT0iOC42NiIgcj0iMi40Ii8+CiAgICAgIDxjaXJjbGUgY2xhc3M9ImNscy0yIiBjeD0iNi41NSIgY3k9IjguNjYiIHI9IjIuNCIvPgogICAgICA8bGluZSBjbGFzcz0iY2xzLTMiIHgxPSI2OC4zNCIgeTE9IjExLjc2IiB4Mj0iOS45MiIgeTI9IjExLjc2Ii8+CiAgICAgIDxsaW5lIGNsYXNzPSJjbHMtMyIgeDE9IjY4Ljc4IiB5MT0iNS41MSIgeDI9IjkuNzMiIHkyPSI1LjUxIi8+CiAgICAgIDxsaW5lIGNsYXNzPSJjbHMtMyIgeDE9IjU0LjA3IiB5MT0iOC43NSIgeDI9IjguNjQiIHkyPSI4Ljc1Ii8+CiAgICAgIDxwYXRoIGNsYXNzPSJjbHMtMyIgZD0iTTY4LjE1LDUuNTVjMS43MSwwLDMuMDksMS4zOSwzLjA5LDMuMDlzLTEuOTIsMy4wNi0zLjYyLDMuMDYiLz4KICAgICAgPHBhdGggY2xhc3M9ImNscy01IiBkPSJNNTMuOTEsOC43NWMwLS4xNC4xMi0uMjYuMjYtLjI2cy4yNy4xMi4yNy4yNi0uMTIuMjctLjI3LjI3LS4yNi0uMTItLjI2LS4yN1oiLz4KICAgICAgPHBhdGggY2xhc3M9ImNscy0zIiBkPSJNNTMuOTEsOC43NWMwLS4xNC4xMi0uMjYuMjYtLjI2cy4yNy4xMi4yNy4yNi0uMTIuMjctLjI3LjI3LS4yNi0uMTItLjI2LS4yN1oiLz4KICAgICAgPGxpbmUgY2xhc3M9ImNscy0xIiB4MT0iMzYuNDMiIHkxPSIxNi45OCIgeDI9IjM2LjQzIiB5Mj0iMTQuMjQiLz4KICAgICAgPGxpbmUgY2xhc3M9ImNscy0xIiB4MT0iMjguMDUiIHkxPSIxNi45OCIgeDI9IjI4LjA1IiB5Mj0iMTQuMjQiLz4KICAgICAgPGxpbmUgY2xhc3M9ImNscy0xIiB4MT0iMTkuNTkiIHkxPSIxNi45OCIgeDI9IjE5LjU5IiB5Mj0iMTQuMjQiLz4KICAgICAgPGxpbmUgY2xhc3M9ImNscy0xIiB4MT0iNDEuNTciIHkxPSIyLjc0IiB4Mj0iNDEuNTciLz4KICAgICAgPGxpbmUgY2xhc3M9ImNscy0xIiB4MT0iMzMuMjgiIHkxPSIyLjc0IiB4Mj0iMzMuMjgiLz4KICAgICAgPGxpbmUgY2xhc3M9ImNscy0xIiB4MT0iMjQuOTkiIHkxPSIyLjc0IiB4Mj0iMjQuOTkiLz4KICAgICAgPGxpbmUgY2xhc3M9ImNscy0xIiB4MT0iMTYuMDgiIHkxPSIyLjc0IiB4Mj0iMTYuMDgiLz4KICAgICAgPGxpbmUgY2xhc3M9ImNscy0xIiB4MT0iNDQuNjMiIHkxPSIxNi45OCIgeDI9IjQ0LjYzIiB5Mj0iMTQuMjQiLz4KICAgICAgPGxpbmUgY2xhc3M9ImNscy0xIiB4MT0iNDkuNDkiIHkxPSIyLjc0IiB4Mj0iNDkuNDkiLz4KICAgICAgPGxpbmUgY2xhc3M9ImNscy00IiB4MT0iNDAuODgiIHkxPSIxNi45OCIgeDI9IjQwLjg4IiB5Mj0iMTQuMjQiLz4KICAgICAgPGxpbmUgY2xhc3M9ImNscy00IiB4MT0iMzIuMzMiIHkxPSIxNi45OCIgeDI9IjMyLjMzIiB5Mj0iMTQuMjQiLz4KICAgICAgPGxpbmUgY2xhc3M9ImNscy00IiB4MT0iMjMuNzkiIHkxPSIxNi45OCIgeDI9IjIzLjc5IiB5Mj0iMTQuMjQiLz4KICAgICAgPGxpbmUgY2xhc3M9ImNscy00IiB4MT0iMjAuNTkiIHkxPSIyLjc0IiB4Mj0iMjAuNTkiLz4KICAgICAgPGxpbmUgY2xhc3M9ImNscy00IiB4MT0iMjkuMTMiIHkxPSIyLjc0IiB4Mj0iMjkuMTMiLz4KICAgICAgPGxpbmUgY2xhc3M9ImNscy00IiB4MT0iMzcuMTYiIHkxPSIyLjc0IiB4Mj0iMzcuMTYiLz4KICAgICAgPGxpbmUgY2xhc3M9ImNscy00IiB4MT0iNDUuNzEiIHkxPSIyLjc0IiB4Mj0iNDUuNzEiLz4KICAgIDwvZz4KICA8L2c+Cjwvc3ZnPg==\" alt=\"S\u0131cakl\u0131k\" width=\"100\" title=\"\"><\/div>\n<div class=\"temp-values\">\n<div>-40\u00b0C \/ +80\u00b0C<\/div>\n<div>-40\u00b0F \/ +176\u00b0F<\/div>\n<\/div>\n<\/div>\n<div class=\"marking-section\">\n<div class=\"detail-row\">\n<div class=\"detail-label\">\u041c\u0430\u0440\u043a\u0438\u0440\u043e\u0432\u043a\u0430<\/div>\n<div class=\"detail-value\">: \u0422\u0440\u0430\u043d\u0441\u0444\u0435\u0440\u043d\u0430\u044f \u043b\u0435\u043d\u0442\u0430 \u0438\u043b\u0438 \u0442\u0438\u0441\u043d\u0435\u043d\u0438\u0435<\/div>\n<\/div>\n<p><img decoding=\"async\" class=\"marking-image\" src=\"data:image\/png;base64,iVBORw0KGgoAAAANSUhEUgAABf0AAAAoCAYAAABEkVAiAAAACXBIWXMAACE3AAAhNwEzWJ96AAAgAElEQVR4nO2dXWwj15Xn\/\/yW1K3qniwW2AFL8zLOrCkms+sEaDYTZMZG1KaxDwZGNvWyDUQD6aUNtADJQBoYBWg1YAXbAawGZMC9wEqIjO08rIjWINkX062sjV3EbBrYZGZsicF4ZrE7IpPZBWbSXWo1KX7uA+uUqopVxWLxmzo\/wHBTZFXdunXrfpx7zv+4\/kl84WMAL4NhGIZhGIZhGIZhGIZhGIZhmGHmE3e\/S8AwDMMwDMMwDMMwDMMwDMMwTGdgoz\/DMAzDMAzDMAzDMAzDMAzDjAhs9GcYhmEYhmEYhmEYhmEYhmGYEcHbzsH+2Aw84elOlaUjVI+yOE3sAQAC8Vm4p0Tlu\/zGZr+K1VEubt2HW5jsdzEY5txRlY7xbPFGv4vBMAzDMAzDMAzDMAzDMKY4Nvr7YzO4uHW\/k2XpCOVUWmP090YjynejYPQfX1mCPzbT72IwzLnk+dp6v4vAMAzDMAzDMAzDMAzDMJY4lvcZW5jvXCkYW7gEAWML3+t3MRjmXFLN5lDY3ul3MRiGYRiGYRiGYRiGYRjGkrbkfZjeMrG2Cpcg9LsYTAtUszlUj7JwT4lwi8F+F4dpg5OVW\/0uAsN0FJ8cCVdKpftcEoZhGIZhgPp6zzsdavm408QePOEQKgcZBOKzOLmzjgu3V3FyZx2Vg0wXSsowDMMwzKDTMaN\/YXsHpeR+p07nmKok9bsIXcETDiEQn+13MZgWyW9s4jSxh4tb9+Fno\/\/QUk6l2TDKjBRuMYjJ3QeoSRJ+F\/5mv4vDMAwz8FzYuIvC9g4bUC24uHUfz9feQTWb63dRhhYy+Jcef2b7GMpj550OoSYdwxuNwC0Iyv8r3SoswzAM0zZfOfqy30WwxfHcdUObiC8aweTugz6UqHX+eeqrDX8b9vI3o2NG\/\/zGe6iNqMF9ELhwe7XfRWAcQJ2iL3qlzyVh2uEZe\/kzI4Y\/dg0AUErZNyowDMOcV3zRCALxWfiiETyJvtzv4gwkE2ur8MdmUJMkjo5sk9Ljz1rKRee7yusMhmEYhmEa6ZjRv12D\/\/jKEsaXb7ZdjnIqDWnuetvnGSR80YgmIbGaY4t79cdnbUUH5O+9h3IqjYnbq\/CEjcNJKwcZPL+zDs90CBNrjRsQFOnhEiY1CZ6pfHZ2zk4TexoPKrcYRGDuDcN2YXbf3mgEYwvfM5RBOk3soSgneTbDqM6KyX2N11IgPmtLaqmazaGazcETDim\/fb62jsphxrAea5KE52vrSiJqlyBgbHG+6XthdV+e6RDGV242lJXKYYXd9jPqFLZ3hsJjTbDxjpUPMw3JiF2CoCzUXYKAmiTJbX7dsl9v9ThPOGS6eVk+zKCw1byeA\/FZjC3MK\/0UXVPdbwRaaLeniT2cJvaUUHqrEHiqX\/340mq92w3bbzaO+aIRBBbmNYndi8l9FBMPUbQRdUdjSin5CIB1vRWT+zhN7Nka5+k5G7U1gq5F9W\/E+MpS3XNRjpAqJveRv7dp6WFLfab6uGo2h2LykaFjgt220g1phHbqyU79mbVpOpbeGyvGV5bgu3pFuY5LEDC59T6A+kao\/n11i0Fc3LhrWi4qk1W5zbDqPwCYnrNfz3hsof5umhnuqG6N3nP1vVr1A07rxA4uQcD4yk14p0OmbXR8ZUkz3yqn0rbr0arfrMj5cwbNm57mYtWjrObv9KyB5v12s3bR7jO1au9V6Rin2zuWUYt2xlh9WdXto5xKAwv1Pji\/sTkUcyeGYRiGOU9IkoRfvf19AMBL7\/4IwhDKhx8dHuLvZdvkd27\/oN\/FaZlel581\/YeACxt3Tb+zmryXUmlUDjKGRno1p7sP64aRj\/YxbmL0r0mS6bVqkqQYVPTXsiuJ8nxtvcEAUc3mkN\/YRDH5CMLuA43h2uy8pVQaha0dCLsPGjYwqtlc0\/LoN1cK2zsNi93TxB7Kh5mGMhmVBQB8V+vnPFm5ZblYe7b4lqZ89XrdhEuYtEycbXVfpVQapcfphrJWDjMt18V5hNr2MODkebkEoeFdcQkCAvFZ+GMzeBp73XDR7uQ4CjM3K\/vYwrzlO3Jh426DMYOuGYjPIn\/vPeQ3Nuvh7TbrgkLnvdOhpiHwVmVvBbpWOwTis4bjgj82A39sBsXkPk5Wblka6Sn6iPoBq3rzRiMYX7kJae56U0Oc1XNWfiNfy0y6wOhZ0709W7xhuKlh1CaBuiF6bKFuhDpZuaU51m5b6YY0Qjv11Kz+APM2Tce6p8SmRn8y6NJ1apKkbGJ7psSGd9yjqk+j99gfuwa3GHRkiG5WX17ZOULvXdzPZ0zXzRt857t6Bd5oBL5opGEspmfXzGDqtE6aYfYuqZlYW22Yl3ijEQi7D0zHDf1vTb9DvY8zCyHvB2rnG3Xkn1FfZcXY4rzlO9DsmTaTe2nW3v2xGdNx1u4Ya1XWYnIf5VRaHjOW2NufYRiGYQaMLxIP8fUPfw4A+Hx6B99eXupziVrnf93bxB9\/+hnw6WdIx2YQuXq130VqiV6X393VszNtM7Yw31YC2GZeyuSNDsgeOg4ggz8ZV1qlnEorxgeXIMAnL4TJSF05yNjyXCVqkoTjxRstl0NPNZvTGPx90YjyLCoHmabGYKpPbzSCciptaehQa8Z7wiHN\/bdrdK4cmHuSMtYUtj8Yadmyya33NR595VRauV+XIOCiyYaj0+OacWHjrqGhiWQViHIqjbK8qUmYRfiMGhRhQVQOMkp9EP7YDLwWBjsy3Kr7fzvXndy63\/U6Jg9\/opxKa8p4YeOuYRnGFucb2qT6WJcgOBqfRhW3GLQ06lIEjx5654wMi\/Q3s\/PS+FluEmXmlFaifLoNRdI12yz0GET9uKdEAEC5A57uTupE\/S4ZoZ7r0btG7aIeIWB\/8UjvKf2nHm+tHF56jV+uw9PEntKn6MelZtAcsiZJjiMwOsGFjbsN64pOjrE0nw\/EZ8\/FmMwwDMMww8Tl8DR+C+C3AC5bzPcGGe\/0NI4BfHlpEqIo9rs4LdPr8nfM09\/IW6kdqtlcQwitHbq1mOwHFF5tB33yj2o2Byn+71HN5lDY2jH19i\/K0g6Afa98\/XVogu\/U0EeLH084pPFIJy\/rYvKR6cJKf9\/kiVTN5nCa2DM8zq6UFHk06b3eyEuqsL1jKJ1DqPX81dIjRos98t5SJxGpZnN4GntdWVQ381Y0ui8qazG5jwsGxwi7D9ij3wSKNBk27CZ38YRDGq9ckuUho3IgPmvoier0OMJIgm1sYV7po8aXl\/BMt2kXWJgHoO3XCF80gotb7yvlyG9sNjw36iecJL6xS6vndurFqjak6M\/hFoOY3LqPcpNIHoo+MvqN3ptT\/VzdYhCB+GxTD\/F2GFv4HoC6cfl48YbyrKmNkISP\/hnTcUZRDnSsWW4O\/T2fFwLxWTw\/MN4Q9sk5H\/SUDzP1SAEDZwQyYLsEAW4x2PCeEu3Ithj1H9TuPeEQxhbmDcfYXj9jtcFeXxdqg7rhJqeszd1Mgk+5lsM6aYbZHIrygdQkCU+iryjvGs1B\/LEZnNi8hpEcDp3HLQY7vrZwCsn3lFRzZsKsnhrOIf\/GjhNLu1KlRu2dxkrqQ9XOIK2Msc0oJvdRzebgFoPwx2b6usFx3lEclRyspxmGYZjRZPpqBLnUxwCA\/5N8hP0\/eAGe6RC+ufuToZH6+fbyEjKxGYREEf\/j7e8jk9yHPz6LP3n3R\/0umi16Xf6OefpP7j7AV46+bOk\/K2+g08QepLnrLf83Sh7NVgblZrjFIMYW5wFYLxzJO1Stm9wKz9feAWCdd6AZtLgYX17S3C8Zmy4lf2b7XOPLN5XFl9HirBWoLibWtLkOJtZWm9aXkZ6\/VRg4PQe\/6nu3GFS8dSsOdVHJK5Y2Dhj7UNseVagtUkQLLeYpAZ\/izajSjG\/nOCsK2zvI36tHtBh5GJPBRZ1bgyil0ngSfeXcGBaoLgoG2szVbA5PX3u96ThoZcDSQ8+V+o9uelKrn\/2zt7Wa8YXtHeUZ+1\/Vti11ZJSRrFFhewe\/C3+T9aV1+E0M+\/XvjN9fMth7DIz+6ugSz5TWa0Xx8u\/COFTN5pC\/VzdwqsfcflKTJKW96etCndPDqB4VT\/826qqdOqk9lXA8d900V5B76mz+o37XTncfAqjP3dp5Bmot+EFwSqD+hfTt1TxfW7ctYdNKv9sNSqqIU9r4JTo9xpJD0SA8v\/OGNHcd+Y1NjSMCj30MwzCMmqAoIiiKKH60j2\/UXPg3B79G5vCw38VqidD0NARBQCBZv4dmuTsHjV6Wv6\/yPp1I3DuqOJXKUUMLS6sQ8VKq7mFOGzCtLDLLqbSyAGonDFvtEW9Eq4tHxeifstY+taKazSmLWb3xwyUIirHEzGNRr+fvtRkGrjcA0IKpnQl7uxsH5xF12x5VqH8oJh8Zeu8pi3ad\/ITT45pR2No5u4ZJqKHZOz3KEkxmWPXVzepDSeLbQh9J3v1Wsh\/t4glPA6j3q0Z9KxnLrBLOm937eWwjzTCT+DGT9gFgaowl735C\/z0Zsrs1Dqn7aytpq15C0ar6ulDXuZFRtFPeuU7rxGhDUQ317fp5ifpzu8\/ATqSverPPLj4HRmiz\/rKkkqZshj7hfb8oydc260M7NcbSdZzUN9MZAvFZTKytnhuHCIZhGKZ1\/uXCPP46\/CIez\/0ZRFFE+vFjSEO2ZhpfXsJfh1\/ExO1VZA4PkX78uN9FaolelN+xvE8xud9VD45AfFYJcW6F8uFo6Jc7lcoxwmyyTgYS0tAHgNJj+0Z\/8swdX1lqK+\/AWTmPO+KhR+2yHSMPLTjdYtCwTBNrq5YJktV6\/oMCe\/rY5+TO8PchzVCMcGYbV8l9jC00ajs7Pa4ZNUlC5SADTzgEz3TI0OjkEibZeCvjtK+kvt7KQG6E2hjkCYfakmgxo5nmu9pYZlQG16X+e3gPG0YSPz6VfIu+nenlpJRNAN37rteqVyRrutBuBpXS488MpZD0G6LqtuxTzV94zG5ELTdGlFNpnNxZb2hbJBOUv1eXiST5yJok4fnaum1jKLXldiIv6J1qxeBfdzCZQTWbQ7nF\/topnRpjydmI5tA8bvce95SI6lGOkykzDMMwpoRfvYbwq\/U5yn\/71p\/i3x79Br\/81hW8\/F9+0ueS2efby0vA8hJy2SyeRF\/BVwH8YuXm0CQo7kX5HRv9TxN7deNMi8Zeu2HGbjHYEUPyMNKOVI4a8qgz87QhAz8tSt1iUDEENXtGxeQ+Sqm0nBzxe22Vkxa8xeSjgUu0qA\/Lt0uz6IV+cF7fp1Y5TeydC8MUtYdmhiV9X+D0ODsoyYBNjLeBuTfOpfa6EWb5QZpBskutbPAC2k1UtyCg0vKVm+Ox2bbMyjBIGuCDDm2w+WPXGhwlKLqtmNw3jFCjY73hEIo6z\/\/8vfcwvnyzYRNA2SwcobxLzagc1MOkG6Kl9HU1fWb0V7z8z8EYZAVtGqsN7fr8SoQ3GoGw+0CTX0CNWwxq8kW5BAHeaMS+0Z+eSRttt1VpH\/eUiMupjzU5rp4tvtX1vq1TYyxtWpFMJffJ\/YE3WxiGYRi71KRjAMM7B5UkCRflf5eHTKoI6G75HRv9See3VThxaHPakcohapKkhB2bGXvLigRN3TDtkxdBpdRnpnq+xJmW\/5W2vfNpwft8bR3VoxzGFueH2kBtpOffL2qSpHhctbpBdx4hD0BmsCgm9+GPzSjJHQvbO0M7IWkXirIjQ1dhe6cl71Elie8IyVeVUmlls\/ri1vsobH+A092H7CltQfGjfYxNBRWJH3qfSIakcpAxrb+KPL55wtMAyYXIhu3KwaGyKUAevmrpHyu5wXZQz1m6dY1WIccLo8S9dQmrw7O\/JbTfm0W7tMIg1kkzPOGQkt+pms1pjMU1SUL5sN62ThN7qGZzcAmTGFuYh0sQML5y03D8DsRnlTmxWxThj820ZNimZ1J1aEA1kvYhZxwzD379HJj6NrONDbvQpq9+\/OzGGFs9yg71XL7fuITJln7vCYdGXpaSYRjmPCBJEr5I1PMkfS3+BgDg8+0duKeCiL75Bg4+eoQnBxn8QWwGU9PTDZ8\/3f4xatIxvr4wD0EQNJ+PJQn\/O7GnnOvo8BD\/kNzH5XAI\/2rjLjIHGfxRbKbhHK2Sy2YNr\/N70Qimr0Ysy0j36xIm8a2FP4ckSZrPh4\/T+F0qrZxLff9Ha3+BmnSMF+Kz+MW9TeWY81Z+PY6N\/kx3GFtwZvA+nruu+Vw5yioLdjMteZJroE0YWniWU2lLo39he0c5dzG5r3jzOEXtsVrY3pEXZkH4Y9e6sgFwuvvQMEzbH5\/tSJJKWlzrE6X1GjJgk9HFaLPt5M463AYdeafqYtgobH8w9J5Rwu4Dw7+fJvaGVtv1dHtH6ZMCctskA0oxsTcQXoSt1vvE7VXDttZMou40sackefdGI7gov9fF5D5KyUeWz9glCIoBq9t15gmHTOvE7TCCyorC9gcYX67Xy\/jyTYwv30Q1m0Mx+QiFrR3LDQArOUEj2ZBBwarcduS1yJNfLfFDMiSniT3TiJvKYQaIzWgkfMizv3yQUQyz5OFL36lz5XQStxjExNoP6mUzMaL24xmrz0kbK0qupcOMMldQRwJ4p0MNxzrBTp0MAl85+tLw79VsDseLNxr+frJyS5PoF6h7po0v37Scc0lz1zXRFE42BJ0+E7+8YFcbZCflvvF47rppX1w5yKD40T7cYhCB+Gw9snZx3rEnvi8aUaJp9ZFe3RxjvRx91TLlw0xLeZEoefZ5iqRiGIYZVb5IPMSLaz+s\/xv1MfvrH\/4cxwAy0yH848otvPT0GH+VeAj37k+AhbcQAvA3j9N4dnsVwbUfYhLAX2Wz8EUjZ+cSJhvO9X\/vrOOPP\/0Mv3TVMPMPfwe8eg2Zw0PNOf7k3R+1fA9\/d+cdzXV+M3cdLz09xq8u7cC1+8C0jJ+jvukd2qjLiKcuCSil0vja7l\/WzxWN4LeLN5RzTX\/xS\/x28Qa+UXPhbx6nFVmiT7d\/rDlH9M03zlX59Qys0f80secog7FTT5xBgDyVnGA2ofbHZgyNvWo9f0LxALWQfahKEvJyAyTPpcLWjqW+fTO80QgubNzVRI5UszllA+DCxt2OGqDJE9+oHJ2gX3r++Y1N08Xg2OK84d8rBxlDmY7zGI1TzeZGQjrG7NmVHjtPbN1vSqk0TlZuaaKgXIKgGCfKqTSOF9\/qq2Gr1Xp3mhC3JkmQ5q5r5CqAel\/vj81gfGUJx4s3DA1UJDfWjja1Xcw2GrtFfmNTMY4RbjGIsYV5jC3Mo7C9Y7qZYiUn2C0po07QrgxiMbGHQHxWI\/FzJu3zCIE54wlmOZUGlm8q0WPkyU+SHpWDDBA\/M\/bR5oCd5KzN8EYjpoZiAKaJVfv1jMupNLzRCDyyfKLa0582QdTviUe1QWIXp3UyyFjJ7Onrpph8hPHlm6Z9ajmV1pyrlxFApMsPoKU1DfXz6jGNNq7yNo6njU8zCls7ms\/dGGMppwXTOpWDjBLBYqfOFfko3lxhGIYZelyXBByr\/n0ir\/eeAbgsCPiN\/J17SsSkICB7aRJ4etwQIeYRRVwSRRwDoG\/oXL911TAlCPh\/8jHqNaUgCHgiH+NUtUJ\/nb8VzsqoPr++jOp7OAZwSRTxO1E7b3smn+uZuuy6+yfHpWP5fjpZfjWDWn49A2v014f1ngfIe7NTBOKzpsb44kfakHzgLN+Cla6\/WgLAE55GfmMTp4m9toz+VFZfNIJi8hFKcr4A4mTlFnwGyfAGFdo0GRQ9f0841HbehfMASVYxg8mp7G3oj12DNxrRSIvRxuEzA8\/QUaRykMGT6CvKpq66f3SLQUxu3cfT2OsNxgInySSHiZOVWyhs78Afuwbf1Ssag9PYwjyqR7mhNIB2i1IqrUTqUY6mZtI+QD2SEDgzUHvDWu908jal+YV7qt42u73xOIjRTJVsDl5AkUJSPPnlOqocZOqbAuEQqkc5pU\/r1Px3EOtETf7ee5rPLmES\/tg1RWbGjoxoMw\/8TkglOYWMsXbXNKVUGv889dXGvycfIRCf7YgR\/WTlluH7zWPs4FBM7mNCkkwlq9TUHcaWBvo9ZxiGYewTffMNZOT5YnR6GnjzDaTjsxAEAUFRBD78Gb7MZvGN6WkIggBR\/vyS\/DmT\/Cn+UZLw7atXAUD5\/C35czo+iylRRFAUMfnuj5BZOMSLoohf3NtE6XEa\/+LNWXiTP8WXkoTvyMe0yr9790fa63z4X5E5PMS\/lj9L8vlNyxgOQRAETE9PA1cjSEevQBAEhKanEZTP9cr0NADgRfn+XxBF\/Pe3v49qNoc\/vL2KLxP\/GYIgICz\/rpPlb1rHfS6\/noE1+p83yCPRKWovr6evva7R1DXCzBvdF70iJ+m11vWnsPH8xiZqkoRT2WOwHdRemXROmuy2G02gZnxlydIDqh1qktS07ruFWww2JB72xWaUsHAjOMdGnXIqPTKGUCODwahAEUCQDbd1DeIlOSHpjGPZhk7Qar1byTrYgfpIWuiTFjbVgz8202AEoMiuVpP4OqGcSkPSyc4R3eyDKwcZ5A8yyOPMy3ZibVWRxjAy+ufvvec4yseqD233GTfDqtx2+\/Zi8hHGFuY140Qz4xF5qJNclFdpV3WjPt0zbQZ4VXr\/anzRiCJzoses\/dAYqymPdIxi4qFlH96vZ0xRD7QBotSVfAx5Q3unQ6jK9d+qjIzTOhkEjJ5JfuM9XE59jEB8tkFb3heNILAw3zTvlBpKTNcPzjZa7SXwNaPVe6hmcw2RNRV5\/LRqX4M8xp4nanJU9cTaKioHGdM+2SUI8vg2ORKRqgzDMEydkM7QG1EZ34Oy4dnss\/5Yq3MJgqB8ztzbrMvMAHg5\/pO278HsOq2Wsdm56P7Tjx\/ja7t\/Wb+X5D6+vbx0rsuvxtLo7wmHcOF2Zwyt6nPawUp\/1QorryYzfeF2z9sJLnYgeS9B+ryFrR3TjQRacJZTaY0GJC0sSslHpouq8ZUlxavUH5tRND87KcHjEgSl7M\/X1odGp5LyJPRDzz8w90bXDGmjzskdTt47jNAG5eXUx3AJgpKM3CmtJs4bJCoHGTxbvKEYKL26uiB5EyMD4ahCGyPVbA6Tuw+UOhgko1W\/k72fJvYwtjAPf+ya0v7tGCgVD3UxqBi01bJR6s1vRdKmA\/VeOciYbiYNIkrUgxxNAejr6SyZL7WFVutp2OqkGaQlT9JTeZUWv9km0SCilvbptRf2aWKvI0bgdsZYJ2s45oyCnLTxwsZdjC3Mo\/jRPsqpNEqpNALxWXkjpt5vP1t8a6DGNYZhGGY4kCQJmcNDiKKI5+EQjr\/4tUYJZBjIZbPIZrMQBAFfXprExafHuOxQRrcf9KL8lkZ\/d481eTXXdqhVaxU+3s69dDMs3ScbaDoF6fOStq5+o0W94DSTOjDzXKsb48+kYsYW5uVFQdrwWu1CxvN+5WqomGgQkxeV2qABnNVtp+uB6R5W2sGjDL2vZv0sGQD1EjFOj7MDGb1qT+0fS0ZsbzTSdoJYkuDQ4xuiaBjyHPbono\/i5Z9yNpapjdPd6o\/Lh\/JzNG1bzsqgHs88U2JHjSNW0iF2ymg1VvTCaEZSPlTnZjlv9CjtLDyttLWyqh+lZL5qiZBGb3TJNL9EPyVZ9LTzjEuqOYFST6rzqZP5luW\/DYuTQzehNqjWsB9fqXs81SQJhe0PNL\/vhcNDqxuGammfYZ5jtDvG9iKHzKjyfG0dpeQ+fLEZjC18DwVAMfq7p0QUtnZwmtgb2ETdDMMwzGDzq7e\/j69\/+HP86tIkXv\/il8gcHuI7HZCT6SW\/fu11vPT0GJ+\/9l289OknOJYkTeTDoNOL8vdV3ocngnUudNDLH4Ai7VBM7iuJcNXY2cCghb\/e+OLVydaQgYZCgjt9L06gcPZ2PCjVyfSM8hsUtupJhscW5jERPouGOdPzHx4j4XmmJklN9VJHFVokesIhINH4PW1E6o0VTo9rhsYjuMdGr6oc4WSa6FP++zAvrElmouRQZkKdo6RbBiyKNPOaeJj0ogyt4rT\/UBuLzYyJZGBrZRPMCSTxQ\/+2A0mHeKZDdT16eawkSNaGzms03xsWD\/V2xwiaS\/nj9cTI+qSy+mS+PDc2hjZNTlZuNcgWddPoTxvdrW4Y0vvrFoOmiZYndx9oJKI84VA9sfRRdug9t9vdhGfqlGTvfv24eJrY4xw1DMMwTFvQ2uuCJEGSpAaZmmGgvv5woXqUgyAIHUl820t6UX53x89ok9PEHo4X3+rX5QeGsYX5riSotUrYSAvKibVVCLsPGv4jw5tdLeKxxXnlWk6MYlZeKuQR526h8RcTDwG0l0jXJQjKc9F7lNVDz+uGEbWXJnlDOY1SARrD+ulZDUsS42GjsP3BUBty24E2\/4xyPtRlCep9iN7L1elxzaB+BNB6DAP1ftJsE0+zWaDTDLcLvWf+2IzhdUi6zKmXfCepJ1Fv7h2ur3\/qD51qzJPxtpvGdnWklNHGqZHRlCAvYCPU59K3rX5ROcgofU9g7o2G79XJmbudg0Et12FXuoPaF3kz6+tVkbXpoLTPsEJ1o9SV7t2k9qzUlUmE4aBAY4A+\/FvdL7Wby8L\/ar2ujNpNrzX6lY3uHoS7+2PXMLn7oKE\/U0fidINujLFugwgghmEYhmH6z6fbP8bh4zT+8PYqPn\/tu5jcuj9UxnJJkvCLe5vIZbP4\/a37+Py17+KFAXA+tkuvy2\/p6V9KpXuWFDK\/sdnxJESD7kHmEgSMr3THO8kfm8EJzrRR1fr8JcXAdc3QmEwaqmU5hLQZgfgs8hvvKfrJrSQkrmZzOFm5hYKcP0Lv7UYednYWW9VsDvmNTWWjgzY+nOKPXUNheweFrR34rl6BNxpRPMOr2ZxGrxVQ6fk78PL3RiMopdIobO8ohsfKQeYsIeKQaasNA9Reziunuw8xvnwTLkGAsPsA0tx1JarlwsZdpW\/QGwGdHjzxATEAAAiZSURBVGcGJVglT0395qEvGsHE2mo9V8mddY0x6SyJXX2S4tS4UEw+Us4j7D7A8eIN5R2fWDvrl5x6yXcKqmOg7n2sr+OxhXnDSAvSC7cr3aLGLQYxsfYD5bzd1KYupdKKV\/TFrfchzV1X7mN8ZclUH5sSA3umQ3i+9o7mHt1iEBNybiK9N3q\/Id3y8eWbqD2VFK9NXzSCi1vvA+iNNAhJ\/NC\/7R6j+azfHJTfUzNpn\/NE5TADqOYK+rogqSSXIKAmSYbv6Jk8V\/sbQO2ei6I8aANSeUflhGPtGKZpXmyU\/4DQz1u77RRxJmXV2jysnEor0kR6aLw7TexpNnnIqK5OYlyvk3rddsOA3o0xltpYTZIGqs9lGIZhmPPOp9s\/xotrP8QxgGfJn+JP\/9N\/7HeRWkaRJdrewXe\/+CXwant2v17T6\/L3Vd7nvDO+crNrSfzIIF1PsvvwzMNM5TlutlAiDVW7C0K61mlizzJ5sBHkMU9h\/m4xWA+h1iWbVHsBqzHblPKEQ20nFh5bnEdhewc1SVLKpl7Mji1qPaOobp3kZ\/C\/OoP8xiYqBxk8ib4Cbzik1L9blQCw01htjJEhbVR5vvZOv4vQV6rZnLIh6AmH8HsH\/7PhN2U5V0cnjiO80Yip1EF9U+2dht8D9Xd6cveBJhGt+l2jhK1OqGZzOJWTkXvCIVxOfWL4G6PIqV6ille7sHEXFzbuarzj6Tu6H4Jyo9jp08eXb5q+95WDTNflBApbO4qR6dKHP2v4njaX1VB0gz82A39sxjTnitkmn9U9A9DIb3SS\/MamMk5NrK1iYm214TeFrZ2OX9eIJ9GXWz5GncfHTL6nX5Jdevr1jAGtd7RxPR2q\/m1cT5TAthOOOO2eq5jcx4S80Xvpw5+hnErDPSUqc0q7ElEATMcC4MxphaCcHxNrq\/CEQ4rHf7tzvWbQ82nVoYNkWYxQNrl141Yxua9sfFLdqvt2imTtJN0YY5WN8gGIjmMYhmEY5oxeR0x2g+rRcEcQ9\/oZ9E3e57zjFoMtGcedQFIIas9ZxQveYvFCk\/VWvELpXqrZXEt6tGML85p6qGZzSlJgQu09bAe3GMTFd9sPj3GLQU2OAnVdeMKhBgNCO3r+6k2KmiRpFooTaz9o+XyMNeVUuu8G3EHgZOWWqZGpcpAxlWBzepwVNUnCycqthj4nv7GpMTS75ATzamNE5SDTtu7287V103uqSRKOF2\/03WOxlErjZOWWphxUF0oSZLmsamjTt51IhcpBBs\/evuX4eLsUtndMowloA1b\/HI4X39KMO24x2OCZe5rY62qUghMo0s2MQddsNkpI28r35wV9guNWvx80apKE\/MZ7ymd18m39d+1cQ\/+uF7Z2lKiysYV5ZSOHksd3CzJcd9MBQ41641vdtxeT+12Zt3RjjFUk8focHccwDMMwjJavL8zj12t\/gd\/c+w9DqeEPAH+0dR+ZlZv4\/a37\/S6KI7767t2elt\/S0z8Qn+26B82wUD5s36ik5mKHNJusDMz+2IzyfeUgo0zgfdFIU+mbsYV5VA4zqB5l4RaDcAkCfNGIqcwOGa2r2ZwSCt2sfMTE2qoSKUDyDvXrXdHIVTS7b5cwCW80Yqg1DtQXbGqdZDvQufL3NhW9\/sDcGw0Gf7t6\/lb1eGHjLtxTIk53H6KazckbC0saCSEjnNyXHbmkUc4jcHJn9JL3Okn+SIaVscV5BOKzSjQLRe2YGbmdHFeVJNMyFpP7lrk9nq+to5Tchz8+q2nrtHnTzDBqp26M7ok8TfMbm6YboK3WOxn1qg43EKifHFuch+9qRKW1nEHpcVqRWlNjx+uyepQ1vJeqdIxS8pFtgzk9ZyvjJV2raqJdfrJyC+VUGmML87JHr\/VzoGcXiM\/CF7sGX\/SKIpVSSn2GYuKhobHM7J6N7qlbkPdsYGFe6esposKszpvVH2Dezuwca\/e35VQaHjGIiolsEn1flY7b3jCz064MjxuAZ6x2higZtUPV92ZlNX43ndWJ3T7L6vyF7R1Us1mMLy9p3tHna+u2nrVVGcqHGRS2dhre9Wo2B2nuOsaXl5R3vJjcR\/7eJi7cboySaaWtW6GWyRxbmDfcqGt5HJB\/b9Tuisl9PFu8odQtja125Aid3rOTMdasfaiPZ+eKzuEJhzRjQrc3uxiGYZjRRBAEfGvhz\/tdjLYIiiKCy+b53AadXpff9U\/iCx8DeNnoy1GX92iFcirdsRwBvmhECa9mRgNapAXis5roAGbwOE3sWXrXMswoQeNN5SCDp6+93u\/iMAzDDB3+2Awuyt5YT6Ivdy2h7ihwceu+Ii\/6TBd1xjjDLQZxOfWJIkM2sbYK73SoqUSn7+qVgc9vxzAMw0DJ3TPokHOqHnKMHQaMnCiGvfxN+IQ1\/fsAG4VHj3b0\/JneQYmYGea84CNpn8fd0StnGIYZddRa++MrS+w4YIIvGjlLuD7A0mTDhj92TSP9SZFw+lxjDMMwzHDiwJA7UFSzuaG+h2EvfzNY07\/H0CSNGS3a0fNnekdh+4O+67IzTC9RkviyzALDMIxjaDHoj80YSkgyZ5vMZYskxkxruAQB4ys3NVJJtAnFOb8YhmEYhmmGpad\/fmNzpHc8+kFNkpC\/136SM2awoASgg5YoktHC\/Rlz3qjJustsgGEYhnHOaWIPgfgs8vca86YwdfIb78F3NYJnHAnRFiTfA9S1\/KtHuYYo1ZOVW7i49T4upz5Rcjic3FlX1iMMwzAMwzBAE01\/hmEYhmEYhmEYhmG6TyA+C\/eUCKCenLmY3DfcaNJrEKu1lgPxWXjCIZa0ZBiGYZjzzSds9GcYhmEYhmEYhmEYhmEYhmGY0eAT1vRnGIZhGIZhGIZhGIZhGIZhmBGBjf4MwzAMwzAMwzAMwzAMwzAMMyJ4ASwDuNzvgjAMwzAMwzAMwzAMwzAMwzAM0xZP\/j94xdbJbqHYfwAAAABJRU5ErkJggg==\" alt=\"Markalama G\u00f6rseli\" title=\"\"><\/p>\n<\/div>\n<div>\n<table style=\"width: 100%;\" cellspacing=\"0\" cellpadding=\"0\">\n<tbody>\n<tr>\n<td style=\"width: 120px; font-weight: bold;\">\u041d\u043e\u0440\u043c<\/td>\n<td style=\"width: 400px; text-align: left;\">\u0421\u041e\u041e\u0422\u0412\u0415\u0422\u0421\u0422\u0412\u0423\u0415\u0422 \u0422\u0420\u0415\u0411\u041e\u0412\u0410\u041d\u0418\u042f\u041c FDA \u0418 \u0415\u0412\u0420\u041e\u041f\u042b<br \/>\n\u0418\u0421\u041e 1307<\/td>\n<td style=\"width: 120px; font-weight: bold;\">\u0426\u0432\u0435\u0442<\/td>\n<td style=\"width: 400px;\">\n<div class=\"color-icons\"><img decoding=\"async\" src=\"data:image\/svg+xml;base64,PHN2ZyB2aWV3Qm94PSIwIDAgMTAwIDEwMCIgeG1sbnM9Imh0dHA6Ly93d3cudzMub3JnLzIwMDAvc3ZnIj4KICA8Y2lyY2xlIGN4PSI1MCIgY3k9IjUwIiByPSI0OSIgZmlsbD0iIzAwMDAwMCIgc3Ryb2tlPSJibGFjayIgc3Ryb2tlLXdpZHRoPSIwLjUiLz4KICA8Y2lyY2xlIGN4PSI1MCIgY3k9IjUwIiByPSIzOCIgZmlsbD0id2hpdGUiIHN0cm9rZT0iYmxhY2siIHN0cm9rZS13aWR0aD0iMC41Ii8+CiAgPGNpcmNsZSBjeD0iNTAiIGN5PSI1MCIgcj0iMzMiIGZpbGw9IiNGRkZGRkYiIHN0cm9rZT0iYmxhY2siIHN0cm9rZS13aWR0aD0iMC41Ii8+CiAgPGNpcmNsZSBjeD0iNTAiIGN5PSI1MCIgcj0iMjIiIGZpbGw9IndoaXRlIiBzdHJva2U9ImJsYWNrIiBzdHJva2Utd2lkdGg9IjAuNSIvPgo8L3N2Zz4=\" alt=\"\" title=\"\"><br \/>\n<img decoding=\"async\" src=\"data:image\/svg+xml;base64,PHN2ZyB2aWV3Qm94PSIwIDAgMTAwIDEwMCIgeG1sbnM9Imh0dHA6Ly93d3cudzMub3JnLzIwMDAvc3ZnIj4KICA8Y2lyY2xlIGN4PSI1MCIgY3k9IjUwIiByPSI0OSIgZmlsbD0iI0U4M0YzRiIgc3Ryb2tlPSJibGFjayIgc3Ryb2tlLXdpZHRoPSIwLjUiLz4KICA8Y2lyY2xlIGN4PSI1MCIgY3k9IjUwIiByPSIzOCIgZmlsbD0id2hpdGUiIHN0cm9rZT0iYmxhY2siIHN0cm9rZS13aWR0aD0iMC41Ii8+CiAgPGNpcmNsZSBjeD0iNTAiIGN5PSI1MCIgcj0iMzMiIGZpbGw9IiNGRkZGRkYiIHN0cm9rZT0iYmxhY2siIHN0cm9rZS13aWR0aD0iMC41Ii8+CiAgPGNpcmNsZSBjeD0iNTAiIGN5PSI1MCIgcj0iMjIiIGZpbGw9IndoaXRlIiBzdHJva2U9ImJsYWNrIiBzdHJva2Utd2lkdGg9IjAuNSIvPgo8L3N2Zz4=\" alt=\"\" title=\"\"><br \/>\n<img decoding=\"async\" src=\"data:image\/svg+xml;base64,PHN2ZyB2aWV3Qm94PSIwIDAgMTAwIDEwMCIgeG1sbnM9Imh0dHA6Ly93d3cudzMub3JnLzIwMDAvc3ZnIj4KICA8Y2lyY2xlIGN4PSI1MCIgY3k9IjUwIiByPSI0OSIgZmlsbD0iIzQ2QTZEOCIgc3Ryb2tlPSJibGFjayIgc3Ryb2tlLXdpZHRoPSIwLjUiLz4KICA8Y2lyY2xlIGN4PSI1MCIgY3k9IjUwIiByPSIzOCIgZmlsbD0id2hpdGUiIHN0cm9rZT0iYmxhY2siIHN0cm9rZS13aWR0aD0iMC41Ii8+CiAgPGNpcmNsZSBjeD0iNTAiIGN5PSI1MCIgcj0iMzMiIGZpbGw9IiNGRkZGRkYiIHN0cm9rZT0iYmxhY2siIHN0cm9rZS13aWR0aD0iMC41Ii8+CiAgPGNpcmNsZSBjeD0iNTAiIGN5PSI1MCIgcj0iMjIiIGZpbGw9IndoaXRlIiBzdHJva2U9ImJsYWNrIiBzdHJva2Utd2lkdGg9IjAuNSIvPgo8L3N2Zz4=\" alt=\"\" title=\"\"><\/div>\n<\/td>\n<\/tr>\n<\/tbody>\n<\/table>\n<\/div>\n<\/div>\n<\/div>","protected":false},"excerpt":{"rendered":"<p>&nbsp; \u00dcr\u00fcn Ad\u0131: RAKI SDFC\/10 PE \u00dcr\u00fcn Kodu: FFC80F G\u0131da Maddesi Al\u0131c\u0131\/Verici FLAT-CORRUGATED UHMW-PE Kullanim Alan\u0131 : Y\u00fcksek alkol oran\u0131na sahip g\u0131da maddelerinin (99\u00b0&#8217;ye kadar) emi\u015f ve tahliyesi i\u00e7in. \u00d6zellikle bira fabrikalar\u0131 ve dam\u0131t\u0131mevlerinde kullan\u0131m i\u00e7in. Alt Katman : Beyaz Renkli, Toksik Olmayan, Tat ve Koku \u0130\u00e7ermeyen, UHMW-PE Takviye Katman\u0131 : Y\u00fcksek Mukavemetli Sentetik Tekstil [&#8230;]\n","protected":false},"featured_media":22333,"comment_status":"open","ping_status":"closed","template":"","meta":{"jetpack_post_was_ever_published":false},"product_brand":[],"product_cat":[2361],"product_tag":[],"class_list":{"0":"post-21491","1":"product","2":"type-product","3":"status-publish","4":"has-post-thumbnail","6":"product_cat-sel_gida_hortumlari","8":"first","9":"instock","10":"taxable","11":"shipping-taxable","12":"product-type-simple"},"jetpack-related-posts":[],"jetpack_sharing_enabled":true,"jetpack_likes_enabled":true,"_links":{"self":[{"href":"https:\/\/tuzlahortum.com.tr\/ru\/wp-json\/wp\/v2\/product\/21491","targetHints":{"allow":["GET"]}}],"collection":[{"href":"https:\/\/tuzlahortum.com.tr\/ru\/wp-json\/wp\/v2\/product"}],"about":[{"href":"https:\/\/tuzlahortum.com.tr\/ru\/wp-json\/wp\/v2\/types\/product"}],"replies":[{"embeddable":true,"href":"https:\/\/tuzlahortum.com.tr\/ru\/wp-json\/wp\/v2\/comments?post=21491"}],"wp:featuredmedia":[{"embeddable":true,"href":"https:\/\/tuzlahortum.com.tr\/ru\/wp-json\/wp\/v2\/media\/22333"}],"wp:attachment":[{"href":"https:\/\/tuzlahortum.com.tr\/ru\/wp-json\/wp\/v2\/media?parent=21491"}],"wp:term":[{"taxonomy":"product_brand","embeddable":true,"href":"https:\/\/tuzlahortum.com.tr\/ru\/wp-json\/wp\/v2\/product_brand?post=21491"},{"taxonomy":"product_cat","embeddable":true,"href":"https:\/\/tuzlahortum.com.tr\/ru\/wp-json\/wp\/v2\/product_cat?post=21491"},{"taxonomy":"product_tag","embeddable":true,"href":"https:\/\/tuzlahortum.com.tr\/ru\/wp-json\/wp\/v2\/product_tag?post=21491"}],"curies":[{"name":"wp","href":"https:\/\/api.w.org\/{rel}","templated":true}]}}