{"id":21458,"date":"2025-08-11T11:02:18","date_gmt":"2025-08-11T08:02:18","guid":{"rendered":"https:\/\/tuzlahortum.com.tr\/urun\/spring-sd-10\/"},"modified":"2025-08-20T15:47:25","modified_gmt":"2025-08-20T12:47:25","slug":"spring-sd-10","status":"publish","type":"product","link":"https:\/\/tuzlahortum.com.tr\/ru\/product\/spring-sd-10\/","title":{"rendered":"SPRING SD\/10"},"content":{"rendered":"<p>&nbsp;<\/p>\n<div class=\"report-container\">\n<div class=\"report-header\">\n<div class=\"standard-text\">\u041d\u0430\u0438\u043c\u0435\u043d\u043e\u0432\u0430\u043d\u0438\u0435: SPRING SD\/10<\/div>\n<div class=\"standard-text\">\u041a\u043e\u0434 \u0442\u043e\u0432\u0430\u0440\u0430: FSDPW821<\/div>\n<\/div>\n<div class=\"product-image-container\">\n<div class=\"key-feature\">\u041f\u0440\u0438\u0435\u043c\u043d\u0438\u043a\/\u043f\u0435\u0440\u0435\u0434\u0430\u0442\u0447\u0438\u043a \u043f\u0438\u0442\u044c\u0435\u0432\u043e\u0439 \u0432\u043e\u0434\u044b<\/div>\n<\/div>\n<div class=\"horizontal-line\"><\/div>\n<div class=\"product-details\">\n<div class=\"detail-row\">\n<div class=\"detail-label\">\u041e\u0431\u043b\u0430\u0441\u0442\u044c \u0438\u0441\u043f\u043e\u043b\u044c\u0437\u043e\u0432\u0430\u043d\u0438\u044f<\/div>\n<div class=\"detail-value\">: \u0414\u043b\u044f \u0441\u0431\u0440\u043e\u0441\u0430 \u043f\u043e\u0440\u0442\u0430\u0442\u0438\u0432\u043d\u043e\u0439 \u0432\u043e\u0434\u044b.<\/div>\n<\/div>\n<div class=\"detail-row\">\n<div class=\"detail-label\">\u041d\u0438\u0436\u043d\u0438\u0439 \u0441\u043b\u043e\u0439<\/div>\n<div class=\"detail-value\">: \u0411\u0435\u043b\u044b\u0439, \u043d\u0435\u0442\u043e\u043a\u0441\u0438\u0447\u043d\u044b\u0439, \u043f\u0438\u0449\u0435\u0432\u043e\u0439 \u043a\u043b\u0430\u0441\u0441, \u0431\u0435\u0437 \u0432\u043a\u0443\u0441\u0430 \u0438 \u0437\u0430\u043f\u0430\u0445\u0430, \u0441\u043f\u0435\u0446\u0438\u0430\u043b\u044c\u043d\u044b\u0439 \u0441\u0438\u043d\u0442\u0435\u0442\u0438\u0447\u0435\u0441\u043a\u0438\u0439 \u043a\u0430\u0443\u0447\u0443\u043a.<\/div>\n<\/div>\n<div class=\"detail-row\">\n<div class=\"detail-label\">\u0423\u0441\u0438\u043b\u0438\u0432\u0430\u044e\u0449\u0438\u0439 \u0441\u043b\u043e\u0439<\/div>\n<div class=\"detail-value\">: \u0412\u044b\u0441\u043e\u043a\u043e\u043f\u0440\u043e\u0447\u043d\u044b\u0439 \u0441\u0438\u043d\u0442\u0435\u0442\u0438\u0447\u0435\u0441\u043a\u0438\u0439 \u0442\u0435\u043a\u0441\u0442\u0438\u043b\u044c \u0438 \u0441\u0442\u0430\u043b\u044c\u043d\u0430\u044f \u043f\u0440\u043e\u0432\u043e\u043b\u043e\u0447\u043d\u0430\u044f \u0441\u043f\u0438\u0440\u0430\u043b\u044c.<\/div>\n<\/div>\n<div class=\"detail-row\">\n<div class=\"detail-label\">\u0412\u0435\u0440\u0445\u043d\u0438\u0439 \u0441\u043b\u043e\u0439<\/div>\n<div class=\"detail-value\">: \u0412\u043e\u0437\u0434\u0443\u0445\u043e-, \u043a\u0438\u0441\u043b\u043e\u0440\u043e\u0434\u043e- \u0438 \u0430\u0431\u0440\u0430\u0437\u0438\u0432\u043e\u0441\u0442\u043e\u0439\u043a\u0438\u0435, \u0441\u043f\u0435\u0446\u0438\u0430\u043b\u044c\u043d\u0430\u044f \u0441\u0438\u043d\u0442\u0435\u0442\u0438\u0447\u0435\u0441\u043a\u0430\u044f \u0440\u0435\u0437\u0438\u043d\u0430.<\/div>\n<\/div>\n<\/div>\n<div class=\"datasheet_table\"><img decoding=\"async\" class=\"alignnone size-full\" src=\"https:\/\/tuzlahortum.com.tr\/wp-content\/uploads\/2025\/08\/datasheet254.svg\" alt=\"\" title=\"\"><\/div>\n<div class=\"table-notes\">\u0421\u0442\u0435\u0440\u0438\u043b\u0438\u0437\u0430\u0446\u0438\u044f: \u041f\u0430\u0440 \u043f\u0440\u0438 120\u00b0C \u0432 \u0442\u0435\u0447\u0435\u043d\u0438\u0435 15 \u043c\u0438\u043d\u0443\u0442, \u043a\u0430\u0443\u0441\u0442\u0438\u0447\u0435\u0441\u043a\u0430\u044f \u0441\u043e\u0434\u0430 (%5) \u043f\u0440\u0438 50\u00b0C \u0432 \u0442\u0435\u0447\u0435\u043d\u0438\u0435 15 \u043c\u0438\u043d\u0443\u0442.<\/div>\n<div class=\"horizontal-line\"><\/div>\n<div class=\"footer\">\n<div class=\"standards-section\">\n<div class=\"standard-item\" style=\"margin-top: 9px;\"><\/div>\n<div class=\"standard-info\"><\/div>\n<\/div>\n<div class=\"temperature-section\">\n<div class=\"temp-icon\"><img decoding=\"async\" src=\"data:image\/svg+xml;base64,PD94bWwgdmVyc2lvbj0iMS4wIiBlbmNvZGluZz0iVVRGLTgiPz4KPHN2ZyBpZD0ia2F0bWFuXzIiIGRhdGEtbmFtZT0ia2F0bWFuIDIiIHhtbG5zPSJodHRwOi8vd3d3LnczLm9yZy8yMDAwL3N2ZyIgdmlld0JveD0iMCAwIDcyLjI3IDE2Ljk4Ij4KICA8ZGVmcz4KICAgIDxzdHlsZT4KICAgICAgLmNscy0xIHsKICAgICAgICBzdHJva2Utd2lkdGg6IC41OXB4OwogICAgICB9CgogICAgICAuY2xzLTEsIC5jbHMtMiwgLmNscy0zLCAuY2xzLTQgewogICAgICAgIGZpbGw6IG5vbmU7CiAgICAgICAgc3Ryb2tlLW1pdGVybGltaXQ6IDMuODY7CiAgICAgIH0KCiAgICAgIC5jbHMtMSwgLmNscy0zLCAuY2xzLTQgewogICAgICAgIHN0cm9rZTogI2E3YTlhYjsKICAgICAgfQoKICAgICAgLmNscy01IHsKICAgICAgICBmaWxsOiAjYTdhOWFiOwogICAgICB9CgogICAgICAuY2xzLTIgewogICAgICAgIHN0cm9rZTogI2ZmZjsKICAgICAgfQoKICAgICAgLmNscy0zIHsKICAgICAgICBzdHJva2Utd2lkdGg6IDIuMDZweDsKICAgICAgfQoKICAgICAgLmNscy00IHsKICAgICAgICBzdHJva2Utd2lkdGg6IC4ycHg7CiAgICAgIH0KICAgIDwvc3R5bGU+CiAgPC9kZWZzPgogIDxnIGlkPSJrYXRtYW5fMSIgZGF0YS1uYW1lPSJrYXRtYW4gMSI+CiAgICA8Zz4KICAgICAgPHBhdGggY2xhc3M9ImNscy0zIiBkPSJNMTEuMzQsMTEuNTdjLS45NCwxLjcxLTIuNzEsMi42Ni00LjgsMi42Ni0zLjA1LDAtNS41MS0yLjQ3LTUuNTEtNS41MlMzLjUsMy4xOSw2LjU1LDMuMTljMS45NCwwLDMuNjUsMSw0LjYzLDIuNTIiLz4KICAgICAgPGNpcmNsZSBjbGFzcz0iY2xzLTUiIGN4PSI2LjU1IiBjeT0iOC42NiIgcj0iMi40Ii8+CiAgICAgIDxjaXJjbGUgY2xhc3M9ImNscy0yIiBjeD0iNi41NSIgY3k9IjguNjYiIHI9IjIuNCIvPgogICAgICA8bGluZSBjbGFzcz0iY2xzLTMiIHgxPSI2OC4zNCIgeTE9IjExLjc2IiB4Mj0iOS45MiIgeTI9IjExLjc2Ii8+CiAgICAgIDxsaW5lIGNsYXNzPSJjbHMtMyIgeDE9IjY4Ljc4IiB5MT0iNS41MSIgeDI9IjkuNzMiIHkyPSI1LjUxIi8+CiAgICAgIDxsaW5lIGNsYXNzPSJjbHMtMyIgeDE9IjU0LjA3IiB5MT0iOC43NSIgeDI9IjguNjQiIHkyPSI4Ljc1Ii8+CiAgICAgIDxwYXRoIGNsYXNzPSJjbHMtMyIgZD0iTTY4LjE1LDUuNTVjMS43MSwwLDMuMDksMS4zOSwzLjA5LDMuMDlzLTEuOTIsMy4wNi0zLjYyLDMuMDYiLz4KICAgICAgPHBhdGggY2xhc3M9ImNscy01IiBkPSJNNTMuOTEsOC43NWMwLS4xNC4xMi0uMjYuMjYtLjI2cy4yNy4xMi4yNy4yNi0uMTIuMjctLjI3LjI3LS4yNi0uMTItLjI2LS4yN1oiLz4KICAgICAgPHBhdGggY2xhc3M9ImNscy0zIiBkPSJNNTMuOTEsOC43NWMwLS4xNC4xMi0uMjYuMjYtLjI2cy4yNy4xMi4yNy4yNi0uMTIuMjctLjI3LjI3LS4yNi0uMTItLjI2LS4yN1oiLz4KICAgICAgPGxpbmUgY2xhc3M9ImNscy0xIiB4MT0iMzYuNDMiIHkxPSIxNi45OCIgeDI9IjM2LjQzIiB5Mj0iMTQuMjQiLz4KICAgICAgPGxpbmUgY2xhc3M9ImNscy0xIiB4MT0iMjguMDUiIHkxPSIxNi45OCIgeDI9IjI4LjA1IiB5Mj0iMTQuMjQiLz4KICAgICAgPGxpbmUgY2xhc3M9ImNscy0xIiB4MT0iMTkuNTkiIHkxPSIxNi45OCIgeDI9IjE5LjU5IiB5Mj0iMTQuMjQiLz4KICAgICAgPGxpbmUgY2xhc3M9ImNscy0xIiB4MT0iNDEuNTciIHkxPSIyLjc0IiB4Mj0iNDEuNTciLz4KICAgICAgPGxpbmUgY2xhc3M9ImNscy0xIiB4MT0iMzMuMjgiIHkxPSIyLjc0IiB4Mj0iMzMuMjgiLz4KICAgICAgPGxpbmUgY2xhc3M9ImNscy0xIiB4MT0iMjQuOTkiIHkxPSIyLjc0IiB4Mj0iMjQuOTkiLz4KICAgICAgPGxpbmUgY2xhc3M9ImNscy0xIiB4MT0iMTYuMDgiIHkxPSIyLjc0IiB4Mj0iMTYuMDgiLz4KICAgICAgPGxpbmUgY2xhc3M9ImNscy0xIiB4MT0iNDQuNjMiIHkxPSIxNi45OCIgeDI9IjQ0LjYzIiB5Mj0iMTQuMjQiLz4KICAgICAgPGxpbmUgY2xhc3M9ImNscy0xIiB4MT0iNDkuNDkiIHkxPSIyLjc0IiB4Mj0iNDkuNDkiLz4KICAgICAgPGxpbmUgY2xhc3M9ImNscy00IiB4MT0iNDAuODgiIHkxPSIxNi45OCIgeDI9IjQwLjg4IiB5Mj0iMTQuMjQiLz4KICAgICAgPGxpbmUgY2xhc3M9ImNscy00IiB4MT0iMzIuMzMiIHkxPSIxNi45OCIgeDI9IjMyLjMzIiB5Mj0iMTQuMjQiLz4KICAgICAgPGxpbmUgY2xhc3M9ImNscy00IiB4MT0iMjMuNzkiIHkxPSIxNi45OCIgeDI9IjIzLjc5IiB5Mj0iMTQuMjQiLz4KICAgICAgPGxpbmUgY2xhc3M9ImNscy00IiB4MT0iMjAuNTkiIHkxPSIyLjc0IiB4Mj0iMjAuNTkiLz4KICAgICAgPGxpbmUgY2xhc3M9ImNscy00IiB4MT0iMjkuMTMiIHkxPSIyLjc0IiB4Mj0iMjkuMTMiLz4KICAgICAgPGxpbmUgY2xhc3M9ImNscy00IiB4MT0iMzcuMTYiIHkxPSIyLjc0IiB4Mj0iMzcuMTYiLz4KICAgICAgPGxpbmUgY2xhc3M9ImNscy00IiB4MT0iNDUuNzEiIHkxPSIyLjc0IiB4Mj0iNDUuNzEiLz4KICAgIDwvZz4KICA8L2c+Cjwvc3ZnPg==\" alt=\"S\u0131cakl\u0131k\" width=\"100\" title=\"\"><\/div>\n<div class=\"temp-values\">\n<div>-40\u00b0C \/ +70\u00b0C<\/div>\n<div>-40\u00b0F \/ +158\u00b0F<\/div>\n<\/div>\n<\/div>\n<div class=\"marking-section\">\n<div class=\"detail-row\">\n<div class=\"detail-label\">\u041c\u0430\u0440\u043a\u0438\u0440\u043e\u0432\u043a\u0430<\/div>\n<div class=\"detail-value\">: \u0422\u0440\u0430\u043d\u0441\u0444\u0435\u0440\u043d\u0430\u044f \u043b\u0435\u043d\u0442\u0430 \u0438\u043b\u0438 \u0442\u0438\u0441\u043d\u0435\u043d\u0438\u0435<\/div>\n<\/div>\n<p><img decoding=\"async\" class=\"marking-image\" src=\"data:image\/png;base64,iVBORw0KGgoAAAANSUhEUgAABf4AAAAoCAYAAACvpushAAAACXBIWXMAACE3AAAhNwEzWJ96AAAgAElEQVR4nO2dfWwc95nfv1mLu15pvF6vzGolE+tVzKDxVpBGOYTxpYS1Ugyf4vrC1VVw6+BSUn\/ZKNCKRNM6Da6giAPqpj2A4j\/NGX0heTlc3MCFKMOQdUFOpAIipzAvXhPqujgxp\/VWlldHab2mR2K4lPb6x+4z\/O3svO4LZ5Z8PoBhkdyXZ2Z+v9\/M73n5Pp\/D5N+EAchgGIZhGIZhGIZhGIZhGIZhGKbTSe9Axek\/67YlDMMwDMMwDMMwDMMwDMMwDMM0zVGf2xYwDMMwDMMwDMMwDMMwDMMwDNM62PHPMAzDMAzDMAzDMAzDMAzDMFsIdvwzDMMwDMMwDMMwDMMwDMMwzBZiRzNvliMBjMoRhP0PtcqeljCysIx0YQ1yJIDxvm7199NLK5haWnHRstZwRt6NUTnithkMsy05NX9rS6wjDMMwDMMwDMMwDMMwzNalKcf\/7PEehP3eKxogm8J+H5LRoPr7y\/lVt0xqGWG\/D6cTYbfNYJhtSVZZZ6c\/wzAMwzBMByFHAiiWyohLO9TksHRhDcVS2W3TGIZhGIZh2kpTjn8vOv23OuN93XzeGcYlTs3fctsEhmEYhmGYbcfs8Z6ahC67jKULOBIN4nJ+FaNyBEcv3sDs8R4cvXgDc1sgKYxhGIZhGMaMphz\/zOYiRwIY6g25bQazzaBNkRwJbOug01x+lTeIDOMxwn6fmsmZLqy5bQ7DMAzTRqaWVjDtoPJSlHxlGIZhGC8Sl7oQlzrDNWvkD+kUX5HRnrHT7beiZaMrXVjD0Ys3uGSyjfDDK7PZ0LwGgE+++ZTL1rgLZ\/szjPdIxSRM9u\/BTE7BiUsfu20Ow3Q8k\/17MJEpciDNgLDfh3PH9qnPRszm8qFy31ESBu9LGYZhGK8z1BvqmB6en5u6pvv78b7uhqryNpu5\/KruM1yn229Fyxz\/xVK56YerVkVZtqJmYyomdcRAZLYWtLlKRoMdEQFtF2czRWSVdbfNYBhGw0BsF4Ct0cOHYdwmGQ1iqDeEZDSI\/W9l3TbHk8we71ErcLnnD8MwDMMwDON1PFVP0qooy1bUbBzve9xtEwwZSxcwk1NqssNSMQmnE2Hd6zmysGyaSZaM7sTpRFjX0WwV3RqISRg2aH5M3zvYG6qRTEoX1jCysAygkukWl7p03y++bvZ4j+5riqUyRhaWMZNT1OBTKiZhVI5AjgRMbTf6rLn8qup0Dvt96ufp2Wl2fpLRnRjsfcTw+PQ4n1MAVM4rIV6\/8b7uuuMiu8UNsRwJdEwUVUuxVMZY+o7bZlgy1BvCoIEUWLH0ABOZoum6KEcCGJUjSFWvdVZZx\/TSZzijOXa9a26E0VynzxhL3zG1yeyYgMr4PJsp6h7LeF93zZy1wu5x6c2xZDSIUXk3iqUHulnntB4anQ9aT8zWRnrNiUs3dQPbRmuS0THQObJiemmlZi6bfU9WWcdYuuAoSDbUG8LpRFg998VSGTM5xXbGcTK6EwAwk7sLwPg6FksPcD5317ajjsae9vhF6LuMrlvY78N4XzdSMQlhv089tpGFZdPkhLjUpc5Fug+mC2uYXlrRHe\/NjN1moPvlRKaImeq9QuTcsb3IKvd15yCdX6s52uy6ZkZc6sJ43+MI+x8yvM5n5N01zyNz+VXLZxgAlvMrXVjDWPqO55JURuXdAICscl\/9Xdjvw6i8W22GarWmDifCGIhJuJxfrbt\/ANbrutX5bWZMhP0+DCceq3kWyirrmMnd1b0eeveSufyqer9kxz\/DMAzDMJ3G92ZmMZYuYLD3EXz\/D59325yGePHsj3Cp+BD+x3Ofx8v9h902xzGbbb+nHP+MPmfk3Y6ctZtFsVTG0Ys3dDdoMzkFMzlFlWEQnfjpwprpRn0uv4qZnILZ4z11zn+rDf5cfhXTSyu676XvJUeReBz0uWPpAib79xger9n3G50POheT\/Xts92gwks4qlsqYqjoozsi760rCrM7r2cwnGO\/rtmWHeLzJaBDFUhmn5m\/VOHj07NM7B3Q8jTZmcxMvOmf0iEtdpuc2FZNwav6WrqNCjgTq5gw5Hwdiu3D47VzNa+1eQ6MqEQrOpWOS6Zi1OqZkNIiBmFTn0Az7fY7HmZPj0lIslU3fS5+dikl1c0M8RqNxlowG1dckozt1naxObbd7jrSZ9ObvqRzj4bdztpz\/emti2O\/DUDU4O5Yu6DoOCaoSzCrr6veZXUcKwNiRJaTrYlZJQN+lN87Dfp+aGaw9NrNzpDcX6fdyXzcGe0M4NX+rZhw1M3abgcbQ5eo9WwsFEfUcxUeqY9pqnDSzrpmhPc9613m8r7sukSAZDWL2eI\/lGLeaX5RZv\/+t6565v4jrDEnb6Y1jK04nwohLXYY67FbX1Kq6sNExYXQscakLw4kwhqpzSxzLetdxLH0HQ70hxKUuzvpnGIZhGKbjmF5awWr8IKaXFvF9t41pgI9u3MBfYh\/ux\/fgB1evdZzj3w37t692R4cQ9vtw2iCD3W20WVm0aRQ3VdpKALukC2sNa6qnC2uY0MmKtMPU0krDki4nLt2sOx9iwGZkYdn2Z5+49LHqDKCNp\/bzzmY+cewwIOe9nQzJufw9AJVNsRwJGGZ1ikwtrajngDbn4niwm33tFbLKum6GbaeiV9FCzhBytmSV9ZrxIUcCOFPNAm0FKaF6JFWVabGCbKL\/tPPM7abnWnu0HKn+7lDEX\/c3auRULJUN1wex4mbA5jlzi7DfZxg8FdFeN71ra1T5JX4GvdcuciRgy75mOXdsX00Vw1x+tWZNN7JhvK+7bi6K75UjgZo55CbvF0oANsa3iDgP9JzGtA693wIdebNKPSPE86wHOYOBjetHY7OSAW9Ph5XeK\/5HUEWIV6AsevE5aDjxmCOnPz2nUJKCW+iNCfFYxOsiVlTaed4Wj82rz+dMPenCmrqmhv0PuW0OwzAMw7jGYG8IwewiBnsfwUc3buDnV664bZIjnujpwe\/hJoLZRXzrwF58kMngg0zGbbNs44b9Lcv4j0s7HGecZZX7po7QsXShIVvEEuVOx2pz6hbixkcvQ5HK4c0ys\/Qy1sWM8Zmcgqyyrruh18sczyrrOHHpY6QLazib+aThBilmWf9GiBt67fk4mymq0g4jC7dx7the08+i4wYqJe1aW6aWVjCysIxRebfh2NCen2KpjIlMUc2eHUvfQdJCGuR8VTpDe56p3F+PaYMxQZm7tPHyYgWLHp3Y0FcvSzoZDeLcsX2qY0MMwAz1htTrNLKwrAY64lIXzh3bCzkSwOlEWA00abPrKQPWbqMZ0UkYl7oQl7osA2J6kkNxqQuzx59AXOrCYAuzLhuViksX1iBHAtWxXft+cjbpOdCoAslc\/iyo+28RbaMlWl+tsuYbbRCk19iJMvjJ+Wd2XclhllXWcfTiRzWvpfFqJYlDY0kvW1t7HcXxnIpJputYs4gZ+LReF0tl1dFL5ygZDdYF2eh92utG701Gg4bXc7NlDjeCvPWPkuJY1zvXdJx2r4HTdc0OFefvPd1ACgUli6VyTVY+zatUTMIpWN8fqNpNhAI\/qZikZpl7AToPdO8XmVpasRVgpeCBVZIAoH9NneB0TNCaM5NTcGr+Vs3aMpwIY7yv2\/a1mMgUMVyVKLNzD2Pch8bC1NIKhhNhyypehmEYhtmqvJY6itdSlcxz+e0cbu\/sxndyf4XXX\/qa26bZ5p3hlwAA7y4s4sBPK\/uJd5RFfL3voJtm2Waz7W+h47\/LkcYwYbZRbWZDsBWg5mFehLLBgYqOr9YBTc5Ap4T9Ppw7tldtKjeTu2uo2a+FpEkoW74i6+Nc\/mBqacVQQ98Icnhrs6eByoby\/cIappZWVO1\/s2AOObHiUpduAEJ0rNlFzFA8U9VVJ0elETQvKcP40aqzIi51GToKyYmjzdQ9nQir8zmr3O8Ix782O7OTmcuvqptd7ZwQHTVidQMF0q6fjFerTvQlZpwiOvwqTthdDVVVkJ78ZP8eT8hH1Tr+N4hLXepc0Bv3T1adpkaSMmG\/D3IkgGKpjGLpgVqB0y6ndTOMLCyr96xkNIipJWNn2IYMzO06p9lcftWWBAp9hp1xWQkw3MD1k\/sR9vsq+vJtqkCiOZVV1muCF1RxRev3gEbqio4nXVire\/6h93opEUCs7tJySLi36M0Jopk11mxds4KqCivSS\/V\/f7Jqo9ivB9h4Pgj7fWrfBqdQEgBdb20AyA1Isor6UBDF0gP1fm\/nedQseLAZGI0JUZJL6\/QHKgkaU0srtq9nVllX13yrtY7xFhS867QKVIZhGIZpNSsrKyj4Ks9LnZrEkLv9CcoP76v++6bL1jhns+x3fQep1VtnNvBSCbgWKvGnjF09aGPsFHJsAcCHDhcgcTwVSw8cf7eYoe4E2rSLzRhFxHJwMWiiBzlTzBwZjTrORTvMHIeUmV+xo3JOSQPXDnpyMkQj18UNvJKF2SqoUbM22EM\/Ty99Vvcecm7ova8RaG5TBQqgLxNiFy89oHxYrTTTHo\/2vGnntdhgUg9ypM3l79X03PAiYgal3TXKaD20csCJASS7zjptpVq7oM+eyd3VtY0aERvZYNVLxitoqzRExGPTzgmqEGjF\/DVa16ywkt7beAaprSAV39PMGLJ77EY9JKze4xS6z2vn41kHzZO1TazdwmxMmK0XTucWBTeauYcx7lDpebV1ZBwZhmEYphGeTiTwX2MreHXHdfxRMoE3LlzGGxcuu22WI17uP4zv7MzhOztzePHgU\/jezCzeXVh02yzbbJb9TWX8t1uy4++HvtDQ+za73L0dpGKSZ507mwFtdJvJam3EQTKceAxn0nccZ\/3TJv6QgSNAjgQaHs+tJOz3qWXpWoeGiOhgbHWG6fuFkm6GpZc4myl6yqncLsTxbTTXzufuQo4EdPXpnbKhyS46sbdG8Hcufw+jiNTJnugFWsT7k5XkiShnUyyVMdQbwpFocMs4LcL+hxpaqzcclc7u9Zfzq6pER7ugMWCkX38+p5ja4KWsfiuosk4rcaWV+hGxI2+1nREloQiST9SeM1HSayanqBWHlaqCZdsSaLS+mzWztoKqA504\/UkOUttbpl20cm61MijOMAzDMAzjBq+8cAQA8MaFy3j17yqZ57hwWf291wmFQqpE0cv\/8yLe9D0FX17BVSmDpxMJl62zZrPsb8rxf\/TiR46laJ6UdnhWvsZLjPc97rYJptAmkTZrrQ5SiI0MnSBmqzUSlDqdCKuN7RrR+m\/FBpAcgzM5BeOl1vd4iEs7LJ3al1WZH280kdxMiqUyxraJzJjopLYaE61ohkeOocvVhoqiVEIjTh+ab14I9IqyJ6IECDnux9IFjMoRQwkUIyfoRsZ\/5ZxNYo9nmrvqsdE8015lz1BvqCFZP3EsOYHsaqdz3aqKgzCyIRWTMOI372\/gFdKFNSSjwZpxrW26rO358KQaGCltsrXeQXxW0Db8nT3eo1spNHu8x1AC60lpR43MYNjvw5Fo0Lbjn8ZsM8EYpzI\/A7FdNb2Y0oU1nLj0cVuD7hRoaMU9gx3\/m09WWXdcYRGXdqCzchcZhmEYZvMR9\/qt2Pe7QdjvA+4Dvt\/eRSjkXfUUI9ppf9MZ\/0437MlokB3\/FpyRd3teA13c6By9eAPDiTAGe0Mt2QCJ8iJPOjwPE0IWbCO2kBb+qflbDWn9t4JDquOs0lRwVN6NVGzXptpBGXvbsepkLH2nIxxuThkQ9MPdQpulPZdfrTr+dzpyxIT9PqRiEkbl3QA2emy4SUWDv6xq8ovNvoENbXC9TGijayJHAmoQgV7TbLCknQwLvT2sbJvJKdVrGMGT0g5MZIq2xyadY\/qcrcJMTlH149\/7RkzN4vbyekRyfGbjOhkNQo4EVIeu1bh3ghfWNafQuAdQ55inuS5HAphaWsGHyn086vepc2tU3q2rTT7UG0KxVMbZTBFxaQdSMcmRZKEsPHc0ekxamR8rOS69aqjJ\/j0NNRsX0RsTc9WKqUofqX2YqGr6NxNk2A5VgV7j\/cKao8A3yZFaSWwyDMMwjJf44fx7+MHVjzEQ24VXXjiCf\/+jv8L7hTX8qy\/14OC+CL7946sAgDdOfhX\/73YR\/\/bHV\/Go34c3Tn4V\/+dvc\/jjKzkcigTw+ktfUz+LfqbP+g\/PxPCPPh\/DK2\/9DJ+Wyvgvzx\/ARX\/lGSwUCuOFP72gvqcRRJv\/8Rfj6vf8txcPIne7aGrjGxcu43zuLr51YC9e7j+sfta3DuzFPzn4FF5562cAgD95\/gCKpbJ6\/H\/y\/AEk\/28WB\/sieGfxNzj\/zqL6GY3arz1PnWK\/lpY192VaQ9jvq9Fh9ypxqQvDibAqN3E2U8TZTFFtAjoQ29VQgIcaihKpalanlpGF5bpsyaxyX92IDfWGGs7oHOoNYSxdaDjrnxCddSJxaYepE3+oN6Q6wahcf2RhWc1UG6w2920XtGkXnWvbhayyvmUkVESS0aDaJNstZ7GeE5tkVwZiu0yDyKNypCYzVISaMraK8b5uQ+eXlUOKsp\/J8U\/Z\/1llXf3PieNflEYiKFiibQzbKHIkYNiIfXppxfDcat8jrhdi8NaIiUxRdeAM9YZUx+VMTsH00orpsTUq89MIg72PGGaYtnp9TBfWaqRzJvv3YBJ7kC6sqdfCzDHbzNhtxmag9lxQ8FqUOpIjAfXe0irHvxfWNSuS0aChzB\/J92g5NX9LfQYhPi2VMSpHTO\/9Ry\/eqKk8asQx3eg1Gex9BEBtII7WCDP5zZmcgvcLJRyJBpEU\/mv0epqNiYlMUQ2s0T0lq6xjJncXE03K+3kxELsVmcuvYtzvs32+6b7C14ZhGIbpJP7NT7P4eN8BzC0s4tl4Bv+5EEH5YQn49TUcuXkHb\/qeAgDIl34FAHj34cqz5nAmgz9OF\/Duw1\/Au\/eA1JUr+MHVys9zmUWkrlzBf7oXAx4GcOUaRn+rVD7rYeDQL6+pTv4X\/vRCzWd85ZlnHNn\/QabW5tztT9Tv+fNfXsPl\/Kqhja8DGFm4jdX4Qcz9ZBEv9x\/GRKaI1fhB4Oo1rKysbBz\/L6\/VHP\/Q3+bwz57rBwD8zo\/+d81nNGz\/lWsYoHPeAvtzt4ttt18PTzv+Pzd1zW0TNp3xvtZLu7QLcjKIjiFy3MzkFIylCzh3bK+hc+RM+o6ps2+oN2ToIDfbnJI+bjO0Ius\/XVjTdbaQJq8Zs8d7ajbxQMWZNrW0jqmlFSSjQZw7tq8tY4WkM7wsJ9IutkJDXzMnOVBbFbOZ0HgSHUPk0BaDAk4gh2gracaZe7nqtKVKJa2DM11Yq5GaIMk0o34bAzrSGRQsaVXwL1x1ohgdjxFm3y8Gb42Yy6\/i1PytmsBq2O9TgwBz+VWcuHRTd0yIfQ\/ajVkD+3Zw4tLNOqkXORKA3NetZnsbBWPcCNSSQy3s96lzWM+xT9dMtNGJo9Wr61qjUINzozVPe26oGsSsIbT2eWGzoAoswFn1VWWOb6wV10\/Gq+ujvQowp2PiTPpOndwoJbFQIoteIMbqGLZjZaRbUHB0vK8bh9\/Omb6WEqm2UlUYwzAMsz0YiO3C9NIijoUf4OlEAr\/7zpv4db4LhxJhPBvvRnBmEWG\/D8\/KX0CxVEYwXfm557kv40h+FXPpRXx+xxqe\/oMXcSj3C8xlFvGlneuVz1q4jHShhCNyBD09Pdh76Rcolsp49oWNRJUj0WDNZzjliZ4efKV0Gel85XtePPgU9v5Z5XsOvvAFAHcMbQSAY+EHuJRdxB\/8g78HAHxp5zp+nV3EoUQY\/V\/cj73pX1VsTv3DmuM\/8NyXVRu0n+EV+188+BQm3myv\/Xp42vG\/3ZAjgY6TQZrs34NROYKZ3F2czyk1Jd1ZZR1HL97A9ZP7HTuo5UigIed9KiZhsn9P0w7xVmX9NwpJPZBjkzY7BDnFjDJ1m2Gm6mR0qqPa6czlV7d8Vtip+VuuyRPoOWtFWYtUTDJ0aM7lV+ucvIcifqRikm6QzC20UiaymvlcUv+fiqGmIgCozegX0Wqli6+VI4GGs3rbBVVs2b0WU9XM\/lRsVzXjd6e6diejQUz279ENIqQaaCLaKRRLZRx+O4dUTFKzoGkchf0+TPZXKgC8MN6JrLKOuNSljms9xz\/9bmPMt26tdXNdsyKrrGN66bOa3z1ZleI5d2yvmmBghdX1dnM8kNPfboNeo6SPmdxdDCfCLXn2MBoTp+ZvqdVGNL+I4UQYH27Rqr+txMjCMmaP9+Dcsb0YWbite52T0WA1OemB42AOwzAMw7jN9\/\/weXxf+Hn+3\/3zmr\/fkw\/U\/tx3UP33az09eC218bfXX\/oaXhde+7N\/\/fs177353Yo\/6a\/TV7HvP54DAPziX3wZr6Ua9zOFQiHD7wGArwOmNr4z\/FLNe7XHf\/O7sZqf6fjfuHAZI\/\/95\/jSzvW692wn+\/Vgx7+HaDZL3S3EjCmg4oyZyBRVTdWppRX1b9r3ic1FgUojETsyQbPHe9QNG2nhk35rq7LgtVn\/TolLO3CmqkEOoCE9Wcr0BDaqKSggQRl+rczyJDkSYPtl\/G+FbH+AruH9ut850VBvNWJWudYxRI5Cs0aUl\/Oruo4iqp4ZlSO2ssztYCZLYYVW9uRItFaqZy5\/D6PYaPBrJnkiOtPEdUMMliSjQUwtNefwnMuvNiQDI1bkjfd1q2u80zFG8lrkbCP9cwoGaYMblIFvJKXWasbSBcPKNPE+1Gqocg6oHPNQb0i9D51OhHXXq2bGrpEcDWBdfUmVLEYNa0X5okZlfry4rtkhq9zXHT\/T0RXMHu\/BeF933bqXjAZxOhF2dA\/+1MU+EANqIM5eU18jnB5Do2NCDJxRtQJV254WJCwZb0LVtOeO7cX1k3GkC2tqz4bxvm61JxZVlHi5RwrDMAzDeIWfZpfx8b5KQOGdxd\/glZ7WJ5i2m\/O5u1iNH8Rf\/1bBB5kMnk4k3DbJEe2039Lx386NrRVmG1EzjDa\/VmXBVrRTeigVk7ZMuXAqJiEVk7D\/rSyyyjrO5xRdx7\/oyGgG2rhNLa1gJqdgvNQauSRt1v+gw2qMuNRVc3xz+XtNZSWSDEYyGsT+t7IAKotDKx3\/tHEn6ZXtwtkm9X29xPTSZ46brrcb0mQHUBfUo+BfI+sfBeW8EqQSnUmi5j3dj8TAgNhM00zOBkBNAFH7mlb2N2iUiUwRw4kw4lIXUjGpqUz8mZyCufw9tVJMG9zQ63uw1ckq6+qcttJ5dwOqZHlSkEQSK3TE3hcb8lbO1lsvrmvNMJdfVSslRL3yuNTVlkq+dtGozE8raMWYoOSUrLKO2eM9amDR7vOA1+bidiFdWMP+t7JqZn9ckNdLF9YcVZ4xDMMwzHbmf\/1kHlllHc\/Gu\/H0TzIAgBef+x2XrbLPysoKfjj\/HgDgWwf2Iv3Tq1VZo5cs3ukNNst+zvj3CON9j7ttQssZ6g1t2kb9dCKsNj40qjBoBDHr3075eWWzqP86bWZao2gdBU4xs2M76vsXS2WMbSGHkhPEjbGRs+PRagCoWHrQ8PcMCE26jYJ9lA3sZLMu2uuV5oqU3UyyNeLxFEtltcEvOSqMjpfkbLQBxNrXSDgF9ytVqAKp0nz8kaYleCibn7LERZrV9w\/7H1K\/o11QRUbF9no7G7WBKkba0XOgmblDdolBaHFcvy8EvKzG\/XYiq9yv07SnuU49AERakShhhVP5MLEyqZOvqTj+49IOx4kAXrj3bEeosljk\/UKpo8ciwzAMw2wWH2Qy+ObSLpQflvDq1evIfHvAbZMc88P59\/Dq3+0DALzpv4Wb3z3hskXO2Cz7XXX8k3TJdueMvHtTmwduRSiDlkp+W+X412b9G0FNDd832GyQww+o6Pu6hSgbomcHzUfRUdtqvNY7YCx9Z9uWgovHLUcChlq5wIZOfSPYzYpMRoMdv2Gn4N9g7yMA6h2cJItyurpG6Tmw7TaUpaoCL5yz6WrTcT15nlay0SS6MVkRWn\/aec5oXh0yqMbaDBuc0ojcE0HBZCPHP\/37iNCvgB2l+tC8PzV\/q+75uJ2O\/41glTOnN9kbl7oMq3SpDwtd86Qw\/jv53svP7QzDMAzDbBUoMamT6XTFinbab+mBbNfGlByp4gajVd9FG4liqez5zSVpinYalCVt1peApBg2axEh3WMx+7QVjPc9jhOXPjbdDCejOzGTU6rSI7vrJq2YuWdlF0kAGPU5ELWtH3W4OJjZQU4GUaKkUShbl\/CqjA7pi29naK6cToTrHE2iJE2j67PoxK7o7dZXDgz2hjDUG8JATHJ0PcTKlFZV1DQLBf\/INm0wUGzwC+jPDZo7WWXdsPfEeF+3qoPvBQeyKLNmp9prWKjS0iKuQdoGsWG\/r67vgV3INu3ntprL1TlVCRzXBhYr0ii7dG2gai4j+SaSzPLC9RbJKutqj51kNFgT6Abqe1949X4gQteQpIkIoz4GThH7nuidj2YqrBqBxig1aG4no\/JuJKPBusbGlIzQrvFxRt5tuC6Jzyt25xfJ1HltPjIMwzAMw5jx7sIi\/uzqTfxRMoH5Z8rI3b6Fr\/d92W2zHPG9mVlklXV87xvPILywiLDfh9979qtum2Wbzbbf0vE\/srDcti9v93dRAygvQw3FOg3KRssq99VGjESxVMbIwrK6eWxn9rhIKiZhxL+slsi3yvFP\/RfMNsMDsV2YySkolspq0zFydp7NFNXNpp50hUixVFaDFx8q9zHY+0jN67PKek2zspTNc0sN78ipqmdHK2R+6DxNZIoY6g2pY1usltA2dHaTrdLQtxkoUzsZDWKyf496TuRIAJP9ewA0V51FYzSrrJt+BvWvsEtF2\/dx9bO94kzUy\/AXIVkUmht6TiNaM+fyq4brDvX38EoFDY2Rod4QBnsfMXX8ky7zYG+o5l4BVByi4n1RPD9GDaLtQN9Jn9tOPXLqPRH2+9RsZ3KMT\/bvUdderQ2T\/XvUtfls5pOagAEF5wBvOhrFYK+efe3cLEsAAAeJSURBVGIw3sj+Zq6vCAWOmmkALTa5F6tqKOu+mfUmLnWpayugf7xamah2Z5dvBDqcBf3n8veAtP7f6FxVNPQ3ArM0VkbliPrcJEcCalDOqHKyGagR\/KGIHyMLt+sahlMSCwWx7ECBOK\/cexiGYRiGYezwTy9cw2r8ID798VVcePUF\/K7bBjnk51eu4DvFSk+s+KVf4bXUUZctcoYb9nvHA7cNiUtdhlndXqZSSVHJ5p\/JKZjJKdWs3spwqtVK7do0vXhtk19qnNcKRuXdmDMJIg31hjC9tIK5\/KradCwudaFYelCziRw1aNJJpAtr6ibyTPoOzqTvqFmuWicGSWroYRbwIseaFpLOaMaRONgbUisWHvuL3yAZDSKr3FePySrwsZmYOVW3EzM5BaNKRF2P9NYkrda0E2g8mUmziNdBrzmsVWP26aXPdH+fjAZNm8SPpQt1DmqrxppWTd7rHf2rpn\/Xc0ySQ+m86TmrBBCS0aC6PjRCI+fIiOmlFQz1hiyb\/NLxyZEAZo\/31KxtYvCHmm4STvT9za7j2Uyxrc5zCnKR0\/iTbz5V9xq6VxBilQONd5JCiUs7atZNI9m5ZsduM4iOf73rI\/7dSDaM7G\/WThpXc\/nVhpM\/xAqW974Rw1x+teY62JWasppfdL8k6DyN93XjUCSAT6vzmqTD2oXe\/LOD2X2U1uxpzTwWm4FfP7m\/rkKwHQ3Lae1IxSSkYlI1WHy\/rsLRTNLR6DMb7TfCMAzDMAzjBpHyPXxU\/X8nEgqFsKN4C+WHd3VkErUb9nfeWdpCiBlfnQRlMYqbJZLX0WZunju2d1Mnoyib1IyzUgtlRJtx7ti+unMiOuMom9Pqe7TnLF1Yq3MSidnYTqhck311Uj5ixnQzgZqh3lCdFAJ9rlHAwS02s5rJyxRL5ZoqEi1TSytNNemm8WTlHKG1w2ngqVn7Wo0oc6LnXLb6OznygQ25ND3EtZYc6W4jznezSq8z6Ts1kk4ke6KV29DO0Q19\/8Z7A83klE1p5n1q\/pZhcCFdWMOJSzdrfkfVYqKDVI4E6oKlVBHmNcQsbb3jtvq719A2fRevQ6sawuuNg4lMUa0OGU6E1SBQuyUTaa2hJuvtRJTYEyWPgMp9uR26\/ycu3axLSkkKPSeAyr3EbtCB3g803m+EaQ1xaYcqjZUurHmmCo5hGIZhvErm2wO48sU7+PN\/edJtUxri6UQC2ZNxXH02gFdeOOK2OY5xw37LjH+zTKXthticrFnsOJK9jBwJ4L1vxDC1tILzubs1meqVY9uJ04mwrtOfNlqNNLmlc2YUTKByccrmsvO92o2nEaPybsBks08BkYlMETM5BenCWvWzK+fC7vVOxSQkT+6snltFzfqkzLRBg6xswDhbL+x\/CEeqmtN65442rlRdYIZ4vvReq3cOUjEJo3LEM9n+U0srHeF8cgIF3xpxCqYLazj8dg6jcgSpmISw36c2yrZyhFAvFb3zKepFmzmxAX3pFTom\/e99gPO5u7r22e3v0o4eM0BlPsmRAM4bOKjp70aNfek6WjnAzmaKhnPWajw0co4AaxmWiUwRAybVSMTIwjLO5xQMViWe6PVz+VWczyl1vR7sNgQ1uo5ZZV2tyrKDnflE36VnDznyhxOPqZJtFRs+q5PxET\/v8Ns5td+FqAFPEmp6x+eFtYwC1ID+XBf\/bmSv3rVpZF0zW5OcfP7ZTLFGzpDkrOw4p63m1\/lqTyDt52SVdRy9eAOjcgTJ6E6E\/b5qsKqgGzhvZt3X2ktVKtQvSe94nIw1On69czWysIxPS2V1bqQLaxhLF2wF9RodE0cv3qjOrV3quaUK1umlz3S\/2+i4xV4hXgzEbReohxBdnw9N+mMxDMMwDFMhFArhK88847YZTfFETw+ecNuIJths+z+Hyb9JApg1egE7\/jdopeP\/+sm4Z5ygDHPi0seYySmqDu5WplgqY\/9b19uSVcgwTHugtelspsjVOgzTBlIxCeeO7QUA7H8ryw5tA0j+KS51YWRh2VFDeqa1nJF343QijMf+4jcAUJWPitc1jta+50g06PkecAzDMMz2QZTN9jpG\/lA7CaRewKgHWKfbb8HRzhhdWwzSNmUYr0CZbpvViNlNSEqBYZjOgdYm1tNmmPYg9kYalSN1Wf9MheHEY9UeTuW29CNg7EENz0VZT+qvMt7XbVoxyDAMwzBeQpRd7lS8UIHcDJ1uvxWWjn9+aNqgFc7CsN9n2eCVYTYTcvprm9xtRbLKuqf04BmGsUZcm5rR92cYxpyxdAGT\/XuQikkY8bdHb7\/ToSAkJxFsPtqqVL0eP6fmb+HcsX01zc6dNKlnGIZhGIbZalhK\/TCtZTs4V5nOIqvcR1ZZ3xZjk46VYZjOQY4EMN7Xrdvwl2GY1jJ7vAdj6Tuc+GOAHAlgsn8PDr+dc9uUbYcohWD1PCeW7IuvjUtdah8jhmEYhmGYbcBRdvwzDMMwDMMwDMMwDMMwDMMwzNbhqPe7FzAMwzAMwzAMwzAMwzAMwzAMYxt2\/DMMwzAMwzAMwzAMwzAMwzDMFoId\/wzDMAzDMAzDMAzDMAzDMAyzhfj\/xE0s4Vp2q8wAAAAASUVORK5CYII=\" alt=\"Markalama G\u00f6rseli\" title=\"\"><\/p>\n<\/div>\n<div>\n<table style=\"width: 100%;\" cellspacing=\"0\" cellpadding=\"0\">\n<tbody>\n<tr>\n<td style=\"width: 120px; font-weight: bold;\">\u041d\u043e\u0440\u043c<\/td>\n<td style=\"width: 400px; text-align: left;\">\u0421\u041e\u041e\u0422\u0412\u0415\u0422\u0421\u0422\u0412\u0423\u0415\u0422 \u0422\u0420\u0415\u0411\u041e\u0412\u0410\u041d\u0418\u042f\u041c FDA \u0418 \u0415\u0412\u0420\u041e\u041f\u042b<br \/>\n\u0418\u0421\u041e 1307<\/td>\n<td style=\"width: 120px; font-weight: bold;\">\u0426\u0432\u0435\u0442<\/td>\n<td style=\"width: 400px;\">\n<div class=\"color-icons\"><img decoding=\"async\" src=\"data:image\/svg+xml;base64,PHN2ZyB2aWV3Qm94PSIwIDAgMTAwIDEwMCIgeG1sbnM9Imh0dHA6Ly93d3cudzMub3JnLzIwMDAvc3ZnIj4KICA8Y2lyY2xlIGN4PSI1MCIgY3k9IjUwIiByPSI0OSIgZmlsbD0iI0U4M0YzRiIgc3Ryb2tlPSJibGFjayIgc3Ryb2tlLXdpZHRoPSIwLjUiLz4KICA8Y2lyY2xlIGN4PSI1MCIgY3k9IjUwIiByPSIzOCIgZmlsbD0id2hpdGUiIHN0cm9rZT0iYmxhY2siIHN0cm9rZS13aWR0aD0iMC41Ii8+CiAgPGNpcmNsZSBjeD0iNTAiIGN5PSI1MCIgcj0iMzMiIGZpbGw9IiNGRkZGRkYiIHN0cm9rZT0iYmxhY2siIHN0cm9rZS13aWR0aD0iMC41Ii8+CiAgPGNpcmNsZSBjeD0iNTAiIGN5PSI1MCIgcj0iMjIiIGZpbGw9IndoaXRlIiBzdHJva2U9ImJsYWNrIiBzdHJva2Utd2lkdGg9IjAuNSIvPgo8L3N2Zz4=\" alt=\"\" title=\"\"><br \/>\n<img decoding=\"async\" src=\"data:image\/svg+xml;base64,PHN2ZyB2aWV3Qm94PSIwIDAgMTAwIDEwMCIgeG1sbnM9Imh0dHA6Ly93d3cudzMub3JnLzIwMDAvc3ZnIj4KICA8Y2lyY2xlIGN4PSI1MCIgY3k9IjUwIiByPSI0OSIgZmlsbD0iIzQ2QTZEOCIgc3Ryb2tlPSJibGFjayIgc3Ryb2tlLXdpZHRoPSIwLjUiLz4KICA8Y2lyY2xlIGN4PSI1MCIgY3k9IjUwIiByPSIzOCIgZmlsbD0id2hpdGUiIHN0cm9rZT0iYmxhY2siIHN0cm9rZS13aWR0aD0iMC41Ii8+CiAgPGNpcmNsZSBjeD0iNTAiIGN5PSI1MCIgcj0iMzMiIGZpbGw9IiNGRkZGRkYiIHN0cm9rZT0iYmxhY2siIHN0cm9rZS13aWR0aD0iMC41Ii8+CiAgPGNpcmNsZSBjeD0iNTAiIGN5PSI1MCIgcj0iMjIiIGZpbGw9IndoaXRlIiBzdHJva2U9ImJsYWNrIiBzdHJva2Utd2lkdGg9IjAuNSIvPgo8L3N2Zz4=\" alt=\"\" title=\"\"><br \/>\n<img decoding=\"async\" src=\"data:image\/svg+xml;base64,PHN2ZyB2aWV3Qm94PSIwIDAgMTAwIDEwMCIgeG1sbnM9Imh0dHA6Ly93d3cudzMub3JnLzIwMDAvc3ZnIj4KICA8Y2lyY2xlIGN4PSI1MCIgY3k9IjUwIiByPSI0OSIgZmlsbD0iIzAwMDAwMCIgc3Ryb2tlPSJibGFjayIgc3Ryb2tlLXdpZHRoPSIwLjUiLz4KICA8Y2lyY2xlIGN4PSI1MCIgY3k9IjUwIiByPSIzOCIgZmlsbD0id2hpdGUiIHN0cm9rZT0iYmxhY2siIHN0cm9rZS13aWR0aD0iMC41Ii8+CiAgPGNpcmNsZSBjeD0iNTAiIGN5PSI1MCIgcj0iMzMiIGZpbGw9IiNGRkZGRkYiIHN0cm9rZT0iYmxhY2siIHN0cm9rZS13aWR0aD0iMC41Ii8+CiAgPGNpcmNsZSBjeD0iNTAiIGN5PSI1MCIgcj0iMjIiIGZpbGw9IndoaXRlIiBzdHJva2U9ImJsYWNrIiBzdHJva2Utd2lkdGg9IjAuNSIvPgo8L3N2Zz4=\" alt=\"\" title=\"\"><\/div>\n<\/td>\n<\/tr>\n<\/tbody>\n<\/table>\n<\/div>\n<\/div>\n<\/div>","protected":false},"excerpt":{"rendered":"<p>&nbsp; \u00dcr\u00fcn Ad\u0131: SPRING SD\/10 \u00dcr\u00fcn Kodu: FSDPW821 \u0130\u00e7me Suyu Al\u0131c\u0131\/Verici Kullanim Alan\u0131 : Ta\u015f\u0131nabilir suyun de\u015farj\u0131 i\u00e7in. Alt Katman : Beyaz, Toksik Olmayan, G\u0131da Kalitesinde, Tat ve Koku \u0130\u00e7ermeyen, \u00d6zel Sentetik Kau\u00e7uk. Takviye Katman\u0131 : Y\u00fcksek Mukavemetli Sentetik Tekstil ve \u00c7elik Tel Spiral. \u00dcst Katman : Hava, Oksijen ve A\u015f\u0131nmaya Dayan\u0131kl\u0131, \u00d6zel Sentetik Kau\u00e7uk. [&#8230;]\n","protected":false},"featured_media":22311,"comment_status":"open","ping_status":"closed","template":"","meta":{"jetpack_post_was_ever_published":false},"product_brand":[],"product_cat":[2361],"product_tag":[],"class_list":{"0":"post-21458","1":"product","2":"type-product","3":"status-publish","4":"has-post-thumbnail","6":"product_cat-sel_gida_hortumlari","8":"first","9":"instock","10":"taxable","11":"shipping-taxable","12":"product-type-simple"},"jetpack-related-posts":[],"jetpack_sharing_enabled":true,"jetpack_likes_enabled":true,"_links":{"self":[{"href":"https:\/\/tuzlahortum.com.tr\/ru\/wp-json\/wp\/v2\/product\/21458","targetHints":{"allow":["GET"]}}],"collection":[{"href":"https:\/\/tuzlahortum.com.tr\/ru\/wp-json\/wp\/v2\/product"}],"about":[{"href":"https:\/\/tuzlahortum.com.tr\/ru\/wp-json\/wp\/v2\/types\/product"}],"replies":[{"embeddable":true,"href":"https:\/\/tuzlahortum.com.tr\/ru\/wp-json\/wp\/v2\/comments?post=21458"}],"wp:featuredmedia":[{"embeddable":true,"href":"https:\/\/tuzlahortum.com.tr\/ru\/wp-json\/wp\/v2\/media\/22311"}],"wp:attachment":[{"href":"https:\/\/tuzlahortum.com.tr\/ru\/wp-json\/wp\/v2\/media?parent=21458"}],"wp:term":[{"taxonomy":"product_brand","embeddable":true,"href":"https:\/\/tuzlahortum.com.tr\/ru\/wp-json\/wp\/v2\/product_brand?post=21458"},{"taxonomy":"product_cat","embeddable":true,"href":"https:\/\/tuzlahortum.com.tr\/ru\/wp-json\/wp\/v2\/product_cat?post=21458"},{"taxonomy":"product_tag","embeddable":true,"href":"https:\/\/tuzlahortum.com.tr\/ru\/wp-json\/wp\/v2\/product_tag?post=21458"}],"curies":[{"name":"wp","href":"https:\/\/api.w.org\/{rel}","templated":true}]}}