{"id":21455,"date":"2025-08-11T11:02:00","date_gmt":"2025-08-11T08:02:00","guid":{"rendered":"https:\/\/tuzlahortum.com.tr\/urun\/spring-d-10\/"},"modified":"2025-08-20T15:49:59","modified_gmt":"2025-08-20T12:49:59","slug":"spring-d-10","status":"publish","type":"product","link":"https:\/\/tuzlahortum.com.tr\/ru\/product\/spring-d-10\/","title":{"rendered":"\u0412\u0415\u0421\u041d\u0410 D\/10"},"content":{"rendered":"<p>&nbsp;<\/p>\n<div class=\"report-container\">\n<div class=\"report-header\">\n<div class=\"standard-text\">\u041d\u0430\u0438\u043c\u0435\u043d\u043e\u0432\u0430\u043d\u0438\u0435: SPRING D\/10<\/div>\n<div class=\"standard-text\">\u041a\u043e\u0434 \u0442\u043e\u0432\u0430\u0440\u0430: FDPW811<\/div>\n<\/div>\n<div class=\"product-image-container\">\n<div class=\"key-feature\">\u0420\u0430\u0441\u043f\u0440\u0435\u0434\u0435\u043b\u0435\u043d\u0438\u0435 \u043f\u0438\u0442\u044c\u0435\u0432\u043e\u0439 \u0432\u043e\u0434\u044b<\/div>\n<\/div>\n<div class=\"horizontal-line\"><\/div>\n<div class=\"product-details\">\n<div class=\"detail-row\">\n<div class=\"detail-label\">\u041e\u0431\u043b\u0430\u0441\u0442\u044c \u0438\u0441\u043f\u043e\u043b\u044c\u0437\u043e\u0432\u0430\u043d\u0438\u044f<\/div>\n<div class=\"detail-value\">: \u0414\u043b\u044f \u0441\u0431\u0440\u043e\u0441\u0430 \u043f\u0438\u0442\u044c\u0435\u0432\u043e\u0439 \u0432\u043e\u0434\u044b<\/div>\n<\/div>\n<div class=\"detail-row\">\n<div class=\"detail-label\">\u041d\u0438\u0436\u043d\u0438\u0439 \u0441\u043b\u043e\u0439<\/div>\n<div class=\"detail-value\">: \u0411\u0435\u043b\u044b\u0439, \u043d\u0435\u0442\u043e\u043a\u0441\u0438\u0447\u043d\u044b\u0439, \u043f\u0438\u0449\u0435\u0432\u043e\u0439 \u043a\u043b\u0430\u0441\u0441, \u0431\u0435\u0437 \u0432\u043a\u0443\u0441\u0430 \u0438 \u0437\u0430\u043f\u0430\u0445\u0430, \u0441\u043f\u0435\u0446\u0438\u0430\u043b\u044c\u043d\u044b\u0439 \u0441\u0438\u043d\u0442\u0435\u0442\u0438\u0447\u0435\u0441\u043a\u0438\u0439 \u043a\u0430\u0443\u0447\u0443\u043a.<\/div>\n<\/div>\n<div class=\"detail-row\">\n<div class=\"detail-label\">\u0423\u0441\u0438\u043b\u0438\u0432\u0430\u044e\u0449\u0438\u0439 \u0441\u043b\u043e\u0439<\/div>\n<div class=\"detail-value\">: \u0412\u044b\u0441\u043e\u043a\u043e\u043f\u0440\u043e\u0447\u043d\u044b\u0439 \u0441\u0438\u043d\u0442\u0435\u0442\u0438\u0447\u0435\u0441\u043a\u0438\u0439 \u0442\u0435\u043a\u0441\u0442\u0438\u043b\u044c.<\/div>\n<\/div>\n<div class=\"detail-row\">\n<div class=\"detail-label\">\u0412\u0435\u0440\u0445\u043d\u0438\u0439 \u0441\u043b\u043e\u0439<\/div>\n<div class=\"detail-value\">: \u0412\u043e\u0437\u0434\u0443\u0445\u043e-, \u043a\u0438\u0441\u043b\u043e\u0440\u043e\u0434\u043e- \u0438 \u0430\u0431\u0440\u0430\u0437\u0438\u0432\u043e\u0441\u0442\u043e\u0439\u043a\u0430\u044f \u0441\u043f\u0435\u0446\u0438\u0430\u043b\u044c\u043d\u0430\u044f \u0441\u0438\u043d\u0442\u0435\u0442\u0438\u0447\u0435\u0441\u043a\u0430\u044f \u0440\u0435\u0437\u0438\u043d\u0430.<\/div>\n<\/div>\n<\/div>\n<div class=\"datasheet_table\"><img decoding=\"async\" class=\"alignnone size-full\" src=\"https:\/\/tuzlahortum.com.tr\/wp-content\/uploads\/2025\/08\/datasheet253.svg\" alt=\"\" title=\"\"><\/div>\n<div class=\"table-notes\">\u0421\u0442\u0435\u0440\u0438\u043b\u0438\u0437\u0430\u0446\u0438\u044f: \u041f\u0430\u0440 \u043f\u0440\u0438 120\u00b0C \u0432 \u0442\u0435\u0447\u0435\u043d\u0438\u0435 15 \u043c\u0438\u043d\u0443\u0442, \u043a\u0430\u0443\u0441\u0442\u0438\u0447\u0435\u0441\u043a\u0430\u044f \u0441\u043e\u0434\u0430 (%5) \u043f\u0440\u0438 50\u00b0C \u0432 \u0442\u0435\u0447\u0435\u043d\u0438\u0435 15 \u043c\u0438\u043d\u0443\u0442.<\/div>\n<div class=\"horizontal-line\"><\/div>\n<div class=\"footer\">\n<div class=\"standards-section\">\n<div class=\"standard-item\" style=\"margin-top: 9px;\"><\/div>\n<div class=\"standard-info\"><\/div>\n<\/div>\n<div class=\"temperature-section\">\n<div class=\"temp-icon\"><img decoding=\"async\" src=\"data:image\/svg+xml;base64,PD94bWwgdmVyc2lvbj0iMS4wIiBlbmNvZGluZz0iVVRGLTgiPz4KPHN2ZyBpZD0ia2F0bWFuXzIiIGRhdGEtbmFtZT0ia2F0bWFuIDIiIHhtbG5zPSJodHRwOi8vd3d3LnczLm9yZy8yMDAwL3N2ZyIgdmlld0JveD0iMCAwIDcyLjI3IDE2Ljk4Ij4KICA8ZGVmcz4KICAgIDxzdHlsZT4KICAgICAgLmNscy0xIHsKICAgICAgICBzdHJva2Utd2lkdGg6IC41OXB4OwogICAgICB9CgogICAgICAuY2xzLTEsIC5jbHMtMiwgLmNscy0zLCAuY2xzLTQgewogICAgICAgIGZpbGw6IG5vbmU7CiAgICAgICAgc3Ryb2tlLW1pdGVybGltaXQ6IDMuODY7CiAgICAgIH0KCiAgICAgIC5jbHMtMSwgLmNscy0zLCAuY2xzLTQgewogICAgICAgIHN0cm9rZTogI2E3YTlhYjsKICAgICAgfQoKICAgICAgLmNscy01IHsKICAgICAgICBmaWxsOiAjYTdhOWFiOwogICAgICB9CgogICAgICAuY2xzLTIgewogICAgICAgIHN0cm9rZTogI2ZmZjsKICAgICAgfQoKICAgICAgLmNscy0zIHsKICAgICAgICBzdHJva2Utd2lkdGg6IDIuMDZweDsKICAgICAgfQoKICAgICAgLmNscy00IHsKICAgICAgICBzdHJva2Utd2lkdGg6IC4ycHg7CiAgICAgIH0KICAgIDwvc3R5bGU+CiAgPC9kZWZzPgogIDxnIGlkPSJrYXRtYW5fMSIgZGF0YS1uYW1lPSJrYXRtYW4gMSI+CiAgICA8Zz4KICAgICAgPHBhdGggY2xhc3M9ImNscy0zIiBkPSJNMTEuMzQsMTEuNTdjLS45NCwxLjcxLTIuNzEsMi42Ni00LjgsMi42Ni0zLjA1LDAtNS41MS0yLjQ3LTUuNTEtNS41MlMzLjUsMy4xOSw2LjU1LDMuMTljMS45NCwwLDMuNjUsMSw0LjYzLDIuNTIiLz4KICAgICAgPGNpcmNsZSBjbGFzcz0iY2xzLTUiIGN4PSI2LjU1IiBjeT0iOC42NiIgcj0iMi40Ii8+CiAgICAgIDxjaXJjbGUgY2xhc3M9ImNscy0yIiBjeD0iNi41NSIgY3k9IjguNjYiIHI9IjIuNCIvPgogICAgICA8bGluZSBjbGFzcz0iY2xzLTMiIHgxPSI2OC4zNCIgeTE9IjExLjc2IiB4Mj0iOS45MiIgeTI9IjExLjc2Ii8+CiAgICAgIDxsaW5lIGNsYXNzPSJjbHMtMyIgeDE9IjY4Ljc4IiB5MT0iNS41MSIgeDI9IjkuNzMiIHkyPSI1LjUxIi8+CiAgICAgIDxsaW5lIGNsYXNzPSJjbHMtMyIgeDE9IjU0LjA3IiB5MT0iOC43NSIgeDI9IjguNjQiIHkyPSI4Ljc1Ii8+CiAgICAgIDxwYXRoIGNsYXNzPSJjbHMtMyIgZD0iTTY4LjE1LDUuNTVjMS43MSwwLDMuMDksMS4zOSwzLjA5LDMuMDlzLTEuOTIsMy4wNi0zLjYyLDMuMDYiLz4KICAgICAgPHBhdGggY2xhc3M9ImNscy01IiBkPSJNNTMuOTEsOC43NWMwLS4xNC4xMi0uMjYuMjYtLjI2cy4yNy4xMi4yNy4yNi0uMTIuMjctLjI3LjI3LS4yNi0uMTItLjI2LS4yN1oiLz4KICAgICAgPHBhdGggY2xhc3M9ImNscy0zIiBkPSJNNTMuOTEsOC43NWMwLS4xNC4xMi0uMjYuMjYtLjI2cy4yNy4xMi4yNy4yNi0uMTIuMjctLjI3LjI3LS4yNi0uMTItLjI2LS4yN1oiLz4KICAgICAgPGxpbmUgY2xhc3M9ImNscy0xIiB4MT0iMzYuNDMiIHkxPSIxNi45OCIgeDI9IjM2LjQzIiB5Mj0iMTQuMjQiLz4KICAgICAgPGxpbmUgY2xhc3M9ImNscy0xIiB4MT0iMjguMDUiIHkxPSIxNi45OCIgeDI9IjI4LjA1IiB5Mj0iMTQuMjQiLz4KICAgICAgPGxpbmUgY2xhc3M9ImNscy0xIiB4MT0iMTkuNTkiIHkxPSIxNi45OCIgeDI9IjE5LjU5IiB5Mj0iMTQuMjQiLz4KICAgICAgPGxpbmUgY2xhc3M9ImNscy0xIiB4MT0iNDEuNTciIHkxPSIyLjc0IiB4Mj0iNDEuNTciLz4KICAgICAgPGxpbmUgY2xhc3M9ImNscy0xIiB4MT0iMzMuMjgiIHkxPSIyLjc0IiB4Mj0iMzMuMjgiLz4KICAgICAgPGxpbmUgY2xhc3M9ImNscy0xIiB4MT0iMjQuOTkiIHkxPSIyLjc0IiB4Mj0iMjQuOTkiLz4KICAgICAgPGxpbmUgY2xhc3M9ImNscy0xIiB4MT0iMTYuMDgiIHkxPSIyLjc0IiB4Mj0iMTYuMDgiLz4KICAgICAgPGxpbmUgY2xhc3M9ImNscy0xIiB4MT0iNDQuNjMiIHkxPSIxNi45OCIgeDI9IjQ0LjYzIiB5Mj0iMTQuMjQiLz4KICAgICAgPGxpbmUgY2xhc3M9ImNscy0xIiB4MT0iNDkuNDkiIHkxPSIyLjc0IiB4Mj0iNDkuNDkiLz4KICAgICAgPGxpbmUgY2xhc3M9ImNscy00IiB4MT0iNDAuODgiIHkxPSIxNi45OCIgeDI9IjQwLjg4IiB5Mj0iMTQuMjQiLz4KICAgICAgPGxpbmUgY2xhc3M9ImNscy00IiB4MT0iMzIuMzMiIHkxPSIxNi45OCIgeDI9IjMyLjMzIiB5Mj0iMTQuMjQiLz4KICAgICAgPGxpbmUgY2xhc3M9ImNscy00IiB4MT0iMjMuNzkiIHkxPSIxNi45OCIgeDI9IjIzLjc5IiB5Mj0iMTQuMjQiLz4KICAgICAgPGxpbmUgY2xhc3M9ImNscy00IiB4MT0iMjAuNTkiIHkxPSIyLjc0IiB4Mj0iMjAuNTkiLz4KICAgICAgPGxpbmUgY2xhc3M9ImNscy00IiB4MT0iMjkuMTMiIHkxPSIyLjc0IiB4Mj0iMjkuMTMiLz4KICAgICAgPGxpbmUgY2xhc3M9ImNscy00IiB4MT0iMzcuMTYiIHkxPSIyLjc0IiB4Mj0iMzcuMTYiLz4KICAgICAgPGxpbmUgY2xhc3M9ImNscy00IiB4MT0iNDUuNzEiIHkxPSIyLjc0IiB4Mj0iNDUuNzEiLz4KICAgIDwvZz4KICA8L2c+Cjwvc3ZnPg==\" alt=\"S\u0131cakl\u0131k\" width=\"100\" title=\"\"><\/div>\n<div class=\"temp-values\">\n<div>-40\u00b0C \/ +70\u00b0C<\/div>\n<div>-40\u00b0F \/ +158\u00b0F<\/div>\n<\/div>\n<\/div>\n<div class=\"marking-section\">\n<div class=\"detail-row\">\n<div class=\"detail-label\">\u041c\u0430\u0440\u043a\u0438\u0440\u043e\u0432\u043a\u0430<\/div>\n<div class=\"detail-value\">: \u0422\u0440\u0430\u043d\u0441\u0444\u0435\u0440\u043d\u0430\u044f \u043b\u0435\u043d\u0442\u0430 \u0438\u043b\u0438 \u0442\u0438\u0441\u043d\u0435\u043d\u0438\u0435<\/div>\n<\/div>\n<p><img decoding=\"async\" class=\"marking-image\" src=\"data:image\/png;base64,iVBORw0KGgoAAAANSUhEUgAABf0AAAAoCAYAAABEkVAiAAAACXBIWXMAACE3AAAhNwEzWJ96AAAgAElEQVR4nO2df2wb55nnv5H1Y2UxXIaKTrIjMEzMLC5sYNPZq+IrhEp2s4HTzVly1wiSIjlR1wN2t4fWElC0u4cCkv65boA9SLoCm\/vjepIuxbboZmvZ6A+j17WoQOi62m1MGy4LNHTNEopN1THDMLR5omT1\/iCf0cvhzHBmOCSH0vMBglgczvCdmfd9Z97nx\/d5CHO\/HgTDMAzDMAzDMAzDMAzDMAzDMI1OrBnAUr1bwTAMwzAMwzAMwzAMwzAMwzBMxUw11bsFDMMwDMMwDMMwDMMwDMMwDMNYAxv9GYZhGIZhGIZhGIZhGIZhGGaX0FzvBjDGGexpr3cTGGZPksptI5zcqHczGIZhGIZhGIZhGIZhGEYV00b\/gLsN031dtjNAT4WTmAzfBQD8PviU9HkokcXxi2v1apZlDHscOHfiQL2bwTB7kplICuHVO\/VuBsMwDMMwDMMwDMMwDMOoYtroPxFw287gvxeY7nu03k1gmD1JKreNqYJDkWEYhmEYhmHqyWSg09R+89E05vq7sRBNY8TnxPjqHUz3de2KADmGYRiGYXYwbfR3te6zsh2MDiYDnfA6WurdDIbZk0yF7yKV2653MxiGYRiGYRgGEwE3wskNQ++ngz3tCCXuY7CnHcuJLAZ72uFqbeJgPoZhGIbZhVim6W8XretYZrPeTagKrtYmnPW76t0MpgGJZTaxEP0YQH5xwBgnltnETCRV72YwDMMwDGMxrtYmduqXga+RfRlfvYNQIqv7+6L8LcMwDFNfvI4WBH3OejdDF5MqqgeDPe0Y7Nlf49YYJ5bZxHw0XfJ5o7e\/HJYZ\/Z94+ya\/DFaR6b4uuFqb6t0MpgFZiH6MyfBdDHsc9W5KwzK6sl7vJjAMwzAMYzFeRwuWTj6G05du2yJ4yY4E3G1YOtnLaz2GYRiGsRivo7lhAjPVjf77G+IcQomsitG\/sdtfDksj\/SvB62iB11F5c2KZrV0X7R9wt9ne+ydGmATcbXvaQRHLbCKW2QJgj2uxGM8AAAYMpu3Ks3f2atpvKJE1FEHVyFB\/tUvmFsMwjQk9L4y+k4nPmb0y79qRvXQfJgJueB0tmAi4cfrS7Xo3p2qI6yyj4\/LciQNwtTZhzP+I6oKfYRiGYZjG4P21NTzW21vvZlREo59DLdtvmdG\/UoI+pyXelalwcte9kE73ddW7CYpQYVMl2RO6n\/IaBOXuj9fRgum+RxWj0o9fXNNcfAbcbZju61I0TtPvDva0Y+lk8eB6aP49APmaCVp9kL63dLJX8TdSuW2cvnSrpI1jfhcmAp26jP+hRFa1iFZebzPvhQy428oei9pExtthTwcAIJzcwPGLa5KjTinNdz6axvjqnSJnnqu1CXP93XsuY6ARovyV+rWI0v0UCbjbcO7EgaLxGstsYnRlvag\/lxsjImpjfbqvC2N+F+ajac1rW+6cwskNxZR22k9rLMnRe15Kc5CrtQkffv4QAODohXiJsyTgbsOVUx7MRFIYX71TckyaT7TmxiunPAi42zC6sq7o3Vebk7TOQU96v\/waav1OKreN2UhK1\/NX63ovxjOYjaRU53oz7aZ9aA4vh1Ifon4bTm7g6IW44n5iXzh96TYW45my\/ZiQ33+t84xlNjG++oHk0AWAm2e88DpaVPuZ19GCm2e8RW2TQ\/dX61lb7loGfc6SzMRQIovRlXVNI+NkoBNn\/a6i\/VK5bcxH04r1VMz0AyugsTi+ekfx3efDzx9CLLOp2Eeo35drl9Y4U7r3RhDHntJ9VnsW6ImCLzePLsYzGF\/9wFaBOWJKPckgAsCwx4G5\/m64Wpt0rSto\/Jmdo8vNTZX0CbV3Y7VnKN1H8bxnIylM93XhrN+FmciHHO3PMAzDMA3Kj1ev4dTP0ui6\/y\/4l\/\/4yYY0nP\/19\/4Jf3urDc\/lVrDy1Vfq3RzD1Lr9ezccu0EY9jhsGWGdym3j+MU1VZ3z+WgaRy\/EDaef0OLSTNoKGbPNLoYrWcjQ9VAylMxEUpYYHlK5bSzGM4auK12LfIRXC+aj6SKDv9o+oyvrJd\/JOzX2Vvr7TCRlKwOFWYI+J5ZO9io6nihtX+6gy0se6Dcm64WOV+lxqd16HWDVIpXblvqIUqF1+kytnfS52rhytTZJ3zGarVNLXK1NmAi4MRnorOg4wx4Hlk722i67bbkwt2tlb4n3OJS4X7W2eB0tOHfiQNEYmi08i9WuGzl9Y5lN08\/IcgR9TslQKjLY044rpzyq1226rwsTAXfJ9nxksUsytNsBGqePK4x1V2tT0XiVc8TdWnQMM9C9NzM+5vq7NY3yrtYmzWdBpVmL+bH9WN2zH0XoeoQSWWlcBH1OKbJdDwF3G7yOFukdrdZo9Qmt5zg9Q\/UEFtG7EEX7MwzDMAzTmPyf67ew5erG7YPPYG3N2uCYWrEQTWPL1Y1375e+jzcCtW6\/bSL9GWWm+x6tdxMUmY2kpIWr19GCYU8HXK37AOQN\/rHMpqZhWW1hTEbz8dU7GOxpVzWiyaWgxIj28dUPTEWjU6SqmYyT8dU7JdcDyF8LattUOGno2PJFmpiOPbqyrnp9RMhQRe1ZKLRHi6lwUvr3mN8FV+u+oqIhs5EU5vq7dZ9Ho0KZLI2EkiyP19EMr6MFAXebYmq+aNwIJbJYTmQx0NMu9b+5\/m488XYMQN5gqBRZT\/uKKDlLqB3iv8sZwMRC1MSQp0M6znRfl2XRvKI0lxJqYyeW2ZLOR270oXYqGV3ISAioGwLFuWzY48AoSrMj5PvS\/KrUH+TnoJU9pdamcHKj5DhkDJ8IuKVnQDnk11t8Lkz3dSGUyKoex0y7K0E04gfcbYq\/TwWglK5POcksI+epNDbno2kpwn7Y4yjph2f9LgAoGUtW4XW0FD0X5qNp\/DazhRHfw\/A6WuBqbcJ0X1dJdo\/X0YKxQtsosv+jwrXb2Xef6tirdT\/4rSDdJ0f8bLCnvaRt9Ly+qrNdSv2I7v10XxcW4xlDgQrlHAVBn1Oaj+j+Pe5olj4P+py6CtrTc4T4w9YmDHs6pOADO0nE0Pw6K5zXiEGHCo0tPfdD6Z4awWifEJ1p4n2h+2oEivYf8T1sm\/vHVMbxi2uIZbYQStzHkMexp4J6GIZh9ipfH\/Tjo59cx5PNG+jt\/STeWFzCa\/\/uqYaK+P\/vn\/birevvYajvUfxz+Dqu3bqLV\/uPwum0V9CYGrVuv2VGf6PRfeUqD9OCwyjVjK6rNZOBzrJG3XpB944ihcSIqImAGzORFM7HM6qLCtpP6bgUZb4YvycZA0TUpKBI1oAiGc0Y\/mciH5ZIDJRD7Mvy6zER6MTxi2sIJzcwGb5r6NhK10eUbpgKJ8sa35X0\/NWMk3Qu9NJPchYi89E0FuMZzGH3G\/2VJCXsDmW7yDl34gCGPY6SxfqwxyHNMXK5CoraJfmD+Wha+k+EZDb0GN7lhu\/BnnYdRv+tEgPDZPiuJEEw2NMu1SGoFCp6bZTlRBaDPe1SJK+IOPbkTg4yEorZAlr7k1Fcfs3kci4kKaPWH0TMOEyUJCFIxgjIOxn1GAeVrrcYLX7W71KUqjHb7kogo33A3YbBnv2KxuYBFQcYoD42y6G0z5jfhem+riLHGUUZD3scGPJ0FM3vFIkMwFQWnR7OCs8KUeZqMnwXc\/3dCPqcCPqcmAoni\/r6WcHgLy8SOhm+i+m+LnykMT5q3Q9CifuYgLLEHjl9AGXHULmsHjla44ycO0bv53w0Da+jRdEJOVR4Z1KSXgv6nBjyOHSN6+VEtmRcj6\/ekSLOhzwdtjAaD3sc0rND\/j4UTm4glMgqvoMqHQcAzsfvlf2u0j01gpE+QY4aQFlujwI49AY3kGNRr8OesT\/UlwZ72hH0OYucXwzDMMzu5BNPevCjv8iv2fx\/ex6\/etSPhe\/+ApGvNI7R\/9X+o3i1\/yjeX1uD9+0YtlwHEb5wGW++9kK9m6aLWrffshzbiYDb0H9z\/d2aKaUL0XTesGPwv91ScIwMHnYkH52ZX4ArpeQDeaOEHh1jOUGfU1oYnzeYJi0uzq4mc4Z\/G9iJ9jfCorDQk6eEU3TjzncrS\/0e87ukRVy5xb4YEUaL0iGPQ1MqQYy6lTtsKPqt0QzhZohlNnUZNxoFyt6gSEtiSKjzID\/f+WhaWtRbJStDx6FxMFRBfYiZyIfSv+st\/SFm+cgR2ybfrscIOCi7ZnatqRFObpguGi4iOpYoQ8ku0PuF2vnRvVqu8nvITCQlzcOi8Zai+MWIbWBn7tbKnKgUulczQhYgITpu5MZmGgOzwjnJ97WDgZigcxOzdAjR6SeX\/xHngUqMpZWMs9GVdc06KpRBKTde09\/yDEuj0LtVvedrQv48IhYK8pQf6XjX0XIc1Aq1PiFeZ6UxRPVJ9L7TiedoR9lRxjwjPidCiftF71UMwzAMw+wO6iqsaZcXfzsiL4RnJ0TDsBjZZhVk1NKS2VCDFiJmDBtkkDOq7S9qPSsZ\/QZ72qXaDFYYzMXUcy3jAS3URSPhmIFMA63v7Qadey0aoXivEcR+IhpuqL+qRSguFIyvVmUcUV8kJ0QlhgM7OZ9oPMifaSRrQsi3k2FQbRzTnCJKHNlZ15+crST1Zhar+51ViHO9nFrp+RM7xueda70Yz0h9UZz3dwqVVifKHxDnklLDp2gsVLunjZKlmcptS3OPvB+IfyvNBYA1kkM0zoyOj3KBAnS8VO5B0ef0d6XjUX5cORSpPhno1Hw25LNt2qW5ddjjwJjfZbh9dI\/kTjoj2RPkOK+XwZ\/Q6hNWBkPR79j5OcSY42oyZ6v3KoZhGKb6\/MPnjuJvXGv4h88dxRuLS3j1f1\/EL38Tr3ezdPNYby8ufMqJv3Gt4euDfvzlt3+Cv\/z2T5BOV2\/NYyW1ar\/psB2SM6gWZqLEAeUU1kYj4G6zXRFDNWKZzao5b8wYlslRYMZhMhFwS9JCRrT9aSGrdR3OnThguD1qiL+j9YJORpRqLM5Iw3w3Ekpkd03GUDnKRZrT51bM9aT5ThJSJJWipD9ulHovVOWSPfQ3Xd9YZhNeR0vJWKTtahrfYr0EGs9WyhnZFXH8KWmj1wu6B0oyS3SvKtXsrhSSxRvydGA+mi6KRK6WtI+eKParyRyGPerPI7U6CXYknNzAYE97UZtdrU1SMVdAPaOBJVGU5+ugz1kU7DIBN2KZTZy+dLvkmk33dWGwpx3HL65hpCAbRZ+fvnRb9\/NErR6NEYxI+wB5J92Y34Uj7jZcTW5IdZ+qiZXv6FryVkz9qNTRzjAMw+xNPvGkB5940oOfX76Mv0r15kPCQxF850lPvZummxf7DuNFAG8sLuF\/bj0BAAisXMGff3agvg3TSS3abzqUfDJ8F8cvrhn+jymPluyRHRAXs1PhpOULFjL2GzU0irJDZl6AvY4WqTaF0Wh\/2r8W6HFopHLb0kLWbhIZdme3RfkD6n2GPi8XgWkFZByhfklGErNOKTpeuQKptSKkEAVO\/6YofbXIYDUHJ8kfLSeyRWO6GhlWVkBRr7s1E0jsa\/Ln05HCvayF4drV2qSa1UYSKlSvoxaRyOL8YvS5SXOP0Vo69YQiw48ojHVyaIqf5b+bl\/4xU6tKzh82yHWSMyQ9A4qzOgZ72qU6HiJeR0uJZKLIRKCzJEBG77NMfF8zO1+ZkfYhaVNycpAWf6Uo9Qkai67WJl21CfSgJWXH1AcKoNCL6KBmGIZhGADo7e1Fd\/Immv5fpmEd+4cPdqI5tY7m1DoOHzRWb9YOVLP9FQl0NkpUViNBMjB2h6IvF+MZhC9sYNjTgSEL2q5HBkBtv\/HVD6S\/h0waus\/6XZLB30i0v92gRbVcw53RZiaS2pUGS9EwUq95m4z7ZDCjiMFyc4Zo4CSGPA7pnOxSeC7fb9qLxttOYdf7GEi0Y7CnXZLrEaV\/1O6JPBKVMuwGetrrLichZ8zvUpXL2E2EElkE3G1FBl9g516pZW1YhbxOjLzvxDKbCBX6SVCIgrbLOJFzPn5PclDcPPME5qNpnI9nbP1+Sc8IcayTI245sVMYUynrp1IZo7wETkfRb9mNxx3NRXO2q3Ufhjwdqn0xlMhKBYbztR0eIOBuk4rGqhUsHizMg7ORFIY8DkPZIiRzV8nzXu5Qo6L3gLKGPlDqgPc6WjDd11VRsIFanwgnN6RnzXRfF4Y8DixE0xXV9hCders946xRCCc3DBXHHvI4EMts8r1jGIaxKT9evYYv\/PQGvI5mXAwO4M1Lv8BUOIkR38N449QxnJxfRiyzhW89fwiHD7rxJ9\/9BVK5bfzjZ5+C0+nEn3z3F3C1NuH\/vvLHuHYriS\/89Abc21n87MsvFR3rzddewGt\/9za+\/7uHMBFw49f\/+RjeX1vD9h8cwsH\/dk46xmO9xhVY3lhcKvqdl2a+h0upffjW80\/i8MFOzTb+8NoNfOGnv8EJ1wP8YOxl6Vif+ze\/x7e\/eKboWH96+BA+9T9+gGRTO771\/CHEzngBAO\/E7uAzk\/8oHWOvtV9OZVW5qojZFPlGN9hN9z1a7yboYrqvC8cvriGV25aKns4IEYZn\/S5NY54Ytbrz2YOizIERFYkjKtqsBi22zZCPiHoEk+G7mIl8WFH0IemWizzuaK6JdBNFUTeCA8kupHLbmGpwaTAlA7nX0YKJQgZLvQzFYrtCktG\/uBaG2twdcLcpyr3l75e1cm5UaF6J4xfXNA1KZOxVKqRI0b80N+UNMc3SNiV2apvsZDCRo2TY01FUHLUSfh98SvHzUCKrmp2nJb9Xq4KWZtptBcuJLMZkzzfRuarlwFFrs1Y\/VtuHfktp3CxE0xjsaZf6shh9rgez8opmmI+mcbbgMKKI5DG\/S+pHU+Gk5ntdPfqBUrYHRfKL11l0DJnR9Fd6jzkraNfbzfFHiM4mkVhmE+OrHyiOEbnRO5TI4khB6nKgp13R6B9KZHH60m3p32YwUzsKyD\/T6BzFQsc05tTGcyq3XZCRfICzfheGCw7scv2cMNonxlc\/kOQlB3vai6K8ZyMpU5Jfqdy2JHFmZ+fcXmEhmkbwZK8uKTzqt9WSemMYhmEq55vvruH2wWdwG8CvIhFMhZPIeg9jIXoNwUgE\/+z8t4AT+Oa772Fi+z5+9agfAPBObA3AHWnfb\/\/rewCgeqw3AXz\/dw8V\/o7ga8NOOP1+vLG4VHSMr5kw+he1+fJl\/NB1FHABb11\/DwMfpDTb+Nb1\/L4\/BPDzy5exnMgi6z2M78eu4eeyYz3ZvIFf9n4SAHDh1zfxYt9hAMBbP7hWdIznjh3bU+2XY1uj\/\/jqnT33MjkZ6GyYqGwyxI2urJcsYhfjGSzGMwj6nJjr71bcP5zc0FyQi4sTI3gdLaq\/qRerov2VFn0UfVltaOyYzXjYi0yF7zZ85JOagZyoV7QvRcFS5CFBEcmDPe2Yjxpz2Lpam2wlc7Eje9Bc+H+LVMMglduWnAIBdxsW4xnpmqgZesh5sChoRdO4JiOz3Zzcqdw2Tl+61fDjSAt5FpVY10Z00FSbvN75LcVti\/EMpnM7+ujVLOBrBccvruHciYOy6PAmyXg8urJuKyNVcWH04j4gr+8B7DgHxCLAetCSegwlsg0nz+Fq3WcoiGI5kUXQ51R9L65npoPolNXjfKF7NRtJSd8PJzcw\/Pn8ccgZXA6jfWIxnsHoynpRvQT6vbn+bpz1u6QAHr2QA5uxB1SHSgzGUoP6T6MHuDAMw+xmvvRsL8I\/vY6Auw1P+\/sxkchiKnwNI76H8bTfjxfDKwgnN\/Cl5w+h96AbT6\/kI\/1f+vQfAwAWvn8FAPDa8\/ko9AOR6\/A6mvG0f0A61tmC7N+I72EsRK9hJOBGOp3G+2treOnwoaJjmGEi4JZ+57ljx\/Cnl\/PR7a8XIuW12vj61g2E37mOZ\/dv4rljL2MgsYRQ4fzpWO\/eb8Hrn\/biaf8h\/PvVfObDqecP4f21vH3x9WcOFB1jr7Vfjm2N\/nsNV2uTNPgahYC7DVdOeQqLnnu4mtzAYjwjvXDOR9MYMGHkHuxpx7kTB1W3540tO113R+c6v1+l+qhWRvvXA9Gwalftb7tB2Sq7lbz8Vf0cqQOyKH+C5Gqo6KgS4eRGSVS719GCs4WIYACWRb3njbbKkZ\/ljCJyrWO5ETAsywR4vDCHXU3mFI9HRhW5YYscJcOeDkv6rFqf0DIoipl4XkezdM5HL8RrZvQ2024roOw2r6NFMtSp9W\/5fmpt07pm4jEpGp6c5mp9kqLk6dlr1GCulWlZDWNfKreN4xfX4HW0SPJVpJcO5A1ValkNlfQDrXMpN1eSjrbX0YxU7oFUxJfamMptS8c3E+WvRT7CXdnhYwfmo+kSR1PA3YaJQCfm+rtVs4Eoelz8W4tKpZIqYUfaR18BX6VnFGW8UgZYJZkbWn1iPprGfCH7Z7BnP4Y8HdJ1pvti1TOUqQ+jK+tYOvkYbp55ArORFEKJ+9I8TrKClFF1+tLtXe2YZxiGaXRe7DuMW4WIbwD42vBxfG14Z\/uP\/uKzRd+PfKVX9vdOEd7Hens1j\/Xmay\/gTQDvr63hj\/7XZdzZ34W\/89xB5CtDFZ2D\/HfkEjVabXy1\/yhe7T+q+1g\/+\/J\/AJCXRfK+HQMAXHvBjVv\/9fSebb8cNvrbhIlAZ0MZlkW8jhbJ+DaHbsxH0xhfvSNFyisZ\/UXtUxFxMaJG0Ocsir6nKMBwcsOya2hFtL8Ycb1QWHTVAtEJ0qh9qtaI9SAamVhmUyoaS6RyD7AYv1fXqHA1DeodXX9155SSFBiQj2y7ecaLMb\/LsiyNhejHpuWCRGOwKDFG5yzX9t6Rgyk1XJFBWWm7qOtvhdHfjASK6EAi5y+QdwDUqp9VU8KnHKFEFkFfi1RbQc1BI1Iuu00NcZ8xv0vSOS\/HQjSNoM+JUKEItBG0HIRackOVEstsYj66ifloGqNYl86XNMuV+nsl\/UArK+qh+fc09yWjvzh3iWNVlPOi+2U0Mn0+mi4p\/BsuBFfYmd9mtkr6D\/XDuf5uTATcRedAdSpqkQVpBfn+mI\/Qr3UWTSV9giLCJ8N3pSLJgYKEkhGjP79X2o9YZhNHL8Qx5n8EQ54OTATckiTh0sleqdaLUnY2wzAMw6ytrWHd\/QQAIJRYx5\/XuT1muHbrLrZc+Xf7d2K38LS\/zg0ySDXbr2n0nwx01q2QqVlNWTVtXC09XT2U03OuBNFovhsI+pz4bWYLk+G7qi+XovZppYwU9ClTuW3MFwwdlaIU7W8UMYqwlmno5wuLv6HCopTRhgpS7wZihXFnJ0S984mAW3EsUYSnkcVoLLNZZHizwz0MJzek86Xob\/GcKKqTHAOAsqa0OHfIs57I4GKXLB7Siw+42zBSMDLvdkh2hO7TjoOmuuc+H00LRnDl4qa7iZlIqkjX3U7ZWCTXlS9au7\/w2U7WzrIQwT0gjXVjDjEqurpbWIxnMIduKWOFnFFj\/kcaxuAPFEv71NqAalWfyMuD3cbNM17Dz1+a7zha3F6kcttSzTP5end0ZX1XzSUMwzCMNfx49Rq++e4avvRsL\/7L1nX8ZqsNX3\/hmXo3yxBvLC4hnNxA0OfEK8kbAIBX+z9V51bppxbt50h\/G1CpBr0dGaiCBIAaZESLZTZVMwvMII\/2L0c5OQyr0DqWGBVdTc3V3RTptZfT2kVpAaUFIRnrK4neHhbqSmhl8Qx7HIbHCRkdKpVGsIqryRyGPcUSZOJ1pehfuiaiHIiIWItDbRxTcWQ7LORnIynM9XdLEaOVGoPESHazhTariZjlMCgYdKud5SA6ts\/6XbYx+ssliJTGMclZGb1GFNXsat1XQQuVmQonTe8rl\/MCSiP9gXwx33JFu\/cK4rwgPnPIESyXBQq42zQ17K2gXGapEjQ\/y7XtxWPZZW7WQhyLZt7p9np\/ZhiGYZhG589+9B6y3sOIvRNB5CvWycnUip9fvoy\/SvUCTYArfhPf+U8n690kQ9Sq\/XUz+us1pO52zBasZYo563dhfPVOUdRppcij\/dXIL\/q1i+rJpT0qQW5gKd62U2TSit9So5rHriUkC7VXSeUeAMgbppQY0IhG14teB+CQp8NwloLdnE\/Ul4Y8HfA6Wkr61lVpu6Po+3L0RvEPeRy2MCxRBC+Qz\/SqNCJbfCbarVgxsGPg9zpaMBHoBFD9KH\/ifPwegj4nAu42w9kx1SSV29aMGKZ7KpcmqSeVZEXROQ72tCOcbCr6TPy3KO9jl3ulBt1Dre2VoHZs+nx0Zb2i4xuBxquZZwg5oIY9DinqX87SyV5JIoreJYHK+pwd2C3vfgzDMAzDAE82b+CXhf83Ir29vWgLXcemqxvenvLyp3ajVu3XNPqTBqDVhJMbmI2kihbzVv2WeEwr216tNNZGjPKnontz\/d2qCwBy6OjRHrYCUZOUok6tgKIptQxPAz3t0ndmIqkSqaYZoa9XmgGRym1jqrBopBR5kfOFonJmHUni8RbjmaIFrd0NFkah4rZ7meVEFsMeB4I+J2YjqaJ77HW0SPf\/fAVR9GTAPn3ptmI0PmnCyyUfykFGT8A+fVPu3JO3SzQUKm2nfWkcPvL3NxSvB2md28VhLI9Ar8To72ptkqTf7JC9oQbp+uvR87eSxXhGcjic9btqaijVIpS4j2GPQ9JrF\/vtsMchvQvI7+lkoLOg5a+ctTDiexhAbSXy9KBU0Fk8Z\/pba6zbDYpclzsTyzkp9SJmYdrhepCTo9pR+anctjSnhRL3ixwO1XyGuVqbcO7EQZy+dEvxOSLeD73nv1OLxl7jkWEYhmEYfXxn5Qreun4bR9xt+NmXX8KvIhE8d+zl8jvaiL\/+3j\/hanIDrz9zADdeewbpdBpP+4\/Xu1m6qXX7NY3+8zUsPlqN36pnoT89jPldNTOKW8lUQav\/+MU1BH1OjBSiDoH8wmUqnJQW9qK0RzVxtTYhWND2F3WPrTjuRMCtaVgZ9jgw3npHMiJ\/lNvGkKcDrtamosKgohFVD\/JFVSIK6zQAAAfnSURBVP7a7hQsVdJGp32GTF530fA6FU5KBo1QIlvkbNgNzEZSe16TlsYKkI9MHF1ZRyr3AK7WfZjue1QaQ4sFZ5JRxGLSSgVrgXy\/3jG+lGrzk1FGJB9hvVMTROnYSvuJxDJbJc68vD63+j7UVvVjFh\/vqorRX207sKMXrfVboryMEUeJElrnm8pt6zZGUQQ61SvQYxSSX2+6r\/RclBelrrTdVp0rsKPrT5Q7XzP9UY3F+D2M+V1Fz556sxD9WDLuL53slRyqAXeblA0h10AXx\/FAT3uRXnl+P7dgZFSeP6y8p0aJZbY0o\/hF+Rel7V5HC4I+p6bTQy\/5rNH9RUZlo1B7gz4nzsczkvwb9XO911JpHh3s2S+9s6jNbfJ5o9p1S8Riy0au2fjqHcX3S1GOSL7+oCCK6b4unL50G6ncg6L31Gr0U3IMXznlwVQ4iVAii1hmU6oJQm01cu5m61MwDMMwDGMP3rp+Gz\/+g6cQilzDN1524rljx+rdJMPMRlLIeg8D19\/Dq\/1H8Vi9G2SQWrefNf3rRN6Y3FnvZpiCFmup3DZmIinVqM5anyMV9AXyA8mqQsFBnxNT4aTqIsfV2oS5\/m6cvnQbAKRCWnKm+x419LtaTiuKzhYJJzekNlayWCZJo3ByA0cvxEu2mylqbDdimc2GT7O3AnLuTATchajAAyXfmZFlZRmBIkRDiaymYZKihIc8HSVG\/4C7TbOw+4yK86bcfkpF34M+p2ZNED0F3clQBigbcsTtWnr+5zUcLaKjpNKCrlrXKJTI6naeixHoegv6al3vxXhGM9LfTLutOlf6PqFHz99Mf1RjtpBRZqeCvouCkVjtXMdXPyj6mxxW5LRX6wuhRFa1P1l5T42yLIxlsYiv0nYlWSOvoxkTATdCiawFRv\/9+XeesPkobLFfKV3XBZ1tLDePymspkEF86WSvYhR8taD7Y7RItB4DvfwezEZSGPY4EHC34eYZb9E2mjurhdfRopn9OmXgXajWmU2MNVSjJgrDMAzTmBxxt+HSb27g2f2N68B\/dv8m\/jVxA0eebMxg1Fq3316CyHuIiUCn7fSo9TLX3102kp6i\/Wp5jlTQF4DlRpByDoRhj0NzUTXX320oyl+LMb9L0TgrFvCt5Lqf9btUF9vlFvONgtz4tJeZDN9VHS\/z0XRFEkh6DQTLQt81QqXtqwaiQUjJ+Ka1XTR0qUU27+yb317LounloIyQYY+jojloJpKyjWyNGqKhv9ZSJWLE\/IiN5uPTl26pXovRlfUSJw5lDGpdv1Aii9OXblnaTqsoHsul47XcdrsRy2yqzqdT4aQl\/VypH0yFk5Ljlupc1aJexU5GamXzlR7UHDuxzGbV5rrRlXXNYtWp3DZGV9Z1O4lEST07S6\/tdeRBB6FEdtdk6DIMwzCV842XP4PfffFTWPnqK\/VuimlWvvoKfvfFT+EbL3+m3k0xRa3brxnpv3Sy1zaawfXGSBReObyOlhLd90ZjzO9C0OfEYjyDq4XiuUB+UXDE3aZqGB7oacdkoBOPO4wnmYz4nBjs2a9p5Jrr75YMiBR1Wu53JwvZCF6NNgV9TilST+17QZ8Tgz3tWIh+LC3wB3v2Y8T3sG4ZJ6+jWWqPHEqZVzsW6a4P6XAu0PVQwtXahCunPJiPprFcSAen6N3dMB+EEtldt2CNZbY0s1HKMbqyjoVoGiMFeZZYZrNIakMLLaPC+fg9nI\/fK+uEW4zfK4lEo3NS3yejaBQqtx8hGuFCiftAuOwuugoan49n8FFB71trOxVRFnG17pPaXu7az0ZSuJrMKf6Onv6g5xrJ91+Q5gTl6zAbSeGjgvHO1bpPQ55I+Xqncg+wGL9nebuN7qN3PJEEmpZB10x\/pGNrMb56RzOjy8ycUO7+lmtXKreNoxfiCPqcBYm7fYo1nEQoo2zY48BAwdhLny9rzNVm+oHVkJwhoO7go+1ac5XRcaYEjSk9zgWt488UaruYeRZozaNaY5v6QNDnxEBPO1K5Bzgfv1eom+G05PooQdmR+XfyR0re8Y1cU6D8WB9dWcdyIiuNjfPxDOajaV3yXGbPmZz6w54ODPS0F+blB4WxpXw\/1M6bsjzlNTsYezHkcRTVGIllNjHk6eDsVoZhGEbC6bRP0JBZGv0catn+hzD369+rbWSj\/w5WGv35ujJWk8pt45G\/vwEAUlFURpmjF+K2KCLIMAzDMEz9oKLoqdw2nnj7JhuzVfA6WnDllAeu1iaMrqzbQlKMKcXV2oSbZ57AbCQlrVkHe9qxdLIXpy\/dVnWiLp3sxXIiy44BhmEYhtl9TLGmf42h1GWGsRKKyKLCu4wy89E0G\/wZhmEYhsF8NC3JbSpF+zN5qO6PFUWnGWsJFrJyAGDE9zBimU3MRD6UtpO01Fx\/Nwai7VI2Hvd1hmEYhtkbaBr92Ti2g1Vp4lq67wxjFir6yQ4ldVK5bdvpvzMMwzAMUx9SuW3MRlKYCLhNyU7uFciozPWQ7MeRoloL9zAVvluSsTK6so6r\/g1d8p8MwzAMw+wuNOV9GIZhGIZhGIZhditz\/d22Lx5eT1ytTZgIdHLgBMMwDMMwTGMxxUZ\/hmEYhmEYhmEYhmEYhmEYhtkdTDXVuwUMwzAMwzAMwzAMwzAMwzAMw1gDG\/0ZhmEYhmEYhmEYhmEYhmEYZpfARn+GYRiGYRiGYRiGYRiGYRiG2SX8f5ANmHuv4dRPAAAAAElFTkSuQmCC\" alt=\"Markalama G\u00f6rseli\" title=\"\"><\/p>\n<\/div>\n<div>\n<table style=\"width: 100%;\" cellspacing=\"0\" cellpadding=\"0\">\n<tbody>\n<tr>\n<td style=\"width: 120px; font-weight: bold;\">\u041d\u043e\u0440\u043c<\/td>\n<td style=\"width: 400px; text-align: left;\">\u0421\u041e\u041e\u0422\u0412\u0415\u0422\u0421\u0422\u0412\u0423\u0415\u0422 \u0422\u0420\u0415\u0411\u041e\u0412\u0410\u041d\u0418\u042f\u041c FDA \u0418 \u0415\u0412\u0420\u041e\u041f\u042b<br \/>\n\u0418\u0421\u041e 1307<\/td>\n<td style=\"width: 120px; font-weight: bold;\">\u0426\u0432\u0435\u0442<\/td>\n<td style=\"width: 400px;\">\n<div class=\"color-icons\"><img decoding=\"async\" src=\"data:image\/svg+xml;base64,PHN2ZyB2aWV3Qm94PSIwIDAgMTAwIDEwMCIgeG1sbnM9Imh0dHA6Ly93d3cudzMub3JnLzIwMDAvc3ZnIj4KICA8Y2lyY2xlIGN4PSI1MCIgY3k9IjUwIiByPSI0OSIgZmlsbD0iI0U4M0YzRiIgc3Ryb2tlPSJibGFjayIgc3Ryb2tlLXdpZHRoPSIwLjUiLz4KICA8Y2lyY2xlIGN4PSI1MCIgY3k9IjUwIiByPSIzOCIgZmlsbD0id2hpdGUiIHN0cm9rZT0iYmxhY2siIHN0cm9rZS13aWR0aD0iMC41Ii8+CiAgPGNpcmNsZSBjeD0iNTAiIGN5PSI1MCIgcj0iMzMiIGZpbGw9IiNGRkZGRkYiIHN0cm9rZT0iYmxhY2siIHN0cm9rZS13aWR0aD0iMC41Ii8+CiAgPGNpcmNsZSBjeD0iNTAiIGN5PSI1MCIgcj0iMjIiIGZpbGw9IndoaXRlIiBzdHJva2U9ImJsYWNrIiBzdHJva2Utd2lkdGg9IjAuNSIvPgo8L3N2Zz4=\" alt=\"\" title=\"\"><br \/>\n<img decoding=\"async\" src=\"data:image\/svg+xml;base64,PHN2ZyB2aWV3Qm94PSIwIDAgMTAwIDEwMCIgeG1sbnM9Imh0dHA6Ly93d3cudzMub3JnLzIwMDAvc3ZnIj4KICA8Y2lyY2xlIGN4PSI1MCIgY3k9IjUwIiByPSI0OSIgZmlsbD0iIzQ2QTZEOCIgc3Ryb2tlPSJibGFjayIgc3Ryb2tlLXdpZHRoPSIwLjUiLz4KICA8Y2lyY2xlIGN4PSI1MCIgY3k9IjUwIiByPSIzOCIgZmlsbD0id2hpdGUiIHN0cm9rZT0iYmxhY2siIHN0cm9rZS13aWR0aD0iMC41Ii8+CiAgPGNpcmNsZSBjeD0iNTAiIGN5PSI1MCIgcj0iMzMiIGZpbGw9IiNGRkZGRkYiIHN0cm9rZT0iYmxhY2siIHN0cm9rZS13aWR0aD0iMC41Ii8+CiAgPGNpcmNsZSBjeD0iNTAiIGN5PSI1MCIgcj0iMjIiIGZpbGw9IndoaXRlIiBzdHJva2U9ImJsYWNrIiBzdHJva2Utd2lkdGg9IjAuNSIvPgo8L3N2Zz4=\" alt=\"\" title=\"\"><br \/>\n<img decoding=\"async\" src=\"data:image\/svg+xml;base64,PHN2ZyB2aWV3Qm94PSIwIDAgMTAwIDEwMCIgeG1sbnM9Imh0dHA6Ly93d3cudzMub3JnLzIwMDAvc3ZnIj4KICA8Y2lyY2xlIGN4PSI1MCIgY3k9IjUwIiByPSI0OSIgZmlsbD0iIzAwMDAwMCIgc3Ryb2tlPSJibGFjayIgc3Ryb2tlLXdpZHRoPSIwLjUiLz4KICA8Y2lyY2xlIGN4PSI1MCIgY3k9IjUwIiByPSIzOCIgZmlsbD0id2hpdGUiIHN0cm9rZT0iYmxhY2siIHN0cm9rZS13aWR0aD0iMC41Ii8+CiAgPGNpcmNsZSBjeD0iNTAiIGN5PSI1MCIgcj0iMzMiIGZpbGw9IiNGRkZGRkYiIHN0cm9rZT0iYmxhY2siIHN0cm9rZS13aWR0aD0iMC41Ii8+CiAgPGNpcmNsZSBjeD0iNTAiIGN5PSI1MCIgcj0iMjIiIGZpbGw9IndoaXRlIiBzdHJva2U9ImJsYWNrIiBzdHJva2Utd2lkdGg9IjAuNSIvPgo8L3N2Zz4=\" alt=\"\" title=\"\"><\/div>\n<\/td>\n<\/tr>\n<\/tbody>\n<\/table>\n<\/div>\n<\/div>\n<\/div>","protected":false},"excerpt":{"rendered":"<p>&nbsp; \u00dcr\u00fcn Ad\u0131: SPRING D\/10 \u00dcr\u00fcn Kodu: FDPW811 \u0130\u00e7me Suyu Da\u011f\u0131t\u0131m\u0131 Kullanim Alan\u0131 : \u0130\u00e7me Suyunun Bo\u015falt\u0131lmas\u0131 \u0130\u00e7in Alt Katman : Beyaz, Toksik Olmayan, G\u0131da Kalitesinde, Tat ve Koku \u0130\u00e7ermeyen, \u00d6zel Sentetik Kau\u00e7uk. Takviye Katman\u0131 : Y\u00fcksek Mukavemetli Sentetik Tekstil. \u00dcst Katman : Hava, Oksijen ve A\u015f\u0131nmaya Dayan\u0131kl\u0131 \u00d6zel Sentetik Kau\u00e7uk. Sterilizasyon: Buharla maksimum 120\u00b0C&#8217;de [&#8230;]\n","protected":false},"featured_media":22309,"comment_status":"open","ping_status":"closed","template":"","meta":{"jetpack_post_was_ever_published":false},"product_brand":[],"product_cat":[2361],"product_tag":[],"class_list":{"0":"post-21455","1":"product","2":"type-product","3":"status-publish","4":"has-post-thumbnail","6":"product_cat-sel_gida_hortumlari","8":"first","9":"instock","10":"taxable","11":"shipping-taxable","12":"product-type-simple"},"jetpack-related-posts":[],"jetpack_sharing_enabled":true,"jetpack_likes_enabled":true,"_links":{"self":[{"href":"https:\/\/tuzlahortum.com.tr\/ru\/wp-json\/wp\/v2\/product\/21455","targetHints":{"allow":["GET"]}}],"collection":[{"href":"https:\/\/tuzlahortum.com.tr\/ru\/wp-json\/wp\/v2\/product"}],"about":[{"href":"https:\/\/tuzlahortum.com.tr\/ru\/wp-json\/wp\/v2\/types\/product"}],"replies":[{"embeddable":true,"href":"https:\/\/tuzlahortum.com.tr\/ru\/wp-json\/wp\/v2\/comments?post=21455"}],"wp:featuredmedia":[{"embeddable":true,"href":"https:\/\/tuzlahortum.com.tr\/ru\/wp-json\/wp\/v2\/media\/22309"}],"wp:attachment":[{"href":"https:\/\/tuzlahortum.com.tr\/ru\/wp-json\/wp\/v2\/media?parent=21455"}],"wp:term":[{"taxonomy":"product_brand","embeddable":true,"href":"https:\/\/tuzlahortum.com.tr\/ru\/wp-json\/wp\/v2\/product_brand?post=21455"},{"taxonomy":"product_cat","embeddable":true,"href":"https:\/\/tuzlahortum.com.tr\/ru\/wp-json\/wp\/v2\/product_cat?post=21455"},{"taxonomy":"product_tag","embeddable":true,"href":"https:\/\/tuzlahortum.com.tr\/ru\/wp-json\/wp\/v2\/product_tag?post=21455"}],"curies":[{"name":"wp","href":"https:\/\/api.w.org\/{rel}","templated":true}]}}