{"id":21401,"date":"2025-08-11T10:56:25","date_gmt":"2025-08-11T07:56:25","guid":{"rendered":"https:\/\/tuzlahortum.com.tr\/urun\/silobas\/"},"modified":"2025-08-20T15:50:46","modified_gmt":"2025-08-20T12:50:46","slug":"silobas","status":"publish","type":"product","link":"https:\/\/tuzlahortum.com.tr\/ru\/product\/silobas\/","title":{"rendered":"\u0421\u0418\u041b\u041e\u0411\u0410\u0421"},"content":{"rendered":"<p>&nbsp;<\/p>\n<div class=\"report-container\">\n<div class=\"report-header\">\n<div class=\"standard-text\">\u041d\u0430\u0437\u0432\u0430\u043d\u0438\u0435 \u043f\u0440\u043e\u0434\u0443\u043a\u0442\u0430: SILOBAS<\/div>\n<div class=\"standard-text\">\u041a\u043e\u0434 \u0442\u043e\u0432\u0430\u0440\u0430: ABSF720<\/div>\n<\/div>\n<div class=\"product-image-container\">\n<div class=\"key-feature\">\u0426\u0435\u043c\u0435\u043d\u0442 \u043f\u043b\u043e\u0441\u043a\u0438\u0439<\/div>\n<\/div>\n<div class=\"horizontal-line\"><\/div>\n<div class=\"product-details\">\n<div class=\"detail-row\">\n<div class=\"detail-label\">\u041e\u0431\u043b\u0430\u0441\u0442\u044c \u0438\u0441\u043f\u043e\u043b\u044c\u0437\u043e\u0432\u0430\u043d\u0438\u044f<\/div>\n<div class=\"detail-value\">: \u0418\u0441\u043f\u043e\u043b\u044c\u0437\u0443\u0435\u0442\u0441\u044f \u0434\u043b\u044f \u0440\u0430\u0437\u0433\u0440\u0443\u0437\u043a\u0438 \u0441\u0443\u0445\u043e\u0433\u043e \u0446\u0435\u043c\u0435\u043d\u0442\u0430 \u0438 \u0430\u0431\u0440\u0430\u0437\u0438\u0432\u043d\u044b\u0445 \u043f\u043e\u0440\u043e\u0448\u043a\u043e\u0432 \u0432 \u0433\u0440\u0443\u0437\u043e\u0432\u0438\u043a\u0438 \u0438 \u0431\u0443\u043d\u043a\u0435\u0440\u044b.<\/div>\n<\/div>\n<div class=\"detail-row\">\n<div class=\"detail-label\">\u041d\u0438\u0436\u043d\u0438\u0439 \u0441\u043b\u043e\u0439<\/div>\n<div class=\"detail-value\">: \u0423\u0441\u0442\u043e\u0439\u0447\u0438\u0432\u044b\u0439 \u043a \u0438\u0441\u0442\u0438\u0440\u0430\u043d\u0438\u044e, \u0430\u043d\u0442\u0438\u0441\u0442\u0430\u0442\u0438\u0447\u0435\u0441\u043a\u0438\u0439 \u043d\u0430\u0442\u0443\u0440\u0430\u043b\u044c\u043d\u044b\u0439 \u043a\u0430\u0443\u0447\u0443\u043a.<\/div>\n<\/div>\n<div class=\"detail-row\">\n<div class=\"detail-label\">\u0423\u0441\u0438\u043b\u0438\u0432\u0430\u044e\u0449\u0438\u0439 \u0441\u043b\u043e\u0439<\/div>\n<div class=\"detail-value\">: \u0412\u044b\u0441\u043e\u043a\u043e\u043f\u0440\u043e\u0447\u043d\u044b\u0439 \u0441\u0438\u043d\u0442\u0435\u0442\u0438\u0447\u0435\u0441\u043a\u0438\u0439 \u0442\u0435\u043a\u0441\u0442\u0438\u043b\u044c.<\/div>\n<\/div>\n<div class=\"detail-row\">\n<div class=\"detail-label\">\u0412\u0435\u0440\u0445\u043d\u0438\u0439 \u0441\u043b\u043e\u0439<\/div>\n<div class=\"detail-value\">: \u0421\u0438\u043d\u0442\u0435\u0442\u0438\u0447\u0435\u0441\u043a\u0438\u0439 \u043a\u0430\u0443\u0447\u0443\u043a, \u0443\u0441\u0442\u043e\u0439\u0447\u0438\u0432\u044b\u0439 \u043a \u0438\u0441\u0442\u0438\u0440\u0430\u043d\u0438\u044e, \u0432\u043e\u0437\u0434\u0435\u0439\u0441\u0442\u0432\u0438\u044e \u043a\u0438\u0441\u043b\u043e\u0440\u043e\u0434\u0430 \u0438 \u043f\u043e\u0433\u043e\u0434\u043d\u044b\u0445 \u0443\u0441\u043b\u043e\u0432\u0438\u0439.<\/div>\n<\/div>\n<\/div>\n<div class=\"datasheet_table\"><img decoding=\"async\" class=\"alignnone size-full\" src=\"https:\/\/tuzlahortum.com.tr\/wp-content\/uploads\/2025\/08\/datasheet235.svg\" alt=\"\" title=\"\"><\/div>\n<div class=\"table-notes\">\u0412\u0435\u043b\u0438\u0447\u0438\u043d\u0430 \u043f\u043e\u0442\u0435\u0440\u0438 \u043f\u0440\u0438 \u0438\u0437\u043d\u043e\u0441\u0435: \u2264 60 \u043c\u043c\u00b3 \u0432 \u0441\u043e\u043e\u0442\u0432\u0435\u0442\u0441\u0442\u0432\u0438\u0438 \u0441\u043e \u0441\u0442\u0430\u043d\u0434\u0430\u0440\u0442\u043e\u043c DIN 53516<\/div>\n<div class=\"horizontal-line\"><\/div>\n<div class=\"footer\">\n<div class=\"standards-section\">\n<div class=\"standard-item\" style=\"margin-top: 9px;\"><\/div>\n<div class=\"standard-info\"><\/div>\n<\/div>\n<div class=\"temperature-section\">\n<div class=\"temp-icon\"><img decoding=\"async\" src=\"data:image\/svg+xml;base64,PD94bWwgdmVyc2lvbj0iMS4wIiBlbmNvZGluZz0iVVRGLTgiPz4KPHN2ZyBpZD0ia2F0bWFuXzIiIGRhdGEtbmFtZT0ia2F0bWFuIDIiIHhtbG5zPSJodHRwOi8vd3d3LnczLm9yZy8yMDAwL3N2ZyIgdmlld0JveD0iMCAwIDcyLjI3IDE2Ljk4Ij4KICA8ZGVmcz4KICAgIDxzdHlsZT4KICAgICAgLmNscy0xIHsKICAgICAgICBzdHJva2Utd2lkdGg6IC41OXB4OwogICAgICB9CgogICAgICAuY2xzLTEsIC5jbHMtMiwgLmNscy0zLCAuY2xzLTQgewogICAgICAgIGZpbGw6IG5vbmU7CiAgICAgICAgc3Ryb2tlLW1pdGVybGltaXQ6IDMuODY7CiAgICAgIH0KCiAgICAgIC5jbHMtMSwgLmNscy0zLCAuY2xzLTQgewogICAgICAgIHN0cm9rZTogI2E3YTlhYjsKICAgICAgfQoKICAgICAgLmNscy01IHsKICAgICAgICBmaWxsOiAjYTdhOWFiOwogICAgICB9CgogICAgICAuY2xzLTIgewogICAgICAgIHN0cm9rZTogI2ZmZjsKICAgICAgfQoKICAgICAgLmNscy0zIHsKICAgICAgICBzdHJva2Utd2lkdGg6IDIuMDZweDsKICAgICAgfQoKICAgICAgLmNscy00IHsKICAgICAgICBzdHJva2Utd2lkdGg6IC4ycHg7CiAgICAgIH0KICAgIDwvc3R5bGU+CiAgPC9kZWZzPgogIDxnIGlkPSJrYXRtYW5fMSIgZGF0YS1uYW1lPSJrYXRtYW4gMSI+CiAgICA8Zz4KICAgICAgPHBhdGggY2xhc3M9ImNscy0zIiBkPSJNMTEuMzQsMTEuNTdjLS45NCwxLjcxLTIuNzEsMi42Ni00LjgsMi42Ni0zLjA1LDAtNS41MS0yLjQ3LTUuNTEtNS41MlMzLjUsMy4xOSw2LjU1LDMuMTljMS45NCwwLDMuNjUsMSw0LjYzLDIuNTIiLz4KICAgICAgPGNpcmNsZSBjbGFzcz0iY2xzLTUiIGN4PSI2LjU1IiBjeT0iOC42NiIgcj0iMi40Ii8+CiAgICAgIDxjaXJjbGUgY2xhc3M9ImNscy0yIiBjeD0iNi41NSIgY3k9IjguNjYiIHI9IjIuNCIvPgogICAgICA8bGluZSBjbGFzcz0iY2xzLTMiIHgxPSI2OC4zNCIgeTE9IjExLjc2IiB4Mj0iOS45MiIgeTI9IjExLjc2Ii8+CiAgICAgIDxsaW5lIGNsYXNzPSJjbHMtMyIgeDE9IjY4Ljc4IiB5MT0iNS41MSIgeDI9IjkuNzMiIHkyPSI1LjUxIi8+CiAgICAgIDxsaW5lIGNsYXNzPSJjbHMtMyIgeDE9IjU0LjA3IiB5MT0iOC43NSIgeDI9IjguNjQiIHkyPSI4Ljc1Ii8+CiAgICAgIDxwYXRoIGNsYXNzPSJjbHMtMyIgZD0iTTY4LjE1LDUuNTVjMS43MSwwLDMuMDksMS4zOSwzLjA5LDMuMDlzLTEuOTIsMy4wNi0zLjYyLDMuMDYiLz4KICAgICAgPHBhdGggY2xhc3M9ImNscy01IiBkPSJNNTMuOTEsOC43NWMwLS4xNC4xMi0uMjYuMjYtLjI2cy4yNy4xMi4yNy4yNi0uMTIuMjctLjI3LjI3LS4yNi0uMTItLjI2LS4yN1oiLz4KICAgICAgPHBhdGggY2xhc3M9ImNscy0zIiBkPSJNNTMuOTEsOC43NWMwLS4xNC4xMi0uMjYuMjYtLjI2cy4yNy4xMi4yNy4yNi0uMTIuMjctLjI3LjI3LS4yNi0uMTItLjI2LS4yN1oiLz4KICAgICAgPGxpbmUgY2xhc3M9ImNscy0xIiB4MT0iMzYuNDMiIHkxPSIxNi45OCIgeDI9IjM2LjQzIiB5Mj0iMTQuMjQiLz4KICAgICAgPGxpbmUgY2xhc3M9ImNscy0xIiB4MT0iMjguMDUiIHkxPSIxNi45OCIgeDI9IjI4LjA1IiB5Mj0iMTQuMjQiLz4KICAgICAgPGxpbmUgY2xhc3M9ImNscy0xIiB4MT0iMTkuNTkiIHkxPSIxNi45OCIgeDI9IjE5LjU5IiB5Mj0iMTQuMjQiLz4KICAgICAgPGxpbmUgY2xhc3M9ImNscy0xIiB4MT0iNDEuNTciIHkxPSIyLjc0IiB4Mj0iNDEuNTciLz4KICAgICAgPGxpbmUgY2xhc3M9ImNscy0xIiB4MT0iMzMuMjgiIHkxPSIyLjc0IiB4Mj0iMzMuMjgiLz4KICAgICAgPGxpbmUgY2xhc3M9ImNscy0xIiB4MT0iMjQuOTkiIHkxPSIyLjc0IiB4Mj0iMjQuOTkiLz4KICAgICAgPGxpbmUgY2xhc3M9ImNscy0xIiB4MT0iMTYuMDgiIHkxPSIyLjc0IiB4Mj0iMTYuMDgiLz4KICAgICAgPGxpbmUgY2xhc3M9ImNscy0xIiB4MT0iNDQuNjMiIHkxPSIxNi45OCIgeDI9IjQ0LjYzIiB5Mj0iMTQuMjQiLz4KICAgICAgPGxpbmUgY2xhc3M9ImNscy0xIiB4MT0iNDkuNDkiIHkxPSIyLjc0IiB4Mj0iNDkuNDkiLz4KICAgICAgPGxpbmUgY2xhc3M9ImNscy00IiB4MT0iNDAuODgiIHkxPSIxNi45OCIgeDI9IjQwLjg4IiB5Mj0iMTQuMjQiLz4KICAgICAgPGxpbmUgY2xhc3M9ImNscy00IiB4MT0iMzIuMzMiIHkxPSIxNi45OCIgeDI9IjMyLjMzIiB5Mj0iMTQuMjQiLz4KICAgICAgPGxpbmUgY2xhc3M9ImNscy00IiB4MT0iMjMuNzkiIHkxPSIxNi45OCIgeDI9IjIzLjc5IiB5Mj0iMTQuMjQiLz4KICAgICAgPGxpbmUgY2xhc3M9ImNscy00IiB4MT0iMjAuNTkiIHkxPSIyLjc0IiB4Mj0iMjAuNTkiLz4KICAgICAgPGxpbmUgY2xhc3M9ImNscy00IiB4MT0iMjkuMTMiIHkxPSIyLjc0IiB4Mj0iMjkuMTMiLz4KICAgICAgPGxpbmUgY2xhc3M9ImNscy00IiB4MT0iMzcuMTYiIHkxPSIyLjc0IiB4Mj0iMzcuMTYiLz4KICAgICAgPGxpbmUgY2xhc3M9ImNscy00IiB4MT0iNDUuNzEiIHkxPSIyLjc0IiB4Mj0iNDUuNzEiLz4KICAgIDwvZz4KICA8L2c+Cjwvc3ZnPg==\" alt=\"S\u0131cakl\u0131k\" width=\"100\" title=\"\"><\/div>\n<div class=\"temp-values\">\n<div>-40\u00b0C \/ +70\u00b0C<\/div>\n<div>-40\u00b0F \/ +158\u00b0F<\/div>\n<\/div>\n<\/div>\n<div class=\"marking-section\">\n<div class=\"detail-row\">\n<div class=\"detail-label\">\u041c\u0430\u0440\u043a\u0438\u0440\u043e\u0432\u043a\u0430<\/div>\n<div class=\"detail-value\">: \u0422\u0440\u0430\u043d\u0441\u0444\u0435\u0440\u043d\u0430\u044f \u043b\u0435\u043d\u0442\u0430 \u0438\u043b\u0438 \u0442\u0438\u0441\u043d\u0435\u043d\u0438\u0435<\/div>\n<\/div>\n<p><img decoding=\"async\" class=\"marking-image\" src=\"data:image\/png;base64,iVBORw0KGgoAAAANSUhEUgAABf0AAAAoCAYAAABEkVAiAAAACXBIWXMAACE3AAAhNwEzWJ96AAAfuElEQVR4nO3dTWgbaZoH8P8aY0LGU4SmmQnrgk3TvqgOkzAXCZJmmiVShm5ykeqQrA+xdUhvNiBrhsQ+tO1D4j04Cb22ockmB1k5eJOD5MOGBCKF3R46AenSJHMoXQzTLKXBszQhVHtDCCHsQX7LJamqVKVvyf8fhG7bcumtD8ml533e5\/m7T\/\/h2AkAR0BERERERERERERERIPs9SiAfwPweY8HQkRERERERERERERErflupNcjICIiIiIiIiIiIiKi9mDQn4iIiIiIiIiIiIhoSIz2egDkX2DyHaTxD70eBtGBVHxxqNdDICIiIiIiIiIictR00F+SJNy+ewfBUKid42lZsVDA1LnzAIBEMolEctb82dS58ygWCr0aWltI4x+w+c0Og\/5EPVDeGcXv\/knu9TCIiIiIiIiIiIgcNV3eJ6qqfRfwPwgWLr9iwJ+oR+ZufNzrIRAREREREREREblqOugvSVI7x0EeBCbfIXpmt9fDIDqQii8PsbQPERERERERERH1vbbV9DcMAyVNa9fmmtYPY+iUhcuvej0EogNrfoVZ\/kREvSJJEgzD6PUweuag7z8RERHRMEokk70egifFQsG2XLosy4iqag9G5N9WJgNd16u+N+jjb6RtQf\/5K1eRz+XatTmqET75BsHjb3s9DKIDKZ2VoO+w7zkRUa8kkrOQJAlzV672eihdJ0kSHj5+hLkrVwe+NxURERER7bP2Ie1n66uwvQ+dkOWB2YdioVAXNB\/08TfS1kz\/VkiShICitGUcw5jtP2xZ\/uWdUeh\/q1x+0i8+IDD5rmdjKb7cL9kyKBMr\/XT8hp2xO4L1e0d6PQzfRM+Vsq77\/sNA5If173dJ0zzfD8iyjAm50hib1ym5kWUZ0\/E4AGAjtdHSfV5AUcys+W7eL1pfJ36fe2Fp0fxAMnWOQX8iIiIiak5Z12EYRlvir71S0jRIkmR+lhw03Rx\/36SuBhQFmw\/ut7ydYqGAqXPn2zCi\/pG48BoTR9\/3ehhtUXx5CPMrH9dlTctH3yNx4XVdz4Liy0OY+sNRAMD2f\/1Y9bP1e0ewfu8IgifeYvObHd9j2XoyjuVvP4Kxu9\/aQhr\/gIXLrxx7J0z+4zHXbQZPvMXCv7zyFITfejKOuZWPIY1\/wA\/\/+T+exuz3+FHr1u8dqbpG+l1MVfH10mJV35WtTAbL167XBWODoZCn99311TWsr66aX2\/\/+BcAwOenPnMN1AYUBQ8fPwIATB77pOpnYhtuat\/PNx\/cRzAUwvyVq8hmMra\/k0gmkUjOmmMWv+PF1LnzttkLXrch9rF2DM14+PgRAoriuK\/t2C9xDmrPjSCuD7e\/qwtLi2YwVkinUlhfXXMM\/gcUBQtLi3XjL2kalq9drxtrs9epHUmS8MOfXwIAzn7xZV3gVVyz6VQKy9eu1\/2+OO6Nnsvt\/JR1HcvXrje9OtLttePlHsjt98u6jo3UBtKpVFNj6xSRfVPSNPOcNXoPqb3uA4qCG7duVn3AKRYKuHTxq4YTVeI1bccwDKRTG47XgyRJWFharFs27HSs7V53G6kNRFUVwVAIwVCI2f5ERERE5FtZ13H2iy9hGAZu372DcCTS6yH5ls\/lcOniV+ZK2EEL\/Hd7\/IMTyTqgpPEPmI4NRw3XrSfjmPrDUdsyKfrOKOZWPsbUH492JcAqAu61z2XsjmBu5eOmM7uLLw7h7MW\/r1o94CT\/7LD5nKXtMU9j7pfjd1CUd0aRzg5O0\/KYqmLl1s26RutRVW3LpGqt0w1uEmJqrO3PCQzOEshmWTOCg6Fgj0fj7Matm3UBfwCYjsdx++4d29+RZdkxIC4m\/xeWFts+VsEwDJT3Jqpkmxss8T2nzBfrioZmTcgybt+9g1gf1o6ckGXbiZxestbZtJuI8ao24A9UAuwrt262ND5JkpBIzuKGw3Y2H9y3rRMqjvXmg\/t179m1SpqGrb3Jv2F\/\/yMiIiKiztD3svwBoKSVejya5ohxG4YxkCvFuz3+vsn0J3sLl19BGv\/Q62G0zNgdwfK3H5lfh0++MbPhyzujyD4ZN\/+\/0\/tb2h7DnKUpqxhLaXsM+eeVQPz6vSNVY6wVO7NbtfrC2B1B8eUhM3g\/v\/IxvvsP9xewdWIg+2QcC5POJZz66fgdJHM3Bqd5ryzLVcGrSpOXMmJqDBOyjICiIJFM2majNio1UXb4YxRTY64ZwV4yB9wyVp3GNCHLiKmqY7a\/2zZEQN1unxtl+\/opXdMK63GrTKzU1zBv5341I6aqZiDTMAwzIBlVVUiShGAoZHuORF12QDSDKgIAZHmiYQOlZq\/TWrqum6+J2mz7\/cmW+kkJSZLMsXsN+ttdM2LbXy8tIp\/LNX1+7F47fiYj1lfXqr4OKAHz2kskZ7GVyfRF41gxuVjSNNt9tlsZUiumqua5zedyKGklhCNhBBQF4UgEsix7uum2K0MlygVFVRXZTLZqPNbnLes6spksAECSfmm+Vrw26LVm+3sdLxERERGREFAUxFQVhmEgGApifXXN0+ewfhKOhM3yOEDlM00wFPS8Cr7Xuj3+tgX9p+Mzvgfp1nnYGgzww+uH\/kEQmHw3NOVanj4\/bGag35j\/qW6\/Ehde45+XftWV3gXWzO3asYgVAOJxK\/M\/2W4j+vtd2\/r\/8ysfI\/tkHPrOKErbY46TBnnL8QDQcGVAPx2\/g6L48hCKLxqv2OgX0\/EZ8\/+tZUvSqRQ2H9xHQFEwHZ+xDfqXNK2psmgBRXEMPgUUxdNStWbLsSWSs56C\/rWZwaJ0RjP7bFd6phOs2f0imF8bzG3nfjVDXG\/WJaJA5aZFXG+150gERsXjaq\/FjdQGbty6WReMFtq1b8VCEcFQCAElUPcz67GvPe7WeuxeA65214woISRJEsKRiKfr2E6rx8LuvUBcR2LiptkSRO0kVgyJgHkt63GwlhSznrvo3jbEclqg8t743bPvzX3VPZyHbCZbd9ysS3NjaqzqfIvXiV3ZpfXVNdy+e8fxeq8lShsFFAWnI5G+K8FERERERP1NkiQzUdBaRjagKANT4z+gKOaqclFu2FrCtd91e\/xtC\/qHIxHf9aBiagy\/O\/WZ7c+KhWLTtZCHxTAFcEXw1GkiY+Loezy8+9eujEVk88fO7NaNJXpmF8UXh5B9Mo7sk3HHoL+TxIXXZta98X\/OZXbE8QiffIP888MobY+hvDPq2Luhn47fQTG\/MjhZ\/sB+dutWJlMV7DIMA5cuflUV3Gpn4Nop+NSp0j7ChCwPbW1rcS7zuZz5t7WfGtTLe1nyAOp6RRiGYQYzJ2S5alLIeiPpNPl09osvOzz6\/WCwXXkf6xhlWbYN+rd6LkqaZp7bYCjYdNC\/E4qFghlYtlsJ0W3WUldPPYxFsWTVW6\/L\/ffH\/YkDsXIkGAq1VEvTMAxspDZs+1SIsdsF9g3D8D1xk81ksbCkIBgKMuhPRERERESuelr8e8ISOKBq4ZNvbDPJB5X+t8r8Uq\/3qbQ9ZmbMR39vv4rC+n0vtfatvDZcfro38RD9\/a65GkBMRtjpl+N3UKSzkm3vhH4m3kvtsmF1XUc6lUKxULANdLbCKbjfyaZAYkXXMNa2FiskyrpuBij7ra6\/NUBqFxS2lqyxC6b2eqLGbhICqAT5rbXV638+AaD1oH9lG5Vajv3YeKpRqZnKqqE4Yqrq+H4iJhjFMZRlGdPxuO\/3BWtpnNrVFZXVItXBdPFaqb3GJo99gsljn3RsEkNcE07ns13XvHieQVm+TERERET96eulRbO\/lFhRPWhJJZsP7iORTOLh40dYvnYdU+fO9\/yzph\/dGH\/TUa3KQFoPuDg1L0skZ5sK6NgtoR5Ew5Tlb1XucSDVmn0f+NS+9I71+27Z+s0q74yaAeXg8bcIn3yD0vYYii8ONWza3OvjdxAYuyNNN3LuFWvgzSkg2UoDTDd2JX6sgetOBDXXV9ewcusmgqHQ0GX7i2BepcRdwfye17rf3eAl411kUNudn15P9tdm74uvrQHmykqS6smW\/f3uj6ZXlUB6pXxMSSu1fcVA7fUmSRJu371TF3BOp1J17y+iKXOxUMDytetVzWr9rOiwvh5q2a0WEedI83mOOv3asivR1QxxHCRJYl1\/IiIiImqaJEmYjscBAL\/9zXEYhoFioWB+bxBMyDISyVmUNM2csFhfBTYfDEaCTDfG33REs1go4PNTn2Hq3Hlf\/7b6aBl7v0pceO05Y3xQiAz1\/PPDDevXd4tTw9tWGuFu7ZX2AZwnFURGf2DyHaTxDwieeFv1fTv9ePyG1fq9I1X9FgaBNbDezcCwyJo9XZO9G7PUz+4EXdfNvyXDlu0fjoQBVErciRsvoL8ye0Xw1u+1Jh5vvcHsFXFcFcsERO1qmdrJCfF1OwKtkvTLlrfxn48fYToex3Q8jpVbN83akK2NS3IMtNsF\/AGYY3DanjXgD\/i7bsTqCl0vexq7nxJMfksHNdqWHbGv7XyfarSqgIiIiIjID3FP3OvkrGZNWFZsD+I+dHL8LUW2dF03sxG9\/vPywe0gk8Y\/NMz2HkQisA0AU384ikuLv8LWk\/GBzVwvbY9VGr3u\/cs\/P4zlbz\/C8rcfAahM3DhNHojgfvjkGwCVgL54rFPgf9iOX78q74xWNXomd09zeQD1JX5ECQ+nxpvtIMp6iGzyYVEbcBUN7futxE8zSppmlmYSS0ndSsR0khiHNXBqLQ1TLBTMbGqguvRPqytLRAPfyraKLW3HKhyJILbXKNkL8doR\/6bjcbMJrqjtb7V87TrKuo711TUzkUM8ZsbSSNxK3LTOX7mK+StXUdI0z41rgf3zU\/Yw0WJ9H3A7RzFVxcLSotlMOZ1KtTyRIxoF1z6vmEwIRyL407PvMR2Pt3wjb508IyIiIqLhUdZ1\/PY3x\/Hb3xxHsVBAPpfD5LFP8Pmpz1DWdSxfu47JY59g\/spVAMCli19h8tgn5qrbs198icljn2Ark0FZ1\/H5qc\/MEpfWbRmGgXQqhcljn+DsF19i88F9bD64j4ePH5nbaLbUT+3ziDGLiizWMRqGUTVG6\/6LPmjia+v+X7r4VdX+r6+u4btn3+Ph40eYic9UHcODNv5afRsxtKvf6kU\/NTtsxsLlVy1lmver4PG3iJ3ZNZvc5p8fNgPc8tH3iJ7ZxXTMGJh9F8H9WtL4ByQuvEbiwmvbnxu7I2ZTXmsgP3j8LfLPD+Pps8PmZIDVsB2\/fjV3Y7Ca97ZLMBTC9o9\/sf1ZpW62fVP1fC6HFdysKvFjLe3j5f3Y6XkblWoTk87BUAgxNdaVEj+bD+7bfr9dZeVEINj690+U0gtHIh0r0eR0Djph+dp1MyPdOmFTWdK44Vqiptnr1I6mlRBF9WSKNUtclCcKKAp0S5kqv\/cYdgHe6fiMub1WVsOUNA3L165DkiQkkrMIKAoSyVnPZX6cruetTMb2WitpGn536rOq74km4bVNm2sfI16fzZYg8nI\/KI51o\/eCqBqranzu53UlyxN1k4zBUMh87eb3JkKF9dU1nI5EIEkSJmQZC0uLACqv8Wwmi3Qq1fSKmX5otExERERE7VMsFMx7PWtykL73+VAE4rOZDFZu3TTvBZ\/mcghHwuZnlWwmiwnLvXmxUMTPe9vV9z6ni\/vWkqaZn6utiT\/5XL6p1dkiMVA8j9ieSKxyGuPTXB4lrWTuvxif+FrTNDOhJl\/z33QqhYWlRUiKgvXVtapj6DdBcNDHX6tvg\/7ZTNbXB\/hhEJh8h+gZ++ayw2Bl\/if8cvwDtp6MV5VP0XdGsX7vCNJZCZvf7JiNbQeRsTti\/rMLwIsGvtL4h6qmvOFTbxqW7jkIx6+Xii8PmRMy5I1hGNjKZBBVVZyORJBOpTpe2sdqfXUNmw9CiKoq1lfXBr6+tQhAW4+dCGC6BVUHST6Xw\/yVq\/h6abGuae7KrZuYjs9g6tz5jpepEjdrtZn8ZV2HYRhm3X4RWBU3W36Pvwjy2rHLpvdCXBPzV65Wjef23Tvm0tBWjp+fsjG6rps9ECYcrs9u9dwQrx8\/xzSqqigWip4nI6KqiqjDagrxfmil6zqmzp3Hv++dG0HU7xTXu58xl7RSRxulExEREVFvnI5EEAxlUdZ1s+zrViaDCVneS\/BJYn111QzGT8fj2MpkkEjOmglVJU1DTI0hoCgIhkIo67r5Gb1YKJjbiqkxlDTNfJwI\/Fu30Yzp+Izt80RV1XWM0\/EZSJJk3k\/X7n8wFEIiOYvla9fN+\/HpeBzpVAqJZBKGYZj7WruNgzT+Wn0b9D+IhrV5r9XC5VdYuPwK+eeHUdoeM\/8LVALml5Z+he\/+o\/+DWguXX9UF18s7o1j+9iOksxJ+3h3ByvxPdb9nZvlbAv7Wr\/WdUZS2xxwD98Ny\/PrR\/MrBzPIHsBfktA86NSqrkc\/lEVVVxNQY0qmU79I+TgFBL0EwMdsu\/oDO7S1z7JSSptkGU9u1wmy\/tE91yRexj2Jipd2czoG15nk7ZTMZZDMZ86YpHAlX1ZEUN0O1WrlOa9XWRd9vAKtV\/VcEkkVt+XY18S0WCuayTr\/sVpVYJ4oCiuIp0F67HUmSEFVjCEci2Hxw37HZbkBR6mr0Tzg8RzebbDu9fmqJ1RHifWPl1s298pPN\/+0s6zr++eJXju8Pvzv1mfmhIBgKmu+TkiThxq2bnhsbExEREdHwEv2wrL579r35\/4nkbFWvqIWlxaoko9rfdduWNZnl7BdfmiudnVYDexVQFMfn8TtGtzED+\/svShkZhoFEMlm3jYM0\/lquQf9OfOAXH5y9PK6ZZQxuQYFW9qXZckNeBU+8rQsED7PwyTcIn3yDxIXXZrA8\/\/ww9J1R5J\/bl7jpJ4HJd\/Xn63ilee\/Zi3+P7JNx24bMZj3\/U9X7N3H0PeSj76HvjKL48lDDbP1BP379ZuvJOPQD3B+hpGlNl6fJ53IwDAMBRUE4EvFV2gewD2D6UZvt30nL1653LIgp72USAPWBUrGsLxgKdiTo73QO2nHT50ZM2qyvrkKWZdy+ewcBRUFUVR3Ly7SjjBIAM5NCZF3sH\/ui+VzA\/n2DmBzwe\/63Mpm6XkaivmOv2e1LPpfDn559b76ereMMRyJYWFrsyway1vu7Ru891iW6wVAQwZB4\/2i8urRyzVZPKpR13XwfbPS8lTJWKUiShIWlRURVFQFFQUBRPL9ntqMJNBERERGRIO5DB7Vcur63WhsYzH3o5Phdo1wBRenoB343bkuo3bjVVnZbZt+I33rBft2Yq88KPygmjr7HyvxPKP6TDGN3BKXtsYENWgcm3yEw+c7Mwrc2ZS5tj5lleTayklmfXxA\/yz4Z99XMeZiOXy8YuyOOPRrIm6e5HKKqipVbNwF0p7SPUJvtP6jN4q2T3KLmvSCyqoepYXEtXdfN+vAi4aDTN2yappllk+xKw4jrSt6bGAD8ryjIZrJdzXZvh3wuh+l4HMFQ0HwtS5KElVs3+7Z5rPX8+EnQsE6oeX18O+4FDcPA3JWrCIZC5sST1+tdTHB0ugQWEREREQ0v0R8soCi4ffcO0qkNTMdnej0sX7YyGWQzWcTUGBLJJEqaVrUSot91Y\/w9T231+wF6GE3HjLqM8INGGv+AwOS7rtZUdyqjI8rlNEvU8rfW3QdQFeR3ew4xOeCnKW8vjt+wSGelunM1aKxBRadgaUxVMSHLZpC8nUSJHxEQbFReo91Etv\/pSKSupvagOG2p1+cU3BclSXodRBbNhd1Wz4la+X7+xluDtd0ILova6CLwD1S\/lsQS19N7pVgMwxj4ngpeGMbPAKqz58Xr2zAMzF+5WhVwXlha7EgZKKtGJYsUJQBgvyzToBBNopu53gcxi4mIiIiI+oNYxV4sFBBTYz1L+G6FKO9b0jT88OeXPR6Nf90Yf08jXcPQeLFV0vgHJC687vUwDozAp\/tBfqemudbvWx\/vlVMA2a1Jby3R8Jc6q7zXBHkYiCCcU8D466VFJJKzZnCznaylLQzD6HrpEtEQtVKT3P8KsX7gNYu\/Hc18WiXOtSRJtteTvNfUFfDf+LabRNA0HAljQpbrgqiifr845v0QZBUNvGIdvM7tyseIoHQ6tYF8Lmd+QCgWCh3NOBcTiI2C4m71\/MWq1UH8IGOn0xMsRERERDT8xP2zJEl9Wb7TC7EPg3p\/3I3xu2b6l3W9YzWSa7NN2\/Vc1qzCSq3gljdpbqsTEhde+8roHlTprITS9phtc1ugkt0ustTlDq56EBnxpe0xpLMSomd2q46\/sTuCdLYSXAhMvvN9bkrbY2YWv\/V3y3sNegHg9vX\/dSy\/M\/XHoyi+OIT8s8OIntk1v98vx2\/YDFNZn2KhgHAkgpn4DLYymapA3HQ8bsnC78x7mSjx87RHtcrTqY2+Lj\/ixtoY9be\/OW4bRJ2Ox7GwtNgXJX5EQ2NJkvD10mJdQ1qxLNQwjKrrTZIk3L57B5ccGp5aA9ndWM1QW7e\/Nqi\/38w3ZPvzXpAkCYnkrDm5ZjfZ18o4JUkym8z2w\/7u759z+R3rBxW7Mf9sGFU31NbHiD5TnZq4uH33DtZX12zHZS0b5fV6lySp4+\/lRERERDScREkfUbpTJD8N0mdoURJHJPaIkqyDotvjdw3667re0Tr2nX6uTpSxaCf56HtftdsHlcimNnZHoP9tFLEzuzh98g2k8Q8wdkfw9PnhquDraZ\/16I3dkYZZ9IFP9wP4MzEDcysfQ98ZxdQfj5oTL8buCNbvHTEbus64nBu78jyl7bGqrHFrYN86PreGzeGTb1B8cajq8Z0+fgdV8eUhs7HyMNjKZM1SJZsP7mP52nWUdR1RVTXrwlWaitZnXouyMU681MnOZrKYkGVkM1lf43Z7XrfG7PXPn0EiOdtXWQqNGtKL4Lk1yOoUfBR\/y8QEQa\/reW9lMpiOxxGORHDj1k3zvIcjYUzH4wBQNwEkJi0ePn6E9dU1FAsF6LpuBpq\/3uu74\/R3ux3XqVXtY7W9zH7BKfPfSpZlRFUVZV1HtsXSUpXa8iHXexeRWS8awYqbdtGzqGxpAuXl+awkScJ0fMbStLg+a742+C76L3RK7cSMHet+2B03XdfNps03bt3E3JWrKGkapuNxc2VQJ0qSxVQV4UgEwVDIXCGxv7okYr4v+3mfa7a3BBERERFRPpc375eDmaD5uW2QiJ5poizRIAX8ge6Pv+c1\/Q8yp6ztYWMtd1N8cci17nwzKx9K22OY+sNR18ds\/tuOGWyPntnFxl7mfGl7DJcWf1X3+MDku6pM+1qNMsRr+zTkn1WCy8ETb133T4xRTGQEj7\/t+PE7qIYpyx+AWXIjGArZNmE3DMNxNVWjpu1eGplXmqj7n2R1e163xux21lfXzGbC\/aBRQ\/qpc+f3VmhUysfkc3nHx1qz68ORSMsB5latr66Zdd7t9tPtepuQZdfz1MnrtJY1s8Iu8Gr9ud2EwoQsI5GcRbFQaEvQP5GcxfqqexZ3OrWBRHLW9rhvpDY8P5\/bsSxpWlWZrnwuh0RyFsFQCH969r15LKyrVDpBHAe35s5iQsDtmIn3hoCi4OHjR1U\/MwyjoyuUxOoMp6Zc6dSGj4mayqRLPye0EBEREVF\/EveS1tW9g0YkSQUUZSDL+nR7\/IPdvXKABU+8dc34HiaByXd4ePevCJ5w39\/pmNG1\/gab3+zYNvEFKuPd\/Gan6W2HT76p2w+RUd7onFtLComJgn48foNu68l4yw2b+9Gli1\/ZBsUMw8DUufN9XV+9HbKZzMBlwFozpRsF8sysDJdSJ90irim7YKXT9TZ35aprGT\/RJLabAU3r68XueRv9vBfSqZTt6zyfyyGdSrW8\/ZKm1U22lTTNbJI9sVeWpltZ52LyIabGbH8uXg9u2fLZTMaxyfe\/XrvekffGbCbjWMpKSKdSviaqxCSP2wQhEREREZGdYCiE7R\/\/gh\/+\/LKvVsj7kUjOYvvHv9Ql8gyKbo\/fNdM\/GAoNTeOzVvnNOG3kxtzByPIXJo6+x+Y3OyhtjyH\/\/DBK22Mw\/m8E0i8qNfZjZ3arMuMF+dfvHQPZwRNvkYC3ILf86+ptS+Mf8PDuX7H1ZBzFF4eg\/20U8q\/fI3jirWuGf6Ogevjkm7rJhPLOqPl7MZdtCwuXX0HfGa2qzd\/s8aN6xu7I0GX5C4Zh4OwXXyKmqjgdCUOSJBQLRceyPl57qdQGO\/30X3F6rJdt1AYTtzJZFAtF1yDj3JWr5uy50zbXV9d8BSq9PK+V134y5b3SNuJYNAoqp1MbKGkl23E0s1+NzkGjbZY0DZ+f+gxRVa1arVDbU6L6OVexlcngdCSCYCholioqFop4msu19Tr1Ip\/LwzB+dtxH8XOn\/XE6Rn6vGWD\/umm0H2JSRRz3SqZ63vNKA7djWZvhbzV35SqKhSKCoaDZ+Did2kAwFMKELFftazPXo5OnuTzCkQiiqor11bW6c1EsFFEsFBs2EHcav5eAv9dzUyufy6F4qrBX5idYVTrJWu7HyunYxfZW1vSiWToREREREQ2ev\/v0H479N4DP7X7IoP++dgb9p2MGFi6\/asu2iMif9XtHqnovEBFRf\/vhzy\/NCbJu9ZrqNw8fP0JAUbCVyWDuytVeD4eIiIiIiPrbdyzv02XS+AeWYCHqEdEUmYiIBkd6r1fBdHymoz0E+lVMVc0yYH5WWhERERER0cHlWt6nsuS+P2rY9ppbrVg\/2GiVqHeGtawPEdEwS6dSmI7PAKj0FDDadE82KERZoHQqNfS9WYiIiIiIqD1cy\/sQEREREfVaOBIBgANbz35hadG2pwEREREREZGN7xj0JyIiIiIiIiIiIiIaDqzpT0REREREREREREQ0LBj0JyIiIiIiIiIiIiIaEgz6ExERERERERERERENif8HD\/e1+31l6IEAAAAASUVORK5CYII=\" alt=\"Markalama G\u00f6rseli\" title=\"\"><\/p>\n<\/div>\n<div>\n<table style=\"width: 100%;\" cellspacing=\"0\" cellpadding=\"0\">\n<tbody>\n<tr>\n<td style=\"width: 120px; font-weight: bold;\">\u041d\u043e\u0440\u043c<\/td>\n<td style=\"width: 400px; text-align: left;\">\u0418\u0421\u041e 1307<\/td>\n<td style=\"width: 120px; font-weight: bold;\">\u0426\u0432\u0435\u0442<\/td>\n<td style=\"width: 400px;\">\n<div class=\"color-icons\"><img decoding=\"async\" src=\"data:image\/svg+xml;base64,PHN2ZyB2aWV3Qm94PSIwIDAgMTAwIDEwMCIgeG1sbnM9Imh0dHA6Ly93d3cudzMub3JnLzIwMDAvc3ZnIj4KICA8Y2lyY2xlIGN4PSI1MCIgY3k9IjUwIiByPSI0OSIgZmlsbD0iIzAwMDAwMCIgc3Ryb2tlPSJibGFjayIgc3Ryb2tlLXdpZHRoPSIwLjUiLz4KICA8Y2lyY2xlIGN4PSI1MCIgY3k9IjUwIiByPSIzOCIgZmlsbD0id2hpdGUiIHN0cm9rZT0iYmxhY2siIHN0cm9rZS13aWR0aD0iMC41Ii8+CiAgPGNpcmNsZSBjeD0iNTAiIGN5PSI1MCIgcj0iMzMiIGZpbGw9IiMwMDAwMDAiIHN0cm9rZT0iYmxhY2siIHN0cm9rZS13aWR0aD0iMC41Ii8+CiAgPGNpcmNsZSBjeD0iNTAiIGN5PSI1MCIgcj0iMjIiIGZpbGw9IndoaXRlIiBzdHJva2U9ImJsYWNrIiBzdHJva2Utd2lkdGg9IjAuNSIvPgo8L3N2Zz4=\" alt=\"\" title=\"\"><\/div>\n<\/td>\n<\/tr>\n<\/tbody>\n<\/table>\n<\/div>\n<\/div>\n<\/div>","protected":false},"excerpt":{"rendered":"<p>&nbsp; \u00dcr\u00fcn Ad\u0131: SILOBAS \u00dcr\u00fcn Kodu: ABSF720 \u00c7imento D\u00fcz Kullanim Alan\u0131 : Kamyonlar ve silolar i\u00e7in kuru \u00e7imento ve a\u015f\u0131nd\u0131r\u0131c\u0131 tozlar\u0131n bo\u015falt\u0131lmas\u0131 amac\u0131yla kullan\u0131l\u0131r. Alt Katman : A\u015f\u0131nmaya Dayan\u0131kl\u0131, Antistatik Do\u011fal Kau\u00e7uk. Takviye Katman\u0131 : Y\u00fcksek Mukavemetli Sentetik Tekstil. \u00dcst Katman : A\u015f\u0131nmaya, Oksijene ve Hava Ko\u015fullar\u0131na Dayan\u0131kl\u0131 Sentetik Kau\u00e7uk. A\u015f\u0131nma kayb\u0131 de\u011feri: DIN 53516 [&#8230;]\n","protected":false},"featured_media":22274,"comment_status":"open","ping_status":"closed","template":"","meta":{"jetpack_post_was_ever_published":false},"product_brand":[],"product_cat":[2360],"product_tag":[],"class_list":{"0":"post-21401","1":"product","2":"type-product","3":"status-publish","4":"has-post-thumbnail","6":"product_cat-sel_asinmaya_dayanikli_hortumlar","8":"first","9":"instock","10":"taxable","11":"shipping-taxable","12":"product-type-simple"},"jetpack-related-posts":[],"jetpack_sharing_enabled":true,"jetpack_likes_enabled":true,"_links":{"self":[{"href":"https:\/\/tuzlahortum.com.tr\/ru\/wp-json\/wp\/v2\/product\/21401","targetHints":{"allow":["GET"]}}],"collection":[{"href":"https:\/\/tuzlahortum.com.tr\/ru\/wp-json\/wp\/v2\/product"}],"about":[{"href":"https:\/\/tuzlahortum.com.tr\/ru\/wp-json\/wp\/v2\/types\/product"}],"replies":[{"embeddable":true,"href":"https:\/\/tuzlahortum.com.tr\/ru\/wp-json\/wp\/v2\/comments?post=21401"}],"wp:featuredmedia":[{"embeddable":true,"href":"https:\/\/tuzlahortum.com.tr\/ru\/wp-json\/wp\/v2\/media\/22274"}],"wp:attachment":[{"href":"https:\/\/tuzlahortum.com.tr\/ru\/wp-json\/wp\/v2\/media?parent=21401"}],"wp:term":[{"taxonomy":"product_brand","embeddable":true,"href":"https:\/\/tuzlahortum.com.tr\/ru\/wp-json\/wp\/v2\/product_brand?post=21401"},{"taxonomy":"product_cat","embeddable":true,"href":"https:\/\/tuzlahortum.com.tr\/ru\/wp-json\/wp\/v2\/product_cat?post=21401"},{"taxonomy":"product_tag","embeddable":true,"href":"https:\/\/tuzlahortum.com.tr\/ru\/wp-json\/wp\/v2\/product_tag?post=21401"}],"curies":[{"name":"wp","href":"https:\/\/api.w.org\/{rel}","templated":true}]}}