{"id":21398,"date":"2025-08-11T10:56:06","date_gmt":"2025-08-11T07:56:06","guid":{"rendered":"https:\/\/tuzlahortum.com.tr\/urun\/kum-america-4\/"},"modified":"2025-08-20T15:50:50","modified_gmt":"2025-08-20T12:50:50","slug":"kum-america-4","status":"publish","type":"product","link":"https:\/\/tuzlahortum.com.tr\/ru\/product\/kum-america-4\/","title":{"rendered":"\u041a\u0423\u041c \u0410\u041c\u0415\u0420\u0418\u041a\u0410 4"},"content":{"rendered":"<p>&nbsp;<\/p>\n<div class=\"report-container\">\n<div class=\"report-header\">\n<div class=\"standard-text\">\u041d\u0430\u0437\u0432\u0430\u043d\u0438\u0435 \u043f\u0440\u043e\u0434\u0443\u043a\u0442\u0430: SAND AMERICA 4<\/div>\n<div class=\"standard-text\">\u041a\u043e\u0434 \u0442\u043e\u0432\u0430\u0440\u0430: ABSB717<\/div>\n<\/div>\n<div class=\"product-image-container\">\n<div class=\"key-feature\">\u041f\u0435\u0441\u043a\u043e\u0441\u0442\u0440\u0443\u0439\u043d\u0430\u044f \u043e\u0431\u0440\u0430\u0431\u043e\u0442\u043a\u0430 4 \u0441\u043b\u043e\u044f \u2264 60 \u043c\u043c\u00b3<\/div>\n<\/div>\n<div class=\"horizontal-line\"><\/div>\n<div class=\"product-details\">\n<div class=\"detail-row\">\n<div class=\"detail-label\">\u041e\u0431\u043b\u0430\u0441\u0442\u044c \u0438\u0441\u043f\u043e\u043b\u044c\u0437\u043e\u0432\u0430\u043d\u0438\u044f<\/div>\n<div class=\"detail-value\">: \u0414\u043b\u044f \u043e\u0447\u0438\u0441\u0442\u043a\u0438 \u0438 \u043f\u0435\u0441\u043a\u043e\u0441\u0442\u0440\u0443\u0439\u043d\u043e\u0439 \u043e\u0431\u0440\u0430\u0431\u043e\u0442\u043a\u0438 \u043c\u0435\u0442\u0430\u043b\u043b\u0438\u0447\u0435\u0441\u043a\u0438\u0445, \u043a\u0430\u043c\u0435\u043d\u043d\u044b\u0445 \u0438 \u0431\u0435\u0442\u043e\u043d\u043d\u044b\u0445 \u043f\u043e\u0432\u0435\u0440\u0445\u043d\u043e\u0441\u0442\u0435\u0439.<\/div>\n<\/div>\n<div class=\"detail-row\">\n<div class=\"detail-label\">\u041d\u0438\u0436\u043d\u0438\u0439 \u0441\u043b\u043e\u0439<\/div>\n<div class=\"detail-value\">: \u0423\u0441\u0442\u043e\u0439\u0447\u0438\u0432\u044b\u0439 \u043a \u0438\u0441\u0442\u0438\u0440\u0430\u043d\u0438\u044e, \u0430\u043d\u0442\u0438\u0441\u0442\u0430\u0442\u0438\u0447\u0435\u0441\u043a\u0438\u0439 \u043d\u0430\u0442\u0443\u0440\u0430\u043b\u044c\u043d\u044b\u0439 \u043a\u0430\u0443\u0447\u0443\u043a.<\/div>\n<\/div>\n<div class=\"detail-row\">\n<div class=\"detail-label\">\u0423\u0441\u0438\u043b\u0438\u0432\u0430\u044e\u0449\u0438\u0439 \u0441\u043b\u043e\u0439<\/div>\n<div class=\"detail-value\">: \u0412\u044b\u0441\u043e\u043a\u043e\u043f\u0440\u043e\u0447\u043d\u044b\u0439 \u0441\u0438\u043d\u0442\u0435\u0442\u0438\u0447\u0435\u0441\u043a\u0438\u0439 \u0442\u0435\u043a\u0441\u0442\u0438\u043b\u044c.<\/div>\n<\/div>\n<div class=\"detail-row\">\n<div class=\"detail-label\">\u0412\u0435\u0440\u0445\u043d\u0438\u0439 \u0441\u043b\u043e\u0439<\/div>\n<div class=\"detail-value\">: \u0423\u0441\u0442\u043e\u0439\u0447\u0438\u0432\u044b\u0439 \u043a \u0438\u0441\u0442\u0438\u0440\u0430\u043d\u0438\u044e, \u043e\u0437\u043e\u043d\u0443 \u0438 \u0430\u0442\u043c\u043e\u0441\u0444\u0435\u0440\u043d\u044b\u043c \u0432\u043e\u0437\u0434\u0435\u0439\u0441\u0442\u0432\u0438\u044f\u043c \u043d\u0430\u0442\u0443\u0440\u0430\u043b\u044c\u043d\u044b\u0439 \u0438 \u0441\u0438\u043d\u0442\u0435\u0442\u0438\u0447\u0435\u0441\u043a\u0438\u0439 \u043a\u0430\u0443\u0447\u0443\u043a \u0441 \u043c\u0438\u043a\u0440\u043e\u043f\u0435\u0440\u0444\u043e\u0440\u0430\u0446\u0438\u0435\u0439.<\/div>\n<\/div>\n<\/div>\n<div class=\"datasheet_table\"><img decoding=\"async\" class=\"alignnone size-full\" src=\"https:\/\/tuzlahortum.com.tr\/wp-content\/uploads\/2025\/08\/datasheet234.svg\" alt=\"\" title=\"\"><\/div>\n<div class=\"table-notes\">\u0412\u0435\u043b\u0438\u0447\u0438\u043d\u0430 \u043f\u043e\u0442\u0435\u0440\u0438 \u043f\u0440\u0438 \u0438\u0437\u043d\u043e\u0441\u0435: \u2264 60 \u043c\u043c\u00b3 \u043f\u043e DIN 53516 \/ \u041f\u043e \u0437\u0430\u043f\u0440\u043e\u0441\u0443: \u0417\u043d\u0430\u0447\u0435\u043d\u0438\u0435 \u043f\u043e\u0442\u0435\u0440\u044c \u043d\u0430 \u0438\u0437\u043d\u043e\u0441: \u2264 35 \u043c\u043c\u00b3 \u043f\u043e DIN 53516<\/div>\n<div class=\"horizontal-line\"><\/div>\n<div class=\"footer\">\n<div class=\"standards-section\">\n<div class=\"standard-item\" style=\"margin-top: 9px;\"><\/div>\n<div class=\"standard-info\"><\/div>\n<\/div>\n<div class=\"temperature-section\">\n<div class=\"temp-icon\"><img decoding=\"async\" src=\"data:image\/svg+xml;base64,PD94bWwgdmVyc2lvbj0iMS4wIiBlbmNvZGluZz0iVVRGLTgiPz4KPHN2ZyBpZD0ia2F0bWFuXzIiIGRhdGEtbmFtZT0ia2F0bWFuIDIiIHhtbG5zPSJodHRwOi8vd3d3LnczLm9yZy8yMDAwL3N2ZyIgdmlld0JveD0iMCAwIDcyLjI3IDE2Ljk4Ij4KICA8ZGVmcz4KICAgIDxzdHlsZT4KICAgICAgLmNscy0xIHsKICAgICAgICBzdHJva2Utd2lkdGg6IC41OXB4OwogICAgICB9CgogICAgICAuY2xzLTEsIC5jbHMtMiwgLmNscy0zLCAuY2xzLTQgewogICAgICAgIGZpbGw6IG5vbmU7CiAgICAgICAgc3Ryb2tlLW1pdGVybGltaXQ6IDMuODY7CiAgICAgIH0KCiAgICAgIC5jbHMtMSwgLmNscy0zLCAuY2xzLTQgewogICAgICAgIHN0cm9rZTogI2E3YTlhYjsKICAgICAgfQoKICAgICAgLmNscy01IHsKICAgICAgICBmaWxsOiAjYTdhOWFiOwogICAgICB9CgogICAgICAuY2xzLTIgewogICAgICAgIHN0cm9rZTogI2ZmZjsKICAgICAgfQoKICAgICAgLmNscy0zIHsKICAgICAgICBzdHJva2Utd2lkdGg6IDIuMDZweDsKICAgICAgfQoKICAgICAgLmNscy00IHsKICAgICAgICBzdHJva2Utd2lkdGg6IC4ycHg7CiAgICAgIH0KICAgIDwvc3R5bGU+CiAgPC9kZWZzPgogIDxnIGlkPSJrYXRtYW5fMSIgZGF0YS1uYW1lPSJrYXRtYW4gMSI+CiAgICA8Zz4KICAgICAgPHBhdGggY2xhc3M9ImNscy0zIiBkPSJNMTEuMzQsMTEuNTdjLS45NCwxLjcxLTIuNzEsMi42Ni00LjgsMi42Ni0zLjA1LDAtNS41MS0yLjQ3LTUuNTEtNS41MlMzLjUsMy4xOSw2LjU1LDMuMTljMS45NCwwLDMuNjUsMSw0LjYzLDIuNTIiLz4KICAgICAgPGNpcmNsZSBjbGFzcz0iY2xzLTUiIGN4PSI2LjU1IiBjeT0iOC42NiIgcj0iMi40Ii8+CiAgICAgIDxjaXJjbGUgY2xhc3M9ImNscy0yIiBjeD0iNi41NSIgY3k9IjguNjYiIHI9IjIuNCIvPgogICAgICA8bGluZSBjbGFzcz0iY2xzLTMiIHgxPSI2OC4zNCIgeTE9IjExLjc2IiB4Mj0iOS45MiIgeTI9IjExLjc2Ii8+CiAgICAgIDxsaW5lIGNsYXNzPSJjbHMtMyIgeDE9IjY4Ljc4IiB5MT0iNS41MSIgeDI9IjkuNzMiIHkyPSI1LjUxIi8+CiAgICAgIDxsaW5lIGNsYXNzPSJjbHMtMyIgeDE9IjU0LjA3IiB5MT0iOC43NSIgeDI9IjguNjQiIHkyPSI4Ljc1Ii8+CiAgICAgIDxwYXRoIGNsYXNzPSJjbHMtMyIgZD0iTTY4LjE1LDUuNTVjMS43MSwwLDMuMDksMS4zOSwzLjA5LDMuMDlzLTEuOTIsMy4wNi0zLjYyLDMuMDYiLz4KICAgICAgPHBhdGggY2xhc3M9ImNscy01IiBkPSJNNTMuOTEsOC43NWMwLS4xNC4xMi0uMjYuMjYtLjI2cy4yNy4xMi4yNy4yNi0uMTIuMjctLjI3LjI3LS4yNi0uMTItLjI2LS4yN1oiLz4KICAgICAgPHBhdGggY2xhc3M9ImNscy0zIiBkPSJNNTMuOTEsOC43NWMwLS4xNC4xMi0uMjYuMjYtLjI2cy4yNy4xMi4yNy4yNi0uMTIuMjctLjI3LjI3LS4yNi0uMTItLjI2LS4yN1oiLz4KICAgICAgPGxpbmUgY2xhc3M9ImNscy0xIiB4MT0iMzYuNDMiIHkxPSIxNi45OCIgeDI9IjM2LjQzIiB5Mj0iMTQuMjQiLz4KICAgICAgPGxpbmUgY2xhc3M9ImNscy0xIiB4MT0iMjguMDUiIHkxPSIxNi45OCIgeDI9IjI4LjA1IiB5Mj0iMTQuMjQiLz4KICAgICAgPGxpbmUgY2xhc3M9ImNscy0xIiB4MT0iMTkuNTkiIHkxPSIxNi45OCIgeDI9IjE5LjU5IiB5Mj0iMTQuMjQiLz4KICAgICAgPGxpbmUgY2xhc3M9ImNscy0xIiB4MT0iNDEuNTciIHkxPSIyLjc0IiB4Mj0iNDEuNTciLz4KICAgICAgPGxpbmUgY2xhc3M9ImNscy0xIiB4MT0iMzMuMjgiIHkxPSIyLjc0IiB4Mj0iMzMuMjgiLz4KICAgICAgPGxpbmUgY2xhc3M9ImNscy0xIiB4MT0iMjQuOTkiIHkxPSIyLjc0IiB4Mj0iMjQuOTkiLz4KICAgICAgPGxpbmUgY2xhc3M9ImNscy0xIiB4MT0iMTYuMDgiIHkxPSIyLjc0IiB4Mj0iMTYuMDgiLz4KICAgICAgPGxpbmUgY2xhc3M9ImNscy0xIiB4MT0iNDQuNjMiIHkxPSIxNi45OCIgeDI9IjQ0LjYzIiB5Mj0iMTQuMjQiLz4KICAgICAgPGxpbmUgY2xhc3M9ImNscy0xIiB4MT0iNDkuNDkiIHkxPSIyLjc0IiB4Mj0iNDkuNDkiLz4KICAgICAgPGxpbmUgY2xhc3M9ImNscy00IiB4MT0iNDAuODgiIHkxPSIxNi45OCIgeDI9IjQwLjg4IiB5Mj0iMTQuMjQiLz4KICAgICAgPGxpbmUgY2xhc3M9ImNscy00IiB4MT0iMzIuMzMiIHkxPSIxNi45OCIgeDI9IjMyLjMzIiB5Mj0iMTQuMjQiLz4KICAgICAgPGxpbmUgY2xhc3M9ImNscy00IiB4MT0iMjMuNzkiIHkxPSIxNi45OCIgeDI9IjIzLjc5IiB5Mj0iMTQuMjQiLz4KICAgICAgPGxpbmUgY2xhc3M9ImNscy00IiB4MT0iMjAuNTkiIHkxPSIyLjc0IiB4Mj0iMjAuNTkiLz4KICAgICAgPGxpbmUgY2xhc3M9ImNscy00IiB4MT0iMjkuMTMiIHkxPSIyLjc0IiB4Mj0iMjkuMTMiLz4KICAgICAgPGxpbmUgY2xhc3M9ImNscy00IiB4MT0iMzcuMTYiIHkxPSIyLjc0IiB4Mj0iMzcuMTYiLz4KICAgICAgPGxpbmUgY2xhc3M9ImNscy00IiB4MT0iNDUuNzEiIHkxPSIyLjc0IiB4Mj0iNDUuNzEiLz4KICAgIDwvZz4KICA8L2c+Cjwvc3ZnPg==\" alt=\"S\u0131cakl\u0131k\" width=\"100\" title=\"\"><\/div>\n<div class=\"temp-values\">\n<div>-40\u00b0C \/ +70\u00b0C<\/div>\n<div>-40\u00b0F \/ +158\u00b0F<\/div>\n<\/div>\n<\/div>\n<div class=\"marking-section\">\n<div class=\"detail-row\">\n<div class=\"detail-label\">\u041c\u0430\u0440\u043a\u0438\u0440\u043e\u0432\u043a\u0430<\/div>\n<div class=\"detail-value\">: \u0422\u0440\u0430\u043d\u0441\u0444\u0435\u0440\u043d\u0430\u044f \u043b\u0435\u043d\u0442\u0430 \u0438\u043b\u0438 \u0442\u0438\u0441\u043d\u0435\u043d\u0438\u0435<\/div>\n<\/div>\n<p><img decoding=\"async\" class=\"marking-image\" src=\"data:image\/png;base64,iVBORw0KGgoAAAANSUhEUgAABf0AAAAoCAYAAABEkVAiAAAACXBIWXMAACE3AAAhNwEzWJ96AAAgAElEQVR4nO2dTWwTabb3\/xdFCOWmSwi1ZqLXpXt71GzsRYN6Y0uABl1hc9WtnkXsBdwsOmTRfZmWksyIj0UnWQC9CIn6hki8DCwcs+CFhe1FI9DFRvfSgkj2ptXMwt5wNa2r8igzaiFUk0ERQuhd2Ofhcbm+XeWPcH4S6o4\/yqeeeqpc\/p\/z\/M8\/fPjPHxwEsBcMwzAMwzAMwzAMwzAMwzAMwwwzL0YA\/AeAo30OhGEYhmEYhmEYhmEYhmEYhmGY7ni0q98RMAzDMAzDMAzDMAzDMAzDMAwTDCz6MwzDMAzDMAzDMAzDMAzDMMwOgUV\/hmEYhmEYhmEYhmEYhmEYhtkhjHTz5vnFBUxkMlAUJah4uqZaqWDyxEkAwMzcHGbmZsVzkydOolqp9Cu0QFDG3uDR\/9OgjL3pdygM887R2BzBr\/9N7XcYDMMwDMMwDMMwDMMwDGOJb9F\/anoaU9PTQcbCuGDm8xcs+DNMn7h0dV+\/Q2AYhmEYhmEYhmEYhmEYW3zb+wxSdf+7gjr+GlNpvd9hMMw7SfXpHpQ3RvsdBsMwDMMwDMMwDMMwDMPY0pW9z6BRr9VQr9X6HUZofP3V836HwDDvLGs39\/Y7BIZhGIZxjaIo0HUuFrGDx4hhGIZhmH4STyT6HYIrGpoGTdM6HlcUBdFYrA8Readeq3Xc9w17\/E4EJvqf\/uJLlEuloDbHGIgf3Eby0Mt+h8Ew7yTFB2Oo\/rin32EwDMMwjCtUVcWtO7fx7198uaMLYrohGovh1p3bOHr4CAv\/DMMwDMP0hVt3bvc7BFesrV7B2upqx+N0PzUMmPV5Hfb4nQhM9O\/2Zjmo7Iqu6zvyx838b7nKnwmGxuYItL80T\/3oh6+4R4QD+tauoavyl6+nO\/WaOCyoqoqI2mz+bFUdMSjI88ZLFQHPN2ZYkCupvN4wDxszc7OIqCpm5mZx+osv+x1OaHRzjf3DjetQFAVT09OmP2IZhmEYhmEYZpgZGHufoLIr1UoFkydOBhDR4JA+voXo\/le+3792cy\/Wbu5F\/OA2bn27afqayd+Po\/rjHihjb3D3xp8RGX\/d9rjde2n7APDsv34Sj1ef7sHk78YBAHdv\/NlxHy5d3YdcQbH9LD8UH4zh3NL7UMbe4Ifv\/tf2tbS\/yUMvce3iX21fq2\/twse\/+ScAwK3\/2ET8wHbHdtwgj9n+f\/nA9rXJQy8x\/9VzcXzMYp\/5\/AVmPn9hGu\/pxV90xDWV1l03iD6\/9D4KD8ZcjY8TuYKCS1f3uTou\/SRXUKBtDsyl0hZFUTC\/uICJTKbt8YamYT27jlw2a\/v+ZCqFazeuo6Fp+PXhI7avffbTnwAARw8fsRRZbt25jXgi0ZGRpseN6LqOh6US1lavmG4znkjYfk\/UazVcunDRVMyjePd\/8Cvb\/bLCy9gAze+0+cWFjv00xmg1FmZYZfad9o3Gze77cX5xAVPT022P5bJZrK1esRT\/vc43p+NHWFWRBE06k8HSyrLrY+oUfzGfx6ULFzvGa2ZuDjNzs477paoqHj15DMB69STFDAAff3QgkOpkRVHwwx+fAgA+++TTjqRNNBbD3fv3kMtmcenCxY730xx22j+7ud7QNFy6cNH3ilEaY8C6gucPN64LcZg+000VvLxtM8qlEr65cHGgEnqqqorzspgviMeTqRSWVpahKIqr8+z7J48RUVWcP3MWhXy+43mn65fT9babOeH2GkuYnYfr2fXWte8UctksV\/szDMMwDLOjaWgaPvvkU+i6jms3riOZSvU7JM+USyWc\/uJLKIqCu\/fvtd3fDwO9jt93I1+mNyhjb0L38i9vjAoheObzF6aCcrcUHow5vuZhSE1Sy0+a29W3dqH+bLe792yMQt+yPz3CiteO8sYoPvvi\/6DhUYTWt3ZZJiJyBQWnF3\/h+vOBZkKnW2hOTBzf6npbYdHYHEGuMDxNy2\/dud0hwAJARFUxv7iAW3du2zZhjyfi4vWqyy8fOzHMK4qiYCKTwXf37\/la+UXJ4zA8+byMDdlqmIlZFOP84kLgMfrl8spyh+APAFPT07h247rl+7qdb\/3mWCoJAChIomg3TGQyXe2zpmlC4JzIpE1fQzEX8\/nABEpd19FoCdZmc5seszqv5NUhfomoKq7duI60yXxy4vLKsu11SFEU3Lpzu+OGOtI6T7udo8lUauDmOo1HtVIRcyqdyeBaq7LdDdFYDBFVha7rfbHvtJsTQV1jc9ksGpomqv0ZhmEYhmF2Mpqmid8Q9Vq9z9H4g+LWdX2gim7c0uv4h6N89R1mKq2Har+ib+3C+aX3ATT7Bkylw6lyergxinmb5EV5YzS0ampZoC48GMP8fndJlIcbo7aC9LoLMVgdf+0riRLd32m709gcgbY5Iuxmls7\/7Hp731zdJxIe6vhrHGv1hyg+GIO+tQvVH\/dg7eZe0xUCRP3ZbpEI0bd2obwx6rvPRP3ZbhFPeoBF\/7Wbex2TP4NCOpMR4ltD04SQqSjvYSKTgaIojg0L5Uz\/sVTKcWUA0BQ6rSrznTBayJBNg6IouLyyjM8++dT0ffL+vY09KfZ\/fnEh8BVfXsZmZm5WCGvVSgXVShUAoKqRDpHcKJSSVY6ZTU4YVajpTEbEpOs6iq1qXpoz8UQC6Uymo8q3m\/nmZAHU6MHNj6qq4pgWTSqY7TCLn+ZuNBbryiqkmC8gmUohmUp1jJ8cc1CJCkLTNBG\/UeCl42wmsNJxBtyL\/mbWUbTtrxcXUC6VPM11s8ST8XmKsZjPQ9Ma4lykRKOba518LgPNuZ5MpRBpHftBsog51ponuey6eMwqkWTFqelTAICHLo6Hn6ZiTu+3mxNerrFOULV\/OpMemOPHMAzDMAwTBtFYDMlUCrquI56Io5jPI6KqQ9NMGGj+7q9WKuJ3SC6bFffkw0Cv4w9MZU22qs+8YPcjwfjjyi29EAt6hTr+2laEDYJvru4TomaYfQO0zRHUn+22tPh5+CSkKn9Dxb6XCvXyE2vRv9HaHycmjm\/5OobzXz1vswsiTi\/8AuWNURQejOHrr567Sgg1NkdEVX10\/yvc+nZTvG\/m8xeY\/P046s92I1dQbJNMxtUaZIPkB9qWOv66K+uqMKk+3eNqhcqgMNUSaMwsXNZWr+DajetYW71i+X7ZFxloVra7EcKApgBz7sxZzzGbWTBcXlnGREtQTqZSphWmmqZ1iDNrq6vCviGeSDgmOLzgZWxIRGzG1GmfsZ5dx+WVZXEsjHYpZCFTr9V6YlVH80Ze6kmx06qJmbnZDtG\/m\/nWq32zg0TReq3mOWFlFT8tke1GPCRxU1EUJFOptnGnmBuaFrgffbVSRTyRQDQW7XiOVrkAzR8Ksrgv93JwO45m5z1ZCJnttxvsfrAkpdURxuvURCaDZCrpUvSvdhzXSxcuiorzZCo5EKKxnDAyXj\/rtRqqlYqrqnaab+VS2fG1VrZqbvEyJ7xeY50o5vOYX1wQSS\/uScIwDMMwzE5FURSxklu2b7zrc6V9P5Ct4clqeG31irArHXR6HX9gov\/U9LTnpbH1Ws2yktPsx9W7Rti2PrKoOfP5i9DF11xBsaxOL4dklUN2NslDL1HeGEX92W40NkdcVd+XN0YtXxtWvE5MZXTx2fX\/2W2aGDAix\/qHC39tE\/WVsTeY\/+o5Jn83Dn1rl+3qBkqY0Fg6rd6wo9iad2GtLAmCYWveS1\/SZkKHruuOIiuJZeVSSVQau+VYKgVF6fQy98O5M2cRTyQQUVUkU0lPthK5bFbYWkRjscCEUS9jI98smX2H2X3v9Rq1JXIB6PCi13VdiPdkaSSLut3Ot36TblU9B1kxv7Z6RVRpGMfLC8V8vnVPdapN\/A4jZoKETjN7H3lOq6pqKvp3K5TWazVxfsUTcU+iP\/1gseq3QPtkFK\/LpTImMhnXVmZW5LLrrYTJYPxQoiTNQ8O1s5gvoJDPY2ZuznEbdomDXmE1J4K+xtI+Nj8nwaI\/wzAMwzAMs2Poq29FNBYbmB9Jg0b84LbvKmq3kK1PdP+r0FcUANZCOVnMhAH57k\/869tmyF4Ee6vX9svnXRb53fr6U+Ijuv+VaQIjfmAb6eNbiB+0TiDIKxtI6NdcrnYwIq++CHuO+6X4YMx1I+ZBw6\/QTV7hD0tlIXq4WeYXhh8yiZpel7iF1YTRz9gEXYkdBvL4mgl7sqWG1bEYhv00Iic7jMJoN8hiYTfLM8mSJRqLtfnpU8xe7YjcQAkK4z2Z2rLbIjqfjwDoXvRvbqPpb+l17JwSBLQ94\/XBaW67xem6Q5XqM3NztteNaCwmVikBTeF9anrac1KCjpFxtayXREpSXPP6I\/gTdnMiyGsPfY68qoVhGIZhGGYn8\/XiAmbm5nB5ZRmapmHyxMm+FXv45dqN65iZmxOrzE9\/8eVQFXD0In7fSmtQN9tWDcVm5mbx7Kc\/ef5nVek1bIRptQM0q5jJQ\/\/yOffe8H5Rxt4IH3gj1Gg36N4F5IEPNIVtEpjdiLkUi5m9S\/3ZbmibI6H2WrBCFvrfc\/n5+t+bp3nsQ+uVHEvnf8atbzcdq\/wpcUAJAj8NfYv\/2RzT+MHtUJpGdwv1TBhW\/CZSSYxqWqs1r+9ubNuo0ntq+lRgjSzp87vxFgwyAeBnbIYhoe2mStspyTEM+2mkG2ufXqBpmhh3ipWq\/MulUigxm1Xvy\/9P1olGUfTtHBrORmBBYnbNSWcyePTkceuGfha37tzG908em5431Pw6Govh8soyrt24jvnFBTx68tjTyiv5euUXL9Y+AETil5qC96KpcZDXHhqr2BBezxiGYRiGYfygKApm5mYxkcng\/JmzqFYqOP3Fl\/0OyxNkRasoCtZWV1EulTrscweZXsTflej\/2Seftvw03f8bxqrAXpM+vhWq1U792W4havbC1gd4W9Ft9O6XEwFBV33TdqkpLgnVbir9KRayA5KhREA\/qtRlkd1r0qEbgZ0SM7TSgP7r1eZIPt6D2sA3V1BCayodJiQ4kb2NF6i6tKFp0DRNCD1uRPdCPh9Ktb8fSBhzahTrBa9jQ8dhEMbDCRLm\/CRIuplv\/SYsm5wghU6q9qdmqjS3H7oUYf1gJnySsEpjZRRa6e8gEhGK8l7X2+gHlAA03t\/GEwksrSx3zIuIquIPN67bFr0Ym9G6PUflVQF+j4kfa5+llWXMLy5gIpPB\/OKC8OLvFrM5EcY1lr4vhqUBHMMwDMMwTJDQPX23tpf9IiKtTh7GfQgz\/q48Veq1GtZWVz3989Oc911CGXsTupf\/pf+7L9Ttm3HscFMgLxisfB5KwnzQVd\/GZEL8wLYQyp3E6ojUYHbdYOVDMdM+9YrG5ohI1ihjb1z5+QeFGMvWPsurJrxYM9HYKWNvcKy1jeKDMazd3Otr1UDQNDZH+mbd1C1kw5BMpfD9k8eYmp52XQlprAyl\/0ZjMVfCTRjV\/nYoioJ4ItH2b35xAUsrywDeCqZB4HVs6rWaqIqmyt10AL7hg0Y3862fmFn7pDMZR+sVN8hCbbcFDmStFFFVzMzNIaKq0HXdc4NbL9C8NTatBt6uclEURcxl2fqn2\/0lC5zmtgbzPlFVI23XnGQqJSrbgc7rTrVSQTGfF1VTkydOisqdZs8S8+r9eCKBcqmEyRMnkctm21YYOUHHrtFFEsZo7aO25qBdLwCzxMb84oLvGGibZnMijGusnFTpxXcYwzAMwzCMGbqu47NPPsXRw0dQr9VQr9Xw8UcHMHnipOi5tv+DX4l7yksXLmL\/B78S9p+TJ07i448OoJjPiz5rH390wHRbxXxe\/H3txnXcunMb392\/17YNP5h9jhyzXYwNTcPRw0fa9v\/o4SP47JNPTbdF+5\/LruPu\/Xu4dec2ZuZm27bxrsVvZPjKWXc4U2k9VNuYXEFps7fJFZSe+PknD72EOv4a2uZIW7NYEtTTx7cC9fXXt3aJ\/ZS96uMHtptNaJ+MOlbqn0rrOLf0flvD2vLGqLD2cVPpv3Zzr6VVTPzgNm59u2n63OTvxm2328sGuHKChBINtHrCqfmvETreyUMv2yyUqj\/uwQxe9DSRYcbazb2h9ZcIm7XVK62Gukqb4NLQNBTyBeSyWctq0beVqm+FlWqlIoQtJ6GxXCrha31BiDRhCpNAe8d7GboRCrIJvJ+xuXThIq7duA4AQiAEmjcQuex6aOPz7Kc\/hbJdM7qZb\/FEwjLWoI+fkalW5bxs7TORSSOeSGBt1Z14TUknmaYw2lz1EIQXpq7reFgqYSKTEdsNw8tfplarYwLtFj6yBVS9VhMNazVNEwKz15tRs+TQ1PQpsb1B9RKdyGQ6KvCB5py\/dOGi6dw5d+Zs29\/VSgWxWBQTmYxlw2J5abXfZIrfKn9FUcQ+0qqmiDS3rc5NXddx\/sxZ6LqOqelTSKZSmMhksLZ6xVUsXudEGNdYXdehKEqgTeAZhmEYhmG88LBUEvfWdC+m6zqqlYoougaAXDaL+cUF5LJZAM3fUBFVFfcwhXyh4++\/6Xrbtgr5Qtvf8USirdikkC+Y3vs6kcuud3wOxZxMJS1jzGXXEVFVce9I+09\/VysVUWzYuf+rmJmbRURV2+4\/y6Wy58K0YY\/fyMCqW5TB8vpv8sTJfofuG3X8dagCvOxVTlXs+tYuFE1868OAKrvJKkZuDhu0VY5cUS4LyVSp7qaqnOKVG9aSPVE\/G9DGD273JFFDWO2zlx4JQPvx7vUqCTdUn+4x7eEwLFDzHWOFJwk2jyx8pEnkANqFFRK53TQ21HVdVLn20+5FUZRALUL8jk25VBICmEw0FsPSynJg1hf9xO986zdUOdzNahBKOsn\/ZBuXoFaaGO2HgrYjMkI\/MIyV\/A1Na1lmNX376biS0OpVYKbqbPnf24ruylA13wKA9xTF0\/lM1w\/r5tj9W+lAx6Ghaa6SL\/VaDdVKBefPnEW5VBL\/T7i9BnidE2FcY4dt3jEMwzAMs\/Mga9lmkVEc0VhUrLRVVVWsME23xHi6XzqWSoninObzaURjMXFfH0\/EcaxVzEYrn8nyNBqLift64zb8YPwcedt2MR5LJZHOpMX+J1NJxBNx8XcsFhN9p5Ki71lzHGTLR+M23rX4jXCl\/wARtq0PCa7R\/a9w98af8fFv\/kkkAtxWandD+vgWcgUF5Y1RNDZH2jz3g7b2EVX+hspx+puEfLt+BlTNX94YRa6gYOn8zyJmt6K1Ov7act+iNo11qZIeaCZm6NhNpXWx6qBXUIJEXjFBfxcejKG8MYolF9uhKn91\/HVfkyZWDHPzXqJeq+HXh4+IL6d4Ii6+UBRFweWVZXz2yadt75ErJGUBpZmxnm19MbVXq5qRy2ZFZWY6kwm12r9eq3U0uGneBJ0SX5hBNMDpZmwK+TwK+bxkBZIUNwjUsCfoJj1W1aly8iJI\/Mw3wL7ngpMtiaqqlmIp9V2wIhqLhVpNrus6vrGo+PZDtVJBo1VRT5X2Ttgda6deF0Zfc9pOrfU4\/ZeSXaoaab0vmCa+g948rJjPdyRe6FxeWlm29MA3HpP3HMToflaZ048ct+eH2TWMKqPoR1E355rdnOjHNZZhGIZhGCZMIqqKH\/74tO2x5B\/fWkLOLy60WSjSykfi7v17bX8\/evK47W95tbW8inXyxElUKxUkU6mObXglmUq1fc7M3GxbYaBTjMb9l\/827v\/SyrK4D\/\/4owPQdR3ziwsd23iX4jfCov+AED+43TMh9PK5nwE0BeS1m3uhbY6g+GAsdOE\/uv+VsPghIR1o2ugEjdGDnoiMvxYxVJ\/ucWxinDzcFP3LG6OIt\/oReBGtJ45v+arKn\/\/qeVvC4ui\/qdA2RzqaCodN\/dlu0dTWuM8UHyUlnMZS9EIYQMG\/2LIY2imQQJjLZqEoimiwGI3FEI3F2oQ\/qyaU9DcJVk6CI1X705dimKI\/iUpt8aIZ86OWv\/za6hVfDWplghgbWiK5troKVVVx7cZ1RGMxTGQygQtSVivd4omEqR1SUHiZb\/R6v6vyZLsbI07WQFStQn75fiELIxmy4wmioa1MIV\/AzNysWB7qhJX1FdCci3bjruu6SDLIVSxUeU7HkR6n5IBXkbqYz0PTGm2P1Wu1gbX1ITStYXot+JuuY2lluXWc3u6DfC4MA7KHftirSox0MyeCusYO++orhmEYhmEYv9A97qDfj1shF+mVS+W2yvlhIMz4bRXEsIUCO4zZFLfY\/ajtZl\/C9hme\/21vqrdnPn8hxNmptI5cQelptf9UWselq\/vavNODFoHrz3aLba8XlA7LFnqu8GDM0Rt\/4vgWLl3dB31rFy5d3RdKvG6YOL6FtZt7xSqJoFdGWCHbIJ27\/L7l6woPxjC\/33oOUy8EoLniY5CQba92Irqu49yZs4gnEkLMk0VYqmZPplIdFcLkcWx8jxXGav9eo2ka6rWaqDzv9qYlyLGh+E5\/8SUePXnsOpkybDjNt35CguZDlwK6FZqmhXo\/0E9qtRoireXDVNEvHz+q4FZbxxbw3jS2kC\/sKM\/0cqmEJSyL5t50wz41PT00gj\/Qbu3T63M2qDnRzTWWrvHdJosZhmEYhmGGAeqFFI1FMb+4gHKp7NvSp1+USyU8LJVb1joZaJrWVkk\/6PQi\/r5X+vPNdVMEdaqSDgJjzwBl7I1jtb\/6y9dw6y7rZh+Sh14KEZ3+DrpxsSzyky2OGZQccPr85KGXKLSq\/IH+iNbplugPNBMZfix+7PoYFB+MQdscQXT\/q7aKfnks7SrhnXokUF8Adfw19L\/vans9jWvDheVSGOQKikhI7GSo8aZczSjbnURsbFOSqaRoMmOHXO0\/0cUNA\/nieRUTKQYAXdtKBD02hFwJ3u\/KUrIpsrP+8XsszOZbEDQreq2fs0I+nrqutzXipRhVNQJVar40jDQ0TTSIMnvOiXqtjmQqJYR\/oH1cqckX+VHquj7U4xUE8n2s3ASWmkYbbYGisVjoP0b82HmRtU+tdYzNtkUN3gaZbq+xg5KkZBiGYRiGCZO11Svi9\/Ld+\/eGrjoegOjxVC6VArXE6RW9iL+vSlcxn3\/nb66VsTehe\/kTZtXhcrV\/wUT0p\/fYieck4LoR7yPjrxHd\/+ptA98QGrq6adJLPNwYdVzhcOzwSyF+q634e02kZSlU3hhF8cGYJ9E\/+uErVH\/cY3kMaRWDvrWrbbtyLwEn6s92265A0P7SvNRomyOY\/N246WsKD8ag\/WUEt77ddPWZQdDYHBE2U+8isrDj9Dq5gtWOXDaLmblZxBMJ30ldqjD2IyYGJTKHMTaDBsVMzaGM4y375w+KsEtWHl6R54XR+5KYyGSgaY2hruLvdhUC3ZMlU0nRS6D9+bp4Xn79IEOrcuye7warbdPj584490QJCtl6zCv0nmQqJar+jdy6cxv7P\/iVeD39OBzmcwbwlyRhGIZhGIYZZuh3HjWNHUYiqgq9tVJ5GOlF\/Laiv5lvchDouo5ivtBWhRnUZ8k\/QBuaFlj8fipO3TCV1gOvdPeCMvYGE60Gu9Uf96D6dE+bl3zy0EthxZMrKB12ONWne0QFuFuf+1NpHeeWmlYxQVvlULU4AFy7+FfLmCZ\/P47qj3tQfuIs+icPvRR9APrpRz\/xr1sob4xC39rlqQdD\/OB2m42TsceAbLUkjxd58APAD9\/9r+U83f8vHwBoWvg42SUNGvK+DzvXblzH2uoVUxFOtuKQr4kkrueyWUvv4x\/++FTY2LipnG9e3\/OYyGR83TyQFzMA1z7m8ntJvOlWjPQ7Noqi4NqN6zj9xZemYqJse9TvilnyDlQUBV8vLnQ0zKRKZbPvZz\/zjRl8jL79xuP7tplvwvT5QYRWJyRTybb5GFTiQrbwGYTxkK3Hwjz\/dF0XNpxyMk5uXBzGeIRxjTVb1cIwDMMwDLPTaGia+G27tLKMZCrZVug1DDRXfl8RvczI3ndY6HX8tqJ\/N832vBLGZxXy+VCbSXaL0W6nX5xqVfsDTRFUrrSWm+9SNXj8YDMp0Gg9RrgV\/Y8deon4wW3ED2wHnvCQq\/zl5IWR5KGXIsnhhqm0jvLGqOemw41Ww2A77OKUkZMP6wXFtegvv48sgtLHt8TqDjr28YPbbZX6lMyJ7n9le5xoBUL1xz2Wov\/8b59D\/7u5uH7p6j7Un+1G+vhWT5MG1ad7Ovo9DCvpTAbJVArxRAK57DrKpZJUsZsSwoyu64Ymvs1qTmrUaUa1UmltO+7aLmdt9YorL2vjl1s8kWgTmh9afB4JWjKqqrb1gbESb+wq+OXx8Ts284sLiCcSuHv\/HtZWr6BaqUDTNNEk8+uWrcegiEvFfB5T09NIplK4vLIsbEiSqaSo4jUeB7\/zjTA7fjINTQt8ZYHdPcb84gKisRiK+TyKId4zqGrEdr\/lBk79wjjutVZlP2FV+S+jqiomMplWw+PuxjOeSAjx2u85Q6L\/RCaDcqks+hLQNcqtMG12\/ORrltXxM4rvblcR+YX2V7YacsOlCxdNE7WyHZHxHCqXSkimUphvJQ11Xcf84oLYThiifxjXWEryhlXgwzAMwzAMMwgUpOLreD4+lJY+dP9XrVSQzqRDv7cOml7Hv\/ONrAeYXtn6OBEZf4308S0UHoyZVvt\/\/dVznF74BYBmUgA3O7cxldZdN5dVxt6EZuFSbnnHxw\/aJxRo\/\/StXR37a8ZUWvclSBcejDkKy8\/+6yfX26OGvvVnu13FTRiPobFxrTL2BpfP\/dz2WLlV6e+UzIkf3EZ5Y1S83gw7SyQ6TpEeWyftxOa9iqLYNkHPZdeFKCXbN9iJ+dVKVdg9WFW8G9E0TVT722Hna722esVS+KWsuBW5bNZSPLV7HzWCD2JsIqqKpZVly\/da+a73GkrQKIqCiUym45jpum4Zq5f5JuN0\/NZWrwRuF2K3mpBi1LRGqDZGZuMrM3ni5EAkg0gUB8xFW\/l5s\/GKtBJw1UolENF\/Zm4Wa6v+E2W57DqmpqehKIrpvJP99u1wOn7G87xVEv8AAASDSURBVIQE8Vt3bptWwYdFtVJtJUvinvqNuBHojccgl10Xjc4fPXnc9ly5VAr1fAryGvt2ZZLbLlYMwzAMwzDDRzQWFf8\/bGI5QYUtvbivDoNex78zfC2GkPjBbdeV8b1AXnFgFEOTh17i8vmfjW8RpI9v+WosGwYkPDuJ4XL1OiUKhgG5iXDxP91XqdsdQ0rCtFX5P90jbG9oZYcV8ljbCf+DRLGV4NopFPJ5S6sDIpfNtgmpVNnoJKTR83JjTzf4FbV1XcelCxc9iVUyxXzedXLCim7G5tyZs7b7rus6zp85OxDiLtCMZ\/LESdO5Q88ZhTs\/840ZHmTx12yeOj0\/aGjSMmYjVhZVXjl\/5mxHgnBt9Yo4R2jFQjQWC90CiOJIplKh+7NWKxXT1TENTcP5kHoZBH2NlW3humn+zjAMwzAMM+gkUyl8\/+Qxvn\/yeCgFc6BZOHj3\/r2OgpNhodfx21b6xxMJ22q8dwmqAA2K+d\/2TiSPH9zGDF5AtanEj4y\/xuXzP0PbbE4JfWtXW6X8xPEtxA9sN1cDtOxqoh++QvLwS0uBXf2lN\/siN3Ha0dgcEZ+XdmF9M\/\/Vc2ibI22fl27tp5PQTdDnqb9sj5m24xWr7RHG42T2mVaxG4+h8o9vED+4jYnjW6arIigWNwkUeq0fuyavY94t1Ntgp1EulVA9\/NZuJiI8iqtt9itEvVYXS8vsqNdqpgKLk6ivtUSfiKp2WCYU8wXTisqGpqFcKlmKyQ1Ns\/1cs\/10Gy9tHwhibFZRzOdxrHUsqNFvtVLFQ4fqV9pHLzYTTvvmtM16rYajh49gIpMRPuflUhnFfN7yWHidb3IcTvRaSKb56PS5fo4NQL6Nzq8z2y69t5djUi6Voet\/s9xPet7pPLU6772Mn5f9t9t+LptFvVZDOpMW16RCvuBqu3bHj2zIzM7peq2G33zyKSYyGcQT8dZrm\/ZCZH\/kNn4v1Gs1NDQNEVXF1PR0R\/LN65xyOm\/PnTmLaqWKY6kkFEVxvHbI+N1nP9dYq\/0+1bJnsvvuYRiGYRiG2SkMk3+\/FcOasCB6Gf8\/fPjPH\/w3gKNmT7Lo\/5YgRf\/08S0s2VTOMwwTHmb2RgzDMAyzU5iansb84gJ0XcfRw0dYzLZAVVV8d\/8eFEXB+TNnB7oPGMMwDMMwO5Nhsdmx6rs2TDY7Zj24hj1+Bx6xp3+PUcbeDETzXoZ5F9G3donGxQzDMAyzEynm85iZm4WiKKbV\/kwTGqMgmk4zDMMwDMP4YRjsMu2w6502DAx7\/E7Yiv47fee9EJQHq5eGtwzDBMs3V\/eJXgUMwzAMsxPRdR257Dpm5mahqpF+hzOw0PL2bvvAMAzDMAzDMMwgYmvvwwSP3ECWYZjespOa9zIMwzCMHZdXlnEupIa6OwFFUTAzN8uiP8MwDMMwDLMTecSiP8MwDMMwDMMwDMMwDMMwDMPsDB6xzwXDMAzDMAzDMAzDMAzDMAzD7BBY9GcYhmEYhmEYhmEYhmEYhmGYHQKL\/gzDMAzDMAzDMAzDMAzDMAyzQ\/j\/qB3jpt4CvnkAAAAASUVORK5CYII=\" alt=\"Markalama G\u00f6rseli\" title=\"\"><\/p>\n<\/div>\n<div>\n<table style=\"width: 100%;\" cellspacing=\"0\" cellpadding=\"0\">\n<tbody>\n<tr>\n<td style=\"width: 120px; font-weight: bold;\">\u041d\u043e\u0440\u043c<\/td>\n<td style=\"width: 400px; text-align: left;\">EN ISO 3861<br \/>\nTS 5928 EN ISO 3861<br \/>\n\u0418\u0421\u041e 1307<\/td>\n<td style=\"width: 120px; font-weight: bold;\">\u0426\u0432\u0435\u0442<\/td>\n<td style=\"width: 400px;\">\n<div class=\"color-icons\"><img decoding=\"async\" src=\"data:image\/svg+xml;base64,PHN2ZyB2aWV3Qm94PSIwIDAgMTAwIDEwMCIgeG1sbnM9Imh0dHA6Ly93d3cudzMub3JnLzIwMDAvc3ZnIj4KICA8Y2lyY2xlIGN4PSI1MCIgY3k9IjUwIiByPSI0OSIgZmlsbD0iIzAwMDAwMCIgc3Ryb2tlPSJibGFjayIgc3Ryb2tlLXdpZHRoPSIwLjUiLz4KICA8Y2lyY2xlIGN4PSI1MCIgY3k9IjUwIiByPSIzOCIgZmlsbD0id2hpdGUiIHN0cm9rZT0iYmxhY2siIHN0cm9rZS13aWR0aD0iMC41Ii8+CiAgPGNpcmNsZSBjeD0iNTAiIGN5PSI1MCIgcj0iMzMiIGZpbGw9IiMwMDAwMDAiIHN0cm9rZT0iYmxhY2siIHN0cm9rZS13aWR0aD0iMC41Ii8+CiAgPGNpcmNsZSBjeD0iNTAiIGN5PSI1MCIgcj0iMjIiIGZpbGw9IndoaXRlIiBzdHJva2U9ImJsYWNrIiBzdHJva2Utd2lkdGg9IjAuNSIvPgo8L3N2Zz4=\" alt=\"\" title=\"\"><\/div>\n<\/td>\n<\/tr>\n<\/tbody>\n<\/table>\n<\/div>\n<\/div>\n<\/div>","protected":false},"excerpt":{"rendered":"<p>&nbsp; \u00dcr\u00fcn Ad\u0131: KUM AMERICA 4 \u00dcr\u00fcn Kodu: ABSB717 Kumlama 4 Kat \u2264 60mm\u00b3 Kullanim Alan\u0131 : Metal, ta\u015f ve beton y\u00fczeylerin temizlenmesi ve kumlanmas\u0131 i\u00e7in. Alt Katman : A\u015f\u0131nmaya Dayan\u0131kl\u0131, Antistatik Do\u011fal Kau\u00e7uk. Takviye Katman\u0131 : Y\u00fcksek Mukavemetli Sentetik Tekstil. \u00dcst Katman : A\u015f\u0131nmaya, ozona ve hava ko\u015fullar\u0131na dayan\u0131kl\u0131, mikro delikli do\u011fal ve sentetik [&#8230;]\n","protected":false},"featured_media":22272,"comment_status":"open","ping_status":"closed","template":"","meta":{"jetpack_post_was_ever_published":false},"product_brand":[],"product_cat":[2360],"product_tag":[],"class_list":{"0":"post-21398","1":"product","2":"type-product","3":"status-publish","4":"has-post-thumbnail","6":"product_cat-sel_asinmaya_dayanikli_hortumlar","8":"first","9":"instock","10":"taxable","11":"shipping-taxable","12":"product-type-simple"},"jetpack-related-posts":[],"jetpack_sharing_enabled":true,"jetpack_likes_enabled":true,"_links":{"self":[{"href":"https:\/\/tuzlahortum.com.tr\/ru\/wp-json\/wp\/v2\/product\/21398","targetHints":{"allow":["GET"]}}],"collection":[{"href":"https:\/\/tuzlahortum.com.tr\/ru\/wp-json\/wp\/v2\/product"}],"about":[{"href":"https:\/\/tuzlahortum.com.tr\/ru\/wp-json\/wp\/v2\/types\/product"}],"replies":[{"embeddable":true,"href":"https:\/\/tuzlahortum.com.tr\/ru\/wp-json\/wp\/v2\/comments?post=21398"}],"wp:featuredmedia":[{"embeddable":true,"href":"https:\/\/tuzlahortum.com.tr\/ru\/wp-json\/wp\/v2\/media\/22272"}],"wp:attachment":[{"href":"https:\/\/tuzlahortum.com.tr\/ru\/wp-json\/wp\/v2\/media?parent=21398"}],"wp:term":[{"taxonomy":"product_brand","embeddable":true,"href":"https:\/\/tuzlahortum.com.tr\/ru\/wp-json\/wp\/v2\/product_brand?post=21398"},{"taxonomy":"product_cat","embeddable":true,"href":"https:\/\/tuzlahortum.com.tr\/ru\/wp-json\/wp\/v2\/product_cat?post=21398"},{"taxonomy":"product_tag","embeddable":true,"href":"https:\/\/tuzlahortum.com.tr\/ru\/wp-json\/wp\/v2\/product_tag?post=21398"}],"curies":[{"name":"wp","href":"https:\/\/api.w.org\/{rel}","templated":true}]}}