{"id":21341,"date":"2025-08-11T10:50:14","date_gmt":"2025-08-11T07:50:14","guid":{"rendered":"https:\/\/tuzlahortum.com.tr\/urun\/heater-l-l\/"},"modified":"2025-08-20T15:55:36","modified_gmt":"2025-08-20T12:55:36","slug":"heater-l-l","status":"publish","type":"product","link":"https:\/\/tuzlahortum.com.tr\/ru\/product\/heater-l-l\/","title":{"rendered":"\u041d\u0410\u0413\u0420\u0415\u0412\u0410\u0422\u0415\u041b\u042c L\/L"},"content":{"rendered":"<p>&nbsp;<\/p>\n<div class=\"report-container\">\n<div class=\"report-header\">\n<div class=\"standard-text\">\u041d\u0430\u0438\u043c\u0435\u043d\u043e\u0432\u0430\u043d\u0438\u0435: \u041d\u0430\u0433\u0440\u0435\u0432\u0430\u0442\u0435\u043b\u044c L\/L<\/div>\n<div class=\"standard-text\">\u041a\u043e\u0434 \u0442\u043e\u0432\u0430\u0440\u0430: LL\/HC162<\/div>\n<\/div>\n<div class=\"product-image-container\">\n<div class=\"key-feature\">\u0410\u0432\u0442\u043e\u043c\u043e\u0431\u0438\u043b\u044c\u043d\u044b\u0439 \u043e\u0442\u043e\u043f\u0438\u0442\u0435\u043b\u044c \u0441 \u043d\u0438\u0437\u043a\u0438\u043c \u0441\u043e\u043f\u0440\u043e\u0442\u0438\u0432\u043b\u0435\u043d\u0438\u0435\u043c \u043c\u0430\u0441\u043b\u0430<\/div>\n<\/div>\n<div class=\"horizontal-line\"><\/div>\n<div class=\"product-details\">\n<div class=\"detail-row\">\n<div class=\"detail-label\">\u041e\u0431\u043b\u0430\u0441\u0442\u044c \u0438\u0441\u043f\u043e\u043b\u044c\u0437\u043e\u0432\u0430\u043d\u0438\u044f<\/div>\n<div class=\"detail-value\">: \u0414\u043b\u044f \u043f\u0435\u0440\u0435\u0434\u0430\u0447\u0438 \u0433\u043e\u0440\u044f\u0447\u0435\u0439 \u0432\u043e\u0434\u044b \u0441 \u043b\u0435\u0433\u043a\u0438\u043c \u0441\u043e\u0434\u0435\u0440\u0436\u0430\u043d\u0438\u0435\u043c \u0445\u0438\u043c\u0438\u0447\u0435\u0441\u043a\u0438\u0445 \u0432\u0435\u0449\u0435\u0441\u0442\u0432 \u0432 \u043f\u0440\u043e\u043c\u044b\u0448\u043b\u0435\u043d\u043d\u044b\u0445 \u0443\u0441\u043b\u043e\u0432\u0438\u044f\u0445.<\/div>\n<\/div>\n<div class=\"detail-row\">\n<div class=\"detail-label\">\u041d\u0438\u0436\u043d\u0438\u0439 \u0441\u043b\u043e\u0439<\/div>\n<div class=\"detail-value\">: \u0420\u0435\u0437\u0438\u043d\u0430 EPDM<\/div>\n<\/div>\n<div class=\"detail-row\">\n<div class=\"detail-label\">\u0423\u0441\u0438\u043b\u0438\u0432\u0430\u044e\u0449\u0438\u0439 \u0441\u043b\u043e\u0439<\/div>\n<div class=\"detail-value\">: \u0412\u044b\u0441\u043e\u043a\u043e\u043f\u0440\u043e\u0447\u043d\u044b\u0439 \u0441\u0438\u043d\u0442\u0435\u0442\u0438\u0447\u0435\u0441\u043a\u0438\u0439 \u0442\u0435\u043a\u0441\u0442\u0438\u043b\u044c.<\/div>\n<\/div>\n<div class=\"detail-row\">\n<div class=\"detail-label\">\u0412\u0435\u0440\u0445\u043d\u0438\u0439 \u0441\u043b\u043e\u0439<\/div>\n<div class=\"detail-value\">: \u0410\u0431\u0440\u0430\u0437\u0438\u0432\u043d\u043e\u0435 \u0432\u043e\u0437\u0434\u0435\u0439\u0441\u0442\u0432\u0438\u0435, \u0442\u0435\u043f\u043b\u043e, \u043a\u0438\u0441\u043b\u043e\u0440\u043e\u0434 \u0438 \u043f\u0440\u043e\u0447\u043d\u0430\u044f, \u0433\u043b\u0430\u0434\u043a\u0430\u044f EPDM \u0440\u0435\u0437\u0438\u043d\u0430.<\/div>\n<\/div>\n<\/div>\n<div class=\"datasheet_table\"><img decoding=\"async\" class=\"alignnone size-full\" src=\"https:\/\/tuzlahortum.com.tr\/wp-content\/uploads\/2025\/08\/datasheet214.svg\" alt=\"\" title=\"\"><\/div>\n<div class=\"table-notes\"><\/div>\n<div class=\"horizontal-line\"><\/div>\n<div class=\"footer\">\n<div class=\"standards-section\">\n<div class=\"standard-item\" style=\"margin-top: 9px;\"><\/div>\n<div class=\"standard-info\"><\/div>\n<\/div>\n<div class=\"temperature-section\">\n<div class=\"temp-icon\"><img decoding=\"async\" src=\"data:image\/svg+xml;base64,PD94bWwgdmVyc2lvbj0iMS4wIiBlbmNvZGluZz0iVVRGLTgiPz4KPHN2ZyBpZD0ia2F0bWFuXzIiIGRhdGEtbmFtZT0ia2F0bWFuIDIiIHhtbG5zPSJodHRwOi8vd3d3LnczLm9yZy8yMDAwL3N2ZyIgdmlld0JveD0iMCAwIDcyLjI3IDE2Ljk4Ij4KICA8ZGVmcz4KICAgIDxzdHlsZT4KICAgICAgLmNscy0xIHsKICAgICAgICBzdHJva2Utd2lkdGg6IC41OXB4OwogICAgICB9CgogICAgICAuY2xzLTEsIC5jbHMtMiwgLmNscy0zLCAuY2xzLTQgewogICAgICAgIGZpbGw6IG5vbmU7CiAgICAgICAgc3Ryb2tlLW1pdGVybGltaXQ6IDMuODY7CiAgICAgIH0KCiAgICAgIC5jbHMtMSwgLmNscy0zLCAuY2xzLTQgewogICAgICAgIHN0cm9rZTogI2E3YTlhYjsKICAgICAgfQoKICAgICAgLmNscy01IHsKICAgICAgICBmaWxsOiAjYTdhOWFiOwogICAgICB9CgogICAgICAuY2xzLTIgewogICAgICAgIHN0cm9rZTogI2ZmZjsKICAgICAgfQoKICAgICAgLmNscy0zIHsKICAgICAgICBzdHJva2Utd2lkdGg6IDIuMDZweDsKICAgICAgfQoKICAgICAgLmNscy00IHsKICAgICAgICBzdHJva2Utd2lkdGg6IC4ycHg7CiAgICAgIH0KICAgIDwvc3R5bGU+CiAgPC9kZWZzPgogIDxnIGlkPSJrYXRtYW5fMSIgZGF0YS1uYW1lPSJrYXRtYW4gMSI+CiAgICA8Zz4KICAgICAgPHBhdGggY2xhc3M9ImNscy0zIiBkPSJNMTEuMzQsMTEuNTdjLS45NCwxLjcxLTIuNzEsMi42Ni00LjgsMi42Ni0zLjA1LDAtNS41MS0yLjQ3LTUuNTEtNS41MlMzLjUsMy4xOSw2LjU1LDMuMTljMS45NCwwLDMuNjUsMSw0LjYzLDIuNTIiLz4KICAgICAgPGNpcmNsZSBjbGFzcz0iY2xzLTUiIGN4PSI2LjU1IiBjeT0iOC42NiIgcj0iMi40Ii8+CiAgICAgIDxjaXJjbGUgY2xhc3M9ImNscy0yIiBjeD0iNi41NSIgY3k9IjguNjYiIHI9IjIuNCIvPgogICAgICA8bGluZSBjbGFzcz0iY2xzLTMiIHgxPSI2OC4zNCIgeTE9IjExLjc2IiB4Mj0iOS45MiIgeTI9IjExLjc2Ii8+CiAgICAgIDxsaW5lIGNsYXNzPSJjbHMtMyIgeDE9IjY4Ljc4IiB5MT0iNS41MSIgeDI9IjkuNzMiIHkyPSI1LjUxIi8+CiAgICAgIDxsaW5lIGNsYXNzPSJjbHMtMyIgeDE9IjU0LjA3IiB5MT0iOC43NSIgeDI9IjguNjQiIHkyPSI4Ljc1Ii8+CiAgICAgIDxwYXRoIGNsYXNzPSJjbHMtMyIgZD0iTTY4LjE1LDUuNTVjMS43MSwwLDMuMDksMS4zOSwzLjA5LDMuMDlzLTEuOTIsMy4wNi0zLjYyLDMuMDYiLz4KICAgICAgPHBhdGggY2xhc3M9ImNscy01IiBkPSJNNTMuOTEsOC43NWMwLS4xNC4xMi0uMjYuMjYtLjI2cy4yNy4xMi4yNy4yNi0uMTIuMjctLjI3LjI3LS4yNi0uMTItLjI2LS4yN1oiLz4KICAgICAgPHBhdGggY2xhc3M9ImNscy0zIiBkPSJNNTMuOTEsOC43NWMwLS4xNC4xMi0uMjYuMjYtLjI2cy4yNy4xMi4yNy4yNi0uMTIuMjctLjI3LjI3LS4yNi0uMTItLjI2LS4yN1oiLz4KICAgICAgPGxpbmUgY2xhc3M9ImNscy0xIiB4MT0iMzYuNDMiIHkxPSIxNi45OCIgeDI9IjM2LjQzIiB5Mj0iMTQuMjQiLz4KICAgICAgPGxpbmUgY2xhc3M9ImNscy0xIiB4MT0iMjguMDUiIHkxPSIxNi45OCIgeDI9IjI4LjA1IiB5Mj0iMTQuMjQiLz4KICAgICAgPGxpbmUgY2xhc3M9ImNscy0xIiB4MT0iMTkuNTkiIHkxPSIxNi45OCIgeDI9IjE5LjU5IiB5Mj0iMTQuMjQiLz4KICAgICAgPGxpbmUgY2xhc3M9ImNscy0xIiB4MT0iNDEuNTciIHkxPSIyLjc0IiB4Mj0iNDEuNTciLz4KICAgICAgPGxpbmUgY2xhc3M9ImNscy0xIiB4MT0iMzMuMjgiIHkxPSIyLjc0IiB4Mj0iMzMuMjgiLz4KICAgICAgPGxpbmUgY2xhc3M9ImNscy0xIiB4MT0iMjQuOTkiIHkxPSIyLjc0IiB4Mj0iMjQuOTkiLz4KICAgICAgPGxpbmUgY2xhc3M9ImNscy0xIiB4MT0iMTYuMDgiIHkxPSIyLjc0IiB4Mj0iMTYuMDgiLz4KICAgICAgPGxpbmUgY2xhc3M9ImNscy0xIiB4MT0iNDQuNjMiIHkxPSIxNi45OCIgeDI9IjQ0LjYzIiB5Mj0iMTQuMjQiLz4KICAgICAgPGxpbmUgY2xhc3M9ImNscy0xIiB4MT0iNDkuNDkiIHkxPSIyLjc0IiB4Mj0iNDkuNDkiLz4KICAgICAgPGxpbmUgY2xhc3M9ImNscy00IiB4MT0iNDAuODgiIHkxPSIxNi45OCIgeDI9IjQwLjg4IiB5Mj0iMTQuMjQiLz4KICAgICAgPGxpbmUgY2xhc3M9ImNscy00IiB4MT0iMzIuMzMiIHkxPSIxNi45OCIgeDI9IjMyLjMzIiB5Mj0iMTQuMjQiLz4KICAgICAgPGxpbmUgY2xhc3M9ImNscy00IiB4MT0iMjMuNzkiIHkxPSIxNi45OCIgeDI9IjIzLjc5IiB5Mj0iMTQuMjQiLz4KICAgICAgPGxpbmUgY2xhc3M9ImNscy00IiB4MT0iMjAuNTkiIHkxPSIyLjc0IiB4Mj0iMjAuNTkiLz4KICAgICAgPGxpbmUgY2xhc3M9ImNscy00IiB4MT0iMjkuMTMiIHkxPSIyLjc0IiB4Mj0iMjkuMTMiLz4KICAgICAgPGxpbmUgY2xhc3M9ImNscy00IiB4MT0iMzcuMTYiIHkxPSIyLjc0IiB4Mj0iMzcuMTYiLz4KICAgICAgPGxpbmUgY2xhc3M9ImNscy00IiB4MT0iNDUuNzEiIHkxPSIyLjc0IiB4Mj0iNDUuNzEiLz4KICAgIDwvZz4KICA8L2c+Cjwvc3ZnPg==\" alt=\"S\u0131cakl\u0131k\" width=\"100\" title=\"\"><\/div>\n<div class=\"temp-values\">\n<div>-40\u00b0C \/ +125\u00b0C<\/div>\n<div>-40\u00b0F \/ +257\u00b0F<\/div>\n<\/div>\n<\/div>\n<div class=\"marking-section\">\n<div class=\"detail-row\">\n<div class=\"detail-label\">\u041c\u0430\u0440\u043a\u0438\u0440\u043e\u0432\u043a\u0430<\/div>\n<div class=\"detail-value\">: \u0422\u0438\u0441\u043d\u0435\u043d\u0438\u0435 \u0438\u043b\u0438 \u0441\u0442\u0440\u0443\u0439\u043d\u0430\u044f \u043f\u0435\u0447\u0430\u0442\u044c<\/div>\n<\/div>\n<p><img decoding=\"async\" class=\"marking-image\" src=\"data:image\/png;base64,iVBORw0KGgoAAAANSUhEUgAABf4AAAAsCAYAAAA0N6k3AAAACXBIWXMAACE3AAAhNwEzWJ96AAAbC0lEQVR4nO3dPW\/bWLoH8P8uth1+ARPYDHYasdgFtpGKBDsLWCwSzBYWiwzSOCpmbhpZRTIpYvsCtqdI7MJxk00K2U2QFLKLDZJCCrAD7BbSF5CaC9xb0P2C+QK3kJ7jI5ovhxQl057\/DxjszFoS3w4Pyec8fM5v\/vD7W7cArIOIiIiIiIiIiIiIiK67k98BuAXgv694RYiIiIiIiIiIiIiIaH6\/\/Paq14CIiIiIiIiIiIiIiIrDwD8RERERERERERER0Q3CwD8RERERERERERER0Q3CwD8RERERERERERER0Q3CwD8RERERERERERER0Q3CwD8RERERERERERER0Q3CwD8RERERERERERER0Q3yu6teASIiIiK6eWzbxopt49z34fv+Va8OERERERHRr0ohgf+K48CyrCJ+KlYQBBiPRuohEgDGoxGCIFjocomIfm0sy8KrN6+xt7OL8Wh01atDvwIvDvYxHAxx2u0u9bu0WK\/evEbFcfDohx9vVOC\/4Xmo1qr46fGTpX53Gcq+fkREREREZG7uwH\/ddfHqzesi1iXRcDDAg\/vfY83z0GpvAAAe3P8ew8Gg8GXVXRcVx0EQBBgOBsaBLxkASRuQSBooyZIVV63VACB2H8ggiQyaCMuyUHGc1N9PWhf5jfBvh5dtQvaXbE+S8PKSvmM6MJS2LcDFMUvaJ7Zto1qrqezG4WBgdCyrtZrajqTvFXHc8iw3zDSD07QNZBnA0\/dBVLu3LAvVWk0dz8+9XuI6VhwHddcFMNkH\/V4vdV3SjkNan2RZFuqum6udRDHZfybtV9dqb6Baq+Hvb17jL7fvpH6eaB5118Wa52HVdY3Ph\/B31zwv8rtZ+mWTvk3Ow7TzLu36HP5clPAyTK8BwMV1IE8\/XNQ9im3ban2DIEDFcYyvsUVcPxZ1T2ZZFp4f7AMA+r0++r1e6noK27bxbHsLlmWpwSqTe5AkFcdBtVZT2zocDHK3myAIcm8bERERERGVz9yBf9OHieug4jj4+5vXlx42h4MBHv3wY2pw7e37d7AsC08fP0nMPNzc3kp82M+yPAD45tbXkX+XQRIZNBEVx1HfTXJ0+BJHh4exv725vYVz348MDOoDNGlkAMdkncLbkvadk04Hezu7iZ+R\/RH+bZ0cs7h9srm9hfVm89L\/n7QP666Lze2tyODGWbeLo8OXMwGHIo5bnuWGPdveQt11cdbtJmYEmraBLAN4+j4It3v5mx7A2dzeimwDktEePg+fBVt4cP\/7xOBL2nEIggA\/7+xG9gFR65j0eV3SMoeDQWR2vmVZ2NzewprnAUhvG8AkMCVtmRmftAz9Xg\/DwQDVWg2t9kamdre5vQUAkf1W1n5Z+qyk80TOw6R+S+8jvr19J7E\/zXINM70GABfbmKcfLuoeRX4jCAK8ff8u9n7Btm18+PRRrYfv+4VcPxZ1TxYEAY4OX6LV3sDm9lam4HirvTEN+g\/UOpncg0SJu44FQYCnj5+o9crebvJtGxERERERlU+hNf7Pul34\/nmRP6mcL\/gV8XBALggC9e\/VWg1v37\/Dd3fvxX6\/7rrq86tufa6SA9VaDa\/evM70ALhsDa8BAFiZZvSVtRzIerOJIPiSGuycx4uDfRVYDZPARXj5coyFZCRK5uGa56HiOIltLo95lyvZ6gCw6roAyhEYtixr5vwdDgZqm9abTQwHw5kAhmS0AxcZnZIxOW+Wu2SD+tPs4qR1lGU+P9jPnOmskz4qPGjx\/GBfHS9T0mYlGEu0DE8fP8Ev\/\/4X1jwvdfBRNDxPZeifdDozf8vTLxdFro\/ApJ8Mr1sWy7iGZWV6j7Lq1gEAP+\/s4tl0sLnheZfuj+Q4SbZ6ERZ9T3Z0eIiG14jdpii2battTUtISCPXk6jkGxkQyPtWbJ5tIyIiIiKicio08J8lSy\/rvACLruW\/OX31OggCPPrhR\/WwtN5sYnN7CxXHQavdTsjermv\/7qrfShL1UCbLkzIsiwy8Zc0uE\/rr+8AkyLG3Mxv4Pzo8nNlXEpgE4t9QEGl\/N\/mOnum83nyIk05nIW2oWqupB\/mzbhd7O7tq0EiCrq32xnRQ7CKQJYGn8Wh0qfZxw\/PwbHsrNjCQ97jNu1wAM0FkGQRIywg0yTKf15rnqXPub3fvwff9mcDImteYWU89+CJBORn8W7Fto+2KOg62baua1q32Bh7cvzh\/49bxw6ePWJkGhEz2U7it110Xzw\/2IwctpHQGAKOyGTL4A0yOG9Gy+L6Ps25X9dkmgdH15kMAwHHneKZ\/z9svF0XvJxtewyjwb3INGw4Glz73P\/\/3vwDS35zK0w\/Pc4+iDxKfdrtYsW202htY8xozgeTJ4OzkOJ50jgtZb2A592RHhy\/x\/GAf682HRsFx2c5+rzd3ssR6s6nuw8LXsRcH++p\/\/3L7Tq52k3XbiIiIiIionH57VQve3N7C2\/fvjP+R1\/kXQWoAA5gJ+gOT1+wlAKZn8YWtTh9wJViYNctWX548EJrUvL8KRW3rIgVBoAJHWerbZiVtYjgY4KfHT2ZKATz64UcVdA1nnsqx\/enxk0uBp9NuF3\/+458WMugz73Ilg\/Pi2NdjP7tMsh56IC8IAhVI0gcZbdtW\/32mBTT0bNO87cX3fdVfhM9fWceTzvHMOp52T6fLrORaZr\/XUwMQK6FBubPuKb6bDjKYkHN5PBqV9i0eurn6vT4As2uKPgB9FgpM5u2Xi1BxHKzYNsajEc59HxXHgW04341uWdewrEzvUeqh+wQ5RvrcMvI5GaAsMsC8jHsyvZSOyTGWdTib9vnzkDZ+dPhyZmBJBvWByfUg731k1m0jIiIiIqJyurLAf5lIJqxM5hsmwf\/TmIc1eXAdDgbqgW51joCoBCks66vcv7FI8sB50jnGeDS6FGwsi\/DkdotwEXiKbhvSZqq1auTfryq4mme5egbn0+nbPaslGfTZ29nFg\/vfX8oY\/SriuOuZ7+EM0PFoPPe6xLW7B\/e\/xze3vl7I2w96oF4PcJ12u5nedJF2KgFYym6STd5GIyKo3PA8tNrtUgyWttpttNptAJjW1p\/8tx4olFJZrXYb681mZD8q35WyVXGfj1uGTibXNrmm6JPnhtv4vP3yPOT6qE+MmrefXMY1LA+TexS5B\/o87UvkjQ5gNoniouxScW8YLeueLAgC42OsT1Y8b918y7LUb4UHvQDMlJnLG\/jPsm1ERERERFRehZb6+fDpY2KQSSZECwcdTcqWLLLUjzwYxQVDJ+udNFmqZEH31cOW6avlSYLgS+7vLopkWcogidRSjyr3UyaLaj8SYJqnNvtV1FHPs1w9gzMIAoxHI1Qcx6gszqLFnbsS2Fv0HCFxTNqdba8AAIaD4cKXlUaCSaztn5\/v+2oeDT0AZ9s2nh\/sAzC75i2aBFzPfV+t18SGmhg0XEO84TXw4P73l8rqtNobOOl8pcrihT8v5ajCy4jK8B6PRqjWanBS5o65aKuXz5t5++V56P2kTJRtWu4nyaLLHeaRdI8SzvgHJsH9Nc9T8zisTIPhepC5CMu8JxuPxqi7LpyUN7aK7Fv1c2yRbdx024iIiIiIqLwKzfivOI56jTvqH6mrGyYB5KR\/ylx2QrKhPk8DovO8Wi77ELi6YGUSfVuBi8zJMmSwhq03m+rfy7YvpT2\/evMarXZ7aa\/Sz7PccAbnxbEvR7mfMBmUABD7ts4iSB3npDYn5cVa7TbWPA9BEERmbi5b2iAopRuPRip7Wb\/ePZuWqzvrdks1sPJse0uVuZKg6PODfbx68xortj1z\/a04TmzZvbXpRLvhz7968xrPD\/YjlxHV\/0ggP21OChnUK1NblTI\/576P8WikBknzlksp4zXM5B4lPEgsfN9X90cydwEweXuwyIGNZd6Tybmc3l6vX99qum1ERERERFRec2f8Tx7kHxq\/hh71OZlkLG05ZciSDJMssvFopDKvPvf6qLsuVt16Ys3aze2tSw+7+gOmab1bmTQ3LC3QIJOZRtnb2Y18QNXLGABQdYylNEMRD7Vx63TWPY3dJ+Hv6DWRTSdwTNofRZcy2tvZxdv372BZFlrtDbTaGzj3fYxGI3zu9ROPfZ7jNu9y9TI\/EkT53Othc3trGmSJn9i74TViS2os8px+Mc0wlsHDokUdB72cQ1LpijXPU0Hh4WCgJh8tizKty6LJwHRSP2FPJ182bUsnnc603dfQ8Dz4vo+6687Ubc+iMQ2qJ715ZrId0et6rH5X2rT0n9\/evqPawouDfax5XmLpkLjP6xO06suo1mrw5xzwKlNbvbg+XmSvf+71sOZ5WHXdxKz\/Iq5haeuWtR\/Oe49SDw0S6046x6i7LtabD1UGftJ+ybreZbgnS1LGNzmJiIiIiOjmKiTw\/+c\/\/in1cybB\/etIHnD1YJDpq+VxweRz38d\/TSdnM5G3hqsEXuL+FqZPphje3jXPK6zcT9w6JZVCif\/OwDjQlrQ\/iiYDWa32hlqmlD2QoMhPj59EBvGzHrcilqtP+irt2fd9NeiTVO5nRQuGL0ur3VYlqWQ+gqIlHYeTTsc4SDQJDpe7VNZNJqVqhoNBbHB1xbbRam\/g6NCsVIcE+Cdv1myo382b2bw2HURIC\/ynbUeU8ATXEqgO186XMi1x5\/LnUHa3fB6YDYTry0jqFxZRf3\/RpJ\/Ur1XDwVBdH5MC3EVcw5Lk6Yfz3qOsqv1w+VyRwTPZ3nC7Ccu63ld1T7ase4ercJO3jYiIiIjopiu0xn9eJoGUsr4evRpRSsSfvuYvpUbiAoCTLL5zAJMgR7VWQxAE+O7uvUzBobjMYvnNOJMMtugSKFGvtK\/GvL7f7\/Wx5nmou24hAYq47UlqJ\/p3Gl5DlZzIklGetD\/kN4s0Wb+ByuyclMOqo+I4qDgOXhzs47u79zKtp0k5iDzLlTI\/4eX2ez2sN5uou\/XYwP8k0DNf\/fosKo6jsulPOscLq4EcPg76JJVpE\/geHR7i6PAQ1VoNr968xnqzifFoXEhGKaWzLAuWZUW2DX3+i7i3mORtqqS21e\/1VIBTyr9kmdjZntY+j7oWyDqabkeS8HflmhSe6DrtPJLvRX0+vA\/Dn70JpMxPuF59v9fDc+yrcj9x+7GIa1iSPP1wnnuUqIz7sJPOsbo3SZvUN+t6l+GejIiIiIiIqCxKEfgvYwkfE3r2WDj7Vx4yk14tP+2ezkz8+Mu\/\/6VKqmQJAMYFk1rtdmLg388YiJIyBue+P\/O78kBcVLmfLOsU9R2ZrLJaqyUGWsKS9ke1Vl1Y1ro+UfLR4SEanofnB\/sqEH85aJbtuM27XL3Mz5cgmDn2EiRJKvczHAwLWV9TUuJnUmt9ccsNHwfbXlGZvabLHQ4G+HlnF88P9rHmNRj4X5I1z8PmtLa99F\/rzYd4cbCPFdtWA18fPn1UpbCAST\/w4dNHVBwHezu7qRO27u3s4sOnj+rfs3i2vaXepJGBhhcH+yqw+ec\/\/sloO8o6aJ5mETXtFzmZulwfZXJi3cX9QHy5nyKuYUny9MN57lHqMYPEunDd\/6LW+yrvycoyB8Mi3ORtIyIiIiK66TIF\/vWas0UyeY04CIJLAQzTdYn6rk4eapLKpOgTs8lDqzzgWpYVW3M97dVy4fs+zrpdrHleKQOAepmf9WZzZtJBXRlKlpx2u2i1N7Ayrcu9yOCvBBhM57gwcdrtYr35EBXHKfR38y5XnxDx+TSoHibBkbis\/2WREj8A8NOCSvzE0UuhZAkwSuBrEX0rRfsyvSbo+1yfw0Laf7\/XQ9111aCffh34YpABrE\/uu958mOn8OJ+W0tLPP5kI+vN0MMB0O66jed4KiOqXq7Ua3r5\/h7NuN\/V6bNsrqcsIB0Nlv0+WE31Pk1buRyzzGmbK9B5FL+GzbFd5T7aoN8ui6Otusi3zWua2ERERERFRsTIF\/pMmFZ2HyW9GvfK+ub1l9Ptpr8vrgbeo7DoJGADAN7e+Vv\/\/qhaQSWKawX\/cOVaTIS4yMzGPLNtaRLmfeR13jrG5vYX15kOcdDoLezCW7M5qrRoZ1Ks4FQDXO2NOyvykSSr3UxQJ5EUdT73Ez9Hhy1yZziYBvzi+76tAcau9gQf3Z8\/fVrsNoJiJOsP0Qdl52prM2VC2\/qdop90uTrtd1F0Xr968BjBpU3+7e2\/m2AwHA9i2jX98+qja3qMffjRq55MSWpN+U96SyjI4trezi72d3Wk\/1lTr8+iHHy\/m2TDcjutE+sy0PlvaeVRbjeqXpWySzDug\/4aQZcYlI+iDMPr+lTI\/adLK\/eiWdQ3LIu0eRfZDUpmfRbqKezLpd83b6\/xzV+jXtmqtFnPvMf\/1wHTbiIiIiIiovH67zIUFQYCTzvEyF2lEn8TwWWgwwbIsNcCgT4KoZ419c+vryH8ks880cDoejdSDpZ4pWgZSxmBvZzdyW2WC5xXtzYCrJFmdlmXFvp1QhH6vD2CSiRvebj3wJ58Tb9+\/iw0uVWu1Qh7ao2Rdrl7m57u79yKP\/aPppIemQRdTUnJItzZth1EBGNMSP\/p3w\/tC\/jtvoEP6NwkU6RpeA632xqX9pGeR57W5vTWTpZ6XlLQpwzm8DOvNhwCg6uXrQWGx5nmwLEu1G\/lOGmmPkzkfJnXM9eNkQtZJ3lrTz9Gs23FdONPtSzsfRtM5CGSgQBfVL49HI3x7+87M74Zrx0uW+optoxHah5Zlqety+ByT62O\/14u9H5DlmvaTy7qGZZF2j3KxH\/qX\/rZoV3VP5kzbX3hOjLCi+1Zpg632xqU+pdVuF3I9MN02IiIiIiIqr0wZ\/+PRaK56\/Oe+r7LA9nZ2MwVAJBB31u1mzkQ1CeKddI7Ram+g7rp4+\/6dCgjok7oea4MW8kp50rr0e\/3pxKdmr5YDkyDR2\/e1pWT927atspCjSP13vcxP3PpIvfhqrTZ3uZ+kdZpMqJqeqSeDTK32xkIzJs+mJRmktMAkWPNF1XsHJueN\/vC9ub2lykHIxIWyn6u1qvrecDCIzJo0PW5heZYrQf+kclmybXHlfqq1auL6RmXA111XlRU66Rzj3Pex6tbV+nwOBZb0Ej++70cuTx8MkLb66s1rHB2+xJcgwKpbV+d63jIVsu+rtdqlrP\/T7ila7Q1sbm\/BtlcwHo1RcSpaNrfZBJb6tlnWVzOlaI4OX87VzoeDIequi2qtalSS5DqbbOckW\/bp4yf48Okj1psPZ9qjbdtYbz7Eue\/j0Q8\/4vnBPuqum5q532q3L03ou+Y1VLswfStK+pa9nV0MBwN8+PQRm9tbM5Nvm2zHdWHbtmrLadc++XvUQGZSv6wHXp9tb2E0Gqm+TX9rZ1Jjv6pKDun3AuEEBumXks7hfq+PiuMYl\/sp+hqWpx+OknSPopeZKorpel\/VPZm0v7T2KmUi5e2suEnDTa\/tJ51j1F0XFcfBh08f1ZwKMinx5DPzthmzbSMiIiIiovLKFPiX4G4R8ma3+trgQZGODg9VsDYqW\/fp4yeXXq8GLgcgdfImQZYJe4eDgSq30fAaC33gWrHtxDcLjg4vAqTAJOiedNz6vb7Kcp+n3E\/SOg0HA+P5D\/TgT9YJk00FQYAH97\/H2\/fvIjMzgyC4VGv+tHuqMncv2trsNo9HIzyNqVFvetzC8ixXyhKkBcIlWBZV7ifqfNJFDXD42hsH4W09m5Y3mV3GRfkECcyG6YH\/vZ1ddczCJcNOOp25+piz6X4OT8x50umg7tZRcZxL7WQ8GhkH2uOO\/Vm3O3ct8M+9Hjank8ouo3b0VfJ9X02uHAQB9nZ2seY1ZrZZrnln3VMEQYCfpwPWSe1DBguA2XkmZKLf9WYTp91To2vgcDBExXFU25gE8r5k3o7rQgYfTQLH49FIXSvDAzEm\/fJwMFAD\/d\/evqP219PHT2C\/nwx2R705cdLpzPSv+mBFUj\/Z7\/XQam9kKvdT5DUsTz8c97moexQp85N2n7Co9b6Ke7JqrYYV2za+N\/7c66kJ4KOSI7Jc24eDAZ4+foLn04m8w9+bvPn2MnWd4mTdNiIiIiIiKqdMgX97OtHcdWQSEPvp8RMMB0OVmXk+Dagcd45nHmTloV2yA5OcdI5RrVVn6v\/Kb8UFZvZ2drHefIgV204MvqU9jMn6hx\/CTR\/kpNzLim1jOBikvr7\/uddTWXfhwIbJMk3WKbwtSd\/xfR9Hhy+nGXDV2Id8WbekYIX8Lar0zng0wt\/u3lNBHcnm6\/f6kRl349EI3929h4bnoVqrqu9IVn2\/14+cgDLrcYtaz6zL\/Wpa4kSyCeOcdU9hWRa+0t7ikfaXJqp96\/tUAhASgI06jlkDTfL2kvy+lHKJ+\/3w+ia1l9NuF6tuHZZlYdV1VdBWgpGTjNO6aifDwcAoUz9uX45Ho9RAclL71UkQuVqrYb3ZLMWkoosSfoOt3+td6s+DIFClrIDJ\/kl7623N8zCeZpHrx0wCcdVaFXXXNWqz4XWKGlA12Y4oce1JztuothL1nayfj\/vOJEA\/GTA5S+lvhLxFEzVxskm\/LNnV4cEeOU8le1rO+ZPOcWRde9mWpMC5vPklGd\/y2XmvYfL9uP4jTz+c5x4lS7a\/ybUsy3pf1T2ZBNvPDAdkTrun08mCvZk+P++1\/XT6tsN68yGc6cCL6XUsrd1k3TYiIiIiIiqn3\/zh97e+BfBPkw\/rk9xeN\/qkvEREFE36+es+SSxdL612G632Bs59H3+5fcfoO5Zl4Zd\/\/wuWZRlPukyL8eHTR1QcB9\/dvVdoxn9Z6ffD396+Y9xPyjw7J53OXG9GLlLebSMiIiIiotL561In9yUionKTOtKWZal5FogWqeI4KsM4XBotidTBB4DnB\/uZ5g2i4sg8QEWX+Skry7JmJu\/OEhiX8juTN0riSxhdlXm2jYiIiIiIymepk\/sSEVH5PX38BP\/49DG1NBBRESRgHC6PZOLo8FCVmKOrsaomN\/511IKX0jz6\/BumJiWjOljzvFLOwzHPthERERERUflkKvVDRES\/DlITnWgZJFs\/TzDUnk5CWsZAKt1cppM0Ryl7\/zrPthERERERUWn8lYF\/IiIiIiIiIiIiIqKbgzX+iYiIiIiIiIiIiIhuEgb+iYiIiIiIiIiIiIhuEAb+iYiIiIiIiIiIiIhuEAb+iYiIiIiIiIiIiIhuEAb+iYiIiIiIiIiIiIhukN8B+A+AX654PYiIiIiIiIiIiIiIaH7\/ueoVICIiIiIiIiIiIiIiIiIiIiIiIiIiIiIiIiIiIiIiIiIiIiIiIiIiIiIiIiIiIiK6Lv4fzT+mbS0IVlgAAAAASUVORK5CYII=\" alt=\"Markalama G\u00f6rseli\" title=\"\"><\/p>\n<\/div>\n<div>\n<table style=\"width: 100%;\" cellspacing=\"0\" cellpadding=\"0\">\n<tbody>\n<tr>\n<td style=\"width: 120px; font-weight: bold;\">\u041d\u043e\u0440\u043c<\/td>\n<td style=\"width: 400px; text-align: left;\">SAE J20 R3 D1<br \/>\nSAE J20 R3 D2<br \/>\n\u0418\u0421\u041e 1307<\/td>\n<td style=\"width: 120px; font-weight: bold;\">\u0426\u0432\u0435\u0442<\/td>\n<td style=\"width: 400px;\">\n<div class=\"color-icons\"><img decoding=\"async\" src=\"data:image\/svg+xml;base64,PHN2ZyB2aWV3Qm94PSIwIDAgMTAwIDEwMCIgeG1sbnM9Imh0dHA6Ly93d3cudzMub3JnLzIwMDAvc3ZnIj4KICA8Y2lyY2xlIGN4PSI1MCIgY3k9IjUwIiByPSI0OSIgZmlsbD0iIzAwMDAwMCIgc3Ryb2tlPSJibGFjayIgc3Ryb2tlLXdpZHRoPSIwLjUiLz4KICA8Y2lyY2xlIGN4PSI1MCIgY3k9IjUwIiByPSIzOCIgZmlsbD0id2hpdGUiIHN0cm9rZT0iYmxhY2siIHN0cm9rZS13aWR0aD0iMC41Ii8+CiAgPGNpcmNsZSBjeD0iNTAiIGN5PSI1MCIgcj0iMzMiIGZpbGw9IiMwMDAwMDAiIHN0cm9rZT0iYmxhY2siIHN0cm9rZS13aWR0aD0iMC41Ii8+CiAgPGNpcmNsZSBjeD0iNTAiIGN5PSI1MCIgcj0iMjIiIGZpbGw9IndoaXRlIiBzdHJva2U9ImJsYWNrIiBzdHJva2Utd2lkdGg9IjAuNSIvPgo8L3N2Zz4=\" alt=\"\" title=\"\"><\/div>\n<\/td>\n<\/tr>\n<\/tbody>\n<\/table>\n<\/div>\n<\/div>\n<\/div>","protected":false},"excerpt":{"rendered":"<p>&nbsp; \u00dcr\u00fcn Ad\u0131: HEATER L\/L \u00dcr\u00fcn Kodu: LL\/HC162 Araba Is\u0131t\u0131c\u0131 D\u00fc\u015f\u00fck Ya\u011f Direnci Kullanim Alan\u0131 : End\u00fcstriyel uygulamalarda hafif kimyasal i\u00e7erikli s\u0131cak suyun iletimi i\u00e7in. Alt Katman : EPDM Kau\u00e7uk Takviye Katman\u0131 : Y\u00fcksek Mukavemetli Sentetik Tekstil. \u00dcst Katman : A\u015f\u0131nmaya, Is\u0131ya, Oksijene ve Dayan\u0131kl\u0131, P\u00fcr\u00fczs\u00fcz EPDM Kau\u00e7uk. -40\u00b0C \/ +125\u00b0C -40\u00b0F \/ +257\u00b0F Markalama [&#8230;]\n","protected":false},"featured_media":22234,"comment_status":"open","ping_status":"closed","template":"","meta":{"jetpack_post_was_ever_published":false},"product_brand":[],"product_cat":[2357],"product_tag":[],"class_list":{"0":"post-21341","1":"product","2":"type-product","3":"status-publish","4":"has-post-thumbnail","6":"product_cat-sel_sicak_su_hortumlari","8":"first","9":"instock","10":"taxable","11":"shipping-taxable","12":"product-type-simple"},"jetpack-related-posts":[],"jetpack_sharing_enabled":true,"jetpack_likes_enabled":true,"_links":{"self":[{"href":"https:\/\/tuzlahortum.com.tr\/ru\/wp-json\/wp\/v2\/product\/21341","targetHints":{"allow":["GET"]}}],"collection":[{"href":"https:\/\/tuzlahortum.com.tr\/ru\/wp-json\/wp\/v2\/product"}],"about":[{"href":"https:\/\/tuzlahortum.com.tr\/ru\/wp-json\/wp\/v2\/types\/product"}],"replies":[{"embeddable":true,"href":"https:\/\/tuzlahortum.com.tr\/ru\/wp-json\/wp\/v2\/comments?post=21341"}],"wp:featuredmedia":[{"embeddable":true,"href":"https:\/\/tuzlahortum.com.tr\/ru\/wp-json\/wp\/v2\/media\/22234"}],"wp:attachment":[{"href":"https:\/\/tuzlahortum.com.tr\/ru\/wp-json\/wp\/v2\/media?parent=21341"}],"wp:term":[{"taxonomy":"product_brand","embeddable":true,"href":"https:\/\/tuzlahortum.com.tr\/ru\/wp-json\/wp\/v2\/product_brand?post=21341"},{"taxonomy":"product_cat","embeddable":true,"href":"https:\/\/tuzlahortum.com.tr\/ru\/wp-json\/wp\/v2\/product_cat?post=21341"},{"taxonomy":"product_tag","embeddable":true,"href":"https:\/\/tuzlahortum.com.tr\/ru\/wp-json\/wp\/v2\/product_tag?post=21341"}],"curies":[{"name":"wp","href":"https:\/\/api.w.org\/{rel}","templated":true}]}}