{"id":21323,"date":"2025-08-11T10:48:25","date_gmt":"2025-08-11T07:48:25","guid":{"rendered":"https:\/\/tuzlahortum.com.tr\/urun\/nitro-20\/"},"modified":"2025-08-20T15:59:55","modified_gmt":"2025-08-20T12:59:55","slug":"nitro-20","status":"publish","type":"product","link":"https:\/\/tuzlahortum.com.tr\/ru\/product\/nitro-20\/","title":{"rendered":"\u041d\u0418\u0422\u0420\u041e-20"},"content":{"rendered":"<p>&nbsp;<\/p>\n<div class=\"report-container\">\n<div class=\"report-header\">\n<div class=\"standard-text\">\u041d\u0430\u0437\u0432\u0430\u043d\u0438\u0435 \u043f\u0440\u043e\u0434\u0443\u043a\u0442\u0430: NITRO-20<\/div>\n<div class=\"standard-text\">\u041a\u043e\u0434 \u0442\u043e\u0432\u0430\u0440\u0430: NH225<\/div>\n<\/div>\n<div class=\"product-image-container\">\n<div class=\"key-feature\">\u0410\u0437\u043e\u0442\u043d\u044b\u0439 \u0448\u043b\u0430\u043d\u0433<\/div>\n<\/div>\n<div class=\"horizontal-line\"><\/div>\n<div class=\"product-details\">\n<div class=\"detail-row\">\n<div class=\"detail-label\">\u041e\u0431\u043b\u0430\u0441\u0442\u044c \u0438\u0441\u043f\u043e\u043b\u044c\u0437\u043e\u0432\u0430\u043d\u0438\u044f<\/div>\n<div class=\"detail-value\">: \u0414\u043b\u044f \u043f\u0435\u0440\u0435\u043d\u043e\u0441\u0430 \u0430\u0437\u043e\u0442\u0430.<\/div>\n<\/div>\n<div class=\"detail-row\">\n<div class=\"detail-label\">\u041d\u0438\u0436\u043d\u0438\u0439 \u0441\u043b\u043e\u0439<\/div>\n<div class=\"detail-value\">: \u0410\u0437\u043e\u0442\u043e\u0441\u0442\u043e\u0439\u043a\u0438\u0439 \u043d\u0430\u0442\u0443\u0440\u0430\u043b\u044c\u043d\u044b\u0439 \u0438 \u0441\u0438\u043d\u0442\u0435\u0442\u0438\u0447\u0435\u0441\u043a\u0438\u0439 \u043a\u0430\u0443\u0447\u0443\u043a.<\/div>\n<\/div>\n<div class=\"detail-row\">\n<div class=\"detail-label\">\u0423\u0441\u0438\u043b\u0438\u0432\u0430\u044e\u0449\u0438\u0439 \u0441\u043b\u043e\u0439<\/div>\n<div class=\"detail-value\">: \u0412\u044b\u0441\u043e\u043a\u043e\u043f\u0440\u043e\u0447\u043d\u044b\u0439 \u0441\u0438\u043d\u0442\u0435\u0442\u0438\u0447\u0435\u0441\u043a\u0438\u0439 \u0442\u0435\u043a\u0441\u0442\u0438\u043b\u044c.<\/div>\n<\/div>\n<div class=\"detail-row\">\n<div class=\"detail-label\">\u0412\u0435\u0440\u0445\u043d\u0438\u0439 \u0441\u043b\u043e\u0439<\/div>\n<div class=\"detail-value\">: \u0421\u0438\u043d\u0442\u0435\u0442\u0438\u0447\u0435\u0441\u043a\u0438\u0439 \u043a\u0430\u0443\u0447\u0443\u043a, \u0443\u0441\u0442\u043e\u0439\u0447\u0438\u0432\u044b\u0439 \u043a \u0438\u0441\u0442\u0438\u0440\u0430\u043d\u0438\u044e, \u0432\u043e\u0437\u0434\u0435\u0439\u0441\u0442\u0432\u0438\u044e \u043a\u0438\u0441\u043b\u043e\u0440\u043e\u0434\u0430 \u0438 \u043f\u043e\u0433\u043e\u0434\u043d\u044b\u0445 \u0443\u0441\u043b\u043e\u0432\u0438\u0439.<\/div>\n<\/div>\n<\/div>\n<div class=\"datasheet_table\"><img decoding=\"async\" class=\"alignnone size-full\" src=\"https:\/\/tuzlahortum.com.tr\/wp-content\/uploads\/2025\/08\/datasheet208.svg\" alt=\"\" title=\"\"><\/div>\n<div class=\"table-notes\"><\/div>\n<div class=\"horizontal-line\"><\/div>\n<div class=\"footer\">\n<div class=\"standards-section\">\n<div class=\"standard-item\" style=\"margin-top: 9px;\"><\/div>\n<div class=\"standard-info\"><\/div>\n<\/div>\n<div class=\"temperature-section\">\n<div class=\"temp-icon\"><img decoding=\"async\" src=\"data:image\/svg+xml;base64,PD94bWwgdmVyc2lvbj0iMS4wIiBlbmNvZGluZz0iVVRGLTgiPz4KPHN2ZyBpZD0ia2F0bWFuXzIiIGRhdGEtbmFtZT0ia2F0bWFuIDIiIHhtbG5zPSJodHRwOi8vd3d3LnczLm9yZy8yMDAwL3N2ZyIgdmlld0JveD0iMCAwIDcyLjI3IDE2Ljk4Ij4KICA8ZGVmcz4KICAgIDxzdHlsZT4KICAgICAgLmNscy0xIHsKICAgICAgICBzdHJva2Utd2lkdGg6IC41OXB4OwogICAgICB9CgogICAgICAuY2xzLTEsIC5jbHMtMiwgLmNscy0zLCAuY2xzLTQgewogICAgICAgIGZpbGw6IG5vbmU7CiAgICAgICAgc3Ryb2tlLW1pdGVybGltaXQ6IDMuODY7CiAgICAgIH0KCiAgICAgIC5jbHMtMSwgLmNscy0zLCAuY2xzLTQgewogICAgICAgIHN0cm9rZTogI2E3YTlhYjsKICAgICAgfQoKICAgICAgLmNscy01IHsKICAgICAgICBmaWxsOiAjYTdhOWFiOwogICAgICB9CgogICAgICAuY2xzLTIgewogICAgICAgIHN0cm9rZTogI2ZmZjsKICAgICAgfQoKICAgICAgLmNscy0zIHsKICAgICAgICBzdHJva2Utd2lkdGg6IDIuMDZweDsKICAgICAgfQoKICAgICAgLmNscy00IHsKICAgICAgICBzdHJva2Utd2lkdGg6IC4ycHg7CiAgICAgIH0KICAgIDwvc3R5bGU+CiAgPC9kZWZzPgogIDxnIGlkPSJrYXRtYW5fMSIgZGF0YS1uYW1lPSJrYXRtYW4gMSI+CiAgICA8Zz4KICAgICAgPHBhdGggY2xhc3M9ImNscy0zIiBkPSJNMTEuMzQsMTEuNTdjLS45NCwxLjcxLTIuNzEsMi42Ni00LjgsMi42Ni0zLjA1LDAtNS41MS0yLjQ3LTUuNTEtNS41MlMzLjUsMy4xOSw2LjU1LDMuMTljMS45NCwwLDMuNjUsMSw0LjYzLDIuNTIiLz4KICAgICAgPGNpcmNsZSBjbGFzcz0iY2xzLTUiIGN4PSI2LjU1IiBjeT0iOC42NiIgcj0iMi40Ii8+CiAgICAgIDxjaXJjbGUgY2xhc3M9ImNscy0yIiBjeD0iNi41NSIgY3k9IjguNjYiIHI9IjIuNCIvPgogICAgICA8bGluZSBjbGFzcz0iY2xzLTMiIHgxPSI2OC4zNCIgeTE9IjExLjc2IiB4Mj0iOS45MiIgeTI9IjExLjc2Ii8+CiAgICAgIDxsaW5lIGNsYXNzPSJjbHMtMyIgeDE9IjY4Ljc4IiB5MT0iNS41MSIgeDI9IjkuNzMiIHkyPSI1LjUxIi8+CiAgICAgIDxsaW5lIGNsYXNzPSJjbHMtMyIgeDE9IjU0LjA3IiB5MT0iOC43NSIgeDI9IjguNjQiIHkyPSI4Ljc1Ii8+CiAgICAgIDxwYXRoIGNsYXNzPSJjbHMtMyIgZD0iTTY4LjE1LDUuNTVjMS43MSwwLDMuMDksMS4zOSwzLjA5LDMuMDlzLTEuOTIsMy4wNi0zLjYyLDMuMDYiLz4KICAgICAgPHBhdGggY2xhc3M9ImNscy01IiBkPSJNNTMuOTEsOC43NWMwLS4xNC4xMi0uMjYuMjYtLjI2cy4yNy4xMi4yNy4yNi0uMTIuMjctLjI3LjI3LS4yNi0uMTItLjI2LS4yN1oiLz4KICAgICAgPHBhdGggY2xhc3M9ImNscy0zIiBkPSJNNTMuOTEsOC43NWMwLS4xNC4xMi0uMjYuMjYtLjI2cy4yNy4xMi4yNy4yNi0uMTIuMjctLjI3LjI3LS4yNi0uMTItLjI2LS4yN1oiLz4KICAgICAgPGxpbmUgY2xhc3M9ImNscy0xIiB4MT0iMzYuNDMiIHkxPSIxNi45OCIgeDI9IjM2LjQzIiB5Mj0iMTQuMjQiLz4KICAgICAgPGxpbmUgY2xhc3M9ImNscy0xIiB4MT0iMjguMDUiIHkxPSIxNi45OCIgeDI9IjI4LjA1IiB5Mj0iMTQuMjQiLz4KICAgICAgPGxpbmUgY2xhc3M9ImNscy0xIiB4MT0iMTkuNTkiIHkxPSIxNi45OCIgeDI9IjE5LjU5IiB5Mj0iMTQuMjQiLz4KICAgICAgPGxpbmUgY2xhc3M9ImNscy0xIiB4MT0iNDEuNTciIHkxPSIyLjc0IiB4Mj0iNDEuNTciLz4KICAgICAgPGxpbmUgY2xhc3M9ImNscy0xIiB4MT0iMzMuMjgiIHkxPSIyLjc0IiB4Mj0iMzMuMjgiLz4KICAgICAgPGxpbmUgY2xhc3M9ImNscy0xIiB4MT0iMjQuOTkiIHkxPSIyLjc0IiB4Mj0iMjQuOTkiLz4KICAgICAgPGxpbmUgY2xhc3M9ImNscy0xIiB4MT0iMTYuMDgiIHkxPSIyLjc0IiB4Mj0iMTYuMDgiLz4KICAgICAgPGxpbmUgY2xhc3M9ImNscy0xIiB4MT0iNDQuNjMiIHkxPSIxNi45OCIgeDI9IjQ0LjYzIiB5Mj0iMTQuMjQiLz4KICAgICAgPGxpbmUgY2xhc3M9ImNscy0xIiB4MT0iNDkuNDkiIHkxPSIyLjc0IiB4Mj0iNDkuNDkiLz4KICAgICAgPGxpbmUgY2xhc3M9ImNscy00IiB4MT0iNDAuODgiIHkxPSIxNi45OCIgeDI9IjQwLjg4IiB5Mj0iMTQuMjQiLz4KICAgICAgPGxpbmUgY2xhc3M9ImNscy00IiB4MT0iMzIuMzMiIHkxPSIxNi45OCIgeDI9IjMyLjMzIiB5Mj0iMTQuMjQiLz4KICAgICAgPGxpbmUgY2xhc3M9ImNscy00IiB4MT0iMjMuNzkiIHkxPSIxNi45OCIgeDI9IjIzLjc5IiB5Mj0iMTQuMjQiLz4KICAgICAgPGxpbmUgY2xhc3M9ImNscy00IiB4MT0iMjAuNTkiIHkxPSIyLjc0IiB4Mj0iMjAuNTkiLz4KICAgICAgPGxpbmUgY2xhc3M9ImNscy00IiB4MT0iMjkuMTMiIHkxPSIyLjc0IiB4Mj0iMjkuMTMiLz4KICAgICAgPGxpbmUgY2xhc3M9ImNscy00IiB4MT0iMzcuMTYiIHkxPSIyLjc0IiB4Mj0iMzcuMTYiLz4KICAgICAgPGxpbmUgY2xhc3M9ImNscy00IiB4MT0iNDUuNzEiIHkxPSIyLjc0IiB4Mj0iNDUuNzEiLz4KICAgIDwvZz4KICA8L2c+Cjwvc3ZnPg==\" alt=\"S\u0131cakl\u0131k\" width=\"100\" title=\"\"><\/div>\n<div class=\"temp-values\">\n<div>-40\u00b0C \/ +70\u00b0C<\/div>\n<div>-40\u00b0F \/ +158\u00b0F<\/div>\n<\/div>\n<\/div>\n<div class=\"marking-section\">\n<div class=\"detail-row\">\n<div class=\"detail-label\">\u041c\u0430\u0440\u043a\u0438\u0440\u043e\u0432\u043a\u0430<\/div>\n<div class=\"detail-value\">: \u0422\u0438\u0441\u043d\u0435\u043d\u0438\u0435 \u0438\u043b\u0438 \u0441\u0442\u0440\u0443\u0439\u043d\u0430\u044f \u043f\u0435\u0447\u0430\u0442\u044c<\/div>\n<\/div>\n<p><img decoding=\"async\" class=\"marking-image\" src=\"data:image\/png;base64,iVBORw0KGgoAAAANSUhEUgAABf0AAAAoCAYAAABEkVAiAAAACXBIWXMAACE3AAAhNwEzWJ96AAAgAElEQVR4nO3dX2wb150v8O+uWq0V2bMyhBUgaBaNtrsuSBtb2A8layS4cWDyIUn3QRzU9vpFZoDkBheQCVwnfoikXdjuQ2I\/SGoXrg2E0ouvnYDSw8bxAxU4WSTIkn1w0MImcd00ShAautDCjTC2Iq9aAfeBPKMzwxn+05AzFL8fwIBFkcPDmSE1\/J3f+f3+4oc\/ePpfAfwLiIiIiIiIiIiIiIiorf2l1wMgIiIiIiIiIiIiIiJ3MOhPRERERERERERERLRDMOhPRERERERERERERLRDfG87Dw4EgzgVP4UhVXVrPK44efwEACCmaRjRYsbtF86dRz6X82pYrjlw7BgGDuz3ehhEHSn7y19hbWXF62EQERERERERERHZajjor6oq3r\/1gZtjcd2QqiIUDhs\/K4ri4WjcMXBgPw4c+7nXwyDqSA9+8xsG\/ImIiIiIiIiIyNcaLu\/jt+z+TnHg2DGvh0DUse4kZ70eAhERERERERERUUWs6d9Gho8cwcB+lvUh8sLdd99jlj8REREREREREfnetmr6yxbTacwxC7Zpunt7WdaHyCN\/WlvD\/Zs3vR4GERG1ubcvXUQ2k8V8KuX1UHa8y1evYGZqekf08yIiIqKd6dqN66ay5H41MzWNmakp29998dVSi0fTmJPHTyCbyZTd3u7jr8S1oH8+l6\/7yal2+156Cb0DA14Pg6gj3UnOYmNtzethEBFRG4tEoxjRNIxoGnRdx2I67fWQdqy3L11EJBpFMBjEz154Ebquez0kIiIiIqKWci3o7wa3Zlf+\/ulhV7bjF70DA\/jRSy96PQzXHOrvx8H+fjz5859x7csvq95v+bvvcKtQMP3u5X37AAC3vvkGy+vreEFVMfjUUzWP4Z37903bcZJfXcVnVUq67OrqwouqikBfH3Z1dQEAltfXcXt5GfnV1ZrHVM3hgQEcHhhAX3e38Ry3CgUsPXpke\/\/Bnh688Ld\/i+Hdu43b8quruFUo4NuNDdfGtdOtLn2FpY8+8noYVcU0DSNaDABw9szrKFjeM073vXDufFkW5LUb1wEA+VwOF86dN91Wj5PHTwAAxicnEAgGK943n8thLjlbcdxCKBzGaPwUItFo2eNrzZ6128ZiOo2F1HzFQJy872qxkJo3jcnN47Sd+4vjaR2f1Xb3taIoGNE0RKIRUwbLg0IB2UwGM1PTtvsgEAxifHKi6vblMYlztVnEPstmso5ZLuIYVNqvY4kEQuEQgK33SC3P60TXdXyYXnQ1c3wskUBMixn9mx4UClhMpzEzNe0YPFVVFWOJ0zgajUJRFGlsaVw4d77moGstnxcPCgXHc8evFEXBW5cuAijuF2uijKIoGJ+cMO2\/fC6H+dQ85pJJx+3avUcXUqmq+yemaRiNnzLt63wuh5mp6bomI9w6P1VVxWj8FELhcNmYFtOLmEsmbc8h+bNCft\/lcnmMoNiDbCxxuumfD0RERETtQHxPtF4\/tgtd13H2zOvQdR1vX7rYdv1mWz1+XwX9yd6BYz\/H93t7vR6Ga\/q6u41A9KH+ftx5+LDq\/azE7bu+VzyFB596yvG+lVR7zPDu3TjY34937t\/Hk83Nst\/v6urCy\/v2YbCnx3T7YE8PTv7d3+H28jJuLy\/XPS6r5wcH8fzgYNlzvPwP\/4BrX35ZNrkw2NODl\/ftMyYhhEBfH4b37MGlu3dtXw+VuzPrHGzxkyFVNYKqY4nTeOPM6zXdVwSXZHbLC7ez5DAQDFZ9fCgcxoim4eTxExWD1eOTExiNx22f461LFzEaP4WTx09UDDA6bSMSjSISjWIhlXLcf\/K+q0U2k3V8\/HaP03buL+5nHZ9su\/taURRcu3HdNoA7pKpGxvNcMlkWTFYUxXfLXBVFQSAYhKIojkH\/o6XJDV3XHYOckWgEgWCw5pIjteyHYgZ5DK+98uq2M5rfvnQRI5pmum1IVTEajyMUDtsec1VV8e+3Pig778SkTyAYrPq+FGr5vACAEU3D2TOvt02ZnNF43Ng\/4kJfcHqvFAPaQQSDAdvPikg0istXr5TdPqJpOBqNOn6eVnpvX756pa796sb5GQgGce3GddvPrUAwiEAwiNH4KcxMTZdNgMifFfLn2VwyaUw2jsbjNU8qExEREe1UxeStrWupdgz6L6RSRoLKfGoeY4nTHo+oPq0ePxv5+tzAgf0YPnLE62E0jTWQ7UeDPT047FBa6eQPf2gK+C89foxVKYv++cFBDO\/Zs63n39vdbdpPS48fY3l93fj5RZuZwecHB02rDuRx7erqaov97gcPfvMbrNy95\/Uw6jaiab4LmNZCBL6cAtaj8bgpUCWyZR9IgRwRtHJSyzZGNK2uLPNG+fk4ubGvrUHMfC6HbCaDbCZjCvyNxuNVM7v9QARPK41VHM9Kx1U83u0646Fw2Mgkb1SsNBEjiOMlOK3AeHNywpTdbz3OxaBteZC5Enk74p91n7116aJv30MyRVEwGj8FoLhPrZn08uoG8brl1zqiaYhZJmLklQPA1uoZsc\/FygEr67EQ70v5+eTj6Ran81NV1bLPffmYC4qiYCxxuq5xzUxNG\/8X+5+IiIioU4lkCvF\/XdfbrgRiRFoVGwgGTN9P20Grx+9apr+qDrm1KQDFLz1svAUcOHbM6yE0VV93d8Vs\/1qJcj2yC4cOFX\/3+987lsAxHm9zn73d3fjnUlD\/8MBAWcZ+oK\/PWCmwvL5uWg1wqL8fIz\/4AQDgBVXFv+Xzjb0wAD8tTTg82dzEO\/fvGwF\/kf3f192N4T17jPHv6upCoK8PAPD5w4eY\/\/prY1sv79uH4d27EezrKyuZROXutHFz8rHEaZw87l6fFbuyaaLpUDaTqalMidN2RPBK\/AG0K8UgbhcunDtvylIIhcO4fPWKkfUpxlXPNkbjcSNIVktmaCONdKzcPk5ucGNfR6JRU3D7tVdeLduXMU3Dm5MTWEilKu7HSk2jWimbyRoBcbvXLFYBAFurAqzXMXKAutIqC\/vnt3+fycdD7PdGr5\/Ecdd13ZQlLmdiH41GAWxlnYvnBYrHWs7ol1cAFDO1az+OYltWIpgtjkVMi\/m+p5R8cT9n+builla9AOX7L6ZpRqD8aDRiyr6XtymvTpJXDYhSOfL5EJPKk1kz+sUKALFCo1JZIatGz8\/R+CnT67CWgiqeO3GMJU6XrZCoZUzZTMZYScYSP0RERNTp3r\/1gRFvPfSPPwbQPs2EgeIK5Du\/+y10XcdcchavvfIqFEXBx59+4nrSSjO0evyuZfqPaBq++Gqprn\/v3\/rAcXvii08j\/3aK4SNHMLB\/v9fDaDq\/Zp1\/u7FhBPp3dXWVZewH\/\/qvAWwF4+VyOXcePjQeO9jTU1b+px7iefOrq6YMf7nXgLx9ubeBdaJCPEb0BSBnd999D2tV+jn4WSgcLssM9StR106wu+AwB82SZcGobCaD11551fjZLquz2jbmkklTUKgVSwX9eJzc2NeiZj0A24A\/AMynUnjumWdN2bh+lpMClXbnaNCyAsDuPvIqgZxLiQ3ZTAa\/kM7bRpfpBoJBo6bkQiplCszmczkslILDYkJDfpwwl5w1BWULhYLpcaoLNSt1XccbZ143smLa4QvK0WgEwFZvBPPvto6XtczVvHQcrK8zEAyYHifoum76ufxxQWMs1hI+8uOC0va3o9r5Kcb3oFDAGzZB\/eLrmcJzzzzbUOPjhdQ8APPkFBEREVEnUxTFlIBUbzKSHxRfQzHxpx2Txls1fk\/L+9Rat7UTdff24sCxn3s9jKYSQXKR7e9Hcva\/tT6+CMbfefjQtj6+KShfR5Nhq\/zqKm4vL+POH\/9oul1+TuvYBGvD3loeQ8Cf1tZw\/+ZNr4fRMBE0aaf6dvIfOrvyKSJoBpRnygpyiQr7vgRbgWinbcjNIpv998mvx8mNfS1n+VdaLdFOS0rzuZxUrqY8ICqfX4B90FS+zc0LOzl4ax1HrR6VgsUzU9OYLwVKZbq+9ffQKQvF7ljLj3OzUZV4rlq2KS9lrpcb\/SVEsNkuaC2a585MTduuWJDL9cjkckDW\/S4\/T33Hauu96OaxqnR+itdRLaDfaD1+N94bRERERDuNaOQbiUYR02KYSybbLnA+Pjlh9G9SVRVzyWRblftpxfgbLu\/T7C\/pYil5I3ZCtv++l15Cr0Md+Z1CZK0P796N5wcHt13ip9l6LEFykS3\/\/6Tse9mTzU2sbmygr7t7W5n1To2A90rbXHr8uO7tDj71VNWyR53qTnIWG2trXg+jYb84dx5vlTrBjyUSviiNUotKf1dE4OpBoVAx+JPNZExlVmQiiFVtG2KZY7P59Ti5sa+t29op8rkcQuFwWVY\/YM5Ydmr4LAKcfixHUygUKp6DgSZNWGyX0+dGIBjEWOJ0WXb3QiqFmalp23NbLln22iuvmsoIAeWrgWpRraSTtXa93esAnPf5ozaZNKummZ8VosQPE42IiIiIihRFMfqzySUf\/+PTT1xN\/mgmOW783DPPolAoYC45i48\/\/cTjkdWmFeNvOOgvavTW2xhLVdWaTiA3MqvaVe\/AAH700oteD6Mlbn3zDf5XIOBabX+3ySV9rFnz1W4Xv2tWKR1Rtx8AVv\/7v5vyHJ1odekrLH30kdfD2Jb5VAojWqw0a3zKlL3uV\/JnfqWAYrVsTzmr2Km2eaMZo27z+3Hazr5+IGVhxzStrIxIu8pmsgiFwxhSVSiKYqpdL65tZpOzGJ+cwJCqQlVV037cCvq31xJaa91+r89TucSQXcBcroVvNaJpOBqN4rlnnq34Oi5fvVJ2HRqJRstK8FQjrzCod7JHLrVlfawYg901dTs0xhbEJNnRaBSB4GxTJpTE+7ad9gsRERFRq8jXtrquw92Ora0hXoPX31Ma1azxb6u8z2I6XXe9fbsl42R24NjP8f3eXq+H0RLL6+v4vBTo92Nt\/8PSaovl777zcCRmu7q6jLEtPX5cceKB6nNntvbGhX4majOLppd+J4\/RraBPO2SZt9txcmLd13JQ+61LF\/F2qVFzu5MDr0517RdSKdsSUfL\/3Q5syn0hmjGhIJegcir51ApiclA0FQZg2xMil8sZ+1hk9svlc6q930RWuCi9I7ZlV3O+ljEL9T620n6Xj\/NoPG76nfxe88MS50rnp3xMrt24jvHJCdeD8\/I+cKOvBBEREVGzzCWTeO2VV41EmwvnzuNs6RpUJF+L61\/xsyiTuJhO2\/5sty3RV29mahpvXbqIsUQCl69eQaFQwMnjJxrqpQTAdszieaqNEShe258983rZz3bbkl\/\/tRvXMZZI4NqN65iZmjZt0+3xy\/vHb+O3ajjTn5pj7\/DTGD5yxOthtNTt5WUc7O\/3NNv\/BVUtq8u\/VyrL87lD3X6vHB4YMMbmVP6H6rdy7x5W7t7zehiuyGYyWEilMKJpGNE0zCabk0FZL7uybdYVYK1u7GptTCqrlNU8PjlRMYhXS6m5Zh2namNrtvlUCqPxU8Z+Fa8PKO7TbCaD+dR8Ta81psUq1uK+cO58y85t+XlEGZji\/0PG73VdRzaTQSQaNZXE2U7GdyWhcBhvSgHsBZdXVYg6k4B989dmCYXD+OKrJcffPygUHI99PpfDyeMnoChK2YoVUcJnRNPwhtRA3OrCufNGE+uZqSnHlUPViHOg3mM+lkgY58xCKlX2Oj5Mp42Ji7HEaajqEBbTi4hpMVNJIq9LSVU7P2empnG0tKJBURSMxuPG+ZbNZLCYXsSH6fS2VmjJjx2yrL4hIiIi8ot8LmcqJRkKh4zr0SFVRT6Xw2I6jcV0GpFoBG+UgsuL6TS++GrJCC5nMxmEPg3jtVdeBVAMZEeiEWNbgWAAuv7IuK4PhUNGssmhf\/yxEaCO\/K7+pK2FVMr0PNlM1giQh8KhimMcn5wwyo3quo4RLWb8LL9+AIhEI7hw7nzperH4+sX1ulyyVJQwcnv8+VzOl+O38m3Q33qyd4qDlmytTvDtxgY+f\/gQB\/v7PavtP9jT4\/i7J5ub+MBHXxD3dncbqyLyq6usy++i7C9\/5fUQXCUHU8YnJ3zR76Ra2bazZ15veUCmUg+Zk8dPOAbN3MpGbcZx8kMZi5PHT9iWSBFNVUfjcaN2eqUJiqEqZQFbuaJD13WjHIkc0BevUZwr2UwWkWjU9NpFE98HhUJDEzLVguBAMTPIzfePoih4WyqTUylI3mrzqfmKAW2nJtELqXnjuFQK5IuLfaHRiaVGzk\/RjwDYyjayKtb8TGI0Hi8LlgvV+nK4qdHzU2ST\/frqlbL3uVhxMT450VA\/BSIiIqJ2IpcQLX7f2PpOp6pDxrWtoihGKdF8Lmdcbw6pKvRczui7JrZlTXIbUlVAuiaTr1fFNhqt6299nkDwkRHoFsl+TmOUfw4Eg6YVmoqyB4FgEIvptOm+1vFbt9HO43ejt4Jvg\/5i5qeTqD\/5CQb27\/d6GJ7wQ7a\/nfzqKua\/\/tpXWf4jTz9t\/P+WjyYj2t39mzextrLi9TBcJRrBjCVOIxQOIxKNNrxMr9nERG+nfe4D7XWc6qHrOk4ePwG1VK87FA4hGAyaLl5EqZaTx0+0Tf3FbCaDEU0zmvma68tnjfsAMC4G5YvOZp3ji+m066tkxhKnjeM1l0y29P1ZXFVQXhJSVYdwNBotNemN1H3uFBy+4Mi8XhUlT7ScrVBSSATBrcF+YdbDUkxWlc7PfC6H\/\/HMswgEg6XJslBZk3AxueGniSciIiIiNymKgvdvfYBCoWAkqbx\/6wMAxe8VIyhmiKulyYG3Ll3EaG5rdfW1G9eRLwWkxWOdtgVsJS6J7+IiGU7eRr1C4bDpecS1nQiY1zLGymPe2tblq1eQzWSgqqqxAjimxcq20Unjt\/Jt0L8THayzKfJO4nW2\/zu\/\/72RMb+rqwtnDhzArq4uPNncbErA\/+V9+zC8e7fj78fv3LG9PdDXZzzu9vIya\/m75E9ra7j77nteD6Mp5pJJxLQYhlQV45MTngeT\/\/7pYeP\/iqLgzu9+a\/zfq4D\/g0LBFIwKhUM1\/YGttAqgXm4fp2pjq5aR6yaRkSwyp1VVNUp+iID5iKaVZVYLxXrsU7a\/q0e111zr8+RyeYxgKxPHrmyPXRkgcb9cLt\/A6GEsI7USwXG33z\/Wsj6tLrtVKBQcj0cgOItrN64jEAxifHLCNhAc0zSjUXa9vJyAksv6iOXblRTLEM0akzNi8lDXdddLPVXixvmZl3oxAFtftMSqBz+VqiMiIiJqBusqZ2vwXb62Ff2unH6uti3xs0i+y2YypdKq2ws21zNm6xjref3yz+K7ZD6Xw53f\/XZbWfLtPn5Z1aC\/U8mDRtXaQKtSuYVqnEojbKfGcbPLDR04dgy9UtPYTmTN9vfKk81N5FdXcbC\/H4G+PuwqFHyR6b+rqwsvlt4\/qxsb+GyHZaV76e6772Fjbc3rYTSFrutGc54hVcVYIuH1kAwiKDWiaRhSVcQ0zdV64bV+3luDi2OJhCuz6vXw83GqRb2Z1oVUCrlczsh8kGtM+p21ma+cISPvh2wmg1A4jEAwaLq90YClqFPfCnZlffy0EiOfy2EhlcJoPG5bm398csIx+73V6tlv1rI+Z2vMai+UyviICTWgWPO\/lcesGeenmAQQNVKBYpNiBv2JiIiIti+byRhJTCJJyQ9lYmslkk7UUimkfC5n6m3ld60Yf9Wgf6sDH4J19sQNfj15u3t78aOXXvR6GJ7zOttf9tnKCg7292NXVxcO9fdXDLDv7e6GU\/7o3lKzXavl776re0xy894PfDIRsROsrazg\/9686fUwmmo+lTIyXkfjp1qa\/VnNzNS08YdtRItVDfpXmzhWlD3G\/50CQ9VqbNeyjWbw23FyY19XIhr6tuo6o1qm8YMay6VZs\/hFE1\/r9rOZrOn3tY7DD7ws61MrXd\/qZyPX5hf17QH7EkGqOtTSLwP5XL6sv4OTWsv6OBETBkDrG6I301wyaQT9GyF\/5tf6PiciIiLayeR+SdduXN\/WtZZXzp553aiR\/\/Gnn7S015sbWjF+T8v7OC0F7jQH46fw\/d5er4fhC37J9l9eX8fy+joGe3pweGDANui\/urGBvu5uDO\/ebTtBsbe72wjSr1rK8NRbi19u3rv0+DHyq6t1Pd4OGwAXZX+1s5r3OpmZmsa1G2EoiuKr2e9CoYDFdNoIiolSKFYiUCMaFjk1p4xEowDss2vFbXKddTsiOOfUCLSZ\/HCc3NjXfuRmFvJWFn9AauKbLbsPsFVqZes2f\/O6rE8j5AtkOcHjwrnzZeVxQuFwS99b8vuj0udOvWV9rOTPjMV0uuUN0f1MPie4X4iIiIjM2j0pQtd1PCo1021HzRz\/X7q+xRotpFL4pxdebJtgQbPsHX4aw0eOeD0M3\/hWKlvT55Al3yr\/KY1jeM+est+LoHmgrw+7urrKfn9QmrTYboDd1Lz3m29qftxgT4\/pZ6eVB51q5d49rNy95\/UwWiKbyRiZ4377YzgnNZuUM1VlckD1TYcshEg0amQnf2gTMJO34fQ8ohxL8f6tD9D64Ti5sa8DwSBiVQKr1nr47UTsIzl7uzzTf+tnMUHi90QHa1mfC+fO112epnybzVk5I6+gcNqu1z1MAJTVqLdjLevziwbKScrljOZqaOBrf6y2PnNada7GNK3q58D268oGAPj\/\/UdERETUbAupFOaSyVLfpATGJyd8lRRYja7rmEsmsZBKYSxxGmOJBC5fveJaDfxma\/X4q2b6y00Xm83t55qZmnKl+V8zHfRJzVk\/ub28jEOl0jpeyq2u4gVVxa6uLhz+m78pC9zf+eMfjRJAL+\/bh\/\/zhz8YjXUPDwyYMvO303D3UH+\/0bz3s5UVLK+vV7y\/PM7nBwdx7csvARR7Avy01DfCuvKgU2V\/2RlZ\/sLM1DSORqO+C\/pnMxnkczmjPrpdtv9iOo039WLj10g0ivHJCcxMTRsByZimmQLU1pIeAIw\/rKL8h64\/wlwyaWwjEo3iLSngWUvgrBm8Pk7b3deKouDXpQuXo9EIZqamy4JtgWAQb1+6aLzGBZvj5WdyKRnxs11w3Fq+yLoaQFClhk\/NaMgLFDN4qmU5j09OGOOoNdtcPran4qfwoZRlLpo0i+d3I9FDVVW8OTnh2EtBFolGy15Dq99X5smfSNnxtU60zExN152NXvxMO2U8X6VzKJ\/LIRQuriYaSyRM18nysu58gw2n6xEIBo3P3JmpaSykUmWv3fq53EjZM\/lcISIiIupU2UzG6IWl648cE+H8bC45a1y\/Xrtxve1eQ6vH72l5n06n\/uQnGNi\/3+th+M6TzU18trJiBM29HIfc0Hdvd7cpeL\/06BGWHj\/G8O7dGOzpwf8+cMB2O7eXl7c1DnnFwOGBARy2afh8e3nZ9DyiN0Kgrw\/jP\/6xUapITKR42S\/BL+7fvIm1DmuGXCgUMJec9eUfxrnkrBHYiWmxsqCVaGp5+eoVAMWsVqdGnQuplG3QSzTLFYGt4sz6aWPCoZZtyGppNj8zNV335LPXx2m7+zoUDhuB40g0ikg0airnJwe4gWIgrlIvB3GcKslmMi1rcguUBw+dzhURYHV6nDCiacZrdDsBQpyn1c5FOUAPFI\/dF1\/Zd6w5efyE8ZqtDbk\/\/vQTU1MwwW4irpJQOOz4\/LILlqx4MQmgKAreunQRoVTIqP+vKHs8yWQSkz+RaLRsvCOWTPfxyQnHmqpO50ZEmiSsNoE2l5w13s9jidOIaTEUCgWj7BlQPKatWCUR02LG\/8X7XJ6cksdUHHuy7gkRed84TboRERERdQL5ukpejdtO5HH7LZmxFq0ev2flfahYy5\/sfbay4otGtXIt\/5\/aBNuv\/eEPFTPvF77+2pPa+beXl439t6urC8O7dxsB\/+X19YqNiTvBn9bWcPfd97wehifmkklf1uybT6WMcY1omm0T2cV0GmdLmQlOFtPpsqCabC6ZLKtRbg34V9tGK3h9nLazrxfTabz2yqum8SuKYqzisAb8Wxmsd0uhUDC9Pqdgonx7LZn2XtrOReeFc+fLGhzL76t8LteUlZdnz7xuO0EoyuOIVT0ioOw0edVsi+lFAMU+GdZSNW5c7IsJo2Lj4sqZ8IVCwfTeFmOSx9FIE+FGXDh33rSKSB6PdUwLqVRDn8uRaMT4vx\/KPRERERF5JRAM4vLVKxifnPDsuni7RuNxjE9O4PLVK21ZKrbV46+Y6R8IBtuyg3OzuBmYOHDsGHptgsidYHVjA0uPH2P5u+8c7\/NkcxO3l5cR6Ouzvd\/S48fF+\/35z47bcOM+y+vr+PzhQ\/T91V\/Z1sN\/srmJd+7fx+GBAQT6+jDY04Mnm5tYevQIn\/3Xf7kS8K+0nwRruZ5vNzbwb\/k8nh8cxPCePejr7sbqxgbuPHzomwkVL9199z1srK15PQxXPSgUaioLous6Lpw7b5SCcCpJAlQvhSB+X+v9qpmZmsZIKfPzaDSKuWSy7D7zpczyscRpI4Cs63qpFv58TUGdmakpZDMZxLRY2TY+TC9WDJrVup\/l+zfy+FqOU6WxVbu\/uF+liYXt7GtRGiamaTgajUBVVeOi5kGhgFwuV3Ffi+eplRdlOxbT6ar9H+RSK5XGWOm8qPX96KSWYw3Ut8+t55eu6zh5\/ARG43FEohHTfllML9q+l53U8jqzmaxtKRhhPpWCrusYKb3HFUUx9vF8at5UP9\/uud0+nxZSKdMKo5PHt\/ZzvZ8pVqFwGIXShFKtZbLmS\/tuNH6qbP\/MJmfrev3bPT9npqYwl0xiRNMQKX1WiInBfC5XWgk077iP5PPWeo6rqmqs7FgonRNEREREnUz0Gmtn7TphIbRy\/H\/xwx88\/a8A\/sXul6FwuKbyBZ3CrSX33b29+NmvL+P7vb2ubI+Iare2soL3\/+drXg+DiIg6yNuXLhoBaLk8EjXP5atXjC+2zz3zrK9X2hAREVFnipVKZPpdpb5RY4lEi0fTGKekoXYff+oMAtYAAAEISURBVCWs6e+Bg\/FTDPgTeST7q85q3ktERN6TG3S\/fekifvbCi8w8byLRTwRo7AsSERERUStUK83YDppRxrOV2n38lbCmf4vtHX4aw0eOeD0Moo60cu8eVu7e83oYRETUYQqFgtFPZEgqd0XNIZdG87pHCxERERGRFyqW9yH3DRzYj4H9B7weBlFHWvroI6x1eBNjIiLyzrUb17GQmt8RWV1+pigKrt24jpmpaTbwJSIiIqKOxKA\/EREREREREREREdEOwfI+REREREREREREREQ7BIP+REREREREREREREQ7BIP+REREREREREREREQ7xPcAzAH42NthEBERERERERERERHRdv1\/5BB+5Cbvrd0AAAAASUVORK5CYII=\" alt=\"Markalama G\u00f6rseli\" title=\"\"><\/p>\n<\/div>\n<div>\n<table style=\"width: 100%;\" cellspacing=\"0\" cellpadding=\"0\">\n<tbody>\n<tr>\n<td style=\"width: 120px; font-weight: bold;\">\u041d\u043e\u0440\u043c<\/td>\n<td style=\"width: 400px; text-align: left;\">\u0418\u0421\u041e 1307<\/td>\n<td style=\"width: 120px; font-weight: bold;\">\u0426\u0432\u0435\u0442<\/td>\n<td style=\"width: 400px;\">\n<div class=\"color-icons\"><img decoding=\"async\" src=\"data:image\/svg+xml;base64,PHN2ZyB2aWV3Qm94PSIwIDAgMTAwIDEwMCIgeG1sbnM9Imh0dHA6Ly93d3cudzMub3JnLzIwMDAvc3ZnIj4KICA8Y2lyY2xlIGN4PSI1MCIgY3k9IjUwIiByPSI0OSIgZmlsbD0iIzAwMDAwMCIgc3Ryb2tlPSJibGFjayIgc3Ryb2tlLXdpZHRoPSIwLjUiLz4KICA8Y2lyY2xlIGN4PSI1MCIgY3k9IjUwIiByPSIzOCIgZmlsbD0id2hpdGUiIHN0cm9rZT0iYmxhY2siIHN0cm9rZS13aWR0aD0iMC41Ii8+CiAgPGNpcmNsZSBjeD0iNTAiIGN5PSI1MCIgcj0iMzMiIGZpbGw9IiMwMDAwMDAiIHN0cm9rZT0iYmxhY2siIHN0cm9rZS13aWR0aD0iMC41Ii8+CiAgPGNpcmNsZSBjeD0iNTAiIGN5PSI1MCIgcj0iMjIiIGZpbGw9IndoaXRlIiBzdHJva2U9ImJsYWNrIiBzdHJva2Utd2lkdGg9IjAuNSIvPgo8L3N2Zz4=\" alt=\"\" title=\"\"><\/div>\n<\/td>\n<\/tr>\n<\/tbody>\n<\/table>\n<\/div>\n<\/div>\n<\/div>","protected":false},"excerpt":{"rendered":"<p>&nbsp; \u00dcr\u00fcn Ad\u0131: NITRO-20 \u00dcr\u00fcn Kodu: NH225 Azot Hortumu Kullanim Alan\u0131 : Azot Transferi \u0130\u00e7in. Alt Katman : Azota Dayan\u0131kl\u0131 Do\u011fal ve Sentetik Kau\u00e7uk. Takviye Katman\u0131 : Y\u00fcksek Mukavemetli Sentetik Tekstil. \u00dcst Katman : A\u015f\u0131nmaya, Oksijene ve Hava Ko\u015fullar\u0131na Dayan\u0131kl\u0131 Sentetik Kau\u00e7uk. -40\u00b0C \/ +70\u00b0C -40\u00b0F \/ +158\u00b0F Markalama : Kabartmal\u0131 veya M\u00fcrekkep P\u00fcsk\u00fcrtmeli Norm [&#8230;]\n","protected":false},"featured_media":22222,"comment_status":"open","ping_status":"closed","template":"","meta":{"jetpack_post_was_ever_published":false},"product_brand":[],"product_cat":[2355],"product_tag":[],"class_list":{"0":"post-21323","1":"product","2":"type-product","3":"status-publish","4":"has-post-thumbnail","6":"product_cat-sel_hava_gaz_hartumlari","8":"first","9":"instock","10":"taxable","11":"shipping-taxable","12":"product-type-simple"},"jetpack-related-posts":[],"jetpack_sharing_enabled":true,"jetpack_likes_enabled":true,"_links":{"self":[{"href":"https:\/\/tuzlahortum.com.tr\/ru\/wp-json\/wp\/v2\/product\/21323","targetHints":{"allow":["GET"]}}],"collection":[{"href":"https:\/\/tuzlahortum.com.tr\/ru\/wp-json\/wp\/v2\/product"}],"about":[{"href":"https:\/\/tuzlahortum.com.tr\/ru\/wp-json\/wp\/v2\/types\/product"}],"replies":[{"embeddable":true,"href":"https:\/\/tuzlahortum.com.tr\/ru\/wp-json\/wp\/v2\/comments?post=21323"}],"wp:featuredmedia":[{"embeddable":true,"href":"https:\/\/tuzlahortum.com.tr\/ru\/wp-json\/wp\/v2\/media\/22222"}],"wp:attachment":[{"href":"https:\/\/tuzlahortum.com.tr\/ru\/wp-json\/wp\/v2\/media?parent=21323"}],"wp:term":[{"taxonomy":"product_brand","embeddable":true,"href":"https:\/\/tuzlahortum.com.tr\/ru\/wp-json\/wp\/v2\/product_brand?post=21323"},{"taxonomy":"product_cat","embeddable":true,"href":"https:\/\/tuzlahortum.com.tr\/ru\/wp-json\/wp\/v2\/product_cat?post=21323"},{"taxonomy":"product_tag","embeddable":true,"href":"https:\/\/tuzlahortum.com.tr\/ru\/wp-json\/wp\/v2\/product_tag?post=21323"}],"curies":[{"name":"wp","href":"https:\/\/api.w.org\/{rel}","templated":true}]}}