{"id":21288,"date":"2025-08-11T10:44:44","date_gmt":"2025-08-11T07:44:44","guid":{"rendered":"https:\/\/tuzlahortum.com.tr\/urun\/long-komp-a-s\/"},"modified":"2025-08-20T16:00:25","modified_gmt":"2025-08-20T13:00:25","slug":"long-komp-a-s","status":"publish","type":"product","link":"https:\/\/tuzlahortum.com.tr\/ru\/product\/long-komp-a-s\/","title":{"rendered":"LONG-KOMP A\/S"},"content":{"rendered":"<p>&nbsp;<\/p>\n<div class=\"report-container\">\n<div class=\"report-header\">\n<div class=\"standard-text\">\u041d\u0430\u0437\u0432\u0430\u043d\u0438\u0435 \u043f\u0440\u043e\u0434\u0443\u043a\u0442\u0430: LONG-KOMP A\/S<\/div>\n<div class=\"standard-text\">\u041a\u043e\u0434 \u0442\u043e\u0432\u0430\u0440\u0430: LL\/AS084<\/div>\n<\/div>\n<div class=\"product-image-container\">\n<div class=\"key-feature\">\u0421\u0440\u0435\u0434\u043d\u0435\u043c\u043e\u0449\u043d\u044b\u0439 \u0432\u043e\u0437\u0434\u0443\u0448\u043d\u044b\u0439 \u0410\u041d\u0422\u0418\u0421\u0422\u0410\u0422\u0418\u041a<\/div>\n<\/div>\n<div class=\"horizontal-line\"><\/div>\n<div class=\"product-details\">\n<div class=\"detail-row\">\n<div class=\"detail-label\">\u041e\u0431\u043b\u0430\u0441\u0442\u044c \u0438\u0441\u043f\u043e\u043b\u044c\u0437\u043e\u0432\u0430\u043d\u0438\u044f<\/div>\n<div class=\"detail-value\">: \u0421\u0440\u0435\u0434\u043d\u0438\u0435 \u043d\u0430\u0433\u0440\u0443\u0437\u043a\u0438 \u043f\u0440\u0438 \u0438\u0441\u043f\u043e\u043b\u044c\u0437\u043e\u0432\u0430\u043d\u0438\u0438 \u0432 \u0448\u0430\u0445\u0442\u0430\u0445, \u043a\u0430\u0440\u044c\u0435\u0440\u0430\u0445 \u0438 \u0441\u0442\u0440\u043e\u0438\u0442\u0435\u043b\u044c\u0441\u0442\u0432\u0435, \u043e\u0441\u043e\u0431\u0435\u043d\u043d\u043e \u0434\u043b\u044f \u043f\u043d\u0435\u0432\u043c\u0430\u0442\u0438\u0447\u0435\u0441\u043a\u0438\u0445 \u0438 \u043f\u043d\u0435\u0432\u043c\u043e\u0438\u043d\u0441\u0442\u0440\u0443\u043c\u0435\u043d\u0442\u043e\u0432.<\/div>\n<\/div>\n<div class=\"detail-row\">\n<div class=\"detail-label\">\u041d\u0438\u0436\u043d\u0438\u0439 \u0441\u043b\u043e\u0439<\/div>\n<div class=\"detail-value\">: \u041c\u0430\u0441\u043b\u043e- \u0438 \u0442\u0443\u043c\u0430\u043d\u043e\u0441\u0442\u043e\u0439\u043a\u0430\u044f \u043d\u0430\u0442\u0443\u0440\u0430\u043b\u044c\u043d\u0430\u044f \u0438 \u0441\u0438\u043d\u0442\u0435\u0442\u0438\u0447\u0435\u0441\u043a\u0430\u044f \u0430\u043d\u0442\u0438\u0441\u0442\u0430\u0442\u0438\u0447\u0435\u0441\u043a\u0430\u044f \u0440\u0435\u0437\u0438\u043d\u0430.<\/div>\n<\/div>\n<div class=\"detail-row\">\n<div class=\"detail-label\">\u0423\u0441\u0438\u043b\u0438\u0432\u0430\u044e\u0449\u0438\u0439 \u0441\u043b\u043e\u0439<\/div>\n<div class=\"detail-value\">: \u0412\u044b\u0441\u043e\u043a\u043e\u043f\u0440\u043e\u0447\u043d\u044b\u0439 \u0441\u0438\u043d\u0442\u0435\u0442\u0438\u0447\u0435\u0441\u043a\u0438\u0439 \u0442\u0435\u043a\u0441\u0442\u0438\u043b\u044c.<\/div>\n<\/div>\n<div class=\"detail-row\">\n<div class=\"detail-label\">\u0412\u0435\u0440\u0445\u043d\u0438\u0439 \u0441\u043b\u043e\u0439<\/div>\n<div class=\"detail-value\">: \u0421\u0442\u043e\u0439\u043a\u0430\u044f \u043a \u0438\u0441\u0442\u0438\u0440\u0430\u043d\u0438\u044e, \u043e\u0437\u043e\u043d\u0443 \u0438 \u043f\u043e\u0433\u043e\u0434\u043d\u044b\u043c \u0443\u0441\u043b\u043e\u0432\u0438\u044f\u043c \u0433\u043b\u0430\u0434\u043a\u0430\u044f \u043d\u0430\u0442\u0443\u0440\u0430\u043b\u044c\u043d\u0430\u044f \u0438 \u0441\u0438\u043d\u0442\u0435\u0442\u0438\u0447\u0435\u0441\u043a\u0430\u044f \u0440\u0435\u0437\u0438\u043d\u0430.<\/div>\n<\/div>\n<\/div>\n<div class=\"datasheet_table\"><img decoding=\"async\" class=\"alignnone size-full\" src=\"https:\/\/tuzlahortum.com.tr\/wp-content\/uploads\/2025\/08\/datasheet196.svg\" alt=\"\" title=\"\"><\/div>\n<div class=\"table-notes\">\u041f\u043e \u0437\u0430\u043f\u0440\u043e\u0441\u0443: \u0410\u043d\u0442\u0438\u0441\u0442\u0430\u0442\u0438\u0447\u0435\u0441\u043a\u043e\u0435 \u043f\u043e\u043a\u0440\u044b\u0442\u0438\u0435, \u042d\u043b\u0435\u043a\u0442\u0440\u0438\u0447\u0435\u0441\u043a\u043e\u0435 \u0441\u043e\u043f\u0440\u043e\u0442\u0438\u0432\u043b\u0435\u043d\u0438\u0435: \u2265 1x 1x 10\u2076 \u03a9\/m<\/div>\n<div class=\"horizontal-line\"><\/div>\n<div class=\"footer\">\n<div class=\"standards-section\">\n<div class=\"standard-item\" style=\"margin-top: 9px;\"><\/div>\n<div class=\"standard-info\"><\/div>\n<\/div>\n<div class=\"temperature-section\">\n<div class=\"temp-icon\"><img decoding=\"async\" src=\"data:image\/svg+xml;base64,PD94bWwgdmVyc2lvbj0iMS4wIiBlbmNvZGluZz0iVVRGLTgiPz4KPHN2ZyBpZD0ia2F0bWFuXzIiIGRhdGEtbmFtZT0ia2F0bWFuIDIiIHhtbG5zPSJodHRwOi8vd3d3LnczLm9yZy8yMDAwL3N2ZyIgdmlld0JveD0iMCAwIDcyLjI3IDE2Ljk4Ij4KICA8ZGVmcz4KICAgIDxzdHlsZT4KICAgICAgLmNscy0xIHsKICAgICAgICBzdHJva2Utd2lkdGg6IC41OXB4OwogICAgICB9CgogICAgICAuY2xzLTEsIC5jbHMtMiwgLmNscy0zLCAuY2xzLTQgewogICAgICAgIGZpbGw6IG5vbmU7CiAgICAgICAgc3Ryb2tlLW1pdGVybGltaXQ6IDMuODY7CiAgICAgIH0KCiAgICAgIC5jbHMtMSwgLmNscy0zLCAuY2xzLTQgewogICAgICAgIHN0cm9rZTogI2E3YTlhYjsKICAgICAgfQoKICAgICAgLmNscy01IHsKICAgICAgICBmaWxsOiAjYTdhOWFiOwogICAgICB9CgogICAgICAuY2xzLTIgewogICAgICAgIHN0cm9rZTogI2ZmZjsKICAgICAgfQoKICAgICAgLmNscy0zIHsKICAgICAgICBzdHJva2Utd2lkdGg6IDIuMDZweDsKICAgICAgfQoKICAgICAgLmNscy00IHsKICAgICAgICBzdHJva2Utd2lkdGg6IC4ycHg7CiAgICAgIH0KICAgIDwvc3R5bGU+CiAgPC9kZWZzPgogIDxnIGlkPSJrYXRtYW5fMSIgZGF0YS1uYW1lPSJrYXRtYW4gMSI+CiAgICA8Zz4KICAgICAgPHBhdGggY2xhc3M9ImNscy0zIiBkPSJNMTEuMzQsMTEuNTdjLS45NCwxLjcxLTIuNzEsMi42Ni00LjgsMi42Ni0zLjA1LDAtNS41MS0yLjQ3LTUuNTEtNS41MlMzLjUsMy4xOSw2LjU1LDMuMTljMS45NCwwLDMuNjUsMSw0LjYzLDIuNTIiLz4KICAgICAgPGNpcmNsZSBjbGFzcz0iY2xzLTUiIGN4PSI2LjU1IiBjeT0iOC42NiIgcj0iMi40Ii8+CiAgICAgIDxjaXJjbGUgY2xhc3M9ImNscy0yIiBjeD0iNi41NSIgY3k9IjguNjYiIHI9IjIuNCIvPgogICAgICA8bGluZSBjbGFzcz0iY2xzLTMiIHgxPSI2OC4zNCIgeTE9IjExLjc2IiB4Mj0iOS45MiIgeTI9IjExLjc2Ii8+CiAgICAgIDxsaW5lIGNsYXNzPSJjbHMtMyIgeDE9IjY4Ljc4IiB5MT0iNS41MSIgeDI9IjkuNzMiIHkyPSI1LjUxIi8+CiAgICAgIDxsaW5lIGNsYXNzPSJjbHMtMyIgeDE9IjU0LjA3IiB5MT0iOC43NSIgeDI9IjguNjQiIHkyPSI4Ljc1Ii8+CiAgICAgIDxwYXRoIGNsYXNzPSJjbHMtMyIgZD0iTTY4LjE1LDUuNTVjMS43MSwwLDMuMDksMS4zOSwzLjA5LDMuMDlzLTEuOTIsMy4wNi0zLjYyLDMuMDYiLz4KICAgICAgPHBhdGggY2xhc3M9ImNscy01IiBkPSJNNTMuOTEsOC43NWMwLS4xNC4xMi0uMjYuMjYtLjI2cy4yNy4xMi4yNy4yNi0uMTIuMjctLjI3LjI3LS4yNi0uMTItLjI2LS4yN1oiLz4KICAgICAgPHBhdGggY2xhc3M9ImNscy0zIiBkPSJNNTMuOTEsOC43NWMwLS4xNC4xMi0uMjYuMjYtLjI2cy4yNy4xMi4yNy4yNi0uMTIuMjctLjI3LjI3LS4yNi0uMTItLjI2LS4yN1oiLz4KICAgICAgPGxpbmUgY2xhc3M9ImNscy0xIiB4MT0iMzYuNDMiIHkxPSIxNi45OCIgeDI9IjM2LjQzIiB5Mj0iMTQuMjQiLz4KICAgICAgPGxpbmUgY2xhc3M9ImNscy0xIiB4MT0iMjguMDUiIHkxPSIxNi45OCIgeDI9IjI4LjA1IiB5Mj0iMTQuMjQiLz4KICAgICAgPGxpbmUgY2xhc3M9ImNscy0xIiB4MT0iMTkuNTkiIHkxPSIxNi45OCIgeDI9IjE5LjU5IiB5Mj0iMTQuMjQiLz4KICAgICAgPGxpbmUgY2xhc3M9ImNscy0xIiB4MT0iNDEuNTciIHkxPSIyLjc0IiB4Mj0iNDEuNTciLz4KICAgICAgPGxpbmUgY2xhc3M9ImNscy0xIiB4MT0iMzMuMjgiIHkxPSIyLjc0IiB4Mj0iMzMuMjgiLz4KICAgICAgPGxpbmUgY2xhc3M9ImNscy0xIiB4MT0iMjQuOTkiIHkxPSIyLjc0IiB4Mj0iMjQuOTkiLz4KICAgICAgPGxpbmUgY2xhc3M9ImNscy0xIiB4MT0iMTYuMDgiIHkxPSIyLjc0IiB4Mj0iMTYuMDgiLz4KICAgICAgPGxpbmUgY2xhc3M9ImNscy0xIiB4MT0iNDQuNjMiIHkxPSIxNi45OCIgeDI9IjQ0LjYzIiB5Mj0iMTQuMjQiLz4KICAgICAgPGxpbmUgY2xhc3M9ImNscy0xIiB4MT0iNDkuNDkiIHkxPSIyLjc0IiB4Mj0iNDkuNDkiLz4KICAgICAgPGxpbmUgY2xhc3M9ImNscy00IiB4MT0iNDAuODgiIHkxPSIxNi45OCIgeDI9IjQwLjg4IiB5Mj0iMTQuMjQiLz4KICAgICAgPGxpbmUgY2xhc3M9ImNscy00IiB4MT0iMzIuMzMiIHkxPSIxNi45OCIgeDI9IjMyLjMzIiB5Mj0iMTQuMjQiLz4KICAgICAgPGxpbmUgY2xhc3M9ImNscy00IiB4MT0iMjMuNzkiIHkxPSIxNi45OCIgeDI9IjIzLjc5IiB5Mj0iMTQuMjQiLz4KICAgICAgPGxpbmUgY2xhc3M9ImNscy00IiB4MT0iMjAuNTkiIHkxPSIyLjc0IiB4Mj0iMjAuNTkiLz4KICAgICAgPGxpbmUgY2xhc3M9ImNscy00IiB4MT0iMjkuMTMiIHkxPSIyLjc0IiB4Mj0iMjkuMTMiLz4KICAgICAgPGxpbmUgY2xhc3M9ImNscy00IiB4MT0iMzcuMTYiIHkxPSIyLjc0IiB4Mj0iMzcuMTYiLz4KICAgICAgPGxpbmUgY2xhc3M9ImNscy00IiB4MT0iNDUuNzEiIHkxPSIyLjc0IiB4Mj0iNDUuNzEiLz4KICAgIDwvZz4KICA8L2c+Cjwvc3ZnPg==\" alt=\"S\u0131cakl\u0131k\" width=\"100\" title=\"\"><\/div>\n<div class=\"temp-values\">\n<div>-25\u00b0C \/ +70\u00b0C<\/div>\n<div>-13\u00b0F \/ +158\u00b0F<\/div>\n<\/div>\n<\/div>\n<div class=\"marking-section\">\n<div class=\"detail-row\">\n<div class=\"detail-label\">\u041c\u0430\u0440\u043a\u0438\u0440\u043e\u0432\u043a\u0430<\/div>\n<div class=\"detail-value\">: \u0422\u0438\u0441\u043d\u0435\u043d\u0438\u0435 \u0438\u043b\u0438 \u0441\u0442\u0440\u0443\u0439\u043d\u0430\u044f \u043f\u0435\u0447\u0430\u0442\u044c<\/div>\n<\/div>\n<p><img decoding=\"async\" class=\"marking-image\" src=\"data:image\/png;base64,iVBORw0KGgoAAAANSUhEUgAABf0AAAAsCAYAAADfABI0AAAACXBIWXMAACE3AAAhNwEzWJ96AAAaL0lEQVR4nO3dMWzbWJoH8P\/eLjDXDLE4YCsT2FnsNmJxB1wjFjO4OSBSkSBbWCwSpJFVJJtGVpFMisTGrZ0pHLuw3Rh2Ybsx4kJ2cUGmkFLs7kxBNbM3U8jN3M4UdLVXcaqp9grpoymKj3ykJEtW\/j\/AwIwtieTT42P48Xvf+9lvf\/3RP0BERERERERERERERDfdH\/9p2ntARERERERERERERETjwaA\/EREREREREREREdGcYNCfiIiIiIiIiIiIiGhOMOhPRERERERERERERDQnGPQnIiIiIiIiIiIiIpoTDPoTEREREREREREREc0JBv2JiIiIiIiIiIiIiObEL0Z5c7VWg2EY49qXWJeeh7NmE0XbRtG2AQC729sT3SYRERERERERERER0U2UO+hfrdXwYnVlnPsSq+O6QdC\/3lgGwKA\/zb5SuYxqbQkdt8P+SpSgaNvouO60d4MS8DuaDsMwsGCauOh2p70rM2mU9pn3tuU5S0REREREucv7TDrDn+gmW3QqKNo2Lj1v2rtCNLOKto2T09d4tbU57V0hhVdbmzg5fR3MtKPrs3ewj5PT1yhY1rR3ZeYYhoGT09c4OX2d69+j89y2PGeJiIiIiAgYsbyPePzwEXzfH8dHDZnU56q8WF1BwbLwcm09UwaYaZqoN5ZRtG0smCYuPQ8d18XLtfXYY6g4DhadCtqtNo4PD2M\/U15z0e3i5dq61jbPmmc4Pjwcud1OTl8DAB7cuz\/0N8MwsLG1CcMwYjPZDcNAtVZDqVxCwbLg+z46rovd7Z3YNi1YFl6sruDS8\/DZk6eJ+yWfe948w1mzGfxe2iqOtEvWrDeZXaJq\/ySlchkA0G61gt9Fvy+gN5MleixxxtFG8hlpwu9TtWvvO+3gvNmM7WuyrWjbyeclHbP0vfA5OI7jj8p7bGljRLidH9y7n9g3VVSfLTNIfN\/H44ePUj9Htw+nfV9xfN\/Hu1Y7te8mYbB\/9sk58GprE\/\/x8Sda7zEMAy9WV0a6NlUcB9XaUhCUveh2sbu9MzCmqt6Xdm0Vr7Y2sWCaQ+ebnONxLrpdHB8ewUt5oDvK9UOOo2jbQ+2VtW1Hbcc4Wc79Ucdj1fbkWKU90q4L0W1J25qmGYzXuuNunmtpVNaxWaXdag9dq\/Kcs0RERERENH\/GEvRPu3kMqzhOEPDUcel51zr9umBZKNp2psyxgmUNZZstmCYWHQe3ymU8uHd\/6BgWTBNF20bBsvCu1YoNIMhrsmyz3lhGqVzCg3v3Rwr8J2WI9bZRjg08SvZdOGBiGAZK5TJK5TKePXk6dBNsGEZovYadxGDKUm0JC6aJjtsZ+H1SWwHAouPEbjtJpZ+tX7Rt7G7vaLdnOOAv76k4DjZiApzy+fXGMv7w8JGyr4+jjcKfkST8vqR2LZXLqDeWY\/u3alvyedF9C5P3hfv2OI5ftS9xko4tbYyIHnta3wzzfR+GYWCpthQbxKo3llGwLOxu72h9nm4fTvu+VErlMop2MVPA7WrfetcC3\/dzBUXpeuxu76BULmPBNFFxnNQxNO4asBA88CzGPkiOqjcaQTk\/UbAs7B3s4\/HDR4n\/5pA+a5pmYtDf7F+jZZ+j21L1+6JtY9FxYseGsLzXDyHHf3x4FGwna9uOox1VJBB+9\/adxOOQ8dgwjMS+k2es+ezJU7z54i0WHSf1uhAWbtt2q4VqbQlF29Yed\/NcS6NGHZtF0bZRcSoD\/+bLes4SEREREdF8GkvQPwspe6JLavrPKrkJNwwDvu\/3M65+hGF8GCx0\/GprU3ljbBgG6o3lTEGzuG163iUsq4BFxwlu6nWCK1n1bvRrAOJneOwd7AcBCdkvAKjWlmAYBp6vrqDjusqb82ptSRkAlJvYJB3XHbrRLtpFFG0bG1ub8PozMHTc6gfvZdu6\/bBULgEA3rXaABAcN9B7iHXUD+L0HoaUsOg4+NAw8KNmUGjUNpLMUJW49om2q2ku4Fa5HPTF39++ox1wGdWoxx816WPrzXK5+n\/TXAiCjdHg\/aXnYWNrE4uOMzRLSB4SAr1zS0fePhx3DKrzatFxcs2kkcDb54rZUDQbfN\/H7vYONrY2UW8sp\/ahaq0WzPA6PjxCx3VRrS31g7Y2SuVyYrBZrolA78HpeX+sksDri9UVrUSDBdNM3Fa1tpT6GeFrmKg4FSyYJk5OX+PTjz9R9t1Rzj15IHbpeQMz6bK07bjaMencL1gWqrWa8uFKwbKC8bhgWTBNM3UszTLWXHS7OG82seg42v+Oimvb3e0dnJzamcfdPNdSkbV\/xG1LriXyPcjxZD1niYiIiIhoPo0l6C\/B5\/fRouMExx\/N\/DtrnuHNF29RsKzEbKusQbOkbXbcDja2NoMMsnEu5CZlfYDeTXL0s8PZkdGs+uPDQ7z54m2Qlai6OZeb7vi\/pZdIUS2ce\/U9VLTapNQP+krm9a1ySfvGWW7mZTvyfV16Hu7evjNwrrRbLRwdHmkFQ8SobeRFAkk64tq1YB0FD5+SAvHjNurxR0362HpBrKs+J8ErIH5RcinFEQ7iyO8BCUSm95VR+vDwMcSfV1I3urdotf5YI8FA3\/czzRSj6ThrNvF8dQULpomCZaVmuAO9LGrpMx3XDcbggmUlfucSYI3OJOu4Lr7+9hutfRC9Mj\/x25JzMEncdfm82cR\/f\/E2mMEWd06Neu7d6j84jgZ5s7TtuNpRde7vHez3Z\/CVEkoUVoJ96LVDObXkUtax5ujwKJhVCaQH\/ePatuO6uOh2M4+7ea6lQL7+odqW512i3lhGtbY08Pcs5ywREREREc2n3Av5hn397Tf47ofvlT9ff\/tNbHb\/7z76TerPJLLVx0myus+bzaGbKslCA3qZakmiU\/DzbvMs9Dt53bjsHezDMIx+TeDhm08pa3PR7Q7dwErmGZBcOsgwDFRigjFmP2szr+PDIwDQzgKXtpMsZLlJT39fOWgjCRDI+8LlfsIuut1Mgc9JtVFWUhsawLVu9zqOf1rHBlz11XAmcvjYdEv75O3DWUhGbtbPlWN5pzgnaPa8649RlZQHazKbKjqm6T4UkutD9Nrm+\/5AmRsdpXIZZsyYX+k\/iM3D87ygLVTXk1HPPTk\/opnlWdp2nO0Y5zwhw13IcTzrP+RP6ztJVGPNRbeLS88LHsLo7lO0bcc17uoY59gs333c+3XPWSIiIiIimk9jCfqnUdUklWz0pB\/VYnqzQvav3S\/lEiWlAVTBAVl8T6bm65Aghqpe7N3bd\/C7j34z1szraq0WLHynWkC0YBUAJLVFLwieFniPy9bWycpMItvWLS0VztaXm2q9gEJ8hua4TaKN8pDgUdaSOqO6juOf1rGdNZtBEEsebkggqq1Y\/yNO3j6cR9aAlTwETVt34X1UbzTw3Q\/fo95ooOI4wUP1r7\/9JugPUnpKHqxH13cR8vek16u2ESXjeto1+cG9+7H17rOU9VPJ84AoblzIMyMoTK7rqof5o5x70k6Xnjd0ro+rba\/jQZvM5rn0vOCBt5T4GUVcP4\/OblBJattxjbs6JjU2R9tG95wlIiIiIqL5lDvo32610G61gpsW1U+Sk9PXqT8v+rXQZ9WombO+\/2OQYaZ7rBKEvK4M2YJlBTMRnj15qrz5HbUtOq4bPACJBgYkU023lnmU3PRmKe0j2fpSm\/+WxswJCSq8C2Viyve06DgjB74m2UY3wfty\/JJVKmthSOBSxoo0o\/ThLExzAUD2sUi+uy5LTigV7SI2tjaDcVXKq5XK5aDUydVrbZycvlZ+1t7BfuzrS+WychtREmjOM4aZ\/RIjAK6tnFNbkeVs9heMvcywvkuUPOCOe2g16rmX9dyYRtsCVw9OVA\/upN1ln+SaeCtncDtprLnoXgBIn1GZ1rajjrs6xj02h6+D0bYZ5ZwlIiIiIqKbL3dN\/4tuV5nxHfbdD9\/n3cR7Y3d7O1gcsN5o5KoRO0mvIkGhSTpvNlGt1QbqqMvirL0FgC9TPmGYYRhY6mfs6dS1jWbrt1stbGBzoA5vHMlsDJf2AXrBjnpjOci27ZXzaQd1hLMGTEdtI9XMGwC59ue6TaKPzJp2q4Xn\/kqw4KZhGFoPUkXePqximgtDfSa8NoFOqY8weXDJOtNqRdsO1k6RYLxhGNg72A+uv77vo+JUgsU8Veu4GIYR+\/q9g\/3YbVRrS0MB5FEynWUtGBnzrsNF9yIIiIcXuJXs7bPmWWqQOI58Xm8bw8cy6rl3dW5caO3PpNu2aBdRbzQGflcql4I68aoa\/dJGV+3QxqLjoOJUEuv65xlrdPtmWttmHXfzXEvz9o+4bZmmief9ZJG4h93jnJ1AREREREQ3z1gW8s1Lp0bq5Xty0\/JybR17B\/uo1paCkj9Z1BuNoXUBOq478poI9UZjYGp4vbGcezFQHceHR6jWagOLtS4GGdxnqaVWKk5lKJBjmmbwPp2MvehCvL7vo+O6QQkm1fFfZTYOljfyPA+fr63jeT+IIAsuAsv942riZb+2r45R26hgWcqs4Af37o918edJGPX4bwLf93F8eIR6YzlXtmnePqyy6DjK8klxa3i8j7774fvUMVfGaZ3zbGjtlCe9jH2gd+2UIHbHdYMxRRX0V71etY20zOAsC49LaTgA17bYtzg+PMLG1ubAgr5XweNmatD\/xerK0Lgs10MpWxM17nMvyXW0rZRajOq4Lp49eRp73Qov1C0PIsIleJL6zyhjzailg7KOu3mupXn7R9K2wmsmqWQ5Z4mIiIiIaD5cS01\/ld3t7dSf9yWYJKWSDMOYqZJG9cYyfN8PAlkyG2FSZKFCqasrC+n5vq\/VFxb6pRvCPxIETipNJCTb7tLzBrIm2xpT8CWzMS4QdNZs4tOPP8HLtXW0W62Bh1mLjoM\/ffWl9iyKUdvopntfjj\/88E8VYIwzSh\/Os4+zvtj6TRV9eBj+\/qPBRNU6KnHvDb9++HP0+pjugzXTNIOH0bvbO9c+s0NqycuCvrKAr26NdnmQEv6RbOw\/xMx0vM5z77ratuO62N3eGfi56HZRtG3sHezHXrfkAfi7oX6Xv8SPzlgzjge+ecddHZPoHx3Xxe9v30ntz\/PwMJyIiIiIiLLRyvQ3TXMii4TqBI8vPW8okKcbdM5SDmMWvFxbx5sv3mLRcXCUsYbsebMZHKtMTY+K1oEOS8o8\/XxtHR3XxXmziUXHyT0bQdd586w\/nb8S3KhGgwcq0QX6epmGFzhvNrWCPDL1Pnqj\/67VwovVFeUU\/PCihargSy+L8DAobSDnlZT+qTeWtbM1R2mjccwAmbZRjv+mkCzZom1nWhg6bx9O0gv29TLCTdPEn776EkCvTMasl4OapFdbm+h2Lwb6XsGyUHEq8P0fsbu9jaJto+JUBgLz8sBq0akEZXeyGFeb+\/6PY\/kcFSkXdOl5iSVdJsX3fbxrtYLsccnsf5fykERES7Rceh66\/etJUumWcZ57KtfVth23M1RycHd7G6+2NrHoOHixuoLPnjwd+PvVA\/DBdn7XaqNULieW+Jn2WJNl3M16LR2lf0S39eevvgz+zcEMfiIiIiIiiqMV9F8IZZSNk85ndlw3Juivty+723oLt84KqY9brdXwYnVFuUBeHC904xcuxzOq82YzaP\/d7R0s9jMlq7XaxNYeOGs28Xx1ZWCxVt2HIGfNs5H2SzIQkxbGjJuCn5Tlr+J5XrCv9cZypu9tlDaaB+\/78SfJ24d1eZ438ABwnmZXZCEP7RZxtQh70bbx5ou3AHoBYlmvJVqyRMr0AKN9F9Oic10Nl575TFEG5jocHR4FteSl5Ixue7\/sP\/DWNelzT8xC20q79o75KugvD8B7+7kUrKEAXK0JlFbiR2Qda2b933vj7B+72zv90lWOVnnAWW8bIiIiIiIav2sp79Nx3alk+V0HyepWBWwN48NMn7e7vQPf9\/ulBOLrDUtpGFX9WlWZmJdr63hw737sjyo7PZx57oUyCqu1paHtXLVFIdN+xZFF6WRh3OsoCyFZdkB8WQcRNwU\/ujhfFnlvxqfRRlF5F3ZW9e1wn05rl0kff9qxqWbNyDFMI8gySh\/OQupHyzbyGrUG9zR5nodPP\/4Eu9s7A+W6LrpdPHvyFHdv3wHQC8o+fvho4IGg7\/s4bzZx9\/adGxPwz3Kuh0vPHB8eTjXgKGODBKLjFjwdh3Gfe6a5oPj9bLSt9Plov5DSPgCG2iD87yTdEj86Y03W65CqbSdp3P3jrNkMvoNqrRb7mrzXZyIiIiIimg9amf4d18XvPvrNWDaYt6yI1PifNRfdLgqWhVK5NPRgwzAM5TR3FVmQ7UU\/izlOtx\/AWHQqsQEj1YKyeYKi0eyxcLZ\/dFr\/RfcCAAbqHoctBvuVng0vi7XKf18HCdz3ykINz7IwjA9RrdWGpuCbpomCZSlL+xiGEQSm4+QNmk6jjaIki1N3hoO0gbqP9LKhdRbwnvTxq45NSj+UyqXYMUn6+TQWIc\/bh7OSdRWKtt1fmDZb4FHeW7CsG12aQh6EhgOdXkxJunarhYX+2hNAb0w4OjyayoO6vCRgq7PP4dIzaQuMRqmCycBoY+XG1mbw35MwrnOvF8RXz\/zSbdtJtKPOZ0gf75XUuxz6e8EqpJb4CdMZa3T7ZlrbTtIkxuaz5hnqjWVlycUs5ywREREREc2fqS7kOw8ks7to23jVvxkHeoHgja3NXPXGjw8PEwOGErSIbtMwDLzKuU1dvbr0ve0v9hdRFbJoomEYODl9HfytV6++EQQDdOopy42+7\/tjXUgviWQeHh8exS4q\/XJtPfheSqEsRXmfKuNyY2sTJ6evUW80YrIinVBwWe\/BkJhGG4mCZWHvYD8I\/JxrznCQPgJgoI8AvWxFyWDVmTExqeNPOzbZt4JlxZ5\/8r48sz5GlbcP5yEBx2imqo6rhz\/xMz5ukmqthgXTxO72Djqui1K5PNQesmaH7\/t43F8AdpYWbNchx5QWQMxSekYynsPjQDc0e64SKokUzmbOGsSUcafjuhN7yDSucy88ezB6vcjStpNoR1G07aD\/hq974dI+L9fWY9vh8\/7sQSnxoyNtrJFxRBIPVJLadtImMTZLoF9KLkbpnrNERERERDSftDL9VQvDzrqLbld7YdQoVb1VITMfwgvcRus2i93tncyBhs+ePFXuw6S2qau37sBSEMiSbH\/f9\/H52jo2tjZRsKxgAb7ovuuWs7jOxWYl8xxILsvScd1+HeNScByqmRVA7+GPfHa9sYx6YzlYeC8cvLjs1y7OKk8bFW0b3\/3wvfLv4YUUhex7nPNmM1PQ\/dmTp9g72Ff2kSwLU46jj2Q9tvDaG6rzr91qXXvZjVH6cB4d1w1mOlVrS5mOt+N2gqzWvGP0rKjWloL6\/bLwaLQ9ZHbUsydP0W61gvG7YFk3JiB3lamcvNZM+FyKu4aFFySVGW3hMeei2w0yuze2NlFvLONDwwj6tmoR3SS+7+Pf\/\/XfMr0ni3Gee7KQbG8G4WB99yxtO652TBofgauAPHAVrI4ugBzmeR4uPQ8Lpolb5bLWWJ801hiGEVxL08agpLbNQ\/daOqmxWcqEVWs1VGtLQ9dt3XOWiIiIiIjmk1bQP3xTRcMk4y6aaSVZ8XnKEvWmgLvKdldtE4gP2o5TuATRouMMlKmQG9XnqytDmXTnzebMBvjk5jiciR6n3Wpj0XGCKfiGYaBgWcpsc6n7LW0F9GrQL0Rq1z9++GhqC13mdel5uRZObrdaePbkaWwf6biu1qKEk5Z2bNKP486\/afXzvH14lLaWsimlcllrYc6rfejt40L\/odhNXmTy048\/Cc5nz\/Pw4N79oeM5PjwMgrBAr\/\/cpPI+UopJZ1bNODKoHz98hJPT1wOZ48DV+DBrxn3unTXP8GLVGirhl7VtJ9mOl543tNCx7to27VYL1VpNu8QPoB5rZAzWncWhattJmuTYLGXuDMNAxXGCY8pyzhIRERER0Xz62W9\/\/dE\/0l5UtO3UzPdZFM5606U77TsuSCW13SV7U0qPxDH7gV\/J+o4TDiirgkNZtpmFTuacvCbuGGTfi7aNy34ZllGOU6jaTac9k8j3rvP+8JT5UrmMja1NnDebA+sbJL1XtiULTOrs7zjaSD4jTfh9ZuQBhUjbD539DfcRKb2R9tpRjl\/1uqzHFv0MOf\/S+nn0WID0zNQs\/TJvH5byEHHtq9OWSeNAknqjgXpjOdc4Pc+S2lw1Lqvek\/X1qvecnL5G0ba1xrm0BIFwH0vrs1LOJW180D22qPBYHL5uqn6f9jl5zr04hmHgT199CcMwBh4iZWnb6DbztmPW7QDJxwbEj4F5xppwOz178lQriK9q27C07zPrtXQSY3Pc\/oZfk+WcJSIiIiKiufRHraA\/EcXbO9hHqVzG44ePmE1HlEE4+PZybV0745euV6lcxt7BPnzfx+9v37nRCy\/fJPJQ7NLzcPf2nanPfppFL1ZXUK3VcNHt4u7tO9rvm\/e25TlLREREREQA\/siFfIlyMgwjqGHMgD9RNlImDACW+otZ0+yRhcaPD48YPLxGx4eHQe37URfdnkeGYQQl87KWKpr3tuU5S0REREREAPDzf\/nlL\/9r2jtBdBP96le\/gu\/\/iPPm2Y2pzU00S\/7nr3+FaZp4ubaO\/\/v736e9OxTjXauNDz74AJsbr6a9K++Vn376CR23g3\/+4IOBxXKp56effsJf\/vwX\/O1\/\/4a3b95kfu88ty3PWSIiIiIiAvBnlvchIiIiIiIiIiIiIpoPLO9DRERERERERERERDQvGPQnIiIiIiIiIiIiIpoTDPoTEREREREREREREc0JBv2JiIiIiIiIiIiIiOYEg\/5ERERERERERERERHOCQX8iIiIiIiIiIiIiojnxCwD\/Oe2dICIiIiIiIiIiIiKikf0w7R0gIiIiIiIiIiIiIiIiIiIiIiIiIiIiIiIiIiIiIiIiIiIiIiIiIiIiIiIiIiIiIppV\/w8Y36QliVDSsQAAAABJRU5ErkJggg==\" alt=\"Markalama G\u00f6rseli\" title=\"\"><\/p>\n<\/div>\n<div>\n<table style=\"width: 100%;\" cellspacing=\"0\" cellpadding=\"0\">\n<tbody>\n<tr>\n<td style=\"width: 120px; font-weight: bold;\">\u041d\u043e\u0440\u043c<\/td>\n<td style=\"width: 400px; text-align: left;\">\u0418\u0421\u041e 1307<\/td>\n<td style=\"width: 120px; font-weight: bold;\">\u0426\u0432\u0435\u0442<\/td>\n<td style=\"width: 400px;\">\n<div class=\"color-icons\"><img decoding=\"async\" src=\"data:image\/svg+xml;base64,PHN2ZyB2aWV3Qm94PSIwIDAgMTAwIDEwMCIgeG1sbnM9Imh0dHA6Ly93d3cudzMub3JnLzIwMDAvc3ZnIj4KICA8Y2lyY2xlIGN4PSI1MCIgY3k9IjUwIiByPSI0OSIgZmlsbD0iI0ZGRDcwMCIgc3Ryb2tlPSJibGFjayIgc3Ryb2tlLXdpZHRoPSIwLjUiLz4KICA8Y2lyY2xlIGN4PSI1MCIgY3k9IjUwIiByPSIzOCIgZmlsbD0id2hpdGUiIHN0cm9rZT0iYmxhY2siIHN0cm9rZS13aWR0aD0iMC41Ii8+CiAgPGNpcmNsZSBjeD0iNTAiIGN5PSI1MCIgcj0iMzMiIGZpbGw9IiMwMDAwMDAiIHN0cm9rZT0iYmxhY2siIHN0cm9rZS13aWR0aD0iMC41Ii8+CiAgPGNpcmNsZSBjeD0iNTAiIGN5PSI1MCIgcj0iMjIiIGZpbGw9IndoaXRlIiBzdHJva2U9ImJsYWNrIiBzdHJva2Utd2lkdGg9IjAuNSIvPgo8L3N2Zz4=\" alt=\"\" title=\"\"><br \/>\n<img decoding=\"async\" src=\"data:image\/svg+xml;base64,PHN2ZyB2aWV3Qm94PSIwIDAgMTAwIDEwMCIgeG1sbnM9Imh0dHA6Ly93d3cudzMub3JnLzIwMDAvc3ZnIj4KICA8Y2lyY2xlIGN4PSI1MCIgY3k9IjUwIiByPSI0OSIgZmlsbD0iIzAwMDAwMCIgc3Ryb2tlPSJibGFjayIgc3Ryb2tlLXdpZHRoPSIwLjUiLz4KICA8Y2lyY2xlIGN4PSI1MCIgY3k9IjUwIiByPSIzOCIgZmlsbD0id2hpdGUiIHN0cm9rZT0iYmxhY2siIHN0cm9rZS13aWR0aD0iMC41Ii8+CiAgPGNpcmNsZSBjeD0iNTAiIGN5PSI1MCIgcj0iMzMiIGZpbGw9IiMwMDAwMDAiIHN0cm9rZT0iYmxhY2siIHN0cm9rZS13aWR0aD0iMC41Ii8+CiAgPGNpcmNsZSBjeD0iNTAiIGN5PSI1MCIgcj0iMjIiIGZpbGw9IndoaXRlIiBzdHJva2U9ImJsYWNrIiBzdHJva2Utd2lkdGg9IjAuNSIvPgo8L3N2Zz4=\" alt=\"\" title=\"\"><\/div>\n<\/td>\n<\/tr>\n<\/tbody>\n<\/table>\n<\/div>\n<\/div>\n<\/div>","protected":false},"excerpt":{"rendered":"<p>&nbsp; \u00dcr\u00fcn Ad\u0131: LONG-KOMP A\/S \u00dcr\u00fcn Kodu: LL\/AS084 Orta Hizmet Hava ANT\u0130STAT\u0130K Kullanim Alan\u0131 : Madenlerde, ta\u015f ocaklar\u0131nda ve in\u015faatta \u00f6zellikle hava ve pn\u00f6matik aletler i\u00e7in orta hizmet tipi kullan\u0131m. Alt Katman : Ya\u011f &#8211; Sise Dayan\u0131kl\u0131 Do\u011fal ve Sentetik Antistatik Kau\u00e7uk. Takviye Katman\u0131 : Y\u00fcksek Mukavemetli Sentetik Tekstil. \u00dcst Katman : A\u015f\u0131nma, Ozon ve [&#8230;]\n","protected":false},"featured_media":22203,"comment_status":"open","ping_status":"closed","template":"","meta":{"jetpack_post_was_ever_published":false},"product_brand":[],"product_cat":[2355],"product_tag":[],"class_list":{"0":"post-21288","1":"product","2":"type-product","3":"status-publish","4":"has-post-thumbnail","6":"product_cat-sel_hava_gaz_hartumlari","8":"first","9":"instock","10":"taxable","11":"shipping-taxable","12":"product-type-simple"},"jetpack-related-posts":[],"jetpack_sharing_enabled":true,"jetpack_likes_enabled":true,"_links":{"self":[{"href":"https:\/\/tuzlahortum.com.tr\/ru\/wp-json\/wp\/v2\/product\/21288","targetHints":{"allow":["GET"]}}],"collection":[{"href":"https:\/\/tuzlahortum.com.tr\/ru\/wp-json\/wp\/v2\/product"}],"about":[{"href":"https:\/\/tuzlahortum.com.tr\/ru\/wp-json\/wp\/v2\/types\/product"}],"replies":[{"embeddable":true,"href":"https:\/\/tuzlahortum.com.tr\/ru\/wp-json\/wp\/v2\/comments?post=21288"}],"wp:featuredmedia":[{"embeddable":true,"href":"https:\/\/tuzlahortum.com.tr\/ru\/wp-json\/wp\/v2\/media\/22203"}],"wp:attachment":[{"href":"https:\/\/tuzlahortum.com.tr\/ru\/wp-json\/wp\/v2\/media?parent=21288"}],"wp:term":[{"taxonomy":"product_brand","embeddable":true,"href":"https:\/\/tuzlahortum.com.tr\/ru\/wp-json\/wp\/v2\/product_brand?post=21288"},{"taxonomy":"product_cat","embeddable":true,"href":"https:\/\/tuzlahortum.com.tr\/ru\/wp-json\/wp\/v2\/product_cat?post=21288"},{"taxonomy":"product_tag","embeddable":true,"href":"https:\/\/tuzlahortum.com.tr\/ru\/wp-json\/wp\/v2\/product_tag?post=21288"}],"curies":[{"name":"wp","href":"https:\/\/api.w.org\/{rel}","templated":true}]}}