{"id":21282,"date":"2025-08-11T10:44:06","date_gmt":"2025-08-11T07:44:06","guid":{"rendered":"https:\/\/tuzlahortum.com.tr\/urun\/long-komp10-bar\/"},"modified":"2025-08-20T16:00:31","modified_gmt":"2025-08-20T13:00:31","slug":"long-komp10-bar","status":"publish","type":"product","link":"https:\/\/tuzlahortum.com.tr\/ru\/product\/long-komp10-bar\/","title":{"rendered":"\u0411\u0410\u0420 LONG-KOMP10"},"content":{"rendered":"<p>&nbsp;<\/p>\n<div class=\"report-container\">\n<div class=\"report-header\">\n<div class=\"standard-text\">\u041d\u0430\u0438\u043c\u0435\u043d\u043e\u0432\u0430\u043d\u0438\u0435: LONG-KOMP10 BAR<\/div>\n<div class=\"standard-text\">\u041a\u043e\u0434 \u0442\u043e\u0432\u0430\u0440\u0430: LL\/ALDO81<\/div>\n<\/div>\n<div class=\"product-image-container\">\n<div class=\"key-feature\">\u041b\u0435\u0433\u043a\u0438\u0439 \u0432\u043e\u0437\u0434\u0443\u0445<\/div>\n<\/div>\n<div class=\"horizontal-line\"><\/div>\n<div class=\"product-details\">\n<div class=\"detail-row\">\n<div class=\"detail-label\">\u041e\u0431\u043b\u0430\u0441\u0442\u044c \u0438\u0441\u043f\u043e\u043b\u044c\u0437\u043e\u0432\u0430\u043d\u0438\u044f<\/div>\n<div class=\"detail-value\">: \u0414\u043b\u044f \u043f\u043d\u0435\u0432\u043c\u0430\u0442\u0438\u0447\u0435\u0441\u043a\u043e\u0433\u043e \u043e\u0431\u043e\u0440\u0443\u0434\u043e\u0432\u0430\u043d\u0438\u044f \u0438 \u043f\u0440\u0438\u0431\u043e\u0440\u043e\u0432.<\/div>\n<\/div>\n<div class=\"detail-row\">\n<div class=\"detail-label\">\u041d\u0438\u0436\u043d\u0438\u0439 \u0441\u043b\u043e\u0439<\/div>\n<div class=\"detail-value\">: \u041d\u0430\u0442\u0443\u0440\u0430\u043b\u044c\u043d\u044b\u0439 \u0438 \u0441\u0438\u043d\u0442\u0435\u0442\u0438\u0447\u0435\u0441\u043a\u0438\u0439 \u043a\u0430\u0443\u0447\u0443\u043a, \u0443\u0441\u0442\u043e\u0439\u0447\u0438\u0432\u044b\u0439 \u043a \u043c\u0430\u0441\u043b\u044f\u043d\u043e\u043c\u0443 \u0442\u0443\u043c\u0430\u043d\u0443.<\/div>\n<\/div>\n<div class=\"detail-row\">\n<div class=\"detail-label\">\u0423\u0441\u0438\u043b\u0438\u0432\u0430\u044e\u0449\u0438\u0439 \u0441\u043b\u043e\u0439<\/div>\n<div class=\"detail-value\">: \u0412\u044b\u0441\u043e\u043a\u043e\u043f\u0440\u043e\u0447\u043d\u044b\u0439 \u0441\u0438\u043d\u0442\u0435\u0442\u0438\u0447\u0435\u0441\u043a\u0438\u0439 \u0442\u0435\u043a\u0441\u0442\u0438\u043b\u044c.<\/div>\n<\/div>\n<div class=\"detail-row\">\n<div class=\"detail-label\">\u0412\u0435\u0440\u0445\u043d\u0438\u0439 \u0441\u043b\u043e\u0439<\/div>\n<div class=\"detail-value\">: \u0421\u0442\u043e\u0439\u043a\u0430\u044f \u043a \u0438\u0441\u0442\u0438\u0440\u0430\u043d\u0438\u044e, \u043e\u0437\u043e\u043d\u0443 \u0438 \u043f\u043e\u0433\u043e\u0434\u043d\u044b\u043c \u0443\u0441\u043b\u043e\u0432\u0438\u044f\u043c \u0433\u043b\u0430\u0434\u043a\u0430\u044f \u043d\u0430\u0442\u0443\u0440\u0430\u043b\u044c\u043d\u0430\u044f \u0438 \u0441\u0438\u043d\u0442\u0435\u0442\u0438\u0447\u0435\u0441\u043a\u0430\u044f \u0440\u0435\u0437\u0438\u043d\u0430.<\/div>\n<\/div>\n<\/div>\n<div class=\"datasheet_table\"><img decoding=\"async\" class=\"alignnone size-full\" src=\"https:\/\/tuzlahortum.com.tr\/wp-content\/uploads\/2025\/08\/datasheet194.svg\" alt=\"\" title=\"\"><\/div>\n<div class=\"table-notes\"><\/div>\n<div class=\"horizontal-line\"><\/div>\n<div class=\"footer\">\n<div class=\"standards-section\">\n<div class=\"standard-item\" style=\"margin-top: 9px;\"><\/div>\n<div class=\"standard-info\"><\/div>\n<\/div>\n<div class=\"temperature-section\">\n<div class=\"temp-icon\"><img decoding=\"async\" src=\"data:image\/svg+xml;base64,PD94bWwgdmVyc2lvbj0iMS4wIiBlbmNvZGluZz0iVVRGLTgiPz4KPHN2ZyBpZD0ia2F0bWFuXzIiIGRhdGEtbmFtZT0ia2F0bWFuIDIiIHhtbG5zPSJodHRwOi8vd3d3LnczLm9yZy8yMDAwL3N2ZyIgdmlld0JveD0iMCAwIDcyLjI3IDE2Ljk4Ij4KICA8ZGVmcz4KICAgIDxzdHlsZT4KICAgICAgLmNscy0xIHsKICAgICAgICBzdHJva2Utd2lkdGg6IC41OXB4OwogICAgICB9CgogICAgICAuY2xzLTEsIC5jbHMtMiwgLmNscy0zLCAuY2xzLTQgewogICAgICAgIGZpbGw6IG5vbmU7CiAgICAgICAgc3Ryb2tlLW1pdGVybGltaXQ6IDMuODY7CiAgICAgIH0KCiAgICAgIC5jbHMtMSwgLmNscy0zLCAuY2xzLTQgewogICAgICAgIHN0cm9rZTogI2E3YTlhYjsKICAgICAgfQoKICAgICAgLmNscy01IHsKICAgICAgICBmaWxsOiAjYTdhOWFiOwogICAgICB9CgogICAgICAuY2xzLTIgewogICAgICAgIHN0cm9rZTogI2ZmZjsKICAgICAgfQoKICAgICAgLmNscy0zIHsKICAgICAgICBzdHJva2Utd2lkdGg6IDIuMDZweDsKICAgICAgfQoKICAgICAgLmNscy00IHsKICAgICAgICBzdHJva2Utd2lkdGg6IC4ycHg7CiAgICAgIH0KICAgIDwvc3R5bGU+CiAgPC9kZWZzPgogIDxnIGlkPSJrYXRtYW5fMSIgZGF0YS1uYW1lPSJrYXRtYW4gMSI+CiAgICA8Zz4KICAgICAgPHBhdGggY2xhc3M9ImNscy0zIiBkPSJNMTEuMzQsMTEuNTdjLS45NCwxLjcxLTIuNzEsMi42Ni00LjgsMi42Ni0zLjA1LDAtNS41MS0yLjQ3LTUuNTEtNS41MlMzLjUsMy4xOSw2LjU1LDMuMTljMS45NCwwLDMuNjUsMSw0LjYzLDIuNTIiLz4KICAgICAgPGNpcmNsZSBjbGFzcz0iY2xzLTUiIGN4PSI2LjU1IiBjeT0iOC42NiIgcj0iMi40Ii8+CiAgICAgIDxjaXJjbGUgY2xhc3M9ImNscy0yIiBjeD0iNi41NSIgY3k9IjguNjYiIHI9IjIuNCIvPgogICAgICA8bGluZSBjbGFzcz0iY2xzLTMiIHgxPSI2OC4zNCIgeTE9IjExLjc2IiB4Mj0iOS45MiIgeTI9IjExLjc2Ii8+CiAgICAgIDxsaW5lIGNsYXNzPSJjbHMtMyIgeDE9IjY4Ljc4IiB5MT0iNS41MSIgeDI9IjkuNzMiIHkyPSI1LjUxIi8+CiAgICAgIDxsaW5lIGNsYXNzPSJjbHMtMyIgeDE9IjU0LjA3IiB5MT0iOC43NSIgeDI9IjguNjQiIHkyPSI4Ljc1Ii8+CiAgICAgIDxwYXRoIGNsYXNzPSJjbHMtMyIgZD0iTTY4LjE1LDUuNTVjMS43MSwwLDMuMDksMS4zOSwzLjA5LDMuMDlzLTEuOTIsMy4wNi0zLjYyLDMuMDYiLz4KICAgICAgPHBhdGggY2xhc3M9ImNscy01IiBkPSJNNTMuOTEsOC43NWMwLS4xNC4xMi0uMjYuMjYtLjI2cy4yNy4xMi4yNy4yNi0uMTIuMjctLjI3LjI3LS4yNi0uMTItLjI2LS4yN1oiLz4KICAgICAgPHBhdGggY2xhc3M9ImNscy0zIiBkPSJNNTMuOTEsOC43NWMwLS4xNC4xMi0uMjYuMjYtLjI2cy4yNy4xMi4yNy4yNi0uMTIuMjctLjI3LjI3LS4yNi0uMTItLjI2LS4yN1oiLz4KICAgICAgPGxpbmUgY2xhc3M9ImNscy0xIiB4MT0iMzYuNDMiIHkxPSIxNi45OCIgeDI9IjM2LjQzIiB5Mj0iMTQuMjQiLz4KICAgICAgPGxpbmUgY2xhc3M9ImNscy0xIiB4MT0iMjguMDUiIHkxPSIxNi45OCIgeDI9IjI4LjA1IiB5Mj0iMTQuMjQiLz4KICAgICAgPGxpbmUgY2xhc3M9ImNscy0xIiB4MT0iMTkuNTkiIHkxPSIxNi45OCIgeDI9IjE5LjU5IiB5Mj0iMTQuMjQiLz4KICAgICAgPGxpbmUgY2xhc3M9ImNscy0xIiB4MT0iNDEuNTciIHkxPSIyLjc0IiB4Mj0iNDEuNTciLz4KICAgICAgPGxpbmUgY2xhc3M9ImNscy0xIiB4MT0iMzMuMjgiIHkxPSIyLjc0IiB4Mj0iMzMuMjgiLz4KICAgICAgPGxpbmUgY2xhc3M9ImNscy0xIiB4MT0iMjQuOTkiIHkxPSIyLjc0IiB4Mj0iMjQuOTkiLz4KICAgICAgPGxpbmUgY2xhc3M9ImNscy0xIiB4MT0iMTYuMDgiIHkxPSIyLjc0IiB4Mj0iMTYuMDgiLz4KICAgICAgPGxpbmUgY2xhc3M9ImNscy0xIiB4MT0iNDQuNjMiIHkxPSIxNi45OCIgeDI9IjQ0LjYzIiB5Mj0iMTQuMjQiLz4KICAgICAgPGxpbmUgY2xhc3M9ImNscy0xIiB4MT0iNDkuNDkiIHkxPSIyLjc0IiB4Mj0iNDkuNDkiLz4KICAgICAgPGxpbmUgY2xhc3M9ImNscy00IiB4MT0iNDAuODgiIHkxPSIxNi45OCIgeDI9IjQwLjg4IiB5Mj0iMTQuMjQiLz4KICAgICAgPGxpbmUgY2xhc3M9ImNscy00IiB4MT0iMzIuMzMiIHkxPSIxNi45OCIgeDI9IjMyLjMzIiB5Mj0iMTQuMjQiLz4KICAgICAgPGxpbmUgY2xhc3M9ImNscy00IiB4MT0iMjMuNzkiIHkxPSIxNi45OCIgeDI9IjIzLjc5IiB5Mj0iMTQuMjQiLz4KICAgICAgPGxpbmUgY2xhc3M9ImNscy00IiB4MT0iMjAuNTkiIHkxPSIyLjc0IiB4Mj0iMjAuNTkiLz4KICAgICAgPGxpbmUgY2xhc3M9ImNscy00IiB4MT0iMjkuMTMiIHkxPSIyLjc0IiB4Mj0iMjkuMTMiLz4KICAgICAgPGxpbmUgY2xhc3M9ImNscy00IiB4MT0iMzcuMTYiIHkxPSIyLjc0IiB4Mj0iMzcuMTYiLz4KICAgICAgPGxpbmUgY2xhc3M9ImNscy00IiB4MT0iNDUuNzEiIHkxPSIyLjc0IiB4Mj0iNDUuNzEiLz4KICAgIDwvZz4KICA8L2c+Cjwvc3ZnPg==\" alt=\"S\u0131cakl\u0131k\" width=\"100\" title=\"\"><\/div>\n<div class=\"temp-values\">\n<div>-25\u00b0C \/ +70\u00b0C<\/div>\n<div>-13\u00b0F \/ +158\u00b0F<\/div>\n<\/div>\n<\/div>\n<div class=\"marking-section\">\n<div class=\"detail-row\">\n<div class=\"detail-label\">\u041c\u0430\u0440\u043a\u0438\u0440\u043e\u0432\u043a\u0430<\/div>\n<div class=\"detail-value\">: \u0422\u0438\u0441\u043d\u0435\u043d\u0438\u0435 \u0438\u043b\u0438 \u0441\u0442\u0440\u0443\u0439\u043d\u0430\u044f \u043f\u0435\u0447\u0430\u0442\u044c<\/div>\n<\/div>\n<p><img decoding=\"async\" class=\"marking-image\" src=\"data:image\/png;base64,iVBORw0KGgoAAAANSUhEUgAABf0AAAAsCAYAAADfABI0AAAACXBIWXMAACE3AAAhNwEzWJ96AAAaHElEQVR4nO3dv2\/b1toH8KdF1\/AfMIGmaBdxaIEu4mCjGSINCdpB4pAgw7U1JDeLrcFOhmt7sN0htQfZS5oMspcgGSQNb9EOVICbF+1ALRfv7UAtBdqB\/gfYf+AdxOf4iOKPQ4n6Yfn7AYx761AieXjOofmcw+d89Pmnt9eJ6DYBAAAAAAAAAAAAAMB19tcnRPQPIroz5wMBAAAAAAAAAAAAAIDJfPh43kcAAAAAAAAAAAAAAAD5QNAfAAAAAAAAAAAAAGBJIOgPAAAAAAAAAAAAALAkEPQHAAAAAAAAAAAAAFgSCPoDAAAAAAAAAAAAACwJBP0BAAAAAAAAAAAAAJYEgv4AAAAAAAAAAAAAAEsCQX8AAAAAAAAAAAAAgCXxyaRfULUsenFynMexJDprnNJZo0Fv3r2lomlSz3Ho0YOHU98vAADko2pZVDSL9Gx7Z96HAopwzWZD0zR6+foVHR0cUt915304C+GHk2PqOT1qt1oz\/eyiQ5sEAAAAAAAVEwf9K1Y1j+NYSAXDIE3TqO+65Pt+ps9qmkZF06SCYZDv+9RznNgHeU3TxHZp2xAR9RxHaZ\/vbZs8z8t03FHSykHXdVrR9cRjK5omFU1TbBO3HW+b9F0srtzksgpLKuNxj4Op1JeCYVDRNMV2Xdse+\/vCdUK+DmnivpPPWXV7+TiSypbP5dLzyPO82P0kibsOfN6q11a1Xcdtx7+PwuenIq1+qZyXrutUNE1a0XW69DzqOY7S\/uV6mNQ\/JbUlmcp567pO\/9rfI03TljYYt2w0TROD+l27m9hfybK2Sf7M3XJZ1EnV+1eW+3Rcm0vqj1T7fz7nLH2AbLO+RUXTpB9fv6JvVtdGvjeuLDVNo1K5LPr+rm1n6gejZDmHrP2p6v5K5TJVLIvulsvK\/Vr4sxXLIt\/3xY\/q\/Un1Xpp2r59GuYzbJgEAAAAA4Ob56PNPb\/+biO6M+wU8855I\/eF4HJ1Wm9qt1kxn+vO+Hj14mOncqpYlgluyrm3T8+2dkQfAomnSm3dvyfd9urO6FhuMffPuLRERfXH7M+V9XjSbdHRwqHzsUZLKQdM0+vDbr6RpGnVarZGZZwXDoB9fvxp5gO67Lj3b3ol8CP\/jrz+JiOjbe\/cTgxfrtRrt7u+N1AW5rKJceh798\/GT1MAIH0dUeUdJK6eXr1+NBJeSjiWt\/oXrxGa9Tpv1LaVjjftOPucoPceJnIXKx5HUJvlc+I2dpP3IfN8XdfrO6lpk4Od\/f\/uVVnRdfHea\/\/z+X9I0jZ5v7yQGnuPKX+7zovQch54+fpIagEyrX3w948p1d3+P1mu1kd8nlUPBMGh3fy\/y+HuOQ2eN06FzTWtLKvtkP5wcU8Wy8JbWNcP18NLzhoLRcbhfJiLlax1Xl9PaKNFVezw6OKSLZjN2u4Jh0E+\/\/ExEo20uqT\/yfZ++PzhMPY6Xr19RqVyOvA+m0XWdPvz2KxEN981pZRl331c5BpV+TOWtg6z9adL+wv0mfyZrmcr3BCJKrL9RZa96L03623Ca5ZK1TQIAAAAAwI30Ibec\/vxAOq2f6zIrlNMdRc3cKpXL9PL1q9jPapomHvAn2af8cLheq9EPU0y\/xPvtu+7I4ELBMOjNu7eRM+b43+JmuBERbdQ2Eved9u9xVnSd3rx7qzSDOQ+apo082PM1mvWxTIIDwLM81r7riqBKVBCGZ7kTUWLAj5WCmcRERHfLpRyPdPiYktp5Hn44OY4MkhINymmzXh\/5fbge8psBl8FACl\/fpDY5Ll3XqWJZREQTD0LCbJ01GnTpebSi61QNrmEcOUitqlQui7rMb51w\/\/ji5Jh0xbeXpnW\/4JnVSefOs+2JiO4G\/5sF921d244M+EeR35whoqG2XLGs1GuVht86SOoP8uxPo\/rN50Ggv2JZyvWgalnijYuLZpMumk3yfT+2\/nK\/JN9rJjXtcsnSJgEAAAAA4Oaa20K+f\/z1Z6afqCDWotE0jf4VPKT3XZfurK7RF7c\/oy9ufyZmnBVNM\/EhrWJZmYKqUfv8+suv6Osvv6JOMFBSsayx0qmkWa\/VqFQuk+\/79CziDYbdICDh+z49evBQlAXPWksb5LgrPTiHycHeOD3HEfvknzura3TpeaRpmvKs+Emt12rimh4dHNIXtz+jr7\/8ih49eKhUDqrOGo2hc5VnhYbLIS24Ed5evmY\/5hDQjjues8bpyDlw24mqD3wNO62WUgqukhSAKSXULxVyneYfDmjL6azyVjRNEajqtFr09ZdfiTrFqR4261sjQbL1Wm2oPX6zujb0v33XpbPGaWQ5RrUl+Sdtlv96EHBVTT0Ci4XbIF\/HOFy\/slxjThHYtW3RL95ZXRPfkbZPthKkuoo7LpVgfLhey23qXwl9dEn6bnkAQIWmaaI9cznz75PKkvvDS88T5fbN6pq476uWW1I\/tqLriecyTn+apd\/0PC\/z+fB2581zkdbnonlORKPpKDVNE9vzNrLw\/Uj1PjrtcuFjk88XAAAAAAAgbG5B\/2VUkvIRP3rwcCgVyVmjIQXhk9dByBIAjtsnB+KvZg3m+2BYMAwRcD1rnI4EJnQpAPP08ZOhh+OubdP3wcNsRXH2ZFh1zLUkPM8TD9JZAjOT4GM9a5wOzUbn1\/aJSKzFsKi6ti0GEVZ0fabHyjNYBwGaq9ntch2Tg2VJOPDHgby868BFsynawrSC\/lyfeo4zNNjm+z49ffxkaLavrGgWiYhGUvjwd317775SeqRxcDl3Wu2pfD9MF7eXgmEkzrjuuy59d+8+de2u8ncbQV8i1w3f96kd\/HeWvibuvjDuAJ\/v+2K2Oa+ZE4Vnc1\/1K+qzu7lt9F136D6aVpaGURD7lAfqzoPg9SR99EWzKc4laXA9r\/40qd\/k81f5bl26N3Wkt0P5\/4eD5yVp4CTPt0lnUy5qbRIAAAAAAG6uiRfyZYMgcPJs\/KgHq8Hv0gNB01wvIC+F4CH8feghnLVb7cRZ95eeR7eCwAKvW5BGXkA3ap9njVMqmr3MCxGn+SFI69O17ci0KvzgzSlEwtqtlliMLulc12sbI3VGnhk5DnnhO13Xc1nsOIm8wGIY51G\/DjgoVTAMKpXLM52xfdY4DVJsVEVgWp7lr3INOcDTcxzqtNpUKpfpbrmUe+owbmuadivX72WFiCCprN1qB4uCFiP\/fdYz7eVFMbHoZDpOTyK\/qUU0ev\/k7Yii2wCnVOLPxW0vp16KC376vk9d2w7aTDk2ldY415ePKXyPGqeeViyLjg4OR75rkkFvTjlUNE3SdZ16oX+XB6efb+9Q6fdyEPRVy0HP7TQc3E8ry6ty+3vo93m1777bT5nln29\/Gtdv8qAGDzYnnZ+8vpRcB\/iNgUHao+pIyrg878GzKhfVNgkAAAAAADdXbkF\/1XQpbmg2m+d5U5tdOmscjPO8y7E+73ke9Zwebda36IeTY6UF2jhg0Hf7kf\/ec5zcB0w263UqGAZdep6YBRl2VRbjB9QvPY8KhjHyoC8HqNJS\/ESZRs7yOPIAT1yw4jrV\/7wHj1S1Wy3arG+JHMZd2xazKVUGDYmuZt927a5oE\/KbMnkLB+PyMmnbUh1QzIs8MAnpKlaViqZJvu\/TZn1rqL8qmkV6tr0jFkVm67UNkaKJrei6WAi6aBYjtyeikXUceB9hHATmGeaLhu8HFcsaCoDyPWTc+wVR8j2jJM3q5nQ8PDCqMgiyqO2DJzHE9Y3T6k+j+s2+61LRNMlICfpflWV4aGYQ2K9YFlUsi84ap7QSDEZy8Dwvsy2XxW6TAAAAAAAwXxOn98n6EBN+eOYFXdN+bspiZRfNpghOxC3UOU9F0xSDO5wzd1o4mBtegHFDytk7Dg7S+L4\/9Vn+kJ9zKS9zxbLEbErVYBkPEvCbONNI8VMwjKGFchcJB8t4UHFWKZq4PJDLP5vN+hb9Hcwyl1M2vXn3liqWNVT3k9baKBhG7PY\/vn4VuY+o+y1\/dtzA+bRN634hp4xxI+owp\/Z5H8zU5+NQTfGzaO2D06jxej2dmBnqefanaf0mB\/HT6t7VJIjRsvQ8TxxjxbKGcvnn+XfMbMtlsdskAAAAAADM18Qz\/Z8+fpKau7pgGLF56pPy5MqiZm4tI9\/3RSqTzfqW8gKlMjldg2zSGeXhBWc3ahtTfaW8E8zuHixYOEjZwAv4hvMfxx1vuG7JCx+\/n2OqETnVBosLYO\/u70XWgVm+sbAIuD7I6x+opmXgmZZ91xUDPe\/t7kSpF6KuixygUf3ON+\/eRv4+7zzNPNOV02NVLEvMTO7a3cS+hgdnoxwdHCoFLKf15sMi4D43bRBqs15Xrht91xWz8TVNozfv3oog4KMHD8V+qpZFL06OaUXXI9OVaZoWu33PcWL2Ucw97dW0DQYuqmJB357jDC3g22m1UtfLifpbhD9z6Xkj9VxO7cPB3fe2Tbv7e5lS\/BDN7y2quHbdd92hNUNkk\/SnefWbSeLK8qJ5TqVymdZrG2LmfdLfMFWrGpsmjduNbNHLBQAAAAAAbpZc0vss2mvp11271RIpHjbrW2LhWVWc1iFs0qA\/p1fh\/Mb8NsK0Av88M69ULlOpXA7yUg8WarxQmLWZFKjkwZV54esrO2tEt6VFXuB3lgYBmnOR8iRuvYgoPOtW3n7S1Atx1+XS8+ifwQLNKqa14G+Y7\/v03b37tFnfEoOCPDDGfc3z7Z3IVBdJg7M3bfApCve5cW2YcbodlQBeeGHbi+Y5vTg5FjnmmZz6aiUi6B9uJ\/L2ch55eR9JM4dnVV\/Hcd48p939PZG3ndu26uB53P2CiCLvw\/IivPz9nueJt\/VUU\/xcN5P0p5P0m3EBeFU8KMd1OG79JcZtStX8ymVx2yQAAAAAAMxPbjn9xyXPNIQrZ41TevPODILq2dIShINCUQ+EHOiLEjdbtWAY5Ps+PX38hHb396hiWWO\/jaCKF8Jbr21Q17ZFsLJr22MHw3uOQ0cHh3NN7SPPGNVTAguDRTdH14nQ9ZWJFjS+ji6azbEWX4zK\/+8FM3c5\/3bWmZTydSmaRZGH\/dt79zO1h7jz4O\/Mk+d59Gx7h55t74g3JopmUQSkXpwcU\/+eGxk4jls7YdHSGM1S3MKi\/JaGF6xLErWNpmniraUo4WvA\/x2XuiSuD4nq53j78Hdd93RnPJufF\/TlFC7hRXKzuPQ8Ojo4jAzec2qfcNvo2naQIqe08EF\/+S0QIhJvAu3u79Gbd2\/pu3v3R+rFJP1pXv3muC6a56JfTbuHDP4WUn\/L9DqXCwAAAAAALJ+5B\/0hWs9xqNNqUSVIxZAlwBlOC\/Gf3\/87so2cmz8sabbq08dPxCx5ThWyXqtNbTHarm2LBX05zYLqIEPfdUdmZy7KWynyce3u7yWu39ButSOPu2iaNy7oL1931QClPMMyPGOdgzHjpPiRr4uu6\/Tht19Fuo8s3xXXdjbr9anO4OTBvYtmU7wVw+lQwm\/vLNOC63kpGAb99MvPdOl5Itd70SzST7\/8TAXDoKODQ7poNsXscU4npus6vXz9SswCf5rhrZBFsMiDPJyDnoPWvICvauA9PAFBnsEfJqf2+TtIPcc4eJs1xc8i4JQ3ur5C67Uardc2hu5Xk\/ank\/SbedS9LPeQntNT7veue7kAAAAAAMDyyRT036zXYwPF4yqaJv3x15+p2501TocevlQ\/RzQ6k21a+GFS027l8n1HB4d0t1wOZuWPt6ZB0ivjcWUS9wB51jgVn\/E8TwRX1oPc\/vLD9FVZTJ76o91qD6UkiZtxHBZ+42FRLUv6HpUc9PMITnDKBc5ZHr3NeCl+mNweKlZ1qvmXOaiUZ1qdvutSp9Wi9VoN6XoUaZom0o\/xLHt5Uda\/fZ90Xaf3tk13y2XRf3HKkMsgDcx1s+hvA7RbbbFmBf+3qiz3C3lh1hcnx5HbcNB20Wf7R+k5PVqv1UbuT3n2p1n7zag33hbFfMtlsdskAAAAAADMx8ez3Jnv+9cyyKGq7\/aJKD6\/Kj88q5YB51gmIpGmIIxfPecHzjAOxIb32W616NGDh5E\/cQ+Y4YDI0cGhCECGB4M4bUTBMCKDiHIgIa08OtLxZMnjvgjkY5WDRLK4a7RoNE2LrMMcwOCFRKM+x21iHsGJuzHlHhZ3fVSdB201KXVWHvrSrPIoBaNARItTn\/g4Js3HvWh6jkNPHz+hO6trQ0G8p4+f0Lf37lO71RLplO6srg31BRfNJn2zupZ5vZZ54rY\/q1Qj4y5kPVjQ96rud6Y0AHc35p4bFndvZlftI58+I68FwOPSReXdn6r0m9ynpdW9vMsyi\/mUy2zbJAAAAAAAXC+ZZvr3HIfOJsjw0AmCIETZ8nHzvgff0c6UY5VodsGvrm3TZn2LCoZBVcsaCp7LgfEss\/7OGg2qWtXYB\/BBueS7T1Xywqq89gBf357jiAGB3f09erY9nOKAU\/X03dH84WHygr7nGdc3WAS8cCAv4ik\/oK\/XauLaLvps0N39PTGAIx9r33XFwpWb9a3Yaz2PNy\/kmZVff\/lV5DacXmmcFD+yvusOXetHD6Zzrl27K1I7tVvtobzsRdMUQaVwHvPd\/T3yvMvIhbc5jzdR\/v2lKw0ALiNOc8bXntcfkQ3WTjCp77q0outUsSw6a5xeq2CdEQReeXA7L1xuRdMMrUUzGCQap4x4Qd+ubU9loFFO7fPtvfuR6yyUymV6+fpVaoofN6gTBcPI1D\/2nF5QbsODaRwgnrRuVa3qyPdMoz9V6TeNoO+IW\/+CuW6fKnQ1SDAr8yuX6bRJAAAAAABYDpmD\/nkF7cbNDz3NtBlxqlY1ceYYn4v8kPbi5JiKZpE875I07ZYIDMmz91UdHRzSy9evIv+Nr0l4n3zcK7o+1j5VXTSbtF7bEAMMcsCXBwQqlkUrui4Ga+RBDNXBn7PGKfXd\/tRmbSbZrNdj\/22wwGnyMfGizJwDnNNNyAvxhtMjzZt8zpp2ayiFSVSwkoNs4WstL0Y7rTqYhGfZJvVbXbsbLLo5WYofoqtrHRXEzEun1aLN+pZIIzFY4+LvofrUd92hwPNgMezBuhEbtY2hwYKiWRzqn6IGn3RdT2wHSfcGzovOb4qkBe6uE13Xab22QZeeR08fP6EXJ8dUKpdHUrrwwBcvoLy7v0eb9a1rNdOf2\/EkdZrTnhwdHIp6wMHrQZ2+Ffx3UdTl92MswttptUT6pWnggL\/v+7H1mfedluKn5\/SoVC5T0SxGDsjF4QH\/omnSy9evqNNqU8EwxFuB7xXPPervG\/keLffb0+pPk\/pNeaH7tLrH\/57XTP+iWUzs93giyzzKZXB8k7dJAAAAAABYXpmC\/vLD13Vy6XkTzfZLWyxVHsB4+vgJvXn3lgqGEfm57w8OMx9L17ZFYD\/KNPapSp7tz7NXr97maIhAZNQr6p1WSzko03fduQULk9ax6DlOatC\/5zj0fHuHXpwci9nwsr7rZn7zZdrizrnTakUO2F00m2QYhdhrPTjH2S8Ey8eRFDiU30rJughv1HfxWw9VqzqVYIzv+\/TowUOx8G54EWjf90fetug5zlD++ajr6\/u+WKg7LO4zLGnxb6JBALJiWVS1qnR0sDxBf357pdNqk+\/79P3BIWmaNtLfdu0u9RxH9GOlcinzG2vzVDRNMYA8SZ3m9iinfLtoNqlULgUB69pQfe677ljtcbDY\/PT6G55dnxZY5zZXKpdi73XvbZt29\/cyDzoO6t0g7zsPNLHB+avdU5L+vum0WqG3L6bTnyb1m3x8Kn8ryG+d5bGWQlqqtp7jkOd5cymXvNokAAAAAAAsr0xB\/4pl5b6Q7yyEFwFWNU6QmQNy67WamOXMeejlgHj4MxwQinN0cChmi2bZ53nzfOJgOX8+Lhhx1mhQwSiIFCFyWT\/b3qGe06OKVRXpPXqOQxfN89gHVdUH2LhyUylPFSrHIe8jqZw4v\/d6bYMMwwhmwzvUtbuxszvTyj3tYX+cYEDSbO1wKpmw8LXmlCedVjs1wMHfq5Jaho8xLTim6zp5wYBfWvDnonlORbM4NKgZV\/5p1+Xo4JDWaxu0ouuJQby0a8NtOKrM+65L3927L9KJ8Qx6rk\/hfXJAf5D+pyTSzfBx9F13KD2X\/DmVOpR23eTFVa9bWpskXK7M8zx69ODhyHbh+0\/UNiyufiX1a1Gfybp90mf4vq\/6plVc3Y1qu3z\/2t3fE4FMuS6nSWuPUftX\/X2cW0HflrZIcKfVJk3T6FbC4theUFaD1FC1kbqS1A88294hz7sUbTrtbw1ZUl8+eIOtPTLjfhr9KYvqNweDmoM3FzqKCzK3W+0g5eBomi3ev2rfm8YPFuuedbkQZW+TAAAAAABw83z0+ae3\/01Ed1Q23qzXb1TQHwAA8vHm3VsqmiZdNJvXKq3NTVc0TZGW587q2lwW4152XMa+79N39+6jjAP8N+el59E3q2tKn9E0jT789itpmkZPHz9Z+LVyxoE2CQAAAAAACj5kCvqnveq8qPJciwAAALKTA1WPHjxEn3wNaJpGP\/3yM63oOgbPp4wHxXqOk\/gmyE3Ba+AQZe8veLDA9326s7q2NG8WEaFNAgAAAACAsg9zW8gXAABujkFaryZVLGupgnDLjFOhFAwj0yKzkN3z7R36n19+VkpxdhNcep5YAyPr351njYZYXHfZoE0CAAAAAICqTDP9AQAAJsHrD8D1wXnLYbrQNobxgs\/jDBLqwSK3yzrAiDYJAAAAAAApsqX3AQAAAAAAAAAAAACAhfXh43kfAQAAAAAAAAAAAAAA5ANBfwAAAAAAAAAAAACAJYGgPwAAAAAAAAAAAADAkkDQHwAAAAAAAAAAAABgSSDoDwAAAAAAAAAAAACwJD4hov+b90EAAAAAAAAAAAAAAMDEEO8HAAAAAAAAAAAAAAAAAAAAAAAAAAAAAAAAAAAAAAAAAAAAAAAAAAAAAAAAAAAAAIjx\/2\/VS3jiJRB5AAAAAElFTkSuQmCC\" alt=\"Markalama G\u00f6rseli\" title=\"\"><\/p>\n<\/div>\n<div>\n<table style=\"width: 100%;\" cellspacing=\"0\" cellpadding=\"0\">\n<tbody>\n<tr>\n<td style=\"width: 120px; font-weight: bold;\">\u041d\u043e\u0440\u043c<\/td>\n<td style=\"width: 400px; text-align: left;\">\u0418\u0421\u041e 1307<\/td>\n<td style=\"width: 120px; font-weight: bold;\">\u0426\u0432\u0435\u0442<\/td>\n<td style=\"width: 400px;\">\n<div class=\"color-icons\"><img decoding=\"async\" src=\"data:image\/svg+xml;base64,PHN2ZyB2aWV3Qm94PSIwIDAgMTAwIDEwMCIgeG1sbnM9Imh0dHA6Ly93d3cudzMub3JnLzIwMDAvc3ZnIj4KICA8Y2lyY2xlIGN4PSI1MCIgY3k9IjUwIiByPSI0OSIgZmlsbD0iIzAwMDAwMCIgc3Ryb2tlPSJibGFjayIgc3Ryb2tlLXdpZHRoPSIwLjUiLz4KICA8Y2lyY2xlIGN4PSI1MCIgY3k9IjUwIiByPSIzOCIgZmlsbD0id2hpdGUiIHN0cm9rZT0iYmxhY2siIHN0cm9rZS13aWR0aD0iMC41Ii8+CiAgPGNpcmNsZSBjeD0iNTAiIGN5PSI1MCIgcj0iMzMiIGZpbGw9IiMwMDAwMDAiIHN0cm9rZT0iYmxhY2siIHN0cm9rZS13aWR0aD0iMC41Ii8+CiAgPGNpcmNsZSBjeD0iNTAiIGN5PSI1MCIgcj0iMjIiIGZpbGw9IndoaXRlIiBzdHJva2U9ImJsYWNrIiBzdHJva2Utd2lkdGg9IjAuNSIvPgo8L3N2Zz4=\" alt=\"\" title=\"\"><br \/>\n<img decoding=\"async\" src=\"data:image\/svg+xml;base64,PHN2ZyB2aWV3Qm94PSIwIDAgMTAwIDEwMCIgeG1sbnM9Imh0dHA6Ly93d3cudzMub3JnLzIwMDAvc3ZnIj4KICA8Y2lyY2xlIGN4PSI1MCIgY3k9IjUwIiByPSI0OSIgZmlsbD0iI0ZGRDcwMCIgc3Ryb2tlPSJibGFjayIgc3Ryb2tlLXdpZHRoPSIwLjUiLz4KICA8Y2lyY2xlIGN4PSI1MCIgY3k9IjUwIiByPSIzOCIgZmlsbD0id2hpdGUiIHN0cm9rZT0iYmxhY2siIHN0cm9rZS13aWR0aD0iMC41Ii8+CiAgPGNpcmNsZSBjeD0iNTAiIGN5PSI1MCIgcj0iMzMiIGZpbGw9IiMwMDAwMDAiIHN0cm9rZT0iYmxhY2siIHN0cm9rZS13aWR0aD0iMC41Ii8+CiAgPGNpcmNsZSBjeD0iNTAiIGN5PSI1MCIgcj0iMjIiIGZpbGw9IndoaXRlIiBzdHJva2U9ImJsYWNrIiBzdHJva2Utd2lkdGg9IjAuNSIvPgo8L3N2Zz4=\" alt=\"\" title=\"\"><\/div>\n<\/td>\n<\/tr>\n<\/tbody>\n<\/table>\n<\/div>\n<\/div>\n<\/div>","protected":false},"excerpt":{"rendered":"<p>&nbsp; \u00dcr\u00fcn Ad\u0131: LONG-KOMP10 BAR \u00dcr\u00fcn Kodu: LL\/ALDO81 Hafif Hizmet Hava Kullanim Alan\u0131 : Pn\u00f6matik Ekipman ve Aletler \u0130\u00e7in. Alt Katman : Ya\u011f Sisine Dayan\u0131kl\u0131 Do\u011fal ve Sentetik Kau\u00e7uk. Takviye Katman\u0131 : Y\u00fcksek Mukavemetli Sentetik Tekstil. \u00dcst Katman : A\u015f\u0131nma, Ozon ve Hava Ko\u015fullar\u0131na Dayan\u0131kl\u0131 P\u00fcr\u00fczs\u00fcz Do\u011fal ve Sentetik Kau\u00e7uk. -25\u00b0C \/ + 70\u00b0C -13\u00b0F [&#8230;]\n","protected":false},"featured_media":22199,"comment_status":"open","ping_status":"closed","template":"","meta":{"jetpack_post_was_ever_published":false},"product_brand":[],"product_cat":[2355],"product_tag":[],"class_list":{"0":"post-21282","1":"product","2":"type-product","3":"status-publish","4":"has-post-thumbnail","6":"product_cat-sel_hava_gaz_hartumlari","8":"first","9":"instock","10":"taxable","11":"shipping-taxable","12":"product-type-simple"},"jetpack-related-posts":[],"jetpack_sharing_enabled":true,"jetpack_likes_enabled":true,"_links":{"self":[{"href":"https:\/\/tuzlahortum.com.tr\/ru\/wp-json\/wp\/v2\/product\/21282","targetHints":{"allow":["GET"]}}],"collection":[{"href":"https:\/\/tuzlahortum.com.tr\/ru\/wp-json\/wp\/v2\/product"}],"about":[{"href":"https:\/\/tuzlahortum.com.tr\/ru\/wp-json\/wp\/v2\/types\/product"}],"replies":[{"embeddable":true,"href":"https:\/\/tuzlahortum.com.tr\/ru\/wp-json\/wp\/v2\/comments?post=21282"}],"wp:featuredmedia":[{"embeddable":true,"href":"https:\/\/tuzlahortum.com.tr\/ru\/wp-json\/wp\/v2\/media\/22199"}],"wp:attachment":[{"href":"https:\/\/tuzlahortum.com.tr\/ru\/wp-json\/wp\/v2\/media?parent=21282"}],"wp:term":[{"taxonomy":"product_brand","embeddable":true,"href":"https:\/\/tuzlahortum.com.tr\/ru\/wp-json\/wp\/v2\/product_brand?post=21282"},{"taxonomy":"product_cat","embeddable":true,"href":"https:\/\/tuzlahortum.com.tr\/ru\/wp-json\/wp\/v2\/product_cat?post=21282"},{"taxonomy":"product_tag","embeddable":true,"href":"https:\/\/tuzlahortum.com.tr\/ru\/wp-json\/wp\/v2\/product_tag?post=21282"}],"curies":[{"name":"wp","href":"https:\/\/api.w.org\/{rel}","templated":true}]}}