{"id":21240,"date":"2025-08-11T10:39:49","date_gmt":"2025-08-11T07:39:49","guid":{"rendered":"https:\/\/tuzlahortum.com.tr\/urun\/kars\/"},"modified":"2025-08-20T16:05:36","modified_gmt":"2025-08-20T13:05:36","slug":"kars","status":"publish","type":"product","link":"https:\/\/tuzlahortum.com.tr\/ru\/product\/kars\/","title":{"rendered":"\u041a\u0410\u0420\u0421"},"content":{"rendered":"<p>&nbsp;<\/p>\n<div class=\"report-container\">\n<div class=\"report-header\">\n<div class=\"standard-text\">\u041d\u0430\u0437\u0432\u0430\u043d\u0438\u0435 \u043f\u0440\u043e\u0434\u0443\u043a\u0442\u0430: KARS<\/div>\n<div class=\"standard-text\">\u041a\u043e\u0434 \u0442\u043e\u0432\u0430\u0440\u0430: WAS116<\/div>\n<\/div>\n<div class=\"product-image-container\">\n<div class=\"key-feature\">\u0418\u0441\u043a\u0443\u0441\u0441\u0442\u0432\u0435\u043d\u043d\u044b\u0439 \u0441\u043d\u0435\u0433<\/div>\n<\/div>\n<div class=\"horizontal-line\"><\/div>\n<div class=\"product-details\">\n<div class=\"detail-row\">\n<div class=\"detail-label\">\u041e\u0431\u043b\u0430\u0441\u0442\u044c \u0438\u0441\u043f\u043e\u043b\u044c\u0437\u043e\u0432\u0430\u043d\u0438\u044f<\/div>\n<div class=\"detail-value\">: \u0414\u043b\u044f \u043e\u0431\u043e\u0440\u0443\u0434\u043e\u0432\u0430\u043d\u0438\u044f \u0438\u0441\u043a\u0443\u0441\u0441\u0442\u0432\u0435\u043d\u043d\u043e\u0433\u043e \u0441\u043d\u0435\u0433\u0430.<\/div>\n<\/div>\n<div class=\"detail-row\">\n<div class=\"detail-label\">\u041d\u0438\u0436\u043d\u0438\u0439 \u0441\u043b\u043e\u0439<\/div>\n<div class=\"detail-value\">: \u0420\u0435\u0437\u0438\u043d\u0430 SBR\/NBR<\/div>\n<\/div>\n<div class=\"detail-row\">\n<div class=\"detail-label\">\u0423\u0441\u0438\u043b\u0438\u0432\u0430\u044e\u0449\u0438\u0439 \u0441\u043b\u043e\u0439<\/div>\n<div class=\"detail-value\">: \u0412\u044b\u0441\u043e\u043a\u043e\u043f\u0440\u043e\u0447\u043d\u044b\u0439 \u0441\u0438\u043d\u0442\u0435\u0442\u0438\u0447\u0435\u0441\u043a\u0438\u0439 \u0442\u0435\u043a\u0441\u0442\u0438\u043b\u044c.<\/div>\n<\/div>\n<div class=\"detail-row\">\n<div class=\"detail-label\">\u0412\u0435\u0440\u0445\u043d\u0438\u0439 \u0441\u043b\u043e\u0439<\/div>\n<div class=\"detail-value\">: \u0421\u0442\u043e\u0439\u043a\u0430\u044f \u043a \u0438\u0441\u0442\u0438\u0440\u0430\u043d\u0438\u044e, \u043e\u0437\u043e\u043d\u0443, \u043f\u043e\u0433\u043e\u0434\u043d\u044b\u043c \u0443\u0441\u043b\u043e\u0432\u0438\u044f\u043c \u0440\u0435\u0437\u0438\u043d\u0430 SBR-EPDM<\/div>\n<\/div>\n<\/div>\n<div class=\"datasheet_table\"><img decoding=\"async\" class=\"alignnone size-full\" src=\"https:\/\/tuzlahortum.com.tr\/wp-content\/uploads\/2025\/08\/datasheet177.svg\" alt=\"\" title=\"\"><\/div>\n<div class=\"table-notes\"><\/div>\n<div class=\"horizontal-line\"><\/div>\n<div class=\"footer\">\n<div class=\"standards-section\">\n<div class=\"standard-item\" style=\"margin-top: 9px;\"><\/div>\n<div class=\"standard-info\"><\/div>\n<\/div>\n<div class=\"temperature-section\">\n<div class=\"temp-icon\"><img decoding=\"async\" src=\"data:image\/svg+xml;base64,PD94bWwgdmVyc2lvbj0iMS4wIiBlbmNvZGluZz0iVVRGLTgiPz4KPHN2ZyBpZD0ia2F0bWFuXzIiIGRhdGEtbmFtZT0ia2F0bWFuIDIiIHhtbG5zPSJodHRwOi8vd3d3LnczLm9yZy8yMDAwL3N2ZyIgdmlld0JveD0iMCAwIDcyLjI3IDE2Ljk4Ij4KICA8ZGVmcz4KICAgIDxzdHlsZT4KICAgICAgLmNscy0xIHsKICAgICAgICBzdHJva2Utd2lkdGg6IC41OXB4OwogICAgICB9CgogICAgICAuY2xzLTEsIC5jbHMtMiwgLmNscy0zLCAuY2xzLTQgewogICAgICAgIGZpbGw6IG5vbmU7CiAgICAgICAgc3Ryb2tlLW1pdGVybGltaXQ6IDMuODY7CiAgICAgIH0KCiAgICAgIC5jbHMtMSwgLmNscy0zLCAuY2xzLTQgewogICAgICAgIHN0cm9rZTogI2E3YTlhYjsKICAgICAgfQoKICAgICAgLmNscy01IHsKICAgICAgICBmaWxsOiAjYTdhOWFiOwogICAgICB9CgogICAgICAuY2xzLTIgewogICAgICAgIHN0cm9rZTogI2ZmZjsKICAgICAgfQoKICAgICAgLmNscy0zIHsKICAgICAgICBzdHJva2Utd2lkdGg6IDIuMDZweDsKICAgICAgfQoKICAgICAgLmNscy00IHsKICAgICAgICBzdHJva2Utd2lkdGg6IC4ycHg7CiAgICAgIH0KICAgIDwvc3R5bGU+CiAgPC9kZWZzPgogIDxnIGlkPSJrYXRtYW5fMSIgZGF0YS1uYW1lPSJrYXRtYW4gMSI+CiAgICA8Zz4KICAgICAgPHBhdGggY2xhc3M9ImNscy0zIiBkPSJNMTEuMzQsMTEuNTdjLS45NCwxLjcxLTIuNzEsMi42Ni00LjgsMi42Ni0zLjA1LDAtNS41MS0yLjQ3LTUuNTEtNS41MlMzLjUsMy4xOSw2LjU1LDMuMTljMS45NCwwLDMuNjUsMSw0LjYzLDIuNTIiLz4KICAgICAgPGNpcmNsZSBjbGFzcz0iY2xzLTUiIGN4PSI2LjU1IiBjeT0iOC42NiIgcj0iMi40Ii8+CiAgICAgIDxjaXJjbGUgY2xhc3M9ImNscy0yIiBjeD0iNi41NSIgY3k9IjguNjYiIHI9IjIuNCIvPgogICAgICA8bGluZSBjbGFzcz0iY2xzLTMiIHgxPSI2OC4zNCIgeTE9IjExLjc2IiB4Mj0iOS45MiIgeTI9IjExLjc2Ii8+CiAgICAgIDxsaW5lIGNsYXNzPSJjbHMtMyIgeDE9IjY4Ljc4IiB5MT0iNS41MSIgeDI9IjkuNzMiIHkyPSI1LjUxIi8+CiAgICAgIDxsaW5lIGNsYXNzPSJjbHMtMyIgeDE9IjU0LjA3IiB5MT0iOC43NSIgeDI9IjguNjQiIHkyPSI4Ljc1Ii8+CiAgICAgIDxwYXRoIGNsYXNzPSJjbHMtMyIgZD0iTTY4LjE1LDUuNTVjMS43MSwwLDMuMDksMS4zOSwzLjA5LDMuMDlzLTEuOTIsMy4wNi0zLjYyLDMuMDYiLz4KICAgICAgPHBhdGggY2xhc3M9ImNscy01IiBkPSJNNTMuOTEsOC43NWMwLS4xNC4xMi0uMjYuMjYtLjI2cy4yNy4xMi4yNy4yNi0uMTIuMjctLjI3LjI3LS4yNi0uMTItLjI2LS4yN1oiLz4KICAgICAgPHBhdGggY2xhc3M9ImNscy0zIiBkPSJNNTMuOTEsOC43NWMwLS4xNC4xMi0uMjYuMjYtLjI2cy4yNy4xMi4yNy4yNi0uMTIuMjctLjI3LjI3LS4yNi0uMTItLjI2LS4yN1oiLz4KICAgICAgPGxpbmUgY2xhc3M9ImNscy0xIiB4MT0iMzYuNDMiIHkxPSIxNi45OCIgeDI9IjM2LjQzIiB5Mj0iMTQuMjQiLz4KICAgICAgPGxpbmUgY2xhc3M9ImNscy0xIiB4MT0iMjguMDUiIHkxPSIxNi45OCIgeDI9IjI4LjA1IiB5Mj0iMTQuMjQiLz4KICAgICAgPGxpbmUgY2xhc3M9ImNscy0xIiB4MT0iMTkuNTkiIHkxPSIxNi45OCIgeDI9IjE5LjU5IiB5Mj0iMTQuMjQiLz4KICAgICAgPGxpbmUgY2xhc3M9ImNscy0xIiB4MT0iNDEuNTciIHkxPSIyLjc0IiB4Mj0iNDEuNTciLz4KICAgICAgPGxpbmUgY2xhc3M9ImNscy0xIiB4MT0iMzMuMjgiIHkxPSIyLjc0IiB4Mj0iMzMuMjgiLz4KICAgICAgPGxpbmUgY2xhc3M9ImNscy0xIiB4MT0iMjQuOTkiIHkxPSIyLjc0IiB4Mj0iMjQuOTkiLz4KICAgICAgPGxpbmUgY2xhc3M9ImNscy0xIiB4MT0iMTYuMDgiIHkxPSIyLjc0IiB4Mj0iMTYuMDgiLz4KICAgICAgPGxpbmUgY2xhc3M9ImNscy0xIiB4MT0iNDQuNjMiIHkxPSIxNi45OCIgeDI9IjQ0LjYzIiB5Mj0iMTQuMjQiLz4KICAgICAgPGxpbmUgY2xhc3M9ImNscy0xIiB4MT0iNDkuNDkiIHkxPSIyLjc0IiB4Mj0iNDkuNDkiLz4KICAgICAgPGxpbmUgY2xhc3M9ImNscy00IiB4MT0iNDAuODgiIHkxPSIxNi45OCIgeDI9IjQwLjg4IiB5Mj0iMTQuMjQiLz4KICAgICAgPGxpbmUgY2xhc3M9ImNscy00IiB4MT0iMzIuMzMiIHkxPSIxNi45OCIgeDI9IjMyLjMzIiB5Mj0iMTQuMjQiLz4KICAgICAgPGxpbmUgY2xhc3M9ImNscy00IiB4MT0iMjMuNzkiIHkxPSIxNi45OCIgeDI9IjIzLjc5IiB5Mj0iMTQuMjQiLz4KICAgICAgPGxpbmUgY2xhc3M9ImNscy00IiB4MT0iMjAuNTkiIHkxPSIyLjc0IiB4Mj0iMjAuNTkiLz4KICAgICAgPGxpbmUgY2xhc3M9ImNscy00IiB4MT0iMjkuMTMiIHkxPSIyLjc0IiB4Mj0iMjkuMTMiLz4KICAgICAgPGxpbmUgY2xhc3M9ImNscy00IiB4MT0iMzcuMTYiIHkxPSIyLjc0IiB4Mj0iMzcuMTYiLz4KICAgICAgPGxpbmUgY2xhc3M9ImNscy00IiB4MT0iNDUuNzEiIHkxPSIyLjc0IiB4Mj0iNDUuNzEiLz4KICAgIDwvZz4KICA8L2c+Cjwvc3ZnPg==\" alt=\"S\u0131cakl\u0131k\" width=\"100\" title=\"\"><\/div>\n<div class=\"temp-values\">\n<div>-40\u00b0C \/ +70\u00b0C<\/div>\n<div>-40\u00b0F \/ +158\u00b0F<\/div>\n<\/div>\n<\/div>\n<div class=\"marking-section\">\n<div class=\"detail-row\">\n<div class=\"detail-label\">\u041c\u0430\u0440\u043a\u0438\u0440\u043e\u0432\u043a\u0430<\/div>\n<div class=\"detail-value\">: \u0422\u0440\u0430\u043d\u0441\u0444\u0435\u0440\u043d\u0430\u044f \u043b\u0435\u043d\u0442\u0430 \u0438\u043b\u0438 \u0442\u0438\u0441\u043d\u0435\u043d\u0438\u0435<\/div>\n<\/div>\n<p><img decoding=\"async\" class=\"marking-image\" src=\"data:image\/png;base64,iVBORw0KGgoAAAANSUhEUgAABf0AAAAoCAYAAABEkVAiAAAACXBIWXMAACE3AAAhNwEzWJ96AAAgAElEQVR4nO2df1Bb57nnv\/wQAoGF0ojE2A4ohm0t+8bIcRqTOi4iTa93bn2LHN\/p1tNtwN077TbdXqA7m2xmugXtH3u3vXcKvns397azW8C3nbSZjYFdtx1v01jUceO4cSy4seV0IAHWNk5MWkGwQEjA\/iG9L6+kc450pKNf8HxmPGP9Ouc573nPQfo+z\/t9CnD6j90gCIIgCIIgCIIgCIIgCIIgCCLfcRUD6Mp2FARBEARBEARBEARBEARBEARBpE5htgMgCIIgCIIgCIIgCIIgCIIgCEIbSPQnCIIgCIIgCIIgCIIgCIIgiA1CcbYDIJLAfzXbERDE5kW\/J9sREARBEARBEARBEARBEIQsSYv+tsoiDDaWw2LIrcUCzutL6PYsAQDOHaqA3bx+iAWD3myFpR3+q8Cd72Q7CoLYnJQ3k+hPEARBEARBEARBEARB5DRJK\/Zd1tKcE\/w3BX\/8+2xHQBCbk8JyoPJEtqMgCIIgCIIgCIIgCIIgCEWSVu1NugIt4yASYeEMEPwg21EQxOak4khI+CcIgiAIgiAIgiAIgiCIHEYzT\/9J3yomfatabS75OO5mP4a0sHoXmH8p21EQxOak+D7A+IVsR0EQBEHkISZdAbyBtWyHsWlghUk05gRBEARB5DIWQyHaakuyHUZC9E8tS2q+dnMx7FX50S6WWcGL5Hv88dDsyPa9+hF9uU4n8y+FhH+CIDIP2foQBEEQSdCztwx2czGazy\/Q9+QM0bO3DABw4rIvy5EQBEEQBEHIYzEUomtXabbDSAjXnaC06F9VnDfHICn653n88dBM9E\/1h4xW2RXXnSBcs8GUt5NTrHwQsvYhch6TvgI2cx1\/7Lo5msVoCE3Q7wHKHs12FEQGsBgKea+aXFm9liomXQFslUX8sXtuJWvCozi+3sAa3HMrWYmD0JZcmmO5ht1cjI46PYCQEK21CJ3KPctWWRRREZ8L16MWMXVbS9FWE6qYG74VwNBMQNMYCYIgCIIg8hnPtWswGo3YvmNHtkNJmjcuXoR1924YjcZsh5IUmYw\/Z9YwaJddWdp4ov8fNkfz3nNPfR\/27Q1wXjqF7jcGYl436SvwXutPYNJXwD07gX0vflV2W23Ww+h78ll4\/Qu454ctivvtPtCKrkefln19cv42To6eRq\/7Zdn3WIxb0ffks7Bvb4h43utf4J\/1+hcU4yByFNNXsh1B0rx32AiLoRBDMwEcvRh\/pdC5QxWwm5X\/LLjnVuD0LMUIKWtHTarjKxj0xuyXPcewm4tx7lBFwtt0Xl\/iGfBuayn\/u9J8fkH2b4OtsohX44q4ZoNwetT9TUllzKOPPRUc1Tp0WUsjxFiG0nElOmZq3is3vpO+VTg9S+ifXo75DBsXb2AN95yZk9wumxuu2SCaz0vfXzvq9LzqN97xiLD5rHQe2fGLcy6awcZyOKp1ABI7v\/GuI29gDUMzAXSOLaZFWG+rKUHffgOA+ONl0hWgZ28ZF1hFeif86BxbTGifiV7j\/dPLcHqW8ioZx8bSG1iDU5gjiR6z3DmwGArRt98gec\/qHFtUFMsd1Tr07C3jyQLGpG8VRy\/eTVhoT+TvxdBMAE7PkuI22TxyVOti+oV5A2s4OeFH77hfcr6z60W8B\/SO+9Fep4dJV4C+\/Qa4zs5TEoogCIIgCALAL998G0d+X4nCxXmMPXYN1t27sx2Sap4fPI\/\/ioew\/dyruPG8I9vhqCbT8SfdyJfIEP6roX8Euh59GiZ96EfyiV99V\/G9LTsPAoitvE8Gi3Ereg49g55Dz0i+bjPX4coXfxAj+LP9dz36NK588Qcpx0FkgfJmQGfJdhRJYass4qKOlJiSynYHG8slhb58pK2mBFee2CIpXjFhLtFjTdeYq6WtpgSDjeWSgj+wflyDjeWKMXZZU0\/EK40vEy6ZMCoyEhY6TbqCGHGSwVYHKgmPDab1MVCTvGHvlRtDAGgK77dJYf\/s81oVI5h0BWirKcF7h42KsSVLe32oKn3Stxo3ZqX7gJhs0Qo2l9Jx3OmgraaEz10tkxUmXUHce5bStT\/YWC55TVkMhTh3qEL2eksGR7UOV57YIjtPTLoCfo+VuheZdAXo2lWK9w4befIsHt7AGk84mXQF6AjPaYIgCIIgiM3O2G0vVsu2IPixbRi7rV3BWSYZDReTvH\/fx3Hzxo0sR6OeTMefM5X+hAx\/3BxV\/vGwb29Ah+0YAMB56RTcsxNx389otR6G+\/wLcffh9S9Ibpdtq8N2DCdHT2Ny\/nbE6z2f\/gZPRrhnJzD87gUAQGVJOdqsh2HSV8Bi3ArvMvVkyCsKy\/Pay781qiGQo1onWVEth5TgJ9p49O03wD23wis4pd7PrBq0so5IxL5CTTN3i6EwQpic9K1iaCaAucAaWgXBLvpY5Uh1zLXAbi6OENHdcysYFlZltFTr+Dm0GAoVK2Dt5mK01ZQkfQxK4yvG0VZTgpE7wYj9uL3rY22rLJI876LYbjcXy85BAKrnn3tuBXZzMSyGQtkmrEx0lUs6iAkLtfuXu2bYNcWqmPe9+pGq7SphNxfz8To57ld8r6Nax4\/bG1hD\/\/Qy5gJrqNQVcDubjjo9To77VYnd\/dPLmIp6f0NlEezmYn7cg43lePDsvJpDywosaTbpW0XvhPx4Kt3XpOZdz94yLpBL3bNY5bzU6hfxenTNBnlyjV2PJl0Buqylqm2I5FYjsPnfs7cMrtlYH1gxOclWsbDzX2so5MlTtQnU\/ulldFlLYTEUorWmJCn\/U4IgCIIgiI3G1z+9F+7\/cwUmXQFq7r0X3z3zGj79wD14rGFPtkNLmL9pqgNG3Gi6vxhjt1fxY\/ck\/rXNkjd2RZmOXzPRv2dvGeZULJ\/1Lod+JMoJDlI\/\/BLBdWcDWfssnAGCH2Q7ipyg78lnAYSsdpRsdgDAsfMgF+EBwL7DltA+3LMTaD79rZjnbeY6XDn+QwBAe8NT6BQSCBbjVp4U6PecxYlXvhfxWeelU+g59AymPno\/JllA5DgVR0LCf54SXRXZsk2dAC1nlyJaurTX67k4JPV+Zv\/gnluR3Z4aBqaXNRVvuqylXEzqn16OELq6PUvo22\/gFapyIppIqmOuBWLi4cRlX8z+uz1LPDGQiLDXZS3F0EwgKXuMeOMrWsl0WUsjYhVFxKaqYklfblFst1cpi\/5qK+1H7gS5eG03x+4\/WuiXSjqI1dYjKr+byF0zrDLaVlkEW2URHNU6zTzLxbkTb962bFuf683nFyISFKPeFX5e22rVCa4DU8uyCUd23BZDIWyVRTnhQS+HuOonXgJF7X2N3We8gTXse\/Ujfm32jvtx5YktsBgKecJKFNnZuAGxtlXdniVuTdZWU6Ja9Je7N7J7qElXgPZ6fYTlE4sTWJ\/v0feZznASglmmqcEZvodbwskD8vYnCIIgCGKzYzQa8eKXmgAAn\/rhObxetQ\/V5y7jVh6J\/nsefAC\/ePABzM\/P475THvi3\/wlGXnHjF235IfpLxe8eGcWLX8px0Z\/9OFZDg6lI9oeF3A+\/TcPqXWD+pWxHkRN0H2iFxbgVAHDile\/F9cZvCovwQ+9egGPnQdjMdbAYtyYturtnJ+C6OQr79gbYquojXhNXFHRKrCbw+hdiEgFEHlB8H2D8QrajSBpRcOqd8KOjTs8rJlP1Nu72LHHRP56fc67DxLNJ36qk\/\/iJyz4uTEmJaCLpHHM1iCKanHDrmg0mXCltMRSio16fVLIl3vj2Ty+jqaqY26CIwrk3sIZJ32qEUCkS\/ZyUxY44P0e96iv9+b5MRTGCYfT+pZIOzH4oenupwKxLmB+8XEJELcw2CIBiQQZDXMEQfWz908tc9G\/QyIqHeeIPNoYSsSyZmKuoSaCogVXys+2K58kbWMPJcT+v5pcS\/RkDU7ExDUwv83u7VkmVzrFFfh+USpQxnJ4lyTknWvWoZWgmgJ7AGky6ArRsI9GfIAiCIAhCxFSSHStaLTHpCvA+gMos2eqmCos\/nWTV03+jeEKnhfmXQsL\/Jsdi3Mqb7Pa6X4br5mjczzjCfv4DnrPcroc9lywj4f1attwfEx8QSgxQo94NRB7b+gDrglN088hEPZHjwcRNLb2fMw2zsgCgWMnOGt66ZoOKx5vuMU8UFuOwBgIXE\/1YU0w1MDsWQHl8RfFRFMmB9Xkm510uEi8xoFbAFC1XpBIKTVGxSonbDYJtiZbNZ8Xkglb+9uL3MSlBWI54yQEt+1qI+1L6kWKrLEJbTQm6raUR81AKMaknfr7bWppSXw62PddsUNOkn3gPklpdm+g8z9R5E22qoueqpXz9WNIhyHsDa4r3EIIgCIIgiM3MT596GP9ouIrf\/cUn8PzgefxZvwuvj+ZPP1Gj0YjLn9uGfzRcxd821eH4T0Zw\/CcjeePzn6n4k\/4WfHLcn9Yv0ayKTS3O60v579258kHI2oeIsPVxXjoV9\/0W41YuxLtujsL27gXYzHVo2t4Q1xZIidqw2C\/nyx+dDCDyGP0eoOzRbEeREkxoZmKre24FtsoizexmstWgVkvEY1CyXnHNBuFKwJoo3WOuFi0qrFlFOfMIV2v5wYg3vnKMeleAmtD\/oyuPmejOxpn1mxDfw5r4JttTwj23IrvSQFxRYQt7zkejdRPfdMIa+LrnVvIiXqneHcy2ShTGu3aFK+An\/JLfDdtqS3h1+z1n5jDYWB5xLr2BtRj7okRg534kwbFsqylBU1UxpnyrmLy7KnvPEOOQqmgS52omVxilSrrsmkbuBOGo1vH+Alom3wiCIAiCIPIZo9GIrx0+iJs3buBv\/3Avgh\/bBlxx4xcN8T+bK2zfsQNf27EDPzh7AT81hAK3ud\/Gc3ni78\/i\/9mrv01b\/EmXaQ7NBLDv1Y\/QfH5B1b9cXo6dM3j7sh1BTtBhO8btcxKx9QHWK\/pZ5b3rhjvi+WRhcUTHwLZv0leg+0BrSvsgcgTTV7IdQUqINjPDt0LVk6xyN5XKVYYoguaDOJgIqYpj6R5zNbC\/sY5qXcqr6Vyz681122pKkq4qT3R8oyvqlSramTA7PBPgxyxX\/Z\/s9w6WrBAb8rLtsnPKVnWITa6jPzOq8fcecT5pIewyURSI7z+fTVhiAoi999jNxTh3qEJyNY5JV4CuXaVxbSj79hskkzdqhWJxG4n0meraVcq979n\/rzyxRfK+IVavS91b2IqjSd9qznzfZjFGz1WxWXfffkNa7pPiGOTzyjSCIAiCIIh0sX3HDhy4O47iP9zSzJoz0xzZU4v7P\/g99Dffwd6tpmyHo5rHP16TtvhTKtVP5gdFPlUeZQX\/VWDxUrajyDomfQW39VFDS1jcH373AoBQtb\/XvwCTvgKOnQcxFH5eDWJPgeGoz7PkAou3ZedBDHjOwnXDza2FiDyivBnQWbIdRUqIXtLMMmFoJsB9nh3VyVeeWwyF3FMbSLyKdaOTzjFXy\/BMgIvPffsNaK\/XY2BqOekKbqdniYuLiTQz1pKYqv3p0P9FX3PXnSBqw4mopqpi9E6si9Zqq62V9m+rLOLiryjuD80EeO8B0WdefE8iwq8aOgTxW22DYClEayo2f+3mYm631D+1nLEKaTmbpqaqYr6axnl9KSYe12wQnWOL6LKW4uSEn4+5xVCInr1lIeE\/3Cxa7nsou06HbwVgMRTyxrOpfG9N9rO2yiIMNpZLXm9OzxLs4QTHlSe28ERNa+16Yi5ZH3ytsZuLZZPEzPqIJczeO2zE0EwAw7dCiTwt5lz0NbxREtUEQRAEQWxMfvnm2zh27jZMugL87i8+gb\/\/3Xs4Oe7Hw3ofXvurz+Pxv\/vfeMtvQM\/eMhx\/7CHs\/u+v4g\/FFXi5eSv2bjXhk\/\/rHQDAy80h\/eoz\/3dGdltff+k3GJhaRmttCV77q8+HbWWM2Nb7a3gDa\/j1n1bjsSQa\/D4\/eF4y5vZ6Pf7dJx9UjHHsthfHzt3GzoK7+O1Xm\/EPvxmD07Mkua3nP9OAT\/3wHN5dK8f\/fPx+\/P74LgDAhd9Pw\/A3r\/BtGI3GtMZ\/7Fyod2gy8f\/Ln16Ge25FMv6PBRdw7RtPqI4\/mpw1uXTPrST1Y0lqyXde4f1RtiPICfqefBYm\/brFU7vtWFw\/f5O+glfkswp8ICT8O3YeREsc0d++vQFr3\/y17Ote\/wL6PWdjnus8\/wK3IbKZ62A79Ax\/bejdC3BeOpV0E2EigxSW53XzXoZoM8Ng\/uQWQ2HCdjNrR5UzzN7AGnozXBXctauUW3FIUTDozWA062g15lrQO+5HS7WOC222yiLYwskHFuPwrUDC8Uz6VnFywo+uXSF\/dEd1ZhtiumaDEcIhEFVJHe61EL0SQW21tdy+GWIzX2YtxF53zQbRVlPC7YSAyP4EyQiNUo1P2XbZNeANrKU8ryyGwhhrquj9uO4EMyb69whzNZpJ3yqcniXZY+6d8EckfURYJbmS8BttD5lIQ2Mpkmng3Dm2CPfcCky6Ah4r6zUgJZafuOzjVkbRY9Y5tpjxprVSczU6tuhVJKxJL2v6zJpJsxVKk75VDM0EcHLcn\/T8S7QPBEEQBEEQRC4wdtuLxfpHsAjgxo3rGJ1bwWL9I3hr\/E14rl3D6+Z9WC3bguEZN2zXruHmLjsA4NQ7o7B\/OIeZ2v0AgN\/8v7cBgG\/rzNWrEdsCQivTF+sfwcD4m\/gHhCr+f3D2QsQ2HkvC6id6P2\/5DVisfwSjc26cuTqlGKNrNojF+kdwFYDn2jWMhB+\/vvgRPNeuRWzLc+0artY1AQD+6R03jj\/2UHgsPozYxoHGxrTGzx4nE\/\/rVfuAKun4byYZfzQ5K\/p3ji1uvooc3zkgMJntKLJO0\/YGLt67ZydgM9fBsfMgLMatiuI5s\/Dx+hciEgTD716AY+dBvs1k8PoXZC2GWCKg69Gn+YoAIJSEaLMeRpv1ME688r2YhAGRY1QcAYruy3YUKSFlM8MYmgmgo07Pq7ZTrV5tPr9AK7eQuTFPFHZuevaWSdp\/OKp1cFTr0F6vT\/gc9o770VpTwkW8TAqK7rmVmEarUqI7gAjf7lSa+Ebv31ZZFGE9xGJhKwhG7oREfzHGhhSthWyVRXF7Gzk9SynPKdEyx5nj\/ZBMuoKI5q+JMjQTADNNtFfFiuiM6ORQOq9X0aZnYGo5IpHhvXiXn3upeE26gojzFk2XtRSu2WBG7X3izdWhmYDkuLPESpe1NLbRr6EQHXV6dNTpceKyLyu9UQiCIAiCIDLJkT21GP7VFdSWF8K6ex++vDYF7z9fQVO9Htbdu\/HsO+cxfCuALz9cBevuWnxx4gpGvSv49p\/9CzxwbyWGT78F7\/Iajny2HgAw\/KsrMJUU4PhnHobx6vq2gNB3xoGpt9BqLcXNGzdw48YNHH\/soZhtqOXLn7g3Yj\/t9XqM3LmCLz9kxuf21CrG+PiHcxj9xVtoMBXx45986y20bNPBuvsQ2t\/5kG\/rQOND+NL\/OIO3\/AZ888B98Fy7BgD49qd2Rmxjs8UfTc6K\/puO1bvk5R+GifO97pcx4DmLK8d\/CCAkqp945Xuyn2tiVf5RKwLYY4txK2zmOlnbHa9\/IeI1m7kOJn0FvP4F7Pvp1xQTDv2es+j3nA0lKOoeR0M4UcHoe\/JZuG6OUsV\/rlJ8H1DxuWxHkTJSNjOMgall7mmdiN2MKNCIfuWu2SCOXrybFcGfVc\/nElqOuVZ4A2s4cdmHE1i3aWkIN5tlSQAmKu979aOEtuf0LPHK4m5rqWRT1HQwcifIx5A1+4wW3cVVFXZzMfqnl3nVfbKrBhmu2WBotUR4\/rPEArAuEislHdJRvMDOh1xVuxpYVbVrNnPV\/EqwivdoWrbp0FGnR9euUtQaChWbSos9F9SQyUIT99yKrFWWGEd0nwsAGGwsj5hf7DpoCifH2GqBRK7tTNA74VdMKA3NBDA0E+DXb4OpKGZ1T99+Q4T9FEEQBEEQxEZkz4MP4LdffYA\/Pv7YQzj+2Prrf330EP5aeP+LX2qK+Pwv2uwRj5W29dyRx\/EcgPn5eXz8xet4\/75d+I8zozHbUItUzInGuMdoxLVvKB+\/yI\/\/8ggA4PXRq\/gT9xYAwJmPz+HaN57YtPFHoyj6iz9utSLRH2LJNgxUEoWklh8nSqrCQVwWfh4S\/gkAwOT8bTgvneJV+\/btDWizHla0ynFE+fmL25qcvw2LcSvsO2yyor97dgLNp7\/FH7dZD3ObIVNJueRnpLbBtm\/SV6DDdoz3JmhveAqd519IaDtEhjF+IWTvk+cwmw6p+xV7zqQrSMhuJlqQ+uORyphmpZlmYHo5Y2Jzomg55unANRuMEBHt5mIMNpbzc5moXU\/\/dMjv0W4uRnudPmPWTlK++tGiO3ufxVCIpqqQ6M\/+3qda7TwabjbKGvNGePULSQd2npkdC2\/i601u\/5O+VQxIzJfJu6sRNjyp0FZTwr+TscbT2Uau94RrNoipu6vo2VuGtpoSDEwtx7yv21qK9jp9RhtnpwtmaxUNE8aBkFh+9GLk90bWEFjNta0Fzuux92Xv8hrveZEIk77V0D0y3LuD9RFhiakuaymJ\/gRBEARBEBpz88YN3NlSDQA5UQSUDGO3vVgt2w4AmP5wOsvRqCed8Suq4G21JYr+yelEyddViWhPVpF4y4+VaD6\/kL4qsJUPgPmfpWfbeYpopeN8YwD2p74PQL7an1XlAyH\/\/1br4YjX2Wut1sPodb+cUAxD715AT7hJb7vtmOIqAym8\/gV0vzHA7YpsVcktjyLSjH4PYGjOdhQpI9rMmHQFive7ZOxmmK87813Woso430n3mKcDtlKDxSp61ceDNRBlYtyUxl8Kpb5kilX8DaaiiPET\/yaP3AnCEe5lwAR6IHnRXWofrKFs9PPssaNaFxNjskmHSd9q2hNczCJGi94AmaB3ws+\/G0bb3nRblft9ZBKxt5TW1zxLMgLSdkydY4tcJFdzbadKOuYqW7HEEh3ZTDgTBEEQBEFsNF58\/Z\/xT+98iC9\/4l78F+MU3HMr+PandmY7LFU8P3geo3Mr+E\/7qvBv3xkDABx\/zJblqBInE\/Fn1d4nX7NImkO2PhH0e85GWPS4bo7GrfYXRX6buU5226JlTzxYI17my995\/oWEPhfNSDh2Ikcx\/qtsR6AJos1MIqu01NrN9I77eRVte71+Q4n+Sj7fFkMh2sJj67oTWTWf7jFPF8kmsF2zQfRPL\/Nmm4kei1LzVHHM5JIIrIpfqso++rEtbGMk9z61iFX8NlNRjLUQgyUd7OZizIVFXm9gLaO+6moQLYukqsprhfPCVljk0ne2aNubVqH5a+fYYozQnkrRh1rEcVKa+8kgNqOVmlvicUtZA+UjIzKrHhJBvL+4U0wAEgRBEARBbCT+\/RsfYKZ2P1yvvQnff3gy2+GoxnPtGr63aMFq5RbgijtlW6JMk6n4tfXuUYE3sIbOscVs7T538F8FFi9lO4qcYuqj92Oec74xwP\/fFlXFDwD2HYlnw0Sv\/XicFFYFSO2XyHPKm0OV\/hsAsQI0EVq2qXu\/6KdsMRTyatJ8RRTMlMQxtuJNqoo43WOei4jNY5XmgDi+SsctjqFYIS0yErbxEat9o0V30V6py1oa8XyquATPdC6U35FPOrQIlk+5imiB46jW4dyhioh\/4rnt2VvGE1+5ChN3T477edNY8V8mEUV\/uUSg3Vwc6o1hlV6dkEhVezwbo2yvKsoFxPGn8SAIgiAIgljnYX2oR9YTFfmpy27fsQP3f\/B7FC5+lJfFLpmKX3HLoR+1aViyK+HzqdW+xB\/iA1PLMcJAsqStws37o\/Rsd4PhujkK9+wEbOY6tDc8hV73y7zqnjXoBYCjP\/8OhqI8\/Rnnnvo+7Nsb0LLzIPo9ZxPaL\/PoF\/crYjPXoe+zz6H59LckVwGY9BVo3fWnAEBNfHONwvKQl\/8GQLSZ6Z3wKyZUBxvL4ajWJWU34\/QsRfgr50LVerKwKmxWGS7lf22rLEJ7uInspG81xuolE2Oulr79Box6VxRXYrDGuEDo77EaJn2r3OpJiUTG16QriBDo5axIRPGcVfxGi+7AusWO1k10R+dWeBW\/uK\/oGPmKAJnExEaENY4V57QotGo5BuK8ldtuLqxGEFeHNJiKuEe9iK2yiF9D0SuIxIbb0ccpJsY66vUxtjpismZUIenUsk0XM4fF1R2ZSJTYKovQs7cMJy77ZM+bSVfAV3Ekc9+0V2m36ocgCIIgCCLf+eWbb+PfvPY+nqhYxJmv\/zneuHgRB47+ebbDUsV3z7yGgalQv7nrX\/kkbt64Aevux7MdVsJ898xrODnuR3u9PiPxK4v+GayQSse+cl6Q8p0DApPZjiJvOOl+mTfW7bAdQ3e4+l+0zhFtgaIZfvcC7GF\/\/WT2azFuhWPnwYikQt9nn4PNXIcrX\/wBTo6extC7F7i479h5EF0HWmExbuX7J3KIiiNA0X3ZjkITHEIldbyGnMO3Ary6Wq3dzKQv1ETUUa3j1f45f59VwOlZwmBjqIHzYGM5nNeXMHQr1CTVbi5Gz94yLr5F+2enY8wTsbBQairPbHdQExL1WLNTJqjZKovQWlvCxdNkvdx7x\/1orSmJa2ckNb5MrLcYCtFlLeXj2z+9LHtcco1do2HiPEMrwdl1J4iuXcr7BkLnJiIxIJGYAELnmYmRWnuhs8rxaCE5GvfcSkyzbpHW2hIuIHeOLcYkZIZvBfix9u03oHNsEZO+Vdgqi9C337C+H5WWKnIV7mI8ADB0SzpB1FpbIpm8yzQsAeWo1kkmBIdmArw\/wWBjOU5c9mFoJsDvO3w7MitKAKBrVykvovEG1uCo1kV8NnqMXLNBnoxoqynBqHcF\/dPL\/DEb30ysUDHpCtC33wBbZRGuPLEF\/dPLGL4V4Mdn0hXAUa1De71+fRVHEpZy+bDqhiAIgiAIIlP8t7dnMVO7Hz8B8M2LF3GgsTHbIanG6VnCYv0jcHrexHNHjDDu3p3tkNHCBsQAAAXdSURBVFSR6fjzbw3ERmH1Lnn5q6TfcxZdjz4Ni3FrRLV\/S9iux3VzVNFz33XDDSBUfW\/f3qCYIBCJbujLRH\/WHBgIrTboOfQMeg49I73vm6OyKxCILFB8H1DxuWxHoRlM2EjEQ3xoJgB252nZpt5j\/uS4nwurrbX5LfoPzQS4Rz0AWRsf9j6RdIx5Ir7jiTaVt5uL4yYRpLzPE8EbWIPTsxQh7kohPb6x72M+7EqwVQOAvOgeLc5r5eEdfX7lkgnR3uNy88JeVcznmdai\/\/r8XVKcJ97AmuLrYoW0e24lphK7f3qZJ22YuB2Ne25FdSNZUbSWo3fCHzO2bJ45qnV477AxIt5k\/eBTgfV4YL0oouOd9K2id8KPjnCfFJYcE5Eqhpn0rcJ5fYmf5569ZZJjNjQTkJx\/YkP2vv0GyWtYqkFwOjHpCtBRp49YyRGNe24FvePqRH+xDwhV+RMEQRAEQYR+w7rG3sTDeh8OHP18tsNJiqfuWcLp8TfRXi\/\/3TGXyXT8ir+EEmlMuFnQvIndws9Dwj+hCuelUzHV\/syjfySOiO+enYA3LN637DyYsOgvNvS1b2+AxbgVk\/O34fUvoPn0t9D16NPosB2T\/bzr5iiO\/vw7iR8kkX6MXwjZ+2wARGEjEYEt2nZFLUyIYqKy3SzfBDcfOHHZB29gTVZwkrLuyfSYJ0r\/9DImfavospYq7of11EklYdM\/HVpSGe944o2vazbI36OEazYY1zZHrrlvqojnD5Cv4BeTDkorMjYC3sAams8v4NyhCklv+UnfKk5c9mm+Xzkrrc6xRd6cOPq7q3juMoVYyd9er5cci86xRVgMhbIJk6MXpb8jdnuWUBkWyuX2LTf23Z4l1Cr0ZOmd8KtO1CQDmz8d9XreIF4O12wQRy\/eVX09iX0o4q3GIgiCIAiC2Ax87fBBfC3PW1X++C+PZDuElMh0\/Iq\/1lkDQwJwXl\/SriJv5QNg\/mfabGsDMeA5i5Gbo7wiX4p+z1lul+P1L8Bi3ArnpVP8tXh0nn+Bi\/YMtj8lz33npVO8wbBly\/38vV7\/AjrPv4CTo6fh2HkQDeY6Hh87lkSTC0SG0O8BDM3ZjkIzTLoCOK+H7k1ylhfRdI4t8kpei6GQJzQT7YPi9CxhJPx5JbGGbU+uQWv0+6Rgla2AvNgqh9grRilp2zm2iIGpZTi26XgTnZHZIIZuSVfLZmPMGfGSz67ZIFznF2CrLIJjmw61ggDqnlvBqHeF24FIfl5Ff53OsUVucxRvfE+O+9FWW8LH1z23gpE7wYQFxuFbAcyFY+5XEPBOXPbBUh46Xi1F95Pjfr5d2ZUGs0E+L5TmvNIYJ\/J5JZK9VqJJ5Npxz63gwbPzaKspQVNVyId+0rfKz2ui4y9e47LvubsaYVUVDRORHdU6NFUVw2IohDewhpE7QfRPL6MjXEkTY5eTpt5VohVaW00JnJ4lydiPXrwLR7UOLdt0\/L7AYlZC6p7lnluJsMiR48RlHwamltGyTReRSJO738mRat8sb2AN3Z4l9IZXj1nKC\/mxeANrGJ1biRuT3PVi0hXwfiyu2SDZ+xAEQRAEQRCbkgKc\/qPsr7Juq7TVwWZEU9H\/w+8Ci5e02RZBEOqo+s8h4Z8gCIIg0oTdXMwtu4ZmArKV+4T29Owt4yshErVEIwiCIAiCIIgNhpO8ezKN\/yoJ\/gSRLcqbSfAnCIIg0o5rdn0li1zfA0J77OZiLvhL9UUgCIIgCIIgiM2Cor1PupY95yOpLpXneH+kzXYIglBHYXnIy58gCIIgMsCJyz7YDxth0hUoWqER2sHszLyBtbT0lSAIgiAIgiCIfEHR3ocgCIIgCIIgiORwVOtg0hWk1DibUAdrVExjThAEQRAEQWxinCT6EwRBEARBEARBEARBEARBEMTGgDz9CYIgCIIgCIIgCIIgCIIgCGKjQKI\/QRAEQRAEQRAEQRAEQRAEQWwQigG4sh0EQRAEQRAEQRAEQRAEQRAEQRApM\/n\/AcFUcUr\/gIuGAAAAAElFTkSuQmCC\" alt=\"Markalama G\u00f6rseli\" title=\"\"><\/p>\n<\/div>\n<div>\n<table style=\"width: 100%;\" cellspacing=\"0\" cellpadding=\"0\">\n<tbody>\n<tr>\n<td style=\"width: 120px; font-weight: bold;\">\u041d\u043e\u0440\u043c<\/td>\n<td style=\"width: 400px; text-align: left;\"><\/td>\n<td style=\"width: 120px; font-weight: bold;\">\u0426\u0432\u0435\u0442<\/td>\n<td style=\"width: 400px;\">\n<div class=\"color-icons\"><img decoding=\"async\" src=\"data:image\/svg+xml;base64,PHN2ZyB2aWV3Qm94PSIwIDAgMTAwIDEwMCIgeG1sbnM9Imh0dHA6Ly93d3cudzMub3JnLzIwMDAvc3ZnIj4KICA8Y2lyY2xlIGN4PSI1MCIgY3k9IjUwIiByPSI0OSIgZmlsbD0iIzAwMDAwMCIgc3Ryb2tlPSJibGFjayIgc3Ryb2tlLXdpZHRoPSIwLjUiLz4KICA8Y2lyY2xlIGN4PSI1MCIgY3k9IjUwIiByPSIzOCIgZmlsbD0id2hpdGUiIHN0cm9rZT0iYmxhY2siIHN0cm9rZS13aWR0aD0iMC41Ii8+CiAgPGNpcmNsZSBjeD0iNTAiIGN5PSI1MCIgcj0iMzMiIGZpbGw9IiMwMDAwMDAiIHN0cm9rZT0iYmxhY2siIHN0cm9rZS13aWR0aD0iMC41Ii8+CiAgPGNpcmNsZSBjeD0iNTAiIGN5PSI1MCIgcj0iMjIiIGZpbGw9IndoaXRlIiBzdHJva2U9ImJsYWNrIiBzdHJva2Utd2lkdGg9IjAuNSIvPgo8L3N2Zz4=\" alt=\"\" title=\"\"><br \/>\n<img decoding=\"async\" src=\"data:image\/svg+xml;base64,PHN2ZyB2aWV3Qm94PSIwIDAgMTAwIDEwMCIgeG1sbnM9Imh0dHA6Ly93d3cudzMub3JnLzIwMDAvc3ZnIj4KICA8Y2lyY2xlIGN4PSI1MCIgY3k9IjUwIiByPSI0OSIgZmlsbD0iI0U4M0YzRiIgc3Ryb2tlPSJibGFjayIgc3Ryb2tlLXdpZHRoPSIwLjUiLz4KICA8Y2lyY2xlIGN4PSI1MCIgY3k9IjUwIiByPSIzOCIgZmlsbD0id2hpdGUiIHN0cm9rZT0iYmxhY2siIHN0cm9rZS13aWR0aD0iMC41Ii8+CiAgPGNpcmNsZSBjeD0iNTAiIGN5PSI1MCIgcj0iMzMiIGZpbGw9IiMwMDAwMDAiIHN0cm9rZT0iYmxhY2siIHN0cm9rZS13aWR0aD0iMC41Ii8+CiAgPGNpcmNsZSBjeD0iNTAiIGN5PSI1MCIgcj0iMjIiIGZpbGw9IndoaXRlIiBzdHJva2U9ImJsYWNrIiBzdHJva2Utd2lkdGg9IjAuNSIvPgo8L3N2Zz4=\" alt=\"\" title=\"\"><br \/>\n<img decoding=\"async\" src=\"data:image\/svg+xml;base64,PHN2ZyB2aWV3Qm94PSIwIDAgMTAwIDEwMCIgeG1sbnM9Imh0dHA6Ly93d3cudzMub3JnLzIwMDAvc3ZnIj4KICA8Y2lyY2xlIGN4PSI1MCIgY3k9IjUwIiByPSI0OSIgZmlsbD0iIzQ2QTZEOCIgc3Ryb2tlPSJibGFjayIgc3Ryb2tlLXdpZHRoPSIwLjUiLz4KICA8Y2lyY2xlIGN4PSI1MCIgY3k9IjUwIiByPSIzOCIgZmlsbD0id2hpdGUiIHN0cm9rZT0iYmxhY2siIHN0cm9rZS13aWR0aD0iMC41Ii8+CiAgPGNpcmNsZSBjeD0iNTAiIGN5PSI1MCIgcj0iMzMiIGZpbGw9IiMwMDAwMDAiIHN0cm9rZT0iYmxhY2siIHN0cm9rZS13aWR0aD0iMC41Ii8+CiAgPGNpcmNsZSBjeD0iNTAiIGN5PSI1MCIgcj0iMjIiIGZpbGw9IndoaXRlIiBzdHJva2U9ImJsYWNrIiBzdHJva2Utd2lkdGg9IjAuNSIvPgo8L3N2Zz4=\" alt=\"\" title=\"\"><br \/>\n<img decoding=\"async\" src=\"data:image\/svg+xml;base64,PHN2ZyB2aWV3Qm94PSIwIDAgMTAwIDEwMCIgeG1sbnM9Imh0dHA6Ly93d3cudzMub3JnLzIwMDAvc3ZnIj4KICA8Y2lyY2xlIGN4PSI1MCIgY3k9IjUwIiByPSI0OSIgZmlsbD0iI0ZGRDcwMCIgc3Ryb2tlPSJibGFjayIgc3Ryb2tlLXdpZHRoPSIwLjUiLz4KICA8Y2lyY2xlIGN4PSI1MCIgY3k9IjUwIiByPSIzOCIgZmlsbD0id2hpdGUiIHN0cm9rZT0iYmxhY2siIHN0cm9rZS13aWR0aD0iMC41Ii8+CiAgPGNpcmNsZSBjeD0iNTAiIGN5PSI1MCIgcj0iMzMiIGZpbGw9IiMwMDAwMDAiIHN0cm9rZT0iYmxhY2siIHN0cm9rZS13aWR0aD0iMC41Ii8+CiAgPGNpcmNsZSBjeD0iNTAiIGN5PSI1MCIgcj0iMjIiIGZpbGw9IndoaXRlIiBzdHJva2U9ImJsYWNrIiBzdHJva2Utd2lkdGg9IjAuNSIvPgo8L3N2Zz4=\" alt=\"\" title=\"\"><\/div>\n<\/td>\n<\/tr>\n<\/tbody>\n<\/table>\n<\/div>\n<\/div>\n<\/div>","protected":false},"excerpt":{"rendered":"<p>&nbsp; \u00dcr\u00fcn Ad\u0131: KARS \u00dcr\u00fcn Kodu: WAS116 Yapay Kar Kullanim Alan\u0131 : Yapay Kar Ekipmanlar\u0131 \u0130\u00e7in. Alt Katman : SBR\/NBR Kau\u00e7uk Takviye Katman\u0131 : Y\u00fcksek Mukavemetli Sentetik Tekstil. \u00dcst Katman : A\u015f\u0131nma, Ozon, Hava Ko\u015fullar\u0131na Dayan\u0131kl\u0131 SBR-EPDM Kau\u00e7uk -40\u00b0C \/ +70\u00b0C -40\u00b0F \/ +158\u00b0F Markalama : Transfer Band\u0131 veya Kabartmal\u0131 Norm Renk<\/p>","protected":false},"featured_media":22172,"comment_status":"open","ping_status":"closed","template":"","meta":{"jetpack_post_was_ever_published":false},"product_brand":[],"product_cat":[2349],"product_tag":[],"class_list":{"0":"post-21240","1":"product","2":"type-product","3":"status-publish","4":"has-post-thumbnail","6":"product_cat-sel_su_hortumlari","8":"first","9":"instock","10":"taxable","11":"shipping-taxable","12":"product-type-simple"},"jetpack-related-posts":[],"jetpack_sharing_enabled":true,"jetpack_likes_enabled":true,"_links":{"self":[{"href":"https:\/\/tuzlahortum.com.tr\/ru\/wp-json\/wp\/v2\/product\/21240","targetHints":{"allow":["GET"]}}],"collection":[{"href":"https:\/\/tuzlahortum.com.tr\/ru\/wp-json\/wp\/v2\/product"}],"about":[{"href":"https:\/\/tuzlahortum.com.tr\/ru\/wp-json\/wp\/v2\/types\/product"}],"replies":[{"embeddable":true,"href":"https:\/\/tuzlahortum.com.tr\/ru\/wp-json\/wp\/v2\/comments?post=21240"}],"wp:featuredmedia":[{"embeddable":true,"href":"https:\/\/tuzlahortum.com.tr\/ru\/wp-json\/wp\/v2\/media\/22172"}],"wp:attachment":[{"href":"https:\/\/tuzlahortum.com.tr\/ru\/wp-json\/wp\/v2\/media?parent=21240"}],"wp:term":[{"taxonomy":"product_brand","embeddable":true,"href":"https:\/\/tuzlahortum.com.tr\/ru\/wp-json\/wp\/v2\/product_brand?post=21240"},{"taxonomy":"product_cat","embeddable":true,"href":"https:\/\/tuzlahortum.com.tr\/ru\/wp-json\/wp\/v2\/product_cat?post=21240"},{"taxonomy":"product_tag","embeddable":true,"href":"https:\/\/tuzlahortum.com.tr\/ru\/wp-json\/wp\/v2\/product_tag?post=21240"}],"curies":[{"name":"wp","href":"https:\/\/api.w.org\/{rel}","templated":true}]}}