{"id":21216,"date":"2025-08-11T10:37:19","date_gmt":"2025-08-11T07:37:19","guid":{"rendered":"https:\/\/tuzlahortum.com.tr\/urun\/flat-5\/"},"modified":"2025-08-21T09:23:35","modified_gmt":"2025-08-21T06:23:35","slug":"flat-5","status":"publish","type":"product","link":"https:\/\/tuzlahortum.com.tr\/ru\/product\/flat-5\/","title":{"rendered":"FLAT-5"},"content":{"rendered":"<p><!DOCTYPE html><\/p>\n<div class=\"report-container\">\n<div class=\"report-header\">\n<div class=\"standard-text\">\u041d\u0430\u0437\u0432\u0430\u043d\u0438\u0435 \u043f\u0440\u043e\u0434\u0443\u043a\u0442\u0430: FLAT<\/div>\n<div class=\"standard-text\">\u041a\u043e\u0434 \u0442\u043e\u0432\u0430\u0440\u0430: WLF131<\/div>\n<\/p><\/div>\n<div class=\"product-image-container\">\n<div class=\"key-feature\" >\n      \u041f\u0435\u0440\u0435\u0434\u0430\u0442\u0447\u0438\u043a \u0434\u043b\u044f \u043f\u043b\u043e\u0441\u043a\u043e\u0439 \u0432\u043e\u0434\u044b\n      <\/div>\n<\/p><\/div>\n<div class=\"horizontal-line\"><\/div>\n<div class=\"product-details\">\n<div class=\"detail-row\">\n<div class=\"detail-label\">\u041e\u0431\u043b\u0430\u0441\u0442\u044c \u0438\u0441\u043f\u043e\u043b\u044c\u0437\u043e\u0432\u0430\u043d\u0438\u044f<\/div>\n<div class=\"detail-value\">: \u0414\u043b\u044f \u043e\u0442\u0432\u043e\u0434\u0430 \u0432\u043e\u0434\u044b \u0432 \u0441\u0435\u043b\u044c\u0441\u043a\u043e\u043c \u0445\u043e\u0437\u044f\u0439\u0441\u0442\u0432\u0435 \u0438 \u043f\u0440\u043e\u043c\u044b\u0448\u043b\u0435\u043d\u043d\u043e\u0441\u0442\u0438.<\/div>\n<\/p><\/div>\n<div class=\"detail-row\">\n<div class=\"detail-label\">\u041d\u0438\u0436\u043d\u0438\u0439 \u0441\u043b\u043e\u0439<\/div>\n<div class=\"detail-value\">: \u041d\u0430\u0442\u0443\u0440\u0430\u043b\u044c\u043d\u044b\u0439 \u0438 \u0441\u0438\u043d\u0442\u0435\u0442\u0438\u0447\u0435\u0441\u043a\u0438\u0439 \u043a\u0430\u0443\u0447\u0443\u043a.<\/div>\n<\/p><\/div>\n<div class=\"detail-row\">\n<div class=\"detail-label\">\u0423\u0441\u0438\u043b\u0438\u0432\u0430\u044e\u0449\u0438\u0439 \u0441\u043b\u043e\u0439<\/div>\n<div class=\"detail-value\">: \u0412\u044b\u0441\u043e\u043a\u043e\u043f\u0440\u043e\u0447\u043d\u044b\u0439 \u0441\u0438\u043d\u0442\u0435\u0442\u0438\u0447\u0435\u0441\u043a\u0438\u0439 \u0442\u0435\u043a\u0441\u0442\u0438\u043b\u044c.<\/div>\n<\/p><\/div>\n<div class=\"detail-row\">\n<div class=\"detail-label\">\u0412\u0435\u0440\u0445\u043d\u0438\u0439 \u0441\u043b\u043e\u0439<\/div>\n<div class=\"detail-value\">: \u0423\u0441\u0442\u043e\u0439\u0447\u0438\u0432\u0430\u044f \u043a \u043f\u043e\u0433\u043e\u0434\u043d\u044b\u043c \u0443\u0441\u043b\u043e\u0432\u0438\u044f\u043c \u0441\u0438\u043d\u0442\u0435\u0442\u0438\u0447\u0435\u0441\u043a\u0430\u044f \u0440\u0435\u0437\u0438\u043d\u0430.<\/div>\n<\/p><\/div>\n<\/p><\/div>\n<div class=\"datasheet_table\">\n        <img decoding=\"async\" class=\"alignnone size-full\" src=\"https:\/\/tuzlahortum.com.tr\/wp-content\/uploads\/2025\/08\/datasheet169.svg\">\n    <\/div>\n<div class=\"table-notes\"><\/div>\n<div class=\"horizontal-line\"><\/div>\n<div class=\"footer\">\n<div class=\"standards-section\">\n<div class=\"standard-item\" style=\"margin-top: 9px;\">\n                  <\/div>\n<div class=\"standard-info\"><\/div>\n<\/p><\/div>\n<div class=\"temperature-section\">\n<div class=\"temp-icon\">\n          <img decoding=\"async\" src=\"data:image\/svg+xml;base64,PD94bWwgdmVyc2lvbj0iMS4wIiBlbmNvZGluZz0iVVRGLTgiPz4KPHN2ZyBpZD0ia2F0bWFuXzIiIGRhdGEtbmFtZT0ia2F0bWFuIDIiIHhtbG5zPSJodHRwOi8vd3d3LnczLm9yZy8yMDAwL3N2ZyIgdmlld0JveD0iMCAwIDcyLjI3IDE2Ljk4Ij4KICA8ZGVmcz4KICAgIDxzdHlsZT4KICAgICAgLmNscy0xIHsKICAgICAgICBzdHJva2Utd2lkdGg6IC41OXB4OwogICAgICB9CgogICAgICAuY2xzLTEsIC5jbHMtMiwgLmNscy0zLCAuY2xzLTQgewogICAgICAgIGZpbGw6IG5vbmU7CiAgICAgICAgc3Ryb2tlLW1pdGVybGltaXQ6IDMuODY7CiAgICAgIH0KCiAgICAgIC5jbHMtMSwgLmNscy0zLCAuY2xzLTQgewogICAgICAgIHN0cm9rZTogI2E3YTlhYjsKICAgICAgfQoKICAgICAgLmNscy01IHsKICAgICAgICBmaWxsOiAjYTdhOWFiOwogICAgICB9CgogICAgICAuY2xzLTIgewogICAgICAgIHN0cm9rZTogI2ZmZjsKICAgICAgfQoKICAgICAgLmNscy0zIHsKICAgICAgICBzdHJva2Utd2lkdGg6IDIuMDZweDsKICAgICAgfQoKICAgICAgLmNscy00IHsKICAgICAgICBzdHJva2Utd2lkdGg6IC4ycHg7CiAgICAgIH0KICAgIDwvc3R5bGU+CiAgPC9kZWZzPgogIDxnIGlkPSJrYXRtYW5fMSIgZGF0YS1uYW1lPSJrYXRtYW4gMSI+CiAgICA8Zz4KICAgICAgPHBhdGggY2xhc3M9ImNscy0zIiBkPSJNMTEuMzQsMTEuNTdjLS45NCwxLjcxLTIuNzEsMi42Ni00LjgsMi42Ni0zLjA1LDAtNS41MS0yLjQ3LTUuNTEtNS41MlMzLjUsMy4xOSw2LjU1LDMuMTljMS45NCwwLDMuNjUsMSw0LjYzLDIuNTIiLz4KICAgICAgPGNpcmNsZSBjbGFzcz0iY2xzLTUiIGN4PSI2LjU1IiBjeT0iOC42NiIgcj0iMi40Ii8+CiAgICAgIDxjaXJjbGUgY2xhc3M9ImNscy0yIiBjeD0iNi41NSIgY3k9IjguNjYiIHI9IjIuNCIvPgogICAgICA8bGluZSBjbGFzcz0iY2xzLTMiIHgxPSI2OC4zNCIgeTE9IjExLjc2IiB4Mj0iOS45MiIgeTI9IjExLjc2Ii8+CiAgICAgIDxsaW5lIGNsYXNzPSJjbHMtMyIgeDE9IjY4Ljc4IiB5MT0iNS41MSIgeDI9IjkuNzMiIHkyPSI1LjUxIi8+CiAgICAgIDxsaW5lIGNsYXNzPSJjbHMtMyIgeDE9IjU0LjA3IiB5MT0iOC43NSIgeDI9IjguNjQiIHkyPSI4Ljc1Ii8+CiAgICAgIDxwYXRoIGNsYXNzPSJjbHMtMyIgZD0iTTY4LjE1LDUuNTVjMS43MSwwLDMuMDksMS4zOSwzLjA5LDMuMDlzLTEuOTIsMy4wNi0zLjYyLDMuMDYiLz4KICAgICAgPHBhdGggY2xhc3M9ImNscy01IiBkPSJNNTMuOTEsOC43NWMwLS4xNC4xMi0uMjYuMjYtLjI2cy4yNy4xMi4yNy4yNi0uMTIuMjctLjI3LjI3LS4yNi0uMTItLjI2LS4yN1oiLz4KICAgICAgPHBhdGggY2xhc3M9ImNscy0zIiBkPSJNNTMuOTEsOC43NWMwLS4xNC4xMi0uMjYuMjYtLjI2cy4yNy4xMi4yNy4yNi0uMTIuMjctLjI3LjI3LS4yNi0uMTItLjI2LS4yN1oiLz4KICAgICAgPGxpbmUgY2xhc3M9ImNscy0xIiB4MT0iMzYuNDMiIHkxPSIxNi45OCIgeDI9IjM2LjQzIiB5Mj0iMTQuMjQiLz4KICAgICAgPGxpbmUgY2xhc3M9ImNscy0xIiB4MT0iMjguMDUiIHkxPSIxNi45OCIgeDI9IjI4LjA1IiB5Mj0iMTQuMjQiLz4KICAgICAgPGxpbmUgY2xhc3M9ImNscy0xIiB4MT0iMTkuNTkiIHkxPSIxNi45OCIgeDI9IjE5LjU5IiB5Mj0iMTQuMjQiLz4KICAgICAgPGxpbmUgY2xhc3M9ImNscy0xIiB4MT0iNDEuNTciIHkxPSIyLjc0IiB4Mj0iNDEuNTciLz4KICAgICAgPGxpbmUgY2xhc3M9ImNscy0xIiB4MT0iMzMuMjgiIHkxPSIyLjc0IiB4Mj0iMzMuMjgiLz4KICAgICAgPGxpbmUgY2xhc3M9ImNscy0xIiB4MT0iMjQuOTkiIHkxPSIyLjc0IiB4Mj0iMjQuOTkiLz4KICAgICAgPGxpbmUgY2xhc3M9ImNscy0xIiB4MT0iMTYuMDgiIHkxPSIyLjc0IiB4Mj0iMTYuMDgiLz4KICAgICAgPGxpbmUgY2xhc3M9ImNscy0xIiB4MT0iNDQuNjMiIHkxPSIxNi45OCIgeDI9IjQ0LjYzIiB5Mj0iMTQuMjQiLz4KICAgICAgPGxpbmUgY2xhc3M9ImNscy0xIiB4MT0iNDkuNDkiIHkxPSIyLjc0IiB4Mj0iNDkuNDkiLz4KICAgICAgPGxpbmUgY2xhc3M9ImNscy00IiB4MT0iNDAuODgiIHkxPSIxNi45OCIgeDI9IjQwLjg4IiB5Mj0iMTQuMjQiLz4KICAgICAgPGxpbmUgY2xhc3M9ImNscy00IiB4MT0iMzIuMzMiIHkxPSIxNi45OCIgeDI9IjMyLjMzIiB5Mj0iMTQuMjQiLz4KICAgICAgPGxpbmUgY2xhc3M9ImNscy00IiB4MT0iMjMuNzkiIHkxPSIxNi45OCIgeDI9IjIzLjc5IiB5Mj0iMTQuMjQiLz4KICAgICAgPGxpbmUgY2xhc3M9ImNscy00IiB4MT0iMjAuNTkiIHkxPSIyLjc0IiB4Mj0iMjAuNTkiLz4KICAgICAgPGxpbmUgY2xhc3M9ImNscy00IiB4MT0iMjkuMTMiIHkxPSIyLjc0IiB4Mj0iMjkuMTMiLz4KICAgICAgPGxpbmUgY2xhc3M9ImNscy00IiB4MT0iMzcuMTYiIHkxPSIyLjc0IiB4Mj0iMzcuMTYiLz4KICAgICAgPGxpbmUgY2xhc3M9ImNscy00IiB4MT0iNDUuNzEiIHkxPSIyLjc0IiB4Mj0iNDUuNzEiLz4KICAgIDwvZz4KICA8L2c+Cjwvc3ZnPg==\" alt=\"S\u0131cakl\u0131k\" width=\"100\" title=\"\">\n        <\/div>\n<div class=\"temp-values\">\n<div>-25\u00b0C \/ +70\u00b0C<\/div>\n<div>-13\u00b0F \/ +158\u00b0F<\/div>\n<\/p><\/div>\n<\/p><\/div>\n<div class=\"marking-section\">\n<div class=\"detail-row\">\n<div class=\"detail-label\">\u041c\u0430\u0440\u043a\u0438\u0440\u043e\u0432\u043a\u0430<\/div>\n<div class=\"detail-value\">: \u0422\u0440\u0430\u043d\u0441\u0444\u0435\u0440\u043d\u0430\u044f \u043b\u0435\u043d\u0442\u0430 \u0438\u043b\u0438 \u0442\u0438\u0441\u043d\u0435\u043d\u0438\u0435<\/div>\n<\/p><\/div>\n<p>                <img decoding=\"async\" src=\"data:image\/png;base64,iVBORw0KGgoAAAANSUhEUgAABf0AAAAwCAYAAACrFNDUAAAACXBIWXMAACE3AAAhNwEzWJ96AAAgAElEQVR4nO3db4wTZ54n8O8gdD0odEFmuA2SK5qekBdnR1q4jBR78uemV4cdKVEuUdsvQEhJ4xeJsit1d05AXgyQmYZ5wR\/NNn2acHBS01kpSl7YvbsXgQ4bCRgyF3ulGTWrTflNmGEvZYnNkECqE7EdIXQv7Ofpx+Wqst0uu+z29yMh0e5y1VN\/XF3+Pb\/n93xv249GxgG8BiIiIiIiIiIiIiIi6mvrAYwAGA22GURERERERERERERE1K51QTeAiIiIiIiIiIiIiIj8waA\/EREREREREREREdEasb6dN2uahngigZCu+9UeX8zOzAAAorEYorGYfH0hk4FpmkE1yzffPv4QvvuL\/xB0M4gG0vC\/LGG9dT\/oZhARERERERERETladdBf0zRc+fgaNE3zsz2+UIP+E1OT8vViodD3Qf\/72nrcevmRoJtBNJA2fP7vePj\/3gm6GURERERERERERK5WXd4nHIn0ZMB\/rbv9Vz8MuglEA+vhTxjwJyIiIiIiIiKi3saa\/n3k3qMb8O3jDwXdDKKBNPzpEjZ8fi\/oZhAREREREREREXlqq6a\/qmQYyOfyfq2OHHw5yix\/oiCsW36AH7CsDxERrXETU1OYn5uDZVlBN4X6jJhHrVgoBNwSIiKi\/nHw8CGEI5Ggm9HQQiaLbCbj+Lv3P\/ygy61ZnaPTR1AyjLrX+739XnwL+udzeVlLn\/y39MQwljl5L1EgNv\/ha07eS0REa9p4Oo2JqUnEE3Hs2bWbgX9qWjgSwemzZwAAo88+x2uHiIioSeFIRHac97Jioej6u35oPwDXEvX93n4vvgX92xWORHDw8CFf1rVn125f1tMrHgytw1dPPxx0M7pqNLQdo\/qOppb9RfE9AMCIthXj4edrXlsNsZ67y99gZjHruMx4+HmMaFubXmc77XHTzDHqxHYHzbrlB9j0+6+DbkZD0VhM\/rFayGTanrRc13WMpVIA4Jn1mUylENL1hstpmobxdBoAUDZNmSWgvr8ZaufyxNRU3fraIdpSGbmWc1xGPS7NcmufaL\/X9sR5LRYKrtmT8URCZoc06nwX28zncq5ZAuq11CzRvlaPj\/3YNPN+y7JwKZdr6Rpv5fMhjpHXMQcq1\/RYKoV4Ii5fKxkG5ufONd22cCSCeCKBaCwqXyubJoqFous13e4xVqnHxevzK46J2\/Wlfr4bHTeguX0omybyuZwvwUPRfi\/NtNvvdfUSXdcxMTUJoPYLRbP3aLfPVTQWQzKVlOuoXI\/Zvjs+vaLR9dfK\/bHd+496nUeUud6OnTyBN19\/o6n9ISIiou6qfA8s1Tyf9Zv5uTkAwFgq1ZdzzXaz\/T0T9Nc0rW96V7rt659swn2tZ05VV4zqO\/DOU682tawM+g8\/It\/TTrB7cvsYpnYkAQDzpYu4u\/xN3TKvhZ\/HaGh70+vsSNC\/iWPEoH\/7tlz+EuuWHwTdjIaisZgM2BQLhbaD\/uPpvY5Beidiu4B7UDCeSMjlZmdOydfHUsmW7v21Qf+V\/W036K9pGo6dPAFgJdjoJKQExprl1j7xoFUsFFy3l0wlMZZKYSETcg2Sjaf3IhqLoWyankF\/9RzoeggH9u13XE69lpo1O1PZz1aPj\/3YNPv+g4cP4e19+5s+7618PlauU\/cyFfFEAsdOnqh7SIvGYhhPpzE\/N4ej00c823T85AnXwPdYKoWJqUkcnT5Sd220e4xVaqDXLVCtLuMW2A1HInKZt\/eZcM8Dam0ffm5VzrPb56NZzWzL63y3ui5gEsVCAW++\/kbfZDxPTE3K6\/nAvv2y3c3eo50+V8lUSt5XVWOpFGZnTnGE8Co0e39sdHz9uP+on5lsJoOdiTjiiUS1IyHGjh0iIqIeUzZN2TFfMgw5Sq+fLGQyNd+zRMyiX3S7\/ZzIt8fd19bj7pObgm7GQFGz51957JkAW0JBG\/riOwx\/uhR0MwIRTyTk\/3cqmcx22UwG5WqgJ5lKui4nggSWZcme7V6i7m9I17tSV9GoZtp7BdTE75pZxmhQ30\/NSN+p7G+\/OnbyRM1565ZoLIbTZ894ZmWMp9Oeoxe9Am5CSNdx+uyZju6jes24XWPq680s0+g6bIWmaTh99kxfJoVEY7G+qQ+qZm8vZDK+BGujsZhjwF+YmJrsy\/PaLyamJl1HBXTq\/vOrmi+we5t+HxEREXWP+A7TjxnyADCstLsf96Hb7R+s9PE+9NXTD+PB0OD2zSzevoG3fvubrm1vRNuKHVu2yZ9ffuwZzJcu1i331m9\/g81DG2teuzz268rvrr2LxT9\/1tmG2vzVwn\/v6vYGxQ+vfBl0EwIRjkRqhvrFEwlomuaasZrNZDExNYmQriOZStVlFUdjMaUE0DnX9QRZms3esZFMJXF0uj54WTIMx3aK4N5CJoNsprYsmNv+FgtFGVAJRyJ15XZ0XZfHLaTr0HW9LpNW7ZzwqrMI1Ab6NU1DPJFwzKB2CvqpJficJhAqO2R\/Ox0LO68saLf3q1n7x06eQP4v28sCb9VxJZCZz+UwO3MKJcOQgVPRtkrGf32pn3AkIgNulmXhV9VsWnEswpEI9qb3YiyV8hwFArR\/jEuGAcuyoGkawpGw4zJq6Y9oLOo4akC817KslieXctuH8fRe+fk4fvIEfvbscy2t10nJMFxHYDhdw16cMql1XUc0FsPPDx+qHtOI6+esl6gBWnUklsrp2KmBe\/t5VzPSj04fkZ29aodYMpVkNvgquV3L6v1xYmqybnSOn\/cfO9M0sZDJVMueJRz\/ZhEREVFwQrqOjy6ch1H97vLSCy8CAP7n2TN9U+onnkjgowvn5TPG6LPP1cwt1Ou63X7fgv6VB\/9o4wUVxULRdehpsVBYc7X5W3Xv0Q1YemI46GYE6u7yN7hSvt617YnM\/rvL32Dz0EbXEj6Lt2+4rmPxz591tc0Aur69QfDQZ99iw+f3gm5GIETGftk05R\/\/eCLhWiJkfm4O4+m91Rrnybrl1IDSgkc5lqCCPyIADqzsczyRcAyoWJbl2U7TLDe9HyVblrU9aGYfbRCNxWDajl9EWcYr2Co6bgB1H+OOAR3TND0DNSXDaGofWzkWrby\/WCggHAnLfepmGYl4IiE\/E6J8y0p7K+WVLMuSQc2Jqcm6Mkpq5uybr79R1\/aSYeDAvv3IZrINA9HtHmOxPa95HNTr0G0ZcR22GvAHvM\/z+x9+IDsNnTrGWtXo89su0zRhVoOsoiMwGov2fNBfXJNepa+cjl04UvlyIjqPBLVk50ImUzO6a35uDslUEuFIpCsjqtYqt2tZvCYC\/zsTiZrj7+f9x8m5uXOyU8G+bSIiIgpeqJpYJhKXgJUkvn4hniP37Notv7sWC4W+GUXazfb7mkIuvjQ2+29iapIP\/B7u\/HSwJu\/tBT+rBvl\/+U9\/JwP\/LPEzmLZcHswsf2AlKJDP5WSwyqvET6VkzzkA9ZPA6tUAOuDPBMOdoAZBRIC2GyV+1GBLxCHL2t6R7pSJrb7mFcwUpX1KhoFz1XPVzyV+LuXy8v\/dfLhTSyS5ZYzPz83JYJlT28R5LVcf7tz4MTdHM8QIEU3ToNsyfES2uhDS9bphqJqmKR0hjar5t0bcV4Dunud2qee1159z1ZFdCw1GjdjfJ66FvPJ5BCrXRGUkxCl5v1GpWeXkPzXQbv870un7T8kwZAAh7vHcQERERMGKxqLQNA2apiGZSradXBME8awRjkQck+h6XTfaH3h5H7caRpWJ45xrUTayFiYGW3piGPce\/X7QzRg4IsB\/xVzE9i3bMB5+Hj8Lbcc\/\/PF3AbesMVFuyGniYWrNDz65g\/XW\/aCbEQg1AFQsFBHSy3JiPq8SPwuZjMwOUEs21E7y61w2Img7lYB4sVCQ5U7cSvz4SfToOwW\/RJBTtMcp6BluMsN6p5LJK86NV4mfXhdU55H4bDQqY1MsFDCWSnkOk+2VCV4r10PlcxqORGqOrXrNqdehes2Emxxtshr27HG\/iHUFeQ50Xcd4eq98yC+bJgzDwPzcOddg7EoZsSzyuRzG02kkU0kMaxqKhUJNxlaz1HPstF23Ubde7xOjXhpZTSY5NdbM56aT135lNFakrzrqiIiIBk00FsMf\/rlSMUKUrdQ0DVc+vtY3tfLH02k5Ee6eXbvld+t+mVerG+1fddC\/WChUSzp0ZqbhkK6venhJvwf9Hwytw1dPM8u\/29TSPou3b+Bq+TrGw8\/jlceewVvX3g24dd4uj\/1aliK6ad3CW9fe7YuOil60bvkBNv3+66CbERhR2seyLORzOei6LkuVeJX4UWv5jqVSmJ05BcuyZLA5n8v1ZJa\/WtpH1BW\/lMvJmsRu2dx+EaVV7EF\/NcN6IZPBeDotM2vVYI0Iqnhn+a+U9slmsigZRsMSP71OPV5BBA4bBVZNsyz\/b69rrWY5+1Gypl3q9sORSM31oGYFG4aBeCJRV66mUdC4l+i6LksGASujlPx+blRHTDiNfkimUrLuvyCGWserJVHc6rWLdb7\/4Qc1nwPxOW+1NKYYZVRuUNbLTs3ibvW8i+Pj56TP1Jxu3H+KhaL8ftjN8mtERES0OuJvtWVZKJsmtD4cjSn2IejvVqvVqfa3Vd7n6PQRPD7y45b+9WqmZy\/5+iebcF8LfBDGwHm5GvQXwXJRJ39E24oRbWtg7WqGOvfAiLYVf\/\/itOt8BORty+UvsW75QdDNCIwIgF+qBvVM05R\/eLxK\/AC1mfwi+C+CWvMOJR56gVraR+yzKFXRnRI\/KwFBNXiqbtetxElthnXJdRsiOFdWzuVK2ab+K\/GjaRr2KvNE9Hrg0J7tr57z9z\/8AEnlcxIEddRCfUmpyjVWLBTkNWbP3g0rQWO\/s4fVbfnxAByqTrQraJqGianJmsmZ26VpmpyIy7Isx3lMwpGwPOdihJEaGB1Ppz2zpMUIAfuIk9V0Uorrs9VO2WY6HO10XcfxkydqJnYn\/3l9brpx\/1GvpX7JFCQiIuoVIsFaPFcvZDLyebKSsDIn\/76Ln0USVNk0HX92Wpf4uVgoVOdojWE8nYamaTXrWA2nNotnxkZtLBYKWMhk6n52Wpe6\/wcPH0I0FsPBw4fq1jFo7Vcxstxj7mvrcffJTUE3o2eMDD+CX0Rfc\/zdTesW5ksXfduWCJJfrQb7b1q3sHj7BnZs2YZXHnsGM4vN17oNwpXydWwe2ogdW7YBAM7tPIAfv7cn4Fb1l6EvvsPwp0tBNyMw9tI+Qj6XRzgSaVjixzRN5HM5xBMJjKf3Ykn5Q9dMYMirpFuz62jVTiUgLgIVahZzp0v82LOsxT6KoI1ol1oGSLRPncTX69iopX2EfC4vH+o6VeInGot6ntNGczy4vT+ZStZMpttqMDiZSgZadkKUwhI1NI+dPIFjOCH3pVgoNn0+2j3GQskwHCdWVTPLK+upn4sponQM+CkcichJwP2cgLe2k6Oyf2OpFLKZbEvbqFxHtZ0kejVbX2znV9NHHI\/\/0ekjKBaKdfsVjkTw0YXzACqBfbf2aJqGo9NHZO12vdqZsZqOEZF138p71c+PvZ6\/2\/LqMGVxbJgB7j9N0+ToPKD+\/Ph5\/3HjNXqIiIiI3JVNU47aLBklRGNROeccUPm7Lv6uXv34Gg7s2y9LPP7hn6\/jpRdelCNZ\/\/eF8\/LnYqGIeCJesy7LsmTCyEcXzstntSf\/crtcx5WPr7W8DwuZTM12ioWirBZw9eNrnm2cmJqU+59MFTGWSsqfK8\/wpZp1HZ0+gnwuJ\/d\/PJ1GyTDw0gsvynUcazG5p9\/bb9ezQf+yacpSC4Pkq6cfxoMhX+dX7msj2la889Srjr+7Ur7uW9B\/x5ZtMptfZPgDldr+O7Zsw8s9HvT\/zx+8jsXbNwAAv4i+hneeehUj2lbs2LJNvk6N\/fDK4E7eC6yU9gFqA9\/5XE6WW\/Mq8QNUMjdF50CrWf5eJd1mZ\/wPKqqlfexBCdF50ekSP2Y1O1rTtJrJfEUwUexzsVCsTpK8EmQUGdaWZbkGdtXSPmrwR527oFMlfuyTOts1miiy0fvVB9VWjKVSLb\/HT5ZlYc+u3Xj\/ww9qsmDF\/o6n002XnWn3GAuGUcIYVibzNU2zrmyPvdZ\/sVComcTX8Bht4sUpeC62IczPnfMl00UcexGUTKZS8kHaK8juJKQE+Bttx4nTZ65kGPLeE\/EYZVQyjJrJWk3ThOlxX\/ay0knRfId3O6V9xHsY8G9POBJxrPeqTrDsdJz9vP8QERGRv9TnXfuzr9OzsFc2\/pJlua7PsqyaZz8\/R+u2sg\/2NtrZ969+HyzH9baj39tv17NB\/2YnAVtL7j26AUtPDAfdjIH0yrZnAQCLt2\/gpnVLvv6Pf\/wdpnYkMRrajs1DG3tqktz50kVcMRflHATCzGJWdpSMaFsZ9G\/SQ599iw2f3wu6GYFSA+DqHx61BvzORNwz6C+CDGqmeq9m+amlfeydzJdyecQTCVnip5O1AYuFAuKJRE0GtZphLZYBJh3L+3jX868E58QcDSoxd0FlJMB+h3f3rmKhgKPTR\/q2ZmPJMDD67HOIJxLYmYgjGovVBOBE2RldD9VkmnSKPdtcDfqro2DEZ1sE\/cNNjjbx4hU8F+tt93lQZNjY69ZnMxlZKscryO7ErQa+CLp+dOE83t633\/N+6aRklOS9x32ZYK97dU6EZtqijmgQo8aisRj+2wsv9uRcL\/3AbXJ3oWyaeNvl3tFr9x8iIiKqCEciOH32DEpGCePpvTWj7MfTafmdMRwJI6TrOH32DPK5vEygOX32jMzqF78vGaWakdJiXZUEsEr8UdM0zM6cQjgSrlnHaqjzvortVL5Th+X+ebXx+MkTMM1y3f6L8sHhuYhc1\/GTJ5DNZBGOhJHP5arP0fGadQxa++16Nug\/iO78lJP32i3evoG3fvsbx9\/5GYAX9fyvmIs1r6tZ\/6Oh7b5Ojrtjyzb87X\/5G9ffv1e66DmS4aZ1q6aDQri7\/A3uLn9TKfXzHx\/nhL5N2nJ5sLP83Ur7CPlcTj5oeJX4AYCFTFYGI1qZx8VrAspOTNa6UwmI2wNX+VwOx1DJAO58iZ9STdDfaWJUNaAqAq5iOa96\/k6lfYR8Li\/nXehEiZ+FTMZzxF6jYKH9\/ePpvbKjZnbm1KoDn406C5yyZzvBsixkMxkZFBYlWqKxqByNMJZK1QwptWv3GDstJ8px2EebVP5fO+LE75r79jbNz51rOWjuxKtDQpQ28gqyO8lmsq6dEcdPnsBYdRSBKM9lF43FEE\/E68ol6U20Q50outvUScab7egpGYa8v4sMdU3T8PPDh\/Dm6290rK2DSIyUVmvLOvHj\/kNERET+E6PNBTUIHdL1mtHx9vKc9lHAXuvSNE3+vGfXbvlc99nNP7VdCtW+HbXNjdpoH5WtrguorQ6gHo\/HR34MoPJ82u73uX5vv6ph0N+rVuxqOA3hdqLr+qq2XXnYdX44baeOr9d6\/bD0xDDuPfr9jq2\/X91d\/qYm8N4Jah38f136t7oJcEVd\/5cfe8bXAPrmoY2ek+1ebWO\/F2\/f4ES+LfjBJ3ew3rofdDMCpZb2WbKsunulOvyvUYkfNXOzlSzObpZ7UEv7lAzD8W+DGN3Q6RI\/IosfgKzbL7avHj8RnLS31e24qaV9yrZyLfXL+l\/ixzTLbZ1Tp\/eLc1apl7i6dYuJU3uNKNGSzWRQLKzUb\/QaXdPuMVatZPFXntNWArsrnYD2WvhOHQOtmp05FejIzk4E0A\/s249oLIaQrjuWDRKdAv1IvY9caqKev13JMLCQychOZFqdYqHg2VHeqtXcf4iIiKi\/iXKv4jujOvKvX6j7IP7fTzrd\/iaC\/u41ljvJ3oPVrGKh4Ppw2s4XLK\/1tuvB0Dp89TSz\/IPySjXLHwD+9rm\/9lyu\/cE11GvWLT\/Apt9\/HXQzAqcGXxpNFrMWggDq\/lYmmXQPiHe6xI+9tIpbIFWUUwlHwnXll5yoQzLH0+m6LANVP5T4UUtHRWMxWXs+CK08jK0mIK6WnenWg6vI4hcZQ2pd8JVlaq9V0TEQdLmZXmRWOw3tZYPCkYh8HnUaZaQ3KHfkt5VJwsONF0b79fyB2tFJYuQS9Q4\/7z+drFFLREREq5fP5fDm629A0zS8\/+EHGE\/vbWrEaS85On0E83NzCEci+OjCeZimWTeKtpd1o\/2Bl\/fpRMmGfvP1Tzbhvhb4qRhYLytBfy9iRIBfNfKvlK\/je\/\/jv\/qyLruR4Uc6st61aMvlL7Fu+UHQzQhUq6Utminx0+t2tlijsPMlfoxqXfFwXT1\/oVgoYjydRjQWw1L12JcMw\/U87Gwhi7ZTJX78Nj93Th6fianJrtebFsdaBMPcjv1qa2A6batbRPBZ0zQ58sc+2kQEqcORCJKppNIxUF8SrF+IWqadYr+3qh2OTjXtJ6amAkm4aTa46zTXg53aceEU0O\/nvx2Dop1z1MmyX0REROQPkYRhWRZM0+zLEZjiOaNkGBhuMN9RL+pG+wOLNJdNE0enjwz8BF73tfW4++SmoJsx0EQZnH\/44+9w3SWg\/9p\/SmBE24rXws9j8dq73Wyeq8tjv8ZoaDtmFrN4S2nT5qGNGNG2AgAW\/\/xZUM3rC0NffIfhT5caL7jGqaV9KnWAnY+JrodkhmqjEj+9zF7aJ+9RokJMyNONEj+idI9ThrX6s6ZpMqDvnuW\/UtpHTArkRgQYO1Hix2\/5XE6WXRpLpTA7c6qrzxGVSZsqx348nXYsS6NmwDsdT03TENL1hsGwbmfaqNdb3GMuCHGtqqMnezmwVxnJU6mL+ebrb9SdEzWI7Sdx\/tzWWzKMnngGXpmnofGXjEbBfGEslZL3lZdeeLHu+uinDKy1phv3H\/W9TO4iIiLqLWXThGVZiCfiKBYK0Po0WK4mKnVzdLQfutn+hkF\/P+tFquxfFtRJvtqhZqYsZDK+DRnuVFbSV08\/jAdD6zqybmpsNLQdm4c2AgB+WXzPNYv\/R8OPYFzbilF9Rzeb5+lq+TpGQ9sxHn4ev\/ynv5MTG0\/tWAngOk30Syt+eGWwJ+8VRIBPdMa60TRNBvr6ucSPmsXQaKJQTRvGeDrd8RI\/IigfUgKF9oCgmmXdKMNazTT\/VYMOdjGZaD+U+AEqNeBFCapuZ\/tfyuVw8PAhue1Kp9FKEFnXdRxXymM51Tw\/ffYMwpEIZmdOYX5uznE7x0+e8JxYuxMsy5IdKl7bFiNO1PkieiF47Ub9zE5MTaJYKMhnOnUODcOnz7amaTh4+FDD4Hg3S\/h4sU\/i7HWPU78QenWW2o+5Olmv+gUH6O5cLtSd+48oUScyB4mIiKg3lAwDL73wIoDK33s\/J4ztlvm5ORmzuPrxtb6bJ6vb7W8Y9O\/Ww7hlWb5vy+zxL6L3Ht2ApSc6O6x8UF0e+7Xn798rXcR86aIs7XPTuuVZtucf\/\/g7jIefx44t2zCibe2JYPp86SLeeepVbB7aiD+99j7mSxcxom2VcxQ02qdB99Bn32LD5\/eCbkZHHDx8qGFH5UImi2wmU5O52SjL27Is5HM5OUN9r5T4CUciTT2wiI5ldUL5RvuczWRlLfxOlvixBxzd\/h6KoL\/b+wQRnGsmmzibyeLg4YjvJX6SqWTNsXZSMoyWR1Dkczn83DokO6GOTh\/p2nVomiZmZ07JLObTZ8\/UlFiyl7WwdyglUym5zMHDh2QQWnT66HoIO5VRGpZluQbmKuvz9xgbhlETjHa6Du1BYa9g+Wc3\/wTA\/8l61ez9Pbt2ez4\/WpaFhUwGY6mUrJeZz+VqOjGBSgdgK9yOvT1T55xtvSLzWdM0nD57pma7enXi325Sj12je9zOJuv5V0YXVe5V8UQCVz++Jo+5en0v9GnHcb\/y+\/7jZqfHSCEiIiIKjvqdyTTLAbZk9dSqBGIOrX7S7fazkHyA7vyUk\/d2iijZ4+Zq+TqAlUl8r1R\/dqP+fjS0HfM9EPS\/ad3CzGIWUzuS2Dy0sSbDHwD2XjoeUMv6w5bLazfLv5nSCSJ7T6373kxGn1reJBqL9UQ5mFaHJKqlcRoFi8UynR72qG4HcD8XxULRcxJQoHaOhmaCLuoy0VjUt3OqZoz7qRKIOicD725ldjpldmamptSV0+etbJo12c1CNpNBOBKWHUmio8WphqZlWdiza7fnNer3MVY\/324Z\/KZpyhEB4j297uj0EURjMXm87JNar2ZkaDPH\/u19++s+o+okqW7nvpvUEUSNypipnYmN7p0H9u3H+x9+IMvJ2I+5ZVmYnTnV\/g5Q0\/y+\/zhRS8s5jXQiIiKi4ERjMSRTKViW1fVEE78kU0mUqolK\/VaWCOh++z2D\/nq1Zi5V+BlUWHpiGPce\/b5v66PWjWhbZe37qw2C\/neXv8Hi7RvYsWUbXn7sGcyXLnajiQ29de1dfP3dt3jnqVflazetW3jr2rsNOzIG2Q8+uYP11v2gm9ETRJkFkcXfiFrepB9qwNupAYlsJtvUey7lcjJLWNf1jo0gKxmGMomvcwBSfd2tDIdaOqOZfSwZhgzidnruAr\/Mz80pQf+91bkoujfq5MC+\/SgWipiYmqwJ\/Iqs8tmZU67tOTp9RHZaqFm16jou5XJdn68AqL2mvILgxUJBPh\/2cj1\/wbIsvPTCizh28kRNgFN0IPn5fCdGrs7PnXM9hnt27a5rC4Bq1rVRFyDvtPm5czhWLemSTKUcS57VlhVr3EEiynYePHyo7gtNPpdrWHaMOqPT9x8RQGj2mYKIiIi665hSirQfhXQdp8+eCboZq9bt9n9v249GfgHgHadfqsOnCXh85Me+rOfB0Dp8\/qqO+xoHWpB\/RkPbZecEuVu3\/AA\/+l\/\/D+uWHwTdFCJaA0SJLLeRF41omiZHC\/R6ffy1QBzv1Z4vv7WSPd8pmqbhysfXoGkayqaJnz37nO\/rF9c4S770Fj\/vP+r3Rr9LehEREa1VBw8famqkftBEeWAn\/RI3Pjp9xPH5v9\/b74VB\/xb4FfS\/85IbUocAAAF1SURBVPTD+IqlfYgC8Rf\/588Y\/nSp8YJEREQDYmJqSo6eYcCWWqVpGj66cF52gI4++1xPzPlDRERENMjWBd2AQXNfW4+7T24KuhlEA2noi+8Y8CciIrKZnZmRmUMTU5N1ZV+IvIyn07LUmVd5MyIiIiLqHs\/6MqIeJ\/nn3qMbMPTFd0E3g2ggPfzJnaCbQERE1JMO7NuPjy6cx9v79jNoSy2Zn5tDPBGvzpMxF3RziIiIiAgNyvsQEREREdFg6ORk5bS2idEh7DAiIiIi6g2cSZaIiIiIiBjwp1VjsJ+IiIiot7CmPxERERERERERERHRGsGgPxERERERERERERHRGrEewJWgG0FERERERERERERERERERERERERERERERERERERERERERERERERERERERERERERERERERERERERERERERERERERERERERERERERERERERERERERERERERERERERERERERERERERERERERERE3fX\/ATRikJq0q0rlAAAAAElFTkSuQmCC\" alt=\"Markalama G\u00f6rseli\" class=\"marking-image\" title=\"\">\n              <\/div>\n<div>\n<table cellpadding=\"0\" cellspacing=\"0\" style=\"width: 100%\">\n<tr>\n<td style=\"width: 120px;font-weight: bold;\">\n            \u041d\u043e\u0440\u043c\n          <\/td>\n<td style=\"width: 400px;text-align: left;\">\n                    <\/td>\n<td style=\"width: 120px;font-weight: bold\">\n            \u0426\u0432\u0435\u0442\n          <\/td>\n<td style=\"width: 400px;\">\n<div class = \"color-icons\">\n                                          <img decoding=\"async\" src=\"data:image\/svg+xml;base64,PHN2ZyB2aWV3Qm94PSIwIDAgMTAwIDEwMCIgeG1sbnM9Imh0dHA6Ly93d3cudzMub3JnLzIwMDAvc3ZnIj4KICA8Y2lyY2xlIGN4PSI1MCIgY3k9IjUwIiByPSI0OSIgZmlsbD0iIzAwMDAwMCIgc3Ryb2tlPSJibGFjayIgc3Ryb2tlLXdpZHRoPSIwLjUiLz4KICA8Y2lyY2xlIGN4PSI1MCIgY3k9IjUwIiByPSIzOCIgZmlsbD0id2hpdGUiIHN0cm9rZT0iYmxhY2siIHN0cm9rZS13aWR0aD0iMC41Ii8+CiAgPGNpcmNsZSBjeD0iNTAiIGN5PSI1MCIgcj0iMzMiIGZpbGw9IiMwMDAwMDAiIHN0cm9rZT0iYmxhY2siIHN0cm9rZS13aWR0aD0iMC41Ii8+CiAgPGNpcmNsZSBjeD0iNTAiIGN5PSI1MCIgcj0iMjIiIGZpbGw9IndoaXRlIiBzdHJva2U9ImJsYWNrIiBzdHJva2Utd2lkdGg9IjAuNSIvPgo8L3N2Zz4=\" alt=\"\" title=\"\">\n                                      <\/div>\n<\/td>\n<\/tr>\n<\/table><\/div>\n<\/p><\/div>\n<\/p><\/div>","protected":false},"excerpt":{"rendered":"<p>\u00dcr\u00fcn Ad\u0131: FLAT \u00dcr\u00fcn Kodu: WLF131 Yass\u0131 Su Verici Kullanim Alan\u0131 : Tar\u0131m ve end\u00fcstriyel uygulamalarda su tahliyesi i\u00e7in. Alt Katman : Do\u011fal ve Sentetik Kau\u00e7uk. Takviye Katman\u0131 : Y\u00fcksek Mukavemetli Sentetik Tekstil. \u00dcst Katman : Hava Ko\u015fullar\u0131na Dayan\u0131kl\u0131 Sentetik Kau\u00e7uk. -25\u00b0C \/ + 70\u00b0C -13\u00b0F \/ +158\u00b0F Markalama : Transfer Band\u0131 veya Kabartmal\u0131 Norm [&#8230;]\n","protected":false},"featured_media":22514,"comment_status":"open","ping_status":"closed","template":"","meta":{"jetpack_post_was_ever_published":false},"product_brand":[],"product_cat":[2349],"product_tag":[],"class_list":{"0":"post-21216","1":"product","2":"type-product","3":"status-publish","4":"has-post-thumbnail","6":"product_cat-sel_su_hortumlari","8":"first","9":"instock","10":"taxable","11":"shipping-taxable","12":"product-type-simple"},"jetpack-related-posts":[],"jetpack_sharing_enabled":true,"jetpack_likes_enabled":true,"_links":{"self":[{"href":"https:\/\/tuzlahortum.com.tr\/ru\/wp-json\/wp\/v2\/product\/21216","targetHints":{"allow":["GET"]}}],"collection":[{"href":"https:\/\/tuzlahortum.com.tr\/ru\/wp-json\/wp\/v2\/product"}],"about":[{"href":"https:\/\/tuzlahortum.com.tr\/ru\/wp-json\/wp\/v2\/types\/product"}],"replies":[{"embeddable":true,"href":"https:\/\/tuzlahortum.com.tr\/ru\/wp-json\/wp\/v2\/comments?post=21216"}],"wp:featuredmedia":[{"embeddable":true,"href":"https:\/\/tuzlahortum.com.tr\/ru\/wp-json\/wp\/v2\/media\/22514"}],"wp:attachment":[{"href":"https:\/\/tuzlahortum.com.tr\/ru\/wp-json\/wp\/v2\/media?parent=21216"}],"wp:term":[{"taxonomy":"product_brand","embeddable":true,"href":"https:\/\/tuzlahortum.com.tr\/ru\/wp-json\/wp\/v2\/product_brand?post=21216"},{"taxonomy":"product_cat","embeddable":true,"href":"https:\/\/tuzlahortum.com.tr\/ru\/wp-json\/wp\/v2\/product_cat?post=21216"},{"taxonomy":"product_tag","embeddable":true,"href":"https:\/\/tuzlahortum.com.tr\/ru\/wp-json\/wp\/v2\/product_tag?post=21216"}],"curies":[{"name":"wp","href":"https:\/\/api.w.org\/{rel}","templated":true}]}}