{"id":21207,"date":"2025-08-11T10:36:22","date_gmt":"2025-08-11T07:36:22","guid":{"rendered":"https:\/\/tuzlahortum.com.tr\/urun\/long-su\/"},"modified":"2025-08-20T16:10:03","modified_gmt":"2025-08-20T13:10:03","slug":"long-su","status":"publish","type":"product","link":"https:\/\/tuzlahortum.com.tr\/ru\/product\/long-su\/","title":{"rendered":"LONG-SU"},"content":{"rendered":"<p>&nbsp;<\/p>\n<div class=\"report-container\">\n<div class=\"report-header\">\n<div class=\"standard-text\">\u041d\u0430\u0437\u0432\u0430\u043d\u0438\u0435 \u043f\u0440\u043e\u0434\u0443\u043a\u0442\u0430: LONG-SU<\/div>\n<div class=\"standard-text\">\u041a\u043e\u0434 \u0442\u043e\u0432\u0430\u0440\u0430: LL\/W111<\/div>\n<\/div>\n<div class=\"product-image-container\">\n<div class=\"key-feature\">\u0412\u043e\u0434\u0430<\/div>\n<\/div>\n<div class=\"horizontal-line\"><\/div>\n<div class=\"product-details\">\n<div class=\"detail-row\">\n<div class=\"detail-label\">\u041e\u0431\u043b\u0430\u0441\u0442\u044c \u0438\u0441\u043f\u043e\u043b\u044c\u0437\u043e\u0432\u0430\u043d\u0438\u044f<\/div>\n<div class=\"detail-value\">: \u0421\u0430\u0434\u043e\u0432\u044b\u0435 \u0438 \u043e\u0431\u0449\u0438\u0435 \u0434\u0440\u0435\u043d\u0430\u0436\u043d\u044b\u0435 \u0441\u043b\u0443\u0436\u0431\u044b.<\/div>\n<\/div>\n<div class=\"detail-row\">\n<div class=\"detail-label\">\u041d\u0438\u0436\u043d\u0438\u0439 \u0441\u043b\u043e\u0439<\/div>\n<div class=\"detail-value\">: \u041d\u0430\u0442\u0443\u0440\u0430\u043b\u044c\u043d\u044b\u0439 \u0438 \u0441\u0438\u043d\u0442\u0435\u0442\u0438\u0447\u0435\u0441\u043a\u0438\u0439 \u043a\u0430\u0443\u0447\u0443\u043a.<\/div>\n<\/div>\n<div class=\"detail-row\">\n<div class=\"detail-label\">\u0423\u0441\u0438\u043b\u0438\u0432\u0430\u044e\u0449\u0438\u0439 \u0441\u043b\u043e\u0439<\/div>\n<div class=\"detail-value\">: \u0412\u044b\u0441\u043e\u043a\u043e\u043f\u0440\u043e\u0447\u043d\u044b\u0439 \u0441\u0438\u043d\u0442\u0435\u0442\u0438\u0447\u0435\u0441\u043a\u0438\u0439 \u0442\u0435\u043a\u0441\u0442\u0438\u043b\u044c.<\/div>\n<\/div>\n<div class=\"detail-row\">\n<div class=\"detail-label\">\u0412\u0435\u0440\u0445\u043d\u0438\u0439 \u0441\u043b\u043e\u0439<\/div>\n<div class=\"detail-value\">: \u0423\u0441\u0442\u043e\u0439\u0447\u0438\u0432\u0430\u044f \u043a \u0438\u0441\u0442\u0438\u0440\u0430\u043d\u0438\u044e \u0438 \u043f\u043e\u0433\u043e\u0434\u043d\u044b\u043c \u0443\u0441\u043b\u043e\u0432\u0438\u044f\u043c \u0433\u043b\u0430\u0434\u043a\u0430\u044f \u0441\u0438\u043d\u0442\u0435\u0442\u0438\u0447\u0435\u0441\u043a\u0430\u044f \u0440\u0435\u0437\u0438\u043d\u0430.<\/div>\n<\/div>\n<\/div>\n<div class=\"datasheet_table\"><img decoding=\"async\" class=\"alignnone size-full\" src=\"https:\/\/tuzlahortum.com.tr\/wp-content\/uploads\/2025\/08\/datasheet156.svg\" alt=\"\" title=\"\"><\/div>\n<div class=\"table-notes\"><\/div>\n<div class=\"horizontal-line\"><\/div>\n<div class=\"footer\">\n<div class=\"standards-section\">\n<div class=\"standard-item\" style=\"margin-top: 9px;\"><\/div>\n<div class=\"standard-info\"><\/div>\n<\/div>\n<div class=\"temperature-section\">\n<div class=\"temp-icon\"><img decoding=\"async\" src=\"data:image\/svg+xml;base64,PD94bWwgdmVyc2lvbj0iMS4wIiBlbmNvZGluZz0iVVRGLTgiPz4KPHN2ZyBpZD0ia2F0bWFuXzIiIGRhdGEtbmFtZT0ia2F0bWFuIDIiIHhtbG5zPSJodHRwOi8vd3d3LnczLm9yZy8yMDAwL3N2ZyIgdmlld0JveD0iMCAwIDcyLjI3IDE2Ljk4Ij4KICA8ZGVmcz4KICAgIDxzdHlsZT4KICAgICAgLmNscy0xIHsKICAgICAgICBzdHJva2Utd2lkdGg6IC41OXB4OwogICAgICB9CgogICAgICAuY2xzLTEsIC5jbHMtMiwgLmNscy0zLCAuY2xzLTQgewogICAgICAgIGZpbGw6IG5vbmU7CiAgICAgICAgc3Ryb2tlLW1pdGVybGltaXQ6IDMuODY7CiAgICAgIH0KCiAgICAgIC5jbHMtMSwgLmNscy0zLCAuY2xzLTQgewogICAgICAgIHN0cm9rZTogI2E3YTlhYjsKICAgICAgfQoKICAgICAgLmNscy01IHsKICAgICAgICBmaWxsOiAjYTdhOWFiOwogICAgICB9CgogICAgICAuY2xzLTIgewogICAgICAgIHN0cm9rZTogI2ZmZjsKICAgICAgfQoKICAgICAgLmNscy0zIHsKICAgICAgICBzdHJva2Utd2lkdGg6IDIuMDZweDsKICAgICAgfQoKICAgICAgLmNscy00IHsKICAgICAgICBzdHJva2Utd2lkdGg6IC4ycHg7CiAgICAgIH0KICAgIDwvc3R5bGU+CiAgPC9kZWZzPgogIDxnIGlkPSJrYXRtYW5fMSIgZGF0YS1uYW1lPSJrYXRtYW4gMSI+CiAgICA8Zz4KICAgICAgPHBhdGggY2xhc3M9ImNscy0zIiBkPSJNMTEuMzQsMTEuNTdjLS45NCwxLjcxLTIuNzEsMi42Ni00LjgsMi42Ni0zLjA1LDAtNS41MS0yLjQ3LTUuNTEtNS41MlMzLjUsMy4xOSw2LjU1LDMuMTljMS45NCwwLDMuNjUsMSw0LjYzLDIuNTIiLz4KICAgICAgPGNpcmNsZSBjbGFzcz0iY2xzLTUiIGN4PSI2LjU1IiBjeT0iOC42NiIgcj0iMi40Ii8+CiAgICAgIDxjaXJjbGUgY2xhc3M9ImNscy0yIiBjeD0iNi41NSIgY3k9IjguNjYiIHI9IjIuNCIvPgogICAgICA8bGluZSBjbGFzcz0iY2xzLTMiIHgxPSI2OC4zNCIgeTE9IjExLjc2IiB4Mj0iOS45MiIgeTI9IjExLjc2Ii8+CiAgICAgIDxsaW5lIGNsYXNzPSJjbHMtMyIgeDE9IjY4Ljc4IiB5MT0iNS41MSIgeDI9IjkuNzMiIHkyPSI1LjUxIi8+CiAgICAgIDxsaW5lIGNsYXNzPSJjbHMtMyIgeDE9IjU0LjA3IiB5MT0iOC43NSIgeDI9IjguNjQiIHkyPSI4Ljc1Ii8+CiAgICAgIDxwYXRoIGNsYXNzPSJjbHMtMyIgZD0iTTY4LjE1LDUuNTVjMS43MSwwLDMuMDksMS4zOSwzLjA5LDMuMDlzLTEuOTIsMy4wNi0zLjYyLDMuMDYiLz4KICAgICAgPHBhdGggY2xhc3M9ImNscy01IiBkPSJNNTMuOTEsOC43NWMwLS4xNC4xMi0uMjYuMjYtLjI2cy4yNy4xMi4yNy4yNi0uMTIuMjctLjI3LjI3LS4yNi0uMTItLjI2LS4yN1oiLz4KICAgICAgPHBhdGggY2xhc3M9ImNscy0zIiBkPSJNNTMuOTEsOC43NWMwLS4xNC4xMi0uMjYuMjYtLjI2cy4yNy4xMi4yNy4yNi0uMTIuMjctLjI3LjI3LS4yNi0uMTItLjI2LS4yN1oiLz4KICAgICAgPGxpbmUgY2xhc3M9ImNscy0xIiB4MT0iMzYuNDMiIHkxPSIxNi45OCIgeDI9IjM2LjQzIiB5Mj0iMTQuMjQiLz4KICAgICAgPGxpbmUgY2xhc3M9ImNscy0xIiB4MT0iMjguMDUiIHkxPSIxNi45OCIgeDI9IjI4LjA1IiB5Mj0iMTQuMjQiLz4KICAgICAgPGxpbmUgY2xhc3M9ImNscy0xIiB4MT0iMTkuNTkiIHkxPSIxNi45OCIgeDI9IjE5LjU5IiB5Mj0iMTQuMjQiLz4KICAgICAgPGxpbmUgY2xhc3M9ImNscy0xIiB4MT0iNDEuNTciIHkxPSIyLjc0IiB4Mj0iNDEuNTciLz4KICAgICAgPGxpbmUgY2xhc3M9ImNscy0xIiB4MT0iMzMuMjgiIHkxPSIyLjc0IiB4Mj0iMzMuMjgiLz4KICAgICAgPGxpbmUgY2xhc3M9ImNscy0xIiB4MT0iMjQuOTkiIHkxPSIyLjc0IiB4Mj0iMjQuOTkiLz4KICAgICAgPGxpbmUgY2xhc3M9ImNscy0xIiB4MT0iMTYuMDgiIHkxPSIyLjc0IiB4Mj0iMTYuMDgiLz4KICAgICAgPGxpbmUgY2xhc3M9ImNscy0xIiB4MT0iNDQuNjMiIHkxPSIxNi45OCIgeDI9IjQ0LjYzIiB5Mj0iMTQuMjQiLz4KICAgICAgPGxpbmUgY2xhc3M9ImNscy0xIiB4MT0iNDkuNDkiIHkxPSIyLjc0IiB4Mj0iNDkuNDkiLz4KICAgICAgPGxpbmUgY2xhc3M9ImNscy00IiB4MT0iNDAuODgiIHkxPSIxNi45OCIgeDI9IjQwLjg4IiB5Mj0iMTQuMjQiLz4KICAgICAgPGxpbmUgY2xhc3M9ImNscy00IiB4MT0iMzIuMzMiIHkxPSIxNi45OCIgeDI9IjMyLjMzIiB5Mj0iMTQuMjQiLz4KICAgICAgPGxpbmUgY2xhc3M9ImNscy00IiB4MT0iMjMuNzkiIHkxPSIxNi45OCIgeDI9IjIzLjc5IiB5Mj0iMTQuMjQiLz4KICAgICAgPGxpbmUgY2xhc3M9ImNscy00IiB4MT0iMjAuNTkiIHkxPSIyLjc0IiB4Mj0iMjAuNTkiLz4KICAgICAgPGxpbmUgY2xhc3M9ImNscy00IiB4MT0iMjkuMTMiIHkxPSIyLjc0IiB4Mj0iMjkuMTMiLz4KICAgICAgPGxpbmUgY2xhc3M9ImNscy00IiB4MT0iMzcuMTYiIHkxPSIyLjc0IiB4Mj0iMzcuMTYiLz4KICAgICAgPGxpbmUgY2xhc3M9ImNscy00IiB4MT0iNDUuNzEiIHkxPSIyLjc0IiB4Mj0iNDUuNzEiLz4KICAgIDwvZz4KICA8L2c+Cjwvc3ZnPg==\" alt=\"S\u0131cakl\u0131k\" width=\"100\" title=\"\"><\/div>\n<div class=\"temp-values\">\n<div>-25\u00b0C \/ +70\u00b0C<\/div>\n<div>-13\u00b0F \/ +158\u00b0F<\/div>\n<\/div>\n<\/div>\n<div class=\"marking-section\">\n<div class=\"detail-row\">\n<div class=\"detail-label\">\u041c\u0430\u0440\u043a\u0438\u0440\u043e\u0432\u043a\u0430<\/div>\n<div class=\"detail-value\">: \u0422\u0438\u0441\u043d\u0435\u043d\u0438\u0435 \u0438\u043b\u0438 \u0441\u0442\u0440\u0443\u0439\u043d\u0430\u044f \u043f\u0435\u0447\u0430\u0442\u044c<\/div>\n<\/div>\n<p><img decoding=\"async\" class=\"marking-image\" src=\"data:image\/png;base64,iVBORw0KGgoAAAANSUhEUgAABf0AAAAoCAYAAABEkVAiAAAACXBIWXMAACE3AAAhNwEzWJ96AAAcRElEQVR4nO3dv28bydkH8CdBWu8\/oAXiQ67hFnfANWRh41yYLGz4LUQWEtTILOy4kVjI58KS8kLSFbJUUGocqaDYCFZBqgmSYqniXtwVZBMgKZZNgFyx\/Af2\/oG3IJ\/RcDm7O7vcpSjq+wGM5CT+WM6vFZ+ZeeZ3f\/rj42dE9IwAAAAAAAAAAAAAAOBe+wMNA\/5\/uePrAAAAAAAAAAAAAACAKf3+ri8AAAAAAAAAAAAAAADSgaA\/AAAAAAAAAAAAAMCCQNAfAAAAAAAAAAAAAGBBIOgPAAAAAAAAAAAAALAgEPQHAAAAAAAAAAAAAFgQf0j7BQ3DoOVKhQzDSPultV23WuS6LuULBcoXCkRENHBdardad3ZNAAAAAAAAAAAAAABZSz3of3h8RMVSKe2XjaXX7Yqg\/0ZtU\/wMQX8AAAAAAAAAAAAAWGSpp\/e564A\/AAAAAAAAAAAAAMBDlfpKf79et5v1W0zwPG\/m7wkAECVnWbS9u0Pv3rzFOJUBlO\/sfDo+ol63hx10I+VKhfKFPP2w9f6uLwUUFrl+MO4BAAAAAIBKpkH\/0\/oJndbrWb7F3MlZlvZ5Bv4JEcMwKF8oUM6yiIio7zjU63a1v8TJz\/c8j25sm1zX1Xoev2fYJE3OsihfKJBhGNR3HOrYduBjTdOk56USGYYR61p0y0++Tj63Ieza+TF9xwktz6jXSlpH\/rKLW6869UM0LPcl0yTP86jvOKHXw7tyBq5LHdsOvZ5iqSTaVa\/bDX1tLsMoUdc4L+SzQTq2PdU1fzo+EgEaf\/ApTtvifiK3Z7mdBPGXuU5d3Zd6Irot343aJh3s7Ws9J07\/kp9TLJVoyTSJSL9dqOotSNBYFDZG6rwu0e04MXBdrXHZr1gq0XKlQsuVikinRxRdlknLja9XJU771C3\/sDJWlZlhGHR4fERERB27E3pvzAJfb1R96tRP2BgS9fph44lO35Lvk2H3Gr5O3bo3TZM+7u6QYRjkugNxLUHX5L+P6oytROHlo9vnkrT1JOMeAAAAAAAsvt\/96Y+P\/5eI\/pLWC\/7n1\/+K\/5806C8H2ZLgg3w3arWxnP5rK6uJX1PX5dUX7Wv\/+vFX4v9v1Gq0Xn09EWjwPI+ajQtqNhqRQYrLqy8Tz282GpFfAj8dH9FypULXrVbgKjh+jGzguvTnN28nvoRu7+7QerU68Roftt5HrgrVLT+57LjNra2sBn6J13mM\/Dj59VmSOjIMgz6fn018Js\/z6MPW+8jgUL5QoM\/nZ+I9Vdcl+79ffqYl0wws67DrWVtZnahLwzDo8urLRMAjrF3JY0CYWfXJpII+e6\/bTbSislyp0OHxEXmeR8+ePB17fty2xf1Ebs\/5QoEur76EXoO\/zHXqat7rSSaXwbMnTyMD2nH7F9GwHjmAKAsbPxnX28HePjUbjcDH5SyL\/vaPvyuvKWqM1BnzP5+fUbFU0rpmFR5n5Ht8VFlOU27yvVxl4Lp0sLcfOZ7+89\/\/IsMwIu9FUWWsGgP4GgeuS98\/eRp6HWkxDIO2d3fEvTnqb66oe33UGBL1+mHjied59OPevrLceSJUVea9bpdO6ycTE\/2XV1+0xyb+3PxaUWOEv33rjK1E4eWj2+d02rr\/76644x4AAAAAADwMqef0TwMfwJv0X9AqqXnFX\/I4GNLrdsUXXMMwxOcKwsFJ+fkcjFivVkPPWTAMg56Pfn\/RuAi8Pg4qDFxXfNlcMk36NFrdyIqlkgj480o9vpbD4yMyM6wb\/7WkKUkdcb2oAhlBwXdZ0EROkHyhIFYnBgW0Nmqb4j0Hrjv2Gf56fjbx+M\/nZ2Mrz+V2VfZNAi0a\/2cfjAIp8gHhcfBzTusnymBh0v4Pt3rdLl2P2n5UmcXtX0TjK4b5\/bhdLFcq2n3idfX1VL8Ps16tho6FvNqeiMTYH0e5UhErlnniIqos0yq3IEumOdZfVYqjnWdERM9Lxanejyc4ZKf1Og1cl5ZMc2Zj46FiMj6Izr0+S7wbwl82\/vsk35fk8TZuP5WZpinK6GBvf2x8VY0RfB8lotCJuTim7XOyJdOcKI844x4AAAAAADwccxn0v8\/WVlbp68dfiX+n9RMiGn4pk3\/OqyANw6D1UYDnutWi7775ltZWVmltZZW+++ZbESDk11FZrlTEdvhnT57S2soqPXvyVATnlyvlwOdyIKTvOIHb5Pn6mo0Gff\/kKb168ZI+jFaq5SxrLNDC79WxbfFZ5GtZ1wxm+ctRVXZ+S6ap3GEwraR1tF6tirI52NsX1\/7qxUtRHlHBOSL9lCPlUdlfh6xglYMf34\/ayqsXL8nzPFoyzbEJIk61QET07s1bevXiJX33zbdiNW1Qu\/LXFV\/\/af1k7OfzvHpc9dm\/f\/JUlK1uoI1xSpPhyv3bQFIa\/Z+pxpivH381tqvgutVWPjesr81zPalwWfG4GCRu\/yIikbJs4LqiruR2oTu+LZlm4ISfHJwNoxoj5c8eFACX+7gcjNTFn\/GicTGWWooouCzTKjf\/GMLtk68jbLKkKAX65QmAMKoy5l0Uqh2JXP66n2daXKYDjZXdOvd6FjSW6O7c9D9Pvm983N0Ze+x6tSr+fuF2If9v33EmJkrj4LqQU0lxPT1XtAMOml+3WhPvGVQuUeWTpM+FtfXhfaM68Xii6HEPAAAAAAAejkyD\/jkrJ74YR\/0LWwHOK7N0\/92ng8w4F6\/nefTD1vuxax8G++r03TffRuRbHwYzOK0RP7c5Ws0X9gWQv+A2A1b+cX5dIhoLPLZbLRFokF\/fGgWa5ODicOV5W3zeLMkrptOStI44CH9aPxkL9PYdh969eUtE4cE\/DoLoBHzl1YxBdWmapigbeWKAc8fzZ2UcmOh1u2NpM\/j1s67Lu8Sf3X92BddF3DYm91FZGv0\/CveJges+iENXXWk3UlhwLU7\/YpaVIyKaOAPjIkGfKAdMmukGpFVO6\/XIz86r3LldF2OsejdNU3xGuS1HlWWa5ebHKVuIKHSXH0+k3H7uZCuum42GKGP\/2M2vnbOsTHe1setWm169eKmVziXqXp8lTmdHdHt2CcsX8kREEyl8iIZ1++rFy6nOhuJ6lv8m4Z0E\/uC5Kd2P44wLUabpczJ5RT+XG9Md9wAAAAAA4OHI9CDfYqkU68tHUC7S+7bSNIlpDso82NsXQT3Zo4jAkZwOJigXct9xRPn7A4+q1+egi\/+xszgItO84lLMsWq9WMzlAOs5nMAxDlIVq5b07SmHAk16qFbJBgSUVDvjLh2r6yQGxyfrpT\/TV03o984O4OVWInHKB8USGvDp+o1YT1yavtFU9n\/kPDw17LLtutZQTiFF9KsjtQcAd5e+z6h\/yZFCaQSwmt9++44ztOpJXyurUlU7dGoYR+B6ydqtN27sWPS8VAyc64vQvdju+\/aZ8rTiWKxU62NufuP5pV4l37M4o6Lw08Tt5lfGHrfdU\/HdpFAzXy+sv14l83VFlmWa5qUS9Dk+kDIOmbSqWSqFtI8rtDodHEz\/v2Pbo9UuppYcJonv9Ovf6rHG6P17k0fP9PosxUD4U1\/+5T+sno3RDZXGfk1f5p5UXf9o+58d9SDUxqDPuAQAAAADAw5F60J9z2iaxXKkog4xxD\/WVc4\/fF\/KK37iCvizzSrCgrf+80vTGt\/pSxl\/Ug6437PVn7WBvny6vvtBGbTPVL+0sTh3JK1dncajebWofdfqWNJlS8Hxaj0Y563vdPK2tjL\/eevU1rVerY5MmHJQZuC4djqVG2lQezpmzLPrr+ZlvTNqMPEzRdV1lvcl5p+NYiiizafp\/GLm8sggC8fkGzcYj2t7dGWv35UqZ1lZWqVgqadVVVN12bHviYGV+j6BJRmtOd6PwfXK5UhkLDHO6tGnuo\/5AtKworXb3PE9MlBZLJa1g8G079ods7xa3iaD+UxQrrTuiD\/JEwDR9zj+JQXQ7gcq7G+aBzr1eZhiGOPyWc+yrJqjiCtvBEjT5PY2wcbfdaokzoMqVCnVsW+wGaad4H522zwVR1cW8j3sAAAAAADBbqaf3yWI16eXVl1j\/7lPaEf6SZhgG\/e0ff6dySvlY+UslkfoLrGoFMOcx13l\/DtCFrSyfNTkNjT9v8DSyqqO0yAdrtsXW\/8l809PglAzlSkWUbRppIm5G9aVqd2Gr4w+Pj6hj29RsNEQAXnVQ9Kfjo7Fc+nJO\/riHbRqGIXKGxwkK8edQTc5l2bb8B1hmaVnascGfKWdZ9Pn8jA6Pj0QKKZ1DvT\/u7igf\/3k0eeN\/j21FX+cg37we6s7tx5+Dnv97moNWedx3nP7E7zjNyM2oT\/F16KYb4YnkWezc0lUslSJT13Awl4Pe06T4kc\/7UE3+zVvbS3Kvz1mWeA5PTl1efZn6OvhvM0dqP9yWNmqb9On4KNW\/38LGXqLbfrZcKYsdRDo7weKYts\/JDMMQEzj3oe0BAAAAAMDdSn2lf7vVirWi9PLqS6rByfuGD+nkFWeHx0d0SEfisL12q53oCygfEBv0BVaVDmZ7d4fyhQKtrayGvqectimLSR6+lqCVbGEBzB\/39sX1pbVyMKs6SgsfqCsHojlAE3TocVw5yxKvOXBd+rD1PpXPzHmIeZKKxw45QKR6n4O9fbFC+rR+Qj\/98rOYmHBHr1EslShnWeR5Hv2PlPfacfq0vbtD69XXscYqrn\/\/Yby6VO05y7Z1KI0BUStKgwJ61622dhnJBwbzKuF8oUCn9ROxg4vbkb+uZM3GhfLxOcsKfI\/7ZphTvCzO9Oh1u2MH+F63WsrJDJkqOFqulEXA78ZX53KaEW4PN7ZN27s7sdON3NVOuo3apgjwywauSz\/u7Sv7inyALY8BN3ZHK8WP6j4kB\/zvQwqVpPf6XrdLzcYF5Qt5cSh9uVLR+syqPsnteSDlnicajt8ccF+uVERKt+F5Kp3AFF5xqHZkEA372UZtk\/KFguhPYX\/TyPdBv4O9\/YnJhWn6XLlSnsjbL++wzOpvLwAAAAAAWByZ5vQHPaf1Og1cVwT+iG7TPCyPtp1\/8B3yGWajVhPBzg8BKUySpoMxDEMEE5uNRmbB7qSr\/VzXFUHU7d0devXiZSrXk3YdpUU+eFB1dkAWlkyT1quvUzs0W5WH+HaVvzodhf8Q0RvbFqvNmXzgqLwbpdlo0EZtM1ZKnXyhIA58TLues2hb8k4PneBQUOBcN42LP20IB\/KIxnNp9x1HWVcy\/yHT\/Hh\/e+P3iFrVmkXakDRcNC5oe3eHypUy9bpdEZzWDXKGTQo0G42JHVjy4dT8+q7rilRC06YbmVe8olpuA7opfoLuQwPXpT+PDmMPMi+TUXHu9ZzOb+C6Iv1Zx7ZFQF43V3zYrgD\/pD1Pym7UNsWYwZOCnD6M03ulbTiBezF22HnYWOE\/hNj\/O79p+tySdB6B\/5p\/3NuP3GE5r+MeAAAAAADMzr0I+sc9yHeeUg\/o4h0SvMI5X8iLw0eLpRINaq5Wio6cZY2lOlB9MeTX9Twv9krFw+MjESTJcqXZMFA7mPi5Ti71ZqNB69XXsVYm6kirjtLEh352bDvTNEu9bpe+fvwVmaZJn8\/PKF8o0PbuTmhefF288lEOwPlTIvj5g3SqtsIHmaoCNQPXJWMUWI8KjHB+ayK9VfNJpN225PRbOoGfoL6sGzTyl7\/cFv3jsaqugp4rP77vS1czL2nFkuLV\/Hyg721fVrd5HRzEVJ2Nw33Kn5qqY9u0Xq1SsVSc+6C\/vGuE8ZkRh8dHyoNqVXnag3YY+cn3oXwhT\/lCgTzPo1cvXmZw\/kYt8HdJD1SPe6\/vO47y762O3RGr8ZMauMMxTNXG3NEkww9b78Wqex4DeaFB\/4WTSZ\/nSWCi6AnS4e4O9eSJ6m+TafrccOweTrqa5pKYEHn35i2C+QAAAAAAoOVeBP0f0hccPkC0Y9t0sLcvUlhwYCgKByf7jhMYKODgUtyc7HJan6xXtU+T1oRXwh0eH9HH3Z3UA1nT1lFaePUlUTr59XW4rkvv3ryln375mZYrlVSC\/nIALl8oUMe2RTubpu\/zKkmum6TktD5BO2fSkkbbirvKf\/i4ZEHF+2BeDhr38zyPrlstWq5UxCHIg1Hd6\/CnExkEHD5NNJ5m5DfPG5sE46B23BQ\/86Jj20RbRJ\/Pz2ijtjlWfvJEon\/yj8ecsNXr8n3INE2RRixsooDFbXeqtEUsaf9Meq\/343u97u4F\/8SBvNI9Ck9UNhuNsfRez0ulRGnVosjXFTWpMNxJqFcX0\/a5Xrc39l75QmF06HBZ6744r+MeAAAAAADMTuKgv5xbdBo6rxF3m7zqC2bYtuwwdz3hcLC3r73CjtP6EFFgMDZpOhg5rU\/Htud+RWi71aLlSnksLUtWVHUktz\/dFDJxcUArKiVB2uTASM6yUtlZwyl+5MMN5Rzc0wgLhkbVi9x+TusnM19dHqf\/s7ir\/BfdPO8IaLfaY5NScQ6I5sOOdcgH1vI47sdBynkf21W4HPzpeHg8MQwjMOVMVIof5rqumKRZrpQjg\/5x213affUuUr+xtD5L33HoutWi9Wo1tQPOZyXtPndaP6HD4yN6XiqRYexrtVcAAAAAAHjYEgf9+SC4WQjLD6uiOpwu7AC2MGkdhJo1Oa3Paf0kMBArr3j+6ZeflY+5vPoykUZBTuuTZLWzGZF3Owun9RO6vCqI1Y6zJJc\/r1734wBV0hV5fIDvkmnSf379r\/Ix\/\/n1v5EHMxPdpsKRlUf50mcRPJYPN+RgRpwAqGE8mvhZr9ujfKFA7VY70UpZf1qfpKtMuX5nMV6WpYNts96VMM+4b83qjI2k4xvnT+ddKVkFZ59Lk2lholL8yG05jTEhrftC0LkOz6XAaxidlftEw3MY+PDooDJI2vbipjGMkuRez4s5\/BOlHHC\/b5OIt+01H\/HI9KXV51i71aKPuztkGAatV6vKe9qsxz0AAAAAAJhvv7\/rC5Ddty+UaTBNky6vvgQGP3iVcVRgWCetT1Jx0vpwHfoDnPyle5ZfRnvdLl23WlOvEExaR\/xFng8JlG3UauJns1pZK\/evyfoZ\/rdcP\/lCnjZqmxOTJv4UGWngFD8c0PBfr1\/RF8zz\/zfRbX2UK+WJ8tcJwKeV1sd1XVGu\/pXIafV\/+ZqJJg8vfmisUTmnfb4L59j2BxFV\/UfXxSj1SlbncshpRl69eElfP\/5q4t+70aG0UUFyZ3SuQs7KxbqGLMpNxofVyq8jr+BXfeavH38lJvJ0A7Ty7oqgdDzWqGz8Z1DcB8VSiS6vvkysTOcdE1ncv7d3dwJ348kp7JJMjjuj\/h90IHNW0uxzMk7TtF59rfy7JqtxDwAAAAAA7qe5yOnPOdgfYtD\/8\/kZ5SyLfvrlZ7putchx+tIBg0URFAlb9Syn9XFdV3kgIE8EXLdageXMeaUP9vbpZhSIltP6eJ5HudHhpzJ5JTivrh4Guh+N\/jsvvrgHHczqVx6l5gmiO7FxWj8ZbYdPHvhPWkfNxgUVSyXKWRb97R9\/F7\/nAyGHj2kkDqQc7O0Hfi7e1bK2sjoWAOh1u5QvFOjz+Rmd1k\/ot9GhubxS9kaagODUI8VSiT6fn9GN3aEl0xSTAGn3V07xQzQM8IQFLg6Pj4i2hm1yvfpaXL88gdKxbfro7dDSKLDebrXF5y2WSvRh633g6l45rc\/AdZVnAsQJrPe6XSqWSpQvFMY+Vxr9n\/HODBZ0MKiq74QdIjo8vHK26UGmxcFlDjYnwX1Izp0\/bPObog9dt9qUsyzRJ24STODxxGRWk38cfPQ8L7BPdaTxPizdSNCkbpS0ym04EVmb+NnteHqbu54D1WHjVMfujA5U1UvxQ3S7gyxotT9fy13\/PRP3Xs\/P2ajd1lOv2yPLysW+f+sqlkpinH1dfU3tVlu0Uf67geslSf\/gVI+GYaSSis40zdCxkv8WSrPPyZqNhgj4q1b7pzHuAQAAAADA4kgc9E97K7rstF5PZbV6Wq+TJc7TyivalhWP6dh26OeQV0\/Kq\/LH32f4fFcjv7mcS10+u8EwDOXqxtP6bYCj2WhQsVQcBXSqYyv4+o6jHTyMOnhVt15d16Vm4yL0kMQoSeuo1+3Sh633dHh8REumOXENw10ZegetqugEMPxBn4O9fXEw4vbuztjvmo3GWNvgnRIc+Jfbled5qR9azCl+iKJ3P\/Qdhz6fn439rGPbY2UiH+icsywxocDyhXxo0J+pJrqIhuWjG\/S\/sTtULJWoXCmPpQlKo\/8zOeAf1n\/UQf\/g\/tHrdu9V0J8P\/SSabhcNtwF5Yi2qTyTpz8PnZXef4vtDVGCdD9AOSzfSdxyRjihO\/v+0yk0+pFp1bXLf4seFBap73a4ICuum+JFTMvkPVeXDVj3Pu\/Ogf9x7PT9nGFiuTtRTnPu3rl63K9qd6h7J1\/ruzdvEk+M3tk3LlQqVK2U62Jsu6B90jYz\/Fkqzz8k8zxv7PPK4kda4BwAAAAAAi2MuVvovMj5kNWy1V+9Jd5QnOE+WZdGSadLAdclxHLqxO5FftNPays2vI3+51gleyNvuPc+jtZVVcebDkmlS33GoY3e0cqIn+SxR19dsNChn5bRWcqpea5o6ao9Wg69XX4vnDQNgbe0ASpIAUtDj+45DayurYjWnYRih1\/PD1nvqdXviUGRuzxeNC+264sdFpWfgFD85y4pc2f7uzVtxBsBvnkftVlvZvuTyl1fgNhsXoWWqczhynCAU7zrIWdbY6uCkbUvVV5Mc6Kzz+LB65vdU1W3Qawc9J+7jg57Dh372HUerjQb1L\/6Zv55\/2HpPrjsQk5t8fToHPavqLUhYH9Z9DSKiR6M+HtWnrlttMgyDHkXsimq32iLtlz+4GDZWTVNuYW17GAgd7yemaYqgd1QAtNm4oHwhPzZpFlXGB3v7YoeRfF+R02vNku4Y63+86vMNd7b0xZgf5\/4dd\/zhgH6+UBDtQh6nhxM5FxPtg9uZTv+WD8s+rZ8oP3NQX\/e\/XxQu\/2n6XNh4RzScKOa2Kt9L4o57AAAAAACw+H73pz8+\/l8i+kvcJ8orwBcZbw8HgGwZhkH\/\/Pe\/yPM8+u6bb5WP4QOL78sB27KNWo02apvUdxx69eLlXV\/OQjIMg3765WcyDCM0fRMkJ5fxuzdvsap4JF8oiJRQz548fdBnasyby6svlC8UqNlopL5DbR5g3AMAAAAAAJXEK\/15JfeiW1tZvfNt+gAPAaeSSJIX\/T7gfMw5y6KNWm3uU4\/dR5wq6b6lJLpPPM8TKdMOj4+o96T74CfGDcOgT6Ozb3R2LsBs8TkM69UqdezOwv1Nh3EPAAAAAABUfn\/XFwAADxsfjvhR5PNP97DIeeF5Hn3Yek9E+mk4IJ4bu5PJeRMw7rReF\/n9YTzdjE4aHJitYUq3Bnmet5ATVBj3AAAAAABAJXF6H94uveiw0h8gW3JajIHr0vdPngY+9j6n92E5y0LO5QxxPnfIljk6sHYRg6hJoe3Nt0Uee9H2AAAAAADAL3F6n4O9\/QeT0x8AssOrZAeuS6f1k9DHLsIEHMaUbCHwNRso50kok\/m2yGMv2h4AAAAAAPglXukPAAAAAAAAAAAAAADzBTn9AQAAAAAAAAAAAAAWBIL+AAAAAAAAAAAAAAALAkF\/AAAAAAAAAAAAAIAFgaA\/AAAAAAAAAAAAAMCC+AMR\/UpEP93tZQAAAAAAAAAAAAAAwLT+H1hyL4NxLaRgAAAAAElFTkSuQmCC\" alt=\"Markalama G\u00f6rseli\" title=\"\"><\/p>\n<\/div>\n<div>\n<table style=\"width: 100%;\" cellspacing=\"0\" cellpadding=\"0\">\n<tbody>\n<tr>\n<td style=\"width: 120px; font-weight: bold;\">\u041d\u043e\u0440\u043c<\/td>\n<td style=\"width: 400px; text-align: left;\">TS 2420 \/ 1-2<br \/>\nEN ISO 1403<\/td>\n<td style=\"width: 120px; font-weight: bold;\">\u0426\u0432\u0435\u0442<\/td>\n<td style=\"width: 400px;\">\n<div class=\"color-icons\"><img decoding=\"async\" src=\"data:image\/svg+xml;base64,PHN2ZyB2aWV3Qm94PSIwIDAgMTAwIDEwMCIgeG1sbnM9Imh0dHA6Ly93d3cudzMub3JnLzIwMDAvc3ZnIj4KICA8Y2lyY2xlIGN4PSI1MCIgY3k9IjUwIiByPSI0OSIgZmlsbD0iIzAwMDAwMCIgc3Ryb2tlPSJibGFjayIgc3Ryb2tlLXdpZHRoPSIwLjUiLz4KICA8Y2lyY2xlIGN4PSI1MCIgY3k9IjUwIiByPSIzOCIgZmlsbD0id2hpdGUiIHN0cm9rZT0iYmxhY2siIHN0cm9rZS13aWR0aD0iMC41Ii8+CiAgPGNpcmNsZSBjeD0iNTAiIGN5PSI1MCIgcj0iMzMiIGZpbGw9IiMwMDAwMDAiIHN0cm9rZT0iYmxhY2siIHN0cm9rZS13aWR0aD0iMC41Ii8+CiAgPGNpcmNsZSBjeD0iNTAiIGN5PSI1MCIgcj0iMjIiIGZpbGw9IndoaXRlIiBzdHJva2U9ImJsYWNrIiBzdHJva2Utd2lkdGg9IjAuNSIvPgo8L3N2Zz4=\" alt=\"\" title=\"\"><\/div>\n<\/td>\n<\/tr>\n<\/tbody>\n<\/table>\n<\/div>\n<\/div>\n<\/div>","protected":false},"excerpt":{"rendered":"<p>&nbsp; \u00dcr\u00fcn Ad\u0131: LONG-SU \u00dcr\u00fcn Kodu: LL\/W111 Su Kullanim Alan\u0131 : Bah\u00e7e ve Genel Su Tahliye Hizmetleri. Alt Katman : Do\u011fal ve Sentetik Kau\u00e7uk. Takviye Katman\u0131 : Y\u00fcksek Mukavemetli Sentetik Tekstil. \u00dcst Katman : A\u015f\u0131nmaya ve Hava Ko\u015fullar\u0131na Dayan\u0131kl\u0131 P\u00fcr\u00fczs\u00fcz Sentetik Kau\u00e7uk. -25\u00b0C \/ + 70\u00b0C -13\u00b0F \/ +158\u00b0F Markalama : Kabartmal\u0131 veya M\u00fcrekkep P\u00fcsk\u00fcrtmeli [&#8230;]\n","protected":false},"featured_media":22150,"comment_status":"open","ping_status":"closed","template":"","meta":{"jetpack_post_was_ever_published":false},"product_brand":[],"product_cat":[2349],"product_tag":[],"class_list":{"0":"post-21207","1":"product","2":"type-product","3":"status-publish","4":"has-post-thumbnail","6":"product_cat-sel_su_hortumlari","8":"first","9":"instock","10":"taxable","11":"shipping-taxable","12":"product-type-simple"},"jetpack-related-posts":[],"jetpack_sharing_enabled":true,"jetpack_likes_enabled":true,"_links":{"self":[{"href":"https:\/\/tuzlahortum.com.tr\/ru\/wp-json\/wp\/v2\/product\/21207","targetHints":{"allow":["GET"]}}],"collection":[{"href":"https:\/\/tuzlahortum.com.tr\/ru\/wp-json\/wp\/v2\/product"}],"about":[{"href":"https:\/\/tuzlahortum.com.tr\/ru\/wp-json\/wp\/v2\/types\/product"}],"replies":[{"embeddable":true,"href":"https:\/\/tuzlahortum.com.tr\/ru\/wp-json\/wp\/v2\/comments?post=21207"}],"wp:featuredmedia":[{"embeddable":true,"href":"https:\/\/tuzlahortum.com.tr\/ru\/wp-json\/wp\/v2\/media\/22150"}],"wp:attachment":[{"href":"https:\/\/tuzlahortum.com.tr\/ru\/wp-json\/wp\/v2\/media?parent=21207"}],"wp:term":[{"taxonomy":"product_brand","embeddable":true,"href":"https:\/\/tuzlahortum.com.tr\/ru\/wp-json\/wp\/v2\/product_brand?post=21207"},{"taxonomy":"product_cat","embeddable":true,"href":"https:\/\/tuzlahortum.com.tr\/ru\/wp-json\/wp\/v2\/product_cat?post=21207"},{"taxonomy":"product_tag","embeddable":true,"href":"https:\/\/tuzlahortum.com.tr\/ru\/wp-json\/wp\/v2\/product_tag?post=21207"}],"curies":[{"name":"wp","href":"https:\/\/api.w.org\/{rel}","templated":true}]}}