{"id":1358,"date":"2019-02-11T14:30:57","date_gmt":"2019-02-11T11:30:57","guid":{"rendered":"http:\/\/hortum.com.tr\/?post_type=product&#038;p=1358"},"modified":"2024-03-21T17:39:24","modified_gmt":"2024-03-21T14:39:24","slug":"silikon-contalar","status":"publish","type":"product","link":"https:\/\/tuzlahortum.com.tr\/ru\/product\/silikon-contalar\/","title":{"rendered":"\u0421\u0438\u043b\u0438\u043a\u043e\u043d\u043e\u0432\u044b\u0435 \u043f\u0440\u043e\u043a\u043b\u0430\u0434\u043a\u0438"},"content":{"rendered":"<h2>\u0421\u0438\u043b\u0438\u043a\u043e\u043d\u043e\u0432\u044b\u0435 \u043f\u0440\u043e\u043a\u043b\u0430\u0434\u043a\u0438<\/h2>\n<p>https:\/\/www.youtube.com\/watch?v=O8ZlzKEjfEQ<\/p>","protected":false},"excerpt":{"rendered":"<p>Silikon Contalar https:\/\/www.youtube.com\/watch?v=O8ZlzKEjfEQ<\/p>","protected":false},"featured_media":8219,"comment_status":"open","ping_status":"closed","template":"","meta":{"jetpack_post_was_ever_published":false},"product_brand":[],"product_cat":[106],"product_tag":[269,744,745,746,742,666,741,743],"class_list":{"0":"post-1358","1":"product","2":"type-product","3":"status-publish","4":"has-post-thumbnail","6":"product_cat-kamlok-aksesuarlari","7":"product_tag-kamlok","8":"product_tag-kamlok-contasi","9":"product_tag-kamlok-kilitleme-kolu","10":"product_tag-kamlok-kolu","11":"product_tag-parca","12":"product_tag-paslanmaz","13":"product_tag-yedek","14":"product_tag-yedek-parca","16":"first","17":"instock","18":"taxable","19":"shipping-taxable","20":"product-type-variable"},"jetpack-related-posts":[{"id":1356,"url":"https:\/\/tuzlahortum.com.tr\/ru\/product\/viton-contalar\/","url_meta":{"origin":1358,"position":0},"title":"\u0412\u0438\u0442\u043e\u043d\u043e\u0432\u044b\u0435 \u043f\u0440\u043e\u043a\u043b\u0430\u0434\u043a\u0438","author":"\u0130smail \u00c7elik","date":"11 \u0444\u0435\u0432\u0440\u0430\u043b\u044f 2019","format":false,"excerpt":"Viton Contalarhttps:\/\/www.youtube.com\/watch?v=O8ZlzKEjfEQ","rel":"","context":"\u041f\u043e\u0445\u043e\u0436\u0430\u044f \u0437\u0430\u043f\u0438\u0441\u044c","block_context":{"text":"\u041f\u043e\u0445\u043e\u0436\u0430\u044f \u0437\u0430\u043f\u0438\u0441\u044c","link":""},"img":{"alt_text":"","src":"https:\/\/i0.wp.com\/tuzlahortum.com.tr\/wp-content\/uploads\/2019\/03\/Viton-Contalar.jpg?fit=700%2C500&ssl=1&resize=350%2C200","width":350,"height":200,"srcset":"https:\/\/i0.wp.com\/tuzlahortum.com.tr\/wp-content\/uploads\/2019\/03\/Viton-Contalar.jpg?fit=700%2C500&ssl=1&resize=350%2C200 1x, https:\/\/i0.wp.com\/tuzlahortum.com.tr\/wp-content\/uploads\/2019\/03\/Viton-Contalar.jpg?fit=700%2C500&ssl=1&resize=525%2C300 1.5x, https:\/\/i0.wp.com\/tuzlahortum.com.tr\/wp-content\/uploads\/2019\/03\/Viton-Contalar.jpg?fit=700%2C500&ssl=1&resize=700%2C400 2x"},"classes":[]},{"id":1354,"url":"https:\/\/tuzlahortum.com.tr\/ru\/product\/nbr-kaucuk-contalar\/","url_meta":{"origin":1358,"position":1},"title":"\u0420\u0435\u0437\u0438\u043d\u043e\u0432\u044b\u0435 \u0443\u043f\u043b\u043e\u0442\u043d\u0435\u043d\u0438\u044f NBR","author":"\u0130smail \u00c7elik","date":"11 \u0444\u0435\u0432\u0440\u0430\u043b\u044f 2019","format":false,"excerpt":"NBR Kau\u00e7uk Contalarhttps:\/\/www.youtube.com\/watch?v=O8ZlzKEjfEQ","rel":"","context":"\u041f\u043e\u0445\u043e\u0436\u0430\u044f \u0437\u0430\u043f\u0438\u0441\u044c","block_context":{"text":"\u041f\u043e\u0445\u043e\u0436\u0430\u044f \u0437\u0430\u043f\u0438\u0441\u044c","link":""},"img":{"alt_text":"","src":"https:\/\/i0.wp.com\/tuzlahortum.com.tr\/wp-content\/uploads\/2019\/03\/NBR-Kaucuk-Contalar.jpg?fit=700%2C500&ssl=1&resize=350%2C200","width":350,"height":200,"srcset":"https:\/\/i0.wp.com\/tuzlahortum.com.tr\/wp-content\/uploads\/2019\/03\/NBR-Kaucuk-Contalar.jpg?fit=700%2C500&ssl=1&resize=350%2C200 1x, https:\/\/i0.wp.com\/tuzlahortum.com.tr\/wp-content\/uploads\/2019\/03\/NBR-Kaucuk-Contalar.jpg?fit=700%2C500&ssl=1&resize=525%2C300 1.5x, https:\/\/i0.wp.com\/tuzlahortum.com.tr\/wp-content\/uploads\/2019\/03\/NBR-Kaucuk-Contalar.jpg?fit=700%2C500&ssl=1&resize=700%2C400 2x"},"classes":[]},{"id":893,"url":"https:\/\/tuzlahortum.com.tr\/ru\/product\/silikon-hortum\/","url_meta":{"origin":1358,"position":2},"title":"\u0421\u0438\u043b\u0438\u043a\u043e\u043d\u043e\u0432\u044b\u0439 \u0448\u043b\u0430\u043d\u0433","author":"admin","date":"6 \u0444\u0435\u0432\u0440\u0430\u043b\u044f 2019","format":false,"excerpt":"Silikon HortumHortumlar silikondan yap\u0131ld\u0131\u011f\u0131 i\u00e7in ne kadar k\u0131v\u0131r\u0131rsak ya da ne derecede b\u00fckersek b\u00fckelim k\u0131r\u0131lmaya sebep olmamaktad\u0131r. Hortum i\u00e7erisinde bulunan s\u0131v\u0131, gaz ya da benzeri maddenin ge\u00e7i\u015fini engellemektedir. Bu sayede en s\u0131k kullan\u0131m alanlar\u0131 olan bah\u00e7e sulama, gaz ak\u0131\u015flar\u0131 ya da s\u0131v\u0131 aktar\u0131mlar\u0131 gibi durumlarda ge\u00e7i\u015fler silikon hortumlar b\u00fck\u00fclse dahi\u2026","rel":"","context":"\u041f\u043e\u0445\u043e\u0436\u0430\u044f \u0437\u0430\u043f\u0438\u0441\u044c","block_context":{"text":"\u041f\u043e\u0445\u043e\u0436\u0430\u044f \u0437\u0430\u043f\u0438\u0441\u044c","link":""},"img":{"alt_text":"","src":"https:\/\/i0.wp.com\/tuzlahortum.com.tr\/wp-content\/uploads\/2019\/03\/silikon-hortum.jpeg?fit=640%2C525&ssl=1&resize=350%2C200","width":350,"height":200,"srcset":"https:\/\/i0.wp.com\/tuzlahortum.com.tr\/wp-content\/uploads\/2019\/03\/silikon-hortum.jpeg?fit=640%2C525&ssl=1&resize=350%2C200 1x, https:\/\/i0.wp.com\/tuzlahortum.com.tr\/wp-content\/uploads\/2019\/03\/silikon-hortum.jpeg?fit=640%2C525&ssl=1&resize=525%2C300 1.5x"},"classes":[]},{"id":898,"url":"https:\/\/tuzlahortum.com.tr\/ru\/product\/trelleborg-multikler\/","url_meta":{"origin":1358,"position":3},"title":"\u0422\u0440\u0435\u043b\u043b\u0435\u0431\u043e\u0440\u0433 \u041c\u0423\u041b\u042c\u0422\u0418\u041a\u0421","author":"admin","date":"6 \u0444\u0435\u0432\u0440\u0430\u043b\u044f 2019","format":false,"excerpt":"Trelleborg MULTIKLERSolventler\/Boyalar\/Cila ve Vernik Benzen, tol\u00fcen ve ksilen bazl\u0131 boyalar, lake, vernik ve belirli kimyasallar i\u00e7in bas\u0131n\u00e7l\u0131 hizmet\u00a0hatt\u0131. Ayr\u0131ca end\u00fcstriyel boya p\u00fcsk\u00fcrtme donan\u0131m\u0131. Avantajlar *Hortum kaplamas\u0131 a\u015f\u0131nma ve korozif kimyasallara kar\u015f\u0131 dayan\u0131kl\u0131d\u0131r. *Silikon i\u00e7ermez. *Antistatik i\u00e7 lastik. Teknik a\u00e7\u0131klama \u0130\u00e7 t\u00fcp :\u00a0solvent bazl\u0131 boyalara kar\u015f\u0131 dayan\u0131kl\u0131 NBR, siyah, d\u00fcz. Takviye\u2026","rel":"","context":"\u041f\u043e\u0445\u043e\u0436\u0430\u044f \u0437\u0430\u043f\u0438\u0441\u044c","block_context":{"text":"\u041f\u043e\u0445\u043e\u0436\u0430\u044f \u0437\u0430\u043f\u0438\u0441\u044c","link":""},"img":{"alt_text":"","src":"https:\/\/i0.wp.com\/tuzlahortum.com.tr\/wp-content\/uploads\/2019\/02\/MULTIKLER.jpg?fit=800%2C800&ssl=1&resize=350%2C200","width":350,"height":200,"srcset":"https:\/\/i0.wp.com\/tuzlahortum.com.tr\/wp-content\/uploads\/2019\/02\/MULTIKLER.jpg?fit=800%2C800&ssl=1&resize=350%2C200 1x, https:\/\/i0.wp.com\/tuzlahortum.com.tr\/wp-content\/uploads\/2019\/02\/MULTIKLER.jpg?fit=800%2C800&ssl=1&resize=525%2C300 1.5x, https:\/\/i0.wp.com\/tuzlahortum.com.tr\/wp-content\/uploads\/2019\/02\/MULTIKLER.jpg?fit=800%2C800&ssl=1&resize=700%2C400 2x"},"classes":[]},{"id":899,"url":"https:\/\/tuzlahortum.com.tr\/ru\/product\/trelleborg-solvykler\/","url_meta":{"origin":1358,"position":4},"title":"\u0422\u0440\u0435\u043b\u043b\u0435\u0431\u043e\u0440\u0433 \u0421\u041e\u041b\u042c\u0412\u0418\u041a\u041b\u0415\u0420","author":"admin","date":"6 \u0444\u0435\u0432\u0440\u0430\u043b\u044f 2019","format":false,"excerpt":"Trelleborg SOLVYKLERSolventler\/Boyalar\/Cila ve Vernik Ester, keton, alkol bazl\u0131 boyalar ve bir\u00e7ok kimyasal i\u00e7in bas\u0131n\u00e7l\u0131 hizmet hatt\u0131. Avantajlar *Hortum kaplamas\u0131 korozif kimyasal s\u0131\u00e7ramas\u0131na kar\u015f\u0131 dayan\u0131kl\u0131d\u0131r. *Silikon i\u00e7ermez. *Hortum esnekli\u011fini geni\u015f bir s\u0131cakl\u0131k aral\u0131\u011f\u0131nda korur. *Antistatik i\u00e7 lastik. Teknik a\u00e7\u0131klama \u0130\u00e7 t\u00fcp :\u00a0kimyasal maddelere dayan\u0131kl\u0131 EPDM, siyah, d\u00fcz. Takviye :\u00a0sentetik tekstil. Kaplama\u2026","rel":"","context":"\u041f\u043e\u0445\u043e\u0436\u0430\u044f \u0437\u0430\u043f\u0438\u0441\u044c","block_context":{"text":"\u041f\u043e\u0445\u043e\u0436\u0430\u044f \u0437\u0430\u043f\u0438\u0441\u044c","link":""},"img":{"alt_text":"","src":"https:\/\/i0.wp.com\/tuzlahortum.com.tr\/wp-content\/uploads\/2019\/02\/SOLVYKLER.jpg?fit=800%2C800&ssl=1&resize=350%2C200","width":350,"height":200,"srcset":"https:\/\/i0.wp.com\/tuzlahortum.com.tr\/wp-content\/uploads\/2019\/02\/SOLVYKLER.jpg?fit=800%2C800&ssl=1&resize=350%2C200 1x, https:\/\/i0.wp.com\/tuzlahortum.com.tr\/wp-content\/uploads\/2019\/02\/SOLVYKLER.jpg?fit=800%2C800&ssl=1&resize=525%2C300 1.5x, https:\/\/i0.wp.com\/tuzlahortum.com.tr\/wp-content\/uploads\/2019\/02\/SOLVYKLER.jpg?fit=800%2C800&ssl=1&resize=700%2C400 2x"},"classes":[]},{"id":687,"url":"https:\/\/tuzlahortum.com.tr\/ru\/product\/tc-04\/","url_meta":{"origin":1358,"position":5},"title":"\u0422\u041a 04","author":"admin","date":"6 \u0444\u0435\u0432\u0440\u0430\u043b\u044f 2019","format":false,"excerpt":"TC 04MATERYAL: Hortum Duvar\u0131 : Silikon kapl\u0131 E-Camelyaf kuma\u015f \u2022 A\u011f\u0131rl\u0131k : 590 gr\/m2 \u2022 \u00c7ek. dayan\u0131m\u0131 : Warp 4277 N\/5cm, Weft 2757 N\/5cm \u2022 Kal\u0131nl\u0131k : 0.45 mm \u2022 Renk : Gri \u2022 Kaplama : \u00c7ift tarafl\u0131 80\/80 gr\/m2 gri silikon \u2022 Alev s\u0131n\u0131f\u0131 : DIN 66083, TNO 3883\u2026","rel":"","context":"\u041f\u043e\u0445\u043e\u0436\u0430\u044f \u0437\u0430\u043f\u0438\u0441\u044c","block_context":{"text":"\u041f\u043e\u0445\u043e\u0436\u0430\u044f \u0437\u0430\u043f\u0438\u0441\u044c","link":""},"img":{"alt_text":"","src":"https:\/\/i0.wp.com\/tuzlahortum.com.tr\/wp-content\/uploads\/2019\/03\/TC-04.jpg?fit=600%2C450&ssl=1&resize=350%2C200","width":350,"height":200,"srcset":"https:\/\/i0.wp.com\/tuzlahortum.com.tr\/wp-content\/uploads\/2019\/03\/TC-04.jpg?fit=600%2C450&ssl=1&resize=350%2C200 1x, https:\/\/i0.wp.com\/tuzlahortum.com.tr\/wp-content\/uploads\/2019\/03\/TC-04.jpg?fit=600%2C450&ssl=1&resize=525%2C300 1.5x"},"classes":[]}],"jetpack_sharing_enabled":true,"jetpack_likes_enabled":true,"_links":{"self":[{"href":"https:\/\/tuzlahortum.com.tr\/ru\/wp-json\/wp\/v2\/product\/1358","targetHints":{"allow":["GET"]}}],"collection":[{"href":"https:\/\/tuzlahortum.com.tr\/ru\/wp-json\/wp\/v2\/product"}],"about":[{"href":"https:\/\/tuzlahortum.com.tr\/ru\/wp-json\/wp\/v2\/types\/product"}],"replies":[{"embeddable":true,"href":"https:\/\/tuzlahortum.com.tr\/ru\/wp-json\/wp\/v2\/comments?post=1358"}],"wp:featuredmedia":[{"embeddable":true,"href":"https:\/\/tuzlahortum.com.tr\/ru\/wp-json\/wp\/v2\/media\/8219"}],"wp:attachment":[{"href":"https:\/\/tuzlahortum.com.tr\/ru\/wp-json\/wp\/v2\/media?parent=1358"}],"wp:term":[{"taxonomy":"product_brand","embeddable":true,"href":"https:\/\/tuzlahortum.com.tr\/ru\/wp-json\/wp\/v2\/product_brand?post=1358"},{"taxonomy":"product_cat","embeddable":true,"href":"https:\/\/tuzlahortum.com.tr\/ru\/wp-json\/wp\/v2\/product_cat?post=1358"},{"taxonomy":"product_tag","embeddable":true,"href":"https:\/\/tuzlahortum.com.tr\/ru\/wp-json\/wp\/v2\/product_tag?post=1358"}],"curies":[{"name":"wp","href":"https:\/\/api.w.org\/{rel}","templated":true}]}}