{"id":13248,"date":"2024-03-28T17:37:37","date_gmt":"2024-03-28T14:37:37","guid":{"rendered":"https:\/\/tuzlahortum.com.tr\/?post_type=product&#038;p=13248"},"modified":"2025-08-20T11:51:47","modified_gmt":"2025-08-20T08:51:47","slug":"flow-mt-komple-metal-bahce-tabancasi","status":"publish","type":"product","link":"https:\/\/tuzlahortum.com.tr\/ru\/product\/flow-mt-komple-metal-bahce-tabancasi\/","title":{"rendered":"\u041c\u0415\u0422\u0410\u041b\u041b\u0418\u0427\u0415\u0421\u041a\u0418\u0419 \u0421\u0410\u0414\u041e\u0412\u042b\u0419 \u041f\u0418\u0421\u0422\u041e\u041b\u0415\u0422 FLOW MT \u0412 \u041a\u041e\u041c\u041f\u041b\u0415\u041a\u0422\u0415"},"content":{"rendered":"<p>\u0426\u0435\u043b\u044c\u043d\u043e\u043c\u0435\u0442\u0430\u043b\u043b\u0438\u0447\u0435\u0441\u043a\u0438\u0439 \u0441\u0430\u0434\u043e\u0432\u044b\u0439 \u043f\u0438\u0441\u0442\u043e\u043b\u0435\u0442 FLOW MT<\/p>\n<ol>\n<li>\u041b\u0435\u0433\u043a\u043e \u043f\u043e\u0434\u043a\u043b\u044e\u0447\u0430\u0435\u0442\u0441\u044f \u043a \u0441\u0442\u0430\u043d\u0434\u0430\u0440\u0442\u043d\u043e\u043c\u0443 \u0448\u043b\u0430\u043d\u0433\u0443 \u0434\u0438\u0430\u043c\u0435\u0442\u0440\u043e\u043c 1\/2\u20133\/4 \u0434\u044e\u0439\u043c\u0430, \u043f\u043e\u0434\u0445\u043e\u0434\u0438\u0442 \u0434\u043b\u044f \u0432\u0441\u0435\u0445 \u0441\u0442\u0430\u043d\u0434\u0430\u0440\u0442\u043d\u044b\u0445 \u0441\u0430\u0434\u043e\u0432\u044b\u0445 \u0448\u043b\u0430\u043d\u0433\u043e\u0432. \u041f\u0440\u043e\u0447\u043d\u044b\u0439, \u0434\u043e\u043b\u0433\u043e\u0432\u0435\u0447\u043d\u044b\u0439, \u0443\u0441\u0442\u043e\u0439\u0447\u0438\u0432\u044b\u0439 \u043a \u0446\u0430\u0440\u0430\u043f\u0438\u043d\u0430\u043c \u0438 \u043c\u043e\u0440\u043e\u0437\u0443\/\u043f\u043e\u0432\u0440\u0435\u0436\u0434\u0435\u043d\u0438\u044f\u043c.<\/li>\n<li>%100 metalden yap\u0131lm\u0131\u015f ve \u015fok diren\u00e7li lastikle \u00e7evrili bir kadran\u0131 bulunmaktad\u0131r. Yenilenmi\u015f sa\u011flam p\u00fcsk\u00fcrtme ucu ve \u00e7inko ala\u015f\u0131ml\u0131 p\u00fcsk\u00fcrt\u00fcc\u00fc g\u00f6vdesi mevcuttur. Metal paslanmaz su \u00e7\u0131k\u0131\u015f\u0131, paslanmaz.<\/li>\n<li>\u0418\u043d\u0442\u0435\u0440\u0444\u0435\u0439\u0441\u043d\u044b\u0435 \u0430\u043a\u0441\u0435\u0441\u0441\u0443\u0430\u0440\u044b \u0441\u043e \u0441\u0432\u0435\u0440\u0445\u0442\u043e\u043d\u043a\u043e\u0439 \u0440\u0435\u0437\u044c\u0431\u043e\u0439, \u0438\u0437\u0433\u043e\u0442\u043e\u0432\u043b\u0435\u043d\u043d\u044b\u0435 \u0438\u0437 \u043c\u0435\u0434\u043d\u043e\u0433\u043e \u043c\u0430\u0442\u0435\u0440\u0438\u0430\u043b\u0430, \u043e\u0431\u0435\u0441\u043f\u0435\u0447\u0438\u0432\u0430\u044e\u0442 \u043b\u0443\u0447\u0448\u0443\u044e \u0433\u0435\u0440\u043c\u0435\u0442\u0438\u0437\u0430\u0446\u0438\u044e \u0438 \u043f\u0440\u0435\u0434\u043e\u0442\u0432\u0440\u0430\u0449\u0430\u044e\u0442 \u0443\u0442\u0435\u0447\u043a\u0443.<\/li>\n<li>\u0421\u0432\u0435\u0440\u0445\u043b\u0435\u0433\u043a\u0438\u0439, \u0443\u0441\u0442\u043e\u0439\u0447\u0438\u0432\u044b\u0439 \u043a \u0434\u0430\u0432\u043b\u0435\u043d\u0438\u044e \u043a\u043e\u0440\u043f\u0443\u0441, \u0432\u043e\u0434\u043e\u043d\u0435\u043f\u0440\u043e\u043d\u0438\u0446\u0430\u0435\u043c\u043e\u0441\u0442\u044c, \u0438\u0437\u043d\u043e\u0441\u043e\u0441\u0442\u043e\u0439\u043a\u0438\u0435 \u043c\u043e\u043d\u0442\u0430\u0436\u043d\u044b\u0435 \u0434\u0435\u0442\u0430\u043b\u0438.<\/li>\n<li>\u041a\u043e\u043d\u0441\u0442\u0440\u0443\u043a\u0446\u0438\u044f \u0440\u0430\u0441\u043f\u044b\u043b\u0438\u0442\u0435\u043b\u044c\u043d\u043e\u0433\u043e \u043d\u0430\u043a\u043e\u043d\u0435\u0447\u043d\u0438\u043a\u0430, \u0432\u0440\u0430\u0449\u0430\u044e\u0449\u0435\u0433\u043e\u0441\u044f \u043d\u0430 360\u00b0, \u043f\u043e\u0437\u0432\u043e\u043b\u044f\u0435\u0442 \u0441\u0432\u043e\u0431\u043e\u0434\u043d\u043e \u0440\u0435\u0433\u0443\u043b\u0438\u0440\u043e\u0432\u0430\u0442\u044c \u043f\u0443\u0442\u044c \u0432\u043e\u0434\u044b, \u0438\u043c\u0435\u0435\u0442\u0441\u044f 7 \u0440\u0430\u0437\u043b\u0438\u0447\u043d\u044b\u0445 \u0440\u0435\u0436\u0438\u043c\u043e\u0432 \u043f\u043e\u0434\u0430\u0447\u0438 \u0432\u043e\u0434\u044b.<\/li>\n<\/ol>","protected":false},"excerpt":{"rendered":"<p>FLOW MT Komple Metal Bah\u00e7e Tabancas\u0131 Standart 1\/2&#8243; &#8211; 3\/4&#8243; hortuma kolayca ba\u011flanabilen, t\u00fcm standart bah\u00e7e hortumlar\u0131na uygun. G\u00fc\u00e7l\u00fc, Dayan\u0131kl\u0131, \u00c7izilmeye Kar\u015f\u0131 Diren\u00e7li ve Donma \/Hasar\u0131na Kar\u015f\u0131 Dayan\u0131kl\u0131. %100 metalden yap\u0131lm\u0131\u015f ve \u015fok diren\u00e7li lastikle \u00e7evrili bir kadran\u0131 bulunmaktad\u0131r. Yenilenmi\u015f sa\u011flam p\u00fcsk\u00fcrtme ucu ve \u00e7inko ala\u015f\u0131ml\u0131 p\u00fcsk\u00fcrt\u00fcc\u00fc g\u00f6vdesi mevcuttur. Metal paslanmaz su \u00e7\u0131k\u0131\u015f\u0131, paslanmaz. Bak\u0131r [&#8230;]\n","protected":false},"featured_media":13271,"comment_status":"open","ping_status":"closed","template":"","meta":{"jetpack_post_was_ever_published":false},"product_brand":[],"product_cat":[2347],"product_tag":[],"class_list":{"0":"post-13248","1":"product","2":"type-product","3":"status-publish","4":"has-post-thumbnail","6":"product_cat-bahce","8":"first","9":"instock","10":"featured","11":"taxable","12":"shipping-taxable","13":"product-type-simple"},"jetpack-related-posts":[],"jetpack_sharing_enabled":true,"jetpack_likes_enabled":true,"_links":{"self":[{"href":"https:\/\/tuzlahortum.com.tr\/ru\/wp-json\/wp\/v2\/product\/13248","targetHints":{"allow":["GET"]}}],"collection":[{"href":"https:\/\/tuzlahortum.com.tr\/ru\/wp-json\/wp\/v2\/product"}],"about":[{"href":"https:\/\/tuzlahortum.com.tr\/ru\/wp-json\/wp\/v2\/types\/product"}],"replies":[{"embeddable":true,"href":"https:\/\/tuzlahortum.com.tr\/ru\/wp-json\/wp\/v2\/comments?post=13248"}],"wp:featuredmedia":[{"embeddable":true,"href":"https:\/\/tuzlahortum.com.tr\/ru\/wp-json\/wp\/v2\/media\/13271"}],"wp:attachment":[{"href":"https:\/\/tuzlahortum.com.tr\/ru\/wp-json\/wp\/v2\/media?parent=13248"}],"wp:term":[{"taxonomy":"product_brand","embeddable":true,"href":"https:\/\/tuzlahortum.com.tr\/ru\/wp-json\/wp\/v2\/product_brand?post=13248"},{"taxonomy":"product_cat","embeddable":true,"href":"https:\/\/tuzlahortum.com.tr\/ru\/wp-json\/wp\/v2\/product_cat?post=13248"},{"taxonomy":"product_tag","embeddable":true,"href":"https:\/\/tuzlahortum.com.tr\/ru\/wp-json\/wp\/v2\/product_tag?post=13248"}],"curies":[{"name":"wp","href":"https:\/\/api.w.org\/{rel}","templated":true}]}}