{"id":13247,"date":"2024-03-28T17:35:49","date_gmt":"2024-03-28T14:35:49","guid":{"rendered":"https:\/\/tuzlahortum.com.tr\/?post_type=product&#038;p=13247"},"modified":"2025-08-20T11:52:31","modified_gmt":"2025-08-20T08:52:31","slug":"flow-luks-jak-1-2-3-4-hortum-ekleme","status":"publish","type":"product","link":"https:\/\/tuzlahortum.com.tr\/ru\/product\/flow-luks-jak-1-2-3-4-hortum-ekleme\/","title":{"rendered":"FLOW LUXURY JACK 1\/2-3\/4 \u0414\u041e\u0411\u0410\u0412\u041b\u0415\u041d\u0418\u0415 \u0428\u041b\u0410\u041d\u0413\u0410"},"content":{"rendered":"<p>FLOW LUXURY JACK 1\/2-3\/4 \u0414\u041e\u0411\u0410\u0412\u041b\u0415\u041d\u0418\u0415 \u0428\u041b\u0410\u041d\u0413\u0410<\/p>\n<p>FLOW LUXURY JACK, \u043a\u043e\u0442\u043e\u0440\u044b\u0439 \u043e\u0431\u043b\u0435\u0433\u0447\u0430\u0435\u0442 \u043f\u043e\u043b\u0438\u0432 \u0432\u0430\u0448\u0435\u0433\u043e \u0441\u0430\u0434\u0430 \u0438 \u043e\u0431\u0435\u0441\u043f\u0435\u0447\u0438\u0432\u0430\u0435\u0442 \u0433\u0430\u0440\u043c\u043e\u043d\u0438\u044e \u043c\u0435\u0436\u0434\u0443 \u0432\u0430\u0448\u0438\u043c\u0438 \u0448\u043b\u0430\u043d\u0433\u0430\u043c\u0438, \u0434\u0435\u043b\u0430\u0435\u0442 \u0443\u0445\u043e\u0434 \u0437\u0430 \u0432\u0430\u0448\u0438\u043c \u0441\u0430\u0434\u043e\u043c \u0431\u043e\u043b\u0435\u0435 \u043f\u0440\u0438\u044f\u0442\u043d\u044b\u043c.<\/p>\n<p>\u0424\u0443\u043d\u043a\u0446\u0438\u0438:<\/p>\n<ol>\n<li><strong>\u0423\u043d\u0438\u0432\u0435\u0440\u0441\u0430\u043b\u044c\u043d\u0430\u044f \u0441\u043e\u0432\u043c\u0435\u0441\u0442\u0438\u043c\u043e\u0441\u0442\u044c<\/strong>: \u042d\u0442\u043e\u0442 \u0434\u043e\u043c\u043a\u0440\u0430\u0442 \u043e\u0431\u044a\u0435\u0434\u0438\u043d\u044f\u0435\u0442 \u0448\u043b\u0430\u043d\u0433\u0438 \u0434\u0438\u0430\u043c\u0435\u0442\u0440\u043e\u043c 1\/2\u2033 \u0438 3\/4\u2033, \u043f\u043e\u044d\u0442\u043e\u043c\u0443 \u0432\u044b \u043c\u043e\u0436\u0435\u0442\u0435 \u0431\u0435\u0437 \u043f\u0440\u043e\u0431\u043b\u0435\u043c \u043f\u043e\u0434\u043a\u043b\u044e\u0447\u0430\u0442\u044c \u0448\u043b\u0430\u043d\u0433\u0438 \u0440\u0430\u0437\u043d\u043e\u0433\u043e \u0434\u0438\u0430\u043c\u0435\u0442\u0440\u0430. \u041e\u043d \u0430\u0434\u0430\u043f\u0442\u0438\u0440\u0443\u0435\u0442\u0441\u044f \u043a \u0440\u0430\u0437\u043b\u0438\u0447\u043d\u043e\u043c\u0443 \u043e\u0440\u043e\u0441\u0438\u0442\u0435\u043b\u044c\u043d\u043e\u043c\u0443 \u043e\u0431\u043e\u0440\u0443\u0434\u043e\u0432\u0430\u043d\u0438\u044e \u0432 \u0432\u0430\u0448\u0435\u043c \u0441\u0430\u0434\u0443.<\/li>\n<li><strong>\u0412\u044b\u0441\u043e\u043a\u043e\u043a\u0430\u0447\u0435\u0441\u0442\u0432\u0435\u043d\u043d\u044b\u0439 \u043c\u0430\u0442\u0435\u0440\u0438\u0430\u043b<\/strong>: FLOW LUXURY JACK \u0438\u0437\u0433\u043e\u0442\u043e\u0432\u043b\u0435\u043d \u0438\u0437 \u043f\u0440\u043e\u0447\u043d\u044b\u0445 \u0438 \u043f\u0440\u043e\u0447\u043d\u044b\u0445 \u043c\u0430\u0442\u0435\u0440\u0438\u0430\u043b\u043e\u0432.<\/li>\n<li><strong>\u041f\u0440\u043e\u0441\u0442\u0430\u044f \u0443\u0441\u0442\u0430\u043d\u043e\u0432\u043a\u0430<\/strong>: \u0418\u0441\u043f\u043e\u043b\u044c\u0437\u043e\u0432\u0430\u0442\u044c \u044d\u0442\u043e\u0442 \u0440\u0430\u0437\u044a\u0435\u043c \u0447\u0440\u0435\u0437\u0432\u044b\u0447\u0430\u0439\u043d\u043e \u043f\u0440\u043e\u0441\u0442\u043e. \u0425\u043e\u0442\u044f \u043e\u043d \u0441\u043e\u0432\u043c\u0435\u0441\u0442\u0438\u043c \u0441\u043e \u0441\u0442\u0430\u043d\u0434\u0430\u0440\u0442\u043d\u044b\u043c\u0438 \u0448\u043b\u0430\u043d\u0433\u0430\u043c\u0438, \u0435\u0433\u043e \u043c\u043e\u0436\u043d\u043e \u0431\u044b\u0441\u0442\u0440\u043e \u0438 \u043b\u0435\u0433\u043a\u043e \u0443\u0441\u0442\u0430\u043d\u043e\u0432\u0438\u0442\u044c \u0431\u043b\u0430\u0433\u043e\u0434\u0430\u0440\u044f \u0432\u0441\u0442\u0430\u0432\u043d\u043e\u0439 \u0444\u0443\u043d\u043a\u0446\u0438\u0438.<\/li>\n<li><strong>\u0443\u043f\u043b\u043e\u0442\u043d\u0435\u043d\u0438\u0435<\/strong>: \u0411\u043b\u0430\u0433\u043e\u0434\u0430\u0440\u044f \u043f\u0440\u043e\u0447\u043d\u044b\u043c \u0441\u043e\u0435\u0434\u0438\u043d\u0435\u043d\u0438\u044f\u043c \u043e\u0431\u0435\u0441\u043f\u0435\u0447\u0438\u0432\u0430\u0435\u0442 \u0433\u0435\u0440\u043c\u0435\u0442\u0438\u0437\u0430\u0446\u0438\u044e \u0448\u043b\u0430\u043d\u0433\u043e\u0432. \u0412\u044b \u043c\u043e\u0436\u0435\u0442\u0435 \u0432\u044b\u043f\u043e\u043b\u043d\u044f\u0442\u044c \u043f\u043e\u043b\u0438\u0432\u043d\u044b\u0435 \u0440\u0430\u0431\u043e\u0442\u044b, \u043d\u0435 \u0431\u0435\u0441\u043f\u043e\u043a\u043e\u044f\u0441\u044c \u043e\u0431 \u0443\u0442\u0435\u0447\u043a\u0435 \u0432\u043e\u0434\u044b.<\/li>\n<li><strong>\u041f\u0440\u043e\u0447\u043d\u044b\u0439 \u0438 \u043d\u0430\u0434\u0435\u0436\u043d\u044b\u0439<\/strong>: FLOW LUXURY JACK \u0443\u0441\u0442\u043e\u0439\u0447\u0438\u0432 \u043a \u0432\u043d\u0435\u0448\u043d\u0438\u043c \u0432\u043e\u0437\u0434\u0435\u0439\u0441\u0442\u0432\u0438\u044f\u043c. \u041e\u043d \u0440\u0430\u0441\u0441\u0447\u0438\u0442\u0430\u043d \u043d\u0430 \u0434\u043b\u0438\u0442\u0435\u043b\u044c\u043d\u043e\u0435 \u0438\u0441\u043f\u043e\u043b\u044c\u0437\u043e\u0432\u0430\u043d\u0438\u0435 \u0438 \u0431\u0443\u0434\u0435\u0442 \u0443\u0434\u043e\u0432\u043b\u0435\u0442\u0432\u043e\u0440\u044f\u0442\u044c \u043f\u043e\u0442\u0440\u0435\u0431\u043d\u043e\u0441\u0442\u0438 \u0432 \u043f\u043e\u043b\u0438\u0432\u0435 \u0432\u0430\u0448\u0435\u0433\u043e \u0441\u0430\u0434\u0430 \u0432 \u0442\u0435\u0447\u0435\u043d\u0438\u0435 \u043c\u043d\u043e\u0433\u0438\u0445 \u043b\u0435\u0442.<\/li>\n<\/ol>\n<p>\u041a\u043e\u043c\u0431\u0438\u043d\u0438\u0440\u0443\u044f \u0438 \u0430\u0434\u0430\u043f\u0442\u0438\u0440\u0443\u044f \u0438\u0440\u0440\u0438\u0433\u0430\u0446\u0438\u043e\u043d\u043d\u043e\u0435 \u043e\u0431\u043e\u0440\u0443\u0434\u043e\u0432\u0430\u043d\u0438\u0435 \u0432 \u0432\u0430\u0448\u0435\u043c \u0441\u0430\u0434\u0443, FLOW LUXURY JACK \u2014 \u041d\u0410\u0421\u0410\u0414\u041a\u0410 \u0414\u041b\u042f \u0428\u041b\u0410\u041d\u0413\u0410 1\/2\u2033-3\/4\u2033 \u0443\u043b\u0443\u0447\u0448\u0430\u0435\u0442 \u0438 \u0434\u0435\u043b\u0430\u0435\u0442 \u043f\u043e\u043b\u0438\u0432 \u0432\u0430\u0448\u0435\u0433\u043e \u0441\u0430\u0434\u0430 \u043f\u0440\u0430\u043a\u0442\u0438\u0447\u043d\u044b\u043c.<\/p>","protected":false},"excerpt":{"rendered":"<p>FLOW L\u00dcKS JAK 1\/2-3\/4 HORTUM EKLEME Bah\u00e7e sulama i\u015flerinizi kolayla\u015ft\u0131ran ve hortumlar\u0131n\u0131z aras\u0131ndaki uyumu sa\u011flayan FLOW L\u00dcKS JAK, bah\u00e7enizin bak\u0131m\u0131n\u0131 daha keyifli hale getirir. \u00d6zellikler: Evrensel Uyumluluk: Bu jak, 1\/2&#8243; ve 3\/4&#8243; hortumlar\u0131 bir araya getirir, b\u00f6ylece farkl\u0131 \u00e7aplardaki hortumlar\u0131 sorunsuzca birbirine ba\u011flayabilirsiniz. Bah\u00e7enizdeki farkl\u0131 sulama ekipmanlar\u0131 aras\u0131nda uyum sa\u011flar. Y\u00fcksek Kalite Malzeme: FLOW L\u00dcKS [&#8230;]\n","protected":false},"featured_media":13285,"comment_status":"open","ping_status":"closed","template":"","meta":{"jetpack_post_was_ever_published":false},"product_brand":[],"product_cat":[2347],"product_tag":[],"class_list":{"0":"post-13247","1":"product","2":"type-product","3":"status-publish","4":"has-post-thumbnail","6":"product_cat-bahce","8":"first","9":"instock","10":"taxable","11":"shipping-taxable","12":"product-type-simple"},"jetpack-related-posts":[],"jetpack_sharing_enabled":true,"jetpack_likes_enabled":true,"_links":{"self":[{"href":"https:\/\/tuzlahortum.com.tr\/ru\/wp-json\/wp\/v2\/product\/13247","targetHints":{"allow":["GET"]}}],"collection":[{"href":"https:\/\/tuzlahortum.com.tr\/ru\/wp-json\/wp\/v2\/product"}],"about":[{"href":"https:\/\/tuzlahortum.com.tr\/ru\/wp-json\/wp\/v2\/types\/product"}],"replies":[{"embeddable":true,"href":"https:\/\/tuzlahortum.com.tr\/ru\/wp-json\/wp\/v2\/comments?post=13247"}],"wp:featuredmedia":[{"embeddable":true,"href":"https:\/\/tuzlahortum.com.tr\/ru\/wp-json\/wp\/v2\/media\/13285"}],"wp:attachment":[{"href":"https:\/\/tuzlahortum.com.tr\/ru\/wp-json\/wp\/v2\/media?parent=13247"}],"wp:term":[{"taxonomy":"product_brand","embeddable":true,"href":"https:\/\/tuzlahortum.com.tr\/ru\/wp-json\/wp\/v2\/product_brand?post=13247"},{"taxonomy":"product_cat","embeddable":true,"href":"https:\/\/tuzlahortum.com.tr\/ru\/wp-json\/wp\/v2\/product_cat?post=13247"},{"taxonomy":"product_tag","embeddable":true,"href":"https:\/\/tuzlahortum.com.tr\/ru\/wp-json\/wp\/v2\/product_tag?post=13247"}],"curies":[{"name":"wp","href":"https:\/\/api.w.org\/{rel}","templated":true}]}}