{"id":13246,"date":"2024-03-28T17:35:49","date_gmt":"2024-03-28T14:35:49","guid":{"rendered":"https:\/\/tuzlahortum.com.tr\/?post_type=product&#038;p=13246"},"modified":"2025-08-20T11:57:39","modified_gmt":"2025-08-20T08:57:39","slug":"flow-luks-jak-3-4-hortum-ekleme","status":"publish","type":"product","link":"https:\/\/tuzlahortum.com.tr\/ru\/product\/flow-luks-jak-3-4-hortum-ekleme\/","title":{"rendered":"FLOW LUXURY JACK 3\/4 \u0414\u041e\u0411\u0410\u0412\u041b\u0415\u041d\u0418\u0415 \u0428\u041b\u0410\u041d\u0413\u0410"},"content":{"rendered":"<p>FLOW LUXURY JACK 3\/4 \u0414\u041e\u0411\u0410\u0412\u041b\u0415\u041d\u0418\u0415 \u0428\u041b\u0410\u041d\u0413\u0410<\/p>\n<p>\u0420\u0430\u0437\u0440\u0430\u0431\u043e\u0442\u0430\u043d\u043d\u043e\u0435 \u0434\u043b\u044f \u043e\u0431\u0435\u0441\u043f\u0435\u0447\u0435\u043d\u0438\u044f \u0441\u043e\u0432\u043c\u0435\u0441\u0442\u0438\u043c\u043e\u0441\u0442\u0438 \u0432\u0430\u0448\u0435\u0433\u043e \u0441\u0430\u0434\u043e\u0432\u043e\u0433\u043e \u0438\u0440\u0440\u0438\u0433\u0430\u0446\u0438\u043e\u043d\u043d\u043e\u0433\u043e \u043e\u0431\u043e\u0440\u0443\u0434\u043e\u0432\u0430\u043d\u0438\u044f, \u043d\u0430\u0441\u0430\u0434\u043a\u0430 \u0434\u043b\u044f \u0448\u043b\u0430\u043d\u0433\u0430 FLOW LUXURY JACK 3\/4 \u0434\u0435\u043b\u0430\u0435\u0442 \u0432\u0430\u0448\u0438 \u0438\u0440\u0440\u0438\u0433\u0430\u0446\u0438\u043e\u043d\u043d\u044b\u0435 \u0440\u0430\u0431\u043e\u0442\u044b \u043f\u0440\u043e\u0449\u0435 \u0438 \u044d\u0444\u0444\u0435\u043a\u0442\u0438\u0432\u043d\u0435\u0435.<\/p>\n<p>\u0424\u0443\u043d\u043a\u0446\u0438\u0438:<\/p>\n<ol>\n<li><strong>\u0423\u043d\u0438\u0432\u0435\u0440\u0441\u0430\u043b\u044c\u043d\u0430\u044f \u0441\u043e\u0432\u043c\u0435\u0441\u0442\u0438\u043c\u043e\u0441\u0442\u044c<\/strong>: \u044d\u0442\u043e\u0442 \u0440\u0430\u0437\u044a\u0435\u043c \u0441\u043e\u0432\u043c\u0435\u0441\u0442\u0438\u043c \u0441\u043e \u0448\u043b\u0430\u043d\u0433\u0430\u043c\u0438 \u0434\u0438\u0430\u043c\u0435\u0442\u0440\u043e\u043c 3\/4 \u0434\u044e\u0439\u043c\u0430 \u0438 \u043f\u043e\u0437\u0432\u043e\u043b\u044f\u0435\u0442 \u0441\u043e\u0435\u0434\u0438\u043d\u044f\u0442\u044c \u0440\u0430\u0437\u043b\u0438\u0447\u043d\u043e\u0435 \u0438\u0440\u0440\u0438\u0433\u0430\u0446\u0438\u043e\u043d\u043d\u043e\u0435 \u043e\u0431\u043e\u0440\u0443\u0434\u043e\u0432\u0430\u043d\u0438\u0435. \u042d\u0442\u043e \u0433\u0430\u0440\u0430\u043d\u0442\u0438\u0440\u0443\u0435\u0442 \u0431\u0435\u0441\u043f\u0435\u0440\u0435\u0431\u043e\u0439\u043d\u0443\u044e \u0440\u0430\u0431\u043e\u0442\u0443 \u0438\u0440\u0440\u0438\u0433\u0430\u0446\u0438\u043e\u043d\u043d\u044b\u0445 \u0441\u0438\u0441\u0442\u0435\u043c \u0432 \u0432\u0430\u0448\u0435\u043c \u0441\u0430\u0434\u0443.<\/li>\n<li><strong>\u041f\u0440\u043e\u0447\u043d\u044b\u0439 \u043c\u0430\u0442\u0435\u0440\u0438\u0430\u043b<\/strong>: FLOW LUXURY JACK \u0438\u0437\u0433\u043e\u0442\u043e\u0432\u043b\u0435\u043d \u0438\u0437 \u0432\u044b\u0441\u043e\u043a\u043e\u043a\u0430\u0447\u0435\u0441\u0442\u0432\u0435\u043d\u043d\u044b\u0445 \u043c\u0430\u0442\u0435\u0440\u0438\u0430\u043b\u043e\u0432 \u0438 \u0440\u0430\u0441\u0441\u0447\u0438\u0442\u0430\u043d \u043d\u0430 \u0434\u043b\u0438\u0442\u0435\u043b\u044c\u043d\u043e\u0435 \u0438\u0441\u043f\u043e\u043b\u044c\u0437\u043e\u0432\u0430\u043d\u0438\u0435. \u041e\u043d \u0438\u043c\u0435\u0435\u0442 \u043f\u0440\u043e\u0447\u043d\u0443\u044e \u043a\u043e\u043d\u0441\u0442\u0440\u0443\u043a\u0446\u0438\u044e \u0438 \u0443\u0441\u0442\u043e\u0439\u0447\u0438\u0432 \u043a \u0435\u0436\u0435\u0434\u043d\u0435\u0432\u043d\u043e\u043c\u0443 \u0438\u0441\u043f\u043e\u043b\u044c\u0437\u043e\u0432\u0430\u043d\u0438\u044e.<\/li>\n<li><strong>\u041f\u0440\u043e\u0441\u0442\u0430\u044f \u0441\u0431\u043e\u0440\u043a\u0430<\/strong>: \u042d\u0442\u043e\u0442 \u0441\u043e\u0435\u0434\u0438\u043d\u0438\u0442\u0435\u043b\u044c\u043d\u044b\u0439 \u044d\u043b\u0435\u043c\u0435\u043d\u0442 \u0434\u043b\u044f \u0448\u043b\u0430\u043d\u0433\u0430 \u043e\u0442\u043b\u0438\u0447\u0430\u0435\u0442\u0441\u044f \u043f\u0440\u043e\u0441\u0442\u044b\u043c \u0438 \u0431\u044b\u0441\u0442\u0440\u044b\u043c \u043f\u0440\u043e\u0446\u0435\u0441\u0441\u043e\u043c \u0443\u0441\u0442\u0430\u043d\u043e\u0432\u043a\u0438. \u041e\u043d \u0441\u043e\u0432\u043c\u0435\u0441\u0442\u0438\u043c \u0441\u043e \u0441\u0442\u0430\u043d\u0434\u0430\u0440\u0442\u043d\u044b\u043c\u0438 \u0448\u043b\u0430\u043d\u0433\u0430\u043c\u0438 \u0438 \u043c\u043e\u0436\u0435\u0442 \u0431\u044b\u0442\u044c \u043b\u0435\u0433\u043a\u043e \u0443\u0441\u0442\u0430\u043d\u043e\u0432\u043b\u0435\u043d \u0431\u043b\u0430\u0433\u043e\u0434\u0430\u0440\u044f \u0432\u043e\u0437\u043c\u043e\u0436\u043d\u043e\u0441\u0442\u0438 \u043f\u043e\u0434\u043a\u043b\u044e\u0447\u0435\u043d\u0438\u044f.<\/li>\n<li><strong>\u0413\u0435\u0440\u043c\u0435\u0442\u0438\u0447\u043d\u043e\u0435 \u0441\u043e\u0435\u0434\u0438\u043d\u0435\u043d\u0438\u0435<\/strong>: \u0411\u043b\u0430\u0433\u043e\u0434\u0430\u0440\u044f \u043d\u0430\u0434\u0435\u0436\u043d\u044b\u043c \u0441\u043e\u0435\u0434\u0438\u043d\u0435\u043d\u0438\u044f\u043c \u043e\u0431\u0435\u0441\u043f\u0435\u0447\u0438\u0432\u0430\u0435\u0442 \u0433\u0435\u0440\u043c\u0435\u0442\u0438\u0437\u0430\u0446\u0438\u044e \u0448\u043b\u0430\u043d\u0433\u043e\u0432. \u042d\u0442\u043e \u043f\u043e\u0437\u0432\u043e\u043b\u044f\u0435\u0442 \u0432\u043e\u0434\u0435 \u0442\u0435\u0447\u044c \u044d\u0444\u0444\u0435\u043a\u0442\u0438\u0432\u043d\u043e \u0438 \u0440\u0435\u0437\u0443\u043b\u044c\u0442\u0430\u0442\u0438\u0432\u043d\u043e.<\/li>\n<li><strong>\u0420\u0430\u0437\u043b\u0438\u0447\u043d\u044b\u0435 \u043e\u0431\u043b\u0430\u0441\u0442\u0438 \u0438\u0441\u043f\u043e\u043b\u044c\u0437\u043e\u0432\u0430\u043d\u0438\u044f<\/strong>: \u041c\u043e\u0436\u0435\u0442 \u0438\u0441\u043f\u043e\u043b\u044c\u0437\u043e\u0432\u0430\u0442\u044c\u0441\u044f \u0441 \u0440\u0430\u0437\u043b\u0438\u0447\u043d\u044b\u043c \u0438\u0440\u0440\u0438\u0433\u0430\u0446\u0438\u043e\u043d\u043d\u044b\u043c \u043e\u0431\u043e\u0440\u0443\u0434\u043e\u0432\u0430\u043d\u0438\u0435\u043c, \u043e\u0442 \u0441\u0430\u0434\u043e\u0432\u044b\u0445 \u0438\u0440\u0440\u0438\u0433\u0430\u0446\u0438\u043e\u043d\u043d\u044b\u0445 \u0441\u0438\u0441\u0442\u0435\u043c \u0434\u043e \u0430\u0432\u0442\u043e\u043c\u0430\u0442\u0438\u0447\u0435\u0441\u043a\u0438\u0445 \u0441\u0438\u0441\u0442\u0435\u043c \u043f\u043e\u043b\u0438\u0432\u0430.<\/li>\n<\/ol>\n<p>\u041d\u0430\u0441\u0430\u0434\u043a\u0430 \u0434\u043b\u044f \u0448\u043b\u0430\u043d\u0433\u0430 FLOW LUXURY JACK 3\/4\u00a0\u2014 \u044d\u0442\u043e \u043d\u0430\u0434\u0435\u0436\u043d\u044b\u0439 \u0432\u0430\u0440\u0438\u0430\u043d\u0442, \u043a\u043e\u0442\u043e\u0440\u044b\u0439 \u043e\u0431\u043b\u0435\u0433\u0447\u0438\u0442 \u043f\u043e\u043b\u0438\u0432 \u0438 \u043f\u043e\u0432\u044b\u0441\u0438\u0442 \u044d\u0444\u0444\u0435\u043a\u0442\u0438\u0432\u043d\u043e\u0441\u0442\u044c \u0432\u0430\u0448\u0435\u0433\u043e \u0441\u0430\u0434\u0430.<\/p>","protected":false},"excerpt":{"rendered":"<p>FLOW L\u00dcKS JAK 3\/4 HORTUM EKLEME Bah\u00e7e sulama ekipmanlar\u0131n\u0131z aras\u0131ndaki uyumu sa\u011flamak i\u00e7in tasarlanan FLOW L\u00dcKS JAK 3\/4 Hortum Ekleme, sulama i\u015flerinizi daha kolay ve verimli hale getirir. \u00d6zellikler: Evrensel Uyumluluk: Bu jak, 3\/4&#8243; \u00e7ap\u0131ndaki hortumlarla uyumludur ve farkl\u0131 sulama ekipmanlar\u0131n\u0131 birbirine ba\u011flaman\u0131z\u0131 sa\u011flar. Bah\u00e7enizdeki sulama sistemlerinin sorunsuz \u00e7al\u0131\u015fmas\u0131n\u0131 sa\u011flar. Dayan\u0131kl\u0131 Malzeme: FLOW L\u00dcKS JAK, [&#8230;]\n","protected":false},"featured_media":13281,"comment_status":"open","ping_status":"closed","template":"","meta":{"jetpack_post_was_ever_published":false},"product_brand":[],"product_cat":[2347],"product_tag":[],"class_list":{"0":"post-13246","1":"product","2":"type-product","3":"status-publish","4":"has-post-thumbnail","6":"product_cat-bahce","8":"first","9":"instock","10":"taxable","11":"shipping-taxable","12":"product-type-simple"},"jetpack-related-posts":[],"jetpack_sharing_enabled":true,"jetpack_likes_enabled":true,"_links":{"self":[{"href":"https:\/\/tuzlahortum.com.tr\/ru\/wp-json\/wp\/v2\/product\/13246","targetHints":{"allow":["GET"]}}],"collection":[{"href":"https:\/\/tuzlahortum.com.tr\/ru\/wp-json\/wp\/v2\/product"}],"about":[{"href":"https:\/\/tuzlahortum.com.tr\/ru\/wp-json\/wp\/v2\/types\/product"}],"replies":[{"embeddable":true,"href":"https:\/\/tuzlahortum.com.tr\/ru\/wp-json\/wp\/v2\/comments?post=13246"}],"wp:featuredmedia":[{"embeddable":true,"href":"https:\/\/tuzlahortum.com.tr\/ru\/wp-json\/wp\/v2\/media\/13281"}],"wp:attachment":[{"href":"https:\/\/tuzlahortum.com.tr\/ru\/wp-json\/wp\/v2\/media?parent=13246"}],"wp:term":[{"taxonomy":"product_brand","embeddable":true,"href":"https:\/\/tuzlahortum.com.tr\/ru\/wp-json\/wp\/v2\/product_brand?post=13246"},{"taxonomy":"product_cat","embeddable":true,"href":"https:\/\/tuzlahortum.com.tr\/ru\/wp-json\/wp\/v2\/product_cat?post=13246"},{"taxonomy":"product_tag","embeddable":true,"href":"https:\/\/tuzlahortum.com.tr\/ru\/wp-json\/wp\/v2\/product_tag?post=13246"}],"curies":[{"name":"wp","href":"https:\/\/api.w.org\/{rel}","templated":true}]}}