{"id":13243,"date":"2024-03-28T17:35:48","date_gmt":"2024-03-28T14:35:48","guid":{"rendered":"https:\/\/tuzlahortum.com.tr\/?post_type=product&#038;p=13243"},"modified":"2025-08-20T11:57:43","modified_gmt":"2025-08-20T08:57:43","slug":"flow-eko-bahce-sulama-nozul-seti","status":"publish","type":"product","link":"https:\/\/tuzlahortum.com.tr\/ru\/product\/flow-eko-bahce-sulama-nozul-seti\/","title":{"rendered":"\u041d\u0410\u0411\u041e\u0420 \u041d\u0410\u0421\u0410\u0414\u041e\u041a \u0414\u041b\u042f \u041f\u041e\u041b\u0418\u0412\u0410 \u0421\u0410\u0414\u0410 FLOW ECO"},"content":{"rendered":"<p>\u041d\u0410\u0411\u041e\u0420 \u041d\u0410\u0421\u0410\u0414\u041e\u041a \u0414\u041b\u042f \u041f\u041e\u041b\u0418\u0412\u0410 \u0421\u0410\u0414\u0410 FLOW ECO<\/p>\n<p>\u041d\u0430\u0431\u043e\u0440 \u043d\u0430\u0441\u0430\u0434\u043e\u043a \u0434\u043b\u044f \u043f\u043e\u043b\u0438\u0432\u0430 \u0441\u0430\u0434\u0430 FLOW ECO, \u0440\u0430\u0437\u0440\u0430\u0431\u043e\u0442\u0430\u043d\u043d\u044b\u0439 \u0434\u043b\u044f \u0443\u0434\u043e\u0432\u043b\u0435\u0442\u0432\u043e\u0440\u0435\u043d\u0438\u044f \u043f\u043e\u0442\u0440\u0435\u0431\u043d\u043e\u0441\u0442\u0435\u0439 \u0432 \u043f\u043e\u043b\u0438\u0432\u0435 \u0432\u0430\u0448\u0435\u0433\u043e \u0441\u0430\u0434\u0430, \u043f\u0440\u0435\u0434\u043b\u0430\u0433\u0430\u0435\u0442 \u043f\u0440\u0430\u043a\u0442\u0438\u0447\u043d\u043e\u0435 \u0438 \u044d\u0444\u0444\u0435\u043a\u0442\u0438\u0432\u043d\u043e\u0435 \u0440\u0435\u0448\u0435\u043d\u0438\u0435 \u0434\u043b\u044f \u043e\u0440\u043e\u0448\u0435\u043d\u0438\u044f. \u0412\u0441\u0435\u0433\u043e \u043a\u043e\u043c\u043f\u043b\u0435\u043a\u0442 \u0441\u043e\u0441\u0442\u043e\u0438\u0442 \u0438\u0437 \u0447\u0435\u0442\u044b\u0440\u0435\u0445 \u0447\u0430\u0441\u0442\u0435\u0439: \u043d\u0430\u0441\u0430\u0434\u043a\u0438, \u0434\u0432\u0443\u0445 \u043a\u043e\u0440\u043f\u0443\u0441\u043e\u0432 \u0448\u043b\u0430\u043d\u0433\u043e\u0432 \u0438 \u043e\u0445\u0432\u0430\u0442\u044b\u0432\u0430\u044e\u0449\u0435\u0433\u043e \u043d\u0430\u043a\u043e\u043d\u0435\u0447\u043d\u0438\u043a\u0430.<\/p>\n<p>\u0424\u0443\u043d\u043a\u0446\u0438\u0438:<\/p>\n<ol>\n<li><strong>\u0441\u043e\u043f\u043b\u043e<\/strong>: \u041d\u0430\u0441\u0430\u0434\u043a\u0430, \u0432\u0445\u043e\u0434\u044f\u0449\u0430\u044f \u0432 \u043a\u043e\u043c\u043f\u043b\u0435\u043a\u0442, \u0440\u0430\u0437\u0440\u0430\u0431\u043e\u0442\u0430\u043d\u0430 \u0441 \u0443\u0447\u0435\u0442\u043e\u043c \u0440\u0430\u0437\u043b\u0438\u0447\u043d\u044b\u0445 \u0442\u0440\u0435\u0431\u043e\u0432\u0430\u043d\u0438\u0439 \u043a \u043e\u0440\u043e\u0448\u0435\u043d\u0438\u044e. \u041e\u043d \u043f\u0440\u0435\u0434\u043b\u0430\u0433\u0430\u0435\u0442 \u0440\u0430\u0437\u043b\u0438\u0447\u043d\u044b\u0435 \u0432\u0430\u0440\u0438\u0430\u043d\u0442\u044b \u043e\u0440\u043e\u0448\u0435\u043d\u0438\u044f \u0441 \u0440\u0435\u0433\u0443\u043b\u0438\u0440\u0443\u0435\u043c\u044b\u043c\u0438 \u0440\u0435\u0436\u0438\u043c\u0430\u043c\u0438 \u0440\u0430\u0441\u043f\u044b\u043b\u0435\u043d\u0438\u044f.<\/li>\n<li><strong>\u041a\u043e\u0440\u043f\u0443\u0441\u0430 \u0448\u043b\u0430\u043d\u0433\u043e\u0432<\/strong>: \u0414\u043b\u044f \u0441\u043e\u0435\u0434\u0438\u043d\u0435\u043d\u0438\u044f \u043d\u0430\u0441\u0430\u0434\u043a\u0438 \u0441\u043e \u0448\u043b\u0430\u043d\u0433\u043e\u043c \u0438\u0441\u043f\u043e\u043b\u044c\u0437\u0443\u044e\u0442\u0441\u044f \u0434\u0432\u0430 \u043a\u043e\u0440\u043f\u0443\u0441\u0430 \u0448\u043b\u0430\u043d\u0433\u0430. \u041e\u043d\u0438 \u0438\u0437\u0433\u043e\u0442\u043e\u0432\u043b\u0435\u043d\u044b \u0438\u0437 \u043f\u0440\u043e\u0447\u043d\u044b\u0445 \u043c\u0430\u0442\u0435\u0440\u0438\u0430\u043b\u043e\u0432 \u0438 \u043e\u0431\u0435\u0441\u043f\u0435\u0447\u0438\u0432\u0430\u044e\u0442 \u0434\u043b\u0438\u0442\u0435\u043b\u044c\u043d\u044b\u0439 \u0441\u0440\u043e\u043a \u044d\u043a\u0441\u043f\u043b\u0443\u0430\u0442\u0430\u0446\u0438\u0438.<\/li>\n<li><strong>\u0416\u0435\u043d\u0441\u043a\u0438\u0439 \u0441\u043e\u0432\u0435\u0442<\/strong>: \u0412\u043d\u0443\u0442\u0440\u0435\u043d\u043d\u0438\u0439 \u043a\u043e\u043d\u0435\u0446, \u0432\u0445\u043e\u0434\u044f\u0449\u0438\u0439 \u0432 \u043a\u043e\u043c\u043f\u043b\u0435\u043a\u0442, \u0438\u0441\u043f\u043e\u043b\u044c\u0437\u0443\u0435\u0442\u0441\u044f \u0434\u043b\u044f \u043f\u043e\u0434\u0441\u043e\u0435\u0434\u0438\u043d\u0435\u043d\u0438\u044f \u043a\u043e\u0440\u043f\u0443\u0441\u043e\u0432 \u0448\u043b\u0430\u043d\u0433\u043e\u0432 \u043a \u043a\u0440\u0430\u043d\u0443. \u041e\u0431\u0435\u0441\u043f\u0435\u0447\u0438\u0432\u0430\u0435\u0442 \u043d\u0430\u0434\u0435\u0436\u043d\u043e\u0435 \u0441\u043e\u0435\u0434\u0438\u043d\u0435\u043d\u0438\u0435.<\/li>\n<li><strong>\u041f\u0440\u0430\u043a\u0442\u0438\u0447\u043d\u044b\u0439 \u043d\u0430\u0431\u043e\u0440<\/strong>: \u041a\u043e\u043c\u043f\u043b\u0435\u043a\u0442 \u043d\u0430\u0441\u0430\u0434\u043e\u043a \u0434\u043b\u044f \u043e\u0440\u043e\u0448\u0435\u043d\u0438\u044f \u0441\u0430\u0434\u0430 FLOW ECO, \u0441\u043e\u0441\u0442\u043e\u044f\u0449\u0438\u0439 \u0438\u0437 \u0432\u0441\u0435\u0445 \u0447\u0430\u0441\u0442\u0435\u0439, \u0443\u043f\u0440\u043e\u0449\u0430\u0435\u0442 \u0438 \u043f\u043e\u0432\u044b\u0448\u0430\u0435\u0442 \u044d\u0444\u0444\u0435\u043a\u0442\u0438\u0432\u043d\u043e\u0441\u0442\u044c \u043f\u043e\u043b\u0438\u0432\u0430 \u0432\u0430\u0448\u0435\u0433\u043e \u0441\u0430\u0434\u0430. \u041f\u0440\u0430\u043a\u0442\u0438\u0447\u0435\u043d \u0432 \u0438\u0441\u043f\u043e\u043b\u044c\u0437\u043e\u0432\u0430\u043d\u0438\u0438 \u0431\u043b\u0430\u0433\u043e\u0434\u0430\u0440\u044f \u043f\u0440\u043e\u0441\u0442\u043e\u0439 \u0441\u0431\u043e\u0440\u043a\u0435.<\/li>\n<\/ol>\n<p>\u041d\u0430\u0431\u043e\u0440 \u043d\u0430\u0441\u0430\u0434\u043e\u043a \u0434\u043b\u044f \u043e\u0440\u043e\u0448\u0435\u043d\u0438\u044f \u0441\u0430\u0434\u0430 FLOW ECO \u0438\u0434\u0435\u0430\u043b\u044c\u043d\u043e \u043f\u043e\u0434\u0445\u043e\u0434\u0438\u0442 \u0434\u043b\u044f \u0443\u0434\u043e\u0432\u043b\u0435\u0442\u0432\u043e\u0440\u0435\u043d\u0438\u044f \u043f\u043e\u0442\u0440\u0435\u0431\u043d\u043e\u0441\u0442\u0435\u0439 \u0432 \u043e\u0440\u043e\u0448\u0435\u043d\u0438\u0438 \u0432\u0430\u0448\u0435\u0433\u043e \u0441\u0430\u0434\u0430. \u041e\u043d \u043f\u0440\u0438\u0432\u043b\u0435\u043a\u0430\u0435\u0442 \u0432\u043d\u0438\u043c\u0430\u043d\u0438\u0435 \u0441\u0432\u043e\u0438\u043c \u0443\u0434\u043e\u0431\u043d\u044b\u043c \u0434\u0438\u0437\u0430\u0439\u043d\u043e\u043c \u0438 \u044d\u0444\u0444\u0435\u043a\u0442\u0438\u0432\u043d\u043e\u0439 \u0440\u0430\u0431\u043e\u0442\u043e\u0439.<\/p>","protected":false},"excerpt":{"rendered":"<p>FLOW EKO BAH\u00c7E SULAMA NOZUL SET\u0130 Bah\u00e7e sulama ihtiya\u00e7lar\u0131n\u0131z\u0131 kar\u015f\u0131lamak i\u00e7in tasarlanan FLOW EKO Bah\u00e7e Sulama Nozul Seti, pratik ve etkili bir sulama \u00e7\u00f6z\u00fcm\u00fc sunar. Set, bir nozul, iki hortum g\u00f6vde ve bir di\u015fi u\u00e7 olmak \u00fczere toplamda d\u00f6rt par\u00e7adan olu\u015fur. \u00d6zellikler: Nozul: Setin bir par\u00e7as\u0131 olan nozul, farkl\u0131 sulama gereksinimlerini kar\u015f\u0131lamak i\u00e7in tasarlanm\u0131\u015ft\u0131r. Ayarlanabilir [&#8230;]\n","protected":false},"featured_media":13311,"comment_status":"open","ping_status":"closed","template":"","meta":{"jetpack_post_was_ever_published":false},"product_brand":[],"product_cat":[2347],"product_tag":[],"class_list":{"0":"post-13243","1":"product","2":"type-product","3":"status-publish","4":"has-post-thumbnail","6":"product_cat-bahce","8":"first","9":"instock","10":"taxable","11":"shipping-taxable","12":"product-type-simple"},"jetpack-related-posts":[{"id":13242,"url":"https:\/\/tuzlahortum.com.tr\/ru\/product\/flow-eko-bahce-sulama-tabancasi-seti\/","url_meta":{"origin":13243,"position":0},"title":"\u041d\u0410\u0411\u041e\u0420 \u041f\u041e\u041b\u0418\u0412\u041a\u041e\u0412 \u0414\u041b\u042f \u0421\u0410\u0414\u041e\u0412 FLOW ECO","author":"admin","date":"28 \u043c\u0430\u0440\u0442\u0430 2024","format":false,"excerpt":"FLOW EKO BAH\u00c7E SULAMA TABANCASI SET\u0130 Bah\u00e7e sulama ihtiya\u00e7lar\u0131n\u0131z\u0131 kar\u015f\u0131lamak i\u00e7in tasarlanan FLOW EKO Bah\u00e7e Sulama Nozul Seti, pratik ve etkili bir sulama \u00e7\u00f6z\u00fcm\u00fc sunar. Set, bir tabanca, iki hortum g\u00f6vde ve bir di\u015fi u\u00e7 olmak \u00fczere toplamda d\u00f6rt par\u00e7adan olu\u015fur. \u00d6zellikler: Tabanca: Setin bir par\u00e7as\u0131 olan tabanca, farkl\u0131 sulama\u2026","rel":"","context":"\u041f\u043e\u0445\u043e\u0436\u0430\u044f \u0437\u0430\u043f\u0438\u0441\u044c","block_context":{"text":"\u041f\u043e\u0445\u043e\u0436\u0430\u044f \u0437\u0430\u043f\u0438\u0441\u044c","link":""},"img":{"alt_text":"","src":"https:\/\/i0.wp.com\/tuzlahortum.com.tr\/wp-content\/uploads\/2024\/03\/bahce_tabanca_seti_2.jpg?fit=800%2C800&ssl=1&resize=350%2C200","width":350,"height":200,"srcset":"https:\/\/i0.wp.com\/tuzlahortum.com.tr\/wp-content\/uploads\/2024\/03\/bahce_tabanca_seti_2.jpg?fit=800%2C800&ssl=1&resize=350%2C200 1x, https:\/\/i0.wp.com\/tuzlahortum.com.tr\/wp-content\/uploads\/2024\/03\/bahce_tabanca_seti_2.jpg?fit=800%2C800&ssl=1&resize=525%2C300 1.5x, https:\/\/i0.wp.com\/tuzlahortum.com.tr\/wp-content\/uploads\/2024\/03\/bahce_tabanca_seti_2.jpg?fit=800%2C800&ssl=1&resize=700%2C400 2x"},"classes":[]},{"id":13225,"url":"https:\/\/tuzlahortum.com.tr\/ru\/product\/flow-uzayan-hortum-seti-45-mt\/","url_meta":{"origin":13243,"position":1},"title":"\u041d\u0410\u0411\u041e\u0420 \u0428\u041b\u0410\u041d\u0413\u041e\u0412 \u0414\u041b\u042f \u0423\u0414\u041b\u0418\u041d\u0415\u041d\u0418\u042f \u041f\u041e\u0422\u041e\u041a\u0410 \u2013 45 \u041c\u0422","author":"admin","date":"28 \u043c\u0430\u0440\u0442\u0430 2024","format":false,"excerpt":"FLOW UZAYAN HORTUM SET\u0130 - 45 MT FLOW Uzayan Hortum Seti - 45 Metre, bah\u00e7e sulama i\u015flerinizi kolayla\u015ft\u0131rmak i\u00e7in tasarlanm\u0131\u015f bir \u00fcr\u00fcnd\u00fcr. Suyun bas\u0131nc\u0131yla 15 metreden 45 metreye kadar uzayabilen esnek bir hortumu i\u00e7erir. Ayr\u0131ca, musluk kapat\u0131ld\u0131\u011f\u0131nda otomatik olarak toplan\u0131r. \u00d6zellikler: Esnek Uzunluk: Suyun bas\u0131nc\u0131yla hortum, kullan\u0131c\u0131 ihtiyac\u0131na g\u00f6re 10\u2026","rel":"","context":"\u041f\u043e\u0445\u043e\u0436\u0430\u044f \u0437\u0430\u043f\u0438\u0441\u044c","block_context":{"text":"\u041f\u043e\u0445\u043e\u0436\u0430\u044f \u0437\u0430\u043f\u0438\u0441\u044c","link":""},"img":{"alt_text":"FLOW UZAYAN HORTUM SET\u0130 - 45 MT","src":"https:\/\/i0.wp.com\/tuzlahortum.com.tr\/wp-content\/uploads\/2024\/03\/uzayan_hortum_4.jpg?fit=800%2C800&ssl=1&resize=350%2C200","width":350,"height":200,"srcset":"https:\/\/i0.wp.com\/tuzlahortum.com.tr\/wp-content\/uploads\/2024\/03\/uzayan_hortum_4.jpg?fit=800%2C800&ssl=1&resize=350%2C200 1x, https:\/\/i0.wp.com\/tuzlahortum.com.tr\/wp-content\/uploads\/2024\/03\/uzayan_hortum_4.jpg?fit=800%2C800&ssl=1&resize=525%2C300 1.5x, https:\/\/i0.wp.com\/tuzlahortum.com.tr\/wp-content\/uploads\/2024\/03\/uzayan_hortum_4.jpg?fit=800%2C800&ssl=1&resize=700%2C400 2x"},"classes":[]},{"id":13226,"url":"https:\/\/tuzlahortum.com.tr\/ru\/product\/flow-uzayan-hortum-seti-30-mt\/","url_meta":{"origin":13243,"position":2},"title":"\u041d\u0410\u0411\u041e\u0420 \u0428\u041b\u0410\u041d\u0413\u041e\u0412 \u0414\u041b\u042f \u0423\u0414\u041b\u0418\u041d\u0415\u041d\u0418\u042f \u041f\u041e\u0422\u041e\u041a\u0410 \u2013 30 \u041c\u0422","author":"admin","date":"28 \u043c\u0430\u0440\u0442\u0430 2024","format":false,"excerpt":"FLOW UZAYAN HORTUM SET\u0130 - 30 MT FLOW Uzayan Hortum Seti - 30 Metre, bah\u00e7e sulama i\u015flerinizi kolayla\u015ft\u0131rmak i\u00e7in tasarlanm\u0131\u015f bir \u00fcr\u00fcnd\u00fcr. Suyun bas\u0131nc\u0131yla 10 metreden 30 metreye kadar uzayabilen esnek bir hortumu i\u00e7erir. Ayr\u0131ca, musluk kapat\u0131ld\u0131\u011f\u0131nda otomatik olarak toplan\u0131r. \u00d6zellikler: Esnek Uzunluk: Suyun bas\u0131nc\u0131yla hortum, kullan\u0131c\u0131 ihtiyac\u0131na g\u00f6re 10\u2026","rel":"","context":"\u041f\u043e\u0445\u043e\u0436\u0430\u044f \u0437\u0430\u043f\u0438\u0441\u044c","block_context":{"text":"\u041f\u043e\u0445\u043e\u0436\u0430\u044f \u0437\u0430\u043f\u0438\u0441\u044c","link":""},"img":{"alt_text":"FLOW UZAYAN HORTUM SET\u0130 - 15 MT","src":"https:\/\/i0.wp.com\/tuzlahortum.com.tr\/wp-content\/uploads\/2024\/03\/uzayan_hortum_1.jpg?fit=800%2C800&ssl=1&resize=350%2C200","width":350,"height":200,"srcset":"https:\/\/i0.wp.com\/tuzlahortum.com.tr\/wp-content\/uploads\/2024\/03\/uzayan_hortum_1.jpg?fit=800%2C800&ssl=1&resize=350%2C200 1x, https:\/\/i0.wp.com\/tuzlahortum.com.tr\/wp-content\/uploads\/2024\/03\/uzayan_hortum_1.jpg?fit=800%2C800&ssl=1&resize=525%2C300 1.5x, https:\/\/i0.wp.com\/tuzlahortum.com.tr\/wp-content\/uploads\/2024\/03\/uzayan_hortum_1.jpg?fit=800%2C800&ssl=1&resize=700%2C400 2x"},"classes":[]},{"id":13227,"url":"https:\/\/tuzlahortum.com.tr\/ru\/product\/flow-uzayan-hortum-seti-15-mt\/","url_meta":{"origin":13243,"position":3},"title":"\u041d\u0410\u0411\u041e\u0420 \u0428\u041b\u0410\u041d\u0413\u041e\u0412 \u0414\u041b\u042f \u0423\u0414\u041b\u0418\u041d\u0415\u041d\u0418\u042f \u041f\u041e\u0422\u041e\u041a\u0410 \u2013 15 \u041c\u0422","author":"admin","date":"28 \u043c\u0430\u0440\u0442\u0430 2024","format":false,"excerpt":"FLOW UZAYAN HORTUM SET\u0130 - 15 MT FLOW Uzayan Hortum Seti - 15 Metre, bah\u00e7e sulama i\u015flerinizi kolayla\u015ft\u0131rmak i\u00e7in tasarlanm\u0131\u015f bir \u00fcr\u00fcnd\u00fcr. Suyun bas\u0131nc\u0131yla 5 metreden 15 metreye kadar uzayabilen esnek bir hortumu i\u00e7erir. Ayr\u0131ca, musluk kapat\u0131ld\u0131\u011f\u0131nda otomatik olarak toplan\u0131r. \u00d6zellikler: Esnek Uzunluk: Suyun bas\u0131nc\u0131yla hortum, kullan\u0131c\u0131 ihtiyac\u0131na g\u00f6re 10\u2026","rel":"","context":"\u041f\u043e\u0445\u043e\u0436\u0430\u044f \u0437\u0430\u043f\u0438\u0441\u044c","block_context":{"text":"\u041f\u043e\u0445\u043e\u0436\u0430\u044f \u0437\u0430\u043f\u0438\u0441\u044c","link":""},"img":{"alt_text":"FLOW UZAYAN HORTUM SET\u0130 - 15 MT","src":"https:\/\/i0.wp.com\/tuzlahortum.com.tr\/wp-content\/uploads\/2024\/03\/uzayan_hortum_2.jpg?fit=800%2C800&ssl=1&resize=350%2C200","width":350,"height":200,"srcset":"https:\/\/i0.wp.com\/tuzlahortum.com.tr\/wp-content\/uploads\/2024\/03\/uzayan_hortum_2.jpg?fit=800%2C800&ssl=1&resize=350%2C200 1x, https:\/\/i0.wp.com\/tuzlahortum.com.tr\/wp-content\/uploads\/2024\/03\/uzayan_hortum_2.jpg?fit=800%2C800&ssl=1&resize=525%2C300 1.5x, https:\/\/i0.wp.com\/tuzlahortum.com.tr\/wp-content\/uploads\/2024\/03\/uzayan_hortum_2.jpg?fit=800%2C800&ssl=1&resize=700%2C400 2x"},"classes":[]},{"id":13235,"url":"https:\/\/tuzlahortum.com.tr\/ru\/product\/flow-eko-jak-1-2-3-4-disi-uc\/","url_meta":{"origin":13243,"position":4},"title":"\u0420\u0410\u0417\u042a\u0415\u041c FLOW ECO 1\/2 \u2013 3\/4 \u0412\u041d\u0423\u0422\u0420\u0415\u041d\u041d\u0418\u0419 \u041a\u041e\u041d\u0415\u0426","author":"admin","date":"28 \u043c\u0430\u0440\u0442\u0430 2024","format":false,"excerpt":"FLOW EKO JAK 1\/2 - 3\/4 D\u0130\u015e\u0130 U\u00c7 FLOW EKO JAK - 1\/2\" - 3\/4\" Di\u015fi U\u00e7, bah\u00e7e sulama sistemlerindeki uyumluluk sorunlar\u0131n\u0131 gidermek ve daha etkili bir sulama deneyimi sunmak i\u00e7in tasarlanm\u0131\u015ft\u0131r. \u00d6zellikler: Evrensel Uyumluluk: Bu di\u015fi u\u00e7, \u00e7o\u011fu standart bah\u00e7e sulama ekipman\u0131yla uyumlu olarak tasarlanm\u0131\u015ft\u0131r. Farkl\u0131 \u00e7aplardaki hortumlar\u0131 ve\u2026","rel":"","context":"\u041f\u043e\u0445\u043e\u0436\u0430\u044f \u0437\u0430\u043f\u0438\u0441\u044c","block_context":{"text":"\u041f\u043e\u0445\u043e\u0436\u0430\u044f \u0437\u0430\u043f\u0438\u0441\u044c","link":""},"img":{"alt_text":"","src":"https:\/\/i0.wp.com\/tuzlahortum.com.tr\/wp-content\/uploads\/2024\/03\/jak_eko_disi_uc_1.jpg?fit=800%2C800&ssl=1&resize=350%2C200","width":350,"height":200,"srcset":"https:\/\/i0.wp.com\/tuzlahortum.com.tr\/wp-content\/uploads\/2024\/03\/jak_eko_disi_uc_1.jpg?fit=800%2C800&ssl=1&resize=350%2C200 1x, https:\/\/i0.wp.com\/tuzlahortum.com.tr\/wp-content\/uploads\/2024\/03\/jak_eko_disi_uc_1.jpg?fit=800%2C800&ssl=1&resize=525%2C300 1.5x, https:\/\/i0.wp.com\/tuzlahortum.com.tr\/wp-content\/uploads\/2024\/03\/jak_eko_disi_uc_1.jpg?fit=800%2C800&ssl=1&resize=700%2C400 2x"},"classes":[]},{"id":13219,"url":"https:\/\/tuzlahortum.com.tr\/ru\/product\/flow-eko-jak-3-4-disi-govde\/","url_meta":{"origin":13243,"position":5},"title":"\u0420\u0410\u0417\u042a\u0415\u041c FLOW ECO \u2013 \u041a\u041e\u0420\u041f\u0423\u0421 \u0421 \u0412\u041d\u0423\u0422\u0420\u0415\u041d\u041d\u0415\u0419 \u0412\u041d\u0423\u0422\u0420\u0415\u041d\u041d\u0415\u0419 \u0420\u0415\u0417\u042c\u0411\u041e\u0419 3\/4","author":"admin","date":"28 \u043c\u0430\u0440\u0442\u0430 2024","format":false,"excerpt":"FLOW EKO JAK - 3\/4 D\u0130\u015e\u0130 G\u00d6VDE FLOW EKO JAK - 3\/4 Di\u015fi G\u00f6vde, bah\u00e7e sulama sistemlerinde su ak\u0131\u015f\u0131n\u0131 y\u00f6nlendirmek ve ba\u011flant\u0131lar\u0131 g\u00fcvenilir bir \u015fekilde sa\u011flamak i\u00e7in \u00f6zel olarak tasarlanm\u0131\u015ft\u0131r. \u00d6zellikler: Dayan\u0131kl\u0131 Malzeme: Y\u00fcksek kaliteli malzemeden \u00fcretilmi\u015ftir ve uzun \u00f6m\u00fcrl\u00fc kullan\u0131m i\u00e7in dayan\u0131kl\u0131 bir yap\u0131ya sahiptir. Paslanmaz \u00e7elik veya sa\u011flam\u2026","rel":"","context":"\u041f\u043e\u0445\u043e\u0436\u0430\u044f \u0437\u0430\u043f\u0438\u0441\u044c","block_context":{"text":"\u041f\u043e\u0445\u043e\u0436\u0430\u044f \u0437\u0430\u043f\u0438\u0441\u044c","link":""},"img":{"alt_text":"","src":"https:\/\/i0.wp.com\/tuzlahortum.com.tr\/wp-content\/uploads\/2024\/03\/jak_eko_disi_govde_2.jpg?fit=800%2C800&ssl=1&resize=350%2C200","width":350,"height":200,"srcset":"https:\/\/i0.wp.com\/tuzlahortum.com.tr\/wp-content\/uploads\/2024\/03\/jak_eko_disi_govde_2.jpg?fit=800%2C800&ssl=1&resize=350%2C200 1x, https:\/\/i0.wp.com\/tuzlahortum.com.tr\/wp-content\/uploads\/2024\/03\/jak_eko_disi_govde_2.jpg?fit=800%2C800&ssl=1&resize=525%2C300 1.5x, https:\/\/i0.wp.com\/tuzlahortum.com.tr\/wp-content\/uploads\/2024\/03\/jak_eko_disi_govde_2.jpg?fit=800%2C800&ssl=1&resize=700%2C400 2x"},"classes":[]}],"jetpack_sharing_enabled":true,"jetpack_likes_enabled":true,"_links":{"self":[{"href":"https:\/\/tuzlahortum.com.tr\/ru\/wp-json\/wp\/v2\/product\/13243","targetHints":{"allow":["GET"]}}],"collection":[{"href":"https:\/\/tuzlahortum.com.tr\/ru\/wp-json\/wp\/v2\/product"}],"about":[{"href":"https:\/\/tuzlahortum.com.tr\/ru\/wp-json\/wp\/v2\/types\/product"}],"replies":[{"embeddable":true,"href":"https:\/\/tuzlahortum.com.tr\/ru\/wp-json\/wp\/v2\/comments?post=13243"}],"wp:featuredmedia":[{"embeddable":true,"href":"https:\/\/tuzlahortum.com.tr\/ru\/wp-json\/wp\/v2\/media\/13311"}],"wp:attachment":[{"href":"https:\/\/tuzlahortum.com.tr\/ru\/wp-json\/wp\/v2\/media?parent=13243"}],"wp:term":[{"taxonomy":"product_brand","embeddable":true,"href":"https:\/\/tuzlahortum.com.tr\/ru\/wp-json\/wp\/v2\/product_brand?post=13243"},{"taxonomy":"product_cat","embeddable":true,"href":"https:\/\/tuzlahortum.com.tr\/ru\/wp-json\/wp\/v2\/product_cat?post=13243"},{"taxonomy":"product_tag","embeddable":true,"href":"https:\/\/tuzlahortum.com.tr\/ru\/wp-json\/wp\/v2\/product_tag?post=13243"}],"curies":[{"name":"wp","href":"https:\/\/api.w.org\/{rel}","templated":true}]}}