{"id":13241,"date":"2024-03-28T17:35:48","date_gmt":"2024-03-28T14:35:48","guid":{"rendered":"https:\/\/tuzlahortum.com.tr\/?post_type=product&#038;p=13241"},"modified":"2025-08-20T11:57:55","modified_gmt":"2025-08-20T08:57:55","slug":"flow-ss-plastik-bahce-tabancasi","status":"publish","type":"product","link":"https:\/\/tuzlahortum.com.tr\/ru\/product\/flow-ss-plastik-bahce-tabancasi\/","title":{"rendered":"\u041f\u041b\u0410\u0421\u0422\u0418\u041a\u041e\u0412\u042b\u0419 \u0421\u0410\u0414\u041e\u0412\u042b\u0419 \u041f\u0418\u0421\u0422\u041e\u041b\u0415\u0422 FLOW SS"},"content":{"rendered":"<p>\u041f\u041b\u0410\u0421\u0422\u0418\u041a\u041e\u0412\u042b\u0419 \u0421\u0410\u0414\u041e\u0412\u042b\u0419 \u041f\u0418\u0421\u0422\u041e\u041b\u0415\u0422 FLOW SS<\/p>\n<p>\u041f\u043b\u0430\u0441\u0442\u0438\u043a\u043e\u0432\u044b\u0439 \u0441\u0430\u0434\u043e\u0432\u044b\u0439 \u043f\u0438\u0441\u0442\u043e\u043b\u0435\u0442 FLOW SS \u0438\u0434\u0435\u0430\u043b\u044c\u043d\u043e \u043f\u043e\u0434\u0445\u043e\u0434\u0438\u0442 \u0434\u043b\u044f \u043f\u043e\u043b\u0438\u0432\u0430 \u0432\u0430\u0448\u0435\u0433\u043e \u0441\u0430\u0434\u0430 \u0438 \u043f\u0440\u0435\u0434\u0441\u0442\u0430\u0432\u043b\u044f\u0435\u0442 \u0441\u043e\u0431\u043e\u0439 \u043f\u0440\u043e\u0441\u0442\u043e\u0435 \u0432 \u0438\u0441\u043f\u043e\u043b\u044c\u0437\u043e\u0432\u0430\u043d\u0438\u0438 \u0438 \u0434\u043e\u043b\u0433\u043e\u0432\u0435\u0447\u043d\u043e\u0435 \u0440\u0435\u0448\u0435\u043d\u0438\u0435.<\/p>\n<p>\u0424\u0443\u043d\u043a\u0446\u0438\u0438:<\/p>\n<ol>\n<li><strong>\u0412\u044b\u0441\u043e\u043a\u043e\u043a\u0430\u0447\u0435\u0441\u0442\u0432\u0435\u043d\u043d\u044b\u0439 \u043f\u043b\u0430\u0441\u0442\u0438\u043a\u043e\u0432\u044b\u0439 \u043c\u0430\u0442\u0435\u0440\u0438\u0430\u043b<\/strong>: \u0421\u0430\u0434\u043e\u0432\u044b\u0439 \u043f\u0438\u0441\u0442\u043e\u043b\u0435\u0442 FLOW SS \u0438\u0437\u0433\u043e\u0442\u043e\u0432\u043b\u0435\u043d \u0438\u0437 \u043f\u0440\u043e\u0447\u043d\u043e\u0433\u043e \u0438 \u043f\u0440\u043e\u0447\u043d\u043e\u0433\u043e \u043f\u043b\u0430\u0441\u0442\u0438\u043a\u0430. \u041e\u043d \u0440\u0430\u0441\u0441\u0447\u0438\u0442\u0430\u043d \u043d\u0430 \u0434\u043b\u0438\u0442\u0435\u043b\u044c\u043d\u043e\u0435 \u0438\u0441\u043f\u043e\u043b\u044c\u0437\u043e\u0432\u0430\u043d\u0438\u0435 \u0438 \u0443\u0441\u0442\u043e\u0439\u0447\u0438\u0432 \u043a \u0432\u043d\u0435\u0448\u043d\u0438\u043c \u0432\u043e\u0437\u0434\u0435\u0439\u0441\u0442\u0432\u0438\u044f\u043c.<\/li>\n<li><strong>\u042d\u0440\u0433\u043e\u043d\u043e\u043c\u0438\u0447\u043d\u044b\u0439 \u0434\u0438\u0437\u0430\u0439\u043d<\/strong>: \u042d\u0440\u0433\u043e\u043d\u043e\u043c\u0438\u0447\u043d\u044b\u0439 \u0434\u0438\u0437\u0430\u0439\u043d \u0434\u043b\u044f \u043e\u0431\u0435\u0441\u043f\u0435\u0447\u0435\u043d\u0438\u044f \u043a\u043e\u043c\u0444\u043e\u0440\u0442\u043d\u043e\u0433\u043e \u0438\u0441\u043f\u043e\u043b\u044c\u0437\u043e\u0432\u0430\u043d\u0438\u044f. \u0420\u0443\u0447\u043a\u0430 \u0443\u0434\u043e\u0431\u043d\u043e \u043b\u0435\u0436\u0438\u0442 \u0432 \u0440\u0443\u043a\u0435 \u0438 \u043e\u0431\u0435\u0441\u043f\u0435\u0447\u0438\u0432\u0430\u0435\u0442 \u043a\u043e\u043c\u0444\u043e\u0440\u0442 \u0434\u0430\u0436\u0435 \u043f\u0440\u0438 \u0434\u043b\u0438\u0442\u0435\u043b\u044c\u043d\u043e\u043c \u043f\u043e\u043b\u0438\u0432\u0435.<\/li>\n<li><strong>\u0420\u0430\u0437\u043b\u0438\u0447\u043d\u044b\u0435 \u0440\u0435\u0436\u0438\u043c\u044b \u0440\u0430\u0441\u043f\u044b\u043b\u0435\u043d\u0438\u044f<\/strong>: \u0418\u043c\u0435\u0435\u0442 \u0440\u0430\u0437\u043b\u0438\u0447\u043d\u044b\u0435 \u0440\u0435\u0436\u0438\u043c\u044b \u0440\u0430\u0441\u043f\u044b\u043b\u0435\u043d\u0438\u044f, \u043a\u043e\u0442\u043e\u0440\u044b\u0435 \u043c\u043e\u0436\u043d\u043e \u043d\u0430\u0441\u0442\u0440\u043e\u0438\u0442\u044c \u0432 \u0441\u043e\u043e\u0442\u0432\u0435\u0442\u0441\u0442\u0432\u0438\u0438 \u0441 \u0440\u0430\u0437\u043b\u0438\u0447\u043d\u044b\u043c\u0438 \u043f\u043e\u0442\u0440\u0435\u0431\u043d\u043e\u0441\u0442\u044f\u043c\u0438 \u0432 \u043e\u0440\u043e\u0448\u0435\u043d\u0438\u0438. \u042d\u0442\u0438 \u0440\u0435\u0436\u0438\u043c\u044b \u0432\u043a\u043b\u044e\u0447\u0430\u044e\u0442 \u0432 \u0441\u0435\u0431\u044f \u0442\u0430\u043a\u0438\u0435 \u043f\u0430\u0440\u0430\u043c\u0435\u0442\u0440\u044b, \u043a\u0430\u043a \u0441\u0442\u0440\u0443\u044f, \u0434\u043e\u0436\u0434\u044c, \u043a\u043e\u043d\u0443\u0441 \u0438 \u0442\u0443\u043c\u0430\u043d.<\/li>\n<li><strong>\u041f\u0440\u043e\u0447\u043d\u0430\u044f \u0438 \u043b\u0435\u0433\u043a\u0430\u044f \u043a\u043e\u043d\u0441\u0442\u0440\u0443\u043a\u0446\u0438\u044f<\/strong>: \u0411\u043b\u0430\u0433\u043e\u0434\u0430\u0440\u044f \u043f\u043b\u0430\u0441\u0442\u0438\u043a\u043e\u0432\u043e\u043c\u0443 \u043c\u0430\u0442\u0435\u0440\u0438\u0430\u043b\u0443 \u043e\u043d \u0438\u043c\u0435\u0435\u0442 \u043b\u0435\u0433\u043a\u0443\u044e, \u043d\u043e \u043f\u0440\u043e\u0447\u043d\u0443\u044e \u0441\u0442\u0440\u0443\u043a\u0442\u0443\u0440\u0443. \u041e\u043d \u0441\u043e\u0445\u0440\u0430\u043d\u044f\u0435\u0442 \u0441\u0432\u043e\u0438 \u0445\u0430\u0440\u0430\u043a\u0442\u0435\u0440\u0438\u0441\u0442\u0438\u043a\u0438 \u0434\u0430\u0436\u0435 \u043f\u0440\u0438 \u0434\u043b\u0438\u0442\u0435\u043b\u044c\u043d\u043e\u043c \u0438\u0441\u043f\u043e\u043b\u044c\u0437\u043e\u0432\u0430\u043d\u0438\u0438.<\/li>\n<li><strong>\u041f\u0440\u043e\u0441\u0442\u043e\u0442\u0430 \u0432 \u0438\u0441\u043f\u043e\u043b\u044c\u0437\u043e\u0432\u0430\u043d\u0438\u0438<\/strong>: \u0411\u043b\u0430\u0433\u043e\u0434\u0430\u0440\u044f \u043f\u0440\u043e\u0441\u0442\u043e\u043c\u0443 \u0434\u0438\u0437\u0430\u0439\u043d\u0443 \u0438 \u0443\u0434\u043e\u0431\u043d\u044b\u043c \u0432 \u0438\u0441\u043f\u043e\u043b\u044c\u0437\u043e\u0432\u0430\u043d\u0438\u0438 \u043a\u043d\u043e\u043f\u043a\u0430\u043c \u0443\u043f\u0440\u0430\u0432\u043b\u0435\u043d\u0438\u044f \u0441\u0430\u0434\u043e\u0432\u044b\u0439 \u043f\u0438\u0441\u0442\u043e\u043b\u0435\u0442 FLOW SS \u043f\u043e\u0437\u0432\u043e\u043b\u044f\u0435\u0442 \u0432\u044b\u043f\u043e\u043b\u043d\u044f\u0442\u044c \u0440\u0430\u0431\u043e\u0442\u044b \u043f\u043e \u043f\u043e\u043b\u0438\u0432\u0443 \u0441\u0430\u0434\u0430 \u0431\u044b\u0441\u0442\u0440\u043e \u0438 \u044d\u0444\u0444\u0435\u043a\u0442\u0438\u0432\u043d\u043e.<\/li>\n<\/ol>\n<p>\u0427\u0442\u043e\u0431\u044b \u0441\u0434\u0435\u043b\u0430\u0442\u044c \u043f\u043e\u043b\u0438\u0432 \u0432\u0430\u0448\u0435\u0433\u043e \u0441\u0430\u0434\u0430 \u043f\u0440\u043e\u0449\u0435 \u0438 \u044d\u0444\u0444\u0435\u043a\u0442\u0438\u0432\u043d\u0435\u0435, \u043f\u043b\u0430\u0441\u0442\u0438\u043a\u043e\u0432\u044b\u0439 \u0441\u0430\u0434\u043e\u0432\u044b\u0439 \u043f\u0438\u0441\u0442\u043e\u043b\u0435\u0442 FLOW SS \u044f\u0432\u043b\u044f\u0435\u0442\u0441\u044f \u043f\u0440\u0435\u0434\u043f\u043e\u0447\u0442\u0438\u0442\u0435\u043b\u044c\u043d\u044b\u043c \u0432\u0430\u0440\u0438\u0430\u043d\u0442\u043e\u043c \u0431\u043b\u0430\u0433\u043e\u0434\u0430\u0440\u044f \u0434\u043e\u0441\u0442\u0443\u043f\u043d\u043e\u0439 \u0446\u0435\u043d\u0435 \u0438 \u043f\u043e\u043b\u0435\u0437\u043d\u044b\u043c \u0444\u0443\u043d\u043a\u0446\u0438\u044f\u043c.<\/p>","protected":false},"excerpt":{"rendered":"<p>FLOW SS PLAST\u0130K BAH\u00c7E TABANCASI Bah\u00e7e sulama i\u015fleriniz i\u00e7in ideal olan FLOW SS Plastik Bah\u00e7e Tabancas\u0131, kullan\u0131m\u0131 kolay ve dayan\u0131kl\u0131 bir \u00e7\u00f6z\u00fcm sunar. \u00d6zellikler: Y\u00fcksek Kaliteli Plastik Malzeme: FLOW SS Bah\u00e7e Tabancas\u0131, dayan\u0131kl\u0131 ve sa\u011flam plastik malzemeden \u00fcretilmi\u015ftir. Uzun \u00f6m\u00fcrl\u00fc kullan\u0131m i\u00e7in tasarlanm\u0131\u015ft\u0131r ve d\u0131\u015f etkilere kar\u015f\u0131 dayan\u0131kl\u0131d\u0131r. Ergonomik Tasar\u0131m: Rahat bir kullan\u0131m sa\u011flamak i\u00e7in [&#8230;]\n","protected":false},"featured_media":13253,"comment_status":"open","ping_status":"closed","template":"","meta":{"jetpack_post_was_ever_published":false},"product_brand":[],"product_cat":[2347],"product_tag":[],"class_list":{"0":"post-13241","1":"product","2":"type-product","3":"status-publish","4":"has-post-thumbnail","6":"product_cat-bahce","8":"first","9":"instock","10":"taxable","11":"shipping-taxable","12":"product-type-simple"},"jetpack-related-posts":[{"id":13239,"url":"https:\/\/tuzlahortum.com.tr\/ru\/product\/flow-ky-metal-govdeli-bahce-tabancasi\/","url_meta":{"origin":13241,"position":0},"title":"\u0421\u0410\u0414\u041e\u0412\u042b\u0419 \u041f\u0418\u0421\u0422\u041e\u041b\u0415\u0422 FLOW KY \u0421 \u041c\u0415\u0422\u0410\u041b\u041b\u0418\u0427\u0415\u0421\u041a\u0418\u041c \u041a\u041e\u0420\u041f\u0423\u0421\u041e\u041c","author":"admin","date":"28 \u043c\u0430\u0440\u0442\u0430 2024","format":false,"excerpt":"FLOW KY METAL G\u00d6VDEL\u0130 BAH\u00c7E TABANCASI FLOW KY Metal G\u00f6vdeli Bah\u00e7e Tabancas\u0131, dayan\u0131kl\u0131 yap\u0131s\u0131 ve kullan\u0131m kolayl\u0131\u011f\u0131 ile bah\u00e7e sulama i\u015flerinizi kolayla\u015ft\u0131rmak i\u00e7in tasarlanm\u0131\u015ft\u0131r. \u00d6zellikler: Metal G\u00f6vde: Tabancan\u0131n sa\u011flam metal g\u00f6vdesi, uzun s\u00fcreli ve dayan\u0131kl\u0131 bir kullan\u0131m sa\u011flar. Paslanmaz \u00e7elikten yap\u0131lm\u0131\u015f olup, d\u0131\u015f etkenlere kar\u015f\u0131 diren\u00e7lidir. Ergonomik Tasar\u0131m: Rahat ve\u2026","rel":"","context":"\u041f\u043e\u0445\u043e\u0436\u0430\u044f \u0437\u0430\u043f\u0438\u0441\u044c","block_context":{"text":"\u041f\u043e\u0445\u043e\u0436\u0430\u044f \u0437\u0430\u043f\u0438\u0441\u044c","link":""},"img":{"alt_text":"","src":"https:\/\/i0.wp.com\/tuzlahortum.com.tr\/wp-content\/uploads\/2024\/03\/ky_metal_govdeli_bahce_tabancasi_2.jpg?fit=800%2C800&ssl=1&resize=350%2C200","width":350,"height":200,"srcset":"https:\/\/i0.wp.com\/tuzlahortum.com.tr\/wp-content\/uploads\/2024\/03\/ky_metal_govdeli_bahce_tabancasi_2.jpg?fit=800%2C800&ssl=1&resize=350%2C200 1x, https:\/\/i0.wp.com\/tuzlahortum.com.tr\/wp-content\/uploads\/2024\/03\/ky_metal_govdeli_bahce_tabancasi_2.jpg?fit=800%2C800&ssl=1&resize=525%2C300 1.5x, https:\/\/i0.wp.com\/tuzlahortum.com.tr\/wp-content\/uploads\/2024\/03\/ky_metal_govdeli_bahce_tabancasi_2.jpg?fit=800%2C800&ssl=1&resize=700%2C400 2x"},"classes":[]},{"id":13240,"url":"https:\/\/tuzlahortum.com.tr\/ru\/product\/flow-fy-metal-govdeli-bahce-tabancasi\/","url_meta":{"origin":13241,"position":1},"title":"\u0421\u0410\u0414\u041e\u0412\u042b\u0419 \u041f\u0418\u0421\u0422\u041e\u041b\u0415\u0422 FLOW FY \u0421 \u041c\u0415\u0422\u0410\u041b\u041b\u0418\u0427\u0415\u0421\u041a\u0418\u041c \u041a\u041e\u0420\u041f\u0423\u0421\u041e\u041c","author":"admin","date":"28 \u043c\u0430\u0440\u0442\u0430 2024","format":false,"excerpt":"FLOW FY METAL G\u00d6VDEL\u0130 BAH\u00c7E TABANCASI Bah\u00e7enizin sulama ihtiya\u00e7lar\u0131n\u0131 kar\u015f\u0131lamak i\u00e7in tasarlanan FLOW FY Metal G\u00f6vdeli Bah\u00e7e Tabancas\u0131, dayan\u0131kl\u0131 yap\u0131s\u0131 ve kullan\u0131m kolayl\u0131\u011f\u0131 ile dikkat \u00e7eker. \u00d6zellikler: Metal G\u00f6vde: Tabancan\u0131n g\u00f6vdesi y\u00fcksek kaliteli metalden imal edilmi\u015ftir. Bu sayede dayan\u0131kl\u0131 ve uzun \u00f6m\u00fcrl\u00fc bir kullan\u0131m sa\u011flar. Ergonomik Tasar\u0131m: Rahat ve uzun\u2026","rel":"","context":"\u041f\u043e\u0445\u043e\u0436\u0430\u044f \u0437\u0430\u043f\u0438\u0441\u044c","block_context":{"text":"\u041f\u043e\u0445\u043e\u0436\u0430\u044f \u0437\u0430\u043f\u0438\u0441\u044c","link":""},"img":{"alt_text":"","src":"https:\/\/i0.wp.com\/tuzlahortum.com.tr\/wp-content\/uploads\/2024\/03\/fy_metal_govdeli_bahce_tabancasi_2.jpg?fit=800%2C800&ssl=1&resize=350%2C200","width":350,"height":200,"srcset":"https:\/\/i0.wp.com\/tuzlahortum.com.tr\/wp-content\/uploads\/2024\/03\/fy_metal_govdeli_bahce_tabancasi_2.jpg?fit=800%2C800&ssl=1&resize=350%2C200 1x, https:\/\/i0.wp.com\/tuzlahortum.com.tr\/wp-content\/uploads\/2024\/03\/fy_metal_govdeli_bahce_tabancasi_2.jpg?fit=800%2C800&ssl=1&resize=525%2C300 1.5x, https:\/\/i0.wp.com\/tuzlahortum.com.tr\/wp-content\/uploads\/2024\/03\/fy_metal_govdeli_bahce_tabancasi_2.jpg?fit=800%2C800&ssl=1&resize=700%2C400 2x"},"classes":[]},{"id":13238,"url":"https:\/\/tuzlahortum.com.tr\/ru\/product\/flow-gr-komple-metal-bahce-tabancasi\/","url_meta":{"origin":13241,"position":2},"title":"\u041c\u0415\u0422\u0410\u041b\u041b\u0418\u0427\u0415\u0421\u041a\u0418\u0419 \u0421\u0410\u0414\u041e\u0412\u042b\u0419 \u041f\u0418\u0421\u0422\u041e\u041b\u0415\u0422 FLOW GR \u0412 \u041a\u041e\u041c\u041f\u041b\u0415\u041a\u0422\u0415","author":"admin","date":"28 \u043c\u0430\u0440\u0442\u0430 2024","format":false,"excerpt":"FLOW GR KOMPLE METAL BAH\u00c7E TABANCASI FLOW GR Komple Metal Bah\u00e7e Tabancas\u0131, sa\u011flam metal yap\u0131s\u0131 ve kullan\u0131m\u0131 kolay \u00f6zellikleriyle bah\u00e7e sulama i\u015flerinizi etkili bir \u015fekilde yerine getirmenizi sa\u011flar. \u00d6zellikler: Dayan\u0131kl\u0131 Metal Yap\u0131: Tabancan\u0131n tamam\u0131 y\u00fcksek kaliteli metal malzemeden \u00fcretilmi\u015ftir. Bu sayede uzun s\u00fcreli kullan\u0131ma dayan\u0131kl\u0131d\u0131r ve d\u0131\u015f etkenlere kar\u015f\u0131 diren\u00e7lidir.\u2026","rel":"","context":"\u041f\u043e\u0445\u043e\u0436\u0430\u044f \u0437\u0430\u043f\u0438\u0441\u044c","block_context":{"text":"\u041f\u043e\u0445\u043e\u0436\u0430\u044f \u0437\u0430\u043f\u0438\u0441\u044c","link":""},"img":{"alt_text":"","src":"https:\/\/i0.wp.com\/tuzlahortum.com.tr\/wp-content\/uploads\/2024\/03\/gr_komple_metal_bahce_tabancasi_4.jpg?fit=800%2C800&ssl=1&resize=350%2C200","width":350,"height":200,"srcset":"https:\/\/i0.wp.com\/tuzlahortum.com.tr\/wp-content\/uploads\/2024\/03\/gr_komple_metal_bahce_tabancasi_4.jpg?fit=800%2C800&ssl=1&resize=350%2C200 1x, https:\/\/i0.wp.com\/tuzlahortum.com.tr\/wp-content\/uploads\/2024\/03\/gr_komple_metal_bahce_tabancasi_4.jpg?fit=800%2C800&ssl=1&resize=525%2C300 1.5x, https:\/\/i0.wp.com\/tuzlahortum.com.tr\/wp-content\/uploads\/2024\/03\/gr_komple_metal_bahce_tabancasi_4.jpg?fit=800%2C800&ssl=1&resize=700%2C400 2x"},"classes":[]},{"id":13242,"url":"https:\/\/tuzlahortum.com.tr\/ru\/product\/flow-eko-bahce-sulama-tabancasi-seti\/","url_meta":{"origin":13241,"position":3},"title":"\u041d\u0410\u0411\u041e\u0420 \u041f\u041e\u041b\u0418\u0412\u041a\u041e\u0412 \u0414\u041b\u042f \u0421\u0410\u0414\u041e\u0412 FLOW ECO","author":"admin","date":"28 \u043c\u0430\u0440\u0442\u0430 2024","format":false,"excerpt":"FLOW EKO BAH\u00c7E SULAMA TABANCASI SET\u0130 Bah\u00e7e sulama ihtiya\u00e7lar\u0131n\u0131z\u0131 kar\u015f\u0131lamak i\u00e7in tasarlanan FLOW EKO Bah\u00e7e Sulama Nozul Seti, pratik ve etkili bir sulama \u00e7\u00f6z\u00fcm\u00fc sunar. Set, bir tabanca, iki hortum g\u00f6vde ve bir di\u015fi u\u00e7 olmak \u00fczere toplamda d\u00f6rt par\u00e7adan olu\u015fur. \u00d6zellikler: Tabanca: Setin bir par\u00e7as\u0131 olan tabanca, farkl\u0131 sulama\u2026","rel":"","context":"\u041f\u043e\u0445\u043e\u0436\u0430\u044f \u0437\u0430\u043f\u0438\u0441\u044c","block_context":{"text":"\u041f\u043e\u0445\u043e\u0436\u0430\u044f \u0437\u0430\u043f\u0438\u0441\u044c","link":""},"img":{"alt_text":"","src":"https:\/\/i0.wp.com\/tuzlahortum.com.tr\/wp-content\/uploads\/2024\/03\/bahce_tabanca_seti_2.jpg?fit=800%2C800&ssl=1&resize=350%2C200","width":350,"height":200,"srcset":"https:\/\/i0.wp.com\/tuzlahortum.com.tr\/wp-content\/uploads\/2024\/03\/bahce_tabanca_seti_2.jpg?fit=800%2C800&ssl=1&resize=350%2C200 1x, https:\/\/i0.wp.com\/tuzlahortum.com.tr\/wp-content\/uploads\/2024\/03\/bahce_tabanca_seti_2.jpg?fit=800%2C800&ssl=1&resize=525%2C300 1.5x, https:\/\/i0.wp.com\/tuzlahortum.com.tr\/wp-content\/uploads\/2024\/03\/bahce_tabanca_seti_2.jpg?fit=800%2C800&ssl=1&resize=700%2C400 2x"},"classes":[]},{"id":13224,"url":"https:\/\/tuzlahortum.com.tr\/ru\/product\/flow-plastik-hortum-askisi\/","url_meta":{"origin":13241,"position":4},"title":"\u041f\u041e\u0414\u0412\u0415\u0421\u041a\u0410 \u0414\u041b\u042f \u041f\u041b\u0410\u0421\u0422\u0418\u041a\u041e\u0412\u041e\u0413\u041e \u0428\u041b\u0410\u041d\u0413\u0410 FLOW","author":"admin","date":"28 \u043c\u0430\u0440\u0442\u0430 2024","format":false,"excerpt":"FLOW PLAST\u0130K HORTUM ASKISI FLOW Plastik Hortum Ask\u0131s\u0131, bah\u00e7e hortumlar\u0131n\u0131z\u0131 d\u00fczenli tutmak ve saklamak i\u00e7in ideal bir \u00e7\u00f6z\u00fcmd\u00fcr. \u00d6zellikler: Dayan\u0131kl\u0131 Plastik Malzeme: Y\u00fcksek kaliteli plastikten \u00fcretilmi\u015ftir, bu da uzun s\u00fcreli kullan\u0131m i\u00e7in dayan\u0131kl\u0131 ve sa\u011flam bir yap\u0131 sa\u011flar. Kolay Montaj: Basit montaj \u00f6zelli\u011fi sayesinde, duvar veya bah\u00e7e duvarlar\u0131na kolayca monte\u2026","rel":"","context":"\u041f\u043e\u0445\u043e\u0436\u0430\u044f \u0437\u0430\u043f\u0438\u0441\u044c","block_context":{"text":"\u041f\u043e\u0445\u043e\u0436\u0430\u044f \u0437\u0430\u043f\u0438\u0441\u044c","link":""},"img":{"alt_text":"","src":"https:\/\/i0.wp.com\/tuzlahortum.com.tr\/wp-content\/uploads\/2024\/03\/hortum_askisi_1.jpg?fit=800%2C800&ssl=1&resize=350%2C200","width":350,"height":200,"srcset":"https:\/\/i0.wp.com\/tuzlahortum.com.tr\/wp-content\/uploads\/2024\/03\/hortum_askisi_1.jpg?fit=800%2C800&ssl=1&resize=350%2C200 1x, https:\/\/i0.wp.com\/tuzlahortum.com.tr\/wp-content\/uploads\/2024\/03\/hortum_askisi_1.jpg?fit=800%2C800&ssl=1&resize=525%2C300 1.5x, https:\/\/i0.wp.com\/tuzlahortum.com.tr\/wp-content\/uploads\/2024\/03\/hortum_askisi_1.jpg?fit=800%2C800&ssl=1&resize=700%2C400 2x"},"classes":[]},{"id":13220,"url":"https:\/\/tuzlahortum.com.tr\/ru\/product\/flow-kazikli-fiskiye\/","url_meta":{"origin":13241,"position":5},"title":"\u0424\u041e\u041d\u0422\u0410\u041d \u0418\u0417 \u041f\u041e\u0422\u041e\u041a\u0410","author":"admin","date":"28 \u043c\u0430\u0440\u0442\u0430 2024","format":false,"excerpt":"FLOW KAZIKLI FISK\u0130YE FLOW Kaz\u0131kl\u0131 F\u0131skiye, bah\u00e7enizde bitkilerinizi sulamak i\u00e7in pratik bir \u00e7\u00f6z\u00fcm sunar. Kolay montaj\u0131 ve kullan\u0131m\u0131 ile dikkat \u00e7eker. \u00d6zellikler: Kolay Kurulum: Kaz\u0131k \u015feklindeki tasar\u0131m\u0131 sayesinde, f\u0131skiye h\u0131zl\u0131 ve kolay bir \u015fekilde topra\u011fa yerle\u015ftirilebilir. Herhangi bir ek ara\u00e7 veya ekipman gerektirmez. Ayarlama \u0130mkan\u0131: F\u0131skiye ba\u015fl\u0131\u011f\u0131 ayarlanabilir \u00f6zelliktedir, b\u00f6ylece\u2026","rel":"","context":"\u041f\u043e\u0445\u043e\u0436\u0430\u044f \u0437\u0430\u043f\u0438\u0441\u044c","block_context":{"text":"\u041f\u043e\u0445\u043e\u0436\u0430\u044f \u0437\u0430\u043f\u0438\u0441\u044c","link":""},"img":{"alt_text":"FLOW KAZIKLI FISK\u0130YE","src":"https:\/\/i0.wp.com\/tuzlahortum.com.tr\/wp-content\/uploads\/2024\/03\/bahce_fiskiye_kazikli_1.jpg?fit=800%2C800&ssl=1&resize=350%2C200","width":350,"height":200,"srcset":"https:\/\/i0.wp.com\/tuzlahortum.com.tr\/wp-content\/uploads\/2024\/03\/bahce_fiskiye_kazikli_1.jpg?fit=800%2C800&ssl=1&resize=350%2C200 1x, https:\/\/i0.wp.com\/tuzlahortum.com.tr\/wp-content\/uploads\/2024\/03\/bahce_fiskiye_kazikli_1.jpg?fit=800%2C800&ssl=1&resize=525%2C300 1.5x, https:\/\/i0.wp.com\/tuzlahortum.com.tr\/wp-content\/uploads\/2024\/03\/bahce_fiskiye_kazikli_1.jpg?fit=800%2C800&ssl=1&resize=700%2C400 2x"},"classes":[]}],"jetpack_sharing_enabled":true,"jetpack_likes_enabled":true,"_links":{"self":[{"href":"https:\/\/tuzlahortum.com.tr\/ru\/wp-json\/wp\/v2\/product\/13241","targetHints":{"allow":["GET"]}}],"collection":[{"href":"https:\/\/tuzlahortum.com.tr\/ru\/wp-json\/wp\/v2\/product"}],"about":[{"href":"https:\/\/tuzlahortum.com.tr\/ru\/wp-json\/wp\/v2\/types\/product"}],"replies":[{"embeddable":true,"href":"https:\/\/tuzlahortum.com.tr\/ru\/wp-json\/wp\/v2\/comments?post=13241"}],"wp:featuredmedia":[{"embeddable":true,"href":"https:\/\/tuzlahortum.com.tr\/ru\/wp-json\/wp\/v2\/media\/13253"}],"wp:attachment":[{"href":"https:\/\/tuzlahortum.com.tr\/ru\/wp-json\/wp\/v2\/media?parent=13241"}],"wp:term":[{"taxonomy":"product_brand","embeddable":true,"href":"https:\/\/tuzlahortum.com.tr\/ru\/wp-json\/wp\/v2\/product_brand?post=13241"},{"taxonomy":"product_cat","embeddable":true,"href":"https:\/\/tuzlahortum.com.tr\/ru\/wp-json\/wp\/v2\/product_cat?post=13241"},{"taxonomy":"product_tag","embeddable":true,"href":"https:\/\/tuzlahortum.com.tr\/ru\/wp-json\/wp\/v2\/product_tag?post=13241"}],"curies":[{"name":"wp","href":"https:\/\/api.w.org\/{rel}","templated":true}]}}