{"id":13239,"date":"2024-03-28T17:35:48","date_gmt":"2024-03-28T14:35:48","guid":{"rendered":"https:\/\/tuzlahortum.com.tr\/?post_type=product&#038;p=13239"},"modified":"2025-08-20T11:58:02","modified_gmt":"2025-08-20T08:58:02","slug":"flow-ky-metal-govdeli-bahce-tabancasi","status":"publish","type":"product","link":"https:\/\/tuzlahortum.com.tr\/ru\/product\/flow-ky-metal-govdeli-bahce-tabancasi\/","title":{"rendered":"\u0421\u0410\u0414\u041e\u0412\u042b\u0419 \u041f\u0418\u0421\u0422\u041e\u041b\u0415\u0422 FLOW KY \u0421 \u041c\u0415\u0422\u0410\u041b\u041b\u0418\u0427\u0415\u0421\u041a\u0418\u041c \u041a\u041e\u0420\u041f\u0423\u0421\u041e\u041c"},"content":{"rendered":"<p>\u0421\u0410\u0414\u041e\u0412\u042b\u0419 \u041f\u0418\u0421\u0422\u041e\u041b\u0415\u0422 FLOW KY \u0421 \u041c\u0415\u0422\u0410\u041b\u041b\u0418\u0427\u0415\u0421\u041a\u0418\u041c \u041a\u041e\u0420\u041f\u0423\u0421\u041e\u041c<\/p>\n<p>\u0421\u0430\u0434\u043e\u0432\u044b\u0439 \u043f\u0438\u0441\u0442\u043e\u043b\u0435\u0442 FLOW KY \u0441 \u043c\u0435\u0442\u0430\u043b\u043b\u0438\u0447\u0435\u0441\u043a\u0438\u043c \u043a\u043e\u0440\u043f\u0443\u0441\u043e\u043c \u0441\u043e\u0437\u0434\u0430\u043d \u0434\u043b\u044f \u043e\u0431\u043b\u0435\u0433\u0447\u0435\u043d\u0438\u044f \u043f\u043e\u043b\u0438\u0432\u0430 \u0432\u0430\u0448\u0435\u0433\u043e \u0441\u0430\u0434\u0430 \u0431\u043b\u0430\u0433\u043e\u0434\u0430\u0440\u044f \u0441\u0432\u043e\u0435\u0439 \u043f\u0440\u043e\u0447\u043d\u043e\u0439 \u043a\u043e\u043d\u0441\u0442\u0440\u0443\u043a\u0446\u0438\u0438 \u0438 \u043f\u0440\u043e\u0441\u0442\u043e\u0442\u0435 \u0438\u0441\u043f\u043e\u043b\u044c\u0437\u043e\u0432\u0430\u043d\u0438\u044f.<\/p>\n<p>\u0424\u0443\u043d\u043a\u0446\u0438\u0438:<\/p>\n<ol>\n<li><strong>\u041c\u0435\u0442\u0430\u043b\u043b\u0438\u0447\u0435\u0441\u043a\u0438\u0439 \u043a\u043e\u0440\u043f\u0443\u0441<\/strong>: \u041f\u0440\u043e\u0447\u043d\u044b\u0439 \u043c\u0435\u0442\u0430\u043b\u043b\u0438\u0447\u0435\u0441\u043a\u0438\u0439 \u043a\u043e\u0440\u043f\u0443\u0441 \u043f\u0438\u0441\u0442\u043e\u043b\u0435\u0442\u0430 \u043e\u0431\u0435\u0441\u043f\u0435\u0447\u0438\u0432\u0430\u0435\u0442 \u0434\u043b\u0438\u0442\u0435\u043b\u044c\u043d\u043e\u0435 \u0438 \u043d\u0430\u0434\u0435\u0436\u043d\u043e\u0435 \u0438\u0441\u043f\u043e\u043b\u044c\u0437\u043e\u0432\u0430\u043d\u0438\u0435. \u041e\u043d \u0438\u0437\u0433\u043e\u0442\u043e\u0432\u043b\u0435\u043d \u0438\u0437 \u043d\u0435\u0440\u0436\u0430\u0432\u0435\u044e\u0449\u0435\u0439 \u0441\u0442\u0430\u043b\u0438 \u0438 \u0443\u0441\u0442\u043e\u0439\u0447\u0438\u0432 \u043a \u0432\u043d\u0435\u0448\u043d\u0438\u043c \u0444\u0430\u043a\u0442\u043e\u0440\u0430\u043c.<\/li>\n<li><strong>\u042d\u0440\u0433\u043e\u043d\u043e\u043c\u0438\u0447\u043d\u044b\u0439 \u0434\u0438\u0437\u0430\u0439\u043d<\/strong>: \u0418\u043c\u0435\u0435\u0442 \u0443\u0434\u043e\u0431\u043d\u044b\u0439 \u0438 \u0443\u0434\u043e\u0431\u043d\u044b\u0439 \u0434\u0438\u0437\u0430\u0439\u043d. \u042d\u0440\u0433\u043e\u043d\u043e\u043c\u0438\u0447\u043d\u0430\u044f \u0440\u0443\u0447\u043a\u0430 \u0430\u0434\u0430\u043f\u0442\u0438\u0440\u0443\u0435\u0442\u0441\u044f \u043a \u0432\u0430\u0448\u0435\u0439 \u0440\u0443\u043a\u0435 \u0438 \u043e\u0431\u0435\u0441\u043f\u0435\u0447\u0438\u0432\u0430\u0435\u0442 \u043a\u043e\u043c\u0444\u043e\u0440\u0442 \u0434\u0430\u0436\u0435 \u043f\u0440\u0438 \u0434\u043b\u0438\u0442\u0435\u043b\u044c\u043d\u043e\u043c \u0438\u0441\u043f\u043e\u043b\u044c\u0437\u043e\u0432\u0430\u043d\u0438\u0438.<\/li>\n<li><strong>\u0420\u0430\u0437\u043b\u0438\u0447\u043d\u044b\u0435 \u0440\u0435\u0436\u0438\u043c\u044b \u0440\u0430\u0441\u043f\u044b\u043b\u0435\u043d\u0438\u044f<\/strong>: \u0421\u0430\u0434\u043e\u0432\u044b\u0439 \u043f\u0438\u0441\u0442\u043e\u043b\u0435\u0442 FLOW KY \u0438\u043c\u0435\u0435\u0442 \u0440\u0430\u0437\u043b\u0438\u0447\u043d\u044b\u0435 \u0440\u0435\u0436\u0438\u043c\u044b \u0440\u0430\u0441\u043f\u044b\u043b\u0435\u043d\u0438\u044f, \u043a\u043e\u0442\u043e\u0440\u044b\u0435 \u043c\u043e\u0436\u043d\u043e \u043d\u0430\u0441\u0442\u0440\u043e\u0438\u0442\u044c \u0432 \u0441\u043e\u043e\u0442\u0432\u0435\u0442\u0441\u0442\u0432\u0438\u0438 \u0441 \u0440\u0430\u0437\u043b\u0438\u0447\u043d\u044b\u043c\u0438 \u043f\u043e\u0442\u0440\u0435\u0431\u043d\u043e\u0441\u0442\u044f\u043c\u0438 \u0432 \u043f\u043e\u043b\u0438\u0432\u0435. \u042d\u0442\u0438 \u0440\u0435\u0436\u0438\u043c\u044b \u0432\u043a\u043b\u044e\u0447\u0430\u044e\u0442 \u0432 \u0441\u0435\u0431\u044f \u0442\u0430\u043a\u0438\u0435 \u043f\u0430\u0440\u0430\u043c\u0435\u0442\u0440\u044b, \u043a\u0430\u043a \u0441\u0442\u0440\u0443\u044f, \u0434\u043e\u0436\u0434\u044c, \u043a\u043e\u043d\u0443\u0441 \u0438 \u0442\u0443\u043c\u0430\u043d.<\/li>\n<li><strong>\u041f\u0440\u043e\u0447\u043d\u044b\u0439 \u0438 \u043d\u0435\u0440\u0436\u0430\u0432\u0435\u044e\u0449\u0438\u0439 \u043c\u0430\u0442\u0435\u0440\u0438\u0430\u043b<\/strong>: \u0412\u044b\u0441\u043e\u043a\u043e\u043a\u0430\u0447\u0435\u0441\u0442\u0432\u0435\u043d\u043d\u044b\u0439 \u043c\u0435\u0442\u0430\u043b\u043b\u0438\u0447\u0435\u0441\u043a\u0438\u0439 \u043c\u0430\u0442\u0435\u0440\u0438\u0430\u043b \u0443\u0441\u0442\u043e\u0439\u0447\u0438\u0432 \u043a \u0440\u0436\u0430\u0432\u0447\u0438\u043d\u0435 \u0438 \u043e\u0431\u0435\u0441\u043f\u0435\u0447\u0438\u0432\u0430\u0435\u0442 \u043d\u0430\u0434\u0435\u0436\u043d\u0443\u044e \u043a\u043e\u043d\u0441\u0442\u0440\u0443\u043a\u0446\u0438\u044e \u0434\u043b\u044f \u0434\u043b\u0438\u0442\u0435\u043b\u044c\u043d\u043e\u0433\u043e \u0438\u0441\u043f\u043e\u043b\u044c\u0437\u043e\u0432\u0430\u043d\u0438\u044f.<\/li>\n<li><strong>\u041f\u0440\u043e\u0441\u0442\u043e\u0442\u0430 \u0432 \u0438\u0441\u043f\u043e\u043b\u044c\u0437\u043e\u0432\u0430\u043d\u0438\u0438<\/strong>: \u0411\u043b\u0430\u0433\u043e\u0434\u0430\u0440\u044f \u043f\u0440\u043e\u0441\u0442\u044b\u043c \u0438 \u0443\u0434\u043e\u0431\u043d\u044b\u043c \u0432 \u0438\u0441\u043f\u043e\u043b\u044c\u0437\u043e\u0432\u0430\u043d\u0438\u0438 \u043a\u043d\u043e\u043f\u043a\u0430\u043c \u0443\u043f\u0440\u0430\u0432\u043b\u0435\u043d\u0438\u044f \u0441\u0430\u0434\u043e\u0432\u044b\u0439 \u043f\u0438\u0441\u0442\u043e\u043b\u0435\u0442 FLOW KY \u043f\u043e\u0437\u0432\u043e\u043b\u044f\u0435\u0442 \u0432\u044b\u043f\u043e\u043b\u043d\u044f\u0442\u044c \u043f\u043e\u043b\u0438\u0432 \u0431\u044b\u0441\u0442\u0440\u043e \u0438 \u044d\u0444\u0444\u0435\u043a\u0442\u0438\u0432\u043d\u043e.<\/li>\n<\/ol>\n<p>\u0427\u0442\u043e\u0431\u044b \u0441\u0434\u0435\u043b\u0430\u0442\u044c \u043f\u043e\u043b\u0438\u0432 \u0432\u0430\u0448\u0435\u0433\u043e \u0441\u0430\u0434\u0430 \u0431\u043e\u043b\u0435\u0435 \u044d\u0444\u0444\u0435\u043a\u0442\u0438\u0432\u043d\u044b\u043c \u0438 \u043f\u0440\u0438\u044f\u0442\u043d\u044b\u043c, \u0441\u0430\u0434\u043e\u0432\u044b\u0439 \u043f\u0438\u0441\u0442\u043e\u043b\u0435\u0442 FLOW KY \u0441 \u043c\u0435\u0442\u0430\u043b\u043b\u0438\u0447\u0435\u0441\u043a\u0438\u043c \u043a\u043e\u0440\u043f\u0443\u0441\u043e\u043c \u044f\u0432\u043b\u044f\u0435\u0442\u0441\u044f \u0438\u0434\u0435\u0430\u043b\u044c\u043d\u044b\u043c \u0432\u0430\u0440\u0438\u0430\u043d\u0442\u043e\u043c \u0431\u043b\u0430\u0433\u043e\u0434\u0430\u0440\u044f \u0441\u0432\u043e\u0435\u0439 \u043f\u0440\u043e\u0447\u043d\u043e\u0439 \u043a\u043e\u043d\u0441\u0442\u0440\u0443\u043a\u0446\u0438\u0438 \u0438 \u043f\u0440\u043e\u0441\u0442\u043e\u0442\u0435 \u0438\u0441\u043f\u043e\u043b\u044c\u0437\u043e\u0432\u0430\u043d\u0438\u044f.<\/p>","protected":false},"excerpt":{"rendered":"<p>FLOW KY METAL G\u00d6VDEL\u0130 BAH\u00c7E TABANCASI FLOW KY Metal G\u00f6vdeli Bah\u00e7e Tabancas\u0131, dayan\u0131kl\u0131 yap\u0131s\u0131 ve kullan\u0131m kolayl\u0131\u011f\u0131 ile bah\u00e7e sulama i\u015flerinizi kolayla\u015ft\u0131rmak i\u00e7in tasarlanm\u0131\u015ft\u0131r. \u00d6zellikler: Metal G\u00f6vde: Tabancan\u0131n sa\u011flam metal g\u00f6vdesi, uzun s\u00fcreli ve dayan\u0131kl\u0131 bir kullan\u0131m sa\u011flar. Paslanmaz \u00e7elikten yap\u0131lm\u0131\u015f olup, d\u0131\u015f etkenlere kar\u015f\u0131 diren\u00e7lidir. Ergonomik Tasar\u0131m: Rahat ve kullan\u0131c\u0131 dostu bir tasar\u0131ma sahiptir. [&#8230;]\n","protected":false},"featured_media":13264,"comment_status":"open","ping_status":"closed","template":"","meta":{"jetpack_post_was_ever_published":true},"product_brand":[],"product_cat":[2347],"product_tag":[],"class_list":{"0":"post-13239","1":"product","2":"type-product","3":"status-publish","4":"has-post-thumbnail","6":"product_cat-bahce","8":"first","9":"instock","10":"taxable","11":"shipping-taxable","12":"product-type-simple"},"jetpack-related-posts":[{"id":13240,"url":"https:\/\/tuzlahortum.com.tr\/ru\/product\/flow-fy-metal-govdeli-bahce-tabancasi\/","url_meta":{"origin":13239,"position":0},"title":"\u0421\u0410\u0414\u041e\u0412\u042b\u0419 \u041f\u0418\u0421\u0422\u041e\u041b\u0415\u0422 FLOW FY \u0421 \u041c\u0415\u0422\u0410\u041b\u041b\u0418\u0427\u0415\u0421\u041a\u0418\u041c \u041a\u041e\u0420\u041f\u0423\u0421\u041e\u041c","author":"admin","date":"28 \u043c\u0430\u0440\u0442\u0430 2024","format":false,"excerpt":"FLOW FY METAL G\u00d6VDEL\u0130 BAH\u00c7E TABANCASI Bah\u00e7enizin sulama ihtiya\u00e7lar\u0131n\u0131 kar\u015f\u0131lamak i\u00e7in tasarlanan FLOW FY Metal G\u00f6vdeli Bah\u00e7e Tabancas\u0131, dayan\u0131kl\u0131 yap\u0131s\u0131 ve kullan\u0131m kolayl\u0131\u011f\u0131 ile dikkat \u00e7eker. \u00d6zellikler: Metal G\u00f6vde: Tabancan\u0131n g\u00f6vdesi y\u00fcksek kaliteli metalden imal edilmi\u015ftir. Bu sayede dayan\u0131kl\u0131 ve uzun \u00f6m\u00fcrl\u00fc bir kullan\u0131m sa\u011flar. Ergonomik Tasar\u0131m: Rahat ve uzun\u2026","rel":"","context":"\u041f\u043e\u0445\u043e\u0436\u0430\u044f \u0437\u0430\u043f\u0438\u0441\u044c","block_context":{"text":"\u041f\u043e\u0445\u043e\u0436\u0430\u044f \u0437\u0430\u043f\u0438\u0441\u044c","link":""},"img":{"alt_text":"","src":"https:\/\/i0.wp.com\/tuzlahortum.com.tr\/wp-content\/uploads\/2024\/03\/fy_metal_govdeli_bahce_tabancasi_2.jpg?fit=800%2C800&ssl=1&resize=350%2C200","width":350,"height":200,"srcset":"https:\/\/i0.wp.com\/tuzlahortum.com.tr\/wp-content\/uploads\/2024\/03\/fy_metal_govdeli_bahce_tabancasi_2.jpg?fit=800%2C800&ssl=1&resize=350%2C200 1x, https:\/\/i0.wp.com\/tuzlahortum.com.tr\/wp-content\/uploads\/2024\/03\/fy_metal_govdeli_bahce_tabancasi_2.jpg?fit=800%2C800&ssl=1&resize=525%2C300 1.5x, https:\/\/i0.wp.com\/tuzlahortum.com.tr\/wp-content\/uploads\/2024\/03\/fy_metal_govdeli_bahce_tabancasi_2.jpg?fit=800%2C800&ssl=1&resize=700%2C400 2x"},"classes":[]},{"id":13238,"url":"https:\/\/tuzlahortum.com.tr\/ru\/product\/flow-gr-komple-metal-bahce-tabancasi\/","url_meta":{"origin":13239,"position":1},"title":"\u041c\u0415\u0422\u0410\u041b\u041b\u0418\u0427\u0415\u0421\u041a\u0418\u0419 \u0421\u0410\u0414\u041e\u0412\u042b\u0419 \u041f\u0418\u0421\u0422\u041e\u041b\u0415\u0422 FLOW GR \u0412 \u041a\u041e\u041c\u041f\u041b\u0415\u041a\u0422\u0415","author":"admin","date":"28 \u043c\u0430\u0440\u0442\u0430 2024","format":false,"excerpt":"FLOW GR KOMPLE METAL BAH\u00c7E TABANCASI FLOW GR Komple Metal Bah\u00e7e Tabancas\u0131, sa\u011flam metal yap\u0131s\u0131 ve kullan\u0131m\u0131 kolay \u00f6zellikleriyle bah\u00e7e sulama i\u015flerinizi etkili bir \u015fekilde yerine getirmenizi sa\u011flar. \u00d6zellikler: Dayan\u0131kl\u0131 Metal Yap\u0131: Tabancan\u0131n tamam\u0131 y\u00fcksek kaliteli metal malzemeden \u00fcretilmi\u015ftir. Bu sayede uzun s\u00fcreli kullan\u0131ma dayan\u0131kl\u0131d\u0131r ve d\u0131\u015f etkenlere kar\u015f\u0131 diren\u00e7lidir.\u2026","rel":"","context":"\u041f\u043e\u0445\u043e\u0436\u0430\u044f \u0437\u0430\u043f\u0438\u0441\u044c","block_context":{"text":"\u041f\u043e\u0445\u043e\u0436\u0430\u044f \u0437\u0430\u043f\u0438\u0441\u044c","link":""},"img":{"alt_text":"","src":"https:\/\/i0.wp.com\/tuzlahortum.com.tr\/wp-content\/uploads\/2024\/03\/gr_komple_metal_bahce_tabancasi_4.jpg?fit=800%2C800&ssl=1&resize=350%2C200","width":350,"height":200,"srcset":"https:\/\/i0.wp.com\/tuzlahortum.com.tr\/wp-content\/uploads\/2024\/03\/gr_komple_metal_bahce_tabancasi_4.jpg?fit=800%2C800&ssl=1&resize=350%2C200 1x, https:\/\/i0.wp.com\/tuzlahortum.com.tr\/wp-content\/uploads\/2024\/03\/gr_komple_metal_bahce_tabancasi_4.jpg?fit=800%2C800&ssl=1&resize=525%2C300 1.5x, https:\/\/i0.wp.com\/tuzlahortum.com.tr\/wp-content\/uploads\/2024\/03\/gr_komple_metal_bahce_tabancasi_4.jpg?fit=800%2C800&ssl=1&resize=700%2C400 2x"},"classes":[]},{"id":13241,"url":"https:\/\/tuzlahortum.com.tr\/ru\/product\/flow-ss-plastik-bahce-tabancasi\/","url_meta":{"origin":13239,"position":2},"title":"\u041f\u041b\u0410\u0421\u0422\u0418\u041a\u041e\u0412\u042b\u0419 \u0421\u0410\u0414\u041e\u0412\u042b\u0419 \u041f\u0418\u0421\u0422\u041e\u041b\u0415\u0422 FLOW SS","author":"admin","date":"28 \u043c\u0430\u0440\u0442\u0430 2024","format":false,"excerpt":"FLOW SS PLAST\u0130K BAH\u00c7E TABANCASI Bah\u00e7e sulama i\u015fleriniz i\u00e7in ideal olan FLOW SS Plastik Bah\u00e7e Tabancas\u0131, kullan\u0131m\u0131 kolay ve dayan\u0131kl\u0131 bir \u00e7\u00f6z\u00fcm sunar. \u00d6zellikler: Y\u00fcksek Kaliteli Plastik Malzeme: FLOW SS Bah\u00e7e Tabancas\u0131, dayan\u0131kl\u0131 ve sa\u011flam plastik malzemeden \u00fcretilmi\u015ftir. Uzun \u00f6m\u00fcrl\u00fc kullan\u0131m i\u00e7in tasarlanm\u0131\u015ft\u0131r ve d\u0131\u015f etkilere kar\u015f\u0131 dayan\u0131kl\u0131d\u0131r. Ergonomik Tasar\u0131m:\u2026","rel":"","context":"\u041f\u043e\u0445\u043e\u0436\u0430\u044f \u0437\u0430\u043f\u0438\u0441\u044c","block_context":{"text":"\u041f\u043e\u0445\u043e\u0436\u0430\u044f \u0437\u0430\u043f\u0438\u0441\u044c","link":""},"img":{"alt_text":"","src":"https:\/\/i0.wp.com\/tuzlahortum.com.tr\/wp-content\/uploads\/2024\/03\/ss_plastik_bahce_tabancasi_3.jpg?fit=800%2C800&ssl=1&resize=350%2C200","width":350,"height":200,"srcset":"https:\/\/i0.wp.com\/tuzlahortum.com.tr\/wp-content\/uploads\/2024\/03\/ss_plastik_bahce_tabancasi_3.jpg?fit=800%2C800&ssl=1&resize=350%2C200 1x, https:\/\/i0.wp.com\/tuzlahortum.com.tr\/wp-content\/uploads\/2024\/03\/ss_plastik_bahce_tabancasi_3.jpg?fit=800%2C800&ssl=1&resize=525%2C300 1.5x, https:\/\/i0.wp.com\/tuzlahortum.com.tr\/wp-content\/uploads\/2024\/03\/ss_plastik_bahce_tabancasi_3.jpg?fit=800%2C800&ssl=1&resize=700%2C400 2x"},"classes":[]},{"id":13248,"url":"https:\/\/tuzlahortum.com.tr\/ru\/product\/flow-mt-komple-metal-bahce-tabancasi\/","url_meta":{"origin":13239,"position":3},"title":"\u041c\u0415\u0422\u0410\u041b\u041b\u0418\u0427\u0415\u0421\u041a\u0418\u0419 \u0421\u0410\u0414\u041e\u0412\u042b\u0419 \u041f\u0418\u0421\u0422\u041e\u041b\u0415\u0422 FLOW MT \u0412 \u041a\u041e\u041c\u041f\u041b\u0415\u041a\u0422\u0415","author":"admin","date":"28 \u043c\u0430\u0440\u0442\u0430 2024","format":false,"excerpt":"FLOW MT Komple Metal Bah\u00e7e Tabancas\u0131 Standart 1\/2\" - 3\/4\" hortuma kolayca ba\u011flanabilen, t\u00fcm standart bah\u00e7e hortumlar\u0131na uygun. G\u00fc\u00e7l\u00fc, Dayan\u0131kl\u0131, \u00c7izilmeye Kar\u015f\u0131 Diren\u00e7li ve Donma \/Hasar\u0131na Kar\u015f\u0131 Dayan\u0131kl\u0131. %100 metalden yap\u0131lm\u0131\u015f ve \u015fok diren\u00e7li lastikle \u00e7evrili bir kadran\u0131 bulunmaktad\u0131r. Yenilenmi\u015f sa\u011flam p\u00fcsk\u00fcrtme ucu ve \u00e7inko ala\u015f\u0131ml\u0131 p\u00fcsk\u00fcrt\u00fcc\u00fc g\u00f6vdesi mevcuttur. Metal\u2026","rel":"","context":"\u041f\u043e\u0445\u043e\u0436\u0430\u044f \u0437\u0430\u043f\u0438\u0441\u044c","block_context":{"text":"\u041f\u043e\u0445\u043e\u0436\u0430\u044f \u0437\u0430\u043f\u0438\u0441\u044c","link":""},"img":{"alt_text":"","src":"https:\/\/i0.wp.com\/tuzlahortum.com.tr\/wp-content\/uploads\/2024\/03\/komple_metal_bahce_tabancasi_1.jpg?fit=800%2C800&ssl=1&resize=350%2C200","width":350,"height":200,"srcset":"https:\/\/i0.wp.com\/tuzlahortum.com.tr\/wp-content\/uploads\/2024\/03\/komple_metal_bahce_tabancasi_1.jpg?fit=800%2C800&ssl=1&resize=350%2C200 1x, https:\/\/i0.wp.com\/tuzlahortum.com.tr\/wp-content\/uploads\/2024\/03\/komple_metal_bahce_tabancasi_1.jpg?fit=800%2C800&ssl=1&resize=525%2C300 1.5x, https:\/\/i0.wp.com\/tuzlahortum.com.tr\/wp-content\/uploads\/2024\/03\/komple_metal_bahce_tabancasi_1.jpg?fit=800%2C800&ssl=1&resize=700%2C400 2x"},"classes":[]},{"id":13242,"url":"https:\/\/tuzlahortum.com.tr\/ru\/product\/flow-eko-bahce-sulama-tabancasi-seti\/","url_meta":{"origin":13239,"position":4},"title":"\u041d\u0410\u0411\u041e\u0420 \u041f\u041e\u041b\u0418\u0412\u041a\u041e\u0412 \u0414\u041b\u042f \u0421\u0410\u0414\u041e\u0412 FLOW ECO","author":"admin","date":"28 \u043c\u0430\u0440\u0442\u0430 2024","format":false,"excerpt":"FLOW EKO BAH\u00c7E SULAMA TABANCASI SET\u0130 Bah\u00e7e sulama ihtiya\u00e7lar\u0131n\u0131z\u0131 kar\u015f\u0131lamak i\u00e7in tasarlanan FLOW EKO Bah\u00e7e Sulama Nozul Seti, pratik ve etkili bir sulama \u00e7\u00f6z\u00fcm\u00fc sunar. Set, bir tabanca, iki hortum g\u00f6vde ve bir di\u015fi u\u00e7 olmak \u00fczere toplamda d\u00f6rt par\u00e7adan olu\u015fur. \u00d6zellikler: Tabanca: Setin bir par\u00e7as\u0131 olan tabanca, farkl\u0131 sulama\u2026","rel":"","context":"\u041f\u043e\u0445\u043e\u0436\u0430\u044f \u0437\u0430\u043f\u0438\u0441\u044c","block_context":{"text":"\u041f\u043e\u0445\u043e\u0436\u0430\u044f \u0437\u0430\u043f\u0438\u0441\u044c","link":""},"img":{"alt_text":"","src":"https:\/\/i0.wp.com\/tuzlahortum.com.tr\/wp-content\/uploads\/2024\/03\/bahce_tabanca_seti_2.jpg?fit=800%2C800&ssl=1&resize=350%2C200","width":350,"height":200,"srcset":"https:\/\/i0.wp.com\/tuzlahortum.com.tr\/wp-content\/uploads\/2024\/03\/bahce_tabanca_seti_2.jpg?fit=800%2C800&ssl=1&resize=350%2C200 1x, https:\/\/i0.wp.com\/tuzlahortum.com.tr\/wp-content\/uploads\/2024\/03\/bahce_tabanca_seti_2.jpg?fit=800%2C800&ssl=1&resize=525%2C300 1.5x, https:\/\/i0.wp.com\/tuzlahortum.com.tr\/wp-content\/uploads\/2024\/03\/bahce_tabanca_seti_2.jpg?fit=800%2C800&ssl=1&resize=700%2C400 2x"},"classes":[]},{"id":13221,"url":"https:\/\/tuzlahortum.com.tr\/ru\/product\/flow-kelebek-dairesel-fiskiye\/","url_meta":{"origin":13239,"position":5},"title":"\u041a\u0420\u0423\u0413\u041b\u042b\u0419 \u0424\u041e\u041d\u0422\u0410\u041d \u041f\u041e\u0422\u041e\u041a \u0411\u0410\u0411\u041e\u0427\u041a\u0410","author":"admin","date":"28 \u043c\u0430\u0440\u0442\u0430 2024","format":false,"excerpt":"FLOW KELEBEK DA\u0130RESEL FISK\u0130YE FLOW Kelebek Dairesel F\u0131skiye, bah\u00e7enizdeki bitkileri d\u00fczenli ve etkili bir \u015fekilde sulamak i\u00e7in tasarlanm\u0131\u015ft\u0131r. Yayd\u0131\u011f\u0131 suyu geni\u015f bir alana e\u015fit olarak da\u011f\u0131tarak bitkilerin sa\u011fl\u0131kl\u0131 b\u00fcy\u00fcmesine yard\u0131mc\u0131 olur. \u00d6zellikler: Dairesel Sulama Alan\u0131: Kelebek \u015feklindeki tasar\u0131m\u0131 sayesinde, f\u0131skiye yayd\u0131\u011f\u0131 suyu 360 derece d\u00f6ner bir \u015fekilde da\u011f\u0131t\u0131r. Bu sayede\u2026","rel":"","context":"\u041f\u043e\u0445\u043e\u0436\u0430\u044f \u0437\u0430\u043f\u0438\u0441\u044c","block_context":{"text":"\u041f\u043e\u0445\u043e\u0436\u0430\u044f \u0437\u0430\u043f\u0438\u0441\u044c","link":""},"img":{"alt_text":"FLOW KELEBEK DA\u0130RESEL FISK\u0130YE","src":"https:\/\/i0.wp.com\/tuzlahortum.com.tr\/wp-content\/uploads\/2024\/03\/bahce_fiskiyekelebekli_2.jpg?fit=800%2C800&ssl=1&resize=350%2C200","width":350,"height":200,"srcset":"https:\/\/i0.wp.com\/tuzlahortum.com.tr\/wp-content\/uploads\/2024\/03\/bahce_fiskiyekelebekli_2.jpg?fit=800%2C800&ssl=1&resize=350%2C200 1x, https:\/\/i0.wp.com\/tuzlahortum.com.tr\/wp-content\/uploads\/2024\/03\/bahce_fiskiyekelebekli_2.jpg?fit=800%2C800&ssl=1&resize=525%2C300 1.5x, https:\/\/i0.wp.com\/tuzlahortum.com.tr\/wp-content\/uploads\/2024\/03\/bahce_fiskiyekelebekli_2.jpg?fit=800%2C800&ssl=1&resize=700%2C400 2x"},"classes":[]}],"jetpack_sharing_enabled":true,"jetpack_likes_enabled":true,"_links":{"self":[{"href":"https:\/\/tuzlahortum.com.tr\/ru\/wp-json\/wp\/v2\/product\/13239","targetHints":{"allow":["GET"]}}],"collection":[{"href":"https:\/\/tuzlahortum.com.tr\/ru\/wp-json\/wp\/v2\/product"}],"about":[{"href":"https:\/\/tuzlahortum.com.tr\/ru\/wp-json\/wp\/v2\/types\/product"}],"replies":[{"embeddable":true,"href":"https:\/\/tuzlahortum.com.tr\/ru\/wp-json\/wp\/v2\/comments?post=13239"}],"wp:featuredmedia":[{"embeddable":true,"href":"https:\/\/tuzlahortum.com.tr\/ru\/wp-json\/wp\/v2\/media\/13264"}],"wp:attachment":[{"href":"https:\/\/tuzlahortum.com.tr\/ru\/wp-json\/wp\/v2\/media?parent=13239"}],"wp:term":[{"taxonomy":"product_brand","embeddable":true,"href":"https:\/\/tuzlahortum.com.tr\/ru\/wp-json\/wp\/v2\/product_brand?post=13239"},{"taxonomy":"product_cat","embeddable":true,"href":"https:\/\/tuzlahortum.com.tr\/ru\/wp-json\/wp\/v2\/product_cat?post=13239"},{"taxonomy":"product_tag","embeddable":true,"href":"https:\/\/tuzlahortum.com.tr\/ru\/wp-json\/wp\/v2\/product_tag?post=13239"}],"curies":[{"name":"wp","href":"https:\/\/api.w.org\/{rel}","templated":true}]}}