{"id":13234,"date":"2024-03-28T17:33:42","date_gmt":"2024-03-28T14:33:42","guid":{"rendered":"https:\/\/tuzlahortum.com.tr\/?post_type=product&#038;p=13234"},"modified":"2025-08-20T11:58:08","modified_gmt":"2025-08-20T08:58:08","slug":"flow-eko-jak-govde-ekleme-uu","status":"publish","type":"product","link":"https:\/\/tuzlahortum.com.tr\/ru\/product\/flow-eko-jak-govde-ekleme-uu\/","title":{"rendered":"\u0420\u0410\u0417\u042a\u0415\u041c FLOW ECO \u2013 \u0414\u041e\u041f\u041e\u041b\u041d\u0418\u0422\u0415\u041b\u042c\u041d\u042b\u0419 \u041a\u041e\u0420\u041f\u0423\u0421 (UU)"},"content":{"rendered":"<p>\u0420\u0410\u0417\u042a\u0415\u041c FLOW ECO \u2013 \u0414\u041e\u041f\u041e\u041b\u041d\u0418\u0422\u0415\u041b\u042c\u041d\u042b\u0419 \u041a\u041e\u0420\u041f\u0423\u0421 (UU)<\/p>\n<p>FLOW ECO JACK \u2013 Body Insert (UU) \u043f\u0440\u0435\u0434\u043d\u0430\u0437\u043d\u0430\u0447\u0435\u043d \u0434\u043b\u044f \u0440\u0435\u0448\u0435\u043d\u0438\u044f \u043f\u0440\u043e\u0431\u043b\u0435\u043c \u0441\u043e\u0432\u043c\u0435\u0441\u0442\u0438\u043c\u043e\u0441\u0442\u0438 \u0441 \u0432\u0430\u0448\u0438\u043c\u0438 \u0441\u0430\u0434\u043e\u0432\u044b\u043c\u0438 \u0438\u0440\u0440\u0438\u0433\u0430\u0446\u0438\u043e\u043d\u043d\u044b\u043c\u0438 \u0441\u0438\u0441\u0442\u0435\u043c\u0430\u043c\u0438 \u0438 \u043e\u0431\u0435\u0441\u043f\u0435\u0447\u0435\u043d\u0438\u044f \u0431\u043e\u043b\u0435\u0435 \u044d\u0444\u0444\u0435\u043a\u0442\u0438\u0432\u043d\u043e\u0433\u043e \u043f\u043e\u043b\u0438\u0432\u0430.<\/p>\n<p>\u0424\u0443\u043d\u043a\u0446\u0438\u0438:<\/p>\n<ol>\n<li><strong>\u0423\u043d\u0438\u0432\u0435\u0440\u0441\u0430\u043b\u044c\u043d\u0430\u044f \u0441\u043e\u0432\u043c\u0435\u0441\u0442\u0438\u043c\u043e\u0441\u0442\u044c<\/strong>: \u042d\u0442\u0430 \u043d\u0430\u0441\u0430\u0434\u043a\u0430 \u043d\u0430 \u0448\u0442\u043e\u043a\u0435 \u0441\u043e\u0432\u043c\u0435\u0441\u0442\u0438\u043c\u0430 \u0441 \u0431\u043e\u043b\u044c\u0448\u0438\u043d\u0441\u0442\u0432\u043e\u043c \u0441\u0442\u0430\u043d\u0434\u0430\u0440\u0442\u043d\u043e\u0433\u043e \u043e\u0431\u043e\u0440\u0443\u0434\u043e\u0432\u0430\u043d\u0438\u044f \u0434\u043b\u044f \u043f\u043e\u043b\u0438\u0432\u0430 \u0441\u0430\u0434\u0430. \u0415\u0433\u043e \u043c\u043e\u0436\u043d\u043e \u0431\u0435\u0437 \u043f\u0440\u043e\u0431\u043b\u0435\u043c \u0438\u0441\u043f\u043e\u043b\u044c\u0437\u043e\u0432\u0430\u0442\u044c \u0441\u043e \u0448\u043b\u0430\u043d\u0433\u0430\u043c\u0438 \u0440\u0430\u0437\u043b\u0438\u0447\u043d\u043e\u0433\u043e \u0434\u0438\u0430\u043c\u0435\u0442\u0440\u0430 \u0438 \u043a\u043e\u043d\u0441\u0442\u0440\u0443\u043a\u0446\u0438\u0438.<\/li>\n<li><strong>\u041f\u0440\u043e\u0447\u043d\u044b\u0439 \u043c\u0430\u0442\u0435\u0440\u0438\u0430\u043b<\/strong>: \u042d\u0442\u0430 \u0432\u0441\u0442\u0430\u0432\u043a\u0430 \u0438\u0437\u0433\u043e\u0442\u043e\u0432\u043b\u0435\u043d\u0430 \u0438\u0437 \u0432\u044b\u0441\u043e\u043a\u043e\u043a\u0430\u0447\u0435\u0441\u0442\u0432\u0435\u043d\u043d\u043e\u0433\u043e \u043c\u0430\u0442\u0435\u0440\u0438\u0430\u043b\u0430 \u0438 \u0438\u043c\u0435\u0435\u0442 \u043f\u0440\u043e\u0447\u043d\u0443\u044e \u0438 \u043f\u0440\u043e\u0447\u043d\u0443\u044e \u043a\u043e\u043d\u0441\u0442\u0440\u0443\u043a\u0446\u0438\u044e, \u0440\u0430\u0441\u0441\u0447\u0438\u0442\u0430\u043d\u043d\u0443\u044e \u043d\u0430 \u0434\u043b\u0438\u0442\u0435\u043b\u044c\u043d\u043e\u0435 \u0438\u0441\u043f\u043e\u043b\u044c\u0437\u043e\u0432\u0430\u043d\u0438\u0435.<\/li>\n<li><strong>\u041f\u0440\u043e\u0441\u0442\u0430\u044f \u0441\u0431\u043e\u0440\u043a\u0430<\/strong>: \u0411\u043b\u0430\u0433\u043e\u0434\u0430\u0440\u044f \u043f\u0440\u043e\u0441\u0442\u043e\u0442\u0435 \u043f\u043e\u0434\u043a\u043b\u044e\u0447\u0435\u043d\u0438\u044f \u0435\u0433\u043e \u043c\u043e\u0436\u043d\u043e \u043b\u0435\u0433\u043a\u043e \u043f\u043e\u0434\u043a\u043b\u044e\u0447\u0438\u0442\u044c \u0438 \u0437\u0430\u043c\u0435\u043d\u0438\u0442\u044c \u043d\u0430 \u0434\u0440\u0443\u0433\u043e\u0435 \u0438\u0440\u0440\u0438\u0433\u0430\u0446\u0438\u043e\u043d\u043d\u043e\u0435 \u043e\u0431\u043e\u0440\u0443\u0434\u043e\u0432\u0430\u043d\u0438\u0435. \u0414\u043b\u044f \u044d\u0442\u043e\u0433\u043e \u043d\u0435 \u0442\u0440\u0435\u0431\u0443\u0435\u0442\u0441\u044f \u043d\u0438\u043a\u0430\u043a\u0438\u0445 \u0434\u043e\u043f\u043e\u043b\u043d\u0438\u0442\u0435\u043b\u044c\u043d\u044b\u0445 \u0438\u043d\u0441\u0442\u0440\u0443\u043c\u0435\u043d\u0442\u043e\u0432 \u0438\u043b\u0438 \u043e\u0431\u043e\u0440\u0443\u0434\u043e\u0432\u0430\u043d\u0438\u044f.<\/li>\n<li><strong>\u0414\u043e\u0441\u0442\u0443\u043f\u043d\u0430\u044f \u0446\u0435\u043d\u0430<\/strong>: \u041f\u0440\u0438\u0432\u043b\u0435\u043a\u0430\u0435\u0442 \u0432\u043d\u0438\u043c\u0430\u043d\u0438\u0435 \u0441\u0432\u043e\u0435\u0439 \u044d\u043a\u043e\u043d\u043e\u043c\u0438\u0447\u043d\u043e\u0441\u0442\u044c\u044e \u0438 \u0434\u043e\u0441\u0442\u0443\u043f\u043d\u043e\u0439 \u0446\u0435\u043d\u043e\u0439. \u042d\u0442\u043e \u044d\u043a\u043e\u043d\u043e\u043c\u0438\u0447\u043d\u044b\u0439 \u0432\u0430\u0440\u0438\u0430\u043d\u0442 \u0443\u043b\u0443\u0447\u0448\u0435\u043d\u0438\u044f \u0441\u0438\u0441\u0442\u0435\u043c\u044b \u043e\u0440\u043e\u0448\u0435\u043d\u0438\u044f \u0432\u0430\u0448\u0435\u0433\u043e \u0441\u0430\u0434\u0430.<\/li>\n<li><strong>\u041e\u043f\u044b\u0442 \u044d\u0444\u0444\u0435\u043a\u0442\u0438\u0432\u043d\u043e\u0433\u043e \u043e\u0440\u043e\u0448\u0435\u043d\u0438\u044f<\/strong>: FLOW ECO JACK \u2013 \u041a\u043e\u0440\u043f\u0443\u0441\u043d\u0430\u044f \u0432\u0441\u0442\u0430\u0432\u043a\u0430 (UU) \u043f\u043e\u0432\u044b\u0448\u0430\u0435\u0442 \u044d\u0444\u0444\u0435\u043a\u0442\u0438\u0432\u043d\u043e\u0441\u0442\u044c \u043e\u0440\u043e\u0448\u0435\u043d\u0438\u044f \u0438 \u0443\u043f\u0440\u043e\u0449\u0430\u0435\u0442 \u0443\u0445\u043e\u0434 \u0437\u0430 \u0441\u0430\u0434\u043e\u043c. \u041a\u0430\u0436\u0434\u044b\u0439 \u043f\u0440\u043e\u0446\u0435\u0441\u0441 \u043e\u0440\u043e\u0448\u0435\u043d\u0438\u044f \u043f\u0440\u043e\u0438\u0441\u0445\u043e\u0434\u0438\u0442 \u0431\u043e\u043b\u0435\u0435 \u044d\u0444\u0444\u0435\u043a\u0442\u0438\u0432\u043d\u043e.<\/li>\n<\/ol>\n<p>FLOW ECO JACK \u2013 Body Insert (UU) \u2013 \u0438\u0434\u0435\u0430\u043b\u044c\u043d\u044b\u0439 \u0432\u0430\u0440\u0438\u0430\u043d\u0442 \u0434\u043b\u044f \u043e\u0431\u043d\u043e\u0432\u043b\u0435\u043d\u0438\u044f \u0438\u0440\u0440\u0438\u0433\u0430\u0446\u0438\u043e\u043d\u043d\u043e\u0439 \u0441\u0438\u0441\u0442\u0435\u043c\u044b \u0432\u0430\u0448\u0435\u0433\u043e \u0441\u0430\u0434\u0430 \u0438 \u043f\u043e\u0432\u044b\u0448\u0435\u043d\u0438\u044f \u044d\u0444\u0444\u0435\u043a\u0442\u0438\u0432\u043d\u043e\u0441\u0442\u0438 \u043e\u0440\u043e\u0448\u0435\u043d\u0438\u044f.<\/p>","protected":false},"excerpt":{"rendered":"<p>FLOW EKO JAK &#8211; G\u00d6VDE EKLEME (UU) FLOW EKO JAK &#8211; G\u00f6vde Ekleme (UU), bah\u00e7e sulama sistemlerinizdeki uyumluluk sorunlar\u0131n\u0131 \u00e7\u00f6zmek ve daha etkili bir sulama deneyimi sa\u011flamak i\u00e7in tasarlanm\u0131\u015ft\u0131r. \u00d6zellikler: Evrensel Uyumluluk: Bu g\u00f6vde eklemesi, \u00e7o\u011fu standart bah\u00e7e sulama ekipman\u0131yla uyumlu olarak tasarlanm\u0131\u015ft\u0131r. Farkl\u0131 \u00e7ap ve yap\u0131daki hortumlarla sorunsuz bir \u015fekilde kullan\u0131labilir. Dayan\u0131kl\u0131 Malzeme: Y\u00fcksek [&#8230;]\n","protected":false},"featured_media":13282,"comment_status":"open","ping_status":"closed","template":"","meta":{"jetpack_post_was_ever_published":false},"product_brand":[],"product_cat":[2347],"product_tag":[],"class_list":{"0":"post-13234","1":"product","2":"type-product","3":"status-publish","4":"has-post-thumbnail","6":"product_cat-bahce","8":"first","9":"instock","10":"taxable","11":"shipping-taxable","12":"product-type-simple"},"jetpack-related-posts":[],"jetpack_sharing_enabled":true,"jetpack_likes_enabled":true,"_links":{"self":[{"href":"https:\/\/tuzlahortum.com.tr\/ru\/wp-json\/wp\/v2\/product\/13234","targetHints":{"allow":["GET"]}}],"collection":[{"href":"https:\/\/tuzlahortum.com.tr\/ru\/wp-json\/wp\/v2\/product"}],"about":[{"href":"https:\/\/tuzlahortum.com.tr\/ru\/wp-json\/wp\/v2\/types\/product"}],"replies":[{"embeddable":true,"href":"https:\/\/tuzlahortum.com.tr\/ru\/wp-json\/wp\/v2\/comments?post=13234"}],"wp:featuredmedia":[{"embeddable":true,"href":"https:\/\/tuzlahortum.com.tr\/ru\/wp-json\/wp\/v2\/media\/13282"}],"wp:attachment":[{"href":"https:\/\/tuzlahortum.com.tr\/ru\/wp-json\/wp\/v2\/media?parent=13234"}],"wp:term":[{"taxonomy":"product_brand","embeddable":true,"href":"https:\/\/tuzlahortum.com.tr\/ru\/wp-json\/wp\/v2\/product_brand?post=13234"},{"taxonomy":"product_cat","embeddable":true,"href":"https:\/\/tuzlahortum.com.tr\/ru\/wp-json\/wp\/v2\/product_cat?post=13234"},{"taxonomy":"product_tag","embeddable":true,"href":"https:\/\/tuzlahortum.com.tr\/ru\/wp-json\/wp\/v2\/product_tag?post=13234"}],"curies":[{"name":"wp","href":"https:\/\/api.w.org\/{rel}","templated":true}]}}