{"id":13232,"date":"2024-03-28T17:33:41","date_gmt":"2024-03-28T14:33:41","guid":{"rendered":"https:\/\/tuzlahortum.com.tr\/?post_type=product&#038;p=13232"},"modified":"2025-08-20T12:02:26","modified_gmt":"2025-08-20T09:02:26","slug":"flow-luks-2li-kollektor","status":"publish","type":"product","link":"https:\/\/tuzlahortum.com.tr\/ru\/product\/flow-luks-2li-kollektor\/","title":{"rendered":"\u041a\u041e\u041b\u041b\u0415\u041a\u0426\u0418\u041e\u041d\u0415\u0420 FLOW LUXURY \u0418\u0417 2 \u0427\u0410\u0421\u0422\u0415\u0419"},"content":{"rendered":"<div>\u041a\u041e\u041b\u041b\u0415\u041a\u0426\u0418\u041e\u041d\u0415\u0420 FLOW LUXURY \u0418\u0417 2 \u0427\u0410\u0421\u0422\u0415\u0419<\/div>\n<div><\/div>\n<div>\u041a\u043e\u043b\u043b\u0435\u043a\u0442\u043e\u0440 FLOW LUXURY 2 \u043f\u0440\u0435\u0434\u043d\u0430\u0437\u043d\u0430\u0447\u0435\u043d \u0434\u043b\u044f \u043e\u043f\u0442\u0438\u043c\u0438\u0437\u0430\u0446\u0438\u0438 \u043e\u0440\u043e\u0448\u0435\u043d\u0438\u044f \u0432\u0430\u0448\u0435\u0433\u043e \u0441\u0430\u0434\u0430 \u0438 \u0431\u043e\u043b\u0435\u0435 \u044d\u0444\u0444\u0435\u043a\u0442\u0438\u0432\u043d\u043e\u0433\u043e \u0443\u043f\u0440\u0430\u0432\u043b\u0435\u043d\u0438\u044f \u043f\u043e\u0442\u043e\u043a\u043e\u043c \u0432\u043e\u0434\u044b.<\/div>\n<div><\/div>\n<div>\u0424\u0443\u043d\u043a\u0446\u0438\u0438:<\/div>\n<div><\/div>\n<div>1. **\u041d\u0430\u0434\u0435\u0436\u043d\u0430\u044f \u043a\u043e\u043d\u0441\u0442\u0440\u0443\u043a\u0446\u0438\u044f**: \u0438\u0437\u0433\u043e\u0442\u043e\u0432\u043b\u0435\u043d \u0438\u0437 \u0432\u044b\u0441\u043e\u043a\u043e\u043a\u0430\u0447\u0435\u0441\u0442\u0432\u0435\u043d\u043d\u043e\u0433\u043e \u043c\u0430\u0442\u0435\u0440\u0438\u0430\u043b\u0430 \u0438 \u0438\u043c\u0435\u0435\u0442 \u043f\u0440\u043e\u0447\u043d\u0443\u044e \u043a\u043e\u043d\u0441\u0442\u0440\u0443\u043a\u0446\u0438\u044e, \u0440\u0430\u0441\u0441\u0447\u0438\u0442\u0430\u043d\u043d\u0443\u044e \u043d\u0430 \u0434\u043b\u0438\u0442\u0435\u043b\u044c\u043d\u043e\u0435 \u0438\u0441\u043f\u043e\u043b\u044c\u0437\u043e\u0432\u0430\u043d\u0438\u0435. \u041e\u043d \u043e\u0431\u0435\u0441\u043f\u0435\u0447\u0438\u0432\u0430\u0435\u0442 \u043d\u0430\u0434\u0435\u0436\u043d\u043e\u0435 \u0441\u043e\u0435\u0434\u0438\u043d\u0435\u043d\u0438\u0435 \u0441 \u0438\u0441\u043f\u043e\u043b\u044c\u0437\u043e\u0432\u0430\u043d\u0438\u0435\u043c \u0442\u0430\u043a\u0438\u0445 \u043c\u0430\u0442\u0435\u0440\u0438\u0430\u043b\u043e\u0432, \u043a\u0430\u043a \u043d\u0435\u0440\u0436\u0430\u0432\u0435\u044e\u0449\u0430\u044f \u0441\u0442\u0430\u043b\u044c \u0438\u043b\u0438 \u043f\u0440\u043e\u0447\u043d\u044b\u0439 \u043f\u043b\u0430\u0441\u0442\u0438\u043a.<\/div>\n<div><\/div>\n<div>2. **\u0414\u0432\u0443\u0445\u0441\u0442\u043e\u0440\u043e\u043d\u043d\u044f\u044f \u043a\u043e\u043d\u0441\u0442\u0440\u0443\u043a\u0446\u0438\u044f**: \u043e\u043d \u0438\u043c\u0435\u0435\u0442 \u0434\u0432\u0430 \u043e\u0442\u0434\u0435\u043b\u044c\u043d\u044b\u0445 \u0432\u044b\u0445\u043e\u0434\u0430, \u043f\u043e\u044d\u0442\u043e\u043c\u0443 \u0432\u044b \u043c\u043e\u0436\u0435\u0442\u0435 \u043d\u0430\u043f\u0440\u0430\u0432\u043b\u044f\u0442\u044c \u043f\u043e\u0442\u043e\u043a \u0432\u043e\u0434\u044b \u0432 \u0434\u0432\u0435 \u0440\u0430\u0437\u043d\u044b\u0435 \u0437\u043e\u043d\u044b \u043e\u0440\u043e\u0448\u0435\u043d\u0438\u044f \u043e\u0434\u043d\u043e\u0432\u0440\u0435\u043c\u0435\u043d\u043d\u043e.<\/div>\n<div><\/div>\n<div>3. **\u041f\u0440\u043e\u0441\u0442\u0430\u044f \u0443\u0441\u0442\u0430\u043d\u043e\u0432\u043a\u0430**: \u0431\u043b\u0430\u0433\u043e\u0434\u0430\u0440\u044f \u043f\u0440\u043e\u0441\u0442\u043e\u0442\u0435 \u043f\u043e\u0434\u043a\u043b\u044e\u0447\u0435\u043d\u0438\u044f \u0435\u0433\u043e \u043c\u043e\u0436\u043d\u043e \u043b\u0435\u0433\u043a\u043e \u043f\u043e\u0434\u043a\u043b\u044e\u0447\u0438\u0442\u044c \u0438 \u0437\u0430\u043c\u0435\u043d\u0438\u0442\u044c \u0434\u0440\u0443\u0433\u0438\u043c \u0438\u0440\u0440\u0438\u0433\u0430\u0446\u0438\u043e\u043d\u043d\u044b\u043c \u043e\u0431\u043e\u0440\u0443\u0434\u043e\u0432\u0430\u043d\u0438\u0435\u043c. \u0414\u043b\u044f \u044d\u0442\u043e\u0433\u043e \u043d\u0435 \u0442\u0440\u0435\u0431\u0443\u0435\u0442\u0441\u044f \u043d\u0438\u043a\u0430\u043a\u0438\u0445 \u0434\u043e\u043f\u043e\u043b\u043d\u0438\u0442\u0435\u043b\u044c\u043d\u044b\u0445 \u0438\u043d\u0441\u0442\u0440\u0443\u043c\u0435\u043d\u0442\u043e\u0432 \u0438\u043b\u0438 \u043e\u0431\u043e\u0440\u0443\u0434\u043e\u0432\u0430\u043d\u0438\u044f.<\/div>\n<div><\/div>\n<div>4. **\u0423\u043d\u0438\u0432\u0435\u0440\u0441\u0430\u043b\u044c\u043d\u0430\u044f \u0441\u043e\u0432\u043c\u0435\u0441\u0442\u0438\u043c\u043e\u0441\u0442\u044c**: \u0421\u043e\u0432\u043c\u0435\u0441\u0442\u0438\u043c \u0441\u043e \u0441\u0442\u0430\u043d\u0434\u0430\u0440\u0442\u043d\u044b\u043c\u0438 \u0441\u0430\u0434\u043e\u0432\u044b\u043c\u0438 \u0448\u043b\u0430\u043d\u0433\u0430\u043c\u0438 \u0438 \u043c\u043e\u0436\u0435\u0442 \u0438\u0441\u043f\u043e\u043b\u044c\u0437\u043e\u0432\u0430\u0442\u044c\u0441\u044f \u0441 \u0431\u043e\u043b\u044c\u0448\u0438\u043d\u0441\u0442\u0432\u043e\u043c \u0438\u0440\u0440\u0438\u0433\u0430\u0446\u0438\u043e\u043d\u043d\u044b\u0445 \u0441\u0438\u0441\u0442\u0435\u043c.<\/div>\n<div><\/div>\n<div>5. **\u042d\u0444\u0444\u0435\u043a\u0442\u0438\u0432\u043d\u043e\u0435 \u043e\u0440\u043e\u0448\u0435\u043d\u0438\u0435**: FLOW LUXURY 2-\u043a\u043e\u043b\u043b\u0435\u043a\u0442\u043e\u0440 \u043f\u043e\u0432\u044b\u0448\u0430\u0435\u0442 \u044d\u0444\u0444\u0435\u043a\u0442\u0438\u0432\u043d\u043e\u0441\u0442\u044c \u043e\u0440\u043e\u0448\u0435\u043d\u0438\u044f \u0438 \u0443\u043f\u0440\u043e\u0449\u0430\u0435\u0442 \u0443\u0445\u043e\u0434 \u0437\u0430 \u0441\u0430\u0434\u043e\u043c. \u041a\u0430\u0436\u0434\u044b\u0439 \u043f\u0440\u043e\u0446\u0435\u0441\u0441 \u043e\u0440\u043e\u0448\u0435\u043d\u0438\u044f \u043f\u0440\u043e\u0438\u0441\u0445\u043e\u0434\u0438\u0442 \u0431\u043e\u043b\u0435\u0435 \u044d\u0444\u0444\u0435\u043a\u0442\u0438\u0432\u043d\u043e.<\/div>\n<div><\/div>\n<div>FLOW LUXURY 2-Collector \u2014 \u0438\u0434\u0435\u0430\u043b\u044c\u043d\u044b\u0439 \u0432\u0430\u0440\u0438\u0430\u043d\u0442 \u0434\u043b\u044f \u043e\u0431\u043d\u043e\u0432\u043b\u0435\u043d\u0438\u044f \u0438\u0440\u0440\u0438\u0433\u0430\u0446\u0438\u043e\u043d\u043d\u043e\u0439 \u0441\u0438\u0441\u0442\u0435\u043c\u044b \u0432\u0430\u0448\u0435\u0433\u043e \u0441\u0430\u0434\u0430 \u0438 \u043f\u043e\u0432\u044b\u0448\u0435\u043d\u0438\u044f \u044d\u0444\u0444\u0435\u043a\u0442\u0438\u0432\u043d\u043e\u0441\u0442\u0438 \u043e\u0440\u043e\u0448\u0435\u043d\u0438\u044f.<\/div>","protected":false},"excerpt":{"rendered":"<p>FLOW L\u00dcKS 2&#8217;L\u0130 KOLLEKT\u00d6R FLOW L\u00dcKS 2&#8217;li Kollekt\u00f6r, bah\u00e7e sulama i\u015flerinizi optimize etmek ve su ak\u0131\u015f\u0131n\u0131 daha verimli bir \u015fekilde y\u00f6netmek i\u00e7in tasarlanm\u0131\u015ft\u0131r. \u00d6zellikler: 1. **Dayan\u0131kl\u0131 Yap\u0131**: Y\u00fcksek kaliteli malzemeden \u00fcretilmi\u015ftir ve uzun s\u00fcreli kullan\u0131m i\u00e7in sa\u011flam bir yap\u0131ya sahiptir. Paslanmaz \u00e7elik veya sa\u011flam plastik gibi malzemeler kullan\u0131larak g\u00fcvenilir bir ba\u011flant\u0131 sa\u011flar. 2. **2&#8217;l\u00fc Tasar\u0131m**: [&#8230;]\n","protected":false},"featured_media":13260,"comment_status":"open","ping_status":"closed","template":"","meta":{"jetpack_post_was_ever_published":false},"product_brand":[],"product_cat":[2347],"product_tag":[],"class_list":{"0":"post-13232","1":"product","2":"type-product","3":"status-publish","4":"has-post-thumbnail","6":"product_cat-bahce","8":"first","9":"instock","10":"featured","11":"taxable","12":"shipping-taxable","13":"product-type-simple"},"jetpack-related-posts":[],"jetpack_sharing_enabled":true,"jetpack_likes_enabled":true,"_links":{"self":[{"href":"https:\/\/tuzlahortum.com.tr\/ru\/wp-json\/wp\/v2\/product\/13232","targetHints":{"allow":["GET"]}}],"collection":[{"href":"https:\/\/tuzlahortum.com.tr\/ru\/wp-json\/wp\/v2\/product"}],"about":[{"href":"https:\/\/tuzlahortum.com.tr\/ru\/wp-json\/wp\/v2\/types\/product"}],"replies":[{"embeddable":true,"href":"https:\/\/tuzlahortum.com.tr\/ru\/wp-json\/wp\/v2\/comments?post=13232"}],"wp:featuredmedia":[{"embeddable":true,"href":"https:\/\/tuzlahortum.com.tr\/ru\/wp-json\/wp\/v2\/media\/13260"}],"wp:attachment":[{"href":"https:\/\/tuzlahortum.com.tr\/ru\/wp-json\/wp\/v2\/media?parent=13232"}],"wp:term":[{"taxonomy":"product_brand","embeddable":true,"href":"https:\/\/tuzlahortum.com.tr\/ru\/wp-json\/wp\/v2\/product_brand?post=13232"},{"taxonomy":"product_cat","embeddable":true,"href":"https:\/\/tuzlahortum.com.tr\/ru\/wp-json\/wp\/v2\/product_cat?post=13232"},{"taxonomy":"product_tag","embeddable":true,"href":"https:\/\/tuzlahortum.com.tr\/ru\/wp-json\/wp\/v2\/product_tag?post=13232"}],"curies":[{"name":"wp","href":"https:\/\/api.w.org\/{rel}","templated":true}]}}