{"id":13226,"date":"2024-03-28T17:29:03","date_gmt":"2024-03-28T14:29:03","guid":{"rendered":"https:\/\/tuzlahortum.com.tr\/?post_type=product&#038;p=13226"},"modified":"2025-08-20T12:02:43","modified_gmt":"2025-08-20T09:02:43","slug":"flow-uzayan-hortum-seti-30-mt","status":"publish","type":"product","link":"https:\/\/tuzlahortum.com.tr\/ru\/product\/flow-uzayan-hortum-seti-30-mt\/","title":{"rendered":"\u041d\u0410\u0411\u041e\u0420 \u0428\u041b\u0410\u041d\u0413\u041e\u0412 \u0414\u041b\u042f \u0423\u0414\u041b\u0418\u041d\u0415\u041d\u0418\u042f \u041f\u041e\u0422\u041e\u041a\u0410 \u2013 30 \u041c\u0422"},"content":{"rendered":"<p>\u041d\u0410\u0411\u041e\u0420 \u0428\u041b\u0410\u041d\u0413\u041e\u0412 \u0414\u041b\u042f \u0423\u0414\u041b\u0418\u041d\u0415\u041d\u0418\u042f \u041f\u041e\u0422\u041e\u041a\u0410 \u2013 30 \u041c\u0422<\/p>\n<p>\u041a\u043e\u043c\u043f\u043b\u0435\u043a\u0442 \u0443\u0434\u043b\u0438\u043d\u0438\u0442\u0435\u043b\u044c\u043d\u044b\u0445 \u0448\u043b\u0430\u043d\u0433\u043e\u0432 FLOW \u2013 30 \u043c\u0435\u0442\u0440\u043e\u0432 \u2013 \u044d\u0442\u043e \u043f\u0440\u043e\u0434\u0443\u043a\u0442, \u043f\u0440\u0435\u0434\u043d\u0430\u0437\u043d\u0430\u0447\u0435\u043d\u043d\u044b\u0439 \u0434\u043b\u044f \u043e\u0431\u043b\u0435\u0433\u0447\u0435\u043d\u0438\u044f \u043f\u043e\u043b\u0438\u0432\u0430 \u0432\u0430\u0448\u0435\u0433\u043e \u0441\u0430\u0434\u0430. \u0412 \u043a\u043e\u043c\u043f\u043b\u0435\u043a\u0442 \u0432\u0445\u043e\u0434\u0438\u0442 \u0433\u0438\u0431\u043a\u0438\u0439 \u0448\u043b\u0430\u043d\u0433, \u0434\u043b\u0438\u043d\u0430 \u043a\u043e\u0442\u043e\u0440\u043e\u0433\u043e \u043f\u043e\u0434 \u0434\u0430\u0432\u043b\u0435\u043d\u0438\u0435\u043c \u0432\u043e\u0434\u044b \u043c\u043e\u0436\u0435\u0442 \u0434\u043e\u0441\u0442\u0438\u0433\u0430\u0442\u044c 10\u201330 \u043c\u0435\u0442\u0440\u043e\u0432. \u041a\u0440\u043e\u043c\u0435 \u0442\u043e\u0433\u043e, \u043e\u043d \u0441\u043e\u0431\u0438\u0440\u0430\u0435\u0442\u0441\u044f \u0430\u0432\u0442\u043e\u043c\u0430\u0442\u0438\u0447\u0435\u0441\u043a\u0438 \u043f\u0440\u0438 \u0437\u0430\u043a\u0440\u044b\u0442\u0438\u0438 \u043a\u0440\u0430\u043d\u0430.<\/p>\n<p>\u0424\u0443\u043d\u043a\u0446\u0438\u0438:<\/p>\n<ol>\n<li><strong>\u0413\u0438\u0431\u043a\u0430\u044f \u0434\u043b\u0438\u043d\u0430<\/strong>: \u043f\u043e\u0434 \u0434\u0430\u0432\u043b\u0435\u043d\u0438\u0435\u043c \u0432\u043e\u0434\u044b \u0434\u043b\u0438\u043d\u0430 \u0448\u043b\u0430\u043d\u0433\u0430 \u043c\u043e\u0436\u0435\u0442 \u0441\u043e\u0441\u0442\u0430\u0432\u043b\u044f\u0442\u044c \u043e\u0442 10 \u0434\u043e 30 \u043c\u0435\u0442\u0440\u043e\u0432 \u0432 \u0437\u0430\u0432\u0438\u0441\u0438\u043c\u043e\u0441\u0442\u0438 \u043e\u0442 \u043f\u043e\u0442\u0440\u0435\u0431\u043d\u043e\u0441\u0442\u0435\u0439 \u043f\u043e\u043b\u044c\u0437\u043e\u0432\u0430\u0442\u0435\u043b\u044f. \u042d\u0442\u043e \u043e\u0431\u0435\u0441\u043f\u0435\u0447\u0438\u0432\u0430\u0435\u0442 \u0434\u043e\u0441\u0442\u0443\u043f \u043a \u0440\u0430\u0437\u043b\u0438\u0447\u043d\u044b\u043c \u0437\u043e\u043d\u0430\u043c \u043e\u0440\u043e\u0448\u0435\u043d\u0438\u044f \u0438 \u043e\u0431\u0435\u0441\u043f\u0435\u0447\u0438\u0432\u0430\u0435\u0442 \u0433\u0438\u0431\u043a\u043e\u0441\u0442\u044c.<\/li>\n<li><strong>\u0410\u0432\u0442\u043e\u043c\u0430\u0442\u0438\u0447\u0435\u0441\u043a\u0438\u0439 \u0441\u0431\u043e\u0440<\/strong>: \u0410\u0432\u0442\u043e\u043c\u0430\u0442\u0438\u0447\u0435\u0441\u043a\u0438\u0439 \u0441\u0431\u043e\u0440 \u0448\u043b\u0430\u043d\u0433\u0430 \u043f\u0440\u0438 \u0437\u0430\u043a\u0440\u044b\u0442\u0438\u0438 \u043a\u0440\u0430\u043d\u0430 \u044d\u043a\u043e\u043d\u043e\u043c\u0438\u0442 \u0432\u0440\u0435\u043c\u044f \u043f\u043e\u043b\u044c\u0437\u043e\u0432\u0430\u0442\u0435\u043b\u044f \u0438 \u043e\u0431\u0435\u0441\u043f\u0435\u0447\u0438\u0432\u0430\u0435\u0442 \u0443\u0434\u043e\u0431\u0441\u0442\u0432\u043e \u0445\u0440\u0430\u043d\u0435\u043d\u0438\u044f.<\/li>\n<li><strong>\u041b\u0435\u0433\u043a\u0438\u0439 \u0438 \u0433\u0438\u0431\u043a\u0438\u0439<\/strong>: \u0428\u043b\u0430\u043d\u0433 \u0438\u043c\u0435\u0435\u0442 \u043b\u0435\u0433\u043a\u0443\u044e \u043a\u043e\u043d\u0441\u0442\u0440\u0443\u043a\u0446\u0438\u044e, \u0443\u0434\u043e\u0431\u0435\u043d \u0432 \u043f\u0435\u0440\u0435\u043d\u043e\u0441\u043a\u0435 \u0438 \u043e\u0431\u0435\u0441\u043f\u0435\u0447\u0438\u0432\u0430\u0435\u0442 \u043c\u043e\u0431\u0438\u043b\u044c\u043d\u043e\u0441\u0442\u044c \u043f\u043e\u043b\u044c\u0437\u043e\u0432\u0430\u0442\u0435\u043b\u044f. \u0412 \u0442\u043e \u0436\u0435 \u0432\u0440\u0435\u043c\u044f, \u043f\u043e\u0441\u043a\u043e\u043b\u044c\u043a\u0443 \u043e\u043d \u043e\u0447\u0435\u043d\u044c \u0433\u0438\u0431\u043a\u0438\u0439, \u0435\u0433\u043e \u043f\u0440\u0430\u043a\u0442\u0438\u0447\u043d\u043e \u0438\u0441\u043f\u043e\u043b\u044c\u0437\u043e\u0432\u0430\u0442\u044c \u0432 \u0443\u0437\u043a\u0438\u0445 \u043f\u0440\u043e\u0441\u0442\u0440\u0430\u043d\u0441\u0442\u0432\u0430\u0445.<\/li>\n<li><strong>\u041f\u0440\u043e\u0447\u043d\u044b\u0439 \u043c\u0430\u0442\u0435\u0440\u0438\u0430\u043b<\/strong>: \u0418\u0437\u0433\u043e\u0442\u043e\u0432\u043b\u0435\u043d \u0438\u0437 \u0432\u044b\u0441\u043e\u043a\u043e\u043a\u0430\u0447\u0435\u0441\u0442\u0432\u0435\u043d\u043d\u043e\u0433\u043e \u043c\u0430\u0442\u0435\u0440\u0438\u0430\u043b\u0430 \u0438 \u0443\u0441\u0442\u043e\u0439\u0447\u0438\u0432 \u043a \u0443\u0434\u0430\u0440\u0430\u043c, \u0438\u0437\u0433\u0438\u0431\u0443 \u0438 \u0434\u0430\u0432\u043b\u0435\u043d\u0438\u044e. \u042d\u0442\u043e \u043e\u0431\u0435\u0441\u043f\u0435\u0447\u0438\u0432\u0430\u0435\u0442 \u043d\u0430\u0434\u0435\u0436\u043d\u043e\u0441\u0442\u044c \u043f\u0440\u0438 \u0434\u043b\u0438\u0442\u0435\u043b\u044c\u043d\u043e\u043c \u0438\u0441\u043f\u043e\u043b\u044c\u0437\u043e\u0432\u0430\u043d\u0438\u0438.<\/li>\n<li><strong>\u041f\u0440\u043e\u0441\u0442\u043e\u0442\u0430 \u0432 \u0438\u0441\u043f\u043e\u043b\u044c\u0437\u043e\u0432\u0430\u043d\u0438\u0438<\/strong>: \u041e\u043d \u043f\u0440\u043e\u0441\u0442 \u0432 \u0438\u0441\u043f\u043e\u043b\u044c\u0437\u043e\u0432\u0430\u043d\u0438\u0438 \u0431\u043b\u0430\u0433\u043e\u0434\u0430\u0440\u044f \u043f\u0440\u0430\u043a\u0442\u0438\u0447\u043d\u043e\u0439 \u0443\u0441\u0442\u0430\u043d\u043e\u0432\u043a\u0435 \u0438 \u0433\u0438\u0431\u043a\u043e\u0439 \u043a\u043e\u043d\u0441\u0442\u0440\u0443\u043a\u0446\u0438\u0438. \u042d\u0442\u043e \u043f\u043e\u043c\u043e\u0436\u0435\u0442 \u0432\u0430\u043c \u044d\u0444\u0444\u0435\u043a\u0442\u0438\u0432\u043d\u043e \u0432\u044b\u043f\u043e\u043b\u043d\u044f\u0442\u044c \u0438\u0440\u0440\u0438\u0433\u0430\u0446\u0438\u043e\u043d\u043d\u044b\u0435 \u0440\u0430\u0431\u043e\u0442\u044b.<\/li>\n<\/ol>\n<p>\u041a\u043e\u043c\u043f\u043b\u0435\u043a\u0442 \u0443\u0434\u043b\u0438\u043d\u0438\u0442\u0435\u043b\u044c\u043d\u044b\u0445 \u0448\u043b\u0430\u043d\u0433\u043e\u0432 FLOW \u2013 30 \u043c\u0435\u0442\u0440\u043e\u0432 \u2013 \u0438\u0434\u0435\u0430\u043b\u044c\u043d\u043e\u0435 \u0440\u0435\u0448\u0435\u043d\u0438\u0435 \u0434\u043b\u044f \u0443\u0434\u043e\u0432\u043b\u0435\u0442\u0432\u043e\u0440\u0435\u043d\u0438\u044f \u043f\u043e\u0442\u0440\u0435\u0431\u043d\u043e\u0441\u0442\u0435\u0439 \u0432 \u043e\u0440\u043e\u0448\u0435\u043d\u0438\u0438 \u0432\u0430\u0448\u0435\u0433\u043e \u0441\u0430\u0434\u0430. \u041e\u043d \u043e\u0431\u0435\u0441\u043f\u0435\u0447\u0438\u0432\u0430\u0435\u0442 \u043c\u0430\u043a\u0441\u0438\u043c\u0430\u043b\u044c\u043d\u044b\u0439 \u043a\u043e\u043c\u0444\u043e\u0440\u0442 \u0434\u043b\u044f \u043f\u043e\u043b\u044c\u0437\u043e\u0432\u0430\u0442\u0435\u043b\u044f \u0431\u043b\u0430\u0433\u043e\u0434\u0430\u0440\u044f \u0444\u0443\u043d\u043a\u0446\u0438\u0438 \u0430\u0432\u0442\u043e\u043c\u0430\u0442\u0438\u0447\u0435\u0441\u043a\u043e\u0433\u043e \u0441\u0431\u043e\u0440\u0430 \u0438 \u0433\u0438\u0431\u043a\u043e\u0439 \u0434\u043b\u0438\u043d\u0435.<\/p>","protected":false},"excerpt":{"rendered":"<p>FLOW UZAYAN HORTUM SET\u0130 &#8211; 30 MT FLOW Uzayan Hortum Seti &#8211; 30 Metre, bah\u00e7e sulama i\u015flerinizi kolayla\u015ft\u0131rmak i\u00e7in tasarlanm\u0131\u015f bir \u00fcr\u00fcnd\u00fcr. Suyun bas\u0131nc\u0131yla 10 metreden 30 metreye kadar uzayabilen esnek bir hortumu i\u00e7erir. Ayr\u0131ca, musluk kapat\u0131ld\u0131\u011f\u0131nda otomatik olarak toplan\u0131r. \u00d6zellikler: Esnek Uzunluk: Suyun bas\u0131nc\u0131yla hortum, kullan\u0131c\u0131 ihtiyac\u0131na g\u00f6re 10 metreden 30 metreye kadar uzayabilir. [&#8230;]\n","protected":false},"featured_media":13339,"comment_status":"open","ping_status":"closed","template":"","meta":{"jetpack_post_was_ever_published":false},"product_brand":[],"product_cat":[2347],"product_tag":[],"class_list":{"0":"post-13226","1":"product","2":"type-product","3":"status-publish","4":"has-post-thumbnail","6":"product_cat-bahce","8":"first","9":"instock","10":"taxable","11":"shipping-taxable","12":"product-type-simple"},"jetpack-related-posts":[{"id":13227,"url":"https:\/\/tuzlahortum.com.tr\/ru\/product\/flow-uzayan-hortum-seti-15-mt\/","url_meta":{"origin":13226,"position":0},"title":"\u041d\u0410\u0411\u041e\u0420 \u0428\u041b\u0410\u041d\u0413\u041e\u0412 \u0414\u041b\u042f \u0423\u0414\u041b\u0418\u041d\u0415\u041d\u0418\u042f \u041f\u041e\u0422\u041e\u041a\u0410 \u2013 15 \u041c\u0422","author":"admin","date":"28 \u043c\u0430\u0440\u0442\u0430 2024","format":false,"excerpt":"FLOW UZAYAN HORTUM SET\u0130 - 15 MT FLOW Uzayan Hortum Seti - 15 Metre, bah\u00e7e sulama i\u015flerinizi kolayla\u015ft\u0131rmak i\u00e7in tasarlanm\u0131\u015f bir \u00fcr\u00fcnd\u00fcr. Suyun bas\u0131nc\u0131yla 5 metreden 15 metreye kadar uzayabilen esnek bir hortumu i\u00e7erir. Ayr\u0131ca, musluk kapat\u0131ld\u0131\u011f\u0131nda otomatik olarak toplan\u0131r. \u00d6zellikler: Esnek Uzunluk: Suyun bas\u0131nc\u0131yla hortum, kullan\u0131c\u0131 ihtiyac\u0131na g\u00f6re 10\u2026","rel":"","context":"\u041f\u043e\u0445\u043e\u0436\u0430\u044f \u0437\u0430\u043f\u0438\u0441\u044c","block_context":{"text":"\u041f\u043e\u0445\u043e\u0436\u0430\u044f \u0437\u0430\u043f\u0438\u0441\u044c","link":""},"img":{"alt_text":"FLOW UZAYAN HORTUM SET\u0130 - 15 MT","src":"https:\/\/i0.wp.com\/tuzlahortum.com.tr\/wp-content\/uploads\/2024\/03\/uzayan_hortum_2.jpg?fit=800%2C800&ssl=1&resize=350%2C200","width":350,"height":200,"srcset":"https:\/\/i0.wp.com\/tuzlahortum.com.tr\/wp-content\/uploads\/2024\/03\/uzayan_hortum_2.jpg?fit=800%2C800&ssl=1&resize=350%2C200 1x, https:\/\/i0.wp.com\/tuzlahortum.com.tr\/wp-content\/uploads\/2024\/03\/uzayan_hortum_2.jpg?fit=800%2C800&ssl=1&resize=525%2C300 1.5x, https:\/\/i0.wp.com\/tuzlahortum.com.tr\/wp-content\/uploads\/2024\/03\/uzayan_hortum_2.jpg?fit=800%2C800&ssl=1&resize=700%2C400 2x"},"classes":[]},{"id":13225,"url":"https:\/\/tuzlahortum.com.tr\/ru\/product\/flow-uzayan-hortum-seti-45-mt\/","url_meta":{"origin":13226,"position":1},"title":"\u041d\u0410\u0411\u041e\u0420 \u0428\u041b\u0410\u041d\u0413\u041e\u0412 \u0414\u041b\u042f \u0423\u0414\u041b\u0418\u041d\u0415\u041d\u0418\u042f \u041f\u041e\u0422\u041e\u041a\u0410 \u2013 45 \u041c\u0422","author":"admin","date":"28 \u043c\u0430\u0440\u0442\u0430 2024","format":false,"excerpt":"FLOW UZAYAN HORTUM SET\u0130 - 45 MT FLOW Uzayan Hortum Seti - 45 Metre, bah\u00e7e sulama i\u015flerinizi kolayla\u015ft\u0131rmak i\u00e7in tasarlanm\u0131\u015f bir \u00fcr\u00fcnd\u00fcr. Suyun bas\u0131nc\u0131yla 15 metreden 45 metreye kadar uzayabilen esnek bir hortumu i\u00e7erir. Ayr\u0131ca, musluk kapat\u0131ld\u0131\u011f\u0131nda otomatik olarak toplan\u0131r. \u00d6zellikler: Esnek Uzunluk: Suyun bas\u0131nc\u0131yla hortum, kullan\u0131c\u0131 ihtiyac\u0131na g\u00f6re 10\u2026","rel":"","context":"\u041f\u043e\u0445\u043e\u0436\u0430\u044f \u0437\u0430\u043f\u0438\u0441\u044c","block_context":{"text":"\u041f\u043e\u0445\u043e\u0436\u0430\u044f \u0437\u0430\u043f\u0438\u0441\u044c","link":""},"img":{"alt_text":"FLOW UZAYAN HORTUM SET\u0130 - 45 MT","src":"https:\/\/i0.wp.com\/tuzlahortum.com.tr\/wp-content\/uploads\/2024\/03\/uzayan_hortum_4.jpg?fit=800%2C800&ssl=1&resize=350%2C200","width":350,"height":200,"srcset":"https:\/\/i0.wp.com\/tuzlahortum.com.tr\/wp-content\/uploads\/2024\/03\/uzayan_hortum_4.jpg?fit=800%2C800&ssl=1&resize=350%2C200 1x, https:\/\/i0.wp.com\/tuzlahortum.com.tr\/wp-content\/uploads\/2024\/03\/uzayan_hortum_4.jpg?fit=800%2C800&ssl=1&resize=525%2C300 1.5x, https:\/\/i0.wp.com\/tuzlahortum.com.tr\/wp-content\/uploads\/2024\/03\/uzayan_hortum_4.jpg?fit=800%2C800&ssl=1&resize=700%2C400 2x"},"classes":[]},{"id":13223,"url":"https:\/\/tuzlahortum.com.tr\/ru\/product\/flow-uzayan-hortum-tamir-adaptoru\/","url_meta":{"origin":13226,"position":2},"title":"\u0420\u0415\u041c\u041e\u041d\u0422\u041d\u042b\u0419 \u041f\u0415\u0420\u0415\u0425\u041e\u0414\u041d\u0418\u041a \u0414\u041b\u042f \u0423\u0412\u0415\u041b\u0418\u0427\u0415\u041d\u0418\u042f \u041f\u041e\u0422\u041e\u041a\u0410 \u0428\u041b\u0410\u041d\u0413\u0410","author":"admin","date":"28 \u043c\u0430\u0440\u0442\u0430 2024","format":false,"excerpt":"FLOW UZAYAN HORTUM TAM\u0130R ADAPT\u00d6R\u00dc FLOW Uzayan Hortum Tamir Adapt\u00f6r\u00fc, esneklik sa\u011flayarak hortumunuzun daha uzun s\u00fcre dayanmas\u0131n\u0131 ve verimli \u00e7al\u0131\u015fmas\u0131n\u0131 sa\u011flamak i\u00e7in tasarlanm\u0131\u015ft\u0131r. \u00d6zellikler: Dayan\u0131kl\u0131 Malzeme: Y\u00fcksek kaliteli malzemeden \u00fcretilmi\u015ftir ve uzun \u00f6m\u00fcrl\u00fc kullan\u0131m i\u00e7in dayan\u0131kl\u0131 bir yap\u0131ya sahiptir. Paslanmaz \u00e7elik veya sa\u011flam plastik gibi malzemeler kullan\u0131larak g\u00fcvenilir bir ba\u011flant\u0131\u2026","rel":"","context":"\u041f\u043e\u0445\u043e\u0436\u0430\u044f \u0437\u0430\u043f\u0438\u0441\u044c","block_context":{"text":"\u041f\u043e\u0445\u043e\u0436\u0430\u044f \u0437\u0430\u043f\u0438\u0441\u044c","link":""},"img":{"alt_text":"","src":"https:\/\/i0.wp.com\/tuzlahortum.com.tr\/wp-content\/uploads\/2024\/03\/uzayan_hortum_tamir_aprati_2.jpg?fit=800%2C800&ssl=1&resize=350%2C200","width":350,"height":200,"srcset":"https:\/\/i0.wp.com\/tuzlahortum.com.tr\/wp-content\/uploads\/2024\/03\/uzayan_hortum_tamir_aprati_2.jpg?fit=800%2C800&ssl=1&resize=350%2C200 1x, https:\/\/i0.wp.com\/tuzlahortum.com.tr\/wp-content\/uploads\/2024\/03\/uzayan_hortum_tamir_aprati_2.jpg?fit=800%2C800&ssl=1&resize=525%2C300 1.5x, https:\/\/i0.wp.com\/tuzlahortum.com.tr\/wp-content\/uploads\/2024\/03\/uzayan_hortum_tamir_aprati_2.jpg?fit=800%2C800&ssl=1&resize=700%2C400 2x"},"classes":[]},{"id":13243,"url":"https:\/\/tuzlahortum.com.tr\/ru\/product\/flow-eko-bahce-sulama-nozul-seti\/","url_meta":{"origin":13226,"position":3},"title":"\u041d\u0410\u0411\u041e\u0420 \u041d\u0410\u0421\u0410\u0414\u041e\u041a \u0414\u041b\u042f \u041f\u041e\u041b\u0418\u0412\u0410 \u0421\u0410\u0414\u0410 FLOW ECO","author":"admin","date":"28 \u043c\u0430\u0440\u0442\u0430 2024","format":false,"excerpt":"FLOW EKO BAH\u00c7E SULAMA NOZUL SET\u0130 Bah\u00e7e sulama ihtiya\u00e7lar\u0131n\u0131z\u0131 kar\u015f\u0131lamak i\u00e7in tasarlanan FLOW EKO Bah\u00e7e Sulama Nozul Seti, pratik ve etkili bir sulama \u00e7\u00f6z\u00fcm\u00fc sunar. Set, bir nozul, iki hortum g\u00f6vde ve bir di\u015fi u\u00e7 olmak \u00fczere toplamda d\u00f6rt par\u00e7adan olu\u015fur. \u00d6zellikler: Nozul: Setin bir par\u00e7as\u0131 olan nozul, farkl\u0131 sulama\u2026","rel":"","context":"\u041f\u043e\u0445\u043e\u0436\u0430\u044f \u0437\u0430\u043f\u0438\u0441\u044c","block_context":{"text":"\u041f\u043e\u0445\u043e\u0436\u0430\u044f \u0437\u0430\u043f\u0438\u0441\u044c","link":""},"img":{"alt_text":"","src":"https:\/\/i0.wp.com\/tuzlahortum.com.tr\/wp-content\/uploads\/2024\/03\/bahce_nozul_seti_3.jpg?fit=800%2C800&ssl=1&resize=350%2C200","width":350,"height":200,"srcset":"https:\/\/i0.wp.com\/tuzlahortum.com.tr\/wp-content\/uploads\/2024\/03\/bahce_nozul_seti_3.jpg?fit=800%2C800&ssl=1&resize=350%2C200 1x, https:\/\/i0.wp.com\/tuzlahortum.com.tr\/wp-content\/uploads\/2024\/03\/bahce_nozul_seti_3.jpg?fit=800%2C800&ssl=1&resize=525%2C300 1.5x, https:\/\/i0.wp.com\/tuzlahortum.com.tr\/wp-content\/uploads\/2024\/03\/bahce_nozul_seti_3.jpg?fit=800%2C800&ssl=1&resize=700%2C400 2x"},"classes":[]},{"id":13242,"url":"https:\/\/tuzlahortum.com.tr\/ru\/product\/flow-eko-bahce-sulama-tabancasi-seti\/","url_meta":{"origin":13226,"position":4},"title":"\u041d\u0410\u0411\u041e\u0420 \u041f\u041e\u041b\u0418\u0412\u041a\u041e\u0412 \u0414\u041b\u042f \u0421\u0410\u0414\u041e\u0412 FLOW ECO","author":"admin","date":"28 \u043c\u0430\u0440\u0442\u0430 2024","format":false,"excerpt":"FLOW EKO BAH\u00c7E SULAMA TABANCASI SET\u0130 Bah\u00e7e sulama ihtiya\u00e7lar\u0131n\u0131z\u0131 kar\u015f\u0131lamak i\u00e7in tasarlanan FLOW EKO Bah\u00e7e Sulama Nozul Seti, pratik ve etkili bir sulama \u00e7\u00f6z\u00fcm\u00fc sunar. Set, bir tabanca, iki hortum g\u00f6vde ve bir di\u015fi u\u00e7 olmak \u00fczere toplamda d\u00f6rt par\u00e7adan olu\u015fur. \u00d6zellikler: Tabanca: Setin bir par\u00e7as\u0131 olan tabanca, farkl\u0131 sulama\u2026","rel":"","context":"\u041f\u043e\u0445\u043e\u0436\u0430\u044f \u0437\u0430\u043f\u0438\u0441\u044c","block_context":{"text":"\u041f\u043e\u0445\u043e\u0436\u0430\u044f \u0437\u0430\u043f\u0438\u0441\u044c","link":""},"img":{"alt_text":"","src":"https:\/\/i0.wp.com\/tuzlahortum.com.tr\/wp-content\/uploads\/2024\/03\/bahce_tabanca_seti_2.jpg?fit=800%2C800&ssl=1&resize=350%2C200","width":350,"height":200,"srcset":"https:\/\/i0.wp.com\/tuzlahortum.com.tr\/wp-content\/uploads\/2024\/03\/bahce_tabanca_seti_2.jpg?fit=800%2C800&ssl=1&resize=350%2C200 1x, https:\/\/i0.wp.com\/tuzlahortum.com.tr\/wp-content\/uploads\/2024\/03\/bahce_tabanca_seti_2.jpg?fit=800%2C800&ssl=1&resize=525%2C300 1.5x, https:\/\/i0.wp.com\/tuzlahortum.com.tr\/wp-content\/uploads\/2024\/03\/bahce_tabanca_seti_2.jpg?fit=800%2C800&ssl=1&resize=700%2C400 2x"},"classes":[]},{"id":13246,"url":"https:\/\/tuzlahortum.com.tr\/ru\/product\/flow-luks-jak-3-4-hortum-ekleme\/","url_meta":{"origin":13226,"position":5},"title":"FLOW LUXURY JACK 3\/4 \u0414\u041e\u0411\u0410\u0412\u041b\u0415\u041d\u0418\u0415 \u0428\u041b\u0410\u041d\u0413\u0410","author":"admin","date":"28 \u043c\u0430\u0440\u0442\u0430 2024","format":false,"excerpt":"FLOW L\u00dcKS JAK 3\/4 HORTUM EKLEME Bah\u00e7e sulama ekipmanlar\u0131n\u0131z aras\u0131ndaki uyumu sa\u011flamak i\u00e7in tasarlanan FLOW L\u00dcKS JAK 3\/4 Hortum Ekleme, sulama i\u015flerinizi daha kolay ve verimli hale getirir. \u00d6zellikler: Evrensel Uyumluluk: Bu jak, 3\/4\" \u00e7ap\u0131ndaki hortumlarla uyumludur ve farkl\u0131 sulama ekipmanlar\u0131n\u0131 birbirine ba\u011flaman\u0131z\u0131 sa\u011flar. Bah\u00e7enizdeki sulama sistemlerinin sorunsuz \u00e7al\u0131\u015fmas\u0131n\u0131 sa\u011flar.\u2026","rel":"","context":"\u041f\u043e\u0445\u043e\u0436\u0430\u044f \u0437\u0430\u043f\u0438\u0441\u044c","block_context":{"text":"\u041f\u043e\u0445\u043e\u0436\u0430\u044f \u0437\u0430\u043f\u0438\u0441\u044c","link":""},"img":{"alt_text":"","src":"https:\/\/i0.wp.com\/tuzlahortum.com.tr\/wp-content\/uploads\/2024\/03\/jak_luks_hortum_ekleme_2.jpg?fit=800%2C800&ssl=1&resize=350%2C200","width":350,"height":200,"srcset":"https:\/\/i0.wp.com\/tuzlahortum.com.tr\/wp-content\/uploads\/2024\/03\/jak_luks_hortum_ekleme_2.jpg?fit=800%2C800&ssl=1&resize=350%2C200 1x, https:\/\/i0.wp.com\/tuzlahortum.com.tr\/wp-content\/uploads\/2024\/03\/jak_luks_hortum_ekleme_2.jpg?fit=800%2C800&ssl=1&resize=525%2C300 1.5x, https:\/\/i0.wp.com\/tuzlahortum.com.tr\/wp-content\/uploads\/2024\/03\/jak_luks_hortum_ekleme_2.jpg?fit=800%2C800&ssl=1&resize=700%2C400 2x"},"classes":[]}],"jetpack_sharing_enabled":true,"jetpack_likes_enabled":true,"_links":{"self":[{"href":"https:\/\/tuzlahortum.com.tr\/ru\/wp-json\/wp\/v2\/product\/13226","targetHints":{"allow":["GET"]}}],"collection":[{"href":"https:\/\/tuzlahortum.com.tr\/ru\/wp-json\/wp\/v2\/product"}],"about":[{"href":"https:\/\/tuzlahortum.com.tr\/ru\/wp-json\/wp\/v2\/types\/product"}],"replies":[{"embeddable":true,"href":"https:\/\/tuzlahortum.com.tr\/ru\/wp-json\/wp\/v2\/comments?post=13226"}],"wp:featuredmedia":[{"embeddable":true,"href":"https:\/\/tuzlahortum.com.tr\/ru\/wp-json\/wp\/v2\/media\/13339"}],"wp:attachment":[{"href":"https:\/\/tuzlahortum.com.tr\/ru\/wp-json\/wp\/v2\/media?parent=13226"}],"wp:term":[{"taxonomy":"product_brand","embeddable":true,"href":"https:\/\/tuzlahortum.com.tr\/ru\/wp-json\/wp\/v2\/product_brand?post=13226"},{"taxonomy":"product_cat","embeddable":true,"href":"https:\/\/tuzlahortum.com.tr\/ru\/wp-json\/wp\/v2\/product_cat?post=13226"},{"taxonomy":"product_tag","embeddable":true,"href":"https:\/\/tuzlahortum.com.tr\/ru\/wp-json\/wp\/v2\/product_tag?post=13226"}],"curies":[{"name":"wp","href":"https:\/\/api.w.org\/{rel}","templated":true}]}}