{"id":13221,"date":"2024-03-28T17:29:02","date_gmt":"2024-03-28T14:29:02","guid":{"rendered":"https:\/\/tuzlahortum.com.tr\/?post_type=product&#038;p=13221"},"modified":"2025-08-20T12:03:00","modified_gmt":"2025-08-20T09:03:00","slug":"flow-kelebek-dairesel-fiskiye","status":"publish","type":"product","link":"https:\/\/tuzlahortum.com.tr\/ru\/product\/flow-kelebek-dairesel-fiskiye\/","title":{"rendered":"\u041a\u0420\u0423\u0413\u041b\u042b\u0419 \u0424\u041e\u041d\u0422\u0410\u041d \u041f\u041e\u0422\u041e\u041a \u0411\u0410\u0411\u041e\u0427\u041a\u0410"},"content":{"rendered":"<p>\u041a\u0420\u0423\u0413\u041b\u042b\u0419 \u0424\u041e\u041d\u0422\u0410\u041d \u041f\u041e\u0422\u041e\u041a \u0411\u0410\u0411\u041e\u0427\u041a\u0410<\/p>\n<p>\u041a\u0440\u0443\u0433\u043b\u044b\u0439 \u0440\u0430\u0437\u0431\u0440\u044b\u0437\u0433\u0438\u0432\u0430\u0442\u0435\u043b\u044c FLOW Butterfly \u043f\u0440\u0435\u0434\u043d\u0430\u0437\u043d\u0430\u0447\u0435\u043d \u0434\u043b\u044f \u0440\u0435\u0433\u0443\u043b\u044f\u0440\u043d\u043e\u0433\u043e \u0438 \u044d\u0444\u0444\u0435\u043a\u0442\u0438\u0432\u043d\u043e\u0433\u043e \u043f\u043e\u043b\u0438\u0432\u0430 \u0440\u0430\u0441\u0442\u0435\u043d\u0438\u0439 \u0432 \u0432\u0430\u0448\u0435\u043c \u0441\u0430\u0434\u0443. \u041e\u043d \u043f\u043e\u043c\u043e\u0433\u0430\u0435\u0442 \u0440\u0430\u0441\u0442\u0435\u043d\u0438\u044f\u043c \u0440\u0430\u0441\u0442\u0438 \u0437\u0434\u043e\u0440\u043e\u0432\u044b\u043c\u0438, \u0440\u0430\u0432\u043d\u043e\u043c\u0435\u0440\u043d\u043e \u0440\u0430\u0441\u043f\u0440\u0435\u0434\u0435\u043b\u044f\u044f \u0432\u044b\u0434\u0435\u043b\u044f\u0435\u043c\u0443\u044e \u0432\u043e\u0434\u0443 \u043f\u043e \u0431\u043e\u043b\u044c\u0448\u043e\u0439 \u043f\u043b\u043e\u0449\u0430\u0434\u0438.<\/p>\n<p>\u0424\u0443\u043d\u043a\u0446\u0438\u0438:<\/p>\n<ol>\n<li><strong>\u041a\u0440\u0443\u0433\u043e\u0432\u0430\u044f \u0438\u0440\u0440\u0438\u0433\u0430\u0446\u0438\u043e\u043d\u043d\u0430\u044f \u0437\u043e\u043d\u0430<\/strong>: \u0431\u043b\u0430\u0433\u043e\u0434\u0430\u0440\u044f \u0444\u043e\u0440\u043c\u0435 \u0431\u0430\u0431\u043e\u0447\u043a\u0438 \u0444\u043e\u043d\u0442\u0430\u043d \u0440\u0430\u0441\u043f\u0440\u0435\u0434\u0435\u043b\u044f\u0435\u0442 \u0432\u044b\u0431\u0440\u0430\u0441\u044b\u0432\u0430\u0435\u043c\u0443\u044e \u0432\u043e\u0434\u0443, \u0432\u0440\u0430\u0449\u0430\u044f\u0441\u044c \u043d\u0430 360 \u0433\u0440\u0430\u0434\u0443\u0441\u043e\u0432. \u0422\u0430\u043a\u0438\u043c \u043e\u0431\u0440\u0430\u0437\u043e\u043c, \u0441\u043e\u0437\u0434\u0430\u0435\u0442\u0441\u044f \u0431\u043e\u043b\u044c\u0448\u0430\u044f \u043f\u043b\u043e\u0449\u0430\u0434\u044c \u043e\u0440\u043e\u0448\u0435\u043d\u0438\u044f \u0438 \u043f\u043e\u043c\u043e\u0433\u0430\u0435\u0442 \u0440\u0430\u0432\u043d\u043e\u043c\u0435\u0440\u043d\u043e \u043f\u043e\u043b\u0438\u0432\u0430\u0442\u044c \u0440\u0430\u0441\u0442\u0435\u043d\u0438\u044f.<\/li>\n<li><strong>\u041b\u0435\u0433\u043a\u0430\u044f \u0440\u0435\u0433\u0443\u043b\u0438\u0440\u043e\u0432\u043a\u0430<\/strong>: \u0433\u043e\u043b\u043e\u0432\u043a\u0430 \u0440\u0430\u0437\u0431\u0440\u044b\u0437\u0433\u0438\u0432\u0430\u0442\u0435\u043b\u044f \u0440\u0435\u0433\u0443\u043b\u0438\u0440\u0443\u0435\u0442\u0441\u044f, \u043f\u043e\u044d\u0442\u043e\u043c\u0443 \u0432\u044b \u043c\u043e\u0436\u0435\u0442\u0435 \u0440\u0435\u0433\u0443\u043b\u0438\u0440\u043e\u0432\u0430\u0442\u044c \u0443\u0433\u043e\u043b \u0440\u0430\u0441\u043f\u044b\u043b\u0435\u043d\u0438\u044f \u0438 \u0440\u0430\u0441\u0441\u0442\u043e\u044f\u043d\u0438\u0435 \u043f\u043e\u0434\u0430\u0447\u0438 \u0432\u043e\u0434\u044b \u043f\u043e \u0441\u0432\u043e\u0435\u043c\u0443 \u0436\u0435\u043b\u0430\u043d\u0438\u044e. \u042d\u0442\u043e \u043f\u043e\u0437\u0432\u043e\u043b\u044f\u0435\u0442 \u043d\u0430\u0441\u0442\u0440\u043e\u0438\u0442\u044c \u043f\u043e\u043b\u0438\u0432 \u0432 \u0441\u043e\u043e\u0442\u0432\u0435\u0442\u0441\u0442\u0432\u0438\u0438 \u0441 \u043f\u043e\u0442\u0440\u0435\u0431\u043d\u043e\u0441\u0442\u044f\u043c\u0438 \u0432\u0430\u0448\u0438\u0445 \u0440\u0430\u0441\u0442\u0435\u043d\u0438\u0439.<\/li>\n<li><strong>\u041f\u0440\u043e\u0447\u043d\u044b\u0439 \u043c\u0430\u0442\u0435\u0440\u0438\u0430\u043b<\/strong>: \u0418\u0437\u0433\u043e\u0442\u043e\u0432\u043b\u0435\u043d \u0438\u0437 \u0432\u044b\u0441\u043e\u043a\u043e\u043a\u0430\u0447\u0435\u0441\u0442\u0432\u0435\u043d\u043d\u043e\u0433\u043e \u043f\u043b\u0430\u0441\u0442\u0438\u043a\u0430 \u0438\u043b\u0438 \u043c\u0435\u0442\u0430\u043b\u043b\u0430, \u0434\u043e\u043b\u0433\u043e\u0432\u0435\u0447\u0435\u043d \u0438 \u0443\u0441\u0442\u043e\u0439\u0447\u0438\u0432 \u043a \u0432\u043e\u0437\u0434\u0435\u0439\u0441\u0442\u0432\u0438\u044e \u043e\u043a\u0440\u0443\u0436\u0430\u044e\u0449\u0435\u0439 \u0441\u0440\u0435\u0434\u044b. \u042d\u0442\u043e \u043e\u0431\u0435\u0441\u043f\u0435\u0447\u0438\u0432\u0430\u0435\u0442 \u0434\u043b\u0438\u0442\u0435\u043b\u044c\u043d\u043e\u0435 \u0438\u0441\u043f\u043e\u043b\u044c\u0437\u043e\u0432\u0430\u043d\u0438\u0435 \u0444\u043e\u043d\u0442\u0430\u043d\u0430.<\/li>\n<li><strong>\u041f\u0440\u043e\u0441\u0442\u0430\u044f \u0441\u0431\u043e\u0440\u043a\u0430<\/strong>: \u0411\u043b\u0430\u0433\u043e\u0434\u0430\u0440\u044f \u043f\u0440\u043e\u0441\u0442\u043e\u0442\u0435 \u0441\u0431\u043e\u0440\u043a\u0438 \u0444\u043e\u043d\u0442\u0430\u043d \u043c\u043e\u0436\u043d\u043e \u043b\u0435\u0433\u043a\u043e \u0438 \u0431\u044b\u0441\u0442\u0440\u043e \u0443\u0441\u0442\u0430\u043d\u043e\u0432\u0438\u0442\u044c. \u041e\u043d \u043d\u0435 \u0442\u0440\u0435\u0431\u0443\u0435\u0442 \u043a\u0430\u043a\u0438\u0445-\u043b\u0438\u0431\u043e \u0434\u043e\u043f\u043e\u043b\u043d\u0438\u0442\u0435\u043b\u044c\u043d\u044b\u0445 \u0438\u043d\u0441\u0442\u0440\u0443\u043c\u0435\u043d\u0442\u043e\u0432 \u0438\u043b\u0438 \u043e\u0431\u043e\u0440\u0443\u0434\u043e\u0432\u0430\u043d\u0438\u044f.<\/li>\n<li><strong>\u0420\u0430\u0437\u043b\u0438\u0447\u043d\u044b\u0435 \u043e\u0431\u043b\u0430\u0441\u0442\u0438 \u0438\u0441\u043f\u043e\u043b\u044c\u0437\u043e\u0432\u0430\u043d\u0438\u044f<\/strong>: \u0418\u0434\u0435\u0430\u043b\u044c\u043d\u043e \u043f\u043e\u0434\u0445\u043e\u0434\u0438\u0442 \u0434\u043b\u044f \u043f\u043e\u043b\u0438\u0432\u0430 \u0441\u0430\u0434\u043e\u0432\u044b\u0445 \u0446\u0432\u0435\u0442\u043e\u0432, \u0440\u0430\u0441\u0442\u0435\u043d\u0438\u0439 \u0438 \u043e\u0432\u043e\u0449\u0435\u0439. \u0415\u0433\u043e \u0442\u0430\u043a\u0436\u0435 \u043c\u043e\u0436\u043d\u043e \u0438\u0441\u043f\u043e\u043b\u044c\u0437\u043e\u0432\u0430\u0442\u044c \u0434\u043b\u044f \u043f\u043e\u043b\u0438\u0432\u0430 \u0433\u0430\u0437\u043e\u043d\u043e\u0432 \u0438\u043b\u0438 \u0432 \u0434\u0435\u043a\u043e\u0440\u0430\u0442\u0438\u0432\u043d\u044b\u0445 \u0446\u0435\u043b\u044f\u0445 \u0432 \u0441\u0430\u0434\u0443.<\/li>\n<\/ol>\n<p>\u041a\u0440\u0443\u0433\u043e\u0432\u043e\u0439 \u0440\u0430\u0437\u0431\u0440\u044b\u0437\u0433\u0438\u0432\u0430\u0442\u0435\u043b\u044c FLOW Butterfly \u2014 \u044d\u0442\u043e \u043f\u043e\u043b\u0435\u0437\u043d\u044b\u0439 \u043f\u0440\u043e\u0434\u0443\u043a\u0442, \u043a\u043e\u0442\u043e\u0440\u044b\u0439 \u0443\u043f\u0440\u043e\u0449\u0430\u0435\u0442 \u0438\u0440\u0440\u0438\u0433\u0430\u0446\u0438\u044e \u0432\u0430\u0448\u0435\u0433\u043e \u0441\u0430\u0434\u0430 \u0438 \u043e\u0431\u0435\u0441\u043f\u0435\u0447\u0438\u0432\u0430\u0435\u0442 \u0440\u0435\u0433\u0443\u043b\u044f\u0440\u043d\u044b\u0439 \u0438 \u044d\u0444\u0444\u0435\u043a\u0442\u0438\u0432\u043d\u044b\u0439 \u043f\u043e\u043b\u0438\u0432 \u0432\u0430\u0448\u0438\u0445 \u0440\u0430\u0441\u0442\u0435\u043d\u0438\u0439.<\/p>","protected":false},"excerpt":{"rendered":"<p>FLOW KELEBEK DA\u0130RESEL FISK\u0130YE FLOW Kelebek Dairesel F\u0131skiye, bah\u00e7enizdeki bitkileri d\u00fczenli ve etkili bir \u015fekilde sulamak i\u00e7in tasarlanm\u0131\u015ft\u0131r. Yayd\u0131\u011f\u0131 suyu geni\u015f bir alana e\u015fit olarak da\u011f\u0131tarak bitkilerin sa\u011fl\u0131kl\u0131 b\u00fcy\u00fcmesine yard\u0131mc\u0131 olur. \u00d6zellikler: Dairesel Sulama Alan\u0131: Kelebek \u015feklindeki tasar\u0131m\u0131 sayesinde, f\u0131skiye yayd\u0131\u011f\u0131 suyu 360 derece d\u00f6ner bir \u015fekilde da\u011f\u0131t\u0131r. Bu sayede geni\u015f bir sulama alan\u0131 olu\u015fturur [&#8230;]\n","protected":false},"featured_media":13329,"comment_status":"open","ping_status":"closed","template":"","meta":{"jetpack_post_was_ever_published":false},"product_brand":[],"product_cat":[2347],"product_tag":[],"class_list":{"0":"post-13221","1":"product","2":"type-product","3":"status-publish","4":"has-post-thumbnail","6":"product_cat-bahce","8":"first","9":"instock","10":"taxable","11":"shipping-taxable","12":"product-type-simple"},"jetpack-related-posts":[{"id":13222,"url":"https:\/\/tuzlahortum.com.tr\/ru\/product\/flow-salinimli-fiskiye\/","url_meta":{"origin":13221,"position":0},"title":"\u041a\u0410\u0427\u0410\u042e\u0429\u0418\u0419\u0421\u042f \u0424\u041e\u041d\u0422\u0410\u041d \u041f\u041e\u0422\u041e\u041a\u0410","author":"admin","date":"28 \u043c\u0430\u0440\u0442\u0430 2024","format":false,"excerpt":"FLOW SALINIMLI FISK\u0130YE FLOW Sal\u0131n\u0131ml\u0131 F\u0131skiye, bah\u00e7e sulama sistemlerinde kullan\u0131lan ve suyun belirli bir alana d\u00fczenli bir \u015fekilde p\u00fcsk\u00fcrt\u00fclmesini sa\u011flayan bir sulama aksesuar\u0131d\u0131r. \u00d6zellikler: Sal\u0131n\u0131ml\u0131 Tasar\u0131m: F\u0131skiye ba\u015fl\u0131\u011f\u0131, suyun p\u00fcsk\u00fcrt\u00fclme esnas\u0131nda belirli bir sal\u0131n\u0131m hareketi yapmas\u0131n\u0131 sa\u011flayacak \u015fekilde tasarlanm\u0131\u015ft\u0131r. Bu sayede suyun daha geni\u015f bir alana e\u015fit \u015fekilde da\u011f\u0131lmas\u0131 sa\u011flan\u0131r.\u2026","rel":"","context":"\u041f\u043e\u0445\u043e\u0436\u0430\u044f \u0437\u0430\u043f\u0438\u0441\u044c","block_context":{"text":"\u041f\u043e\u0445\u043e\u0436\u0430\u044f \u0437\u0430\u043f\u0438\u0441\u044c","link":""},"img":{"alt_text":"FLOW SALINIMLI FISK\u0130YE","src":"https:\/\/i0.wp.com\/tuzlahortum.com.tr\/wp-content\/uploads\/2024\/03\/dairesel_sulama_3.jpg?fit=800%2C800&ssl=1&resize=350%2C200","width":350,"height":200,"srcset":"https:\/\/i0.wp.com\/tuzlahortum.com.tr\/wp-content\/uploads\/2024\/03\/dairesel_sulama_3.jpg?fit=800%2C800&ssl=1&resize=350%2C200 1x, https:\/\/i0.wp.com\/tuzlahortum.com.tr\/wp-content\/uploads\/2024\/03\/dairesel_sulama_3.jpg?fit=800%2C800&ssl=1&resize=525%2C300 1.5x, https:\/\/i0.wp.com\/tuzlahortum.com.tr\/wp-content\/uploads\/2024\/03\/dairesel_sulama_3.jpg?fit=800%2C800&ssl=1&resize=700%2C400 2x"},"classes":[]},{"id":13220,"url":"https:\/\/tuzlahortum.com.tr\/ru\/product\/flow-kazikli-fiskiye\/","url_meta":{"origin":13221,"position":1},"title":"\u0424\u041e\u041d\u0422\u0410\u041d \u0418\u0417 \u041f\u041e\u0422\u041e\u041a\u0410","author":"admin","date":"28 \u043c\u0430\u0440\u0442\u0430 2024","format":false,"excerpt":"FLOW KAZIKLI FISK\u0130YE FLOW Kaz\u0131kl\u0131 F\u0131skiye, bah\u00e7enizde bitkilerinizi sulamak i\u00e7in pratik bir \u00e7\u00f6z\u00fcm sunar. Kolay montaj\u0131 ve kullan\u0131m\u0131 ile dikkat \u00e7eker. \u00d6zellikler: Kolay Kurulum: Kaz\u0131k \u015feklindeki tasar\u0131m\u0131 sayesinde, f\u0131skiye h\u0131zl\u0131 ve kolay bir \u015fekilde topra\u011fa yerle\u015ftirilebilir. Herhangi bir ek ara\u00e7 veya ekipman gerektirmez. Ayarlama \u0130mkan\u0131: F\u0131skiye ba\u015fl\u0131\u011f\u0131 ayarlanabilir \u00f6zelliktedir, b\u00f6ylece\u2026","rel":"","context":"\u041f\u043e\u0445\u043e\u0436\u0430\u044f \u0437\u0430\u043f\u0438\u0441\u044c","block_context":{"text":"\u041f\u043e\u0445\u043e\u0436\u0430\u044f \u0437\u0430\u043f\u0438\u0441\u044c","link":""},"img":{"alt_text":"FLOW KAZIKLI FISK\u0130YE","src":"https:\/\/i0.wp.com\/tuzlahortum.com.tr\/wp-content\/uploads\/2024\/03\/bahce_fiskiye_kazikli_1.jpg?fit=800%2C800&ssl=1&resize=350%2C200","width":350,"height":200,"srcset":"https:\/\/i0.wp.com\/tuzlahortum.com.tr\/wp-content\/uploads\/2024\/03\/bahce_fiskiye_kazikli_1.jpg?fit=800%2C800&ssl=1&resize=350%2C200 1x, https:\/\/i0.wp.com\/tuzlahortum.com.tr\/wp-content\/uploads\/2024\/03\/bahce_fiskiye_kazikli_1.jpg?fit=800%2C800&ssl=1&resize=525%2C300 1.5x, https:\/\/i0.wp.com\/tuzlahortum.com.tr\/wp-content\/uploads\/2024\/03\/bahce_fiskiye_kazikli_1.jpg?fit=800%2C800&ssl=1&resize=700%2C400 2x"},"classes":[]},{"id":13244,"url":"https:\/\/tuzlahortum.com.tr\/ru\/product\/flow-jak-musluk-adaptoru\/","url_meta":{"origin":13221,"position":2},"title":"\u041f\u0415\u0420\u0415\u0425\u041e\u0414\u041d\u0418\u041a \u041a\u0420\u0410\u041d\u0410 \u041f\u041e\u0414\u0410\u0427\u0418 \u041f\u041e\u0414\u0410\u0427\u0418","author":"admin","date":"28 \u043c\u0430\u0440\u0442\u0430 2024","format":false,"excerpt":"FLOW JAK MUSLUK ADAPT\u00d6R\u00dc Bah\u00e7e sulama sistemlerinizi musluklarla uyumlu hale getirmek i\u00e7in tasarlanan FLOW JAK Musluk Adapt\u00f6r\u00fc, pratik ve g\u00fcvenilir bir \u00e7\u00f6z\u00fcm sunar. \u00d6zellikler: Evrensel Uyumluluk: FLOW JAK Musluk Adapt\u00f6r\u00fc, \u00e7o\u011fu standart muslukla uyumlu olarak tasarlanm\u0131\u015ft\u0131r. Bu sayede bah\u00e7e sulama ekipmanlar\u0131n\u0131z\u0131 musluklar\u0131n\u0131za kolayca ba\u011flayabilirsiniz. Dayan\u0131kl\u0131 Malzeme: Y\u00fcksek kaliteli malzemelerden \u00fcretilmi\u015f\u2026","rel":"","context":"\u041f\u043e\u0445\u043e\u0436\u0430\u044f \u0437\u0430\u043f\u0438\u0441\u044c","block_context":{"text":"\u041f\u043e\u0445\u043e\u0436\u0430\u044f \u0437\u0430\u043f\u0438\u0441\u044c","link":""},"img":{"alt_text":"","src":"https:\/\/i0.wp.com\/tuzlahortum.com.tr\/wp-content\/uploads\/2024\/03\/jak_mustuk_adaptoru_2.jpg?fit=800%2C800&ssl=1&resize=350%2C200","width":350,"height":200,"srcset":"https:\/\/i0.wp.com\/tuzlahortum.com.tr\/wp-content\/uploads\/2024\/03\/jak_mustuk_adaptoru_2.jpg?fit=800%2C800&ssl=1&resize=350%2C200 1x, https:\/\/i0.wp.com\/tuzlahortum.com.tr\/wp-content\/uploads\/2024\/03\/jak_mustuk_adaptoru_2.jpg?fit=800%2C800&ssl=1&resize=525%2C300 1.5x, https:\/\/i0.wp.com\/tuzlahortum.com.tr\/wp-content\/uploads\/2024\/03\/jak_mustuk_adaptoru_2.jpg?fit=800%2C800&ssl=1&resize=700%2C400 2x"},"classes":[]},{"id":13233,"url":"https:\/\/tuzlahortum.com.tr\/ru\/product\/flow-eko-2li-kollektor\/","url_meta":{"origin":13221,"position":3},"title":"\u041a\u041e\u041b\u041b\u0415\u041a\u0422\u041e\u0420 FLOW ECO, 2 \u0427\u0410\u0421\u0422\u0418","author":"admin","date":"28 \u043c\u0430\u0440\u0442\u0430 2024","format":false,"excerpt":"FLOW EKO 2'L\u0130 KOLLEKT\u00d6R FLOW EKO 2'li Kollekt\u00f6r, bah\u00e7e sulama sistemlerinizde su ak\u0131\u015f\u0131n\u0131 daha verimli bir \u015fekilde y\u00f6netmek ve birden fazla b\u00f6lgeye su da\u011f\u0131tmak i\u00e7in tasarlanm\u0131\u015ft\u0131r. \u00d6zellikler: 1. **Dayan\u0131kl\u0131 Malzeme**: Y\u00fcksek kaliteli malzemeden \u00fcretilmi\u015ftir ve uzun s\u00fcreli kullan\u0131m i\u00e7in dayan\u0131kl\u0131 bir yap\u0131ya sahiptir. Paslanmaz \u00e7elik veya sa\u011flam plastik gibi malzemeler\u2026","rel":"","context":"\u041f\u043e\u0445\u043e\u0436\u0430\u044f \u0437\u0430\u043f\u0438\u0441\u044c","block_context":{"text":"\u041f\u043e\u0445\u043e\u0436\u0430\u044f \u0437\u0430\u043f\u0438\u0441\u044c","link":""},"img":{"alt_text":"","src":"https:\/\/i0.wp.com\/tuzlahortum.com.tr\/wp-content\/uploads\/2024\/03\/eko_ikili_kollektor_2.jpg?fit=800%2C800&ssl=1&resize=350%2C200","width":350,"height":200,"srcset":"https:\/\/i0.wp.com\/tuzlahortum.com.tr\/wp-content\/uploads\/2024\/03\/eko_ikili_kollektor_2.jpg?fit=800%2C800&ssl=1&resize=350%2C200 1x, https:\/\/i0.wp.com\/tuzlahortum.com.tr\/wp-content\/uploads\/2024\/03\/eko_ikili_kollektor_2.jpg?fit=800%2C800&ssl=1&resize=525%2C300 1.5x, https:\/\/i0.wp.com\/tuzlahortum.com.tr\/wp-content\/uploads\/2024\/03\/eko_ikili_kollektor_2.jpg?fit=800%2C800&ssl=1&resize=700%2C400 2x"},"classes":[]},{"id":13232,"url":"https:\/\/tuzlahortum.com.tr\/ru\/product\/flow-luks-2li-kollektor\/","url_meta":{"origin":13221,"position":4},"title":"\u041a\u041e\u041b\u041b\u0415\u041a\u0426\u0418\u041e\u041d\u0415\u0420 FLOW LUXURY \u0418\u0417 2 \u0427\u0410\u0421\u0422\u0415\u0419","author":"admin","date":"28 \u043c\u0430\u0440\u0442\u0430 2024","format":false,"excerpt":"FLOW L\u00dcKS 2'L\u0130 KOLLEKT\u00d6R FLOW L\u00dcKS 2'li Kollekt\u00f6r, bah\u00e7e sulama i\u015flerinizi optimize etmek ve su ak\u0131\u015f\u0131n\u0131 daha verimli bir \u015fekilde y\u00f6netmek i\u00e7in tasarlanm\u0131\u015ft\u0131r. \u00d6zellikler: 1. **Dayan\u0131kl\u0131 Yap\u0131**: Y\u00fcksek kaliteli malzemeden \u00fcretilmi\u015ftir ve uzun s\u00fcreli kullan\u0131m i\u00e7in sa\u011flam bir yap\u0131ya sahiptir. Paslanmaz \u00e7elik veya sa\u011flam plastik gibi malzemeler kullan\u0131larak g\u00fcvenilir bir\u2026","rel":"","context":"\u041f\u043e\u0445\u043e\u0436\u0430\u044f \u0437\u0430\u043f\u0438\u0441\u044c","block_context":{"text":"\u041f\u043e\u0445\u043e\u0436\u0430\u044f \u0437\u0430\u043f\u0438\u0441\u044c","link":""},"img":{"alt_text":"","src":"https:\/\/i0.wp.com\/tuzlahortum.com.tr\/wp-content\/uploads\/2024\/03\/luks_ikili_kollektor_1.jpg?fit=800%2C800&ssl=1&resize=350%2C200","width":350,"height":200,"srcset":"https:\/\/i0.wp.com\/tuzlahortum.com.tr\/wp-content\/uploads\/2024\/03\/luks_ikili_kollektor_1.jpg?fit=800%2C800&ssl=1&resize=350%2C200 1x, https:\/\/i0.wp.com\/tuzlahortum.com.tr\/wp-content\/uploads\/2024\/03\/luks_ikili_kollektor_1.jpg?fit=800%2C800&ssl=1&resize=525%2C300 1.5x, https:\/\/i0.wp.com\/tuzlahortum.com.tr\/wp-content\/uploads\/2024\/03\/luks_ikili_kollektor_1.jpg?fit=800%2C800&ssl=1&resize=700%2C400 2x"},"classes":[]},{"id":13231,"url":"https:\/\/tuzlahortum.com.tr\/ru\/product\/flow-luks-4lu-kollektor\/","url_meta":{"origin":13221,"position":5},"title":"\u041a\u041e\u041b\u041b\u0415\u041a\u0426\u0418\u041e\u041d\u0415\u0420 FLOW LUXURY \u0418\u0417 4 \u0427\u0410\u0421\u0422\u0415\u0419","author":"admin","date":"28 \u043c\u0430\u0440\u0442\u0430 2024","format":false,"excerpt":"FLOW L\u00dcKS 4'L\u00dc KOLLEKT\u00d6R FLOW L\u00dcKS 4'l\u00fc Kollekt\u00f6r, bah\u00e7e sulama i\u015flerinizde verimlili\u011fi art\u0131rmak ve farkl\u0131 b\u00f6lgelere su ak\u0131\u015f\u0131n\u0131 kolayca y\u00f6nlendirmek i\u00e7in tasarlanm\u0131\u015ft\u0131r. \u00d6zellikler: Dayan\u0131kl\u0131 Yap\u0131: Y\u00fcksek kaliteli malzemeden \u00fcretilmi\u015ftir ve uzun s\u00fcreli kullan\u0131m i\u00e7in sa\u011flam bir yap\u0131ya sahiptir. Paslanmaz \u00e7elik veya sa\u011flam plastik gibi malzemeler kullan\u0131larak g\u00fcvenilir bir ba\u011flant\u0131 sa\u011flar.\u2026","rel":"","context":"\u041f\u043e\u0445\u043e\u0436\u0430\u044f \u0437\u0430\u043f\u0438\u0441\u044c","block_context":{"text":"\u041f\u043e\u0445\u043e\u0436\u0430\u044f \u0437\u0430\u043f\u0438\u0441\u044c","link":""},"img":{"alt_text":"","src":"https:\/\/i0.wp.com\/tuzlahortum.com.tr\/wp-content\/uploads\/2024\/03\/luks_dortlu_kollektor_2.jpg?fit=800%2C800&ssl=1&resize=350%2C200","width":350,"height":200,"srcset":"https:\/\/i0.wp.com\/tuzlahortum.com.tr\/wp-content\/uploads\/2024\/03\/luks_dortlu_kollektor_2.jpg?fit=800%2C800&ssl=1&resize=350%2C200 1x, https:\/\/i0.wp.com\/tuzlahortum.com.tr\/wp-content\/uploads\/2024\/03\/luks_dortlu_kollektor_2.jpg?fit=800%2C800&ssl=1&resize=525%2C300 1.5x, https:\/\/i0.wp.com\/tuzlahortum.com.tr\/wp-content\/uploads\/2024\/03\/luks_dortlu_kollektor_2.jpg?fit=800%2C800&ssl=1&resize=700%2C400 2x"},"classes":[]}],"jetpack_sharing_enabled":true,"jetpack_likes_enabled":true,"_links":{"self":[{"href":"https:\/\/tuzlahortum.com.tr\/ru\/wp-json\/wp\/v2\/product\/13221","targetHints":{"allow":["GET"]}}],"collection":[{"href":"https:\/\/tuzlahortum.com.tr\/ru\/wp-json\/wp\/v2\/product"}],"about":[{"href":"https:\/\/tuzlahortum.com.tr\/ru\/wp-json\/wp\/v2\/types\/product"}],"replies":[{"embeddable":true,"href":"https:\/\/tuzlahortum.com.tr\/ru\/wp-json\/wp\/v2\/comments?post=13221"}],"wp:featuredmedia":[{"embeddable":true,"href":"https:\/\/tuzlahortum.com.tr\/ru\/wp-json\/wp\/v2\/media\/13329"}],"wp:attachment":[{"href":"https:\/\/tuzlahortum.com.tr\/ru\/wp-json\/wp\/v2\/media?parent=13221"}],"wp:term":[{"taxonomy":"product_brand","embeddable":true,"href":"https:\/\/tuzlahortum.com.tr\/ru\/wp-json\/wp\/v2\/product_brand?post=13221"},{"taxonomy":"product_cat","embeddable":true,"href":"https:\/\/tuzlahortum.com.tr\/ru\/wp-json\/wp\/v2\/product_cat?post=13221"},{"taxonomy":"product_tag","embeddable":true,"href":"https:\/\/tuzlahortum.com.tr\/ru\/wp-json\/wp\/v2\/product_tag?post=13221"}],"curies":[{"name":"wp","href":"https:\/\/api.w.org\/{rel}","templated":true}]}}