{"id":13220,"date":"2024-03-28T17:29:02","date_gmt":"2024-03-28T14:29:02","guid":{"rendered":"https:\/\/tuzlahortum.com.tr\/?post_type=product&#038;p=13220"},"modified":"2025-08-20T12:02:54","modified_gmt":"2025-08-20T09:02:54","slug":"flow-kazikli-fiskiye","status":"publish","type":"product","link":"https:\/\/tuzlahortum.com.tr\/ru\/product\/flow-kazikli-fiskiye\/","title":{"rendered":"\u0424\u041e\u041d\u0422\u0410\u041d \u0418\u0417 \u041f\u041e\u0422\u041e\u041a\u0410"},"content":{"rendered":"<p>\u0424\u041e\u041d\u0422\u0410\u041d \u0418\u0417 \u041f\u041e\u0422\u041e\u041a\u0410<\/p>\n<p>\u0421\u043f\u0440\u0438\u043d\u043a\u043b\u0435\u0440\u043d\u044b\u0439 \u0441\u043f\u0440\u0438\u043d\u043a\u043b\u0435\u0440 FLOW \u043f\u0440\u0435\u0434\u043b\u0430\u0433\u0430\u0435\u0442 \u043f\u0440\u0430\u043a\u0442\u0438\u0447\u043d\u043e\u0435 \u0440\u0435\u0448\u0435\u043d\u0438\u0435 \u0434\u043b\u044f \u043f\u043e\u043b\u0438\u0432\u0430 \u0440\u0430\u0441\u0442\u0435\u043d\u0438\u0439 \u0432 \u0441\u0430\u0434\u0443. \u041e\u043d \u043f\u0440\u0438\u0432\u043b\u0435\u043a\u0430\u0435\u0442 \u0432\u043d\u0438\u043c\u0430\u043d\u0438\u0435 \u043f\u0440\u043e\u0441\u0442\u043e\u0442\u043e\u0439 \u0443\u0441\u0442\u0430\u043d\u043e\u0432\u043a\u0438 \u0438 \u0438\u0441\u043f\u043e\u043b\u044c\u0437\u043e\u0432\u0430\u043d\u0438\u044f.<\/p>\n<p>\u0424\u0443\u043d\u043a\u0446\u0438\u0438:<\/p>\n<ol>\n<li><strong>\u041f\u0440\u043e\u0441\u0442\u0430\u044f \u0443\u0441\u0442\u0430\u043d\u043e\u0432\u043a\u0430<\/strong>: \u0411\u043b\u0430\u0433\u043e\u0434\u0430\u0440\u044f \u0444\u043e\u0440\u043c\u0435 \u043a\u043e\u043b\u0430 \u0444\u043e\u043d\u0442\u0430\u043d \u043c\u043e\u0436\u043d\u043e \u0431\u044b\u0441\u0442\u0440\u043e \u0438 \u043b\u0435\u0433\u043a\u043e \u0443\u0441\u0442\u0430\u043d\u043e\u0432\u0438\u0442\u044c \u0432 \u0437\u0435\u043c\u043b\u044e. \u0414\u043b\u044f \u044d\u0442\u043e\u0433\u043e \u043d\u0435 \u0442\u0440\u0435\u0431\u0443\u0435\u0442\u0441\u044f \u043d\u0438\u043a\u0430\u043a\u0438\u0445 \u0434\u043e\u043f\u043e\u043b\u043d\u0438\u0442\u0435\u043b\u044c\u043d\u044b\u0445 \u0438\u043d\u0441\u0442\u0440\u0443\u043c\u0435\u043d\u0442\u043e\u0432 \u0438\u043b\u0438 \u043e\u0431\u043e\u0440\u0443\u0434\u043e\u0432\u0430\u043d\u0438\u044f.<\/li>\n<li><strong>\u0412\u043e\u0437\u043c\u043e\u0436\u043d\u043e\u0441\u0442\u044c \u0440\u0435\u0433\u0443\u043b\u0438\u0440\u043e\u0432\u043a\u0438<\/strong>: \u0433\u043e\u043b\u043e\u0432\u043a\u0430 \u0440\u0430\u0437\u0431\u0440\u044b\u0437\u0433\u0438\u0432\u0430\u0442\u0435\u043b\u044f \u0440\u0435\u0433\u0443\u043b\u0438\u0440\u0443\u0435\u0442\u0441\u044f, \u043f\u043e\u044d\u0442\u043e\u043c\u0443 \u0432\u044b \u043c\u043e\u0436\u0435\u0442\u0435 \u0440\u0435\u0433\u0443\u043b\u0438\u0440\u043e\u0432\u0430\u0442\u044c \u0443\u0433\u043e\u043b \u0438 \u0440\u0430\u0441\u0441\u0442\u043e\u044f\u043d\u0438\u0435 \u0440\u0430\u0441\u043f\u044b\u043b\u0435\u043d\u0438\u044f \u0432\u043e\u0434\u044b \u043f\u043e \u0441\u0432\u043e\u0435\u043c\u0443 \u0436\u0435\u043b\u0430\u043d\u0438\u044e.<\/li>\n<li><strong>\u041f\u0440\u043e\u0447\u043d\u044b\u0439 \u043c\u0430\u0442\u0435\u0440\u0438\u0430\u043b<\/strong>: \u0418\u0437\u0433\u043e\u0442\u043e\u0432\u043b\u0435\u043d \u0438\u0437 \u0432\u044b\u0441\u043e\u043a\u043e\u043a\u0430\u0447\u0435\u0441\u0442\u0432\u0435\u043d\u043d\u043e\u0433\u043e \u043f\u043b\u0430\u0441\u0442\u0438\u043a\u0430 \u0438\u043b\u0438 \u043c\u0435\u0442\u0430\u043b\u043b\u0430, \u0434\u043e\u043b\u0433\u043e\u0432\u0435\u0447\u0435\u043d \u0438 \u0443\u0441\u0442\u043e\u0439\u0447\u0438\u0432 \u043a \u0432\u043e\u0437\u0434\u0435\u0439\u0441\u0442\u0432\u0438\u044e \u043e\u043a\u0440\u0443\u0436\u0430\u044e\u0449\u0435\u0439 \u0441\u0440\u0435\u0434\u044b.<\/li>\n<li><strong>\u0420\u0430\u0437\u043b\u0438\u0447\u043d\u044b\u0435 \u043e\u0431\u043b\u0430\u0441\u0442\u0438 \u0438\u0441\u043f\u043e\u043b\u044c\u0437\u043e\u0432\u0430\u043d\u0438\u044f<\/strong>: \u0418\u0434\u0435\u0430\u043b\u044c\u043d\u043e \u043f\u043e\u0434\u0445\u043e\u0434\u0438\u0442 \u0434\u043b\u044f \u043f\u043e\u043b\u0438\u0432\u0430 \u0441\u0430\u0434\u043e\u0432\u044b\u0445 \u0446\u0432\u0435\u0442\u043e\u0432, \u0440\u0430\u0441\u0442\u0435\u043d\u0438\u0439 \u0438 \u043e\u0432\u043e\u0449\u0435\u0439. \u0415\u0433\u043e \u0442\u0430\u043a\u0436\u0435 \u043c\u043e\u0436\u043d\u043e \u0438\u0441\u043f\u043e\u043b\u044c\u0437\u043e\u0432\u0430\u0442\u044c \u0434\u043b\u044f \u043f\u043e\u043b\u0438\u0432\u0430 \u0433\u0430\u0437\u043e\u043d\u043e\u0432 \u0438\u043b\u0438 \u0432 \u0434\u0435\u043a\u043e\u0440\u0430\u0442\u0438\u0432\u043d\u044b\u0445 \u0446\u0435\u043b\u044f\u0445 \u0432 \u0441\u0430\u0434\u0443.<\/li>\n<li><strong>\u0423\u043d\u0438\u0432\u0435\u0440\u0441\u0430\u043b\u044c\u043d\u0430\u044f \u0441\u043e\u0432\u043c\u0435\u0441\u0442\u0438\u043c\u043e\u0441\u0442\u044c<\/strong>: \u0420\u0430\u0437\u0431\u0440\u044b\u0437\u0433\u0438\u0432\u0430\u0442\u0435\u043b\u044c \u0441\u043e\u0432\u043c\u0435\u0441\u0442\u0438\u043c \u0441\u043e \u0441\u0442\u0430\u043d\u0434\u0430\u0440\u0442\u043d\u044b\u043c\u0438 \u0441\u0430\u0434\u043e\u0432\u044b\u043c\u0438 \u0448\u043b\u0430\u043d\u0433\u0430\u043c\u0438 \u0438 \u043a\u0440\u0430\u043d\u0430\u043c\u0438 \u0438 \u043c\u043e\u0436\u0435\u0442 \u0431\u044b\u0442\u044c \u0438\u043d\u0442\u0435\u0433\u0440\u0438\u0440\u043e\u0432\u0430\u043d \u0432 \u0431\u043e\u043b\u044c\u0448\u0438\u043d\u0441\u0442\u0432\u043e \u0441\u0430\u0434\u043e\u0432\u044b\u0445 \u0438\u0440\u0440\u0438\u0433\u0430\u0446\u0438\u043e\u043d\u043d\u044b\u0445 \u0441\u0438\u0441\u0442\u0435\u043c.<\/li>\n<\/ol>\n<p>\u0421\u0432\u0430\u0439\u043d\u044b\u0439 \u0441\u043f\u0440\u0438\u043d\u043a\u043b\u0435\u0440 FLOW \u2014 \u044d\u0442\u043e \u043f\u043e\u043b\u0435\u0437\u043d\u044b\u0439 \u043f\u0440\u043e\u0434\u0443\u043a\u0442, \u043a\u043e\u0442\u043e\u0440\u044b\u0439 \u0443\u043f\u0440\u043e\u0449\u0430\u0435\u0442 \u0438\u0440\u0440\u0438\u0433\u0430\u0446\u0438\u043e\u043d\u043d\u044b\u0435 \u0440\u0430\u0431\u043e\u0442\u044b \u0432 \u0432\u0430\u0448\u0435\u043c \u0441\u0430\u0434\u0443 \u0438 \u043e\u0431\u0435\u0441\u043f\u0435\u0447\u0438\u0432\u0430\u0435\u0442 \u0440\u0435\u0433\u0443\u043b\u044f\u0440\u043d\u044b\u0439 \u0438 \u044d\u0444\u0444\u0435\u043a\u0442\u0438\u0432\u043d\u044b\u0439 \u043f\u043e\u043b\u0438\u0432 \u0432\u0430\u0448\u0438\u0445 \u0440\u0430\u0441\u0442\u0435\u043d\u0438\u0439.<\/p>","protected":false},"excerpt":{"rendered":"<p>FLOW KAZIKLI FISK\u0130YE FLOW Kaz\u0131kl\u0131 F\u0131skiye, bah\u00e7enizde bitkilerinizi sulamak i\u00e7in pratik bir \u00e7\u00f6z\u00fcm sunar. Kolay montaj\u0131 ve kullan\u0131m\u0131 ile dikkat \u00e7eker. \u00d6zellikler: Kolay Kurulum: Kaz\u0131k \u015feklindeki tasar\u0131m\u0131 sayesinde, f\u0131skiye h\u0131zl\u0131 ve kolay bir \u015fekilde topra\u011fa yerle\u015ftirilebilir. Herhangi bir ek ara\u00e7 veya ekipman gerektirmez. Ayarlama \u0130mkan\u0131: F\u0131skiye ba\u015fl\u0131\u011f\u0131 ayarlanabilir \u00f6zelliktedir, b\u00f6ylece su p\u00fcsk\u00fcrtme a\u00e7\u0131s\u0131n\u0131 ve mesafesini [&#8230;]\n","protected":false},"featured_media":13326,"comment_status":"open","ping_status":"closed","template":"","meta":{"jetpack_post_was_ever_published":false},"product_brand":[],"product_cat":[2347],"product_tag":[],"class_list":{"0":"post-13220","1":"product","2":"type-product","3":"status-publish","4":"has-post-thumbnail","6":"product_cat-bahce","8":"first","9":"instock","10":"taxable","11":"shipping-taxable","12":"product-type-simple"},"jetpack-related-posts":[{"id":13221,"url":"https:\/\/tuzlahortum.com.tr\/ru\/product\/flow-kelebek-dairesel-fiskiye\/","url_meta":{"origin":13220,"position":0},"title":"\u041a\u0420\u0423\u0413\u041b\u042b\u0419 \u0424\u041e\u041d\u0422\u0410\u041d \u041f\u041e\u0422\u041e\u041a \u0411\u0410\u0411\u041e\u0427\u041a\u0410","author":"admin","date":"28 \u043c\u0430\u0440\u0442\u0430 2024","format":false,"excerpt":"FLOW KELEBEK DA\u0130RESEL FISK\u0130YE FLOW Kelebek Dairesel F\u0131skiye, bah\u00e7enizdeki bitkileri d\u00fczenli ve etkili bir \u015fekilde sulamak i\u00e7in tasarlanm\u0131\u015ft\u0131r. Yayd\u0131\u011f\u0131 suyu geni\u015f bir alana e\u015fit olarak da\u011f\u0131tarak bitkilerin sa\u011fl\u0131kl\u0131 b\u00fcy\u00fcmesine yard\u0131mc\u0131 olur. \u00d6zellikler: Dairesel Sulama Alan\u0131: Kelebek \u015feklindeki tasar\u0131m\u0131 sayesinde, f\u0131skiye yayd\u0131\u011f\u0131 suyu 360 derece d\u00f6ner bir \u015fekilde da\u011f\u0131t\u0131r. Bu sayede\u2026","rel":"","context":"\u041f\u043e\u0445\u043e\u0436\u0430\u044f \u0437\u0430\u043f\u0438\u0441\u044c","block_context":{"text":"\u041f\u043e\u0445\u043e\u0436\u0430\u044f \u0437\u0430\u043f\u0438\u0441\u044c","link":""},"img":{"alt_text":"FLOW KELEBEK DA\u0130RESEL FISK\u0130YE","src":"https:\/\/i0.wp.com\/tuzlahortum.com.tr\/wp-content\/uploads\/2024\/03\/bahce_fiskiyekelebekli_2.jpg?fit=800%2C800&ssl=1&resize=350%2C200","width":350,"height":200,"srcset":"https:\/\/i0.wp.com\/tuzlahortum.com.tr\/wp-content\/uploads\/2024\/03\/bahce_fiskiyekelebekli_2.jpg?fit=800%2C800&ssl=1&resize=350%2C200 1x, https:\/\/i0.wp.com\/tuzlahortum.com.tr\/wp-content\/uploads\/2024\/03\/bahce_fiskiyekelebekli_2.jpg?fit=800%2C800&ssl=1&resize=525%2C300 1.5x, https:\/\/i0.wp.com\/tuzlahortum.com.tr\/wp-content\/uploads\/2024\/03\/bahce_fiskiyekelebekli_2.jpg?fit=800%2C800&ssl=1&resize=700%2C400 2x"},"classes":[]},{"id":13222,"url":"https:\/\/tuzlahortum.com.tr\/ru\/product\/flow-salinimli-fiskiye\/","url_meta":{"origin":13220,"position":1},"title":"\u041a\u0410\u0427\u0410\u042e\u0429\u0418\u0419\u0421\u042f \u0424\u041e\u041d\u0422\u0410\u041d \u041f\u041e\u0422\u041e\u041a\u0410","author":"admin","date":"28 \u043c\u0430\u0440\u0442\u0430 2024","format":false,"excerpt":"FLOW SALINIMLI FISK\u0130YE FLOW Sal\u0131n\u0131ml\u0131 F\u0131skiye, bah\u00e7e sulama sistemlerinde kullan\u0131lan ve suyun belirli bir alana d\u00fczenli bir \u015fekilde p\u00fcsk\u00fcrt\u00fclmesini sa\u011flayan bir sulama aksesuar\u0131d\u0131r. \u00d6zellikler: Sal\u0131n\u0131ml\u0131 Tasar\u0131m: F\u0131skiye ba\u015fl\u0131\u011f\u0131, suyun p\u00fcsk\u00fcrt\u00fclme esnas\u0131nda belirli bir sal\u0131n\u0131m hareketi yapmas\u0131n\u0131 sa\u011flayacak \u015fekilde tasarlanm\u0131\u015ft\u0131r. Bu sayede suyun daha geni\u015f bir alana e\u015fit \u015fekilde da\u011f\u0131lmas\u0131 sa\u011flan\u0131r.\u2026","rel":"","context":"\u041f\u043e\u0445\u043e\u0436\u0430\u044f \u0437\u0430\u043f\u0438\u0441\u044c","block_context":{"text":"\u041f\u043e\u0445\u043e\u0436\u0430\u044f \u0437\u0430\u043f\u0438\u0441\u044c","link":""},"img":{"alt_text":"FLOW SALINIMLI FISK\u0130YE","src":"https:\/\/i0.wp.com\/tuzlahortum.com.tr\/wp-content\/uploads\/2024\/03\/dairesel_sulama_3.jpg?fit=800%2C800&ssl=1&resize=350%2C200","width":350,"height":200,"srcset":"https:\/\/i0.wp.com\/tuzlahortum.com.tr\/wp-content\/uploads\/2024\/03\/dairesel_sulama_3.jpg?fit=800%2C800&ssl=1&resize=350%2C200 1x, https:\/\/i0.wp.com\/tuzlahortum.com.tr\/wp-content\/uploads\/2024\/03\/dairesel_sulama_3.jpg?fit=800%2C800&ssl=1&resize=525%2C300 1.5x, https:\/\/i0.wp.com\/tuzlahortum.com.tr\/wp-content\/uploads\/2024\/03\/dairesel_sulama_3.jpg?fit=800%2C800&ssl=1&resize=700%2C400 2x"},"classes":[]},{"id":13224,"url":"https:\/\/tuzlahortum.com.tr\/ru\/product\/flow-plastik-hortum-askisi\/","url_meta":{"origin":13220,"position":2},"title":"\u041f\u041e\u0414\u0412\u0415\u0421\u041a\u0410 \u0414\u041b\u042f \u041f\u041b\u0410\u0421\u0422\u0418\u041a\u041e\u0412\u041e\u0413\u041e \u0428\u041b\u0410\u041d\u0413\u0410 FLOW","author":"admin","date":"28 \u043c\u0430\u0440\u0442\u0430 2024","format":false,"excerpt":"FLOW PLAST\u0130K HORTUM ASKISI FLOW Plastik Hortum Ask\u0131s\u0131, bah\u00e7e hortumlar\u0131n\u0131z\u0131 d\u00fczenli tutmak ve saklamak i\u00e7in ideal bir \u00e7\u00f6z\u00fcmd\u00fcr. \u00d6zellikler: Dayan\u0131kl\u0131 Plastik Malzeme: Y\u00fcksek kaliteli plastikten \u00fcretilmi\u015ftir, bu da uzun s\u00fcreli kullan\u0131m i\u00e7in dayan\u0131kl\u0131 ve sa\u011flam bir yap\u0131 sa\u011flar. Kolay Montaj: Basit montaj \u00f6zelli\u011fi sayesinde, duvar veya bah\u00e7e duvarlar\u0131na kolayca monte\u2026","rel":"","context":"\u041f\u043e\u0445\u043e\u0436\u0430\u044f \u0437\u0430\u043f\u0438\u0441\u044c","block_context":{"text":"\u041f\u043e\u0445\u043e\u0436\u0430\u044f \u0437\u0430\u043f\u0438\u0441\u044c","link":""},"img":{"alt_text":"","src":"https:\/\/i0.wp.com\/tuzlahortum.com.tr\/wp-content\/uploads\/2024\/03\/hortum_askisi_1.jpg?fit=800%2C800&ssl=1&resize=350%2C200","width":350,"height":200,"srcset":"https:\/\/i0.wp.com\/tuzlahortum.com.tr\/wp-content\/uploads\/2024\/03\/hortum_askisi_1.jpg?fit=800%2C800&ssl=1&resize=350%2C200 1x, https:\/\/i0.wp.com\/tuzlahortum.com.tr\/wp-content\/uploads\/2024\/03\/hortum_askisi_1.jpg?fit=800%2C800&ssl=1&resize=525%2C300 1.5x, https:\/\/i0.wp.com\/tuzlahortum.com.tr\/wp-content\/uploads\/2024\/03\/hortum_askisi_1.jpg?fit=800%2C800&ssl=1&resize=700%2C400 2x"},"classes":[]},{"id":13241,"url":"https:\/\/tuzlahortum.com.tr\/ru\/product\/flow-ss-plastik-bahce-tabancasi\/","url_meta":{"origin":13220,"position":3},"title":"\u041f\u041b\u0410\u0421\u0422\u0418\u041a\u041e\u0412\u042b\u0419 \u0421\u0410\u0414\u041e\u0412\u042b\u0419 \u041f\u0418\u0421\u0422\u041e\u041b\u0415\u0422 FLOW SS","author":"admin","date":"28 \u043c\u0430\u0440\u0442\u0430 2024","format":false,"excerpt":"FLOW SS PLAST\u0130K BAH\u00c7E TABANCASI Bah\u00e7e sulama i\u015fleriniz i\u00e7in ideal olan FLOW SS Plastik Bah\u00e7e Tabancas\u0131, kullan\u0131m\u0131 kolay ve dayan\u0131kl\u0131 bir \u00e7\u00f6z\u00fcm sunar. \u00d6zellikler: Y\u00fcksek Kaliteli Plastik Malzeme: FLOW SS Bah\u00e7e Tabancas\u0131, dayan\u0131kl\u0131 ve sa\u011flam plastik malzemeden \u00fcretilmi\u015ftir. Uzun \u00f6m\u00fcrl\u00fc kullan\u0131m i\u00e7in tasarlanm\u0131\u015ft\u0131r ve d\u0131\u015f etkilere kar\u015f\u0131 dayan\u0131kl\u0131d\u0131r. Ergonomik Tasar\u0131m:\u2026","rel":"","context":"\u041f\u043e\u0445\u043e\u0436\u0430\u044f \u0437\u0430\u043f\u0438\u0441\u044c","block_context":{"text":"\u041f\u043e\u0445\u043e\u0436\u0430\u044f \u0437\u0430\u043f\u0438\u0441\u044c","link":""},"img":{"alt_text":"","src":"https:\/\/i0.wp.com\/tuzlahortum.com.tr\/wp-content\/uploads\/2024\/03\/ss_plastik_bahce_tabancasi_3.jpg?fit=800%2C800&ssl=1&resize=350%2C200","width":350,"height":200,"srcset":"https:\/\/i0.wp.com\/tuzlahortum.com.tr\/wp-content\/uploads\/2024\/03\/ss_plastik_bahce_tabancasi_3.jpg?fit=800%2C800&ssl=1&resize=350%2C200 1x, https:\/\/i0.wp.com\/tuzlahortum.com.tr\/wp-content\/uploads\/2024\/03\/ss_plastik_bahce_tabancasi_3.jpg?fit=800%2C800&ssl=1&resize=525%2C300 1.5x, https:\/\/i0.wp.com\/tuzlahortum.com.tr\/wp-content\/uploads\/2024\/03\/ss_plastik_bahce_tabancasi_3.jpg?fit=800%2C800&ssl=1&resize=700%2C400 2x"},"classes":[]},{"id":13240,"url":"https:\/\/tuzlahortum.com.tr\/ru\/product\/flow-fy-metal-govdeli-bahce-tabancasi\/","url_meta":{"origin":13220,"position":4},"title":"\u0421\u0410\u0414\u041e\u0412\u042b\u0419 \u041f\u0418\u0421\u0422\u041e\u041b\u0415\u0422 FLOW FY \u0421 \u041c\u0415\u0422\u0410\u041b\u041b\u0418\u0427\u0415\u0421\u041a\u0418\u041c \u041a\u041e\u0420\u041f\u0423\u0421\u041e\u041c","author":"admin","date":"28 \u043c\u0430\u0440\u0442\u0430 2024","format":false,"excerpt":"FLOW FY METAL G\u00d6VDEL\u0130 BAH\u00c7E TABANCASI Bah\u00e7enizin sulama ihtiya\u00e7lar\u0131n\u0131 kar\u015f\u0131lamak i\u00e7in tasarlanan FLOW FY Metal G\u00f6vdeli Bah\u00e7e Tabancas\u0131, dayan\u0131kl\u0131 yap\u0131s\u0131 ve kullan\u0131m kolayl\u0131\u011f\u0131 ile dikkat \u00e7eker. \u00d6zellikler: Metal G\u00f6vde: Tabancan\u0131n g\u00f6vdesi y\u00fcksek kaliteli metalden imal edilmi\u015ftir. Bu sayede dayan\u0131kl\u0131 ve uzun \u00f6m\u00fcrl\u00fc bir kullan\u0131m sa\u011flar. Ergonomik Tasar\u0131m: Rahat ve uzun\u2026","rel":"","context":"\u041f\u043e\u0445\u043e\u0436\u0430\u044f \u0437\u0430\u043f\u0438\u0441\u044c","block_context":{"text":"\u041f\u043e\u0445\u043e\u0436\u0430\u044f \u0437\u0430\u043f\u0438\u0441\u044c","link":""},"img":{"alt_text":"","src":"https:\/\/i0.wp.com\/tuzlahortum.com.tr\/wp-content\/uploads\/2024\/03\/fy_metal_govdeli_bahce_tabancasi_2.jpg?fit=800%2C800&ssl=1&resize=350%2C200","width":350,"height":200,"srcset":"https:\/\/i0.wp.com\/tuzlahortum.com.tr\/wp-content\/uploads\/2024\/03\/fy_metal_govdeli_bahce_tabancasi_2.jpg?fit=800%2C800&ssl=1&resize=350%2C200 1x, https:\/\/i0.wp.com\/tuzlahortum.com.tr\/wp-content\/uploads\/2024\/03\/fy_metal_govdeli_bahce_tabancasi_2.jpg?fit=800%2C800&ssl=1&resize=525%2C300 1.5x, https:\/\/i0.wp.com\/tuzlahortum.com.tr\/wp-content\/uploads\/2024\/03\/fy_metal_govdeli_bahce_tabancasi_2.jpg?fit=800%2C800&ssl=1&resize=700%2C400 2x"},"classes":[]},{"id":13246,"url":"https:\/\/tuzlahortum.com.tr\/ru\/product\/flow-luks-jak-3-4-hortum-ekleme\/","url_meta":{"origin":13220,"position":5},"title":"FLOW LUXURY JACK 3\/4 \u0414\u041e\u0411\u0410\u0412\u041b\u0415\u041d\u0418\u0415 \u0428\u041b\u0410\u041d\u0413\u0410","author":"admin","date":"28 \u043c\u0430\u0440\u0442\u0430 2024","format":false,"excerpt":"FLOW L\u00dcKS JAK 3\/4 HORTUM EKLEME Bah\u00e7e sulama ekipmanlar\u0131n\u0131z aras\u0131ndaki uyumu sa\u011flamak i\u00e7in tasarlanan FLOW L\u00dcKS JAK 3\/4 Hortum Ekleme, sulama i\u015flerinizi daha kolay ve verimli hale getirir. \u00d6zellikler: Evrensel Uyumluluk: Bu jak, 3\/4\" \u00e7ap\u0131ndaki hortumlarla uyumludur ve farkl\u0131 sulama ekipmanlar\u0131n\u0131 birbirine ba\u011flaman\u0131z\u0131 sa\u011flar. Bah\u00e7enizdeki sulama sistemlerinin sorunsuz \u00e7al\u0131\u015fmas\u0131n\u0131 sa\u011flar.\u2026","rel":"","context":"\u041f\u043e\u0445\u043e\u0436\u0430\u044f \u0437\u0430\u043f\u0438\u0441\u044c","block_context":{"text":"\u041f\u043e\u0445\u043e\u0436\u0430\u044f \u0437\u0430\u043f\u0438\u0441\u044c","link":""},"img":{"alt_text":"","src":"https:\/\/i0.wp.com\/tuzlahortum.com.tr\/wp-content\/uploads\/2024\/03\/jak_luks_hortum_ekleme_2.jpg?fit=800%2C800&ssl=1&resize=350%2C200","width":350,"height":200,"srcset":"https:\/\/i0.wp.com\/tuzlahortum.com.tr\/wp-content\/uploads\/2024\/03\/jak_luks_hortum_ekleme_2.jpg?fit=800%2C800&ssl=1&resize=350%2C200 1x, https:\/\/i0.wp.com\/tuzlahortum.com.tr\/wp-content\/uploads\/2024\/03\/jak_luks_hortum_ekleme_2.jpg?fit=800%2C800&ssl=1&resize=525%2C300 1.5x, https:\/\/i0.wp.com\/tuzlahortum.com.tr\/wp-content\/uploads\/2024\/03\/jak_luks_hortum_ekleme_2.jpg?fit=800%2C800&ssl=1&resize=700%2C400 2x"},"classes":[]}],"jetpack_sharing_enabled":true,"jetpack_likes_enabled":true,"_links":{"self":[{"href":"https:\/\/tuzlahortum.com.tr\/ru\/wp-json\/wp\/v2\/product\/13220","targetHints":{"allow":["GET"]}}],"collection":[{"href":"https:\/\/tuzlahortum.com.tr\/ru\/wp-json\/wp\/v2\/product"}],"about":[{"href":"https:\/\/tuzlahortum.com.tr\/ru\/wp-json\/wp\/v2\/types\/product"}],"replies":[{"embeddable":true,"href":"https:\/\/tuzlahortum.com.tr\/ru\/wp-json\/wp\/v2\/comments?post=13220"}],"wp:featuredmedia":[{"embeddable":true,"href":"https:\/\/tuzlahortum.com.tr\/ru\/wp-json\/wp\/v2\/media\/13326"}],"wp:attachment":[{"href":"https:\/\/tuzlahortum.com.tr\/ru\/wp-json\/wp\/v2\/media?parent=13220"}],"wp:term":[{"taxonomy":"product_brand","embeddable":true,"href":"https:\/\/tuzlahortum.com.tr\/ru\/wp-json\/wp\/v2\/product_brand?post=13220"},{"taxonomy":"product_cat","embeddable":true,"href":"https:\/\/tuzlahortum.com.tr\/ru\/wp-json\/wp\/v2\/product_cat?post=13220"},{"taxonomy":"product_tag","embeddable":true,"href":"https:\/\/tuzlahortum.com.tr\/ru\/wp-json\/wp\/v2\/product_tag?post=13220"}],"curies":[{"name":"wp","href":"https:\/\/api.w.org\/{rel}","templated":true}]}}