{"id":13212,"date":"2024-03-28T17:04:15","date_gmt":"2024-03-28T14:04:15","guid":{"rendered":"https:\/\/tuzlahortum.com.tr\/?post_type=product&#038;p=13212"},"modified":"2025-08-20T12:03:05","modified_gmt":"2025-08-20T09:03:05","slug":"eko-1-2-plastik-mini-vana","status":"publish","type":"product","link":"https:\/\/tuzlahortum.com.tr\/ru\/product\/eko-1-2-plastik-mini-vana\/","title":{"rendered":"\u041f\u041b\u0410\u0421\u0422\u0418\u041a\u041e\u0412\u042b\u0419 \u041c\u0418\u041d\u0418-\u041a\u041b\u0410\u041f\u0410\u041d ECO 1\/2"},"content":{"rendered":"<div class=\"flex-1 overflow-hidden\">\n<div class=\"react-scroll-to-bottom--css-qwuje-79elbk h-full\">\n<div class=\"react-scroll-to-bottom--css-qwuje-1n7m0yu\">\n<div class=\"flex flex-col text-sm pb-9\">\n<div class=\"w-full text-token-text-primary\" data-testid=\"conversation-turn-51\">\n<div class=\"px-4 py-2 justify-center text-base md:gap-6 m-auto\">\n<div class=\"flex flex-1 text-base mx-auto gap-3 md:px-5 lg:px-1 xl:px-5 md:max-w-3xl lg:max-w-[40rem] xl:max-w-[48rem] group final-completion\">\n<div class=\"relative flex w-full flex-col agent-turn\">\n<div class=\"flex-col gap-1 md:gap-3\">\n<div class=\"flex flex-grow flex-col max-w-full\">\n<div class=\"min-h-[20px] text-message flex flex-col items-start gap-3 whitespace-pre-wrap break-words [.text-message+&amp;]:mt-5 overflow-x-auto\" data-message-author-role=\"assistant\" data-message-id=\"3a84b742-e73e-41ed-8180-846ac72f0c7c\">\n<div class=\"markdown prose w-full break-words dark:prose-invert dark\">\n<p>EKO 1\/2 PLAST\u0130K M\u0130N\u0130 VANA<\/p>\n<p>EKO 1\/2&#8243; Plastik Mini Vana, bah\u00e7e sulama sistemlerinizde suyun ak\u0131\u015f\u0131n\u0131 kontrol etmek ve d\u00fczenlemek i\u00e7in tasarlanm\u0131\u015f kompakt bir vanad\u0131r.<\/p>\n<p>\u00d6zellikler:<\/p>\n<ol>\n<li><strong>Dayan\u0131kl\u0131 Plastik Malzeme<\/strong>: Y\u00fcksek kaliteli plastikten \u00fcretilmi\u015ftir ve uzun s\u00fcreli kullan\u0131m i\u00e7in dayan\u0131kl\u0131d\u0131r. Paslanmaz \u00e7elik gibi malzemelerden yap\u0131lm\u0131\u015f olmas\u0131, uzun \u00f6m\u00fcrl\u00fc ve g\u00fcvenilir bir performans sa\u011flar.<\/li>\n<li><strong>Kolay Kullan\u0131m<\/strong>: Basit bir d\u00f6ner mekanizmaya sahiptir, bu sayede su ak\u0131\u015f\u0131n\u0131 kolayca kontrol edebilirsiniz. Ayr\u0131ca, h\u0131zl\u0131 bir \u015fekilde a\u00e7\u0131p kapatabilirsiniz.<\/li>\n<li><strong>Evrensel Uyumluluk<\/strong>: Standart 1\/2&#8243; ba\u011flant\u0131lar ile uyumludur ve \u00e7o\u011fu bah\u00e7e hortumu ve sulama sistemiyle kullan\u0131labilir.<\/li>\n<li><strong>Kompakt Tasar\u0131m<\/strong>: K\u00fc\u00e7\u00fck boyutu sayesinde s\u0131n\u0131rl\u0131 alanlarda bile kolayca kullan\u0131labilir ve monte edilebilir.<\/li>\n<li><strong>\u00c7e\u015fitli Kullan\u0131m Alanlar\u0131<\/strong>: Bah\u00e7e sulama sistemleri, \u00e7im sulama, bitki sulama ve di\u011fer bah\u00e7e sulama ihtiya\u00e7lar\u0131 i\u00e7in idealdir.<\/li>\n<\/ol>\n<p>EKO 1\/2&#8243; Plastik Mini Vana, bah\u00e7enizin sulama sistemini kontrol etmek ve y\u00f6netmek i\u00e7in kullan\u0131\u015fl\u0131 ve uygun maliyetli bir \u00e7\u00f6z\u00fcmd\u00fcr.<\/p>\n<\/div>\n<\/div>\n<\/div>\n<div class=\"mt-1 flex justify-start gap-3 empty:hidden\">\n<div class=\"text-gray-400 flex self-end lg:self-center items-center justify-center lg:justify-start mt-0 -ml-1 h-7 gap-[2px] visible\">\n<p>&nbsp;<\/p>\n<div class=\"flex items-center gap-1.5 text-xs\"><\/div>\n<div class=\"flex\"><\/div>\n<\/div>\n<\/div>\n<div class=\"pr-2 lg:pr-0\"><\/div>\n<\/div>\n<div class=\"absolute\">\n<div class=\"flex w-full gap-2 items-center justify-center\"><\/div>\n<\/div>\n<\/div>\n<\/div>\n<\/div>\n<\/div>\n<\/div>\n<\/div>\n<\/div>\n<\/div>\n<div class=\"w-full pt-2 md:pt-0 dark:border-white\/20 md:border-transparent md:dark:border-transparent md:w-[calc(100%-.5rem)]\">\n<form class=\"stretch mx-2 flex flex-row gap-3 last:mb-2 md:mx-4 md:last:mb-6 lg:mx-auto lg:max-w-2xl xl:max-w-3xl\">\n<div class=\"relative flex h-full flex-1 flex-col\">\n<div class=\"absolute bottom-full left-0 right-0\"><\/div>\n<div class=\"flex w-full items-center\"><\/div>\n<\/div>\n<\/form>\n<\/div>\n","protected":false},"excerpt":{"rendered":"<p>EKO 1\/2 PLAST\u0130K M\u0130N\u0130 VANA EKO 1\/2&#8243; Plastik Mini Vana, bah\u00e7e sulama sistemlerinizde suyun ak\u0131\u015f\u0131n\u0131 kontrol etmek ve d\u00fczenlemek i\u00e7in tasarlanm\u0131\u015f kompakt bir vanad\u0131r. \u00d6zellikler: Dayan\u0131kl\u0131 Plastik Malzeme: Y\u00fcksek kaliteli plastikten \u00fcretilmi\u015ftir ve uzun s\u00fcreli kullan\u0131m i\u00e7in dayan\u0131kl\u0131d\u0131r. Paslanmaz \u00e7elik gibi malzemelerden yap\u0131lm\u0131\u015f olmas\u0131, uzun \u00f6m\u00fcrl\u00fc ve g\u00fcvenilir bir performans sa\u011flar. Kolay Kullan\u0131m: Basit bir [&#8230;]\n","protected":false},"featured_media":13303,"comment_status":"open","ping_status":"closed","template":"","meta":{"jetpack_post_was_ever_published":false},"product_brand":[],"product_cat":[2347],"product_tag":[],"class_list":{"0":"post-13212","1":"product","2":"type-product","3":"status-publish","4":"has-post-thumbnail","6":"product_cat-bahce","8":"first","9":"instock","10":"taxable","11":"shipping-taxable","12":"product-type-simple"},"jetpack-related-posts":[],"jetpack_sharing_enabled":true,"jetpack_likes_enabled":true,"_links":{"self":[{"href":"https:\/\/tuzlahortum.com.tr\/ru\/wp-json\/wp\/v2\/product\/13212","targetHints":{"allow":["GET"]}}],"collection":[{"href":"https:\/\/tuzlahortum.com.tr\/ru\/wp-json\/wp\/v2\/product"}],"about":[{"href":"https:\/\/tuzlahortum.com.tr\/ru\/wp-json\/wp\/v2\/types\/product"}],"replies":[{"embeddable":true,"href":"https:\/\/tuzlahortum.com.tr\/ru\/wp-json\/wp\/v2\/comments?post=13212"}],"wp:featuredmedia":[{"embeddable":true,"href":"https:\/\/tuzlahortum.com.tr\/ru\/wp-json\/wp\/v2\/media\/13303"}],"wp:attachment":[{"href":"https:\/\/tuzlahortum.com.tr\/ru\/wp-json\/wp\/v2\/media?parent=13212"}],"wp:term":[{"taxonomy":"product_brand","embeddable":true,"href":"https:\/\/tuzlahortum.com.tr\/ru\/wp-json\/wp\/v2\/product_brand?post=13212"},{"taxonomy":"product_cat","embeddable":true,"href":"https:\/\/tuzlahortum.com.tr\/ru\/wp-json\/wp\/v2\/product_cat?post=13212"},{"taxonomy":"product_tag","embeddable":true,"href":"https:\/\/tuzlahortum.com.tr\/ru\/wp-json\/wp\/v2\/product_tag?post=13212"}],"curies":[{"name":"wp","href":"https:\/\/api.w.org\/{rel}","templated":true}]}}