{"id":13088,"date":"2024-03-16T19:39:16","date_gmt":"2024-03-16T16:39:16","guid":{"rendered":"https:\/\/tuzlahortum.com.tr\/?post_type=product&#038;p=13088"},"modified":"2025-08-20T12:03:12","modified_gmt":"2025-08-20T09:03:12","slug":"zva-breakaway-3-4-disi","status":"publish","type":"product","link":"https:\/\/tuzlahortum.com.tr\/ru\/product\/zva-breakaway-3-4-disi\/","title":{"rendered":"ZVA Breakaway 3\/4 \u0416\u0435\u043d\u0441\u043a\u0438\u0439"},"content":{"rendered":"<h2>ZVA Breakaway 3\/4 \u0416\u0435\u043d\u0441\u043a\u0438\u0439<\/h2>\n<p>\u041b\u0438\u0442\u043e\u0439 \u0430\u043b\u044e\u043c\u0438\u043d\u0438\u0435\u0432\u044b\u0439 \u043a\u043e\u0440\u043f\u0443\u0441 \u0438 \u043a\u0440\u043e\u043d\u0448\u0442\u0435\u0439\u043d\u044b \u043f\u043e\u0432\u044b\u0448\u0430\u044e\u0442 \u043d\u0430\u0434\u0435\u0436\u043d\u043e\u0441\u0442\u044c \u0438 \u0434\u043e\u043b\u0433\u043e\u0432\u0435\u0447\u043d\u043e\u0441\u0442\u044c \u0441\u0442\u0430\u043d\u0446\u0438\u0438. \u0418\u0441\u043f\u043e\u043b\u044c\u0437\u043e\u0432\u0430\u043d\u0438\u0435 \u0434\u0432\u043e\u0439\u043d\u044b\u0445 \u0443\u043f\u043b\u043e\u0442\u043d\u0438\u0442\u0435\u043b\u044c\u043d\u044b\u0445 \u043a\u043e\u043b\u0435\u0446 \u0434\u043b\u044f \u0438\u0434\u0435\u0430\u043b\u044c\u043d\u043e\u0439 \u0433\u0435\u0440\u043c\u0435\u0442\u0438\u0437\u0430\u0446\u0438\u0438 \u043f\u0440\u0435\u0434\u043e\u0442\u0432\u0440\u0430\u0449\u0430\u0435\u0442 \u0443\u0442\u0435\u0447\u043a\u0443 \u0442\u043e\u043f\u043b\u0438\u0432\u0430 \u0438\u0437 \u0441\u0442\u0430\u043d\u0446\u0438\u0438 \u0438 \u043e\u0431\u0435\u0441\u043f\u0435\u0447\u0438\u0432\u0430\u0435\u0442 \u0431\u0435\u0437\u043e\u043f\u0430\u0441\u043d\u043e\u0441\u0442\u044c. \u0422\u0435\u0444\u043b\u043e\u043d\u043e\u0432\u044b\u0439 \u043f\u043e\u0434\u0448\u0438\u043f\u043d\u0438\u043a \u0443\u0441\u0442\u043e\u0439\u0447\u0438\u0432 \u043a\u043e \u0432\u0441\u0435\u043c \u0432\u0438\u0434\u0430\u043c \u0442\u043e\u043f\u043b\u0438\u0432\u0430 \u0438 \u0438\u043c\u0435\u0435\u0442 \u0434\u043b\u0438\u0442\u0435\u043b\u044c\u043d\u044b\u0439 \u0441\u0440\u043e\u043a \u0441\u043b\u0443\u0436\u0431\u044b \u043f\u0440\u0438 \u043d\u0435\u043f\u0440\u0435\u0440\u044b\u0432\u043d\u043e\u043c \u0438\u0441\u043f\u043e\u043b\u044c\u0437\u043e\u0432\u0430\u043d\u0438\u0438.<\/p>\n<p>\u0411\u043b\u0430\u0433\u043e\u0434\u0430\u0440\u044f \u043f\u0440\u043e\u0434\u0443\u043c\u0430\u043d\u043d\u044b\u043c \u0438 \u043f\u0440\u0430\u043a\u0442\u0438\u0447\u043d\u044b\u043c \u0440\u0435\u0448\u0435\u043d\u0438\u044f\u043c \u043e\u0442\u043f\u0430\u0434\u0430\u0435\u0442 \u043d\u0435\u043e\u0431\u0445\u043e\u0434\u0438\u043c\u043e\u0441\u0442\u044c \u0432 \u043a\u043e\u0440\u043e\u0442\u043a\u0438\u0445 \u0448\u043b\u0430\u043d\u0433\u0430\u0445, \u0447\u0442\u043e \u0434\u0435\u043b\u0430\u0435\u0442 \u0440\u0430\u0431\u043e\u0442\u0443 \u043f\u043e\u043b\u044c\u0437\u043e\u0432\u0430\u0442\u0435\u043b\u0435\u0439 \u0431\u043e\u043b\u0435\u0435 \u043a\u043e\u043c\u0444\u043e\u0440\u0442\u043d\u043e\u0439. \u041e\u043d \u043f\u0440\u0435\u0434\u0441\u0442\u0430\u0432\u043b\u044f\u0435\u0442 \u0441\u043e\u0431\u043e\u0439 \u0438\u0434\u0435\u0430\u043b\u044c\u043d\u043e\u0435 \u0440\u0435\u0448\u0435\u043d\u0438\u0435 \u0434\u043b\u044f \u0440\u043e\u043b\u0438\u043a\u043e\u0432\u044b\u0445 \u043d\u0430\u0441\u043e\u0441\u043e\u0432 \u0438 \u043e\u0431\u0435\u0441\u043f\u0435\u0447\u0438\u0432\u0430\u0435\u0442 \u0431\u0435\u0437\u043e\u043f\u0430\u0441\u043d\u043e\u0441\u0442\u044c \u0431\u043b\u0430\u0433\u043e\u0434\u0430\u0440\u044f \u043f\u0440\u0435\u0434\u0435\u043b\u0443 \u043f\u0440\u043e\u0447\u043d\u043e\u0441\u0442\u0438 \u043e\u0442 80 \u0434\u043e 150 \u043a\u0433. \u0418\u0441\u043f\u044b\u0442\u0430\u0442\u0435\u043b\u044c\u043d\u043e\u0435 \u0434\u0430\u0432\u043b\u0435\u043d\u0438\u0435 4 \u0431\u0430\u0440 \u0443\u043a\u0430\u0437\u044b\u0432\u0430\u0435\u0442 \u043d\u0430 \u0442\u043e, \u0447\u0442\u043e \u0438\u0441\u043f\u043e\u043b\u044c\u0437\u0443\u044e\u0442\u0441\u044f \u0432\u044b\u0441\u043e\u043a\u043e\u043a\u0430\u0447\u0435\u0441\u0442\u0432\u0435\u043d\u043d\u044b\u0435 \u043c\u0430\u0442\u0435\u0440\u0438\u0430\u043b\u044b \u0438 \u043d\u0430\u0434\u0435\u0436\u043d\u043e\u0441\u0442\u044c \u0438\u043c\u0435\u0435\u0442 \u043f\u0440\u0438\u043e\u0440\u0438\u0442\u0435\u0442.<\/p>\n<p>\u041e\u043d \u043f\u0440\u0438\u0432\u043b\u0435\u043a\u0430\u0435\u0442 \u0432\u043d\u0438\u043c\u0430\u043d\u0438\u0435 \u0441\u0432\u043e\u0438\u043c \u043e\u0440\u0438\u0433\u0438\u043d\u0430\u043b\u044c\u043d\u044b\u043c \u0434\u0438\u0437\u0430\u0439\u043d\u043e\u043c, \u0430 \u0432\u043e\u0437\u043c\u043e\u0436\u043d\u043e\u0441\u0442\u044c \u043b\u0435\u0433\u043a\u043e\u0433\u043e \u043f\u043e\u0432\u043e\u0440\u043e\u0442\u0430 \u043d\u0430 360\u00b0 \u0441\u043e\u0435\u0434\u0438\u043d\u0435\u043d\u0438\u044f \u043f\u0438\u0441\u0442\u043e\u043b\u0435\u0442\u0430 \u043e\u0431\u0435\u0441\u043f\u0435\u0447\u0438\u0432\u0430\u0435\u0442 \u043f\u043e\u043b\u044c\u0437\u043e\u0432\u0430\u0442\u0435\u043b\u044f\u043c \u0431\u043e\u043b\u044c\u0448\u0443\u044e \u0433\u0438\u0431\u043a\u043e\u0441\u0442\u044c \u0432\u043e \u0432\u0440\u0435\u043c\u044f \u0440\u0430\u0431\u043e\u0442\u044b. \u041f\u0440\u0435\u0434\u043b\u0430\u0433\u0430\u044e\u0442\u0441\u044f \u0432\u0430\u0440\u0438\u0430\u043d\u0442\u044b \u0441 \u0440\u0435\u0437\u044c\u0431\u043e\u0439 BSP 1 \u0434\u044e\u0439\u043c, \u043e\u0442\u0432\u0435\u0447\u0430\u044e\u0449\u0438\u0435 \u0440\u0430\u0437\u043b\u0438\u0447\u043d\u044b\u043c \u0442\u0440\u0435\u0431\u043e\u0432\u0430\u043d\u0438\u044f\u043c \u043a \u0441\u043e\u0435\u0434\u0438\u043d\u0435\u043d\u0438\u044f\u043c \u0438 \u0430\u0434\u0430\u043f\u0442\u0438\u0440\u043e\u0432\u0430\u043d\u043d\u044b\u0435 \u043a \u0440\u0430\u0437\u043b\u0438\u0447\u043d\u044b\u043c \u043e\u0431\u043b\u0430\u0441\u0442\u044f\u043c \u0438\u0441\u043f\u043e\u043b\u044c\u0437\u043e\u0432\u0430\u043d\u0438\u044f.<\/p>","protected":false},"excerpt":{"rendered":"<p>ZVA Breakaway 3\/4 Di\u015fi Al\u00fcminyum d\u00f6k\u00fcm g\u00f6vde ve dirsekler, istasyonun dayan\u0131kl\u0131l\u0131\u011f\u0131n\u0131 ve uzun \u00f6m\u00fcrl\u00fcl\u00fc\u011f\u00fcn\u00fc art\u0131r\u0131r. M\u00fckemmel s\u0131zd\u0131rmazl\u0131k i\u00e7in \u00e7ift O-ring kullan\u0131m\u0131, istasyonun akaryak\u0131t ka\u00e7aklar\u0131n\u0131 \u00f6nler ve g\u00fcvenli\u011fi sa\u011flar. Teflon yataklama, her t\u00fcrl\u00fc akaryak\u0131ta dayan\u0131kl\u0131d\u0131r ve s\u00fcrekli kullan\u0131m i\u00e7in uzun \u00f6m\u00fcrl\u00fcd\u00fcr. Ak\u0131ll\u0131 ve pratik \u00e7\u00f6z\u00fcmler sayesinde k\u0131sa hortum ihtiyac\u0131n\u0131 giderir, b\u00f6ylece kullan\u0131c\u0131lar daha rahat bir deneyim [&#8230;]\n","protected":false},"featured_media":13117,"comment_status":"open","ping_status":"closed","template":"","meta":{"jetpack_post_was_ever_published":false},"product_brand":[],"product_cat":[2340,2342,2345],"product_tag":[],"class_list":{"0":"post-13088","1":"product","2":"type-product","3":"status-publish","4":"has-post-thumbnail","6":"product_cat-akaryakit","7":"product_cat-akaryakit-mafsallar","8":"product_cat-akaryakit-zva-urunler","10":"first","11":"instock","12":"taxable","13":"shipping-taxable","14":"product-type-simple"},"jetpack-related-posts":[{"id":13087,"url":"https:\/\/tuzlahortum.com.tr\/ru\/product\/zva-breakaway-3-4-erkek\/","url_meta":{"origin":13088,"position":0},"title":"\u0417\u0412\u0410 \u041e\u0442\u0440\u044b\u0432 3\/4 \u041c\u0443\u0436\u0447\u0438\u043d\u044b","author":"admin","date":"16 \u043c\u0430\u0440\u0442\u0430 2024","format":false,"excerpt":"ZVA Breakaway 3\/4 Erkek Al\u00fcminyum d\u00f6k\u00fcm g\u00f6vde ve dirsekler, istasyonun dayan\u0131kl\u0131l\u0131\u011f\u0131n\u0131 ve uzun \u00f6m\u00fcrl\u00fcl\u00fc\u011f\u00fcn\u00fc art\u0131r\u0131r. M\u00fckemmel s\u0131zd\u0131rmazl\u0131k i\u00e7in \u00e7ift O-ring kullan\u0131m\u0131, istasyonun akaryak\u0131t ka\u00e7aklar\u0131n\u0131 \u00f6nler ve g\u00fcvenli\u011fi sa\u011flar. Teflon yataklama, her t\u00fcrl\u00fc akaryak\u0131ta dayan\u0131kl\u0131d\u0131r ve s\u00fcrekli kullan\u0131m i\u00e7in uzun \u00f6m\u00fcrl\u00fcd\u00fcr. Ak\u0131ll\u0131 ve pratik \u00e7\u00f6z\u00fcmler sayesinde k\u0131sa hortum ihtiyac\u0131n\u0131 giderir, b\u00f6ylece\u2026","rel":"","context":"\u041f\u043e\u0445\u043e\u0436\u0430\u044f \u0437\u0430\u043f\u0438\u0441\u044c","block_context":{"text":"\u041f\u043e\u0445\u043e\u0436\u0430\u044f \u0437\u0430\u043f\u0438\u0441\u044c","link":""},"img":{"alt_text":"","src":"https:\/\/i0.wp.com\/tuzlahortum.com.tr\/wp-content\/uploads\/2024\/03\/ZVA_Breakaway_Erkek_3-4inch_1.jpg?fit=1200%2C1200&ssl=1&resize=350%2C200","width":350,"height":200,"srcset":"https:\/\/i0.wp.com\/tuzlahortum.com.tr\/wp-content\/uploads\/2024\/03\/ZVA_Breakaway_Erkek_3-4inch_1.jpg?fit=1200%2C1200&ssl=1&resize=350%2C200 1x, https:\/\/i0.wp.com\/tuzlahortum.com.tr\/wp-content\/uploads\/2024\/03\/ZVA_Breakaway_Erkek_3-4inch_1.jpg?fit=1200%2C1200&ssl=1&resize=525%2C300 1.5x, https:\/\/i0.wp.com\/tuzlahortum.com.tr\/wp-content\/uploads\/2024\/03\/ZVA_Breakaway_Erkek_3-4inch_1.jpg?fit=1200%2C1200&ssl=1&resize=700%2C400 2x, https:\/\/i0.wp.com\/tuzlahortum.com.tr\/wp-content\/uploads\/2024\/03\/ZVA_Breakaway_Erkek_3-4inch_1.jpg?fit=1200%2C1200&ssl=1&resize=1050%2C600 3x"},"classes":[]},{"id":13075,"url":"https:\/\/tuzlahortum.com.tr\/ru\/product\/3-4-zva-akaryakit-tabancasi\/","url_meta":{"origin":13088,"position":1},"title":"\u0422\u043e\u043f\u043b\u0438\u0432\u043d\u044b\u0439 \u043f\u0438\u0441\u0442\u043e\u043b\u0435\u0442 \u0417\u0412\u0410 3\/4","author":"admin","date":"16 \u043c\u0430\u0440\u0442\u0430 2024","format":false,"excerpt":"ZVA Akaryak\u0131t Tabancas\u0131 3\/4 3\/4 ZVA Akaryak\u0131t Tabancas\u0131 ZVA Akaryak\u0131t tabancas\u0131, kullan\u0131c\u0131lara kolay ve g\u00fcvenli bir \u015fekilde akaryak\u0131t dolumu yapmalar\u0131n\u0131 sa\u011flayan \u00f6nemli bir ekipmand\u0131r. A\u015fa\u011f\u0131daki \u00f6zellikler \u00f6ne \u00e7\u0131kmaktad\u0131r: FlowLock Sistemi: Standart benzin ve bio yak\u0131tlarda kullan\u0131labilen bir tabanca, ara\u00e7 deposundan d\u00fc\u015fme veya yukar\u0131 kald\u0131r\u0131lmas\u0131 durumunda otomatik yak\u0131t kesme \u00f6zelli\u011fine sahiptir.\u2026","rel":"","context":"\u041f\u043e\u0445\u043e\u0436\u0430\u044f \u0437\u0430\u043f\u0438\u0441\u044c","block_context":{"text":"\u041f\u043e\u0445\u043e\u0436\u0430\u044f \u0437\u0430\u043f\u0438\u0441\u044c","link":""},"img":{"alt_text":"","src":"https:\/\/i0.wp.com\/tuzlahortum.com.tr\/wp-content\/uploads\/2024\/03\/ZVA_Akaryakit_Tabanca_3.jpg?fit=1199%2C1200&ssl=1&resize=350%2C200","width":350,"height":200,"srcset":"https:\/\/i0.wp.com\/tuzlahortum.com.tr\/wp-content\/uploads\/2024\/03\/ZVA_Akaryakit_Tabanca_3.jpg?fit=1199%2C1200&ssl=1&resize=350%2C200 1x, https:\/\/i0.wp.com\/tuzlahortum.com.tr\/wp-content\/uploads\/2024\/03\/ZVA_Akaryakit_Tabanca_3.jpg?fit=1199%2C1200&ssl=1&resize=525%2C300 1.5x, https:\/\/i0.wp.com\/tuzlahortum.com.tr\/wp-content\/uploads\/2024\/03\/ZVA_Akaryakit_Tabanca_3.jpg?fit=1199%2C1200&ssl=1&resize=700%2C400 2x, https:\/\/i0.wp.com\/tuzlahortum.com.tr\/wp-content\/uploads\/2024\/03\/ZVA_Akaryakit_Tabanca_3.jpg?fit=1199%2C1200&ssl=1&resize=1050%2C600 3x"},"classes":[]},{"id":13071,"url":"https:\/\/tuzlahortum.com.tr\/ru\/product\/3-4-zva-kalin-tabanca-ucu\/","url_meta":{"origin":13088,"position":2},"title":"\u0422\u043e\u043b\u0441\u0442\u044b\u0439 \u043f\u0438\u0441\u0442\u043e\u043b\u0435\u0442 ZVA, \u043d\u0430\u043a\u043e\u043d\u0435\u0447\u043d\u0438\u043a 3\/4","author":"admin","date":"16 \u043c\u0430\u0440\u0442\u0430 2024","format":false,"excerpt":"ZVA Kal\u0131n Tabanca Ucu 3\/4 Otomatik yak\u0131t kesme sistemi, istasyondan ayr\u0131ld\u0131ktan sonra ak\u0131\u015f\u0131 otomatik olarak durduran bir mekanizmad\u0131r. Bu sistem, kullan\u0131c\u0131n\u0131n i\u015flemi tamamlad\u0131ktan sonra yak\u0131t\u0131n akmas\u0131n\u0131 otomatik olarak keserek g\u00fcvenli\u011fi sa\u011flar. Dizel ve kur\u015funlu akaryak\u0131tta kullan\u0131ma uygun olmas\u0131, geni\u015f bir yak\u0131t yelpazesine uyum sa\u011flar. Bu \u00f6zellik, istasyonun farkl\u0131 yak\u0131t tipleri\u2026","rel":"","context":"\u041f\u043e\u0445\u043e\u0436\u0430\u044f \u0437\u0430\u043f\u0438\u0441\u044c","block_context":{"text":"\u041f\u043e\u0445\u043e\u0436\u0430\u044f \u0437\u0430\u043f\u0438\u0441\u044c","link":""},"img":{"alt_text":"","src":"https:\/\/i0.wp.com\/tuzlahortum.com.tr\/wp-content\/uploads\/2024\/03\/ZVA_Tabanca_Ucu_3.jpg?fit=1200%2C1199&ssl=1&resize=350%2C200","width":350,"height":200,"srcset":"https:\/\/i0.wp.com\/tuzlahortum.com.tr\/wp-content\/uploads\/2024\/03\/ZVA_Tabanca_Ucu_3.jpg?fit=1200%2C1199&ssl=1&resize=350%2C200 1x, https:\/\/i0.wp.com\/tuzlahortum.com.tr\/wp-content\/uploads\/2024\/03\/ZVA_Tabanca_Ucu_3.jpg?fit=1200%2C1199&ssl=1&resize=525%2C300 1.5x, https:\/\/i0.wp.com\/tuzlahortum.com.tr\/wp-content\/uploads\/2024\/03\/ZVA_Tabanca_Ucu_3.jpg?fit=1200%2C1199&ssl=1&resize=700%2C400 2x, https:\/\/i0.wp.com\/tuzlahortum.com.tr\/wp-content\/uploads\/2024\/03\/ZVA_Tabanca_Ucu_3.jpg?fit=1200%2C1199&ssl=1&resize=1050%2C600 3x"},"classes":[]},{"id":13072,"url":"https:\/\/tuzlahortum.com.tr\/ru\/product\/3-4-zva-ince-tabanca-ucu\/","url_meta":{"origin":13088,"position":3},"title":"\u041d\u0430\u043a\u043e\u043d\u0435\u0447\u043d\u0438\u043a ZVA Fine Gun 3\/4","author":"admin","date":"16 \u043c\u0430\u0440\u0442\u0430 2024","format":false,"excerpt":"ZVA \u0130nce Tabanca Ucu 3\/4 Otomatik yak\u0131t kesme sistemi, istasyondan ayr\u0131ld\u0131ktan sonra ak\u0131\u015f\u0131 otomatik olarak durduran bir mekanizmad\u0131r. Bu sistem, kullan\u0131c\u0131n\u0131n i\u015flemi tamamlad\u0131ktan sonra yak\u0131t\u0131n akmas\u0131n\u0131 otomatik olarak keserek g\u00fcvenli\u011fi sa\u011flar. Dizel ve kur\u015funlu akaryak\u0131tta kullan\u0131ma uygun olmas\u0131, geni\u015f bir yak\u0131t yelpazesine uyum sa\u011flar. Bu \u00f6zellik, istasyonun farkl\u0131 yak\u0131t tipleri\u2026","rel":"","context":"\u041f\u043e\u0445\u043e\u0436\u0430\u044f \u0437\u0430\u043f\u0438\u0441\u044c","block_context":{"text":"\u041f\u043e\u0445\u043e\u0436\u0430\u044f \u0437\u0430\u043f\u0438\u0441\u044c","link":""},"img":{"alt_text":"","src":"https:\/\/i0.wp.com\/tuzlahortum.com.tr\/wp-content\/uploads\/2024\/03\/ZVA_Tabanca_Ucu_2.jpg?fit=1200%2C1047&ssl=1&resize=350%2C200","width":350,"height":200,"srcset":"https:\/\/i0.wp.com\/tuzlahortum.com.tr\/wp-content\/uploads\/2024\/03\/ZVA_Tabanca_Ucu_2.jpg?fit=1200%2C1047&ssl=1&resize=350%2C200 1x, https:\/\/i0.wp.com\/tuzlahortum.com.tr\/wp-content\/uploads\/2024\/03\/ZVA_Tabanca_Ucu_2.jpg?fit=1200%2C1047&ssl=1&resize=525%2C300 1.5x, https:\/\/i0.wp.com\/tuzlahortum.com.tr\/wp-content\/uploads\/2024\/03\/ZVA_Tabanca_Ucu_2.jpg?fit=1200%2C1047&ssl=1&resize=700%2C400 2x, https:\/\/i0.wp.com\/tuzlahortum.com.tr\/wp-content\/uploads\/2024\/03\/ZVA_Tabanca_Ucu_2.jpg?fit=1200%2C1047&ssl=1&resize=1050%2C600 3x"},"classes":[]},{"id":13073,"url":"https:\/\/tuzlahortum.com.tr\/ru\/product\/3-4-zva-2-kalin-tabanca-ucu\/","url_meta":{"origin":13088,"position":4},"title":"ZVA 2 \u0422\u043e\u043b\u0441\u0442\u044b\u0439 \u043d\u0430\u043a\u043e\u043d\u0435\u0447\u043d\u0438\u043a \u043f\u0438\u0441\u0442\u043e\u043b\u0435\u0442\u0430 3\/4","author":"admin","date":"16 \u043c\u0430\u0440\u0442\u0430 2024","format":false,"excerpt":"ZVA 2 Kal\u0131n Tabanca Ucu 3\/4 Otomatik yak\u0131t kesme sistemi, istasyondan ayr\u0131ld\u0131ktan sonra ak\u0131\u015f\u0131 otomatik olarak durduran bir mekanizmad\u0131r. Bu sistem, kullan\u0131c\u0131n\u0131n i\u015flemi tamamlad\u0131ktan sonra yak\u0131t\u0131n akmas\u0131n\u0131 otomatik olarak keserek g\u00fcvenli\u011fi sa\u011flar. Dizel ve kur\u015funlu akaryak\u0131tta kullan\u0131ma uygun olmas\u0131, geni\u015f bir yak\u0131t yelpazesine uyum sa\u011flar. Bu \u00f6zellik, istasyonun farkl\u0131 yak\u0131t\u2026","rel":"","context":"\u041f\u043e\u0445\u043e\u0436\u0430\u044f \u0437\u0430\u043f\u0438\u0441\u044c","block_context":{"text":"\u041f\u043e\u0445\u043e\u0436\u0430\u044f \u0437\u0430\u043f\u0438\u0441\u044c","link":""},"img":{"alt_text":"","src":"https:\/\/i0.wp.com\/tuzlahortum.com.tr\/wp-content\/uploads\/2024\/03\/ZVA2_Motorin_Tabanca_Ucu_3.jpg?fit=1200%2C1200&ssl=1&resize=350%2C200","width":350,"height":200,"srcset":"https:\/\/i0.wp.com\/tuzlahortum.com.tr\/wp-content\/uploads\/2024\/03\/ZVA2_Motorin_Tabanca_Ucu_3.jpg?fit=1200%2C1200&ssl=1&resize=350%2C200 1x, https:\/\/i0.wp.com\/tuzlahortum.com.tr\/wp-content\/uploads\/2024\/03\/ZVA2_Motorin_Tabanca_Ucu_3.jpg?fit=1200%2C1200&ssl=1&resize=525%2C300 1.5x, https:\/\/i0.wp.com\/tuzlahortum.com.tr\/wp-content\/uploads\/2024\/03\/ZVA2_Motorin_Tabanca_Ucu_3.jpg?fit=1200%2C1200&ssl=1&resize=700%2C400 2x, https:\/\/i0.wp.com\/tuzlahortum.com.tr\/wp-content\/uploads\/2024\/03\/ZVA2_Motorin_Tabanca_Ucu_3.jpg?fit=1200%2C1200&ssl=1&resize=1050%2C600 3x"},"classes":[]},{"id":13065,"url":"https:\/\/tuzlahortum.com.tr\/ru\/product\/breakaway-3-4\/","url_meta":{"origin":13088,"position":5},"title":"\u041e\u0442\u0440\u044b\u0432 3\/4","author":"admin","date":"16 \u043c\u0430\u0440\u0442\u0430 2024","format":false,"excerpt":"3\/4\" x 3\/4\" Aluminyum G\u00f6vdeli Yak\u0131t Ba\u011flant\u0131 Noktas\u0131 Bu yak\u0131t ba\u011flant\u0131 noktas\u0131, g\u00fcvenilirlik ve dayan\u0131kl\u0131l\u0131k a\u00e7\u0131s\u0131ndan \u00fcst d\u00fczey performans sunar. Aluminyum g\u00f6vdesi, hafifli\u011fi ve dayan\u0131kl\u0131l\u0131\u011f\u0131 ile \u00f6ne \u00e7\u0131kar, b\u00f6ylece uzun \u00f6m\u00fcrl\u00fc bir kullan\u0131m sa\u011flar. S\u0131zd\u0131rmazl\u0131k i\u00e7in Viton Ring kullan\u0131l\u0131r, b\u00f6ylece g\u00fcvenli bir ba\u011flant\u0131 elde edilir. Bu, yak\u0131t s\u0131z\u0131nt\u0131s\u0131 riskini en\u2026","rel":"","context":"\u041f\u043e\u0445\u043e\u0436\u0430\u044f \u0437\u0430\u043f\u0438\u0441\u044c","block_context":{"text":"\u041f\u043e\u0445\u043e\u0436\u0430\u044f \u0437\u0430\u043f\u0438\u0441\u044c","link":""},"img":{"alt_text":"","src":"https:\/\/i0.wp.com\/tuzlahortum.com.tr\/wp-content\/uploads\/2024\/03\/Breakaway_3-4inch_1.jpg?fit=1200%2C1200&ssl=1&resize=350%2C200","width":350,"height":200,"srcset":"https:\/\/i0.wp.com\/tuzlahortum.com.tr\/wp-content\/uploads\/2024\/03\/Breakaway_3-4inch_1.jpg?fit=1200%2C1200&ssl=1&resize=350%2C200 1x, https:\/\/i0.wp.com\/tuzlahortum.com.tr\/wp-content\/uploads\/2024\/03\/Breakaway_3-4inch_1.jpg?fit=1200%2C1200&ssl=1&resize=525%2C300 1.5x, https:\/\/i0.wp.com\/tuzlahortum.com.tr\/wp-content\/uploads\/2024\/03\/Breakaway_3-4inch_1.jpg?fit=1200%2C1200&ssl=1&resize=700%2C400 2x, https:\/\/i0.wp.com\/tuzlahortum.com.tr\/wp-content\/uploads\/2024\/03\/Breakaway_3-4inch_1.jpg?fit=1200%2C1200&ssl=1&resize=1050%2C600 3x"},"classes":[]}],"jetpack_sharing_enabled":true,"jetpack_likes_enabled":true,"_links":{"self":[{"href":"https:\/\/tuzlahortum.com.tr\/ru\/wp-json\/wp\/v2\/product\/13088","targetHints":{"allow":["GET"]}}],"collection":[{"href":"https:\/\/tuzlahortum.com.tr\/ru\/wp-json\/wp\/v2\/product"}],"about":[{"href":"https:\/\/tuzlahortum.com.tr\/ru\/wp-json\/wp\/v2\/types\/product"}],"replies":[{"embeddable":true,"href":"https:\/\/tuzlahortum.com.tr\/ru\/wp-json\/wp\/v2\/comments?post=13088"}],"wp:featuredmedia":[{"embeddable":true,"href":"https:\/\/tuzlahortum.com.tr\/ru\/wp-json\/wp\/v2\/media\/13117"}],"wp:attachment":[{"href":"https:\/\/tuzlahortum.com.tr\/ru\/wp-json\/wp\/v2\/media?parent=13088"}],"wp:term":[{"taxonomy":"product_brand","embeddable":true,"href":"https:\/\/tuzlahortum.com.tr\/ru\/wp-json\/wp\/v2\/product_brand?post=13088"},{"taxonomy":"product_cat","embeddable":true,"href":"https:\/\/tuzlahortum.com.tr\/ru\/wp-json\/wp\/v2\/product_cat?post=13088"},{"taxonomy":"product_tag","embeddable":true,"href":"https:\/\/tuzlahortum.com.tr\/ru\/wp-json\/wp\/v2\/product_tag?post=13088"}],"curies":[{"name":"wp","href":"https:\/\/api.w.org\/{rel}","templated":true}]}}