{"id":13082,"date":"2024-03-16T19:34:51","date_gmt":"2024-03-16T16:34:51","guid":{"rendered":"https:\/\/tuzlahortum.com.tr\/?post_type=product&#038;p=13082"},"modified":"2025-08-20T12:09:40","modified_gmt":"2025-08-20T09:09:40","slug":"tabanca-arkasi-duz-mafsal-3-4","status":"publish","type":"product","link":"https:\/\/tuzlahortum.com.tr\/ru\/product\/tabanca-arkasi-duz-mafsal-3-4\/","title":{"rendered":"\u0417\u0430\u0434\u043d\u0438\u0439 \u0441\u044a\u0435\u043c\u043d\u0438\u043a \u043f\u0438\u0441\u0442\u043e\u043b\u0435\u0442\u0430 3\/4"},"content":{"rendered":"<h2>\u0417\u0430\u0434\u043d\u0438\u0439 \u0441\u044a\u0435\u043c\u043d\u0438\u043a \u043f\u0438\u0441\u0442\u043e\u043b\u0435\u0442\u0430 3\/4<\/h2>","protected":false},"excerpt":{"rendered":"<p>\u0417\u0430\u0434\u043d\u0438\u0439 \u0441\u044a\u0435\u043c\u043d\u0438\u043a \u043f\u0438\u0441\u0442\u043e\u043b\u0435\u0442\u0430 3\/4<\/p>","protected":false},"featured_media":13135,"comment_status":"open","ping_status":"closed","template":"","meta":[],"product_brand":[],"product_cat":[2340,2344],"product_tag":[],"class_list":{"0":"post-13082","1":"product","2":"type-product","3":"status-publish","4":"has-post-thumbnail","6":"product_cat-akaryakit","7":"product_cat-akaryakit-pull-off-breakeaway","9":"first","10":"instock","11":"taxable","12":"shipping-taxable","13":"product-type-simple"},"jetpack-related-posts":[{"id":13063,"url":"https:\/\/tuzlahortum.com.tr\/ru\/product\/v66-breakaway-3-4\/","url_meta":{"origin":13082,"position":0},"title":"V66 \u041e\u0442\u0440\u044b\u0432 3\/4","author":"admin","date":"16 \u043c\u0430\u0440\u0442\u0430 2024","format":false,"excerpt":"V66 Breakaway 3\/4 Dizel, benzin ve %10'a kadar ethanol katk\u0131lar\u0131yla uyumlu olan bu \u00fcr\u00fcn, geni\u015f bir yak\u0131t yelpazesine uygunlu\u011fuyla dikkat \u00e7eker. BSP di\u015f se\u00e7ene\u011fi, kolay ba\u011flant\u0131 imkan\u0131 sunar ve \u00e7e\u015fitli kullan\u0131m senaryolar\u0131na uyum sa\u011flar. 3\/4\u201d ve 1\u201d \u00f6l\u00e7\u00fclerinde temin edilebilen bu \u00fcr\u00fcn, farkl\u0131 uygulama gereksinimlerini kar\u015f\u0131lamak i\u00e7in \u00e7e\u015fitlilik sunar. \u00c7ift\u2026","rel":"","context":"\u041f\u043e\u0445\u043e\u0436\u0430\u044f \u0437\u0430\u043f\u0438\u0441\u044c","block_context":{"text":"\u041f\u043e\u0445\u043e\u0436\u0430\u044f \u0437\u0430\u043f\u0438\u0441\u044c","link":""},"img":{"alt_text":"","src":"https:\/\/i0.wp.com\/tuzlahortum.com.tr\/wp-content\/uploads\/2024\/03\/Breakaway_V66_3-4inch_2.jpg?fit=1200%2C1200&ssl=1&resize=350%2C200","width":350,"height":200,"srcset":"https:\/\/i0.wp.com\/tuzlahortum.com.tr\/wp-content\/uploads\/2024\/03\/Breakaway_V66_3-4inch_2.jpg?fit=1200%2C1200&ssl=1&resize=350%2C200 1x, https:\/\/i0.wp.com\/tuzlahortum.com.tr\/wp-content\/uploads\/2024\/03\/Breakaway_V66_3-4inch_2.jpg?fit=1200%2C1200&ssl=1&resize=525%2C300 1.5x, https:\/\/i0.wp.com\/tuzlahortum.com.tr\/wp-content\/uploads\/2024\/03\/Breakaway_V66_3-4inch_2.jpg?fit=1200%2C1200&ssl=1&resize=700%2C400 2x, https:\/\/i0.wp.com\/tuzlahortum.com.tr\/wp-content\/uploads\/2024\/03\/Breakaway_V66_3-4inch_2.jpg?fit=1200%2C1200&ssl=1&resize=1050%2C600 3x"},"classes":[]},{"id":13064,"url":"https:\/\/tuzlahortum.com.tr\/ru\/product\/v66-breakaway-1\/","url_meta":{"origin":13082,"position":1},"title":"V66 \u043e\u0442\u0440\u044b\u0432\u043d\u043e\u0439 1 \u0434\u044e\u0439\u043c","author":"admin","date":"16 \u043c\u0430\u0440\u0442\u0430 2024","format":false,"excerpt":"V66 Breakaway 1 Inch Dizel, benzin ve %10'a kadar ethanol katk\u0131lar\u0131yla uyumlu olan bu \u00fcr\u00fcn, geni\u015f bir yak\u0131t yelpazesine uygunlu\u011fuyla dikkat \u00e7eker. BSP di\u015f se\u00e7ene\u011fi, kolay ba\u011flant\u0131 imkan\u0131 sunar ve \u00e7e\u015fitli kullan\u0131m senaryolar\u0131na uyum sa\u011flar. 3\/4\u201d ve 1\u201d \u00f6l\u00e7\u00fclerinde temin edilebilen bu \u00fcr\u00fcn, farkl\u0131 uygulama gereksinimlerini kar\u015f\u0131lamak i\u00e7in \u00e7e\u015fitlilik sunar.\u2026","rel":"","context":"\u041f\u043e\u0445\u043e\u0436\u0430\u044f \u0437\u0430\u043f\u0438\u0441\u044c","block_context":{"text":"\u041f\u043e\u0445\u043e\u0436\u0430\u044f \u0437\u0430\u043f\u0438\u0441\u044c","link":""},"img":{"alt_text":"","src":"https:\/\/i0.wp.com\/tuzlahortum.com.tr\/wp-content\/uploads\/2024\/03\/Breakaway_V66_1inch_1.jpg?fit=1200%2C1200&ssl=1&resize=350%2C200","width":350,"height":200,"srcset":"https:\/\/i0.wp.com\/tuzlahortum.com.tr\/wp-content\/uploads\/2024\/03\/Breakaway_V66_1inch_1.jpg?fit=1200%2C1200&ssl=1&resize=350%2C200 1x, https:\/\/i0.wp.com\/tuzlahortum.com.tr\/wp-content\/uploads\/2024\/03\/Breakaway_V66_1inch_1.jpg?fit=1200%2C1200&ssl=1&resize=525%2C300 1.5x, https:\/\/i0.wp.com\/tuzlahortum.com.tr\/wp-content\/uploads\/2024\/03\/Breakaway_V66_1inch_1.jpg?fit=1200%2C1200&ssl=1&resize=700%2C400 2x, https:\/\/i0.wp.com\/tuzlahortum.com.tr\/wp-content\/uploads\/2024\/03\/Breakaway_V66_1inch_1.jpg?fit=1200%2C1200&ssl=1&resize=1050%2C600 3x"},"classes":[]},{"id":13065,"url":"https:\/\/tuzlahortum.com.tr\/ru\/product\/breakaway-3-4\/","url_meta":{"origin":13082,"position":2},"title":"\u041e\u0442\u0440\u044b\u0432 3\/4","author":"admin","date":"16 \u043c\u0430\u0440\u0442\u0430 2024","format":false,"excerpt":"3\/4\" x 3\/4\" Aluminyum G\u00f6vdeli Yak\u0131t Ba\u011flant\u0131 Noktas\u0131 Bu yak\u0131t ba\u011flant\u0131 noktas\u0131, g\u00fcvenilirlik ve dayan\u0131kl\u0131l\u0131k a\u00e7\u0131s\u0131ndan \u00fcst d\u00fczey performans sunar. Aluminyum g\u00f6vdesi, hafifli\u011fi ve dayan\u0131kl\u0131l\u0131\u011f\u0131 ile \u00f6ne \u00e7\u0131kar, b\u00f6ylece uzun \u00f6m\u00fcrl\u00fc bir kullan\u0131m sa\u011flar. S\u0131zd\u0131rmazl\u0131k i\u00e7in Viton Ring kullan\u0131l\u0131r, b\u00f6ylece g\u00fcvenli bir ba\u011flant\u0131 elde edilir. Bu, yak\u0131t s\u0131z\u0131nt\u0131s\u0131 riskini en\u2026","rel":"","context":"\u041f\u043e\u0445\u043e\u0436\u0430\u044f \u0437\u0430\u043f\u0438\u0441\u044c","block_context":{"text":"\u041f\u043e\u0445\u043e\u0436\u0430\u044f \u0437\u0430\u043f\u0438\u0441\u044c","link":""},"img":{"alt_text":"","src":"https:\/\/i0.wp.com\/tuzlahortum.com.tr\/wp-content\/uploads\/2024\/03\/Breakaway_3-4inch_1.jpg?fit=1200%2C1200&ssl=1&resize=350%2C200","width":350,"height":200,"srcset":"https:\/\/i0.wp.com\/tuzlahortum.com.tr\/wp-content\/uploads\/2024\/03\/Breakaway_3-4inch_1.jpg?fit=1200%2C1200&ssl=1&resize=350%2C200 1x, https:\/\/i0.wp.com\/tuzlahortum.com.tr\/wp-content\/uploads\/2024\/03\/Breakaway_3-4inch_1.jpg?fit=1200%2C1200&ssl=1&resize=525%2C300 1.5x, https:\/\/i0.wp.com\/tuzlahortum.com.tr\/wp-content\/uploads\/2024\/03\/Breakaway_3-4inch_1.jpg?fit=1200%2C1200&ssl=1&resize=700%2C400 2x, https:\/\/i0.wp.com\/tuzlahortum.com.tr\/wp-content\/uploads\/2024\/03\/Breakaway_3-4inch_1.jpg?fit=1200%2C1200&ssl=1&resize=1050%2C600 3x"},"classes":[]},{"id":13071,"url":"https:\/\/tuzlahortum.com.tr\/ru\/product\/3-4-zva-kalin-tabanca-ucu\/","url_meta":{"origin":13082,"position":3},"title":"\u0422\u043e\u043b\u0441\u0442\u044b\u0439 \u043f\u0438\u0441\u0442\u043e\u043b\u0435\u0442 ZVA, \u043d\u0430\u043a\u043e\u043d\u0435\u0447\u043d\u0438\u043a 3\/4","author":"admin","date":"16 \u043c\u0430\u0440\u0442\u0430 2024","format":false,"excerpt":"ZVA Kal\u0131n Tabanca Ucu 3\/4 Otomatik yak\u0131t kesme sistemi, istasyondan ayr\u0131ld\u0131ktan sonra ak\u0131\u015f\u0131 otomatik olarak durduran bir mekanizmad\u0131r. Bu sistem, kullan\u0131c\u0131n\u0131n i\u015flemi tamamlad\u0131ktan sonra yak\u0131t\u0131n akmas\u0131n\u0131 otomatik olarak keserek g\u00fcvenli\u011fi sa\u011flar. Dizel ve kur\u015funlu akaryak\u0131tta kullan\u0131ma uygun olmas\u0131, geni\u015f bir yak\u0131t yelpazesine uyum sa\u011flar. Bu \u00f6zellik, istasyonun farkl\u0131 yak\u0131t tipleri\u2026","rel":"","context":"\u041f\u043e\u0445\u043e\u0436\u0430\u044f \u0437\u0430\u043f\u0438\u0441\u044c","block_context":{"text":"\u041f\u043e\u0445\u043e\u0436\u0430\u044f \u0437\u0430\u043f\u0438\u0441\u044c","link":""},"img":{"alt_text":"","src":"https:\/\/i0.wp.com\/tuzlahortum.com.tr\/wp-content\/uploads\/2024\/03\/ZVA_Tabanca_Ucu_3.jpg?fit=1200%2C1199&ssl=1&resize=350%2C200","width":350,"height":200,"srcset":"https:\/\/i0.wp.com\/tuzlahortum.com.tr\/wp-content\/uploads\/2024\/03\/ZVA_Tabanca_Ucu_3.jpg?fit=1200%2C1199&ssl=1&resize=350%2C200 1x, https:\/\/i0.wp.com\/tuzlahortum.com.tr\/wp-content\/uploads\/2024\/03\/ZVA_Tabanca_Ucu_3.jpg?fit=1200%2C1199&ssl=1&resize=525%2C300 1.5x, https:\/\/i0.wp.com\/tuzlahortum.com.tr\/wp-content\/uploads\/2024\/03\/ZVA_Tabanca_Ucu_3.jpg?fit=1200%2C1199&ssl=1&resize=700%2C400 2x, https:\/\/i0.wp.com\/tuzlahortum.com.tr\/wp-content\/uploads\/2024\/03\/ZVA_Tabanca_Ucu_3.jpg?fit=1200%2C1199&ssl=1&resize=1050%2C600 3x"},"classes":[]},{"id":13072,"url":"https:\/\/tuzlahortum.com.tr\/ru\/product\/3-4-zva-ince-tabanca-ucu\/","url_meta":{"origin":13082,"position":4},"title":"\u041d\u0430\u043a\u043e\u043d\u0435\u0447\u043d\u0438\u043a ZVA Fine Gun 3\/4","author":"admin","date":"16 \u043c\u0430\u0440\u0442\u0430 2024","format":false,"excerpt":"ZVA \u0130nce Tabanca Ucu 3\/4 Otomatik yak\u0131t kesme sistemi, istasyondan ayr\u0131ld\u0131ktan sonra ak\u0131\u015f\u0131 otomatik olarak durduran bir mekanizmad\u0131r. Bu sistem, kullan\u0131c\u0131n\u0131n i\u015flemi tamamlad\u0131ktan sonra yak\u0131t\u0131n akmas\u0131n\u0131 otomatik olarak keserek g\u00fcvenli\u011fi sa\u011flar. Dizel ve kur\u015funlu akaryak\u0131tta kullan\u0131ma uygun olmas\u0131, geni\u015f bir yak\u0131t yelpazesine uyum sa\u011flar. Bu \u00f6zellik, istasyonun farkl\u0131 yak\u0131t tipleri\u2026","rel":"","context":"\u041f\u043e\u0445\u043e\u0436\u0430\u044f \u0437\u0430\u043f\u0438\u0441\u044c","block_context":{"text":"\u041f\u043e\u0445\u043e\u0436\u0430\u044f \u0437\u0430\u043f\u0438\u0441\u044c","link":""},"img":{"alt_text":"","src":"https:\/\/i0.wp.com\/tuzlahortum.com.tr\/wp-content\/uploads\/2024\/03\/ZVA_Tabanca_Ucu_2.jpg?fit=1200%2C1047&ssl=1&resize=350%2C200","width":350,"height":200,"srcset":"https:\/\/i0.wp.com\/tuzlahortum.com.tr\/wp-content\/uploads\/2024\/03\/ZVA_Tabanca_Ucu_2.jpg?fit=1200%2C1047&ssl=1&resize=350%2C200 1x, https:\/\/i0.wp.com\/tuzlahortum.com.tr\/wp-content\/uploads\/2024\/03\/ZVA_Tabanca_Ucu_2.jpg?fit=1200%2C1047&ssl=1&resize=525%2C300 1.5x, https:\/\/i0.wp.com\/tuzlahortum.com.tr\/wp-content\/uploads\/2024\/03\/ZVA_Tabanca_Ucu_2.jpg?fit=1200%2C1047&ssl=1&resize=700%2C400 2x, https:\/\/i0.wp.com\/tuzlahortum.com.tr\/wp-content\/uploads\/2024\/03\/ZVA_Tabanca_Ucu_2.jpg?fit=1200%2C1047&ssl=1&resize=1050%2C600 3x"},"classes":[]},{"id":13073,"url":"https:\/\/tuzlahortum.com.tr\/ru\/product\/3-4-zva-2-kalin-tabanca-ucu\/","url_meta":{"origin":13082,"position":5},"title":"ZVA 2 \u0422\u043e\u043b\u0441\u0442\u044b\u0439 \u043d\u0430\u043a\u043e\u043d\u0435\u0447\u043d\u0438\u043a \u043f\u0438\u0441\u0442\u043e\u043b\u0435\u0442\u0430 3\/4","author":"admin","date":"16 \u043c\u0430\u0440\u0442\u0430 2024","format":false,"excerpt":"ZVA 2 Kal\u0131n Tabanca Ucu 3\/4 Otomatik yak\u0131t kesme sistemi, istasyondan ayr\u0131ld\u0131ktan sonra ak\u0131\u015f\u0131 otomatik olarak durduran bir mekanizmad\u0131r. Bu sistem, kullan\u0131c\u0131n\u0131n i\u015flemi tamamlad\u0131ktan sonra yak\u0131t\u0131n akmas\u0131n\u0131 otomatik olarak keserek g\u00fcvenli\u011fi sa\u011flar. Dizel ve kur\u015funlu akaryak\u0131tta kullan\u0131ma uygun olmas\u0131, geni\u015f bir yak\u0131t yelpazesine uyum sa\u011flar. Bu \u00f6zellik, istasyonun farkl\u0131 yak\u0131t\u2026","rel":"","context":"\u041f\u043e\u0445\u043e\u0436\u0430\u044f \u0437\u0430\u043f\u0438\u0441\u044c","block_context":{"text":"\u041f\u043e\u0445\u043e\u0436\u0430\u044f \u0437\u0430\u043f\u0438\u0441\u044c","link":""},"img":{"alt_text":"","src":"https:\/\/i0.wp.com\/tuzlahortum.com.tr\/wp-content\/uploads\/2024\/03\/ZVA2_Motorin_Tabanca_Ucu_3.jpg?fit=1200%2C1200&ssl=1&resize=350%2C200","width":350,"height":200,"srcset":"https:\/\/i0.wp.com\/tuzlahortum.com.tr\/wp-content\/uploads\/2024\/03\/ZVA2_Motorin_Tabanca_Ucu_3.jpg?fit=1200%2C1200&ssl=1&resize=350%2C200 1x, https:\/\/i0.wp.com\/tuzlahortum.com.tr\/wp-content\/uploads\/2024\/03\/ZVA2_Motorin_Tabanca_Ucu_3.jpg?fit=1200%2C1200&ssl=1&resize=525%2C300 1.5x, https:\/\/i0.wp.com\/tuzlahortum.com.tr\/wp-content\/uploads\/2024\/03\/ZVA2_Motorin_Tabanca_Ucu_3.jpg?fit=1200%2C1200&ssl=1&resize=700%2C400 2x, https:\/\/i0.wp.com\/tuzlahortum.com.tr\/wp-content\/uploads\/2024\/03\/ZVA2_Motorin_Tabanca_Ucu_3.jpg?fit=1200%2C1200&ssl=1&resize=1050%2C600 3x"},"classes":[]}],"jetpack_sharing_enabled":true,"jetpack_likes_enabled":true,"_links":{"self":[{"href":"https:\/\/tuzlahortum.com.tr\/ru\/wp-json\/wp\/v2\/product\/13082","targetHints":{"allow":["GET"]}}],"collection":[{"href":"https:\/\/tuzlahortum.com.tr\/ru\/wp-json\/wp\/v2\/product"}],"about":[{"href":"https:\/\/tuzlahortum.com.tr\/ru\/wp-json\/wp\/v2\/types\/product"}],"replies":[{"embeddable":true,"href":"https:\/\/tuzlahortum.com.tr\/ru\/wp-json\/wp\/v2\/comments?post=13082"}],"wp:featuredmedia":[{"embeddable":true,"href":"https:\/\/tuzlahortum.com.tr\/ru\/wp-json\/wp\/v2\/media\/13135"}],"wp:attachment":[{"href":"https:\/\/tuzlahortum.com.tr\/ru\/wp-json\/wp\/v2\/media?parent=13082"}],"wp:term":[{"taxonomy":"product_brand","embeddable":true,"href":"https:\/\/tuzlahortum.com.tr\/ru\/wp-json\/wp\/v2\/product_brand?post=13082"},{"taxonomy":"product_cat","embeddable":true,"href":"https:\/\/tuzlahortum.com.tr\/ru\/wp-json\/wp\/v2\/product_cat?post=13082"},{"taxonomy":"product_tag","embeddable":true,"href":"https:\/\/tuzlahortum.com.tr\/ru\/wp-json\/wp\/v2\/product_tag?post=13082"}],"curies":[{"name":"wp","href":"https:\/\/api.w.org\/{rel}","templated":true}]}}