{"id":13081,"date":"2024-03-16T19:33:53","date_gmt":"2024-03-16T16:33:53","guid":{"rendered":"https:\/\/tuzlahortum.com.tr\/?post_type=product&#038;p=13081"},"modified":"2024-03-29T17:32:49","modified_gmt":"2024-03-29T14:32:49","slug":"c-mafsal-3-4","status":"publish","type":"product","link":"https:\/\/tuzlahortum.com.tr\/ru\/product\/c-mafsal-3-4\/","title":{"rendered":"\u0421-\u043e\u0431\u0440\u0430\u0437\u043d\u043e\u0435 \u0441\u043e\u0435\u0434\u0438\u043d\u0435\u043d\u0438\u0435 3\/4 \u0434\u044e\u0439\u043c\u0430"},"content":{"rendered":"<h2>\u0421-\u043e\u0431\u0440\u0430\u0437\u043d\u043e\u0435 \u0441\u043e\u0435\u0434\u0438\u043d\u0435\u043d\u0438\u0435 3\/4 \u0434\u044e\u0439\u043c\u0430<\/h2>\n<p>Bu tabanca, geni\u015f bir yak\u0131t yelpazesine uyum sa\u011flar ve \u00e7e\u015fitli akaryak\u0131t t\u00fcrlerinde kullan\u0131labilir. Dizel, benzin ve %10&#8217;a kadar etanol katk\u0131lar\u0131yla uyumlu olmas\u0131, istasyonun farkl\u0131 m\u00fc\u015fteri gereksinimlerini kar\u015f\u0131layabilmesini sa\u011flar.<\/p>\n<p>\u0412\u0430\u0440\u0438\u0430\u043d\u0442\u044b \u0440\u0435\u0437\u044c\u0431\u044b BSP 3\/4\u2033 \u0430\u0434\u0430\u043f\u0442\u0438\u0440\u0443\u044e\u0442\u0441\u044f \u043a \u0440\u0430\u0437\u043b\u0438\u0447\u043d\u044b\u043c \u0442\u0440\u0435\u0431\u043e\u0432\u0430\u043d\u0438\u044f\u043c \u043a \u0441\u043e\u0435\u0434\u0438\u043d\u0435\u043d\u0438\u044e \u0438 \u043c\u043e\u0433\u0443\u0442 \u0430\u0434\u0430\u043f\u0442\u0438\u0440\u043e\u0432\u0430\u0442\u044c\u0441\u044f \u043a \u0440\u0430\u0437\u043b\u0438\u0447\u043d\u044b\u043c \u0441\u0446\u0435\u043d\u0430\u0440\u0438\u044f\u043c \u0443\u0441\u0442\u0430\u043d\u043e\u0432\u043a\u0438.<\/p>\n<p>\u041b\u0435\u0433\u043a\u043e\u0435 \u043f\u0435\u0440\u0435\u043c\u0435\u0449\u0435\u043d\u0438\u0435 \u043f\u0438\u0441\u0442\u043e\u043b\u0435\u0442\u0430 \u043f\u043e \u0434\u0432\u0443\u043c \u043e\u0441\u044f\u043c \u043f\u043e\u0437\u0432\u043e\u043b\u044f\u0435\u0442 \u043f\u043e\u043b\u044c\u0437\u043e\u0432\u0430\u0442\u0435\u043b\u044f\u043c \u0438\u0441\u043f\u043e\u043b\u044c\u0437\u043e\u0432\u0430\u0442\u044c \u0441\u0442\u0430\u043d\u0446\u0438\u044e \u0431\u043e\u043b\u0435\u0435 \u0443\u0434\u043e\u0431\u043d\u043e \u0438 \u044d\u0444\u0444\u0435\u043a\u0442\u0438\u0432\u043d\u043e. \u042d\u0442\u043e \u0434\u0432\u0438\u0436\u0435\u043d\u0438\u0435 \u043f\u0440\u0438\u0432\u043e\u0434\u0438\u0442 \u043a \u043c\u0435\u043d\u044c\u0448\u0435\u043c\u0443 \u0440\u0430\u0441\u0442\u044f\u0436\u0435\u043d\u0438\u044e \u0438 \u0438\u0437\u0433\u0438\u0431\u0443 \u0448\u043b\u0430\u043d\u0433\u0430, \u0447\u0442\u043e \u043f\u0440\u043e\u0434\u043b\u0435\u0432\u0430\u0435\u0442 \u0441\u0440\u043e\u043a \u0435\u0433\u043e \u0441\u043b\u0443\u0436\u0431\u044b \u0438 \u0441\u043d\u0438\u0436\u0430\u0435\u0442 \u0437\u0430\u0442\u0440\u0430\u0442\u044b \u043d\u0430 \u0442\u0435\u0445\u043d\u0438\u0447\u0435\u0441\u043a\u043e\u0435 \u043e\u0431\u0441\u043b\u0443\u0436\u0438\u0432\u0430\u043d\u0438\u0435. \u042d\u0442\u0430 \u0444\u0443\u043d\u043a\u0446\u0438\u044f \u043f\u043e\u0437\u0432\u043e\u043b\u044f\u0435\u0442 \u043f\u043e\u043b\u044c\u0437\u043e\u0432\u0430\u0442\u0435\u043b\u044f\u043c \u0438\u0441\u043f\u043e\u043b\u044c\u0437\u043e\u0432\u0430\u0442\u044c \u0441\u0442\u0430\u043d\u0446\u0438\u044e \u0434\u043e\u043b\u044c\u0448\u0435 \u0431\u0435\u0437 \u043a\u0430\u043a\u0438\u0445-\u043b\u0438\u0431\u043e \u043f\u0440\u043e\u0431\u043b\u0435\u043c.<\/p>","protected":false},"excerpt":{"rendered":"<p>C Mafsal 3\/4 Inch Bu tabanca, geni\u015f bir yak\u0131t yelpazesine uyum sa\u011flar ve \u00e7e\u015fitli akaryak\u0131t t\u00fcrlerinde kullan\u0131labilir. Dizel, benzin ve %10&#8217;a kadar etanol katk\u0131lar\u0131yla uyumlu olmas\u0131, istasyonun farkl\u0131 m\u00fc\u015fteri gereksinimlerini kar\u015f\u0131layabilmesini sa\u011flar. BSP 3\/4&#8243; di\u015f se\u00e7enekleri, farkl\u0131 ba\u011flant\u0131 gereksinimlerine uyum sa\u011flar ve \u00e7e\u015fitli kurulum senaryolar\u0131na adapte olabilir. \u00c7ift eksen hareketiyle kolay tabanca hareketi, kullan\u0131c\u0131lar\u0131n istasyonu [&#8230;]\n","protected":false},"featured_media":13141,"comment_status":"open","ping_status":"closed","template":"","meta":{"jetpack_post_was_ever_published":false},"product_brand":[],"product_cat":[2340,2342],"product_tag":[],"class_list":{"0":"post-13081","1":"product","2":"type-product","3":"status-publish","4":"has-post-thumbnail","6":"product_cat-akaryakit","7":"product_cat-akaryakit-mafsallar","9":"first","10":"instock","11":"taxable","12":"shipping-taxable","13":"product-type-simple"},"jetpack-related-posts":[],"jetpack_sharing_enabled":true,"jetpack_likes_enabled":true,"_links":{"self":[{"href":"https:\/\/tuzlahortum.com.tr\/ru\/wp-json\/wp\/v2\/product\/13081","targetHints":{"allow":["GET"]}}],"collection":[{"href":"https:\/\/tuzlahortum.com.tr\/ru\/wp-json\/wp\/v2\/product"}],"about":[{"href":"https:\/\/tuzlahortum.com.tr\/ru\/wp-json\/wp\/v2\/types\/product"}],"replies":[{"embeddable":true,"href":"https:\/\/tuzlahortum.com.tr\/ru\/wp-json\/wp\/v2\/comments?post=13081"}],"wp:featuredmedia":[{"embeddable":true,"href":"https:\/\/tuzlahortum.com.tr\/ru\/wp-json\/wp\/v2\/media\/13141"}],"wp:attachment":[{"href":"https:\/\/tuzlahortum.com.tr\/ru\/wp-json\/wp\/v2\/media?parent=13081"}],"wp:term":[{"taxonomy":"product_brand","embeddable":true,"href":"https:\/\/tuzlahortum.com.tr\/ru\/wp-json\/wp\/v2\/product_brand?post=13081"},{"taxonomy":"product_cat","embeddable":true,"href":"https:\/\/tuzlahortum.com.tr\/ru\/wp-json\/wp\/v2\/product_cat?post=13081"},{"taxonomy":"product_tag","embeddable":true,"href":"https:\/\/tuzlahortum.com.tr\/ru\/wp-json\/wp\/v2\/product_tag?post=13081"}],"curies":[{"name":"wp","href":"https:\/\/api.w.org\/{rel}","templated":true}]}}