{"id":13079,"date":"2024-03-16T19:32:58","date_gmt":"2024-03-16T16:32:58","guid":{"rendered":"https:\/\/tuzlahortum.com.tr\/?post_type=product&#038;p=13079"},"modified":"2025-08-20T12:09:44","modified_gmt":"2025-08-20T09:09:44","slug":"tabanca-kilifi","status":"publish","type":"product","link":"https:\/\/tuzlahortum.com.tr\/ru\/product\/tabanca-kilifi\/","title":{"rendered":"\u043a\u043e\u0431\u0443\u0440\u0430"},"content":{"rendered":"<h2>\u043a\u043e\u0431\u0443\u0440\u0430<\/h2>\n<p>\u041a\u043e\u0431\u0443\u0440\u044b \u0434\u043b\u044f \u0442\u043e\u043f\u043b\u0438\u0432\u043d\u044b\u0445 \u043f\u0438\u0441\u0442\u043e\u043b\u0435\u0442\u043e\u0432 11\u0410 \u2014 \u044d\u0442\u043e \u0441\u043f\u0435\u0446\u0438\u0430\u043b\u044c\u043d\u044b\u0435 \u043a\u043e\u0431\u0443\u0440\u044b, \u043f\u0440\u0435\u0434\u043d\u0430\u0437\u043d\u0430\u0447\u0435\u043d\u043d\u044b\u0435 \u0434\u043b\u044f \u0437\u0430\u0449\u0438\u0442\u044b \u0438 \u043d\u043e\u0448\u0435\u043d\u0438\u044f \u043f\u0438\u0441\u0442\u043e\u043b\u0435\u0442\u043e\u0432 \u0442\u0438\u043f\u0430 11\u0410, \u043a\u043e\u0442\u043e\u0440\u044b\u0435 \u043e\u0431\u044b\u0447\u043d\u043e \u0438\u0441\u043f\u043e\u043b\u044c\u0437\u0443\u044e\u0442\u0441\u044f \u043d\u0430 \u0437\u0430\u043f\u0440\u0430\u0432\u043e\u0447\u043d\u044b\u0445 \u0441\u0442\u0430\u043d\u0446\u0438\u044f\u0445. \u042d\u0442\u0438 \u043a\u043e\u0431\u0443\u0440\u044b \u0437\u0430\u0449\u0438\u0449\u0430\u044e\u0442 \u043e\u0440\u0443\u0436\u0438\u0435 \u043e\u0442 \u0432\u043e\u0437\u0434\u0435\u0439\u0441\u0442\u0432\u0438\u044f \u043e\u043a\u0440\u0443\u0436\u0430\u044e\u0449\u0435\u0439 \u0441\u0440\u0435\u0434\u044b \u0438 \u043f\u043e\u0437\u0432\u043e\u043b\u044f\u044e\u0442 \u043f\u043e\u043b\u044c\u0437\u043e\u0432\u0430\u0442\u0435\u043b\u044f\u043c \u0431\u0435\u0437\u043e\u043f\u0430\u0441\u043d\u043e \u0435\u0433\u043e \u043d\u043e\u0441\u0438\u0442\u044c. \u041a\u0440\u043e\u043c\u0435 \u0442\u043e\u0433\u043e, \u043a\u043e\u0431\u0443\u0440\u044b \u0438\u0437\u0433\u043e\u0442\u0430\u0432\u043b\u0438\u0432\u0430\u044e\u0442\u0441\u044f \u0438\u0437 \u043f\u0440\u043e\u0447\u043d\u044b\u0445 \u043c\u0430\u0442\u0435\u0440\u0438\u0430\u043b\u043e\u0432, \u043f\u0440\u0438\u0437\u0432\u0430\u043d\u043d\u044b\u0445 \u043e\u0431\u0435\u0441\u043f\u0435\u0447\u0438\u0442\u044c \u0434\u043e\u043b\u0433\u043e\u0432\u0435\u0447\u043d\u043e\u0441\u0442\u044c \u043f\u0438\u0441\u0442\u043e\u043b\u0435\u0442\u043e\u0432. \u041a\u043e\u0431\u0443\u0440\u044b \u0434\u043b\u044f \u043e\u0440\u0443\u0436\u0438\u044f \u2014 \u044d\u0442\u043e \u043f\u0440\u0430\u043a\u0442\u0438\u0447\u043d\u043e\u0435 \u0440\u0435\u0448\u0435\u043d\u0438\u0435, \u043f\u043e\u0437\u0432\u043e\u043b\u044f\u044e\u0449\u0435\u0435 \u043f\u043e\u043b\u044c\u0437\u043e\u0432\u0430\u0442\u0435\u043b\u044f\u043c \u0431\u0435\u0437\u043e\u043f\u0430\u0441\u043d\u043e \u0445\u0440\u0430\u043d\u0438\u0442\u044c \u043e\u0440\u0443\u0436\u0438\u0435 \u0438 \u0434\u043e\u0431\u0438\u0440\u0430\u0442\u044c\u0441\u044f \u0434\u043e \u043d\u0435\u0433\u043e \u0432\u043e \u0432\u0440\u0435\u043c\u044f \u0440\u0430\u0431\u043e\u0442\u044b. \u042d\u0442\u0438 \u0447\u0435\u0445\u043b\u044b \u0438\u0433\u0440\u0430\u044e\u0442 \u0432\u0430\u0436\u043d\u0443\u044e \u0440\u043e\u043b\u044c \u0432 \u0440\u0430\u0431\u043e\u0442\u0435 \u0410\u0417\u0421 \u0438 \u043f\u043e\u043c\u043e\u0433\u0430\u044e\u0442 \u0432\u043b\u0430\u0434\u0435\u043b\u044c\u0446\u0430\u043c \u0431\u0438\u0437\u043d\u0435\u0441\u0430 \u043e\u0431\u0435\u0441\u043f\u0435\u0447\u0438\u0442\u044c \u0431\u0435\u0437\u043e\u043f\u0430\u0441\u043d\u043e\u0441\u0442\u044c \u043f\u043e\u043b\u044c\u0437\u043e\u0432\u0430\u0442\u0435\u043b\u0435\u0439 \u0438 \u043e\u0431\u043e\u0440\u0443\u0434\u043e\u0432\u0430\u043d\u0438\u044f.<\/p>","protected":false},"excerpt":{"rendered":"<p>Tabanca K\u0131l\u0131f\u0131 11A akaryak\u0131t tabanca k\u0131l\u0131flar\u0131, genellikle akaryak\u0131t istasyonlar\u0131nda kullan\u0131lan 11A tipi tabancalar\u0131n korunmas\u0131 ve ta\u015f\u0131nmas\u0131 i\u00e7in tasarlanm\u0131\u015f \u00f6zel k\u0131l\u0131flard\u0131r. Bu k\u0131l\u0131flar, tabancalar\u0131 \u00e7evresel etkilere kar\u015f\u0131 korurken, kullan\u0131c\u0131lar\u0131n g\u00fcvenli bir \u015fekilde ta\u015f\u0131mas\u0131n\u0131 sa\u011flar. Ayr\u0131ca k\u0131l\u0131flar, tabancalar\u0131n uzun \u00f6m\u00fcrl\u00fc olmas\u0131n\u0131 sa\u011flamak i\u00e7in tasarlanm\u0131\u015f dayan\u0131kl\u0131 malzemelerden \u00fcretilir. Tabanca k\u0131l\u0131flar\u0131, kullan\u0131c\u0131lar\u0131n i\u015flem s\u0131ras\u0131nda tabancay\u0131 g\u00fcvenli bir \u015fekilde saklayabilece\u011fi [&#8230;]\n","protected":false},"featured_media":13148,"comment_status":"open","ping_status":"closed","template":"","meta":{"jetpack_post_was_ever_published":false},"product_brand":[],"product_cat":[2340,2343],"product_tag":[],"class_list":{"0":"post-13079","1":"product","2":"type-product","3":"status-publish","4":"has-post-thumbnail","6":"product_cat-akaryakit","7":"product_cat-akaryakit-tabacalari","9":"first","10":"instock","11":"taxable","12":"shipping-taxable","13":"product-type-simple"},"jetpack-related-posts":[],"jetpack_sharing_enabled":true,"jetpack_likes_enabled":true,"_links":{"self":[{"href":"https:\/\/tuzlahortum.com.tr\/ru\/wp-json\/wp\/v2\/product\/13079","targetHints":{"allow":["GET"]}}],"collection":[{"href":"https:\/\/tuzlahortum.com.tr\/ru\/wp-json\/wp\/v2\/product"}],"about":[{"href":"https:\/\/tuzlahortum.com.tr\/ru\/wp-json\/wp\/v2\/types\/product"}],"replies":[{"embeddable":true,"href":"https:\/\/tuzlahortum.com.tr\/ru\/wp-json\/wp\/v2\/comments?post=13079"}],"wp:featuredmedia":[{"embeddable":true,"href":"https:\/\/tuzlahortum.com.tr\/ru\/wp-json\/wp\/v2\/media\/13148"}],"wp:attachment":[{"href":"https:\/\/tuzlahortum.com.tr\/ru\/wp-json\/wp\/v2\/media?parent=13079"}],"wp:term":[{"taxonomy":"product_brand","embeddable":true,"href":"https:\/\/tuzlahortum.com.tr\/ru\/wp-json\/wp\/v2\/product_brand?post=13079"},{"taxonomy":"product_cat","embeddable":true,"href":"https:\/\/tuzlahortum.com.tr\/ru\/wp-json\/wp\/v2\/product_cat?post=13079"},{"taxonomy":"product_tag","embeddable":true,"href":"https:\/\/tuzlahortum.com.tr\/ru\/wp-json\/wp\/v2\/product_tag?post=13079"}],"curies":[{"name":"wp","href":"https:\/\/api.w.org\/{rel}","templated":true}]}}