{"id":13078,"date":"2024-03-16T19:31:59","date_gmt":"2024-03-16T16:31:59","guid":{"rendered":"https:\/\/tuzlahortum.com.tr\/?post_type=product&#038;p=13078"},"modified":"2025-08-20T12:09:47","modified_gmt":"2025-08-20T09:09:47","slug":"1-x-25-mm-akaryakit-hortum-rekoru","status":"publish","type":"product","link":"https:\/\/tuzlahortum.com.tr\/ru\/product\/1-x-25-mm-akaryakit-hortum-rekoru\/","title":{"rendered":"\u0424\u0438\u0442\u0438\u043d\u0433 \u0442\u043e\u043f\u043b\u0438\u0432\u043d\u043e\u0433\u043e \u0448\u043b\u0430\u043d\u0433\u0430 1 \u0434\u044e\u0439\u043c x 25 \u043c\u043c"},"content":{"rendered":"<h2>\u0424\u0438\u0442\u0438\u043d\u0433 \u0442\u043e\u043f\u043b\u0438\u0432\u043d\u043e\u0433\u043e \u0448\u043b\u0430\u043d\u0433\u0430 1 \u0434\u044e\u0439\u043c x 25 \u043c\u043c<\/h2>\n<p>\u0417\u0430\u043f\u0438\u0441\u044c \u0442\u043e\u043f\u043b\u0438\u0432\u043d\u043e\u0433\u043e \u0448\u043b\u0430\u043d\u0433\u0430<\/p>\n<ul>\n<li>\u0420\u0430\u0437\u043c\u0435\u0440 \u0441\u043e\u0435\u0434\u0438\u043d\u0435\u043d\u0438\u044f 1\u2033 BSP x 25 \u043c\u043c.<\/li>\n<li>\u041a\u043e\u043c\u043f\u043b\u0435\u043a\u0442 \u043c\u043d\u043e\u0433\u043e\u0440\u0430\u0437\u043e\u0432\u044b\u0445 \u0442\u043e\u043f\u043b\u0438\u0432\u043d\u044b\u0445 \u0448\u043b\u0430\u043d\u0433\u043e\u0432.<\/li>\n<li>\u0423\u043f\u043b\u043e\u0442\u043d\u0435\u043d\u0438\u0435 \u043e\u0431\u0435\u0441\u043f\u0435\u0447\u0438\u0432\u0430\u0435\u0442\u0441\u044f \u0443\u043f\u043b\u043e\u0442\u043d\u0438\u0442\u0435\u043b\u044c\u043d\u044b\u043c \u043a\u043e\u043b\u044c\u0446\u043e\u043c \u0438\u0437 NBR, \u0445\u0440\u043e\u043c\u0438\u0440\u043e\u0432\u0430\u043d\u043d\u044b\u043c.<\/li>\n<\/ul>\n<p>\u00ab\u041d\u0430\u0448\u0430 \u043f\u0440\u043e\u0434\u0443\u043a\u0446\u0438\u044f, \u0438\u0437\u0433\u043e\u0442\u043e\u0432\u043b\u0435\u043d\u043d\u0430\u044f \u0438\u0437 \u043a\u0430\u0447\u0435\u0441\u0442\u0432\u0435\u043d\u043d\u044b\u0445 \u0438 \u043f\u0440\u043e\u0447\u043d\u044b\u0445 \u043c\u0430\u0442\u0435\u0440\u0438\u0430\u043b\u043e\u0432, \u0440\u0430\u0441\u0441\u0447\u0438\u0442\u0430\u043d\u0430 \u043d\u0430 \u043d\u0430\u0434\u0435\u0436\u043d\u043e\u0441\u0442\u044c \u0438 \u0434\u043b\u0438\u0442\u0435\u043b\u044c\u043d\u044b\u0439 \u0441\u0440\u043e\u043a \u0441\u043b\u0443\u0436\u0431\u044b\u00bb.<\/p>","protected":false},"excerpt":{"rendered":"<p>Akaryak\u0131t Hortum Rekoru 1 Inch x 25 mm Akaryak\u0131t Hortum Rekoru 1&#8243; BSP x 25 mm \u00f6l\u00e7\u00fclerinde ba\u011flant\u0131. Yeniden kullan\u0131labilir akaryak\u0131t hortumu seti. NBR O-Halka ile sa\u011flanm\u0131\u015f s\u0131zd\u0131rmazl\u0131k \u00f6zelli\u011fi, krom kapl\u0131. Kaliteli ve dayan\u0131kl\u0131 malzemelerle \u00fcretilmi\u015f olan \u00fcr\u00fcnlerimiz, g\u00fcvenilirlik ve uzun \u00f6m\u00fcr i\u00e7in tasarlanm\u0131\u015ft\u0131r.&#8221;<\/p>","protected":false},"featured_media":13150,"comment_status":"open","ping_status":"closed","template":"","meta":{"jetpack_post_was_ever_published":false},"product_brand":[],"product_cat":[2340,2341],"product_tag":[],"class_list":{"0":"post-13078","1":"product","2":"type-product","3":"status-publish","4":"has-post-thumbnail","6":"product_cat-akaryakit","7":"product_cat-akaryakit-hortum-rekorlari","9":"first","10":"instock","11":"taxable","12":"shipping-taxable","13":"product-type-simple"},"jetpack-related-posts":[],"jetpack_sharing_enabled":true,"jetpack_likes_enabled":true,"_links":{"self":[{"href":"https:\/\/tuzlahortum.com.tr\/ru\/wp-json\/wp\/v2\/product\/13078","targetHints":{"allow":["GET"]}}],"collection":[{"href":"https:\/\/tuzlahortum.com.tr\/ru\/wp-json\/wp\/v2\/product"}],"about":[{"href":"https:\/\/tuzlahortum.com.tr\/ru\/wp-json\/wp\/v2\/types\/product"}],"replies":[{"embeddable":true,"href":"https:\/\/tuzlahortum.com.tr\/ru\/wp-json\/wp\/v2\/comments?post=13078"}],"wp:featuredmedia":[{"embeddable":true,"href":"https:\/\/tuzlahortum.com.tr\/ru\/wp-json\/wp\/v2\/media\/13150"}],"wp:attachment":[{"href":"https:\/\/tuzlahortum.com.tr\/ru\/wp-json\/wp\/v2\/media?parent=13078"}],"wp:term":[{"taxonomy":"product_brand","embeddable":true,"href":"https:\/\/tuzlahortum.com.tr\/ru\/wp-json\/wp\/v2\/product_brand?post=13078"},{"taxonomy":"product_cat","embeddable":true,"href":"https:\/\/tuzlahortum.com.tr\/ru\/wp-json\/wp\/v2\/product_cat?post=13078"},{"taxonomy":"product_tag","embeddable":true,"href":"https:\/\/tuzlahortum.com.tr\/ru\/wp-json\/wp\/v2\/product_tag?post=13078"}],"curies":[{"name":"wp","href":"https:\/\/api.w.org\/{rel}","templated":true}]}}