{"id":13075,"date":"2024-03-16T19:28:59","date_gmt":"2024-03-16T16:28:59","guid":{"rendered":"https:\/\/tuzlahortum.com.tr\/?post_type=product&#038;p=13075"},"modified":"2025-08-20T12:10:00","modified_gmt":"2025-08-20T09:10:00","slug":"3-4-zva-akaryakit-tabancasi","status":"publish","type":"product","link":"https:\/\/tuzlahortum.com.tr\/ru\/product\/3-4-zva-akaryakit-tabancasi\/","title":{"rendered":"\u0422\u043e\u043f\u043b\u0438\u0432\u043d\u044b\u0439 \u043f\u0438\u0441\u0442\u043e\u043b\u0435\u0442 \u0417\u0412\u0410 3\/4"},"content":{"rendered":"<h2>\u0422\u043e\u043f\u043b\u0438\u0432\u043d\u044b\u0439 \u043f\u0438\u0441\u0442\u043e\u043b\u0435\u0442 \u0417\u0412\u0410 3\/4<\/h2>\n<h2>\u0422\u043e\u043f\u043b\u0438\u0432\u043d\u044b\u0439 \u043f\u0438\u0441\u0442\u043e\u043b\u0435\u0442 3\/4 \u0417\u0412\u0410<\/h2>\n<p>\u0422\u043e\u043f\u043b\u0438\u0432\u043d\u044b\u0439 \u043f\u0438\u0441\u0442\u043e\u043b\u0435\u0442 ZVA \u2014 \u044d\u0442\u043e \u0432\u0430\u0436\u043d\u043e\u0435 \u043e\u0431\u043e\u0440\u0443\u0434\u043e\u0432\u0430\u043d\u0438\u0435, \u043a\u043e\u0442\u043e\u0440\u043e\u0435 \u043f\u043e\u0437\u0432\u043e\u043b\u044f\u0435\u0442 \u043f\u043e\u043b\u044c\u0437\u043e\u0432\u0430\u0442\u0435\u043b\u044f\u043c \u043b\u0435\u0433\u043a\u043e \u0438 \u0431\u0435\u0437\u043e\u043f\u0430\u0441\u043d\u043e \u0437\u0430\u043f\u0440\u0430\u0432\u043b\u044f\u0442\u044c \u0442\u043e\u043f\u043b\u0438\u0432\u043e.<\/p>\n<p>\u0412\u044b\u0434\u0435\u043b\u044f\u044e\u0442\u0441\u044f \u0441\u043b\u0435\u0434\u0443\u044e\u0449\u0438\u0435 \u043e\u0441\u043e\u0431\u0435\u043d\u043d\u043e\u0441\u0442\u0438:<\/p>\n<ol>\n<li><strong>\u0421\u0438\u0441\u0442\u0435\u043c\u0430 FlowLock<\/strong>: \u041f\u0438\u0441\u0442\u043e\u043b\u0435\u0442, \u043a\u043e\u0442\u043e\u0440\u044b\u0439 \u043c\u043e\u0436\u043d\u043e \u0438\u0441\u043f\u043e\u043b\u044c\u0437\u043e\u0432\u0430\u0442\u044c \u0441\u043e \u0441\u0442\u0430\u043d\u0434\u0430\u0440\u0442\u043d\u044b\u043c \u0431\u0435\u043d\u0437\u0438\u043d\u043e\u043c \u0438 \u0431\u0438\u043e\u0442\u043e\u043f\u043b\u0438\u0432\u043e\u043c \u0438 \u0438\u043c\u0435\u0435\u0442 \u0444\u0443\u043d\u043a\u0446\u0438\u044e \u0430\u0432\u0442\u043e\u043c\u0430\u0442\u0438\u0447\u0435\u0441\u043a\u043e\u0433\u043e \u043e\u0442\u043a\u043b\u044e\u0447\u0435\u043d\u0438\u044f \u043f\u043e\u0434\u0430\u0447\u0438 \u0442\u043e\u043f\u043b\u0438\u0432\u0430 \u0432 \u0441\u043b\u0443\u0447\u0430\u0435 \u043f\u0430\u0434\u0435\u043d\u0438\u044f \u0438\u0437 \u0431\u0430\u043a\u0430 \u0430\u0432\u0442\u043e\u043c\u043e\u0431\u0438\u043b\u044f \u0438\u043b\u0438 \u043f\u043e\u0434\u043d\u044f\u0442\u0438\u044f. \u042d\u0442\u043e \u043f\u043e\u0432\u044b\u0448\u0430\u0435\u0442 \u0431\u0435\u0437\u043e\u043f\u0430\u0441\u043d\u043e\u0441\u0442\u044c \u0442\u043e\u043f\u043b\u0438\u0432\u0430 \u0438 \u0441\u043d\u0438\u0436\u0430\u0435\u0442 \u044d\u043a\u043e\u043b\u043e\u0433\u0438\u0447\u0435\u0441\u043a\u0438\u0435 \u0440\u0438\u0441\u043a\u0438.<\/li>\n<li><strong>\u0427\u0443\u0432\u0441\u0442\u0432\u0438\u0442\u0435\u043b\u044c\u043d\u044b\u0439 \u043a \u0434\u0430\u0432\u043b\u0435\u043d\u0438\u044e \u043f\u0440\u0438\u043d\u0446\u0438\u043f \u0440\u0430\u0431\u043e\u0442\u044b<\/strong>: \u041f\u0440\u0438 \u0438\u0441\u043f\u043e\u043b\u044c\u0437\u043e\u0432\u0430\u043d\u0438\u0438 \u043d\u0430 \u0441\u0442\u0430\u043d\u0446\u0438\u044f\u0445 \u0441\u0430\u043c\u043e\u043e\u0431\u0441\u043b\u0443\u0436\u0438\u0432\u0430\u043d\u0438\u044f \u0438\u043b\u0438 \u0441\u0442\u0430\u043d\u0446\u0438\u044f\u0445 \u043f\u0440\u0435\u0434\u043e\u043f\u043b\u0430\u0442\u044b \u043f\u0438\u0441\u0442\u043e\u043b\u0435\u0442 \u0440\u0430\u0431\u043e\u0442\u0430\u0435\u0442 \u043f\u043e\u0434 \u0434\u0430\u0432\u043b\u0435\u043d\u0438\u0435\u043c \u0438 \u0430\u0432\u0442\u043e\u043c\u0430\u0442\u0438\u0447\u0435\u0441\u043a\u0438 \u0440\u0430\u0437\u0440\u044f\u0436\u0430\u0435\u0442\u0441\u044f \u043f\u043e\u0441\u043b\u0435 \u0442\u043e\u0433\u043e, \u043a\u0430\u043a \u043f\u043e\u043b\u044c\u0437\u043e\u0432\u0430\u0442\u0435\u043b\u044c \u0437\u0430\u0432\u0435\u0440\u0448\u0430\u0435\u0442 \u0442\u0440\u0430\u043d\u0437\u0430\u043a\u0446\u0438\u044e. \u042d\u0442\u043e \u0434\u0430\u0435\u0442 \u043f\u043e\u043b\u044c\u0437\u043e\u0432\u0430\u0442\u0435\u043b\u044f\u043c \u0431\u043e\u043b\u044c\u0448\u0435 \u043a\u043e\u043d\u0442\u0440\u043e\u043b\u044f \u0432\u043e \u0432\u0440\u0435\u043c\u044f \u043f\u0440\u043e\u0446\u0435\u0441\u0441\u0430.<\/li>\n<li><strong>\u0424\u0443\u043d\u043a\u0446\u0438\u044f \u0430\u0432\u0442\u043e\u043c\u0430\u0442\u0438\u0447\u0435\u0441\u043a\u043e\u0433\u043e \u0431\u0440\u043e\u0441\u043a\u0430<\/strong>: \u041f\u0438\u0441\u0442\u043e\u043b\u0435\u0442 \u0440\u0430\u0437\u0440\u044f\u0436\u0430\u0435\u0442\u0441\u044f \u0430\u0432\u0442\u043e\u043c\u0430\u0442\u0438\u0447\u0435\u0441\u043a\u0438 \u043f\u043e\u0441\u043b\u0435 \u0437\u0430\u0432\u0435\u0440\u0448\u0435\u043d\u0438\u044f \u043e\u043f\u0435\u0440\u0430\u0446\u0438\u0438, \u043f\u043e\u044d\u0442\u043e\u043c\u0443 \u043f\u043e\u043b\u044c\u0437\u043e\u0432\u0430\u0442\u0435\u043b\u044e \u043d\u0435 \u043d\u0443\u0436\u043d\u043e \u0432\u043c\u0435\u0448\u0438\u0432\u0430\u0442\u044c\u0441\u044f \u0434\u0430\u043b\u044c\u0448\u0435 \u043f\u043e\u0441\u043b\u0435 \u043e\u043f\u0435\u0440\u0430\u0446\u0438\u0438.<\/li>\n<li><strong>\u0412\u044b\u0441\u043e\u043a\u0438\u0439 \u0440\u0430\u0441\u0445\u043e\u0434<\/strong>: \u041e\u0431\u0435\u0441\u043f\u0435\u0447\u0438\u0432\u0430\u0435\u0442 \u0441\u043a\u043e\u0440\u043e\u0441\u0442\u044c \u043f\u043e\u0442\u043e\u043a\u0430 \u0434\u043e 80 \u043b\u0438\u0442\u0440\u043e\u0432 \u0432 \u043c\u0438\u043d\u0443\u0442\u0443, \u0447\u0442\u043e \u0443\u043a\u0430\u0437\u044b\u0432\u0430\u0435\u0442 \u043d\u0430 \u0435\u0433\u043e \u0441\u043f\u043e\u0441\u043e\u0431\u043d\u043e\u0441\u0442\u044c \u0431\u044b\u0441\u0442\u0440\u043e \u0437\u0430\u043f\u043e\u043b\u043d\u044f\u0442\u044c\u0441\u044f.<\/li>\n<li><strong>\u0423\u043c\u0435\u043d\u044c\u0448\u0435\u043d\u0438\u0435 \u043a\u0430\u043f\u0435\u043b\u044c<\/strong>: \u0421\u0432\u043e\u0434\u0438\u0442 \u043a \u043c\u0438\u043d\u0438\u043c\u0443\u043c\u0443 \u043a\u043e\u043b\u0438\u0447\u0435\u0441\u0442\u0432\u043e \u043a\u0430\u043f\u0435\u043b\u044c \u0438 \u0440\u0430\u0437\u043b\u0438\u0432\u043e\u0432 \u043f\u043e\u0441\u043b\u0435 \u043e\u0431\u0441\u043b\u0443\u0436\u0438\u0432\u0430\u043d\u0438\u044f \u0431\u043b\u0430\u0433\u043e\u0434\u0430\u0440\u044f \u0442\u043e\u043c\u0443, \u0447\u0442\u043e \u0442\u0430\u0440\u0435\u043b\u043a\u0430 \u043e\u0442\u043a\u0440\u044b\u0432\u0430\u0435\u0442\u0441\u044f \u043f\u0440\u043e\u0442\u0438\u0432 \u043d\u0430\u043f\u0440\u0430\u0432\u043b\u0435\u043d\u0438\u044f \u043f\u043e\u0442\u043e\u043a\u0430. \u042d\u0442\u043e \u043f\u043e\u0437\u0432\u043e\u043b\u044f\u0435\u0442 \u043f\u043e\u0434\u0434\u0435\u0440\u0436\u0438\u0432\u0430\u0442\u044c \u0441\u0442\u0430\u043d\u0446\u0438\u044e \u0432 \u0447\u0438\u0441\u0442\u043e\u0442\u0435 \u0438 \u043f\u043e\u0440\u044f\u0434\u043a\u0435.<\/li>\n<li><strong>\u0420\u0430\u0437\u043b\u0438\u0447\u043d\u044b\u0435 \u0432\u0430\u0440\u0438\u0430\u043d\u0442\u044b \u0446\u0432\u0435\u0442\u0430<\/strong>: \u041a\u0440\u044b\u0448\u043a\u0430 \u043a\u043e\u0440\u043f\u0443\u0441\u0430 \u0438\u0437 \u043f\u043e\u043b\u0438\u0430\u043c\u0438\u0434\u0430 \u043f\u0440\u0435\u0434\u043b\u0430\u0433\u0430\u0435\u0442\u0441\u044f \u0432 \u0440\u0430\u0437\u043b\u0438\u0447\u043d\u044b\u0445 \u0446\u0432\u0435\u0442\u0430\u0445, \u0447\u0442\u043e \u043f\u043e\u0437\u0432\u043e\u043b\u044f\u0435\u0442 \u0430\u0434\u0430\u043f\u0442\u0438\u0440\u043e\u0432\u0430\u0442\u044c \u0435\u0435 \u043a \u0434\u0438\u0437\u0430\u0439\u043d\u0443 \u0441\u0442\u0430\u043d\u0446\u0438\u0438.<\/li>\n<li><strong>\u041f\u0440\u043e\u0447\u043d\u044b\u0435 \u043c\u0430\u0442\u0435\u0440\u0438\u0430\u043b\u044b<\/strong>: \u0434\u043e\u043b\u0433\u043e\u0432\u0435\u0447\u043d\u044b\u0439 \u043f\u0440\u043e\u0434\u0443\u043a\u0442 \u0434\u043e\u0441\u0442\u0438\u0433\u0430\u0435\u0442\u0441\u044f \u0437\u0430 \u0441\u0447\u0435\u0442 \u0438\u0441\u043f\u043e\u043b\u044c\u0437\u043e\u0432\u0430\u043d\u0438\u044f \u043f\u0440\u043e\u0447\u043d\u044b\u0445 \u043c\u0430\u0442\u0435\u0440\u0438\u0430\u043b\u043e\u0432, \u0442\u0430\u043a\u0438\u0445 \u043a\u0430\u043a \u0430\u043b\u044e\u043c\u0438\u043d\u0438\u0435\u0432\u0430\u044f \u043f\u0438\u0441\u0442\u043e\u043b\u0435\u0442\u043d\u0430\u044f \u0442\u0440\u0443\u0431\u043a\u0430 \u0441 \u043d\u0430\u043a\u043e\u043d\u0435\u0447\u043d\u0438\u043a\u043e\u043c \u0438\u0437 \u043d\u0435\u0440\u0436\u0430\u0432\u0435\u044e\u0449\u0435\u0439 \u0441\u0442\u0430\u043b\u0438.<\/li>\n<\/ol>","protected":false},"excerpt":{"rendered":"<p>ZVA Akaryak\u0131t Tabancas\u0131 3\/4 3\/4 ZVA Akaryak\u0131t Tabancas\u0131 ZVA Akaryak\u0131t tabancas\u0131, kullan\u0131c\u0131lara kolay ve g\u00fcvenli bir \u015fekilde akaryak\u0131t dolumu yapmalar\u0131n\u0131 sa\u011flayan \u00f6nemli bir ekipmand\u0131r. A\u015fa\u011f\u0131daki \u00f6zellikler \u00f6ne \u00e7\u0131kmaktad\u0131r: FlowLock Sistemi: Standart benzin ve bio yak\u0131tlarda kullan\u0131labilen bir tabanca, ara\u00e7 deposundan d\u00fc\u015fme veya yukar\u0131 kald\u0131r\u0131lmas\u0131 durumunda otomatik yak\u0131t kesme \u00f6zelli\u011fine sahiptir. Bu, yak\u0131t\u0131n g\u00fcvenli\u011fini art\u0131r\u0131r ve [&#8230;]\n","protected":false},"featured_media":13160,"comment_status":"open","ping_status":"closed","template":"","meta":{"jetpack_post_was_ever_published":false},"product_brand":[],"product_cat":[2340,2343,2345],"product_tag":[],"class_list":{"0":"post-13075","1":"product","2":"type-product","3":"status-publish","4":"has-post-thumbnail","6":"product_cat-akaryakit","7":"product_cat-akaryakit-tabacalari","8":"product_cat-akaryakit-zva-urunler","10":"first","11":"instock","12":"taxable","13":"shipping-taxable","14":"product-type-simple"},"jetpack-related-posts":[],"jetpack_sharing_enabled":true,"jetpack_likes_enabled":true,"_links":{"self":[{"href":"https:\/\/tuzlahortum.com.tr\/ru\/wp-json\/wp\/v2\/product\/13075","targetHints":{"allow":["GET"]}}],"collection":[{"href":"https:\/\/tuzlahortum.com.tr\/ru\/wp-json\/wp\/v2\/product"}],"about":[{"href":"https:\/\/tuzlahortum.com.tr\/ru\/wp-json\/wp\/v2\/types\/product"}],"replies":[{"embeddable":true,"href":"https:\/\/tuzlahortum.com.tr\/ru\/wp-json\/wp\/v2\/comments?post=13075"}],"wp:featuredmedia":[{"embeddable":true,"href":"https:\/\/tuzlahortum.com.tr\/ru\/wp-json\/wp\/v2\/media\/13160"}],"wp:attachment":[{"href":"https:\/\/tuzlahortum.com.tr\/ru\/wp-json\/wp\/v2\/media?parent=13075"}],"wp:term":[{"taxonomy":"product_brand","embeddable":true,"href":"https:\/\/tuzlahortum.com.tr\/ru\/wp-json\/wp\/v2\/product_brand?post=13075"},{"taxonomy":"product_cat","embeddable":true,"href":"https:\/\/tuzlahortum.com.tr\/ru\/wp-json\/wp\/v2\/product_cat?post=13075"},{"taxonomy":"product_tag","embeddable":true,"href":"https:\/\/tuzlahortum.com.tr\/ru\/wp-json\/wp\/v2\/product_tag?post=13075"}],"curies":[{"name":"wp","href":"https:\/\/api.w.org\/{rel}","templated":true}]}}