{"id":13074,"date":"2024-03-16T19:27:56","date_gmt":"2024-03-16T16:27:56","guid":{"rendered":"https:\/\/tuzlahortum.com.tr\/?post_type=product&#038;p=13074"},"modified":"2025-08-20T12:10:02","modified_gmt":"2025-08-20T09:10:02","slug":"3-4-zva-2-ince-tabanca-ucu","status":"publish","type":"product","link":"https:\/\/tuzlahortum.com.tr\/ru\/product\/3-4-zva-2-ince-tabanca-ucu\/","title":{"rendered":"\u041d\u0430\u043a\u043e\u043d\u0435\u0447\u043d\u0438\u043a \u0434\u043b\u044f \u043f\u0438\u0441\u0442\u043e\u043b\u0435\u0442\u0430 ZVA 2 Fine Gun 3\/4"},"content":{"rendered":"<h2>\u041d\u0430\u043a\u043e\u043d\u0435\u0447\u043d\u0438\u043a \u0434\u043b\u044f \u043f\u0438\u0441\u0442\u043e\u043b\u0435\u0442\u0430 ZVA 2 Fine Gun 3\/4<\/h2>\n<p>\u0421\u0438\u0441\u0442\u0435\u043c\u0430 \u0430\u0432\u0442\u043e\u043c\u0430\u0442\u0438\u0447\u0435\u0441\u043a\u043e\u0433\u043e \u043e\u0442\u043a\u043b\u044e\u0447\u0435\u043d\u0438\u044f \u0442\u043e\u043f\u043b\u0438\u0432\u0430 \u043f\u0440\u0435\u0434\u0441\u0442\u0430\u0432\u043b\u044f\u0435\u0442 \u0441\u043e\u0431\u043e\u0439 \u043c\u0435\u0445\u0430\u043d\u0438\u0437\u043c, \u043a\u043e\u0442\u043e\u0440\u044b\u0439 \u0430\u0432\u0442\u043e\u043c\u0430\u0442\u0438\u0447\u0435\u0441\u043a\u0438 \u043e\u0441\u0442\u0430\u043d\u0430\u0432\u043b\u0438\u0432\u0430\u0435\u0442 \u043f\u043e\u0434\u0430\u0447\u0443 \u043f\u043e\u0441\u043b\u0435 \u0437\u0430\u0432\u0435\u0440\u0448\u0435\u043d\u0438\u044f \u043f\u0440\u043e\u0446\u0435\u0441\u0441\u0430. \u042d\u0442\u0430 \u0441\u0438\u0441\u0442\u0435\u043c\u0430 \u043f\u043e\u0432\u044b\u0448\u0430\u0435\u0442 \u0431\u0435\u0437\u043e\u043f\u0430\u0441\u043d\u043e\u0441\u0442\u044c \u0438 \u0441\u0432\u043e\u0434\u0438\u0442 \u043a \u043c\u0438\u043d\u0438\u043c\u0443\u043c\u0443 \u0443\u0442\u0435\u0447\u043a\u0438 \u0442\u043e\u043f\u043b\u0438\u0432\u0430, \u0430\u0432\u0442\u043e\u043c\u0430\u0442\u0438\u0447\u0435\u0441\u043a\u0438 \u043f\u0435\u0440\u0435\u043a\u0440\u044b\u0432\u0430\u044f \u043f\u043e\u0434\u0430\u0447\u0443 \u0442\u043e\u043f\u043b\u0438\u0432\u0430 \u043f\u043e\u0441\u043b\u0435 \u0437\u0430\u0432\u0435\u0440\u0448\u0435\u043d\u0438\u044f \u043e\u043f\u0435\u0440\u0430\u0446\u0438\u0438 \u043f\u043e\u043b\u044c\u0437\u043e\u0432\u0430\u0442\u0435\u043b\u0435\u043c.<\/p>\n<p>\u0411\u0443\u0434\u0443\u0447\u0438 \u043f\u0440\u0438\u0433\u043e\u0434\u043d\u044b\u043c \u0434\u043b\u044f \u0438\u0441\u043f\u043e\u043b\u044c\u0437\u043e\u0432\u0430\u043d\u0438\u044f \u0432 \u0434\u0438\u0437\u0435\u043b\u044c\u043d\u043e\u043c \u0438 \u044d\u0442\u0438\u043b\u0438\u0440\u043e\u0432\u0430\u043d\u043d\u043e\u043c \u0442\u043e\u043f\u043b\u0438\u0432\u0435, \u043e\u043d\u043e \u0430\u0434\u0430\u043f\u0442\u0438\u0440\u0443\u0435\u0442\u0441\u044f \u043a \u0448\u0438\u0440\u043e\u043a\u043e\u043c\u0443 \u0441\u043f\u0435\u043a\u0442\u0440\u0443 \u0432\u0438\u0434\u043e\u0432 \u0442\u043e\u043f\u043b\u0438\u0432\u0430. \u042d\u0442\u0430 \u0444\u0443\u043d\u043a\u0446\u0438\u044f \u043f\u043e\u0432\u044b\u0448\u0430\u0435\u0442 \u0434\u043e\u0441\u0442\u0443\u043f\u043d\u043e\u0441\u0442\u044c \u0441\u0442\u0430\u043d\u0446\u0438\u0438 \u0434\u043b\u044f \u0440\u0430\u0437\u043b\u0438\u0447\u043d\u044b\u0445 \u0432\u0438\u0434\u043e\u0432 \u0442\u043e\u043f\u043b\u0438\u0432\u0430 \u0438 \u0443\u0434\u043e\u0432\u043b\u0435\u0442\u0432\u043e\u0440\u044f\u0435\u0442 \u043f\u043e\u0442\u0440\u0435\u0431\u043d\u043e\u0441\u0442\u0438 \u043f\u043e\u043b\u044c\u0437\u043e\u0432\u0430\u0442\u0435\u043b\u0435\u0439.<\/p>\n<p>\u0412\u0430\u0440\u0438\u0430\u043d\u0442\u044b \u043f\u043e\u0434\u043a\u043b\u044e\u0447\u0435\u043d\u0438\u044f \u0432\u0438\u043d\u0442\u043e\u0432\u043e\u0433\u043e \u0438 \u0432\u0441\u0442\u0430\u0432\u043d\u043e\u0433\u043e \u0442\u0438\u043f\u0430 \u0430\u0434\u0430\u043f\u0442\u0438\u0440\u0443\u044e\u0442\u0441\u044f \u043a \u0440\u0430\u0437\u043b\u0438\u0447\u043d\u044b\u043c \u0442\u0440\u0435\u0431\u043e\u0432\u0430\u043d\u0438\u044f\u043c \u0443\u0441\u0442\u0430\u043d\u043e\u0432\u043a\u0438 \u0434\u043b\u044f \u043f\u043e\u0434\u043a\u043b\u044e\u0447\u0435\u043d\u0438\u044f \u0442\u043e\u043f\u043b\u0438\u0432\u043d\u043e\u0433\u043e \u0448\u043b\u0430\u043d\u0433\u0430 \u043a \u0441\u0442\u0430\u043d\u0446\u0438\u0438. \u042d\u0442\u043e \u043f\u043e\u0437\u0432\u043e\u043b\u044f\u0435\u0442 \u0441\u0442\u0430\u043d\u0446\u0438\u0438 \u043b\u0435\u0433\u043a\u043e \u0430\u0434\u0430\u043f\u0442\u0438\u0440\u043e\u0432\u0430\u0442\u044c\u0441\u044f \u043a \u0440\u0430\u0437\u043b\u0438\u0447\u043d\u044b\u043c \u0442\u0440\u0435\u0431\u043e\u0432\u0430\u043d\u0438\u044f\u043c \u043a\u043e\u043d\u0444\u0438\u0433\u0443\u0440\u0430\u0446\u0438\u0438 \u0438 \u0443\u0441\u0442\u0430\u043d\u043e\u0432\u043a\u0438.<\/p>","protected":false},"excerpt":{"rendered":"<p>ZVA 2 \u0130nce Tabanca Ucu 3\/4 Otomatik yak\u0131t kesme sistemi, kullan\u0131c\u0131lar\u0131n i\u015flemi tamamlad\u0131ktan sonra ak\u0131\u015f\u0131 otomatik olarak durduran bir mekanizmad\u0131r. Bu sistem, kullan\u0131c\u0131n\u0131n i\u015flemi tamamlad\u0131ktan sonra yak\u0131t ak\u0131\u015f\u0131n\u0131 otomatik olarak keserek g\u00fcvenli\u011fi art\u0131r\u0131r ve yak\u0131t s\u0131z\u0131nt\u0131lar\u0131n\u0131 minimize eder. Dizel ve kuru\u015funlu akaryak\u0131tta kullan\u0131ma uygun olmas\u0131, geni\u015f bir yak\u0131t yelpazesine uyum sa\u011flar. Bu \u00f6zellik, istasyonun farkl\u0131 [&#8230;]\n","protected":false},"featured_media":13168,"comment_status":"open","ping_status":"closed","template":"","meta":{"jetpack_post_was_ever_published":false},"product_brand":[],"product_cat":[2340,2343,2345],"product_tag":[],"class_list":{"0":"post-13074","1":"product","2":"type-product","3":"status-publish","4":"has-post-thumbnail","6":"product_cat-akaryakit","7":"product_cat-akaryakit-tabacalari","8":"product_cat-akaryakit-zva-urunler","10":"first","11":"instock","12":"taxable","13":"shipping-taxable","14":"product-type-simple"},"jetpack-related-posts":[],"jetpack_sharing_enabled":true,"jetpack_likes_enabled":true,"_links":{"self":[{"href":"https:\/\/tuzlahortum.com.tr\/ru\/wp-json\/wp\/v2\/product\/13074","targetHints":{"allow":["GET"]}}],"collection":[{"href":"https:\/\/tuzlahortum.com.tr\/ru\/wp-json\/wp\/v2\/product"}],"about":[{"href":"https:\/\/tuzlahortum.com.tr\/ru\/wp-json\/wp\/v2\/types\/product"}],"replies":[{"embeddable":true,"href":"https:\/\/tuzlahortum.com.tr\/ru\/wp-json\/wp\/v2\/comments?post=13074"}],"wp:featuredmedia":[{"embeddable":true,"href":"https:\/\/tuzlahortum.com.tr\/ru\/wp-json\/wp\/v2\/media\/13168"}],"wp:attachment":[{"href":"https:\/\/tuzlahortum.com.tr\/ru\/wp-json\/wp\/v2\/media?parent=13074"}],"wp:term":[{"taxonomy":"product_brand","embeddable":true,"href":"https:\/\/tuzlahortum.com.tr\/ru\/wp-json\/wp\/v2\/product_brand?post=13074"},{"taxonomy":"product_cat","embeddable":true,"href":"https:\/\/tuzlahortum.com.tr\/ru\/wp-json\/wp\/v2\/product_cat?post=13074"},{"taxonomy":"product_tag","embeddable":true,"href":"https:\/\/tuzlahortum.com.tr\/ru\/wp-json\/wp\/v2\/product_tag?post=13074"}],"curies":[{"name":"wp","href":"https:\/\/api.w.org\/{rel}","templated":true}]}}