{"id":13066,"date":"2024-03-16T19:22:06","date_gmt":"2024-03-16T16:22:06","guid":{"rendered":"https:\/\/tuzlahortum.com.tr\/?post_type=product&#038;p=13066"},"modified":"2024-03-29T17:36:42","modified_gmt":"2024-03-29T14:36:42","slug":"breakaway-1","status":"publish","type":"product","link":"https:\/\/tuzlahortum.com.tr\/ru\/product\/breakaway-1\/","title":{"rendered":"\u041e\u0442\u0440\u044b\u0432 1 \u0434\u044e\u0439\u043c"},"content":{"rendered":"<h2>\u041e\u0442\u0440\u044b\u0432 1 \u0434\u044e\u0439\u043c<\/h2>\n<p>\u0422\u043e\u043f\u043b\u0438\u0432\u043d\u044b\u0439 \u043f\u043e\u0440\u0442 \u0432 \u0430\u043b\u044e\u043c\u0438\u043d\u0438\u0435\u0432\u043e\u043c \u043a\u043e\u0440\u043f\u0443\u0441\u0435 1 \u2033 x 1 \u2033 F<\/p>\n<p>\u042d\u0442\u043e\u0442 \u0442\u043e\u043f\u043b\u0438\u0432\u043d\u044b\u0439 \u043f\u043e\u0440\u0442 \u043e\u0431\u0435\u0441\u043f\u0435\u0447\u0438\u0432\u0430\u0435\u0442 \u043c\u0430\u043a\u0441\u0438\u043c\u0430\u043b\u044c\u043d\u0443\u044e \u043f\u0440\u043e\u0438\u0437\u0432\u043e\u0434\u0438\u0442\u0435\u043b\u044c\u043d\u043e\u0441\u0442\u044c \u0441 \u0442\u043e\u0447\u043a\u0438 \u0437\u0440\u0435\u043d\u0438\u044f \u043d\u0430\u0434\u0435\u0436\u043d\u043e\u0441\u0442\u0438 \u0438 \u0434\u043e\u043b\u0433\u043e\u0432\u0435\u0447\u043d\u043e\u0441\u0442\u0438. \u0415\u0433\u043e \u0430\u043b\u044e\u043c\u0438\u043d\u0438\u0435\u0432\u044b\u0439 \u043a\u043e\u0440\u043f\u0443\u0441 \u043e\u0442\u043b\u0438\u0447\u0430\u0435\u0442\u0441\u044f \u043b\u0435\u0433\u043a\u043e\u0441\u0442\u044c\u044e \u0438 \u043f\u0440\u043e\u0447\u043d\u043e\u0441\u0442\u044c\u044e, \u0447\u0442\u043e \u043e\u0431\u0435\u0441\u043f\u0435\u0447\u0438\u0432\u0430\u0435\u0442 \u0434\u043b\u0438\u0442\u0435\u043b\u044c\u043d\u043e\u0435 \u0438\u0441\u043f\u043e\u043b\u044c\u0437\u043e\u0432\u0430\u043d\u0438\u0435.<\/p>\n<p>\u0414\u043b\u044f \u0433\u0435\u0440\u043c\u0435\u0442\u0438\u0437\u0430\u0446\u0438\u0438 \u0438\u0441\u043f\u043e\u043b\u044c\u0437\u0443\u0435\u0442\u0441\u044f \u043a\u043e\u043b\u044c\u0446\u043e Viton, \u043e\u0431\u0435\u0441\u043f\u0435\u0447\u0438\u0432\u0430\u044e\u0449\u0435\u0435 \u0431\u0435\u0437\u043e\u043f\u0430\u0441\u043d\u043e\u0435 \u0441\u043e\u0435\u0434\u0438\u043d\u0435\u043d\u0438\u0435. \u042d\u0442\u043e \u0441\u0432\u043e\u0434\u0438\u0442 \u043a \u043c\u0438\u043d\u0438\u043c\u0443\u043c\u0443 \u0440\u0438\u0441\u043a \u0443\u0442\u0435\u0447\u0435\u043a \u0442\u043e\u043f\u043b\u0438\u0432\u0430 \u0438 \u043f\u043e\u0432\u044b\u0448\u0430\u0435\u0442 \u0441\u0442\u0430\u043d\u0434\u0430\u0440\u0442\u044b \u0431\u0435\u0437\u043e\u043f\u0430\u0441\u043d\u043e\u0441\u0442\u0438.<\/p>\n<p>\u0420\u0430\u0437\u0440\u044b\u0432\u043d\u043e\u0435 \u0443\u0441\u0438\u043b\u0438\u0435 \u0432\u0430\u0440\u044c\u0438\u0440\u0443\u0435\u0442\u0441\u044f \u043e\u0442 80 \u0434\u043e 120 \u043a\u0433, \u0447\u0442\u043e \u043e\u0431\u0435\u0441\u043f\u0435\u0447\u0438\u0432\u0430\u0435\u0442 \u0432\u044b\u0441\u043e\u043a\u0443\u044e \u043f\u0440\u043e\u0447\u043d\u043e\u0441\u0442\u044c \u0438 \u043d\u0430\u0434\u0435\u0436\u043d\u043e\u0435 \u0441\u043e\u0435\u0434\u0438\u043d\u0435\u043d\u0438\u0435. \u041e\u043d \u0432\u044b\u0434\u0435\u0440\u0436\u0438\u0432\u0430\u0435\u0442 \u0438\u0441\u043f\u044b\u0442\u0430\u0442\u0435\u043b\u044c\u043d\u043e\u0435 \u0434\u0430\u0432\u043b\u0435\u043d\u0438\u0435 4 \u0431\u0430\u0440, \u043f\u043e\u044d\u0442\u043e\u043c\u0443 \u043f\u0440\u043e\u0432\u0435\u0440\u0435\u043d \u0438 \u043e\u0434\u043e\u0431\u0440\u0435\u043d \u043d\u0430 \u043d\u0430\u0434\u0435\u0436\u043d\u043e\u0441\u0442\u044c.<\/p>\n<p>\u0411\u043b\u0430\u0433\u043e\u0434\u0430\u0440\u044f \u0434\u0432\u0443\u0445\u0441\u0442\u043e\u0440\u043e\u043d\u043d\u0435\u043c\u0443 \u043a\u043b\u0430\u043f\u0430\u043d\u0443 \u0432 \u0441\u043b\u0443\u0447\u0430\u0435 \u0440\u0430\u0437\u0440\u044b\u0432\u0430 \u043f\u0440\u0435\u0434\u043e\u0442\u0432\u0440\u0430\u0449\u0430\u0435\u0442\u0441\u044f \u0443\u0442\u0435\u0447\u043a\u0430 \u0442\u043e\u043f\u043b\u0438\u0432\u0430 \u0432\u043e \u0432\u043d\u0435\u0448\u043d\u044e\u044e \u0441\u0440\u0435\u0434\u0443. \u042d\u0442\u043e \u043e\u0434\u043d\u043e\u0432\u0440\u0435\u043c\u0435\u043d\u043d\u043e \u0441\u043d\u0438\u0436\u0430\u0435\u0442 \u0432\u043e\u0437\u0434\u0435\u0439\u0441\u0442\u0432\u0438\u0435 \u043d\u0430 \u043e\u043a\u0440\u0443\u0436\u0430\u044e\u0449\u0443\u044e \u0441\u0440\u0435\u0434\u0443 \u0438 \u043f\u043e\u0432\u044b\u0448\u0430\u0435\u0442 \u0431\u0435\u0437\u043e\u043f\u0430\u0441\u043d\u043e\u0441\u0442\u044c.<\/p>\n<p>\u041a\u0440\u043e\u043c\u0435 \u0442\u043e\u0433\u043e, \u043e\u043d \u043e\u0441\u043d\u0430\u0449\u0435\u043d \u0437\u0430\u0449\u0438\u0442\u043d\u044b\u043c \u0447\u0435\u0445\u043b\u043e\u043c, \u043a\u043e\u0442\u043e\u0440\u044b\u0439 \u043e\u0431\u0435\u0441\u043f\u0435\u0447\u0438\u0432\u0430\u0435\u0442 \u0434\u043e\u043f\u043e\u043b\u043d\u0438\u0442\u0435\u043b\u044c\u043d\u044b\u0439 \u0443\u0440\u043e\u0432\u0435\u043d\u044c \u0431\u0435\u0437\u043e\u043f\u0430\u0441\u043d\u043e\u0441\u0442\u0438 \u0438 \u0434\u043e\u043f\u043e\u043b\u043d\u0438\u0442\u0435\u043b\u044c\u043d\u0443\u044e \u0437\u0430\u0449\u0438\u0442\u0443 \u0434\u043b\u044f \u0434\u043b\u0438\u0442\u0435\u043b\u044c\u043d\u043e\u0433\u043e \u0438\u0441\u043f\u043e\u043b\u044c\u0437\u043e\u0432\u0430\u043d\u0438\u044f.<\/p>","protected":false},"excerpt":{"rendered":"<p>Breakaway 1 Inch 1&#8243;F x 1&#8243;F Aluminyum G\u00f6vdeli Yak\u0131t Ba\u011flant\u0131 Noktas\u0131 Bu yak\u0131t ba\u011flant\u0131 noktas\u0131, g\u00fcvenilirlik ve dayan\u0131kl\u0131l\u0131k a\u00e7\u0131s\u0131ndan \u00fcst d\u00fczey performans sunar. Aluminyum g\u00f6vdesi, hafifli\u011fi ve dayan\u0131kl\u0131l\u0131\u011f\u0131 ile \u00f6ne \u00e7\u0131kar, b\u00f6ylece uzun \u00f6m\u00fcrl\u00fc bir kullan\u0131m sa\u011flar. S\u0131zd\u0131rmazl\u0131k i\u00e7in Viton Ring kullan\u0131l\u0131r, b\u00f6ylece g\u00fcvenli bir ba\u011flant\u0131 elde edilir. Bu, yak\u0131t s\u0131z\u0131nt\u0131s\u0131 riskini en aza indirir [&#8230;]\n","protected":false},"featured_media":13107,"comment_status":"open","ping_status":"closed","template":"","meta":{"jetpack_post_was_ever_published":true},"product_brand":[],"product_cat":[2340,2344],"product_tag":[],"class_list":{"0":"post-13066","1":"product","2":"type-product","3":"status-publish","4":"has-post-thumbnail","6":"product_cat-akaryakit","7":"product_cat-akaryakit-pull-off-breakeaway","9":"first","10":"instock","11":"taxable","12":"shipping-taxable","13":"product-type-simple"},"jetpack-related-posts":[],"jetpack_sharing_enabled":true,"jetpack_likes_enabled":true,"_links":{"self":[{"href":"https:\/\/tuzlahortum.com.tr\/ru\/wp-json\/wp\/v2\/product\/13066","targetHints":{"allow":["GET"]}}],"collection":[{"href":"https:\/\/tuzlahortum.com.tr\/ru\/wp-json\/wp\/v2\/product"}],"about":[{"href":"https:\/\/tuzlahortum.com.tr\/ru\/wp-json\/wp\/v2\/types\/product"}],"replies":[{"embeddable":true,"href":"https:\/\/tuzlahortum.com.tr\/ru\/wp-json\/wp\/v2\/comments?post=13066"}],"wp:featuredmedia":[{"embeddable":true,"href":"https:\/\/tuzlahortum.com.tr\/ru\/wp-json\/wp\/v2\/media\/13107"}],"wp:attachment":[{"href":"https:\/\/tuzlahortum.com.tr\/ru\/wp-json\/wp\/v2\/media?parent=13066"}],"wp:term":[{"taxonomy":"product_brand","embeddable":true,"href":"https:\/\/tuzlahortum.com.tr\/ru\/wp-json\/wp\/v2\/product_brand?post=13066"},{"taxonomy":"product_cat","embeddable":true,"href":"https:\/\/tuzlahortum.com.tr\/ru\/wp-json\/wp\/v2\/product_cat?post=13066"},{"taxonomy":"product_tag","embeddable":true,"href":"https:\/\/tuzlahortum.com.tr\/ru\/wp-json\/wp\/v2\/product_tag?post=13066"}],"curies":[{"name":"wp","href":"https:\/\/api.w.org\/{rel}","templated":true}]}}