{"id":13065,"date":"2024-03-16T19:21:35","date_gmt":"2024-03-16T16:21:35","guid":{"rendered":"https:\/\/tuzlahortum.com.tr\/?post_type=product&#038;p=13065"},"modified":"2024-03-29T17:36:53","modified_gmt":"2024-03-29T14:36:53","slug":"breakaway-3-4","status":"publish","type":"product","link":"https:\/\/tuzlahortum.com.tr\/ru\/product\/breakaway-3-4\/","title":{"rendered":"\u041e\u0442\u0440\u044b\u0432 3\/4"},"content":{"rendered":"<h2>\u041e\u0442\u0440\u044b\u0432 3\/4<\/h2>\n<p>3\/4\u2033Fx3\/4\u2033F \u0422\u043e\u043f\u043b\u0438\u0432\u043e\u043f\u0440\u043e\u0432\u043e\u0434 \u0432 \u0430\u043b\u044e\u043c\u0438\u043d\u0438\u0435\u0432\u043e\u043c \u043a\u043e\u0440\u043f\u0443\u0441\u0435<\/p>\n<p>\u042d\u0442\u043e\u0442 \u0442\u043e\u043f\u043b\u0438\u0432\u043d\u044b\u0439 \u043f\u043e\u0440\u0442 \u043e\u0431\u0435\u0441\u043f\u0435\u0447\u0438\u0432\u0430\u0435\u0442 \u043c\u0430\u043a\u0441\u0438\u043c\u0430\u043b\u044c\u043d\u0443\u044e \u043f\u0440\u043e\u0438\u0437\u0432\u043e\u0434\u0438\u0442\u0435\u043b\u044c\u043d\u043e\u0441\u0442\u044c \u0441 \u0442\u043e\u0447\u043a\u0438 \u0437\u0440\u0435\u043d\u0438\u044f \u043d\u0430\u0434\u0435\u0436\u043d\u043e\u0441\u0442\u0438 \u0438 \u0434\u043e\u043b\u0433\u043e\u0432\u0435\u0447\u043d\u043e\u0441\u0442\u0438. \u0415\u0433\u043e \u0430\u043b\u044e\u043c\u0438\u043d\u0438\u0435\u0432\u044b\u0439 \u043a\u043e\u0440\u043f\u0443\u0441 \u043e\u0442\u043b\u0438\u0447\u0430\u0435\u0442\u0441\u044f \u043b\u0435\u0433\u043a\u043e\u0441\u0442\u044c\u044e \u0438 \u043f\u0440\u043e\u0447\u043d\u043e\u0441\u0442\u044c\u044e, \u0447\u0442\u043e \u043e\u0431\u0435\u0441\u043f\u0435\u0447\u0438\u0432\u0430\u0435\u0442 \u0434\u043b\u0438\u0442\u0435\u043b\u044c\u043d\u043e\u0435 \u0438\u0441\u043f\u043e\u043b\u044c\u0437\u043e\u0432\u0430\u043d\u0438\u0435.<\/p>\n<p>\u0414\u043b\u044f \u0433\u0435\u0440\u043c\u0435\u0442\u0438\u0437\u0430\u0446\u0438\u0438 \u0438\u0441\u043f\u043e\u043b\u044c\u0437\u0443\u0435\u0442\u0441\u044f \u043a\u043e\u043b\u044c\u0446\u043e Viton, \u043e\u0431\u0435\u0441\u043f\u0435\u0447\u0438\u0432\u0430\u044e\u0449\u0435\u0435 \u0431\u0435\u0437\u043e\u043f\u0430\u0441\u043d\u043e\u0435 \u0441\u043e\u0435\u0434\u0438\u043d\u0435\u043d\u0438\u0435. \u042d\u0442\u043e \u0441\u0432\u043e\u0434\u0438\u0442 \u043a \u043c\u0438\u043d\u0438\u043c\u0443\u043c\u0443 \u0440\u0438\u0441\u043a \u0443\u0442\u0435\u0447\u0435\u043a \u0442\u043e\u043f\u043b\u0438\u0432\u0430 \u0438 \u043f\u043e\u0432\u044b\u0448\u0430\u0435\u0442 \u0441\u0442\u0430\u043d\u0434\u0430\u0440\u0442\u044b \u0431\u0435\u0437\u043e\u043f\u0430\u0441\u043d\u043e\u0441\u0442\u0438.<\/p>\n<p>\u0420\u0430\u0437\u0440\u044b\u0432\u043d\u043e\u0435 \u0443\u0441\u0438\u043b\u0438\u0435 \u0432\u0430\u0440\u044c\u0438\u0440\u0443\u0435\u0442\u0441\u044f \u043e\u0442 80 \u0434\u043e 120 \u043a\u0433, \u0447\u0442\u043e \u043e\u0431\u0435\u0441\u043f\u0435\u0447\u0438\u0432\u0430\u0435\u0442 \u0432\u044b\u0441\u043e\u043a\u0443\u044e \u043f\u0440\u043e\u0447\u043d\u043e\u0441\u0442\u044c \u0438 \u043d\u0430\u0434\u0435\u0436\u043d\u043e\u0435 \u0441\u043e\u0435\u0434\u0438\u043d\u0435\u043d\u0438\u0435. \u041e\u043d \u0432\u044b\u0434\u0435\u0440\u0436\u0438\u0432\u0430\u0435\u0442 \u0438\u0441\u043f\u044b\u0442\u0430\u0442\u0435\u043b\u044c\u043d\u043e\u0435 \u0434\u0430\u0432\u043b\u0435\u043d\u0438\u0435 4 \u0431\u0430\u0440, \u043f\u043e\u044d\u0442\u043e\u043c\u0443 \u043f\u0440\u043e\u0432\u0435\u0440\u0435\u043d \u0438 \u043e\u0434\u043e\u0431\u0440\u0435\u043d \u043d\u0430 \u043d\u0430\u0434\u0435\u0436\u043d\u043e\u0441\u0442\u044c.<\/p>\n<p>\u0411\u043b\u0430\u0433\u043e\u0434\u0430\u0440\u044f \u0434\u0432\u0443\u0445\u0441\u0442\u043e\u0440\u043e\u043d\u043d\u0435\u043c\u0443 \u043a\u043b\u0430\u043f\u0430\u043d\u0443 \u0432 \u0441\u043b\u0443\u0447\u0430\u0435 \u0440\u0430\u0437\u0440\u044b\u0432\u0430 \u043f\u0440\u0435\u0434\u043e\u0442\u0432\u0440\u0430\u0449\u0430\u0435\u0442\u0441\u044f \u0443\u0442\u0435\u0447\u043a\u0430 \u0442\u043e\u043f\u043b\u0438\u0432\u0430 \u0432\u043e \u0432\u043d\u0435\u0448\u043d\u044e\u044e \u0441\u0440\u0435\u0434\u0443. \u042d\u0442\u043e \u043e\u0434\u043d\u043e\u0432\u0440\u0435\u043c\u0435\u043d\u043d\u043e \u0441\u043d\u0438\u0436\u0430\u0435\u0442 \u0432\u043e\u0437\u0434\u0435\u0439\u0441\u0442\u0432\u0438\u0435 \u043d\u0430 \u043e\u043a\u0440\u0443\u0436\u0430\u044e\u0449\u0443\u044e \u0441\u0440\u0435\u0434\u0443 \u0438 \u043f\u043e\u0432\u044b\u0448\u0430\u0435\u0442 \u0431\u0435\u0437\u043e\u043f\u0430\u0441\u043d\u043e\u0441\u0442\u044c.<\/p>\n<p>\u041a\u0440\u043e\u043c\u0435 \u0442\u043e\u0433\u043e, \u043e\u043d \u043e\u0441\u043d\u0430\u0449\u0435\u043d \u0437\u0430\u0449\u0438\u0442\u043d\u044b\u043c \u0447\u0435\u0445\u043b\u043e\u043c, \u043a\u043e\u0442\u043e\u0440\u044b\u0439 \u043e\u0431\u0435\u0441\u043f\u0435\u0447\u0438\u0432\u0430\u0435\u0442 \u0434\u043e\u043f\u043e\u043b\u043d\u0438\u0442\u0435\u043b\u044c\u043d\u044b\u0439 \u0443\u0440\u043e\u0432\u0435\u043d\u044c \u0431\u0435\u0437\u043e\u043f\u0430\u0441\u043d\u043e\u0441\u0442\u0438 \u0438 \u0434\u043e\u043f\u043e\u043b\u043d\u0438\u0442\u0435\u043b\u044c\u043d\u0443\u044e \u0437\u0430\u0449\u0438\u0442\u0443 \u0434\u043b\u044f \u0434\u043b\u0438\u0442\u0435\u043b\u044c\u043d\u043e\u0433\u043e \u0438\u0441\u043f\u043e\u043b\u044c\u0437\u043e\u0432\u0430\u043d\u0438\u044f.<\/p>","protected":false},"excerpt":{"rendered":"<p>\u0422\u043e\u043f\u043b\u0438\u0432\u043d\u044b\u0439 \u043f\u043e\u0440\u0442 \u0430\u043b\u044e\u043c\u0438\u043d\u0438\u0435\u0432\u043e\u0433\u043e \u043a\u043e\u0440\u043f\u0443\u0441\u0430 3\/4 x 3\/4 \u0434\u044e\u0439\u043c\u0430<\/p>\n<p>\u042d\u0442\u043e\u0442 \u0442\u043e\u043f\u043b\u0438\u0432\u043d\u044b\u0439 \u043f\u043e\u0440\u0442 \u043e\u0431\u0435\u0441\u043f\u0435\u0447\u0438\u0432\u0430\u0435\u0442 \u043c\u0430\u043a\u0441\u0438\u043c\u0430\u043b\u044c\u043d\u0443\u044e \u043f\u0440\u043e\u0438\u0437\u0432\u043e\u0434\u0438\u0442\u0435\u043b\u044c\u043d\u043e\u0441\u0442\u044c \u0441 \u0442\u043e\u0447\u043a\u0438 \u0437\u0440\u0435\u043d\u0438\u044f \u043d\u0430\u0434\u0435\u0436\u043d\u043e\u0441\u0442\u0438 \u0438 \u0434\u043e\u043b\u0433\u043e\u0432\u0435\u0447\u043d\u043e\u0441\u0442\u0438. \u0415\u0433\u043e \u0430\u043b\u044e\u043c\u0438\u043d\u0438\u0435\u0432\u044b\u0439 \u043a\u043e\u0440\u043f\u0443\u0441 \u043e\u0442\u043b\u0438\u0447\u0430\u0435\u0442\u0441\u044f \u043b\u0435\u0433\u043a\u043e\u0441\u0442\u044c\u044e \u0438 \u043f\u0440\u043e\u0447\u043d\u043e\u0441\u0442\u044c\u044e, \u0447\u0442\u043e \u043e\u0431\u0435\u0441\u043f\u0435\u0447\u0438\u0432\u0430\u0435\u0442 \u0434\u043b\u0438\u0442\u0435\u043b\u044c\u043d\u043e\u0435 \u0438\u0441\u043f\u043e\u043b\u044c\u0437\u043e\u0432\u0430\u043d\u0438\u0435.<\/p>\n<p>\u0414\u043b\u044f \u0433\u0435\u0440\u043c\u0435\u0442\u0438\u0437\u0430\u0446\u0438\u0438 \u0438\u0441\u043f\u043e\u043b\u044c\u0437\u0443\u0435\u0442\u0441\u044f \u043a\u043e\u043b\u044c\u0446\u043e Viton, \u043e\u0431\u0435\u0441\u043f\u0435\u0447\u0438\u0432\u0430\u044e\u0449\u0435\u0435 \u0431\u0435\u0437\u043e\u043f\u0430\u0441\u043d\u043e\u0435 \u0441\u043e\u0435\u0434\u0438\u043d\u0435\u043d\u0438\u0435. \u042d\u0442\u043e \u0441\u0432\u043e\u0434\u0438\u0442 \u043a \u043c\u0438\u043d\u0438\u043c\u0443\u043c\u0443 \u0440\u0438\u0441\u043a \u0443\u0442\u0435\u0447\u0435\u043a \u0442\u043e\u043f\u043b\u0438\u0432\u0430 \u0438 \u043f\u043e\u0432\u044b\u0448\u0430\u0435\u0442 \u0441\u0442\u0430\u043d\u0434\u0430\u0440\u0442\u044b \u0431\u0435\u0437\u043e\u043f\u0430\u0441\u043d\u043e\u0441\u0442\u0438.<\/p>\n<p>\u0420\u0430\u0437\u0440\u0443\u0448\u0430\u044e\u0449\u0430\u044f \u0441\u043f\u043e\u0441\u043e\u0431\u043d\u043e\u0441\u0442\u044c \u0432\u0430\u0440\u044c\u0438\u0440\u0443\u0435\u0442\u0441\u044f \u043e\u0442 80 \u0434\u043e 120 \u043a\u0433. \u041e\u043d \u0432\u044b\u0434\u0435\u0440\u0436\u0438\u0432\u0430\u0435\u0442 \u0438\u0441\u043f\u044b\u0442\u0430\u0442\u0435\u043b\u044c\u043d\u043e\u0435 \u0434\u0430\u0432\u043b\u0435\u043d\u0438\u0435 4 \u0431\u0430\u0440, \u043f\u043e\u044d\u0442\u043e\u043c\u0443 \u043f\u0440\u043e\u0432\u0435\u0440\u0435\u043d \u0438 \u043e\u0434\u043e\u0431\u0440\u0435\u043d \u043d\u0430 \u043d\u0430\u0434\u0435\u0436\u043d\u043e\u0441\u0442\u044c.<\/p>\n<p>\u0411\u043b\u0430\u0433\u043e\u0434\u0430\u0440\u044f \u0434\u0432\u0443\u0445\u0441\u0442\u043e\u0440\u043e\u043d\u043d\u0435\u043c\u0443 \u043a\u043b\u0430\u043f\u0430\u043d\u0443 \u0432 \u0441\u043b\u0443\u0447\u0430\u0435 \u0440\u0430\u0437\u0440\u044b\u0432\u0430 \u043f\u0440\u0435\u0434\u043e\u0442\u0432\u0440\u0430\u0449\u0430\u0435\u0442\u0441\u044f \u0443\u0442\u0435\u0447\u043a\u0430 \u0442\u043e\u043f\u043b\u0438\u0432\u0430 \u0432\u043e \u0432\u043d\u0435\u0448\u043d\u044e\u044e \u0441\u0440\u0435\u0434\u0443. \u042d\u0442\u043e \u043e\u0434\u043d\u043e\u0432\u0440\u0435\u043c\u0435\u043d\u043d\u043e \u0441\u043d\u0438\u0436\u0430\u0435\u0442 \u0432\u043e\u0437\u0434\u0435\u0439\u0441\u0442\u0432\u0438\u0435 \u043d\u0430 \u043e\u043a\u0440\u0443\u0436\u0430\u044e\u0449\u0443\u044e \u0441\u0440\u0435\u0434\u0443 \u0438 \u043f\u043e\u0432\u044b\u0448\u0430\u0435\u0442 \u0431\u0435\u0437\u043e\u043f\u0430\u0441\u043d\u043e\u0441\u0442\u044c.<\/p>\n<p>\u041a\u0440\u043e\u043c\u0435 \u0442\u043e\u0433\u043e, \u043e\u043d \u043e\u0441\u043d\u0430\u0449\u0435\u043d \u0437\u0430\u0449\u0438\u0442\u043d\u044b\u043c \u0447\u0435\u0445\u043b\u043e\u043c, \u043a\u043e\u0442\u043e\u0440\u044b\u0439 \u043e\u0431\u0435\u0441\u043f\u0435\u0447\u0438\u0432\u0430\u0435\u0442 \u0434\u043e\u043f\u043e\u043b\u043d\u0438\u0442\u0435\u043b\u044c\u043d\u044b\u0439 \u0443\u0440\u043e\u0432\u0435\u043d\u044c \u0431\u0435\u0437\u043e\u043f\u0430\u0441\u043d\u043e\u0441\u0442\u0438 \u0438 \u0434\u043e\u043f\u043e\u043b\u043d\u0438\u0442\u0435\u043b\u044c\u043d\u0443\u044e \u0437\u0430\u0449\u0438\u0442\u0443 \u0434\u043b\u044f \u0434\u043b\u0438\u0442\u0435\u043b\u044c\u043d\u043e\u0433\u043e \u0438\u0441\u043f\u043e\u043b\u044c\u0437\u043e\u0432\u0430\u043d\u0438\u044f.<\/p>","protected":false},"featured_media":13103,"comment_status":"open","ping_status":"closed","template":"","meta":[],"product_brand":[],"product_cat":[2340,2344],"product_tag":[],"class_list":{"0":"post-13065","1":"product","2":"type-product","3":"status-publish","4":"has-post-thumbnail","6":"product_cat-akaryakit","7":"product_cat-akaryakit-pull-off-breakeaway","9":"first","10":"instock","11":"taxable","12":"shipping-taxable","13":"product-type-simple"},"jetpack-related-posts":[{"id":13066,"url":"https:\/\/tuzlahortum.com.tr\/ru\/product\/breakaway-1\/","url_meta":{"origin":13065,"position":0},"title":"\u041e\u0442\u0440\u044b\u0432 1 \u0434\u044e\u0439\u043c","author":"admin","date":"16 \u043c\u0430\u0440\u0442\u0430 2024","format":false,"excerpt":"Breakaway 1 Inch 1\"F x 1\"F Aluminyum G\u00f6vdeli Yak\u0131t Ba\u011flant\u0131 Noktas\u0131 Bu yak\u0131t ba\u011flant\u0131 noktas\u0131, g\u00fcvenilirlik ve dayan\u0131kl\u0131l\u0131k a\u00e7\u0131s\u0131ndan \u00fcst d\u00fczey performans sunar. Aluminyum g\u00f6vdesi, hafifli\u011fi ve dayan\u0131kl\u0131l\u0131\u011f\u0131 ile \u00f6ne \u00e7\u0131kar, b\u00f6ylece uzun \u00f6m\u00fcrl\u00fc bir kullan\u0131m sa\u011flar. S\u0131zd\u0131rmazl\u0131k i\u00e7in Viton Ring kullan\u0131l\u0131r, b\u00f6ylece g\u00fcvenli bir ba\u011flant\u0131 elde edilir. Bu, yak\u0131t\u2026","rel":"","context":"\u041f\u043e\u0445\u043e\u0436\u0430\u044f \u0437\u0430\u043f\u0438\u0441\u044c","block_context":{"text":"\u041f\u043e\u0445\u043e\u0436\u0430\u044f \u0437\u0430\u043f\u0438\u0441\u044c","link":""},"img":{"alt_text":"","src":"https:\/\/i0.wp.com\/tuzlahortum.com.tr\/wp-content\/uploads\/2024\/03\/Breakaway_1inch_2.jpg?fit=1200%2C1200&ssl=1&resize=350%2C200","width":350,"height":200,"srcset":"https:\/\/i0.wp.com\/tuzlahortum.com.tr\/wp-content\/uploads\/2024\/03\/Breakaway_1inch_2.jpg?fit=1200%2C1200&ssl=1&resize=350%2C200 1x, https:\/\/i0.wp.com\/tuzlahortum.com.tr\/wp-content\/uploads\/2024\/03\/Breakaway_1inch_2.jpg?fit=1200%2C1200&ssl=1&resize=525%2C300 1.5x, https:\/\/i0.wp.com\/tuzlahortum.com.tr\/wp-content\/uploads\/2024\/03\/Breakaway_1inch_2.jpg?fit=1200%2C1200&ssl=1&resize=700%2C400 2x, https:\/\/i0.wp.com\/tuzlahortum.com.tr\/wp-content\/uploads\/2024\/03\/Breakaway_1inch_2.jpg?fit=1200%2C1200&ssl=1&resize=1050%2C600 3x"},"classes":[]},{"id":13068,"url":"https:\/\/tuzlahortum.com.tr\/ru\/product\/z-mafsal-3-4\/","url_meta":{"origin":13065,"position":1},"title":"Z-\u0441\u043e\u0435\u0434\u0438\u043d\u0435\u043d\u0438\u0435 3\/4","author":"admin","date":"16 \u043c\u0430\u0440\u0442\u0430 2024","format":false,"excerpt":"Z Mafsal 3\/4 Al\u00fcminyum d\u00f6k\u00fcm g\u00f6vdeli dirsek ve pirin\u00e7 nipel kombinasyonu, dayan\u0131kl\u0131l\u0131\u011f\u0131 ve i\u015flevselli\u011fiyle \u00f6ne \u00e7\u0131kar. Bu malzemeler, uzun \u00f6m\u00fcrl\u00fc ve g\u00fcvenilir bir performans sa\u011flar. M\u00fckemmel s\u0131zd\u0131rmazl\u0131k i\u00e7in \u00e7ift O-Ring kullan\u0131l\u0131r. Bu, g\u00fcvenli ve sa\u011flam bir ba\u011flant\u0131 sa\u011flar, b\u00f6ylece s\u0131z\u0131nt\u0131 riskini en aza indirir. Her t\u00fcrl\u00fc akaryak\u0131ta dayan\u0131kl\u0131 teflon yataklama,\u2026","rel":"","context":"\u041f\u043e\u0445\u043e\u0436\u0430\u044f \u0437\u0430\u043f\u0438\u0441\u044c","block_context":{"text":"\u041f\u043e\u0445\u043e\u0436\u0430\u044f \u0437\u0430\u043f\u0438\u0441\u044c","link":""},"img":{"alt_text":"","src":"https:\/\/i0.wp.com\/tuzlahortum.com.tr\/wp-content\/uploads\/2024\/03\/Z_Mafsal_3-4inch_3.jpg?fit=1200%2C1200&ssl=1&resize=350%2C200","width":350,"height":200,"srcset":"https:\/\/i0.wp.com\/tuzlahortum.com.tr\/wp-content\/uploads\/2024\/03\/Z_Mafsal_3-4inch_3.jpg?fit=1200%2C1200&ssl=1&resize=350%2C200 1x, https:\/\/i0.wp.com\/tuzlahortum.com.tr\/wp-content\/uploads\/2024\/03\/Z_Mafsal_3-4inch_3.jpg?fit=1200%2C1200&ssl=1&resize=525%2C300 1.5x, https:\/\/i0.wp.com\/tuzlahortum.com.tr\/wp-content\/uploads\/2024\/03\/Z_Mafsal_3-4inch_3.jpg?fit=1200%2C1200&ssl=1&resize=700%2C400 2x, https:\/\/i0.wp.com\/tuzlahortum.com.tr\/wp-content\/uploads\/2024\/03\/Z_Mafsal_3-4inch_3.jpg?fit=1200%2C1200&ssl=1&resize=1050%2C600 3x"},"classes":[]},{"id":13067,"url":"https:\/\/tuzlahortum.com.tr\/ru\/product\/z-mafsal-1\/","url_meta":{"origin":13065,"position":2},"title":"Z-\u0441\u043e\u0435\u0434\u0438\u043d\u0435\u043d\u0438\u0435 1","author":"admin","date":"16 \u043c\u0430\u0440\u0442\u0430 2024","format":false,"excerpt":"Z Mafsal 1 Al\u00fcminyum d\u00f6k\u00fcm g\u00f6vdeli dirsek ve pirin\u00e7 nipel kombinasyonu, dayan\u0131kl\u0131l\u0131\u011f\u0131 ve i\u015flevselli\u011fiyle \u00f6ne \u00e7\u0131kar. Bu malzemeler, uzun \u00f6m\u00fcrl\u00fc ve g\u00fcvenilir bir performans sa\u011flar. M\u00fckemmel s\u0131zd\u0131rmazl\u0131k i\u00e7in \u00e7ift O-Ring kullan\u0131l\u0131r. Bu, g\u00fcvenli ve sa\u011flam bir ba\u011flant\u0131 sa\u011flar, b\u00f6ylece s\u0131z\u0131nt\u0131 riskini en aza indirir. Her t\u00fcrl\u00fc akaryak\u0131ta dayan\u0131kl\u0131 teflon yataklama,\u2026","rel":"","context":"\u041f\u043e\u0445\u043e\u0436\u0430\u044f \u0437\u0430\u043f\u0438\u0441\u044c","block_context":{"text":"\u041f\u043e\u0445\u043e\u0436\u0430\u044f \u0437\u0430\u043f\u0438\u0441\u044c","link":""},"img":{"alt_text":"","src":"https:\/\/i0.wp.com\/tuzlahortum.com.tr\/wp-content\/uploads\/2024\/03\/Z_Mafsal_1inch_3.jpg?fit=1200%2C1200&ssl=1&resize=350%2C200","width":350,"height":200,"srcset":"https:\/\/i0.wp.com\/tuzlahortum.com.tr\/wp-content\/uploads\/2024\/03\/Z_Mafsal_1inch_3.jpg?fit=1200%2C1200&ssl=1&resize=350%2C200 1x, https:\/\/i0.wp.com\/tuzlahortum.com.tr\/wp-content\/uploads\/2024\/03\/Z_Mafsal_1inch_3.jpg?fit=1200%2C1200&ssl=1&resize=525%2C300 1.5x, https:\/\/i0.wp.com\/tuzlahortum.com.tr\/wp-content\/uploads\/2024\/03\/Z_Mafsal_1inch_3.jpg?fit=1200%2C1200&ssl=1&resize=700%2C400 2x, https:\/\/i0.wp.com\/tuzlahortum.com.tr\/wp-content\/uploads\/2024\/03\/Z_Mafsal_1inch_3.jpg?fit=1200%2C1200&ssl=1&resize=1050%2C600 3x"},"classes":[]},{"id":13087,"url":"https:\/\/tuzlahortum.com.tr\/ru\/product\/zva-breakaway-3-4-erkek\/","url_meta":{"origin":13065,"position":3},"title":"\u0417\u0412\u0410 \u041e\u0442\u0440\u044b\u0432 3\/4 \u041c\u0443\u0436\u0447\u0438\u043d\u044b","author":"admin","date":"16 \u043c\u0430\u0440\u0442\u0430 2024","format":false,"excerpt":"ZVA Breakaway 3\/4 Erkek Al\u00fcminyum d\u00f6k\u00fcm g\u00f6vde ve dirsekler, istasyonun dayan\u0131kl\u0131l\u0131\u011f\u0131n\u0131 ve uzun \u00f6m\u00fcrl\u00fcl\u00fc\u011f\u00fcn\u00fc art\u0131r\u0131r. M\u00fckemmel s\u0131zd\u0131rmazl\u0131k i\u00e7in \u00e7ift O-ring kullan\u0131m\u0131, istasyonun akaryak\u0131t ka\u00e7aklar\u0131n\u0131 \u00f6nler ve g\u00fcvenli\u011fi sa\u011flar. Teflon yataklama, her t\u00fcrl\u00fc akaryak\u0131ta dayan\u0131kl\u0131d\u0131r ve s\u00fcrekli kullan\u0131m i\u00e7in uzun \u00f6m\u00fcrl\u00fcd\u00fcr. Ak\u0131ll\u0131 ve pratik \u00e7\u00f6z\u00fcmler sayesinde k\u0131sa hortum ihtiyac\u0131n\u0131 giderir, b\u00f6ylece\u2026","rel":"","context":"\u041f\u043e\u0445\u043e\u0436\u0430\u044f \u0437\u0430\u043f\u0438\u0441\u044c","block_context":{"text":"\u041f\u043e\u0445\u043e\u0436\u0430\u044f \u0437\u0430\u043f\u0438\u0441\u044c","link":""},"img":{"alt_text":"","src":"https:\/\/i0.wp.com\/tuzlahortum.com.tr\/wp-content\/uploads\/2024\/03\/ZVA_Breakaway_Erkek_3-4inch_1.jpg?fit=1200%2C1200&ssl=1&resize=350%2C200","width":350,"height":200,"srcset":"https:\/\/i0.wp.com\/tuzlahortum.com.tr\/wp-content\/uploads\/2024\/03\/ZVA_Breakaway_Erkek_3-4inch_1.jpg?fit=1200%2C1200&ssl=1&resize=350%2C200 1x, https:\/\/i0.wp.com\/tuzlahortum.com.tr\/wp-content\/uploads\/2024\/03\/ZVA_Breakaway_Erkek_3-4inch_1.jpg?fit=1200%2C1200&ssl=1&resize=525%2C300 1.5x, https:\/\/i0.wp.com\/tuzlahortum.com.tr\/wp-content\/uploads\/2024\/03\/ZVA_Breakaway_Erkek_3-4inch_1.jpg?fit=1200%2C1200&ssl=1&resize=700%2C400 2x, https:\/\/i0.wp.com\/tuzlahortum.com.tr\/wp-content\/uploads\/2024\/03\/ZVA_Breakaway_Erkek_3-4inch_1.jpg?fit=1200%2C1200&ssl=1&resize=1050%2C600 3x"},"classes":[]},{"id":13088,"url":"https:\/\/tuzlahortum.com.tr\/ru\/product\/zva-breakaway-3-4-disi\/","url_meta":{"origin":13065,"position":4},"title":"ZVA Breakaway 3\/4 \u0416\u0435\u043d\u0441\u043a\u0438\u0439","author":"admin","date":"16 \u043c\u0430\u0440\u0442\u0430 2024","format":false,"excerpt":"ZVA Breakaway 3\/4 Di\u015fi Al\u00fcminyum d\u00f6k\u00fcm g\u00f6vde ve dirsekler, istasyonun dayan\u0131kl\u0131l\u0131\u011f\u0131n\u0131 ve uzun \u00f6m\u00fcrl\u00fcl\u00fc\u011f\u00fcn\u00fc art\u0131r\u0131r. M\u00fckemmel s\u0131zd\u0131rmazl\u0131k i\u00e7in \u00e7ift O-ring kullan\u0131m\u0131, istasyonun akaryak\u0131t ka\u00e7aklar\u0131n\u0131 \u00f6nler ve g\u00fcvenli\u011fi sa\u011flar. Teflon yataklama, her t\u00fcrl\u00fc akaryak\u0131ta dayan\u0131kl\u0131d\u0131r ve s\u00fcrekli kullan\u0131m i\u00e7in uzun \u00f6m\u00fcrl\u00fcd\u00fcr. Ak\u0131ll\u0131 ve pratik \u00e7\u00f6z\u00fcmler sayesinde k\u0131sa hortum ihtiyac\u0131n\u0131 giderir, b\u00f6ylece\u2026","rel":"","context":"\u041f\u043e\u0445\u043e\u0436\u0430\u044f \u0437\u0430\u043f\u0438\u0441\u044c","block_context":{"text":"\u041f\u043e\u0445\u043e\u0436\u0430\u044f \u0437\u0430\u043f\u0438\u0441\u044c","link":""},"img":{"alt_text":"","src":"https:\/\/i0.wp.com\/tuzlahortum.com.tr\/wp-content\/uploads\/2024\/03\/ZVA_Breakaway_Disi_3-4inch_1.jpg?fit=1200%2C1200&ssl=1&resize=350%2C200","width":350,"height":200,"srcset":"https:\/\/i0.wp.com\/tuzlahortum.com.tr\/wp-content\/uploads\/2024\/03\/ZVA_Breakaway_Disi_3-4inch_1.jpg?fit=1200%2C1200&ssl=1&resize=350%2C200 1x, https:\/\/i0.wp.com\/tuzlahortum.com.tr\/wp-content\/uploads\/2024\/03\/ZVA_Breakaway_Disi_3-4inch_1.jpg?fit=1200%2C1200&ssl=1&resize=525%2C300 1.5x, https:\/\/i0.wp.com\/tuzlahortum.com.tr\/wp-content\/uploads\/2024\/03\/ZVA_Breakaway_Disi_3-4inch_1.jpg?fit=1200%2C1200&ssl=1&resize=700%2C400 2x, https:\/\/i0.wp.com\/tuzlahortum.com.tr\/wp-content\/uploads\/2024\/03\/ZVA_Breakaway_Disi_3-4inch_1.jpg?fit=1200%2C1200&ssl=1&resize=1050%2C600 3x"},"classes":[]},{"id":13063,"url":"https:\/\/tuzlahortum.com.tr\/ru\/product\/v66-breakaway-3-4\/","url_meta":{"origin":13065,"position":5},"title":"V66 \u041e\u0442\u0440\u044b\u0432 3\/4","author":"admin","date":"16 \u043c\u0430\u0440\u0442\u0430 2024","format":false,"excerpt":"V66 Breakaway 3\/4 Dizel, benzin ve %10'a kadar ethanol katk\u0131lar\u0131yla uyumlu olan bu \u00fcr\u00fcn, geni\u015f bir yak\u0131t yelpazesine uygunlu\u011fuyla dikkat \u00e7eker. BSP di\u015f se\u00e7ene\u011fi, kolay ba\u011flant\u0131 imkan\u0131 sunar ve \u00e7e\u015fitli kullan\u0131m senaryolar\u0131na uyum sa\u011flar. 3\/4\u201d ve 1\u201d \u00f6l\u00e7\u00fclerinde temin edilebilen bu \u00fcr\u00fcn, farkl\u0131 uygulama gereksinimlerini kar\u015f\u0131lamak i\u00e7in \u00e7e\u015fitlilik sunar. \u00c7ift\u2026","rel":"","context":"\u041f\u043e\u0445\u043e\u0436\u0430\u044f \u0437\u0430\u043f\u0438\u0441\u044c","block_context":{"text":"\u041f\u043e\u0445\u043e\u0436\u0430\u044f \u0437\u0430\u043f\u0438\u0441\u044c","link":""},"img":{"alt_text":"","src":"https:\/\/i0.wp.com\/tuzlahortum.com.tr\/wp-content\/uploads\/2024\/03\/Breakaway_V66_3-4inch_2.jpg?fit=1200%2C1200&ssl=1&resize=350%2C200","width":350,"height":200,"srcset":"https:\/\/i0.wp.com\/tuzlahortum.com.tr\/wp-content\/uploads\/2024\/03\/Breakaway_V66_3-4inch_2.jpg?fit=1200%2C1200&ssl=1&resize=350%2C200 1x, https:\/\/i0.wp.com\/tuzlahortum.com.tr\/wp-content\/uploads\/2024\/03\/Breakaway_V66_3-4inch_2.jpg?fit=1200%2C1200&ssl=1&resize=525%2C300 1.5x, https:\/\/i0.wp.com\/tuzlahortum.com.tr\/wp-content\/uploads\/2024\/03\/Breakaway_V66_3-4inch_2.jpg?fit=1200%2C1200&ssl=1&resize=700%2C400 2x, https:\/\/i0.wp.com\/tuzlahortum.com.tr\/wp-content\/uploads\/2024\/03\/Breakaway_V66_3-4inch_2.jpg?fit=1200%2C1200&ssl=1&resize=1050%2C600 3x"},"classes":[]}],"jetpack_sharing_enabled":true,"jetpack_likes_enabled":true,"_links":{"self":[{"href":"https:\/\/tuzlahortum.com.tr\/ru\/wp-json\/wp\/v2\/product\/13065","targetHints":{"allow":["GET"]}}],"collection":[{"href":"https:\/\/tuzlahortum.com.tr\/ru\/wp-json\/wp\/v2\/product"}],"about":[{"href":"https:\/\/tuzlahortum.com.tr\/ru\/wp-json\/wp\/v2\/types\/product"}],"replies":[{"embeddable":true,"href":"https:\/\/tuzlahortum.com.tr\/ru\/wp-json\/wp\/v2\/comments?post=13065"}],"wp:featuredmedia":[{"embeddable":true,"href":"https:\/\/tuzlahortum.com.tr\/ru\/wp-json\/wp\/v2\/media\/13103"}],"wp:attachment":[{"href":"https:\/\/tuzlahortum.com.tr\/ru\/wp-json\/wp\/v2\/media?parent=13065"}],"wp:term":[{"taxonomy":"product_brand","embeddable":true,"href":"https:\/\/tuzlahortum.com.tr\/ru\/wp-json\/wp\/v2\/product_brand?post=13065"},{"taxonomy":"product_cat","embeddable":true,"href":"https:\/\/tuzlahortum.com.tr\/ru\/wp-json\/wp\/v2\/product_cat?post=13065"},{"taxonomy":"product_tag","embeddable":true,"href":"https:\/\/tuzlahortum.com.tr\/ru\/wp-json\/wp\/v2\/product_tag?post=13065"}],"curies":[{"name":"wp","href":"https:\/\/api.w.org\/{rel}","templated":true}]}}