{"id":12652,"date":"2023-09-05T09:39:20","date_gmt":"2023-09-05T06:39:20","guid":{"rendered":"https:\/\/tuzlahortum.com.tr\/?post_type=product&#038;p=12652"},"modified":"2024-03-21T17:38:27","modified_gmt":"2024-03-21T14:38:27","slug":"flow-90-bar-pulverizator-hortumu","status":"publish","type":"product","link":"https:\/\/tuzlahortum.com.tr\/ru\/product\/flow-90-bar-pulverizator-hortumu\/","title":{"rendered":"\u0428\u043b\u0430\u043d\u0433 \u0434\u043b\u044f \u043f\u0443\u043b\u044c\u0432\u0435\u0440\u0438\u0437\u0430\u0442\u043e\u0440\u0430, \u0434\u0430\u0432\u043b\u0435\u043d\u0438\u0435 90 \u0431\u0430\u0440"},"content":{"rendered":"<h2>\u0428\u043b\u0430\u043d\u0433 \u0434\u043b\u044f \u043f\u0443\u043b\u044c\u0432\u0435\u0440\u0438\u0437\u0430\u0442\u043e\u0440\u0430, \u0434\u0430\u0432\u043b\u0435\u043d\u0438\u0435 90 \u0431\u0430\u0440<\/h2>\n<p><strong>\u0424\u0443\u043d\u043a\u0446\u0438\u0438<\/strong><\/p>\n<ul>\n<li>\u041e\u043d \u0438\u0437\u0433\u043e\u0442\u043e\u0432\u043b\u0435\u043d \u0438\u0437 \u0432\u044b\u0441\u043e\u043a\u043e\u043f\u0440\u043e\u0447\u043d\u043e\u0433\u043e \u041f\u0412\u0425 \u0441 \u0430\u0440\u043c\u0438\u0440\u043e\u0432\u0430\u043d\u0438\u0435\u043c \u043f\u043e\u043b\u0438\u044d\u0444\u0438\u0440\u043d\u043e\u0439 \u043d\u0438\u0442\u044c\u044e.<\/li>\n<li>\u0421\u043f\u0435\u0446\u0438\u0430\u043b\u044c\u043d\u0430\u044f \u0441\u043c\u0435\u0441\u044c, \u0443\u0441\u0442\u043e\u0439\u0447\u0438\u0432\u0430\u044f \u043a \u0438\u0441\u0442\u0438\u0440\u0430\u043d\u0438\u044e \u0438 \u043b\u044e\u0431\u044b\u043c \u043f\u043e\u0433\u043e\u0434\u043d\u044b\u043c \u0443\u0441\u043b\u043e\u0432\u0438\u044f\u043c.<\/li>\n<li>\u041e\u043d \u043e\u0431\u043b\u0430\u0434\u0430\u0435\u0442 \u0432\u044b\u0441\u043e\u043a\u043e\u0439 \u0443\u0441\u0442\u043e\u0439\u0447\u0438\u0432\u043e\u0441\u0442\u044c\u044e \u043a \u0440\u0430\u0441\u0442\u044f\u0436\u0435\u043d\u0438\u044e \u0438 \u0440\u0430\u0441\u0442\u044f\u0436\u0435\u043d\u0438\u044e.<\/li>\n<\/ul>\n<p><strong>\u041e\u0431\u043b\u0430\u0441\u0442\u0438 \u0438\u0441\u043f\u043e\u043b\u044c\u0437\u043e\u0432\u0430\u043d\u0438\u044f<\/strong><\/p>\n<ul>\n<li>\u041f\u0440\u0438\u043c\u0435\u043d\u044f\u0435\u0442\u0441\u044f \u043f\u0440\u0438 \u043e\u043f\u0440\u044b\u0441\u043a\u0438\u0432\u0430\u043d\u0438\u0438 \u043f\u043e\u0434 \u0432\u044b\u0441\u043e\u043a\u0438\u043c \u0434\u0430\u0432\u043b\u0435\u043d\u0438\u0435\u043c \u043d\u0430 \u0441\u0435\u043b\u044c\u0441\u043a\u043e\u0445\u043e\u0437\u044f\u0439\u0441\u0442\u0432\u0435\u043d\u043d\u044b\u0445 \u0440\u0430\u0431\u043e\u0442\u0430\u0445.<\/li>\n<\/ul>\n<p><img data-recalc-dims=\"1\" loading=\"lazy\" decoding=\"async\" class=\"alignnone\" src=\"https:\/\/i0.wp.com\/tuzlahortum.com.tr\/wp-content\/uploads\/2023\/09\/Frame-1.png?resize=1020%2C216&#038;ssl=1\" alt=\"\" width=\"1020\" height=\"216\" title=\"\"><\/p>","protected":false},"excerpt":{"rendered":"<p>Flow 90 Bar Pulverizat\u00f6r Hortumu \u00d6zellikler Polyester iplik takviyeli y\u00fcksek mukavemetli PVC malzemeye sahip. A\u015f\u0131nmaya ve hert\u00fcrl\u00fc hava \u015fartlar\u0131na dayan\u0131kl\u0131 \u00f6zel kar\u0131\u015f\u0131m. \u00c7ekmeye ve gerilmeye kar\u015f\u0131 y\u00fcksek derecede dayan\u0131kl\u0131d\u0131r. Kullan\u0131m Alanlar\u0131 Tar\u0131m i\u015flerinde y\u00fcksek bas\u0131n\u00e7l\u0131 ila\u00e7lama i\u015flerinde kullan\u0131l\u0131r<\/p>","protected":false},"featured_media":12653,"comment_status":"open","ping_status":"closed","template":"","meta":{"jetpack_post_was_ever_published":false},"product_brand":[],"product_cat":[2337],"product_tag":[2335,2336,2334,720,719,721,718,722,723,652],"class_list":{"0":"post-12652","1":"product","2":"type-product","3":"status-publish","4":"has-post-thumbnail","6":"product_cat-ilaclama-hortumlari-plastik-hortumlar","7":"product_tag-fas010x","8":"product_tag-fas013x","9":"product_tag-fas08x","10":"product_tag-hortumu","11":"product_tag-ilaclama","12":"product_tag-ilaclama-hortumu","13":"product_tag-pulverizator","14":"product_tag-pulverizator-hortumu","15":"product_tag-sanayi","16":"product_tag-tarim","18":"first","19":"instock","20":"taxable","21":"shipping-taxable","22":"product-type-variable"},"jetpack-related-posts":[],"jetpack_sharing_enabled":true,"jetpack_likes_enabled":true,"_links":{"self":[{"href":"https:\/\/tuzlahortum.com.tr\/ru\/wp-json\/wp\/v2\/product\/12652","targetHints":{"allow":["GET"]}}],"collection":[{"href":"https:\/\/tuzlahortum.com.tr\/ru\/wp-json\/wp\/v2\/product"}],"about":[{"href":"https:\/\/tuzlahortum.com.tr\/ru\/wp-json\/wp\/v2\/types\/product"}],"replies":[{"embeddable":true,"href":"https:\/\/tuzlahortum.com.tr\/ru\/wp-json\/wp\/v2\/comments?post=12652"}],"wp:featuredmedia":[{"embeddable":true,"href":"https:\/\/tuzlahortum.com.tr\/ru\/wp-json\/wp\/v2\/media\/12653"}],"wp:attachment":[{"href":"https:\/\/tuzlahortum.com.tr\/ru\/wp-json\/wp\/v2\/media?parent=12652"}],"wp:term":[{"taxonomy":"product_brand","embeddable":true,"href":"https:\/\/tuzlahortum.com.tr\/ru\/wp-json\/wp\/v2\/product_brand?post=12652"},{"taxonomy":"product_cat","embeddable":true,"href":"https:\/\/tuzlahortum.com.tr\/ru\/wp-json\/wp\/v2\/product_cat?post=12652"},{"taxonomy":"product_tag","embeddable":true,"href":"https:\/\/tuzlahortum.com.tr\/ru\/wp-json\/wp\/v2\/product_tag?post=12652"}],"curies":[{"name":"wp","href":"https:\/\/api.w.org\/{rel}","templated":true}]}}