{"id":1014,"date":"2019-02-07T00:04:25","date_gmt":"2019-02-06T21:04:25","guid":{"rendered":"http:\/\/hortum.com.tr\/product\/import-placeholder-for-384\/"},"modified":"2024-03-21T17:39:27","modified_gmt":"2024-03-21T14:39:27","slug":"semiafs-c","status":"publish","type":"product","link":"https:\/\/tuzlahortum.com.tr\/ru\/product\/semiafs-c\/","title":{"rendered":"\u0421\u0415\u041c\u0418\u0410\u0424\u0421.\u0421"},"content":{"rendered":"<h2>\u0421\u0415\u041c\u0418\u0410\u0424\u0421.\u0421<\/h2>\n<div>\u041f\u043e\u043b\u0443\u0433\u0438\u0431\u043a\u0438\u0435 \u0430\u043b\u044e\u043c\u0438\u043d\u0438\u0435\u0432\u044b\u0435 \u0432\u043e\u0437\u0434\u0443\u0445\u043e\u0432\u043e\u0434\u044b<\/div>\n<div>\n<h4>\u041e\u0431\u0449\u0438\u0435 \u0445\u0430\u0440\u0430\u043a\u0442\u0435\u0440\u0438\u0441\u0442\u0438\u043a\u0438<\/h4>\n<\/div>\n<table class=\"table table-hover table-bordered\">\n<tbody>\n<tr>\n<th class=\"urunDetayth\">\u0413\u0438\u0431\u043a\u0430\u044f \u043a\u043e\u043d\u0441\u0442\u0440\u0443\u043a\u0446\u0438\u044f \u0432\u043e\u0437\u0434\u0443\u0445\u043e\u0432\u043e\u0434\u0430<\/th>\n<td>1 \u0441\u043b\u043e\u0439 \u0410\u043b\u044e\u043c\u0438\u043d\u0438\u0439 (\u0433\u043e\u0444\u0440\u0438\u0440\u043e\u0432\u0430\u043d\u043d\u044b\u0439)<\/td>\n<\/tr>\n<tr>\n<th class=\"urunDetayth\">\u041d\u043e\u043c\u0438\u043d\u0430\u043b\u044c\u043d\u0430\u044f \u0442\u043e\u043b\u0449\u0438\u043d\u0430 \u0433\u0438\u0431\u043a\u043e\u0433\u043e \u0432\u043e\u0437\u0434\u0443\u0445\u043e\u0432\u043e\u0434\u0430<\/th>\n<td>90 \u043c\u0438\u043a\u0440\u043e\u043d<\/td>\n<\/tr>\n<tr>\n<th class=\"urunDetayth\">\u0414\u0438\u0430\u043f\u0430\u0437\u043e\u043d \u0440\u0430\u0431\u043e\u0447\u0438\u0445 \u0442\u0435\u043c\u043f\u0435\u0440\u0430\u0442\u0443\u0440<\/th>\n<td>-25 \u00b0\u0421 \/ +250 \u00b0\u0421<\/td>\n<\/tr>\n<tr>\n<th class=\"urunDetayth\">\u0420\u0430\u0441\u0445\u043e\u0434 \u0432\u043e\u0437\u0434\u0443\u0445\u0430<\/th>\n<td>30 \u043c\/\u0441 (\u043c\u0430\u043a\u0441\u0438\u043c\u0443\u043c)<\/td>\n<\/tr>\n<tr>\n<th class=\"urunDetayth\">\u0420\u0430\u0431\u043e\u0447\u0435\u0435 \u0434\u0430\u0432\u043b\u0435\u043d\u0438\u0435<\/th>\n<td>3000 \u041f\u0430 (\u043c\u0430\u043a\u0441\u0438\u043c\u0443\u043c)<\/td>\n<\/tr>\n<tr>\n<th class=\"urunDetayth\">\u0421\u0442\u0430\u043d\u0434\u0430\u0440\u0442\u043d\u0430\u044f \u0434\u043b\u0438\u043d\u0430<\/th>\n<td>1,5 \u043c\/3,0 \u043c\/6,0 \u043c<\/td>\n<\/tr>\n<tr>\n<th class=\"urunDetayth\">\u0423\u043f\u0430\u043a\u043e\u0432\u043a\u0430<\/th>\n<td>\u041d\u0435\u0439\u043b\u043e\u043d\u043e\u0432\u0430\u044f \u0441\u0443\u043c\u043a\u0430\/\u043f\u043e\u043b\u0438\u0431\u043e\u043a\u0441<\/td>\n<\/tr>\n<tr>\n<th class=\"urunDetayth\">\u0420\u0435\u0430\u043a\u0446\u0438\u044f \u043d\u0430 \u043e\u0433\u043e\u043d\u044c<\/th>\n<td>\u041e\u0433\u043d\u0435\u0441\u0442\u043e\u0439\u043a\u0438\u0439<\/td>\n<\/tr>\n<\/tbody>\n<\/table>\n<div><\/div>\n<div>\n<div><div class=\"video video-fit mb\" style=\"padding-top:56.25%;\"><p><iframe loading=\"lazy\" title=\"\u041f\u0443\u0442\u0430\u043d\u0438\u0446\u0430 \u0432 \u0438\u0437\u043c\u0435\u0440\u0435\u043d\u0438\u044f\u0445 (\u0434\u044e\u0439\u043c\u044b, \u043f\u0430\u043b\u044c\u0446\u044b, \u0434\u044b\u043c\u043a\u0430, \u043c\u0438\u043b\u043b\u0438\u043c\u0435\u0442\u0440\u044b)\" width=\"1020\" height=\"574\" src=\"https:\/\/www.youtube.com\/embed\/uKk6AG_AZls?feature=oembed\" frameborder=\"0\" allow=\"accelerometer; autoplay; clipboard-write; encrypted-media; gyroscope; picture-in-picture; web-share\" referrerpolicy=\"strict-origin-when-cross-origin\" allowfullscreen><\/iframe><\/p>\n<\/div><\/div>\n<div><\/div>\n<div class=\"txt\"><strong>\u0421\u0415\u041c\u0418\u0410\u0424\u0421.\u0421<\/strong>\u00a0\u0430\u043b\u044e\u043c\u0438\u043d\u0438\u0435\u0432\u044b\u0435 \u043f\u043e\u043b\u0443\u0433\u0438\u0431\u043a\u0438\u0435 \u0432\u043e\u0437\u0434\u0443\u0445\u043e\u0432\u043e\u0434\u044b, \u043f\u0435\u0440\u0435\u043a\u0430\u0447\u0438\u0432\u0430\u044e\u0449\u0438\u0435 \u0432\u043e\u0437\u0434\u0443\u0445 \u043f\u0440\u0438 \u043d\u0438\u0437\u043a\u043e\u043c \u0438 \u0441\u0440\u0435\u0434\u043d\u0435\u043c \u0434\u0430\u0432\u043b\u0435\u043d\u0438\u0438<\/div>\n<div class=\"txt\">\u0441\u0438\u0441\u0442\u0435\u043c, \u2013 \u0434\u043b\u044f \u043f\u0440\u0438\u043c\u0435\u043d\u0435\u043d\u0438\u0439 \u0441 \u043e\u0442\u0445\u043e\u0434\u044f\u0449\u0438\u043c\u0438 \u0433\u0430\u0437\u0430\u043c\u0438 \u0438 \u043e\u0441\u043e\u0431\u0435\u043d\u043d\u043e \u0434\u043b\u044f \u043f\u0440\u0438\u043c\u0435\u043d\u0435\u043d\u0438\u0439, \u0433\u0434\u0435 \u0442\u0440\u0435\u0431\u0443\u0435\u0442\u0441\u044f \u043c\u0435\u0445\u0430\u043d\u0438\u0447\u0435\u0441\u043a\u0430\u044f \u043f\u0440\u043e\u0447\u043d\u043e\u0441\u0442\u044c,<\/div>\n<div class=\"txt\">\u042d\u0442\u043e \u0441\u043f\u0435\u0446\u0438\u0430\u043b\u044c\u043d\u043e \u0440\u0430\u0437\u0440\u0430\u0431\u043e\u0442\u0430\u043d\u043d\u044b\u0439 \u043c\u043d\u043e\u0433\u043e\u0446\u0435\u043b\u0435\u0432\u043e\u0439 \u043f\u043e\u043b\u0443\u0433\u0438\u0431\u043a\u0438\u0439 \u0432\u043e\u0437\u0434\u0443\u0445\u043e\u0432\u043e\u0434. SEMIAFS.C \u043c\u043e\u0436\u043d\u043e \u0441\u0433\u0438\u0431\u0430\u0442\u044c, \u0441\u043a\u0440\u0443\u0447\u0438\u0432\u0430\u0442\u044c,<\/div>\n<div class=\"txt\">\u041e\u043d \u043e\u0431\u043b\u0430\u0434\u0430\u0435\u0442 \u0441\u043f\u043e\u0441\u043e\u0431\u043d\u043e\u0441\u0442\u044c\u044e \u0440\u0430\u0441\u0448\u0438\u0440\u044f\u0442\u044c\u0441\u044f \u0438 \u0440\u0430\u0441\u0442\u044f\u0433\u0438\u0432\u0430\u0442\u044c\u0441\u044f. \u041d\u0430 \u043e\u0432\u0430\u043b\u044c\u043d\u044b\u0445 \u0438 \u043a\u0440\u0443\u0433\u043b\u044b\u0445 \u0441\u043e\u0435\u0434\u0438\u043d\u0435\u043d\u0438\u044f\u0445 - SEMIAFS.C \u0430\u043b\u044e\u043c\u0438\u043d\u0438\u0439<\/div>\n<div class=\"txt\">\u043f\u043e\u043b\u0443\u0433\u0438\u0431\u043a\u0438\u0435 \u0432\u043e\u0437\u0434\u0443\u0445\u043e\u0432\u043e\u0434\u044b \u0433\u0435\u0440\u043c\u0435\u0442\u0438\u0447\u043d\u044b. \u0412 \u0441\u0438\u0441\u0442\u0435\u043c\u0435 \u0437\u0430\u0436\u0438\u043c\u043e\u0432 INTERLOCK \u043f\u0440\u0438 \u0440\u0430\u0441\u0442\u044f\u0436\u0435\u043d\u0438\u0438 \u043c\u0430\u0442\u0435\u0440\u0438\u0430\u043b\u0430 \u0437\u0430\u0436\u0438\u043c<\/div>\n<div class=\"txt\">\u0441\u0442\u0430\u043d\u043e\u0432\u0438\u0442\u0441\u044f \u0441\u0438\u043b\u044c\u043d\u0435\u0435. \u041f\u0440\u0438 \u0438\u0437\u0433\u0438\u0431\u0435, \u0441\u043a\u0440\u0443\u0447\u0438\u0432\u0430\u043d\u0438\u0438, \u0443\u0434\u043b\u0438\u043d\u0435\u043d\u0438\u0438 \u0438 \u0440\u0430\u0441\u0442\u044f\u0436\u0435\u043d\u0438\u0438 \u2013 \u043f\u043e\u043b\u043e\u0441\u044b \u0447\u0438\u0441\u0442\u043e\u0433\u043e \u043c\u0435\u0442\u0430\u043b\u043b\u0438\u0447\u0435\u0441\u043a\u043e\u0433\u043e \u0430\u043b\u044e\u043c\u0438\u043d\u0438\u044f \u043e\u0442\u0434\u0435\u043b\u044f\u044e\u0442\u0441\u044f \u0434\u0440\u0443\u0433 \u043e\u0442 \u0434\u0440\u0443\u0433\u0430.<\/div>\n<div class=\"txt\">\u041d\u0435\u0432\u043e\u0437\u043c\u043e\u0436\u043d\u043e \u043e\u0442\u0434\u0435\u043b\u0438\u0442\u044c \u0438\/\u0438\u043b\u0438 \u0434\u0435\u0444\u043e\u0440\u043c\u0438\u0440\u043e\u0432\u0430\u0442\u044c.<\/div>\n<h4>\u041e\u0441\u043e\u0431\u0435\u043d\u043d\u043e\u0441\u0442\u0438 \u0438 \u043f\u0440\u0435\u0438\u043c\u0443\u0449\u0435\u0441\u0442\u0432\u0430<\/h4>\n<div class=\"wrp clearfix\">\n<div class=\"tripleContent\">\n<p><b>\u041a\u041e\u041d\u0421\u0422\u0420\u0423\u041a\u0426\u0418\u042f \u0427\u0418\u0421\u0422\u041e \u041c\u0415\u0422\u0410\u041b\u041b \u0410\u041b\u042e\u041c\u0418\u041d\u0418\u0415\u0412\u0410\u042f<\/b><\/p>\n<div class=\"txt\">\u00a0 100-\u043f\u0440\u043e\u0446\u0435\u043d\u0442\u043d\u0430\u044f \u043e\u0433\u043d\u0435\u0441\u0442\u043e\u0439\u043a\u043e\u0441\u0442\u044c, \u043d\u0435\u043f\u0440\u043e\u043d\u0438\u0446\u0430\u0435\u043c\u043e\u0441\u0442\u044c \u0434\u043b\u044f \u0423\u0424-\u043b\u0443\u0447\u0435\u0439, \u0432\u044b\u0441\u043e\u043a\u0430\u044f \u0443\u0441\u0442\u043e\u0439\u0447\u0438\u0432\u043e\u0441\u0442\u044c \u043a \u0423\u0424-\u043b\u0443\u0447\u0430\u043c, \u0445\u0438\u043c\u0438\u0447\u0435\u0441\u043a\u0430\u044f \u0441\u0442\u043e\u0439\u043a\u043e\u0441\u0442\u044c.<\/div>\n<\/div>\n<div class=\"tripleContent\">\n<p><b>\u041f\u041e\u041b\u0423\u0413\u0418\u0411\u041a\u0410\u042f \u041a\u041e\u041d\u0421\u0422\u0420\u0423\u041a\u0426\u0418\u042f \u0421 \u0411\u041b\u041e\u041a\u0418\u0420\u041e\u0412\u041a\u041e\u0419<\/b><\/p>\n<div class=\"txt\">\u00a0 &lt;span 1.6em;&rdquo;=&quot;&rdquo;&rdquo;&quot;&gt;\u041b\u0435\u0433\u043a\u0430\u044f \u0442\u0440\u0430\u043d\u0441\u043f\u043e\u0440\u0442\u0438\u0440\u043e\u0432\u043a\u0430 \u0438 \u0445\u0440\u0430\u043d\u0435\u043d\u0438\u0435. \u041b\u0435\u0433\u043a\u0438\u0439 \u0438 \u043f\u0440\u0430\u043a\u0442\u0438\u0447\u043d\u044b\u0439 \u043c\u043e\u043d\u0442\u0430\u0436. \u041c\u0435\u0445\u0430\u043d\u0438\u0447\u0435\u0441\u043a\u0430\u044f \u043f\u0440\u043e\u0447\u043d\u043e\u0441\u0442\u044c. \u0413\u0435\u0440\u043c\u0435\u0442\u0438\u0437\u0430\u0446\u0438\u044f.<\/div>\n<div class=\"txt\">\u042d\u043d\u0435\u0440\u0433\u043e\u044d\u0444\u0444\u0435\u043a\u0442\u0438\u0432\u043d\u043e\u0441\u0442\u044c \u041d\u0438\u0437\u043a\u0438\u0435 \u0437\u0430\u0442\u0440\u0430\u0442\u044b \u043d\u0430 \u0442\u0435\u0445\u043d\u0438\u0447\u0435\u0441\u043a\u043e\u0435 \u043e\u0431\u0441\u043b\u0443\u0436\u0438\u0432\u0430\u043d\u0438\u0435 \u0438 \u0440\u0430\u0431\u043e\u0447\u0443\u044e \u0441\u0438\u043b\u0443<\/div>\n<\/div>\n<\/div>\n<\/div>","protected":false},"excerpt":{"rendered":"<p>SEMIAFS.C Yar\u0131 esnek aliminyum hava kanallar\u0131 Genel \u00d6zellikler Flexible Kanal Konstr\u00fcksiyonu 1 kat Al\u00fcminyum (koruge) Flexible Kanal Nominal Kal\u0131nl\u0131\u011f\u0131 90 mikron \u00c7al\u0131\u015fma S\u0131cakl\u0131\u011f\u0131 Aral\u0131\u011f\u0131 -25 \u00b0C \/ +250 \u00b0C Hava Ak\u0131\u015f H\u0131z\u0131 30 m\/s (maksimum) \u00c7al\u0131\u015fma Bas\u0131nc\u0131 3000 Pa (maksimum) Standart Uzunluk 1.5 m \/ 3.0 m \/ 6.0 m Paketleme Nylon po\u015fet \/ \u00c7oklu [&#8230;]\n","protected":false},"featured_media":6930,"comment_status":"open","ping_status":"closed","template":"","meta":{"jetpack_post_was_ever_published":false},"product_brand":[],"product_cat":[140],"product_tag":[265,1311,264,268,1312,1205,1310],"class_list":{"0":"post-1014","1":"product","2":"type-product","3":"status-publish","4":"has-post-thumbnail","6":"product_cat-yari-esnek-flexible-hava-kanali","7":"product_tag-bukulme","8":"product_tag-dusuk-bakim-ve-iscilik-giderleri","9":"product_tag-esneme","10":"product_tag-kimyasal-direnc","11":"product_tag-kivrilabilme","12":"product_tag-sizdirmazlik","13":"product_tag-yanmazlik","15":"first","16":"instock","17":"taxable","18":"shipping-taxable","19":"product-type-variable"},"jetpack-related-posts":[],"jetpack_sharing_enabled":true,"jetpack_likes_enabled":true,"_links":{"self":[{"href":"https:\/\/tuzlahortum.com.tr\/ru\/wp-json\/wp\/v2\/product\/1014","targetHints":{"allow":["GET"]}}],"collection":[{"href":"https:\/\/tuzlahortum.com.tr\/ru\/wp-json\/wp\/v2\/product"}],"about":[{"href":"https:\/\/tuzlahortum.com.tr\/ru\/wp-json\/wp\/v2\/types\/product"}],"replies":[{"embeddable":true,"href":"https:\/\/tuzlahortum.com.tr\/ru\/wp-json\/wp\/v2\/comments?post=1014"}],"wp:featuredmedia":[{"embeddable":true,"href":"https:\/\/tuzlahortum.com.tr\/ru\/wp-json\/wp\/v2\/media\/6930"}],"wp:attachment":[{"href":"https:\/\/tuzlahortum.com.tr\/ru\/wp-json\/wp\/v2\/media?parent=1014"}],"wp:term":[{"taxonomy":"product_brand","embeddable":true,"href":"https:\/\/tuzlahortum.com.tr\/ru\/wp-json\/wp\/v2\/product_brand?post=1014"},{"taxonomy":"product_cat","embeddable":true,"href":"https:\/\/tuzlahortum.com.tr\/ru\/wp-json\/wp\/v2\/product_cat?post=1014"},{"taxonomy":"product_tag","embeddable":true,"href":"https:\/\/tuzlahortum.com.tr\/ru\/wp-json\/wp\/v2\/product_tag?post=1014"}],"curies":[{"name":"wp","href":"https:\/\/api.w.org\/{rel}","templated":true}]}}