{"id":1006,"date":"2019-02-07T00:04:24","date_gmt":"2019-02-06T21:04:24","guid":{"rendered":"http:\/\/hortum.com.tr\/product\/import-placeholder-for-413\/"},"modified":"2024-03-21T17:39:33","modified_gmt":"2024-03-21T14:39:33","slug":"alman-kortapa","status":"publish","type":"product","link":"https:\/\/tuzlahortum.com.tr\/ru\/product\/alman-kortapa\/","title":{"rendered":"\u041d\u0435\u043c\u0435\u0446\u043a\u0438\u0439 \u041a\u0451\u0440\u0442\u0430\u043f\u0430"},"content":{"rendered":"<h2>\u041d\u0435\u043c\u0435\u0446\u043a\u0438\u0439 \u041a\u0451\u0440\u0442\u0430\u043f\u0430<\/h2>","protected":false},"excerpt":{"rendered":"<p>\u041d\u0435\u043c\u0435\u0446\u043a\u0438\u0439 \u041a\u0451\u0440\u0442\u0430\u043f\u0430<\/p>","protected":false},"featured_media":3037,"comment_status":"open","ping_status":"closed","template":"","meta":[],"product_brand":[],"product_cat":[124],"product_tag":[250,1295,1246,252,256],"class_list":{"0":"post-1006","1":"product","2":"type-product","3":"status-publish","4":"has-post-thumbnail","6":"product_cat-alman-tip-yangin-rekorlari","7":"product_tag-alman","8":"product_tag-alman-kortapa","9":"product_tag-kortapa","10":"product_tag-rekor","11":"product_tag-yangin","13":"first","14":"instock","15":"taxable","16":"shipping-taxable","17":"product-type-variable"},"jetpack-related-posts":[{"id":13109,"url":"https:\/\/tuzlahortum.com.tr\/ru\/product\/11a-otomatik-akaryakit-tabancasi-3-4-ince\/","url_meta":{"origin":1006,"position":0},"title":"11\u0410 \u0410\u0432\u0442\u043e\u043c\u0430\u0442\u0438\u0447\u0435\u0441\u043a\u0438\u0439 \u0442\u043e\u043d\u043a\u0438\u0439 \u0442\u043e\u043f\u043b\u0438\u0432\u043d\u044b\u0439 \u043f\u0438\u0441\u0442\u043e\u043b\u0435\u0442 \u2013 3\/4","author":"admin","date":"18 \u043c\u0430\u0440\u0442\u0430 2024","format":false,"excerpt":"11A Otomatik \u0130nce Akaryak\u0131t Tabancas\u0131 - 3\/4 Bas\u0131nca duyarl\u0131 \u00e7al\u0131\u015fma prensibine sahip olan bu self servis veya \u00f6n \u00f6demeli istasyonlar, kullan\u0131c\u0131lar\u0131n kolay ve verimli bir \u015fekilde akaryak\u0131t almas\u0131n\u0131 sa\u011flamak i\u00e7in tasarlanm\u0131\u015ft\u0131r. \u0130\u015fleyi\u015f prensibi, tabancan\u0131n bas\u0131n\u00e7la \u00e7al\u0131\u015fmas\u0131 ve bas\u0131n\u00e7 ortadan kalkt\u0131\u011f\u0131nda otomatik olarak atmas\u0131 \u00fczerine kuruludur. Otomatik atma \u00f6zelli\u011fi, kullan\u0131c\u0131lar\u0131n i\u015flemi\u2026","rel":"","context":"\u041f\u043e\u0445\u043e\u0436\u0430\u044f \u0437\u0430\u043f\u0438\u0441\u044c","block_context":{"text":"\u041f\u043e\u0445\u043e\u0436\u0430\u044f \u0437\u0430\u043f\u0438\u0441\u044c","link":""},"img":{"alt_text":"11A Otomatik","src":"https:\/\/i0.wp.com\/tuzlahortum.com.tr\/wp-content\/uploads\/2024\/03\/11A_Ince_Akaryakit_Tabanca_2.jpg?fit=1200%2C1200&ssl=1&resize=350%2C200","width":350,"height":200,"srcset":"https:\/\/i0.wp.com\/tuzlahortum.com.tr\/wp-content\/uploads\/2024\/03\/11A_Ince_Akaryakit_Tabanca_2.jpg?fit=1200%2C1200&ssl=1&resize=350%2C200 1x, https:\/\/i0.wp.com\/tuzlahortum.com.tr\/wp-content\/uploads\/2024\/03\/11A_Ince_Akaryakit_Tabanca_2.jpg?fit=1200%2C1200&ssl=1&resize=525%2C300 1.5x, https:\/\/i0.wp.com\/tuzlahortum.com.tr\/wp-content\/uploads\/2024\/03\/11A_Ince_Akaryakit_Tabanca_2.jpg?fit=1200%2C1200&ssl=1&resize=700%2C400 2x, https:\/\/i0.wp.com\/tuzlahortum.com.tr\/wp-content\/uploads\/2024\/03\/11A_Ince_Akaryakit_Tabanca_2.jpg?fit=1200%2C1200&ssl=1&resize=1050%2C600 3x"},"classes":[]},{"id":972,"url":"https:\/\/tuzlahortum.com.tr\/ru\/product\/kumandali-yangin-lansi\/","url_meta":{"origin":1006,"position":1},"title":"\u0423\u041f\u0420\u0410\u0412\u041b\u042f\u0415\u041c\u041e\u0415 \u041e\u0413\u041d\u0415 \u041a\u041e\u041f\u042c\u0415","author":"admin","date":"7 \u0444\u0435\u0432\u0440\u0430\u043b\u044f 2019","format":false,"excerpt":"KUMANDALI YANGIN LANSITEKN\u0130K \u00d6ZELL\u0130KLER\u0130Lans\u0131n borusu al\u00fcminyum olup, d\u0131\u015f y\u00fczeyi kau\u00e7uk kaplamal\u0131d\u0131r.\u0130ki\u00a0 konumda \u00e7al\u0131\u015fabilecek nitelikte (kapal\u0131 ,a\u00e7\u0131k) kumanda koluna sahiptir.Rekora irtibatlama k\u0131sm\u0131nda s\u0131zd\u0131rmazl\u0131k contas\u0131 vard\u0131r.Alman tipte imal edilmi\u015ftir.Lans\u0131n sis halinde su verme tolerans\u0131 , 0 (s\u0131f\u0131r) derece ile 120 (y\u00fczyirmi) derece aras\u0131 a\u00e7\u0131lardad\u0131r.","rel":"","context":"\u041f\u043e\u0445\u043e\u0436\u0430\u044f \u0437\u0430\u043f\u0438\u0441\u044c","block_context":{"text":"\u041f\u043e\u0445\u043e\u0436\u0430\u044f \u0437\u0430\u043f\u0438\u0441\u044c","link":""},"img":{"alt_text":"","src":"https:\/\/i0.wp.com\/tuzlahortum.com.tr\/wp-content\/uploads\/2019\/02\/Yang%C4%B1n-Lans%C4%B13.jpg?fit=339%2C324&ssl=1&resize=350%2C200","width":350,"height":200},"classes":[]},{"id":632,"url":"https:\/\/tuzlahortum.com.tr\/ru\/product\/trelleborg-bioclean\/","url_meta":{"origin":1006,"position":2},"title":"\u0422\u0440\u0435\u043b\u043b\u0435\u0431\u043e\u0440\u0433 \u0411\u0418\u041e\u041a\u041b\u0418\u041d","author":"admin","date":"6 \u0444\u0435\u0432\u0440\u0430\u043b\u044f 2019","format":false,"excerpt":"Trelleborg BIOCLEANG\u0131da End\u00fcstrisi\/Temizlik \u00d6zellikle g\u0131da end\u00fcstrilerinde y\u00fcksek bas\u0131n\u00e7la temizleme Herhangi bir s\u0131v\u0131 g\u0131da maddesinin\u00a0ta\u015f\u0131nmas\u0131 i\u00e7in de kullan\u0131labilir. Avantajlar *Y\u00fcksek esneklik. *\u0130z b\u0131rakmayan kaplama. *G\u0131dada kullan\u0131ma uygun kalitede beyaz i\u00e7 lastik, ya\u011fa kar\u015f\u0131 dayan\u0131kl\u0131d\u0131r. * Kolay ve h\u0131zl\u0131 tan\u0131ma i\u00e7in k\u0131rm\u0131z\u0131 \u015ferit \u00fczerine markalama. *Ftalat i\u00e7ermez. Teknik a\u00e7\u0131klama \u0130\u00e7 t\u00fcp :\u00a0G\u0131daya\u2026","rel":"","context":"\u041f\u043e\u0445\u043e\u0436\u0430\u044f \u0437\u0430\u043f\u0438\u0441\u044c","block_context":{"text":"\u041f\u043e\u0445\u043e\u0436\u0430\u044f \u0437\u0430\u043f\u0438\u0441\u044c","link":""},"img":{"alt_text":"","src":"https:\/\/i0.wp.com\/tuzlahortum.com.tr\/wp-content\/uploads\/2019\/02\/BIOCLEAN.jpg?fit=800%2C800&ssl=1&resize=350%2C200","width":350,"height":200,"srcset":"https:\/\/i0.wp.com\/tuzlahortum.com.tr\/wp-content\/uploads\/2019\/02\/BIOCLEAN.jpg?fit=800%2C800&ssl=1&resize=350%2C200 1x, https:\/\/i0.wp.com\/tuzlahortum.com.tr\/wp-content\/uploads\/2019\/02\/BIOCLEAN.jpg?fit=800%2C800&ssl=1&resize=525%2C300 1.5x, https:\/\/i0.wp.com\/tuzlahortum.com.tr\/wp-content\/uploads\/2019\/02\/BIOCLEAN.jpg?fit=800%2C800&ssl=1&resize=700%2C400 2x"},"classes":[]},{"id":634,"url":"https:\/\/tuzlahortum.com.tr\/ru\/product\/trelleborg-klenet\/","url_meta":{"origin":1006,"position":3},"title":"\u0422\u0440\u0435\u043b\u043b\u0435\u0431\u043e\u0440\u0433 \u041a\u041b\u0415\u041d\u0415\u0422","author":"admin","date":"6 \u0444\u0435\u0432\u0440\u0430\u043b\u044f 2019","format":false,"excerpt":"Trelleborg KLENETG\u0131da End\u00fcstrisi\/Temizlik G\u0131da i\u015fleme end\u00fcstrilerinde, konserve fabrikalar\u0131nda, mand\u0131ralarda, mezbahalarda, vs. zemin\u00a0y\u0131kama ve s\u0131cak suyla temizlik. Avantajlar *Y\u00fcksek s\u0131cakl\u0131klara kar\u015f\u0131 \u00e7ok iyi diren\u00e7. *Ta\u015f\u0131may\u0131 kolayla\u015ft\u0131ran, d\u00fcz, a\u00e7\u0131k renkli, iz b\u0131rakmayan kaplama. *Kaplama bile\u015fi\u011finde hayvansal ve nebati ya\u011flara kar\u015f\u0131 m\u00fckemmel dayan\u0131m. *Ftalat i\u00e7ermez. Teknik a\u00e7\u0131klama \u0130\u00e7 t\u00fcp :\u00a0G\u0131daya uygun kalitede, ya\u011fa\u2026","rel":"","context":"\u041f\u043e\u0445\u043e\u0436\u0430\u044f \u0437\u0430\u043f\u0438\u0441\u044c","block_context":{"text":"\u041f\u043e\u0445\u043e\u0436\u0430\u044f \u0437\u0430\u043f\u0438\u0441\u044c","link":""},"img":{"alt_text":"","src":"https:\/\/i0.wp.com\/tuzlahortum.com.tr\/wp-content\/uploads\/2019\/02\/KLENET.jpg?fit=800%2C800&ssl=1&resize=350%2C200","width":350,"height":200,"srcset":"https:\/\/i0.wp.com\/tuzlahortum.com.tr\/wp-content\/uploads\/2019\/02\/KLENET.jpg?fit=800%2C800&ssl=1&resize=350%2C200 1x, https:\/\/i0.wp.com\/tuzlahortum.com.tr\/wp-content\/uploads\/2019\/02\/KLENET.jpg?fit=800%2C800&ssl=1&resize=525%2C300 1.5x, https:\/\/i0.wp.com\/tuzlahortum.com.tr\/wp-content\/uploads\/2019\/02\/KLENET.jpg?fit=800%2C800&ssl=1&resize=700%2C400 2x"},"classes":[]},{"id":633,"url":"https:\/\/tuzlahortum.com.tr\/ru\/product\/trelleborg-biovast\/","url_meta":{"origin":1006,"position":4},"title":"\u0422\u0440\u0435\u043b\u043b\u0435\u0431\u043e\u0440\u0433 \u0411\u0418\u041e\u0412\u0410\u0421\u0422","author":"admin","date":"6 \u0444\u0435\u0432\u0440\u0430\u043b\u044f 2019","format":false,"excerpt":"Trelleborg BIOVASTG\u0131da End\u00fcstrisi\/Temizlik +165\u00b0C s\u0131cakl\u0131klarda buharla temizleme ve g\u0131da i\u015fleme tesislerinde s\u0131cak su ile y\u0131kama. S\u0131cak s\u0131v\u0131 g\u0131da maddelerinin ta\u015f\u0131nmas\u0131. Tekerlek \u00fczerine monte uygulamalar i\u00e7in uygundur. Avantajlar *Mand\u0131ralar, konserve fabrikalar\u0131, bal\u0131k pazarlar\u0131, vs. \u00f6zel olarak tasarlanm\u0131\u015f bir hortumdur. *Son derece esnek. *Leke tutmayan kaplama bile\u015fi\u011fi. *Hayvansal ve nebati ya\u011flara kar\u015f\u0131\u2026","rel":"","context":"\u041f\u043e\u0445\u043e\u0436\u0430\u044f \u0437\u0430\u043f\u0438\u0441\u044c","block_context":{"text":"\u041f\u043e\u0445\u043e\u0436\u0430\u044f \u0437\u0430\u043f\u0438\u0441\u044c","link":""},"img":{"alt_text":"","src":"https:\/\/i0.wp.com\/tuzlahortum.com.tr\/wp-content\/uploads\/2019\/02\/BIOVAST.jpg?fit=800%2C800&ssl=1&resize=350%2C200","width":350,"height":200,"srcset":"https:\/\/i0.wp.com\/tuzlahortum.com.tr\/wp-content\/uploads\/2019\/02\/BIOVAST.jpg?fit=800%2C800&ssl=1&resize=350%2C200 1x, https:\/\/i0.wp.com\/tuzlahortum.com.tr\/wp-content\/uploads\/2019\/02\/BIOVAST.jpg?fit=800%2C800&ssl=1&resize=525%2C300 1.5x, https:\/\/i0.wp.com\/tuzlahortum.com.tr\/wp-content\/uploads\/2019\/02\/BIOVAST.jpg?fit=800%2C800&ssl=1&resize=700%2C400 2x"},"classes":[]},{"id":636,"url":"https:\/\/tuzlahortum.com.tr\/ru\/product\/trelleborg-alikler-d\/","url_meta":{"origin":1006,"position":5},"title":"\u0422\u0440\u0435\u043b\u043b\u0435\u0431\u043e\u0440\u0433 \u0410\u041b\u0418\u041a\u041b\u0415\u0420 \u0414","author":"admin","date":"6 \u0444\u0435\u0432\u0440\u0430\u043b\u044f 2019","format":false,"excerpt":"Trelleborg ALIKLER DG\u0131da End\u00fcstrisi\/Transfer Bira, s\u00fct, ya\u011f, elma \u015f\u0131ras\u0131, meyve suyu ve %96'ya kadar olan alkol gibi s\u0131v\u0131 g\u0131da maddelerinin\u00a0y\u00fcksek bas\u0131n\u00e7l\u0131 tahliyesi. Mand\u0131ralarda bo\u015faltma alanlar\u0131nda \u00e7ekme. \u0130\u015fleme ve doldurma tesislerinde kullan\u0131lan ekipman ve s\u0131v\u0131 g\u0131da maddesi tankerleri. Avantajlar *G\u0131dada kullan\u0131ma uygun d\u00fczg\u00fcn y\u00fczeyli, eksiz, \u00e7ok ama\u00e7l\u0131 i\u00e7 lastik bakteri olu\u015fumunu\u00a0engeller.\u2026","rel":"","context":"\u041f\u043e\u0445\u043e\u0436\u0430\u044f \u0437\u0430\u043f\u0438\u0441\u044c","block_context":{"text":"\u041f\u043e\u0445\u043e\u0436\u0430\u044f \u0437\u0430\u043f\u0438\u0441\u044c","link":""},"img":{"alt_text":"","src":"https:\/\/i0.wp.com\/tuzlahortum.com.tr\/wp-content\/uploads\/2019\/02\/ALIKLER-D.jpg?fit=800%2C800&ssl=1&resize=350%2C200","width":350,"height":200,"srcset":"https:\/\/i0.wp.com\/tuzlahortum.com.tr\/wp-content\/uploads\/2019\/02\/ALIKLER-D.jpg?fit=800%2C800&ssl=1&resize=350%2C200 1x, https:\/\/i0.wp.com\/tuzlahortum.com.tr\/wp-content\/uploads\/2019\/02\/ALIKLER-D.jpg?fit=800%2C800&ssl=1&resize=525%2C300 1.5x, https:\/\/i0.wp.com\/tuzlahortum.com.tr\/wp-content\/uploads\/2019\/02\/ALIKLER-D.jpg?fit=800%2C800&ssl=1&resize=700%2C400 2x"},"classes":[]}],"jetpack_sharing_enabled":true,"jetpack_likes_enabled":true,"_links":{"self":[{"href":"https:\/\/tuzlahortum.com.tr\/ru\/wp-json\/wp\/v2\/product\/1006","targetHints":{"allow":["GET"]}}],"collection":[{"href":"https:\/\/tuzlahortum.com.tr\/ru\/wp-json\/wp\/v2\/product"}],"about":[{"href":"https:\/\/tuzlahortum.com.tr\/ru\/wp-json\/wp\/v2\/types\/product"}],"replies":[{"embeddable":true,"href":"https:\/\/tuzlahortum.com.tr\/ru\/wp-json\/wp\/v2\/comments?post=1006"}],"wp:featuredmedia":[{"embeddable":true,"href":"https:\/\/tuzlahortum.com.tr\/ru\/wp-json\/wp\/v2\/media\/3037"}],"wp:attachment":[{"href":"https:\/\/tuzlahortum.com.tr\/ru\/wp-json\/wp\/v2\/media?parent=1006"}],"wp:term":[{"taxonomy":"product_brand","embeddable":true,"href":"https:\/\/tuzlahortum.com.tr\/ru\/wp-json\/wp\/v2\/product_brand?post=1006"},{"taxonomy":"product_cat","embeddable":true,"href":"https:\/\/tuzlahortum.com.tr\/ru\/wp-json\/wp\/v2\/product_cat?post=1006"},{"taxonomy":"product_tag","embeddable":true,"href":"https:\/\/tuzlahortum.com.tr\/ru\/wp-json\/wp\/v2\/product_tag?post=1006"}],"curies":[{"name":"wp","href":"https:\/\/api.w.org\/{rel}","templated":true}]}}