{"id":3,"date":"2019-02-05T15:07:59","date_gmt":"2019-02-05T12:07:59","guid":{"rendered":"http:\/\/hortum.com.tr\/?page_id=3"},"modified":"2019-02-12T11:10:24","modified_gmt":"2019-02-12T08:10:24","slug":"gizlilik-politikasi","status":"publish","type":"page","link":"https:\/\/tuzlahortum.com.tr\/ru\/gizlilik-politikasi\/","title":{"rendered":"\u041f\u043e\u043b\u0438\u0442\u0438\u043a\u0430 \u043a\u043e\u043d\u0444\u0438\u0434\u0435\u043d\u0446\u0438\u0430\u043b\u044c\u043d\u043e\u0441\u0442\u0438"},"content":{"rendered":"<h2 class=\"wp-block-heading\">\u041a\u0442\u043e \u043c\u044b<\/h2>\n\n\n\n<p>\u0410\u0434\u0440\u0435\u0441 \u043d\u0430\u0448\u0435\u0433\u043e \u0441\u0430\u0439\u0442\u0430: http:\/\/hortum.com.tr.<\/p>\n\n\n\n<h2 class=\"wp-block-heading\">\u041a\u0430\u043a\u0438\u0435 \u043f\u0435\u0440\u0441\u043e\u043d\u0430\u043b\u044c\u043d\u044b\u0435 \u0434\u0430\u043d\u043d\u044b\u0435 \u043c\u044b \u0441\u043e\u0431\u0438\u0440\u0430\u0435\u043c \u0438 \u0441 \u043a\u0430\u043a\u043e\u0439 \u0446\u0435\u043b\u044c\u044e<\/h2>\n\n\n\n<h3 class=\"wp-block-heading\">\u041a\u043e\u043c\u043c\u0435\u043d\u0442\u0430\u0440\u0438\u0438<\/h3>\n\n\n\n<p>\u041a\u043e\u0433\u0434\u0430 \u043f\u043e\u0441\u0435\u0442\u0438\u0442\u0435\u043b\u0438 \u043e\u0441\u0442\u0430\u0432\u043b\u044f\u044e\u0442 \u043a\u043e\u043c\u043c\u0435\u043d\u0442\u0430\u0440\u0438\u0438 \u043d\u0430 \u0441\u0430\u0439\u0442\u0435, \u043c\u044b \u0441\u043e\u0431\u0438\u0440\u0430\u0435\u043c \u0434\u0430\u043d\u043d\u044b\u0435, \u0443\u043a\u0430\u0437\u0430\u043d\u043d\u044b\u0435 \u0432 \u0444\u043e\u0440\u043c\u0435 \u043a\u043e\u043c\u043c\u0435\u043d\u0442\u0430\u0440\u0438\u044f, \u0430 \u0442\u0430\u043a\u0436\u0435 IP-\u0430\u0434\u0440\u0435\u0441 \u043f\u043e\u0441\u0435\u0442\u0438\u0442\u0435\u043b\u044f \u0438 \u0438\u043d\u0444\u043e\u0440\u043c\u0430\u0446\u0438\u044e \u043e \u0431\u0440\u0430\u0443\u0437\u0435\u0440\u0435, \u0447\u0442\u043e\u0431\u044b \u043f\u043e\u043c\u043e\u0447\u044c \u043e\u0431\u043d\u0430\u0440\u0443\u0436\u0438\u0442\u044c \u043d\u0435\u0436\u0435\u043b\u0430\u0442\u0435\u043b\u044c\u043d\u044b\u0435 \u043a\u043e\u043c\u043c\u0435\u043d\u0442\u0430\u0440\u0438\u0438.<\/p>\n\n\n\n<p>\u0410\u043d\u043e\u043d\u0438\u043c\u043d\u044b\u0439 \u0442\u0435\u043a\u0441\u0442, \u0441\u0433\u0435\u043d\u0435\u0440\u0438\u0440\u043e\u0432\u0430\u043d\u043d\u044b\u0439 \u043d\u0430 \u043e\u0441\u043d\u043e\u0432\u0435 \u0432\u0430\u0448\u0435\u0433\u043e \u0430\u0434\u0440\u0435\u0441\u0430 \u044d\u043b\u0435\u043a\u0442\u0440\u043e\u043d\u043d\u043e\u0439 \u043f\u043e\u0447\u0442\u044b (\u0442\u0430\u043a\u0436\u0435 \u043d\u0430\u0437\u044b\u0432\u0430\u0435\u043c\u044b\u0439 \u0445\u044d\u0448\u0435\u043c), \u043c\u043e\u0436\u0435\u0442 \u0431\u044b\u0442\u044c \u043f\u0440\u0435\u0434\u043e\u0441\u0442\u0430\u0432\u043b\u0435\u043d \u0441\u0435\u0440\u0432\u0438\u0441\u0443 Gravatar, \u0447\u0442\u043e\u0431\u044b \u043f\u0440\u043e\u0432\u0435\u0440\u0438\u0442\u044c, \u043f\u043e\u043b\u044c\u0437\u0443\u0435\u0442\u0435\u0441\u044c \u043b\u0438 \u0432\u044b \u044d\u0442\u0438\u043c \u0441\u0435\u0440\u0432\u0438\u0441\u043e\u043c. \u041f\u043e\u043b\u0438\u0442\u0438\u043a\u0430 \u043a\u043e\u043d\u0444\u0438\u0434\u0435\u043d\u0446\u0438\u0430\u043b\u044c\u043d\u043e\u0441\u0442\u0438 \u0441\u0435\u0440\u0432\u0438\u0441\u0430 Gravatar \u0434\u043e\u0441\u0442\u0443\u043f\u043d\u0430 \u043f\u043e \u0430\u0434\u0440\u0435\u0441\u0443 https:\/\/automattic.com\/privacy\/. \u041f\u043e\u0441\u043b\u0435 \u043e\u0434\u043e\u0431\u0440\u0435\u043d\u0438\u044f \u0432\u0430\u0448\u0435\u0433\u043e \u043a\u043e\u043c\u043c\u0435\u043d\u0442\u0430\u0440\u0438\u044f \u0444\u043e\u0442\u043e\u0433\u0440\u0430\u0444\u0438\u044f \u0432\u0430\u0448\u0435\u0433\u043e \u043f\u0440\u043e\u0444\u0438\u043b\u044f \u0431\u0443\u0434\u0435\u0442 \u043f\u0443\u0431\u043b\u0438\u0447\u043d\u043e \u043e\u0442\u043e\u0431\u0440\u0430\u0436\u0430\u0442\u044c\u0441\u044f \u0432\u043c\u0435\u0441\u0442\u0435 \u0441 \u0432\u0430\u0448\u0438\u043c \u043a\u043e\u043c\u043c\u0435\u043d\u0442\u0430\u0440\u0438\u0435\u043c.<\/p>\n\n\n\n<h3 class=\"wp-block-heading\">\u041e\u043a\u0440\u0443\u0436\u0430\u044e\u0449\u0430\u044f \u0441\u0440\u0435\u0434\u0430<\/h3>\n\n\n\n<p>\u0415\u0441\u043b\u0438 \u0432\u044b \u0437\u0430\u0433\u0440\u0443\u0436\u0430\u0435\u0442\u0435 \u043d\u0430 \u0432\u0435\u0431-\u0441\u0430\u0439\u0442 \u0438\u0437\u043e\u0431\u0440\u0430\u0436\u0435\u043d\u0438\u044f, \u0432\u0430\u043c \u0441\u043b\u0435\u0434\u0443\u0435\u0442 \u0438\u0437\u0431\u0435\u0433\u0430\u0442\u044c \u0437\u0430\u0433\u0440\u0443\u0437\u043a\u0438 \u0438\u0437\u043e\u0431\u0440\u0430\u0436\u0435\u043d\u0438\u0439 \u0441\u043e \u0432\u0441\u0442\u0440\u043e\u0435\u043d\u043d\u044b\u043c\u0438 \u0434\u0430\u043d\u043d\u044b\u043c\u0438 \u043e \u043c\u0435\u0441\u0442\u043e\u043f\u043e\u043b\u043e\u0436\u0435\u043d\u0438\u0438 (EXIF GPS). \u041f\u043e\u0441\u0435\u0442\u0438\u0442\u0435\u043b\u0438 \u0441\u0430\u0439\u0442\u0430 \u043c\u043e\u0433\u0443\u0442 \u0437\u0430\u0433\u0440\u0443\u0437\u0438\u0442\u044c \u0438 \u0438\u0437\u0432\u043b\u0435\u0447\u044c \u043b\u044e\u0431\u0443\u044e \u0438\u043d\u0444\u043e\u0440\u043c\u0430\u0446\u0438\u044e \u043e \u043c\u0435\u0441\u0442\u043e\u043f\u043e\u043b\u043e\u0436\u0435\u043d\u0438\u0438 \u0438\u0437 \u0438\u0437\u043e\u0431\u0440\u0430\u0436\u0435\u043d\u0438\u0439 \u043d\u0430 \u0441\u0430\u0439\u0442\u0435.<\/p>\n\n\n\n<h3 class=\"wp-block-heading\">\u041a\u043e\u043d\u0442\u0430\u043a\u0442\u043d\u044b\u0435 \u0444\u043e\u0440\u043c\u044b<\/h3>\n\n\n\n<h3 class=\"wp-block-heading\">\u041f\u0435\u0447\u0435\u043d\u044c\u0435<\/h3>\n\n\n\n<p>\u0415\u0441\u043b\u0438 \u0432\u044b \u043e\u0441\u0442\u0430\u0432\u043b\u044f\u0435\u0442\u0435 \u043a\u043e\u043c\u043c\u0435\u043d\u0442\u0430\u0440\u0438\u0439 \u043d\u0430 \u043d\u0430\u0448\u0435\u043c \u0441\u0430\u0439\u0442\u0435, \u0432\u044b \u043c\u043e\u0436\u0435\u0442\u0435 \u0432\u044b\u0431\u0440\u0430\u0442\u044c \u0441\u043e\u0445\u0440\u0430\u043d\u0435\u043d\u0438\u0435 \u0432\u0430\u0448\u0435\u0433\u043e \u0438\u043c\u0435\u043d\u0438, \u0430\u0434\u0440\u0435\u0441\u0430 \u044d\u043b\u0435\u043a\u0442\u0440\u043e\u043d\u043d\u043e\u0439 \u043f\u043e\u0447\u0442\u044b \u0438 \u0432\u0435\u0431-\u0441\u0430\u0439\u0442\u0430 \u0432 \u0444\u0430\u0439\u043b\u0430\u0445 cookie. \u042d\u0442\u043e \u0441\u0434\u0435\u043b\u0430\u043d\u043e \u0434\u043b\u044f \u0432\u0430\u0448\u0435\u0433\u043e \u0443\u0434\u043e\u0431\u0441\u0442\u0432\u0430, \u0447\u0442\u043e\u0431\u044b \u0432\u0430\u043c \u043d\u0435 \u043f\u0440\u0438\u0448\u043b\u043e\u0441\u044c \u0441\u043d\u043e\u0432\u0430 \u0432\u0432\u043e\u0434\u0438\u0442\u044c \u0441\u0432\u043e\u0438 \u0434\u0430\u043d\u043d\u044b\u0435, \u043a\u043e\u0433\u0434\u0430 \u0432\u044b \u043e\u0441\u0442\u0430\u0432\u043b\u044f\u0435\u0442\u0435 \u043e\u0447\u0435\u0440\u0435\u0434\u043d\u043e\u0439 \u043a\u043e\u043c\u043c\u0435\u043d\u0442\u0430\u0440\u0438\u0439. \u042d\u0442\u0438 \u0444\u0430\u0439\u043b\u044b cookie \u0441\u043e\u0445\u0440\u0430\u043d\u044f\u044e\u0442\u0441\u044f \u0432 \u0442\u0435\u0447\u0435\u043d\u0438\u0435 \u043e\u0434\u043d\u043e\u0433\u043e \u0433\u043e\u0434\u0430.<\/p>\n\n\n\n<p>\u0415\u0441\u043b\u0438 \u0443 \u0432\u0430\u0441 \u0435\u0441\u0442\u044c \u0443\u0447\u0435\u0442\u043d\u0430\u044f \u0437\u0430\u043f\u0438\u0441\u044c \u0438 \u0432\u044b \u0432\u0445\u043e\u0434\u0438\u0442\u0435 \u043d\u0430 \u044d\u0442\u043e\u0442 \u0441\u0430\u0439\u0442, \u043c\u044b \u0443\u0441\u0442\u0430\u043d\u0430\u0432\u043b\u0438\u0432\u0430\u0435\u043c \u0432\u0440\u0435\u043c\u0435\u043d\u043d\u044b\u0439 \u0444\u0430\u0439\u043b cookie, \u0447\u0442\u043e\u0431\u044b \u043e\u043f\u0440\u0435\u0434\u0435\u043b\u0438\u0442\u044c, \u043f\u0440\u0438\u043d\u0438\u043c\u0430\u0435\u0442 \u043b\u0438 \u0432\u0430\u0448 \u0431\u0440\u0430\u0443\u0437\u0435\u0440 \u0444\u0430\u0439\u043b\u044b cookie. \u042d\u0442\u043e\u0442 \u0444\u0430\u0439\u043b cookie \u043d\u0435 \u0441\u043e\u0434\u0435\u0440\u0436\u0438\u0442 \u043f\u0435\u0440\u0441\u043e\u043d\u0430\u043b\u044c\u043d\u044b\u0445 \u0434\u0430\u043d\u043d\u044b\u0445 \u0438 \u0443\u0434\u0430\u043b\u044f\u0435\u0442\u0441\u044f \u043f\u0440\u0438 \u0437\u0430\u043a\u0440\u044b\u0442\u0438\u0438 \u0431\u0440\u0430\u0443\u0437\u0435\u0440\u0430.<\/p>\n\n\n\n<p>\u041a\u043e\u0433\u0434\u0430 \u0432\u044b \u0432\u0445\u043e\u0434\u0438\u0442\u0435 \u0432 \u0441\u0438\u0441\u0442\u0435\u043c\u0443, \u043c\u044b \u0441\u043e\u0445\u0440\u0430\u043d\u044f\u0435\u043c \u043d\u0435\u0441\u043a\u043e\u043b\u044c\u043a\u043e \u0444\u0430\u0439\u043b\u043e\u0432 cookie, \u0447\u0442\u043e\u0431\u044b \u0441\u043e\u0445\u0440\u0430\u043d\u0438\u0442\u044c \u0432\u0430\u0448\u0438 \u0434\u0430\u043d\u043d\u044b\u0435 \u0434\u043b\u044f \u0432\u0445\u043e\u0434\u0430 \u0432 \u0441\u0438\u0441\u0442\u0435\u043c\u0443 \u0438 \u0432\u044b\u0431\u043e\u0440 \u044d\u043a\u0440\u0430\u043d\u0430. \u0424\u0430\u0439\u043b\u044b cookie \u0434\u043b\u044f \u0432\u0445\u043e\u0434\u0430 \u0432 \u0441\u0438\u0441\u0442\u0435\u043c\u0443 \u0441\u043e\u0445\u0440\u0430\u043d\u044f\u044e\u0442\u0441\u044f \u0432 \u0442\u0435\u0447\u0435\u043d\u0438\u0435 \u0434\u0432\u0443\u0445 \u0434\u043d\u0435\u0439, \u0430 \u0444\u0430\u0439\u043b\u044b cookie \u0434\u043b\u044f \u0432\u044b\u0431\u043e\u0440\u0430 \u044d\u043a\u0440\u0430\u043d\u0430 - \u0432 \u0442\u0435\u0447\u0435\u043d\u0438\u0435 \u043e\u0434\u043d\u043e\u0433\u043e \u0433\u043e\u0434\u0430. \u0415\u0441\u043b\u0438 \u0432\u044b \u0432\u044b\u0431\u0435\u0440\u0435\u0442\u0435 \u043e\u043f\u0446\u0438\u044e \"\u0417\u0430\u043f\u043e\u043c\u043d\u0438\u0442\u044c \u043c\u0435\u043d\u044f\", \u0432\u0430\u0448 \u043b\u043e\u0433\u0438\u043d \u0431\u0443\u0434\u0435\u0442 \u0441\u043e\u0445\u0440\u0430\u043d\u044f\u0442\u044c\u0441\u044f \u0432 \u0442\u0435\u0447\u0435\u043d\u0438\u0435 \u0434\u0432\u0443\u0445 \u043d\u0435\u0434\u0435\u043b\u044c. \u0415\u0441\u043b\u0438 \u0432\u044b \u0432\u044b\u0439\u0434\u0435\u0442\u0435 \u0438\u0437 \u0441\u0432\u043e\u0435\u0439 \u0443\u0447\u0435\u0442\u043d\u043e\u0439 \u0437\u0430\u043f\u0438\u0441\u0438, \u0444\u0430\u0439\u043b\u044b cookie \u0434\u043b\u044f \u0432\u0445\u043e\u0434\u0430 \u0431\u0443\u0434\u0443\u0442 \u0443\u0434\u0430\u043b\u0435\u043d\u044b.<\/p>\n\n\n\n<p>\u0415\u0441\u043b\u0438 \u0432\u044b \u0440\u0435\u0434\u0430\u043a\u0442\u0438\u0440\u0443\u0435\u0442\u0435 \u0438\u043b\u0438 \u043f\u0443\u0431\u043b\u0438\u043a\u0443\u0435\u0442\u0435 \u0441\u0442\u0430\u0442\u044c\u044e, \u0432 \u0432\u0430\u0448\u0435\u043c \u0431\u0440\u0430\u0443\u0437\u0435\u0440\u0435 \u0441\u043e\u0445\u0440\u0430\u043d\u044f\u0435\u0442\u0441\u044f \u0434\u043e\u043f\u043e\u043b\u043d\u0438\u0442\u0435\u043b\u044c\u043d\u044b\u0439 \u0444\u0430\u0439\u043b cookie. \u042d\u0442\u043e\u0442 cookie \u043d\u0435 \u0441\u043e\u0434\u0435\u0440\u0436\u0438\u0442 \u043f\u0435\u0440\u0441\u043e\u043d\u0430\u043b\u044c\u043d\u044b\u0445 \u0434\u0430\u043d\u043d\u044b\u0445 \u0438 \u0443\u043a\u0430\u0437\u044b\u0432\u0430\u0435\u0442 \u0442\u043e\u043b\u044c\u043a\u043e \u0438\u0434\u0435\u043d\u0442\u0438\u0444\u0438\u043a\u0430\u0442\u043e\u0440 \u043f\u043e\u0441\u0442\u0430 \u043e\u0442\u0440\u0435\u0434\u0430\u043a\u0442\u0438\u0440\u043e\u0432\u0430\u043d\u043d\u043e\u0439 \u0432\u0430\u043c\u0438 \u0441\u0442\u0430\u0442\u044c\u0438. \u0421\u0440\u043e\u043a \u0434\u0435\u0439\u0441\u0442\u0432\u0438\u044f \u0438\u0441\u0442\u0435\u043a\u0430\u0435\u0442 \u0447\u0435\u0440\u0435\u0437 1 \u0434\u0435\u043d\u044c.<\/p>\n\n\n\n<h3 class=\"wp-block-heading\">\u0412\u0441\u0442\u0440\u043e\u0435\u043d\u043d\u044b\u0439 \u043a\u043e\u043d\u0442\u0435\u043d\u0442 \u0441 \u0434\u0440\u0443\u0433\u0438\u0445 \u0441\u0430\u0439\u0442\u043e\u0432<\/h3>\n\n\n\n<p>\u0421\u0442\u0430\u0442\u044c\u0438 \u043d\u0430 \u044d\u0442\u043e\u043c \u0441\u0430\u0439\u0442\u0435 \u043c\u043e\u0433\u0443\u0442 \u0441\u043e\u0434\u0435\u0440\u0436\u0430\u0442\u044c \u0432\u0441\u0442\u0440\u043e\u0435\u043d\u043d\u044b\u0439 \u043a\u043e\u043d\u0442\u0435\u043d\u0442 (\u043d\u0430\u043f\u0440\u0438\u043c\u0435\u0440, \u0432\u0438\u0434\u0435\u043e, \u0438\u0437\u043e\u0431\u0440\u0430\u0436\u0435\u043d\u0438\u044f, \u0441\u0442\u0430\u0442\u044c\u0438 \u0438 \u0442. \u0434.). \u041a\u043e\u043d\u0442\u0435\u043d\u0442, \u0432\u0441\u0442\u0440\u043e\u0435\u043d\u043d\u044b\u0439 \u0441 \u0434\u0440\u0443\u0433\u0438\u0445 \u0441\u0430\u0439\u0442\u043e\u0432, \u0432\u0435\u0434\u0435\u0442 \u0441\u0435\u0431\u044f \u0442\u043e\u0447\u043d\u043e \u0442\u0430\u043a \u0436\u0435, \u043a\u0430\u043a \u0435\u0441\u043b\u0438 \u0431\u044b \u043f\u043e\u0441\u0435\u0442\u0438\u0442\u0435\u043b\u044c \u0437\u0430\u0448\u0435\u043b \u043d\u0430 \u0434\u0440\u0443\u0433\u043e\u0439 \u0441\u0430\u0439\u0442.<\/p>\n\n\n\n<p>\u042d\u0442\u0438 \u0441\u0430\u0439\u0442\u044b \u043c\u043e\u0433\u0443\u0442 \u0441\u043e\u0431\u0438\u0440\u0430\u0442\u044c \u0434\u0430\u043d\u043d\u044b\u0435 \u043e \u0432\u0430\u0441, \u0438\u0441\u043f\u043e\u043b\u044c\u0437\u043e\u0432\u0430\u0442\u044c \u0444\u0430\u0439\u043b\u044b cookie, \u043e\u0442\u0441\u043b\u0435\u0436\u0438\u0432\u0430\u0442\u044c \u0432\u0441\u0442\u0440\u043e\u0435\u043d\u043d\u044b\u0439 \u0442\u0440\u0435\u0442\u044c\u0435\u0439 \u0441\u0442\u043e\u0440\u043e\u043d\u043e\u0439 \u043a\u043e\u043d\u0442\u0435\u043d\u0442 \u0438, \u0435\u0441\u043b\u0438 \u0443 \u0432\u0430\u0441 \u0435\u0441\u0442\u044c \u0443\u0447\u0435\u0442\u043d\u0430\u044f \u0437\u0430\u043f\u0438\u0441\u044c \u0438 \u0432\u044b \u0432\u043e\u0448\u043b\u0438 \u043d\u0430 \u044d\u0442\u043e\u0442 \u0441\u0430\u0439\u0442, \u043e\u0442\u0441\u043b\u0435\u0436\u0438\u0432\u0430\u0442\u044c \u0432\u0430\u0448\u0435 \u0432\u0437\u0430\u0438\u043c\u043e\u0434\u0435\u0439\u0441\u0442\u0432\u0438\u0435 \u0441 \u044d\u0442\u0438\u043c \u0432\u0441\u0442\u0440\u043e\u0435\u043d\u043d\u044b\u043c \u043a\u043e\u043d\u0442\u0435\u043d\u0442\u043e\u043c, \u0432\u043a\u043b\u044e\u0447\u0430\u044f \u043e\u0442\u0441\u043b\u0435\u0436\u0438\u0432\u0430\u043d\u0438\u0435 \u0432\u0430\u0448\u0435\u0433\u043e \u0432\u0437\u0430\u0438\u043c\u043e\u0434\u0435\u0439\u0441\u0442\u0432\u0438\u044f \u0441\u043e \u0432\u0441\u0442\u0440\u043e\u0435\u043d\u043d\u044b\u043c \u043a\u043e\u043d\u0442\u0435\u043d\u0442\u043e\u043c.<\/p>\n\n\n\n<h3 class=\"wp-block-heading\">\u0410\u043d\u0430\u043b\u0438\u0437<\/h3>\n\n\n\n<h2 class=\"wp-block-heading\">\u0421 \u043a\u0435\u043c \u043c\u044b \u0434\u0435\u043b\u0438\u043c\u0441\u044f \u0432\u0430\u0448\u0438\u043c\u0438 \u0434\u0430\u043d\u043d\u044b\u043c\u0438<\/h2>\n\n\n\n<h2 class=\"wp-block-heading\">\u041a\u0430\u043a \u0434\u043e\u043b\u0433\u043e \u043c\u044b \u0445\u0440\u0430\u043d\u0438\u043c \u0432\u0430\u0448\u0438 \u0434\u0430\u043d\u043d\u044b\u0435<\/h2>\n\n\n\n<p>\u0415\u0441\u043b\u0438 \u0432\u044b \u043e\u0441\u0442\u0430\u0432\u043b\u044f\u0435\u0442\u0435 \u043a\u043e\u043c\u043c\u0435\u043d\u0442\u0430\u0440\u0438\u0439, \u043e\u043d \u0438 \u0435\u0433\u043e \u043c\u0435\u0442\u0430\u0434\u0430\u043d\u043d\u044b\u0435 \u0441\u043e\u0445\u0440\u0430\u043d\u044f\u044e\u0442\u0441\u044f \u043d\u0430 \u043d\u0435\u043e\u043f\u0440\u0435\u0434\u0435\u043b\u0435\u043d\u043d\u044b\u0439 \u0441\u0440\u043e\u043a. \u0422\u0430\u043a\u0438\u043c \u043e\u0431\u0440\u0430\u0437\u043e\u043c, \u043c\u044b \u043c\u043e\u0436\u0435\u043c \u0430\u0432\u0442\u043e\u043c\u0430\u0442\u0438\u0447\u0435\u0441\u043a\u0438 \u0440\u0430\u0441\u043f\u043e\u0437\u043d\u0430\u0432\u0430\u0442\u044c \u0438 \u043e\u0434\u043e\u0431\u0440\u044f\u0442\u044c \u0432\u0430\u0448\u0438 \u043f\u043e\u0441\u043b\u0435\u0434\u0443\u044e\u0449\u0438\u0435 \u043a\u043e\u043c\u043c\u0435\u043d\u0442\u0430\u0440\u0438\u0438 \u0432\u043c\u0435\u0441\u0442\u043e \u0442\u043e\u0433\u043e, \u0447\u0442\u043e\u0431\u044b \u0434\u0435\u0440\u0436\u0430\u0442\u044c \u0438\u0445 \u0432 \u043e\u0447\u0435\u0440\u0435\u0434\u0438 \u043d\u0430 \u043c\u043e\u0434\u0435\u0440\u0430\u0446\u0438\u044e.<\/p>\n\n\n\n<p>\u0414\u043b\u044f \u043f\u043e\u043b\u044c\u0437\u043e\u0432\u0430\u0442\u0435\u043b\u0435\u0439, \u043a\u043e\u0442\u043e\u0440\u044b\u0435 \u0440\u0435\u0433\u0438\u0441\u0442\u0440\u0438\u0440\u0443\u044e\u0442\u0441\u044f \u043d\u0430 \u043d\u0430\u0448\u0435\u043c \u0441\u0430\u0439\u0442\u0435, \u043c\u044b \u0442\u0430\u043a\u0436\u0435 \u0445\u0440\u0430\u043d\u0438\u043c \u043b\u0438\u0447\u043d\u0443\u044e \u0438\u043d\u0444\u043e\u0440\u043c\u0430\u0446\u0438\u044e, \u043a\u043e\u0442\u043e\u0440\u0443\u044e \u043e\u043d\u0438 \u043f\u0440\u0435\u0434\u043e\u0441\u0442\u0430\u0432\u043b\u044f\u044e\u0442 \u0432 \u0441\u0432\u043e\u0435\u043c \u043f\u0440\u043e\u0444\u0438\u043b\u0435 \u043f\u043e\u043b\u044c\u0437\u043e\u0432\u0430\u0442\u0435\u043b\u044f (\u0435\u0441\u043b\u0438 \u0442\u0430\u043a\u043e\u0432\u043e\u0439 \u0438\u043c\u0435\u0435\u0442\u0441\u044f). \u0412\u0441\u0435 \u043f\u043e\u043b\u044c\u0437\u043e\u0432\u0430\u0442\u0435\u043b\u0438 \u043c\u043e\u0433\u0443\u0442 \u043f\u0440\u043e\u0441\u043c\u0430\u0442\u0440\u0438\u0432\u0430\u0442\u044c, \u0440\u0435\u0434\u0430\u043a\u0442\u0438\u0440\u043e\u0432\u0430\u0442\u044c \u0438\u043b\u0438 \u0443\u0434\u0430\u043b\u044f\u0442\u044c \u0441\u0432\u043e\u044e \u043b\u0438\u0447\u043d\u0443\u044e \u0438\u043d\u0444\u043e\u0440\u043c\u0430\u0446\u0438\u044e \u0432 \u043b\u044e\u0431\u043e\u0435 \u0432\u0440\u0435\u043c\u044f (\u0437\u0430 \u0438\u0441\u043a\u043b\u044e\u0447\u0435\u043d\u0438\u0435\u043c \u0438\u0437\u043c\u0435\u043d\u0435\u043d\u0438\u044f \u0438\u043c\u0435\u043d\u0438 \u043f\u043e\u043b\u044c\u0437\u043e\u0432\u0430\u0442\u0435\u043b\u044f). \u0410\u0434\u043c\u0438\u043d\u0438\u0441\u0442\u0440\u0430\u0442\u043e\u0440\u044b \u0441\u0430\u0439\u0442\u0430 \u0442\u0430\u043a\u0436\u0435 \u043c\u043e\u0433\u0443\u0442 \u043f\u0440\u043e\u0441\u043c\u0430\u0442\u0440\u0438\u0432\u0430\u0442\u044c \u0438 \u0440\u0435\u0434\u0430\u043a\u0442\u0438\u0440\u043e\u0432\u0430\u0442\u044c \u044d\u0442\u0443 \u0438\u043d\u0444\u043e\u0440\u043c\u0430\u0446\u0438\u044e.<\/p>\n\n\n\n<h2 class=\"wp-block-heading\">\u041a\u0430\u043a\u043e\u0432\u044b \u0432\u0430\u0448\u0438 \u043f\u0440\u0430\u0432\u0430 \u0432 \u043e\u0442\u043d\u043e\u0448\u0435\u043d\u0438\u0438 \u0432\u0430\u0448\u0438\u0445 \u0434\u0430\u043d\u043d\u044b\u0445<\/h2>\n\n\n\n<p>\u0415\u0441\u043b\u0438 \u0443 \u0432\u0430\u0441 \u0435\u0441\u0442\u044c \u0443\u0447\u0435\u0442\u043d\u0430\u044f \u0437\u0430\u043f\u0438\u0441\u044c \u0438\u043b\u0438 \u043a\u043e\u043c\u043c\u0435\u043d\u0442\u0430\u0440\u0438\u0438 \u043d\u0430 \u044d\u0442\u043e\u043c \u0441\u0430\u0439\u0442\u0435, \u0432\u044b \u043c\u043e\u0436\u0435\u0442\u0435 \u0437\u0430\u043f\u0440\u043e\u0441\u0438\u0442\u044c \u044d\u043a\u0441\u043f\u043e\u0440\u0442\u0438\u0440\u043e\u0432\u0430\u043d\u043d\u044b\u0439 \u0444\u0430\u0439\u043b \u0441 \u043f\u0435\u0440\u0441\u043e\u043d\u0430\u043b\u044c\u043d\u044b\u043c\u0438 \u0434\u0430\u043d\u043d\u044b\u043c\u0438, \u043a\u043e\u0442\u043e\u0440\u044b\u0435 \u043c\u044b \u0445\u0440\u0430\u043d\u0438\u043c \u043e \u0432\u0430\u0441, \u0432\u043a\u043b\u044e\u0447\u0430\u044f \u043b\u044e\u0431\u044b\u0435 \u0434\u0430\u043d\u043d\u044b\u0435, \u043a\u043e\u0442\u043e\u0440\u044b\u0435 \u0432\u044b \u043d\u0430\u043c \u043f\u0440\u0435\u0434\u043e\u0441\u0442\u0430\u0432\u0438\u043b\u0438. \u0412\u044b \u0442\u0430\u043a\u0436\u0435 \u043c\u043e\u0436\u0435\u0442\u0435 \u043f\u043e\u043f\u0440\u043e\u0441\u0438\u0442\u044c \u0443\u0434\u0430\u043b\u0438\u0442\u044c \u0432\u0441\u0435 \u0438\u043c\u0435\u044e\u0449\u0438\u0435\u0441\u044f \u0443 \u043d\u0430\u0441 \u043f\u0435\u0440\u0441\u043e\u043d\u0430\u043b\u044c\u043d\u044b\u0435 \u0434\u0430\u043d\u043d\u044b\u0435 \u043e \u0432\u0430\u0441. \u0421\u044e\u0434\u0430 \u043d\u0435 \u0432\u0445\u043e\u0434\u044f\u0442 \u0434\u0430\u043d\u043d\u044b\u0435, \u043a\u043e\u0442\u043e\u0440\u044b\u0435 \u043c\u044b \u0434\u043e\u043b\u0436\u043d\u044b \u043f\u0440\u0435\u0434\u043e\u0441\u0442\u0430\u0432\u0438\u0442\u044c \u0432 \u0430\u0434\u043c\u0438\u043d\u0438\u0441\u0442\u0440\u0430\u0442\u0438\u0432\u043d\u044b\u0445, \u044e\u0440\u0438\u0434\u0438\u0447\u0435\u0441\u043a\u0438\u0445 \u0446\u0435\u043b\u044f\u0445 \u0438\u043b\u0438 \u0432 \u0446\u0435\u043b\u044f\u0445 \u0431\u0435\u0437\u043e\u043f\u0430\u0441\u043d\u043e\u0441\u0442\u0438.<\/p>\n\n\n\n<h2 class=\"wp-block-heading\">\u041a\u0443\u0434\u0430 \u043c\u044b \u043e\u0442\u043f\u0440\u0430\u0432\u043b\u044f\u0435\u043c \u0432\u0430\u0448\u0438 \u0434\u0430\u043d\u043d\u044b\u0435<\/h2>\n\n\n\n<p>\u041a\u043e\u043c\u043c\u0435\u043d\u0442\u0430\u0440\u0438\u0438 \u043f\u043e\u0441\u0435\u0442\u0438\u0442\u0435\u043b\u0435\u0439 \u043c\u043e\u0436\u043d\u043e \u043f\u0440\u043e\u0432\u0435\u0440\u0438\u0442\u044c \u0441 \u043f\u043e\u043c\u043e\u0449\u044c\u044e \u0441\u043b\u0443\u0436\u0431\u044b \u0430\u0432\u0442\u043e\u043c\u0430\u0442\u0438\u0447\u0435\u0441\u043a\u043e\u0433\u043e \u043e\u0431\u043d\u0430\u0440\u0443\u0436\u0435\u043d\u0438\u044f \u0441\u043f\u0430\u043c\u0430.<\/p>\n\n\n\n<h2 class=\"wp-block-heading\">\u0412\u0430\u0448\u0438 \u043a\u043e\u043d\u0442\u0430\u043a\u0442\u043d\u044b\u0435 \u0434\u0430\u043d\u043d\u044b\u0435<\/h2>\n\n\n\n<h2 class=\"wp-block-heading\">\u0414\u043e\u043f\u043e\u043b\u043d\u0438\u0442\u0435\u043b\u044c\u043d\u0430\u044f \u0438\u043d\u0444\u043e\u0440\u043c\u0430\u0446\u0438\u044f<\/h2>\n\n\n\n<h3 class=\"wp-block-heading\">\u041a\u0430\u043a \u043c\u044b \u0437\u0430\u0449\u0438\u0449\u0430\u0435\u043c \u0432\u0430\u0448\u0438 \u0434\u0430\u043d\u043d\u044b\u0435<\/h3>\n\n\n\n<h3 class=\"wp-block-heading\">\u041a\u0430\u043a\u0438\u0435 \u0443 \u043d\u0430\u0441 \u0435\u0441\u0442\u044c \u043f\u0440\u043e\u0446\u0435\u0434\u0443\u0440\u044b \u043f\u043e \u0431\u043e\u0440\u044c\u0431\u0435 \u0441 \u0443\u0442\u0435\u0447\u043a\u043e\u0439 \u0434\u0430\u043d\u043d\u044b\u0445<\/h3>\n\n\n\n<h3 class=\"wp-block-heading\">\u041e\u0442 \u043a\u0430\u043a\u0438\u0445 \u0442\u0440\u0435\u0442\u044c\u0438\u0445 \u043b\u0438\u0446 \u043c\u044b \u043f\u043e\u043b\u0443\u0447\u0430\u0435\u043c \u0434\u0430\u043d\u043d\u044b\u0435<\/h3>\n\n\n\n<h3 class=\"wp-block-heading\">\u041a\u0430\u043a\u043e\u0439 \u0442\u0438\u043f \u0430\u0432\u0442\u043e\u043c\u0430\u0442\u0438\u0437\u0438\u0440\u043e\u0432\u0430\u043d\u043d\u043e\u0433\u043e \u043f\u0440\u0438\u043d\u044f\u0442\u0438\u044f \u0440\u0435\u0448\u0435\u043d\u0438\u0439 \u0438\/\u0438\u043b\u0438 \u043f\u0440\u043e\u0444\u0438\u043b\u0438\u0440\u043e\u0432\u0430\u043d\u0438\u044f \u043c\u044b \u043f\u0440\u043e\u0432\u043e\u0434\u0438\u043c \u0441 \u0434\u0430\u043d\u043d\u044b\u043c\u0438 \u043f\u043e\u043b\u044c\u0437\u043e\u0432\u0430\u0442\u0435\u043b\u0435\u0439?<\/h3>\n\n\n\n<h3 class=\"wp-block-heading\">\u041e\u0431\u044f\u0437\u0430\u0442\u0435\u043b\u044c\u0441\u0442\u0432\u043e \u041c\u0438\u043d\u0438\u0441\u0442\u0435\u0440\u0441\u0442\u0432\u0430 \u043f\u0440\u043e\u043c\u044b\u0448\u043b\u0435\u043d\u043d\u043e\u0441\u0442\u0438 \u043f\u043e \u0440\u0430\u0441\u043a\u0440\u044b\u0442\u0438\u044e \u0438\u043d\u0444\u043e\u0440\u043c\u0430\u0446\u0438\u0438<\/h3>","protected":false},"excerpt":{"rendered":"<p>Biz kimiz Web sitemizin adresi: http:\/\/hortum.com.tr. Hangi ki\u015fisel bilgileri ne ama\u00e7la topluyoruz Yorumlar Ziyaret\u00e7iler sitede yorum b\u0131rakt\u0131\u011f\u0131nda yorum formunda g\u00f6sterilen verileri ve ayr\u0131ca istenmeyen yorum tespitine yard\u0131mc\u0131 olmak i\u00e7in ziyaret\u00e7inin IP adresi ve taray\u0131c\u0131 bilgisi metnini de toplar\u0131z. E-posta adresinizden olu\u015fturulmu\u015f anonimle\u015ftirilmi\u015f bir metin (hash olarak da adland\u0131r\u0131l\u0131r) Gravatar hizmetine, servisi kullan\u0131p kullanmad\u0131\u011f\u0131n\u0131z\u0131 g\u00f6rmek i\u00e7in, [&#8230;]\n","protected":false},"author":1,"featured_media":0,"parent":0,"menu_order":0,"comment_status":"closed","ping_status":"open","template":"","meta":{"jetpack_post_was_ever_published":false,"footnotes":""},"class_list":["post-3","page","type-page","status-publish","hentry"],"jetpack-related-posts":[{"id":94,"url":"https:\/\/tuzlahortum.com.tr\/ru\/","url_meta":{"origin":3,"position":0},"title":"\u0428\u043b\u0430\u043d\u0433\u0438 \u0434\u043b\u044f \u0437\u0430\u043b\u0438\u0432\u043a\u0438","author":"admin","date":"6 \u0430\u0432\u0433\u0443\u0441\u0442\u0430 2013","format":false,"excerpt":"","rel":"","context":"\u041f\u043e\u0445\u043e\u0436\u0430\u044f \u0437\u0430\u043f\u0438\u0441\u044c","block_context":{"text":"\u041f\u043e\u0445\u043e\u0436\u0430\u044f \u0437\u0430\u043f\u0438\u0441\u044c","link":""},"img":{"alt_text":"","src":"","width":0,"height":0},"classes":[]}],"jetpack_sharing_enabled":true,"jetpack_likes_enabled":true,"_links":{"self":[{"href":"https:\/\/tuzlahortum.com.tr\/ru\/wp-json\/wp\/v2\/pages\/3","targetHints":{"allow":["GET"]}}],"collection":[{"href":"https:\/\/tuzlahortum.com.tr\/ru\/wp-json\/wp\/v2\/pages"}],"about":[{"href":"https:\/\/tuzlahortum.com.tr\/ru\/wp-json\/wp\/v2\/types\/page"}],"author":[{"embeddable":true,"href":"https:\/\/tuzlahortum.com.tr\/ru\/wp-json\/wp\/v2\/users\/1"}],"replies":[{"embeddable":true,"href":"https:\/\/tuzlahortum.com.tr\/ru\/wp-json\/wp\/v2\/comments?post=3"}],"version-history":[{"count":0,"href":"https:\/\/tuzlahortum.com.tr\/ru\/wp-json\/wp\/v2\/pages\/3\/revisions"}],"wp:attachment":[{"href":"https:\/\/tuzlahortum.com.tr\/ru\/wp-json\/wp\/v2\/media?parent=3"}],"curies":[{"name":"wp","href":"https:\/\/api.w.org\/{rel}","templated":true}]}}