{"id":29,"date":"2016-06-29T08:39:48","date_gmt":"2016-06-29T08:39:48","guid":{"rendered":"http:\/\/flatsome.dev\/?page_id=7921"},"modified":"2020-06-18T15:50:55","modified_gmt":"2020-06-18T12:50:55","slug":"video","status":"publish","type":"page","link":"https:\/\/tuzlahortum.com.tr\/ru\/elements\/video\/","title":{"rendered":"Video"},"content":{"rendered":"<div class=\"row\"  id=\"row-944581482\">\n\n\n\t<div id=\"col-1445891288\" class=\"col medium-4 small-12 large-4\"  >\n\t\t\t\t<div class=\"col-inner\"  >\n\t\t\t\n\t\t\t\n\n<div class=\"video video-fit mb\" style=\"padding-top:56.25%;\"><iframe loading=\"lazy\" title=\"\u0412\u044b\u0431\u043e\u0440 \u043f\u043e\u0434\u0445\u043e\u0434\u044f\u0449\u0435\u0433\u043e \u043f\u0440\u043e\u0434\u0443\u043a\u0442\u0430 \u2014 \u0448\u043b\u0430\u043d\u0433\" width=\"1020\" height=\"574\" src=\"https:\/\/www.youtube.com\/embed\/T8D69YsgW7o?feature=oembed\" frameborder=\"0\" allow=\"accelerometer; autoplay; clipboard-write; encrypted-media; gyroscope; picture-in-picture\" allowfullscreen><\/iframe><\/div>\n\n<h3>\u0412\u044b\u0431\u043e\u0440 \u043f\u043e\u0434\u0445\u043e\u0434\u044f\u0449\u0435\u0433\u043e \u043f\u0440\u043e\u0434\u0443\u043a\u0442\u0430 \u2013 \u0448\u043b\u0430\u043d\u0433<\/h3>\n<p>\u041f\u043e\u0434\u0431\u043e\u0440 \u0448\u043b\u0430\u043d\u0433\u043e\u0432 \u2013 \u044d\u0442\u043e \u043f\u0440\u043e\u0446\u0435\u0441\u0441, \u043a\u043e\u0442\u043e\u0440\u044b\u0439 \u043f\u0440\u043e\u043c\u044b\u0448\u043b\u0435\u043d\u043d\u044b\u0435 \u043f\u0440\u0435\u0434\u043f\u0440\u0438\u044f\u0442\u0438\u044f \u043e\u0431\u044b\u0447\u043d\u043e \u0432\u044b\u043f\u043e\u043b\u043d\u044f\u044e\u0442 \u043d\u0435\u043f\u0440\u0430\u0432\u0438\u043b\u044c\u043d\u043e. \u0418\u043d\u043e\u0433\u0434\u0430 \u043f\u0440\u0438 \u0432\u044b\u0431\u043e\u0440\u0435 \u043f\u043e\u0434\u0445\u043e\u0434\u044f\u0449\u0435\u0433\u043e \u043f\u0440\u043e\u0434\u0443\u043a\u0442\u0430 \u043c\u043e\u0436\u0435\u0442 \u0432\u043e\u0437\u043d\u0438\u043a\u043d\u0443\u0442\u044c \u043d\u0435\u043f\u0440\u0430\u0432\u0438\u043b\u044c\u043d\u043e\u0435 \u0438\u0441\u043f\u043e\u043b\u044c\u0437\u043e\u0432\u0430\u043d\u0438\u0435. \u041d\u0430\u0448\u0430 \u0446\u0435\u043b\u044c \u0432 \u044d\u0442\u043e\u043c \u0432\u0438\u0434\u0435\u043e \u2014 \u043f\u0440\u0435\u0434\u043e\u0441\u0442\u0430\u0432\u0438\u0442\u044c \u0432\u0430\u043c \u0438\u043d\u0444\u043e\u0440\u043c\u0430\u0446\u0438\u044e, \u043d\u0435\u043e\u0431\u0445\u043e\u0434\u0438\u043c\u0443\u044e \u0434\u043b\u044f \u0442\u043e\u0447\u043d\u043e\u0433\u043e \u043e\u043f\u0440\u0435\u0434\u0435\u043b\u0435\u043d\u0438\u044f \u0442\u043e\u0433\u043e, \u0447\u0442\u043e \u0432\u0430\u043c \u043d\u0443\u0436\u043d\u043e \u043f\u0440\u0438 \u043f\u043e\u043a\u0443\u043f\u043a\u0435 \u043f\u0440\u043e\u0434\u0443\u043a\u0442\u0430.<\/p>\n\n\t\t<\/div>\n\t\t\t\t\t<\/div>\n\n\t\n\n\t<div id=\"col-1613482189\" class=\"col medium-4 small-12 large-4\"  >\n\t\t\t\t<div class=\"col-inner\"  >\n\t\t\t\n\t\t\t\n\n<div class=\"video video-fit mb\" style=\"padding-top:56.25%;\"><p><iframe loading=\"lazy\" title=\"\u041f\u0440\u0438\u0447\u0438\u043d\u044b \u0440\u0430\u0437\u043d\u0438\u0446\u044b \u0432 \u0446\u0435\u043d\u0430\u0445 \u043d\u0430 \u0448\u043b\u0430\u043d\u0433\u0438\" width=\"1020\" height=\"574\" src=\"https:\/\/www.youtube.com\/embed\/xHATLQVUEJU?feature=oembed\" frameborder=\"0\" allow=\"accelerometer; autoplay; clipboard-write; encrypted-media; gyroscope; picture-in-picture\" allowfullscreen><\/iframe><\/p>\n<\/div>\n\n<h3>\u041f\u043e\u0447\u0435\u043c\u0443 \u0446\u0435\u043d\u044b \u0432\u044b\u0441\u043e\u043a\u0438\u0435?<\/h3>\n<p>\u041d\u0430 \u0447\u0435\u043c \u043e\u0441\u043d\u043e\u0432\u0430\u043d\u0430 \u0440\u0430\u0437\u043d\u0438\u0446\u0430 \u0432 \u0446\u0435\u043d\u0430\u0445 \u043d\u0430 \u0448\u043b\u0430\u043d\u0433\u0438, \u0442\u0430\u0439\u043d\u044b\u0445 \u0433\u0435\u0440\u043e\u0435\u0432 \u043f\u0440\u043e\u043c\u044b\u0448\u043b\u0435\u043d\u043d\u043e\u0439 \u0436\u0438\u0437\u043d\u0438, \u043a\u043e\u0442\u043e\u0440\u044b\u0435 \u0438\u0441\u043f\u043e\u043b\u044c\u0437\u0443\u044e\u0442\u0441\u044f \u0434\u043b\u044f \u043f\u0435\u0440\u0435\u0434\u0430\u0447\u0438 \u043f\u0440\u0430\u043a\u0442\u0438\u0447\u0435\u0441\u043a\u0438 \u0432\u0441\u0435\u0445 \u0432\u0438\u0434\u043e\u0432 \u0432\u0435\u0449\u0435\u0441\u0442\u0432? \u041d\u0430 \u0447\u0442\u043e \u0441\u043b\u0435\u0434\u0443\u0435\u0442 \u043e\u0431\u0440\u0430\u0442\u0438\u0442\u044c \u0432\u043d\u0438\u043c\u0430\u043d\u0438\u0435 \u043f\u0440\u0438 \u043f\u043e\u043a\u0443\u043f\u043a\u0435.<\/p>\n\n\t\t<\/div>\n\t\t\t\t\t<\/div>\n\n\t\n\n\t<div id=\"col-625505122\" class=\"col medium-4 small-12 large-4\"  >\n\t\t\t\t<div class=\"col-inner\"  >\n\t\t\t\n\t\t\t\n\n<div class=\"video video-fit mb\" style=\"padding-top:56.25%;\"><p><iframe loading=\"lazy\" title=\"\u041f\u0443\u0442\u0430\u043d\u0438\u0446\u0430 \u0432 \u0438\u0437\u043c\u0435\u0440\u0435\u043d\u0438\u044f\u0445 (\u0434\u044e\u0439\u043c\u044b, \u043f\u0430\u043b\u044c\u0446\u044b, \u0434\u044b\u043c\u043a\u0430, \u043c\u0438\u043b\u043b\u0438\u043c\u0435\u0442\u0440\u044b)\" width=\"1020\" height=\"574\" src=\"https:\/\/www.youtube.com\/embed\/uKk6AG_AZls?feature=oembed\" frameborder=\"0\" allow=\"accelerometer; autoplay; clipboard-write; encrypted-media; gyroscope; picture-in-picture\" allowfullscreen><\/iframe><\/p>\n<\/div>\n\n<h3>\u041f\u0443\u0442\u0430\u043d\u0438\u0446\u0430 \u0432 \u0438\u0437\u043c\u0435\u0440\u0435\u043d\u0438\u044f\u0445<\/h3>\n<p>\u0422\u043e\u0440\u043d\u0430\u0434\u043e \u0438 \u041c\u0430\u0440\u0441, \u0434\u0430\u0436\u0435 \u043a\u043e\u0441\u043c\u043e\u0441... \u041a\u0430\u043a\u0430\u044f \u0430\u043a\u0442\u0443\u0430\u043b\u044c\u043d\u043e\u0441\u0442\u044c?<\/p>\n<p>\u041d\u0435\u0433\u0430\u0442\u0438\u0432\u043d\u044b\u0435 \u043f\u043e\u0441\u043b\u0435\u0434\u0441\u0442\u0432\u0438\u044f \u0438\u0441\u043f\u043e\u043b\u044c\u0437\u043e\u0432\u0430\u043d\u0438\u044f \u0440\u0430\u0437\u043d\u044b\u0445 \u0435\u0434\u0438\u043d\u0438\u0446 \u0438\u0437\u043c\u0435\u0440\u0435\u043d\u0438\u044f \u0432 \u043c\u0438\u0440\u0435 \u043f\u0440\u043e\u044f\u0432\u043b\u044f\u044e\u0442\u0441\u044f \u043f\u0440\u0430\u043a\u0442\u0438\u0447\u0435\u0441\u043a\u0438 \u0432\u043e \u043c\u043d\u043e\u0433\u0438\u0445 \u0441\u0444\u0435\u0440\u0430\u0445. \u0428\u043b\u0430\u043d\u0433 \u2014 \u043e\u0434\u043d\u0430 \u0438\u0437 \u043f\u0440\u043e\u0431\u043b\u0435\u043c, \u0432 \u043a\u043e\u0442\u043e\u0440\u043e\u0439 \u0435\u0441\u0442\u044c \u0441\u0432\u043e\u044f \u0434\u043e\u043b\u044f \u044d\u0442\u043e\u0439 \u043f\u0440\u043e\u0431\u043b\u0435\u043c\u044b. <\/p>\n\n\t\t<\/div>\n\t\t\t\t\t<\/div>\n\n\t\n\n<\/div>\n<div class=\"row\"  id=\"row-1419043045\">\n\n\n\t<div id=\"col-2027702880\" class=\"col medium-4 small-12 large-4\"  >\n\t\t\t\t<div class=\"col-inner\"  >\n\t\t\t\n\t\t\t\n\n<div class=\"video video-fit mb\" style=\"padding-top:56.25%;\"><p><iframe loading=\"lazy\" title=\"\u0412\u043e\u0437\u0434\u0443\u0448\u043d\u044b\u0435 \u0434\u043e\u043c\u043a\u0440\u0430\u0442\u044b\" width=\"1020\" height=\"574\" src=\"https:\/\/www.youtube.com\/embed\/YFDzAoEaZfM?feature=oembed\" frameborder=\"0\" allow=\"accelerometer; autoplay; clipboard-write; encrypted-media; gyroscope; picture-in-picture\" allowfullscreen><\/iframe><\/p>\n<\/div>\n\n<h3>\u0412\u043e\u0437\u0434\u0443\u0448\u043d\u044b\u0435 \u0434\u043e\u043c\u043a\u0440\u0430\u0442\u044b<\/h3>\n<p>\u0412\u043e\u0437\u0434\u0443\u0448\u043d\u044b\u0435 \u0434\u043e\u043c\u043a\u0440\u0430\u0442\u044b \u0438 \u0438\u0445 \u0442\u0438\u043f\u044b, \u043f\u043e\u0437\u0432\u043e\u043b\u044f\u044e\u0449\u0438\u0435 \u0441\u043d\u0438\u043c\u0430\u0442\u044c \u0438 \u0443\u0441\u0442\u0430\u043d\u0430\u0432\u043b\u0438\u0432\u0430\u0442\u044c \u0448\u043b\u0430\u043d\u0433\u0438 \u043e\u0434\u043d\u043e\u0439 \u0440\u0443\u043a\u043e\u0439, \u0432 \u043a\u043e\u043d\u0442\u0443\u0440\u0430\u0445 \u0441\u0436\u0430\u0442\u043e\u0433\u043e \u0432\u043e\u0437\u0434\u0443\u0445\u0430 \u0432\u043e \u0432\u0441\u0435\u0445 \u043e\u0442\u0440\u0430\u0441\u043b\u044f\u0445 \u043f\u0440\u043e\u043c\u044b\u0448\u043b\u0435\u043d\u043d\u043e\u0441\u0442\u0438. \u041d\u0430 \u0447\u0442\u043e \u0441\u043b\u0435\u0434\u0443\u0435\u0442 \u043e\u0431\u0440\u0430\u0442\u0438\u0442\u044c \u0432\u043d\u0438\u043c\u0430\u043d\u0438\u0435 \u043f\u0440\u0438 \u0437\u0430\u043a\u0430\u0437\u0435.<\/p>\n\n\t\t<\/div>\n\t\t\t\t\t<\/div>\n\n\t\n\n\t<div id=\"col-1581959242\" class=\"col medium-4 small-12 large-4\"  >\n\t\t\t\t<div class=\"col-inner\"  >\n\t\t\t\n\t\t\t\n\n<div class=\"video video-fit mb\" style=\"padding-top:56.25%;\"><p><iframe loading=\"lazy\" title=\"\u041f\u0440\u0443\u0436\u0438\u043d\u043d\u044b\u0439 \u043a\u043b\u0430\u043f\u0430\u043d\" width=\"1020\" height=\"574\" src=\"https:\/\/www.youtube.com\/embed\/G3hkxWOl9dU?feature=oembed\" frameborder=\"0\" allow=\"accelerometer; autoplay; clipboard-write; encrypted-media; gyroscope; picture-in-picture\" allowfullscreen><\/iframe><\/p>\n<\/div>\n\n<h3>\u041f\u0440\u0443\u0436\u0438\u043d\u043d\u044b\u0439 \u043a\u043b\u0430\u043f\u0430\u043d<\/h3>\n<p>\u042d\u0442\u043e \u0442\u0438\u043f \u043e\u0431\u0440\u0430\u0442\u043d\u043e\u0433\u043e \u043a\u043b\u0430\u043f\u0430\u043d\u0430, \u043a\u043e\u0442\u043e\u0440\u044b\u0439 \u0438\u0441\u043f\u043e\u043b\u044c\u0437\u0443\u0435\u0442\u0441\u044f \u0434\u043b\u044f \u043f\u0440\u0435\u0434\u043e\u0442\u0432\u0440\u0430\u0449\u0435\u043d\u0438\u044f \u0443\u0442\u0435\u0447\u043a\u0438 \u0447\u0430\u0441\u0442\u0438 \u0432\u043e\u0434\u044b, \u0432\u0441\u0430\u0441\u044b\u0432\u0430\u0435\u043c\u043e\u0439 \u043d\u0430\u0441\u043e\u0441\u043e\u043c, \u043e\u0431\u0440\u0430\u0442\u043d\u043e \u0432 \u0448\u043b\u0430\u043d\u0433 \u0434\u043b\u044f \u0438\u0441\u043f\u043e\u043b\u044c\u0437\u043e\u0432\u0430\u043d\u0438\u044f \u0432 \u043f\u0440\u043e\u043c\u044b\u0448\u043b\u0435\u043d\u043d\u044b\u0445, \u0432\u043e\u0434\u043e\u043f\u0440\u043e\u0432\u043e\u0434\u043d\u044b\u0445 \u0438 \u0438\u0440\u0440\u0438\u0433\u0430\u0446\u0438\u043e\u043d\u043d\u044b\u0445 \u0441\u0438\u0441\u0442\u0435\u043c\u0430\u0445. \u0412 \u043d\u0430\u0448\u0435\u043c \u0432\u0438\u0434\u0435\u043e \u043c\u044b \u043e\u0431\u044a\u044f\u0441\u043d\u044f\u0435\u043c \u043f\u0440\u0438\u043d\u0446\u0438\u043f \u0440\u0430\u0431\u043e\u0442\u044b \u043d\u0430 \u0440\u0430\u0437\u0440\u0435\u0437\u0435 \u0438\u0437\u0434\u0435\u043b\u0438\u044f.<\/p>\n\n\t\t<\/div>\n\t\t\t\t\t<\/div>\n\n\t\n\n\t<div id=\"col-616897862\" class=\"col medium-4 small-12 large-4\"  >\n\t\t\t\t<div class=\"col-inner\"  >\n\t\t\t\n\t\t\t\n\n<div class=\"video video-fit mb\" style=\"padding-top:56.25%;\"><p><iframe loading=\"lazy\" title=\"\u041a\u0430\u043a\u043e\u0439 \u043f\u0438\u0449\u0435\u0432\u043e\u0439 \u0448\u043b\u0430\u043d\u0433 \u0432\u044b\u0431\u0440\u0430\u0442\u044c?\" width=\"1020\" height=\"574\" src=\"https:\/\/www.youtube.com\/embed\/1RIgy8WF1Ao?feature=oembed\" frameborder=\"0\" allow=\"accelerometer; autoplay; clipboard-write; encrypted-media; gyroscope; picture-in-picture\" allowfullscreen><\/iframe><\/p>\n<\/div>\n\n<h3>\u041a\u0430\u043a\u043e\u0439 \u043f\u0438\u0449\u0435\u0432\u043e\u0439 \u0448\u043b\u0430\u043d\u0433 \u0432\u044b\u0431\u0440\u0430\u0442\u044c?<\/h3>\n<p>\u041f\u0440\u043e\u0438\u0437\u0432\u043e\u0434\u0441\u0442\u0432\u043e \u043f\u0440\u043e\u0434\u0443\u043a\u0442\u043e\u0432 \u043f\u0438\u0442\u0430\u043d\u0438\u044f \u2014 \u043e\u0434\u0438\u043d \u0438\u0437 \u0432\u043e\u043f\u0440\u043e\u0441\u043e\u0432, \u043a \u043a\u043e\u0442\u043e\u0440\u044b\u043c \u044f \u043d\u0430\u0438\u0431\u043e\u043b\u0435\u0435 \u0447\u0443\u0432\u0441\u0442\u0432\u0438\u0442\u0435\u043b\u0435\u043d. \u041a\u0430\u043a\u043e\u0439 \u0434\u043e\u043b\u0436\u043d\u0430 \u0431\u044b\u0442\u044c \u043f\u0440\u043e\u0434\u0443\u043a\u0446\u0438\u044f \u0432 \u043f\u0438\u0449\u0435\u0432\u044b\u0445 \u0448\u043b\u0430\u043d\u0433\u0430\u0445, \u043a\u0430\u043a \u043f\u0440\u043e\u0445\u043e\u0434\u0438\u0442 \u0441\u0435\u0440\u0442\u0438\u0444\u0438\u043a\u0430\u0446\u0438\u044f \u0438 \u0435\u0441\u0442\u044c \u043b\u0438 \u043f\u0440\u043e\u0432\u0435\u0440\u043a\u0430 \u043f\u043e \u044d\u0442\u043e\u043c\u0443 \u0432\u043e\u043f\u0440\u043e\u0441\u0443 \u0432 \u043d\u0430\u0448\u0435\u0439 \u0441\u0442\u0440\u0430\u043d\u0435?<\/p>\n\n\t\t<\/div>\n\t\t\t\t\t<\/div>\n\n\t\n\n<\/div>","protected":false},"excerpt":{"rendered":"","protected":false},"author":1,"featured_media":0,"parent":93,"menu_order":10,"comment_status":"closed","ping_status":"closed","template":"","meta":{"jetpack_post_was_ever_published":false,"footnotes":""},"class_list":["post-29","page","type-page","status-publish","hentry"],"jetpack-related-posts":[{"id":49,"url":"https:\/\/tuzlahortum.com.tr\/ru\/elements\/images\/","url_meta":{"origin":29,"position":0},"title":"Images","author":"admin","date":"15 \u0444\u0435\u0432\u0440\u0430\u043b\u044f 2016","format":false,"excerpt":"","rel":"","context":"\u041f\u043e\u0445\u043e\u0436\u0430\u044f \u0437\u0430\u043f\u0438\u0441\u044c","block_context":{"text":"\u041f\u043e\u0445\u043e\u0436\u0430\u044f \u0437\u0430\u043f\u0438\u0441\u044c","link":""},"img":{"alt_text":"","src":"","width":0,"height":0},"classes":[]},{"id":23246,"url":"https:\/\/tuzlahortum.com.tr\/ru\/turkiyenin-ilk-mobil-hortum-katalogu\/","url_meta":{"origin":29,"position":1},"title":"\u041f\u0435\u0440\u0432\u044b\u0439 \u0432 \u0422\u0443\u0440\u0446\u0438\u0438 \u043a\u0430\u0442\u0430\u043b\u043e\u0433 \u043c\u043e\u0431\u0438\u043b\u044c\u043d\u044b\u0445 \u0448\u043b\u0430\u043d\u0433\u043e\u0432","author":"admin","date":"27 \u043e\u043a\u0442\u044f\u0431\u0440\u044f 2025","format":false,"excerpt":"Ak\u0131ll\u0131 arama, teknik filtreler ve interaktif katalog yap\u0131s\u0131yla hortum d\u00fcnyas\u0131 dijitalle\u015fti.T\u00fcm \u00fcr\u00fcn verilerine, standartlara ve g\u00f6rsellere an\u0131nda ula\u015f\u0131n.Tuzla Hortum uygulamas\u0131n\u0131 hemen indirin.","rel":"","context":"\u041f\u043e\u0445\u043e\u0436\u0430\u044f \u0437\u0430\u043f\u0438\u0441\u044c","block_context":{"text":"\u041f\u043e\u0445\u043e\u0436\u0430\u044f \u0437\u0430\u043f\u0438\u0441\u044c","link":""},"img":{"alt_text":"","src":"","width":0,"height":0},"classes":[]},{"id":30,"url":"https:\/\/tuzlahortum.com.tr\/ru\/elements\/video-button\/","url_meta":{"origin":29,"position":2},"title":"\u041a\u043d\u043e\u043f\u043a\u0430 \u0432\u0438\u0434\u0435\u043e","author":"admin","date":"15 \u0438\u044e\u043d\u044f 2016","format":false,"excerpt":"","rel":"","context":"\u041f\u043e\u0445\u043e\u0436\u0430\u044f \u0437\u0430\u043f\u0438\u0441\u044c","block_context":{"text":"\u041f\u043e\u0445\u043e\u0436\u0430\u044f \u0437\u0430\u043f\u0438\u0441\u044c","link":""},"img":{"alt_text":"","src":"","width":0,"height":0},"classes":[]},{"id":1217,"url":"https:\/\/tuzlahortum.com.tr\/ru\/satis-danismanlarimiz\/","url_meta":{"origin":29,"position":3},"title":"\u041d\u0430\u0448\u0438 \u043f\u0440\u043e\u0434\u0430\u0432\u0446\u044b-\u043a\u043e\u043d\u0441\u0443\u043b\u044c\u0442\u0430\u043d\u0442\u044b","author":"admin","date":"7 \u0444\u0435\u0432\u0440\u0430\u043b\u044f 2019","format":false,"excerpt":"Sat\u0131\u015f dan\u0131\u015fmanlar\u0131m\u0131z T\u00fcm dan\u0131\u015fmanlar\u0131m\u0131z size en iyi hizmeti sunmak i\u00e7in ellerinden geleni yapacaklard\u0131r. Talep etmeniz halinde firman\u0131z ziyaret edilebilir veya tesisiniz incelenerek do\u011fru \u00fcr\u00fcn kullan\u0131lmas\u0131 konusunda dan\u0131\u015fmanl\u0131k yap\u0131labilir. Tel : 0 216 493 53 53 (pbx)","rel":"","context":"\u041f\u043e\u0445\u043e\u0436\u0430\u044f \u0437\u0430\u043f\u0438\u0441\u044c","block_context":{"text":"\u041f\u043e\u0445\u043e\u0436\u0430\u044f \u0437\u0430\u043f\u0438\u0441\u044c","link":""},"img":{"alt_text":"","src":"","width":0,"height":0},"classes":[]},{"id":41,"url":"https:\/\/tuzlahortum.com.tr\/ru\/elements\/logo\/","url_meta":{"origin":29,"position":4},"title":"Logo","author":"admin","date":"31 \u043c\u0430\u0440\u0442\u0430 2016","format":false,"excerpt":"","rel":"","context":"\u041f\u043e\u0445\u043e\u0436\u0430\u044f \u0437\u0430\u043f\u0438\u0441\u044c","block_context":{"text":"\u041f\u043e\u0445\u043e\u0436\u0430\u044f \u0437\u0430\u043f\u0438\u0441\u044c","link":""},"img":{"alt_text":"","src":"","width":0,"height":0},"classes":[]},{"id":12928,"url":"https:\/\/tuzlahortum.com.tr\/ru\/qr-welcome\/","url_meta":{"origin":29,"position":5},"title":"QR","author":"admin","date":"29 \u0441\u0435\u043d\u0442\u044f\u0431\u0440\u044f 2023","format":false,"excerpt":"","rel":"","context":"\u041f\u043e\u0445\u043e\u0436\u0430\u044f \u0437\u0430\u043f\u0438\u0441\u044c","block_context":{"text":"\u041f\u043e\u0445\u043e\u0436\u0430\u044f \u0437\u0430\u043f\u0438\u0441\u044c","link":""},"img":{"alt_text":"","src":"","width":0,"height":0},"classes":[]}],"jetpack_sharing_enabled":true,"jetpack_likes_enabled":true,"_links":{"self":[{"href":"https:\/\/tuzlahortum.com.tr\/ru\/wp-json\/wp\/v2\/pages\/29","targetHints":{"allow":["GET"]}}],"collection":[{"href":"https:\/\/tuzlahortum.com.tr\/ru\/wp-json\/wp\/v2\/pages"}],"about":[{"href":"https:\/\/tuzlahortum.com.tr\/ru\/wp-json\/wp\/v2\/types\/page"}],"author":[{"embeddable":true,"href":"https:\/\/tuzlahortum.com.tr\/ru\/wp-json\/wp\/v2\/users\/1"}],"replies":[{"embeddable":true,"href":"https:\/\/tuzlahortum.com.tr\/ru\/wp-json\/wp\/v2\/comments?post=29"}],"version-history":[{"count":0,"href":"https:\/\/tuzlahortum.com.tr\/ru\/wp-json\/wp\/v2\/pages\/29\/revisions"}],"up":[{"embeddable":true,"href":"https:\/\/tuzlahortum.com.tr\/ru\/wp-json\/wp\/v2\/pages\/93"}],"wp:attachment":[{"href":"https:\/\/tuzlahortum.com.tr\/ru\/wp-json\/wp\/v2\/media?parent=29"}],"curies":[{"name":"wp","href":"https:\/\/api.w.org\/{rel}","templated":true}]}}