{"id":23074,"date":"2025-09-30T17:30:39","date_gmt":"2025-09-30T14:30:39","guid":{"rendered":"https:\/\/tuzlahortum.com.tr\/?page_id=23074"},"modified":"2025-09-30T17:34:16","modified_gmt":"2025-09-30T14:34:16","slug":"cok-yakinda","status":"publish","type":"page","link":"https:\/\/tuzlahortum.com.tr\/ru\/cok-yakinda\/","title":{"rendered":"\u0421\u043a\u043e\u0440\u043e \u0431\u0443\u0434\u0435\u0442"},"content":{"rendered":"<p>\u0423\u0437\u043d\u0430\u0439\u0442\u0435 \u043f\u0435\u0440\u0432\u044b\u043c\u0438. \u041e\u0441\u0442\u0430\u0432\u044c\u0442\u0435 \u0441\u0432\u043e\u0439 e-mail<\/p>\n\n\n\n\n<div class=\"wpcf7 no-js\" id=\"wpcf7-f23053-o1\" lang=\"en-US\" dir=\"ltr\" data-wpcf7-id=\"23053\">\n<div class=\"screen-reader-response\"><p role=\"status\" aria-live=\"polite\" aria-atomic=\"true\"><\/p> <ul><\/ul><\/div>\n<form action=\"\/ru\/wp-json\/wp\/v2\/pages\/23074#wpcf7-f23053-o1\" method=\"post\" class=\"wpcf7-form init\" aria-label=\"\u041a\u043e\u043d\u0442\u0430\u043a\u0442\u043d\u0430\u044f \u0444\u043e\u0440\u043c\u0430\" novalidate=\"novalidate\" data-status=\"init\" data-trp-original-action=\"\/ru\/wp-json\/wp\/v2\/pages\/23074#wpcf7-f23053-o1\">\n<fieldset class=\"hidden-fields-container\"><input type=\"hidden\" name=\"_wpcf7\" value=\"23053\" \/><input type=\"hidden\" name=\"_wpcf7_version\" value=\"6.1.5\" \/><input type=\"hidden\" name=\"_wpcf7_locale\" value=\"en_US\" \/><input type=\"hidden\" name=\"_wpcf7_unit_tag\" value=\"wpcf7-f23053-o1\" \/><input type=\"hidden\" name=\"_wpcf7_container_post\" value=\"0\" \/><input type=\"hidden\" name=\"_wpcf7_posted_data_hash\" value=\"\" \/><input type=\"hidden\" name=\"_wpcf7_recaptcha_response\" value=\"\" \/>\n<\/fieldset>\n<p><span class=\"wpcf7-form-control-wrap\" data-name=\"your-name\"><input size=\"40\" maxlength=\"400\" class=\"wpcf7-form-control wpcf7-text wpcf7-validates-as-required\" aria-required=\"true\" aria-invalid=\"false\" placeholder=\"\u0412\u0430\u0448\u0435 \u0438\u043c\u044f\" value=\"\" type=\"text\" name=\"your-name\" \/><\/span><br \/>\n<span class=\"wpcf7-form-control-wrap\" data-name=\"your-email\"><input size=\"40\" maxlength=\"400\" class=\"wpcf7-form-control wpcf7-email wpcf7-validates-as-required wpcf7-text wpcf7-validates-as-email\" aria-required=\"true\" aria-invalid=\"false\" placeholder=\"\u0412\u0430\u0448 \u0430\u0434\u0440\u0435\u0441 \u044d\u043b\u0435\u043a\u0442\u0440\u043e\u043d\u043d\u043e\u0439 \u043f\u043e\u0447\u0442\u044b\" value=\"\" type=\"email\" name=\"your-email\" \/><\/span><br \/>\n<span class=\"wpcf7-form-control-wrap\" data-name=\"acceptance\"><span class=\"wpcf7-form-control wpcf7-checkbox wpcf7-validates-as-required\"><span class=\"wpcf7-list-item first last\"><label><input type=\"checkbox\" name=\"acceptance[]\" value=\"KVKK\/GDPR ileti almay\u0131 kabul ediyorum.\" \/><span class=\"wpcf7-list-item-label\">\u042f \u0441\u043e\u0433\u043b\u0430\u0441\u0435\u043d \u043f\u043e\u043b\u0443\u0447\u0430\u0442\u044c \u0441\u043e\u043e\u0431\u0449\u0435\u043d\u0438\u044f KVKK\/GDPR.<\/span><\/label><\/span><\/span><\/span><br \/>\n<input class=\"wpcf7-form-control wpcf7-submit has-spinner\" type=\"submit\" value=\"\u0411\u0443\u0434\u044c\u0442\u0435 \u0432 \u043a\u0443\u0440\u0441\u0435\" \/>\n<\/p><p style=\"display: none !important;\" class=\"akismet-fields-container\" data-prefix=\"_wpcf7_ak_\"><label>\u0394<textarea name=\"_wpcf7_ak_hp_textarea\" cols=\"45\" rows=\"8\" maxlength=\"100\"><\/textarea><\/label><input type=\"hidden\" id=\"ak_js_1\" name=\"_wpcf7_ak_js\" value=\"140\"\/><script data-jetpack-boost=\"ignore\">document.getElementById( \"ak_js_1\" ).setAttribute( \"value\", ( new Date() ).getTime() );<\/script><\/p><div class=\"wpcf7-response-output\" aria-hidden=\"true\"><\/div>\n<input type=\"hidden\" name=\"trp-form-language\" value=\"ru\"\/><\/form>\n<\/div>\n\n\n\n\n<p><\/p>","protected":false},"excerpt":{"rendered":"<p>\u0423\u0437\u043d\u0430\u0439\u0442\u0435 \u043f\u0435\u0440\u0432\u044b\u043c\u0438. \u041e\u0441\u0442\u0430\u0432\u044c\u0442\u0435 \u0441\u0432\u043e\u0439 e-mail<\/p>","protected":false},"author":1,"featured_media":0,"parent":0,"menu_order":0,"comment_status":"closed","ping_status":"closed","template":"","meta":{"jetpack_post_was_ever_published":false,"footnotes":""},"class_list":["post-23074","page","type-page","status-publish","hentry"],"jetpack-related-posts":[{"id":36,"url":"https:\/\/tuzlahortum.com.tr\/ru\/elements\/forms\/","url_meta":{"origin":23074,"position":0},"title":"Forms","author":"admin","date":"31 \u043c\u0430\u0440\u0442\u0430 2016","format":false,"excerpt":"","rel":"","context":"\u041f\u043e\u0445\u043e\u0436\u0430\u044f \u0437\u0430\u043f\u0438\u0441\u044c","block_context":{"text":"\u041f\u043e\u0445\u043e\u0436\u0430\u044f \u0437\u0430\u043f\u0438\u0441\u044c","link":""},"img":{"alt_text":"","src":"","width":0,"height":0},"classes":[]},{"id":11112,"url":"https:\/\/tuzlahortum.com.tr\/ru\/hortum-secimi\/","url_meta":{"origin":23074,"position":1},"title":"\u0412\u044b\u0431\u043e\u0440 \u0448\u043b\u0430\u043d\u0433\u0430","author":"admin","date":"22 \u0430\u043f\u0440\u0435\u043b\u044f 2020","format":false,"excerpt":"","rel":"","context":"\u041f\u043e\u0445\u043e\u0436\u0430\u044f \u0437\u0430\u043f\u0438\u0441\u044c","block_context":{"text":"\u041f\u043e\u0445\u043e\u0436\u0430\u044f \u0437\u0430\u043f\u0438\u0441\u044c","link":""},"img":{"alt_text":"","src":"","width":0,"height":0},"classes":[]},{"id":84,"url":"https:\/\/tuzlahortum.com.tr\/ru\/iletisim2\/","url_meta":{"origin":23074,"position":2},"title":"\u041a\u043e\u043d\u0442\u0430\u043a\u0442 2","author":"admin","date":"11 \u0430\u0432\u0433\u0443\u0441\u0442\u0430 2013","format":false,"excerpt":"\u00a0","rel":"","context":"\u041f\u043e\u0445\u043e\u0436\u0430\u044f \u0437\u0430\u043f\u0438\u0441\u044c","block_context":{"text":"\u041f\u043e\u0445\u043e\u0436\u0430\u044f \u0437\u0430\u043f\u0438\u0441\u044c","link":""},"img":{"alt_text":"","src":"","width":0,"height":0},"classes":[]},{"id":87,"url":"https:\/\/tuzlahortum.com.tr\/ru\/elements\/map\/","url_meta":{"origin":23074,"position":3},"title":"Map","author":"admin","date":"11 \u0430\u0432\u0433\u0443\u0441\u0442\u0430 2013","format":false,"excerpt":"","rel":"","context":"\u041f\u043e\u0445\u043e\u0436\u0430\u044f \u0437\u0430\u043f\u0438\u0441\u044c","block_context":{"text":"\u041f\u043e\u0445\u043e\u0436\u0430\u044f \u0437\u0430\u043f\u0438\u0441\u044c","link":""},"img":{"alt_text":"","src":"","width":0,"height":0},"classes":[]},{"id":44,"url":"https:\/\/tuzlahortum.com.tr\/ru\/elements\/scroll-to\/","url_meta":{"origin":23074,"position":4},"title":"\u041f\u0440\u043e\u043a\u0440\u0443\u0442\u0438\u0442\u044c \u0434\u043e","author":"admin","date":"31 \u043c\u0430\u0440\u0442\u0430 2016","format":false,"excerpt":"","rel":"","context":"\u041f\u043e\u0445\u043e\u0436\u0430\u044f \u0437\u0430\u043f\u0438\u0441\u044c","block_context":{"text":"\u041f\u043e\u0445\u043e\u0436\u0430\u044f \u0437\u0430\u043f\u0438\u0441\u044c","link":""},"img":{"alt_text":"","src":"","width":0,"height":0},"classes":[]},{"id":23246,"url":"https:\/\/tuzlahortum.com.tr\/ru\/turkiyenin-ilk-mobil-hortum-katalogu\/","url_meta":{"origin":23074,"position":5},"title":"\u041f\u0435\u0440\u0432\u044b\u0439 \u0432 \u0422\u0443\u0440\u0446\u0438\u0438 \u043a\u0430\u0442\u0430\u043b\u043e\u0433 \u043c\u043e\u0431\u0438\u043b\u044c\u043d\u044b\u0445 \u0448\u043b\u0430\u043d\u0433\u043e\u0432","author":"admin","date":"27 \u043e\u043a\u0442\u044f\u0431\u0440\u044f 2025","format":false,"excerpt":"Ak\u0131ll\u0131 arama, teknik filtreler ve interaktif katalog yap\u0131s\u0131yla hortum d\u00fcnyas\u0131 dijitalle\u015fti.T\u00fcm \u00fcr\u00fcn verilerine, standartlara ve g\u00f6rsellere an\u0131nda ula\u015f\u0131n.Tuzla Hortum uygulamas\u0131n\u0131 hemen indirin.","rel":"","context":"\u041f\u043e\u0445\u043e\u0436\u0430\u044f \u0437\u0430\u043f\u0438\u0441\u044c","block_context":{"text":"\u041f\u043e\u0445\u043e\u0436\u0430\u044f \u0437\u0430\u043f\u0438\u0441\u044c","link":""},"img":{"alt_text":"","src":"","width":0,"height":0},"classes":[]}],"jetpack_sharing_enabled":true,"jetpack_likes_enabled":true,"_links":{"self":[{"href":"https:\/\/tuzlahortum.com.tr\/ru\/wp-json\/wp\/v2\/pages\/23074","targetHints":{"allow":["GET"]}}],"collection":[{"href":"https:\/\/tuzlahortum.com.tr\/ru\/wp-json\/wp\/v2\/pages"}],"about":[{"href":"https:\/\/tuzlahortum.com.tr\/ru\/wp-json\/wp\/v2\/types\/page"}],"author":[{"embeddable":true,"href":"https:\/\/tuzlahortum.com.tr\/ru\/wp-json\/wp\/v2\/users\/1"}],"replies":[{"embeddable":true,"href":"https:\/\/tuzlahortum.com.tr\/ru\/wp-json\/wp\/v2\/comments?post=23074"}],"version-history":[{"count":2,"href":"https:\/\/tuzlahortum.com.tr\/ru\/wp-json\/wp\/v2\/pages\/23074\/revisions"}],"predecessor-version":[{"id":23076,"href":"https:\/\/tuzlahortum.com.tr\/ru\/wp-json\/wp\/v2\/pages\/23074\/revisions\/23076"}],"wp:attachment":[{"href":"https:\/\/tuzlahortum.com.tr\/ru\/wp-json\/wp\/v2\/media?parent=23074"}],"curies":[{"name":"wp","href":"https:\/\/api.w.org\/{rel}","templated":true}]}}