{"id":23019,"date":"2025-09-30T10:07:02","date_gmt":"2025-09-30T07:07:02","guid":{"rendered":"https:\/\/tuzlahortum.com.tr\/?page_id=23019"},"modified":"2025-09-30T16:15:40","modified_gmt":"2025-09-30T13:15:40","slug":"kalite-politikamiz","status":"publish","type":"page","link":"https:\/\/tuzlahortum.com.tr\/ru\/kalite-politikamiz\/","title":{"rendered":"\u041d\u0430\u0448\u0430 \u043f\u043e\u043b\u0438\u0442\u0438\u043a\u0430 \u043a\u0430\u0447\u0435\u0441\u0442\u0432\u0430"},"content":{"rendered":"<h2 class=\"wp-block-heading\">\u041d\u0430\u0448\u0430 \u043f\u043e\u043b\u0438\u0442\u0438\u043a\u0430 \u043a\u0430\u0447\u0435\u0441\u0442\u0432\u0430<\/h2>\n\n\n\n<p><em>\u0422\u0443\u0437\u043b\u0430 \u0428\u043b\u0430\u043d\u0433 <\/em><em>o<\/em><em>\u0432 \u0440\u043e\u043b\u0438 <\/em><em>k<\/em><em>\u041f\u043e\u043b\u0438\u0442\u0438\u043a\u0430 \u0438 \u043e\u0431\u0435\u0449\u0430\u043d\u0438\u044f \u0432 \u043e\u0431\u043b\u0430\u0441\u0442\u0438 \u043e\u0431\u0435\u0441\u043f\u0435\u0447\u0435\u043d\u0438\u044f \u0431\u043b\u0430\u0433\u043e\u0441\u043e\u0441\u0442\u043e\u044f\u043d\u0438\u044f \u0437\u0430\u043a\u043b\u044e\u0447\u0430\u044e\u0442\u0441\u044f \u0432 \u0441\u043b\u0435\u0434\u0443\u044e\u0449\u0435\u043c:<\/em><\/p>\n\n\n\n<ul class=\"wp-block-list\">\n<li><em>\u0423\u0434\u043e\u0432\u043b\u0435\u0442\u0432\u043e\u0440\u044f\u0442\u044c \u043f\u043e\u0442\u0440\u0435\u0431\u043d\u043e\u0441\u0442\u0438 \u0438 \u043e\u0436\u0438\u0434\u0430\u043d\u0438\u044f \u0437\u0430\u0438\u043d\u0442\u0435\u0440\u0435\u0441\u043e\u0432\u0430\u043d\u043d\u044b\u0445 \u0441\u0442\u043e\u0440\u043e\u043d \u043f\u0440\u0438 \u0443\u0447\u0430\u0441\u0442\u0438\u0438 \u0438 \u0443\u0441\u0438\u043b\u0438\u044f\u0445 \u0432\u0441\u0435\u0445 \u043d\u0430\u0448\u0438\u0445 \u0441\u043e\u0442\u0440\u0443\u0434\u043d\u0438\u043a\u043e\u0432,<\/em><\/li>\n\n\n\n<li><em>\u0421\u043e\u0431\u043b\u044e\u0434\u0435\u043d\u0438\u0435 \u0442\u0440\u0435\u0431\u043e\u0432\u0430\u043d\u0438\u0439 \u0441\u0438\u0441\u0442\u0435\u043c\u044b \u043c\u0435\u043d\u0435\u0434\u0436\u043c\u0435\u043d\u0442\u0430 \u043a\u0430\u0447\u0435\u0441\u0442\u0432\u0430 \u0441 \u0443\u0447\u0435\u0442\u043e\u043c \u044d\u043a\u043e\u043b\u043e\u0433\u0438\u0447\u0435\u0441\u043a\u0438\u0445 \u0444\u0430\u043a\u0442\u043e\u0440\u043e\u0432 \u0438 \u043f\u0440\u0430\u0432\u0438\u043b \u0431\u0435\u0437\u043e\u043f\u0430\u0441\u043d\u043e\u0441\u0442\u0438 \u0442\u0440\u0443\u0434\u0430, \u0430 \u0442\u0430\u043a\u0436\u0435 \u043e\u0431\u0435\u0441\u043f\u0435\u0447\u0435\u043d\u0438\u0435 \u043f\u043e\u0441\u0442\u043e\u044f\u043d\u043d\u043e\u0433\u043e \u0443\u043b\u0443\u0447\u0448\u0435\u043d\u0438\u044f,<\/em><\/li>\n\n\n\n<li><em>\u0412\u044b\u043f\u043e\u043b\u043d\u044f\u0442\u044c \u0442\u0440\u0435\u0431\u043e\u0432\u0430\u043d\u0438\u044f \u0437\u0430\u043a\u043e\u043d\u043e\u0434\u0430\u0442\u0435\u043b\u044c\u0441\u0442\u0432\u0430, \u043f\u043e\u0434\u0434\u0435\u0440\u0436\u0438\u0432\u0430\u044f \u0441\u0442\u0430\u043d\u0434\u0430\u0440\u0442\u044b \u043a\u0430\u0447\u0435\u0441\u0442\u0432\u0430 \u043d\u0430 \u0441\u0430\u043c\u043e\u043c \u0432\u044b\u0441\u043e\u043a\u043e\u043c \u0443\u0440\u043e\u0432\u043d\u0435; \u0431\u044b\u0442\u044c \u043d\u043e\u0432\u0430\u0442\u043e\u0440\u0441\u043a\u043e\u0439 \u0438 \u0438\u043d\u043d\u043e\u0432\u0430\u0446\u0438\u043e\u043d\u043d\u043e\u0439 \u043a\u043e\u043c\u043f\u0430\u043d\u0438\u0435\u0439, \u043f\u0440\u0435\u0434\u043e\u0441\u0442\u0430\u0432\u043b\u044f\u044f \u0443\u0441\u043b\u0443\u0433\u0438 \u0432 \u0441\u043e\u043e\u0442\u0432\u0435\u0442\u0441\u0442\u0432\u0438\u0438 \u0441 \u043d\u0430\u0446\u0438\u043e\u043d\u0430\u043b\u044c\u043d\u044b\u043c\u0438 \u0438 \u043c\u0435\u0436\u0434\u0443\u043d\u0430\u0440\u043e\u0434\u043d\u044b\u043c\u0438 \u0441\u0442\u0430\u043d\u0434\u0430\u0440\u0442\u0430\u043c\u0438,<\/em><\/li>\n\n\n\n<li><em>\u041c\u0430\u043a\u0441\u0438\u043c\u0430\u043b\u044c\u043d\u043e\u0435 \u0443\u0434\u043e\u0432\u043b\u0435\u0442\u0432\u043e\u0440\u0435\u043d\u0438\u0435 \u043f\u043e\u0442\u0440\u0435\u0431\u043d\u043e\u0441\u0442\u0435\u0439 \u043d\u0430\u0448\u0438\u0445 \u0441\u043e\u0442\u0440\u0443\u0434\u043d\u0438\u043a\u043e\u0432 \u0438 \u0431\u0435\u043d\u0435\u0444\u0438\u0446\u0438\u0430\u0440\u043e\u0432 \u043f\u0440\u0438 \u043f\u0440\u0435\u0434\u043e\u0441\u0442\u0430\u0432\u043b\u0435\u043d\u0438\u0438 \u0443\u0441\u043b\u0443\u0433 \u0432 \u0440\u0430\u043c\u043a\u0430\u0445 \u0437\u0430\u043a\u043e\u043d\u043e\u0434\u0430\u0442\u0435\u043b\u044c\u0441\u0442\u0432\u0430,<\/em><\/li>\n\n\n\n<li><em>\u041e\u0431\u0435\u0441\u043f\u0435\u0447\u0438\u0442\u044c \u043d\u0430\u0448\u0438\u043c \u0441\u043e\u0442\u0440\u0443\u0434\u043d\u0438\u043a\u0430\u043c \u043e\u0431\u0443\u0447\u0435\u043d\u0438\u0435, \u043a\u043e\u0442\u043e\u0440\u043e\u0435 \u043f\u043e\u0432\u044b\u0448\u0430\u0435\u0442 \u043a\u0430\u0447\u0435\u0441\u0442\u0432\u043e \u043f\u0440\u0435\u0434\u043e\u0441\u0442\u0430\u0432\u043b\u044f\u0435\u043c\u044b\u0445 \u0438\u043c\u0438 \u0443\u0441\u043b\u0443\u0433 \u0438 \u0440\u0430\u0437\u0432\u0438\u0432\u0430\u0435\u0442 \u0438\u0445 \u043b\u0438\u0447\u043d\u044b\u0435 \u043d\u0430\u0432\u044b\u043a\u0438,<\/em><\/li>\n\n\n\n<li><em>\u0423\u0434\u043e\u0432\u043b\u0435\u0442\u0432\u043e\u0440\u0435\u043d\u0438\u0435 \u043f\u043e\u0442\u0440\u0435\u0431\u043d\u043e\u0441\u0442\u0435\u0439 \u043a\u043b\u0438\u0435\u043d\u0442\u043e\u0432 \u0432 \u0441\u043e\u043e\u0442\u0432\u0435\u0442\u0441\u0442\u0432\u0438\u0438 \u0441\u043e \u0432\u0441\u0435\u043c\u0438 \u043f\u0440\u0438\u043c\u0435\u043d\u0438\u043c\u044b\u043c\u0438 \u0442\u0440\u0435\u0431\u043e\u0432\u0430\u043d\u0438\u044f\u043c\u0438 \u043f\u0435\u0440\u0432\u0438\u0447\u043d\u043e\u0433\u043e \u0438 \u0432\u0442\u043e\u0440\u0438\u0447\u043d\u043e\u0433\u043e \u0437\u0430\u043a\u043e\u043d\u043e\u0434\u0430\u0442\u0435\u043b\u044c\u0441\u0442\u0432\u0430,<\/em><\/li>\n\n\n\n<li><em>\u041f\u043e\u0441\u0442\u043e\u044f\u043d\u043d\u043e \u043f\u043e\u0432\u044b\u0448\u0430\u0442\u044c \u0443\u0434\u043e\u0432\u043b\u0435\u0442\u0432\u043e\u0440\u0435\u043d\u043d\u043e\u0441\u0442\u044c \u043a\u043b\u0438\u0435\u043d\u0442\u043e\u0432, \u0443\u043f\u0440\u0430\u0432\u043b\u044f\u044f \u0440\u0438\u0441\u043a\u0430\u043c\u0438 \u0438 \u0432\u043e\u0437\u043c\u043e\u0436\u043d\u043e\u0441\u0442\u044f\u043c\u0438, \u043a\u043e\u0442\u043e\u0440\u044b\u0435 \u043c\u043e\u0433\u0443\u0442 \u043f\u043e\u0432\u043b\u0438\u044f\u0442\u044c \u043d\u0430 \u043f\u0440\u0435\u0434\u043e\u0441\u0442\u0430\u0432\u043b\u0435\u043d\u0438\u0435 \u0438 \u043f\u0440\u0438\u0433\u043e\u0434\u043d\u043e\u0441\u0442\u044c \u0443\u0441\u043b\u0443\u0433,<\/em><\/li>\n\n\n\n<li><em>\u041e\u0431\u0435\u0441\u043f\u0435\u0447\u0438\u0442\u044c \u043f\u043e\u0432\u044b\u0448\u0435\u043d\u0438\u0435 \u0438 \u043f\u043e\u0434\u0434\u0435\u0440\u0436\u0430\u043d\u0438\u0435 \u0443\u0434\u043e\u0432\u043b\u0435\u0442\u0432\u043e\u0440\u0435\u043d\u043d\u043e\u0441\u0442\u0438 \u043a\u043b\u0438\u0435\u043d\u0442\u043e\u0432,<\/em><\/li>\n\n\n\n<li><em>\u041f\u043e\u0434\u0434\u0435\u0440\u0436\u043a\u0430 \u044d\u043a\u043e\u043b\u043e\u0433\u0438\u0447\u0435\u0441\u043a\u043e\u0439 \u0443\u0441\u0442\u043e\u0439\u0447\u0438\u0432\u043e\u0441\u0442\u0438, \u043f\u0440\u043e\u0434\u043e\u043b\u0436\u0435\u043d\u0438\u0435 \u0440\u0430\u0431\u043e\u0442\u044b \u043f\u043e \u0431\u043e\u0440\u044c\u0431\u0435 \u0441 \u0438\u0437\u043c\u0435\u043d\u0435\u043d\u0438\u0435\u043c \u043a\u043b\u0438\u043c\u0430\u0442\u0430 \u0441 \u0443\u0447\u0435\u0442\u043e\u043c \u044d\u043a\u043e\u043b\u043e\u0433\u0438\u0447\u0435\u0441\u043a\u0438\u0445 \u0438 \u0441\u043e\u0446\u0438\u0430\u043b\u044c\u043d\u044b\u0445 \u0442\u0440\u0435\u0431\u043e\u0432\u0430\u043d\u0438\u0439,<\/em><\/li>\n\n\n\n<li><em>\u041e\u0442\u0434\u0430\u0432\u0430\u0442\u044c \u043f\u0440\u0435\u0434\u043f\u043e\u0447\u0442\u0435\u043d\u0438\u0435 \u044d\u043a\u043e\u043b\u043e\u0433\u0438\u0447\u0435\u0441\u043a\u0438 \u0447\u0438\u0441\u0442\u044b\u043c \u043f\u0440\u043e\u0434\u0443\u043a\u0442\u0430\u043c \u0432 \u043d\u0430\u0448\u0435\u0439 \u0434\u0435\u044f\u0442\u0435\u043b\u044c\u043d\u043e\u0441\u0442\u0438 \u0438 \u043e\u0431\u0440\u0430\u0449\u0430\u0442\u044c \u0432\u043d\u0438\u043c\u0430\u043d\u0438\u0435 \u043d\u0430 \u0438\u0441\u043f\u043e\u043b\u044c\u0437\u043e\u0432\u0430\u043d\u0438\u0435 \u043f\u0440\u043e\u0434\u0443\u043a\u0442\u043e\u0432, \u043f\u0440\u0438\u0433\u043e\u0434\u043d\u044b\u0445 \u0434\u043b\u044f \u0432\u0442\u043e\u0440\u0438\u0447\u043d\u043e\u0439 \u043f\u0435\u0440\u0435\u0440\u0430\u0431\u043e\u0442\u043a\u0438,<\/em><\/li>\n\n\n\n<li><em>\u0412\u0430\u0436\u043d\u0435\u0439\u0448\u0430\u044f \u043e\u0431\u044f\u0437\u0430\u043d\u043d\u043e\u0441\u0442\u044c \u043a\u0430\u0436\u0434\u043e\u0433\u043e \u0438\u0437 \u043d\u0430\u0441 - \u0434\u043e\u0431\u0438\u0432\u0430\u0442\u044c\u0441\u044f \u043f\u043e\u043b\u043d\u043e\u0433\u043e \u043a\u0430\u0447\u0435\u0441\u0442\u0432\u0430 \u043d\u0430\u0438\u0431\u043e\u043b\u0435\u0435 \u044d\u043a\u043e\u043d\u043e\u043c\u0438\u0447\u043d\u044b\u043c, \u0431\u044b\u0441\u0442\u0440\u044b\u043c \u0438 \u043d\u0430\u0434\u0435\u0436\u043d\u044b\u043c \u0441\u043f\u043e\u0441\u043e\u0431\u043e\u043c, \u0437\u0430\u0432\u043e\u0435\u0432\u044b\u0432\u0430\u0442\u044c \u0434\u043e\u0432\u0435\u0440\u0438\u0435 \u0432\u0441\u0435\u0445 \u0441\u0435\u0433\u043c\u0435\u043d\u0442\u043e\u0432, \u043a\u043e\u0442\u043e\u0440\u044b\u0435 \u043c\u044b \u043e\u0431\u0441\u043b\u0443\u0436\u0438\u0432\u0430\u0435\u043c, \u0434\u0435\u043b\u0430\u0442\u044c \u044d\u0442\u043e \u0434\u043e\u0432\u0435\u0440\u0438\u0435 \u0443\u0441\u0442\u043e\u0439\u0447\u0438\u0432\u044b\u043c \u0438 \u043f\u043e\u0441\u0442\u043e\u044f\u043d\u043d\u043e \u0443\u043b\u0443\u0447\u0448\u0430\u0442\u044c \u0435\u0433\u043e.<\/em><\/li>\n<\/ul>","protected":false},"excerpt":{"rendered":"<p>\u041d\u0430\u0448\u0430 \u043f\u043e\u043b\u0438\u0442\u0438\u043a\u0430 \u043a\u0430\u0447\u0435\u0441\u0442\u0432\u0430 \u041a\u0430\u043a \u0438 Tuzla Hose, \u043c\u044b \u043f\u0440\u0438\u0434\u0435\u0440\u0436\u0438\u0432\u0430\u0435\u043c\u0441\u044f \u0441\u043b\u0435\u0434\u0443\u044e\u0449\u0435\u0439 \u043f\u043e\u043b\u0438\u0442\u0438\u043a\u0438 \u043a\u0430\u0447\u0435\u0441\u0442\u0432\u0430 \u0438 \u043e\u0431\u0435\u0449\u0430\u043d\u0438\u0439:<\/p>","protected":false},"author":1,"featured_media":0,"parent":0,"menu_order":0,"comment_status":"closed","ping_status":"closed","template":"","meta":{"jetpack_post_was_ever_published":false,"footnotes":""},"class_list":["post-23019","page","type-page","status-publish","hentry"],"jetpack-related-posts":[{"id":2,"url":"https:\/\/tuzlahortum.com.tr\/ru\/ornek-sayfa\/","url_meta":{"origin":23019,"position":0},"title":"\u00d6rnek sayfa","author":"admin","date":"5 \u0444\u0435\u0432\u0440\u0430\u043b\u044f 2019","format":false,"excerpt":"Bu \u00f6rnek bir sayfad\u0131r. Bir blog yaz\u0131s\u0131ndan farkl\u0131d\u0131r \u00e7\u00fcnk\u00fc belirli bir yerde sabit olarak kal\u0131r ve teman\u0131z\u0131n dola\u015f\u0131m men\u00fcs\u00fcnde ba\u015fl\u0131\u011f\u0131 g\u00f6r\u00fcnt\u00fclenir(\u00e7o\u011fu tema destekler). Bir \u00e7ok insan potansiyel ziyaret\u00e7ilerini kar\u015f\u0131lamak ad\u0131na bir Hakk\u0131nda sayfas\u0131 kullan\u0131r. \u015euna benzeyen bir sayfa: Merhaba! G\u00fcnd\u00fczleri bisikletli kurye, geceleri ise hevesli bir akt\u00f6r\u00fcm, buras\u0131 da benim\u2026","rel":"","context":"\u041f\u043e\u0445\u043e\u0436\u0430\u044f \u0437\u0430\u043f\u0438\u0441\u044c","block_context":{"text":"\u041f\u043e\u0445\u043e\u0436\u0430\u044f \u0437\u0430\u043f\u0438\u0441\u044c","link":""},"img":{"alt_text":"","src":"","width":0,"height":0},"classes":[]},{"id":86,"url":"https:\/\/tuzlahortum.com.tr\/ru\/hakkimizda\/","url_meta":{"origin":23019,"position":1},"title":"\u041e \u041d\u0410\u0421","author":"admin","date":"11 \u0430\u0432\u0433\u0443\u0441\u0442\u0430 2013","format":false,"excerpt":"","rel":"","context":"\u041f\u043e\u0445\u043e\u0436\u0430\u044f \u0437\u0430\u043f\u0438\u0441\u044c","block_context":{"text":"\u041f\u043e\u0445\u043e\u0436\u0430\u044f \u0437\u0430\u043f\u0438\u0441\u044c","link":""},"img":{"alt_text":"","src":"","width":0,"height":0},"classes":[]},{"id":12928,"url":"https:\/\/tuzlahortum.com.tr\/ru\/qr-welcome\/","url_meta":{"origin":23019,"position":2},"title":"QR","author":"admin","date":"29 \u0441\u0435\u043d\u0442\u044f\u0431\u0440\u044f 2023","format":false,"excerpt":"","rel":"","context":"\u041f\u043e\u0445\u043e\u0436\u0430\u044f \u0437\u0430\u043f\u0438\u0441\u044c","block_context":{"text":"\u041f\u043e\u0445\u043e\u0436\u0430\u044f \u0437\u0430\u043f\u0438\u0441\u044c","link":""},"img":{"alt_text":"","src":"","width":0,"height":0},"classes":[]},{"id":3,"url":"https:\/\/tuzlahortum.com.tr\/ru\/gizlilik-politikasi\/","url_meta":{"origin":23019,"position":3},"title":"\u041f\u043e\u043b\u0438\u0442\u0438\u043a\u0430 \u043a\u043e\u043d\u0444\u0438\u0434\u0435\u043d\u0446\u0438\u0430\u043b\u044c\u043d\u043e\u0441\u0442\u0438","author":"admin","date":"5 \u0444\u0435\u0432\u0440\u0430\u043b\u044f 2019","format":false,"excerpt":"Biz kimiz Web sitemizin adresi: http:\/\/hortum.com.tr. Hangi ki\u015fisel bilgileri ne ama\u00e7la topluyoruz Yorumlar Ziyaret\u00e7iler sitede yorum b\u0131rakt\u0131\u011f\u0131nda yorum formunda g\u00f6sterilen verileri ve ayr\u0131ca istenmeyen yorum tespitine yard\u0131mc\u0131 olmak i\u00e7in ziyaret\u00e7inin IP adresi ve taray\u0131c\u0131 bilgisi metnini de toplar\u0131z. E-posta adresinizden olu\u015fturulmu\u015f anonimle\u015ftirilmi\u015f bir metin (hash olarak da adland\u0131r\u0131l\u0131r) Gravatar hizmetine,\u2026","rel":"","context":"\u041f\u043e\u0445\u043e\u0436\u0430\u044f \u0437\u0430\u043f\u0438\u0441\u044c","block_context":{"text":"\u041f\u043e\u0445\u043e\u0436\u0430\u044f \u0437\u0430\u043f\u0438\u0441\u044c","link":""},"img":{"alt_text":"","src":"","width":0,"height":0},"classes":[]},{"id":29,"url":"https:\/\/tuzlahortum.com.tr\/ru\/elements\/video\/","url_meta":{"origin":23019,"position":4},"title":"Video","author":"admin","date":"29 \u0438\u044e\u043d\u044f 2016","format":false,"excerpt":"","rel":"","context":"\u041f\u043e\u0445\u043e\u0436\u0430\u044f \u0437\u0430\u043f\u0438\u0441\u044c","block_context":{"text":"\u041f\u043e\u0445\u043e\u0436\u0430\u044f \u0437\u0430\u043f\u0438\u0441\u044c","link":""},"img":{"alt_text":"","src":"","width":0,"height":0},"classes":[]},{"id":23246,"url":"https:\/\/tuzlahortum.com.tr\/ru\/turkiyenin-ilk-mobil-hortum-katalogu\/","url_meta":{"origin":23019,"position":5},"title":"\u041f\u0435\u0440\u0432\u044b\u0439 \u0432 \u0422\u0443\u0440\u0446\u0438\u0438 \u043a\u0430\u0442\u0430\u043b\u043e\u0433 \u043c\u043e\u0431\u0438\u043b\u044c\u043d\u044b\u0445 \u0448\u043b\u0430\u043d\u0433\u043e\u0432","author":"admin","date":"27 \u043e\u043a\u0442\u044f\u0431\u0440\u044f 2025","format":false,"excerpt":"Ak\u0131ll\u0131 arama, teknik filtreler ve interaktif katalog yap\u0131s\u0131yla hortum d\u00fcnyas\u0131 dijitalle\u015fti.T\u00fcm \u00fcr\u00fcn verilerine, standartlara ve g\u00f6rsellere an\u0131nda ula\u015f\u0131n.Tuzla Hortum uygulamas\u0131n\u0131 hemen indirin.","rel":"","context":"\u041f\u043e\u0445\u043e\u0436\u0430\u044f \u0437\u0430\u043f\u0438\u0441\u044c","block_context":{"text":"\u041f\u043e\u0445\u043e\u0436\u0430\u044f \u0437\u0430\u043f\u0438\u0441\u044c","link":""},"img":{"alt_text":"","src":"","width":0,"height":0},"classes":[]}],"jetpack_sharing_enabled":true,"jetpack_likes_enabled":true,"_links":{"self":[{"href":"https:\/\/tuzlahortum.com.tr\/ru\/wp-json\/wp\/v2\/pages\/23019","targetHints":{"allow":["GET"]}}],"collection":[{"href":"https:\/\/tuzlahortum.com.tr\/ru\/wp-json\/wp\/v2\/pages"}],"about":[{"href":"https:\/\/tuzlahortum.com.tr\/ru\/wp-json\/wp\/v2\/types\/page"}],"author":[{"embeddable":true,"href":"https:\/\/tuzlahortum.com.tr\/ru\/wp-json\/wp\/v2\/users\/1"}],"replies":[{"embeddable":true,"href":"https:\/\/tuzlahortum.com.tr\/ru\/wp-json\/wp\/v2\/comments?post=23019"}],"version-history":[{"count":3,"href":"https:\/\/tuzlahortum.com.tr\/ru\/wp-json\/wp\/v2\/pages\/23019\/revisions"}],"predecessor-version":[{"id":23043,"href":"https:\/\/tuzlahortum.com.tr\/ru\/wp-json\/wp\/v2\/pages\/23019\/revisions\/23043"}],"wp:attachment":[{"href":"https:\/\/tuzlahortum.com.tr\/ru\/wp-json\/wp\/v2\/media?parent=23019"}],"curies":[{"name":"wp","href":"https:\/\/api.w.org\/{rel}","templated":true}]}}