{"id":1217,"date":"2019-02-07T16:15:31","date_gmt":"2019-02-07T13:15:31","guid":{"rendered":"http:\/\/hortum.com.tr\/?page_id=1217"},"modified":"2019-03-28T13:25:13","modified_gmt":"2019-03-28T10:25:13","slug":"satis-danismanlarimiz","status":"publish","type":"page","link":"https:\/\/tuzlahortum.com.tr\/ru\/satis-danismanlarimiz\/","title":{"rendered":"\u041d\u0430\u0448\u0438 \u043f\u0440\u043e\u0434\u0430\u0432\u0446\u044b-\u043a\u043e\u043d\u0441\u0443\u043b\u044c\u0442\u0430\u043d\u0442\u044b"},"content":{"rendered":"<h3 class=\"uppercase\" style=\"text-align: center;\">\u041d\u0430\u0448\u0438 \u043a\u043e\u043d\u0441\u0443\u043b\u044c\u0442\u0430\u043d\u0442\u044b \u043f\u043e \u043f\u0440\u043e\u0434\u0430\u0436\u0430\u043c<\/h3>\n<p style=\"text-align: center;\">\u0412\u0441\u0435 \u043d\u0430\u0448\u0438 \u043a\u043e\u043d\u0441\u0443\u043b\u044c\u0442\u0430\u043d\u0442\u044b \u0441\u0434\u0435\u043b\u0430\u044e\u0442 \u0432\u0441\u0435 \u0432\u043e\u0437\u043c\u043e\u0436\u043d\u043e\u0435, \u0447\u0442\u043e\u0431\u044b \u043f\u0440\u0435\u0434\u043b\u043e\u0436\u0438\u0442\u044c \u0432\u0430\u043c \u043d\u0430\u0438\u043b\u0443\u0447\u0448\u0438\u0439 \u0441\u0435\u0440\u0432\u0438\u0441. \u041f\u043e \u0432\u0430\u0448\u0435\u043c\u0443 \u0436\u0435\u043b\u0430\u043d\u0438\u044e \u043c\u044b \u043c\u043e\u0436\u0435\u043c \u043f\u043e\u0441\u0435\u0442\u0438\u0442\u044c \u0432\u0430\u0448\u0435 \u043f\u0440\u0435\u0434\u043f\u0440\u0438\u044f\u0442\u0438\u0435 \u0438\u043b\u0438 \u043e\u0441\u043c\u043e\u0442\u0440\u0435\u0442\u044c \u0435\u0433\u043e \u0438 \u043f\u0440\u043e\u043a\u043e\u043d\u0441\u0443\u043b\u044c\u0442\u0438\u0440\u043e\u0432\u0430\u0442\u044c \u043f\u043e \u0432\u043e\u043f\u0440\u043e\u0441\u0430\u043c \u0438\u0441\u043f\u043e\u043b\u044c\u0437\u043e\u0432\u0430\u043d\u0438\u044f \u043f\u043e\u0434\u0445\u043e\u0434\u044f\u0449\u0435\u0433\u043e \u043f\u0440\u043e\u0434\u0443\u043a\u0442\u0430.<\/p>\n<p class=\"uppercase lead\" style=\"text-align: center;\">\u0422\u0435\u043b: 0 216 493 53 53 (\u0410\u0422\u0421)<\/p>\n<a href=\"https:\/\/outlook.office365.com\/owa\/calendar\/TuzlaHortumSanTicLtdti@tuzlahortum.com.tr\/bookings\/\" target=\"_blank\" class=\"button primary is-shade is-large box-shadow-3 box-shadow-5-hover expand\" rel=\"noopener\" style=\"border-radius:5px;\">\n\t\t<span>\u041f\u043b\u0430\u043d\u0438\u0440\u0443\u0439\u0442\u0435 \u043f\u043e\u0441\u0435\u0449\u0435\u043d\u0438\u0435<\/span>\n\t<i class=\"icon-clock\" aria-hidden=\"true\"><\/i><\/a>\n\n\n<div class=\"row\"  id=\"row-601219239\">\n\n\n\t<div id=\"col-26862738\" class=\"col medium-4 small-6 large-4\"  >\n\t\t\t\t<div class=\"col-inner\"  >\n\t\t\t\n\t\t\t\n\n    <div class=\"box has-hover has-hover box-shadow-3-hover box-text-bottom\" >\n\n                  <div class=\"box-image\" style=\"width:80%;\">\n           <div class=\"box-image-inner image-cover\" style=\"border-radius:100%;padding-top:100%;\">\n              <img data-recalc-dims=\"1\" decoding=\"async\" src=\"https:\/\/i0.wp.com\/tuzlahortum.com.tr\/wp-content\/themes\/flatsome\/assets\/img\/missing.jpg?w=1020&#038;ssl=1\" alt=\"\" title=\"\">                         <\/div>\n          <\/div>\n         \n          <div class=\"box-text text-center\" >\n                <div class=\"box-text-inner\">\n                  <h4 class=\"uppercase\">\n                    <span class=\"person-name\">\u041c\u0443\u0440\u0430\u0442 \u042d\u0440\u0433\u0435\u043d\u0447<\/span><br\/>\n                    <span class=\"person-title is-small thin-font op-7\">\n                      \u041c\u0435\u043d\u0435\u0434\u0436\u0435\u0440 \u043f\u043e \u043f\u0440\u043e\u0434\u0430\u0436\u0430\u043c                    <\/span>\n                  <\/h4>\n\t\t\t\t\t<div class=\"social-icons follow-icons\" ><a href=\"mailto:murat@tuzlahortum.com.tr\" data-label=\"E-mail\" target=\"_blank\" class=\"icon button circle is-outline tooltip email\" title=\"\u0427\u0442\u043e\u0431\u044b \u0437\u0430\u0433\u0440\u0443\u0437\u0438\u0442\u044c \u043f\u043e \u044d\u043b\u0435\u043a\u0442\u0440\u043e\u043d\u043d\u043e\u0439 \u043f\u043e\u0447\u0442\u0435\" aria-label=\"\u0427\u0442\u043e\u0431\u044b \u0437\u0430\u0433\u0440\u0443\u0437\u0438\u0442\u044c \u043f\u043e \u044d\u043b\u0435\u043a\u0442\u0440\u043e\u043d\u043d\u043e\u0439 \u043f\u043e\u0447\u0442\u0435\" rel=\"nofollow noopener\"><i class=\"icon-envelop\" aria-hidden=\"true\"><\/i><\/a><\/div>\n\n<p>\u0414\u043e\u0431.: 119<\/p>\n\n                <\/div>\n          <\/div>\n    <\/div>\n\n\t\n    \n\n\t\t<\/div>\n\t\t\t\t\t<\/div>\n\n\t\n\n\t<div id=\"col-1746321887\" class=\"col medium-4 small-6 large-4\"  >\n\t\t\t\t<div class=\"col-inner\"  >\n\t\t\t\n\t\t\t\n\n    <div class=\"box has-hover has-hover box-shadow-3-hover box-text-bottom\" >\n\n                  <div class=\"box-image\" style=\"width:80%;\">\n           <div class=\"box-image-inner image-cover\" style=\"border-radius:100%;padding-top:100%;\">\n              <img data-recalc-dims=\"1\" loading=\"lazy\" decoding=\"async\" width=\"700\" height=\"700\" src=\"https:\/\/i0.wp.com\/tuzlahortum.com.tr\/wp-content\/uploads\/2019\/03\/Abdullah_Ergenc.jpg?resize=700%2C700&#038;ssl=1\" class=\"attachment- size-\" alt=\"\" srcset=\"https:\/\/i0.wp.com\/tuzlahortum.com.tr\/wp-content\/uploads\/2019\/03\/Abdullah_Ergenc.jpg?w=700&amp;ssl=1 700w, https:\/\/i0.wp.com\/tuzlahortum.com.tr\/wp-content\/uploads\/2019\/03\/Abdullah_Ergenc.jpg?resize=280%2C280&amp;ssl=1 280w, https:\/\/i0.wp.com\/tuzlahortum.com.tr\/wp-content\/uploads\/2019\/03\/Abdullah_Ergenc.jpg?resize=400%2C400&amp;ssl=1 400w, https:\/\/i0.wp.com\/tuzlahortum.com.tr\/wp-content\/uploads\/2019\/03\/Abdullah_Ergenc.jpg?resize=300%2C300&amp;ssl=1 300w, https:\/\/i0.wp.com\/tuzlahortum.com.tr\/wp-content\/uploads\/2019\/03\/Abdullah_Ergenc.jpg?resize=600%2C600&amp;ssl=1 600w, https:\/\/i0.wp.com\/tuzlahortum.com.tr\/wp-content\/uploads\/2019\/03\/Abdullah_Ergenc.jpg?resize=100%2C100&amp;ssl=1 100w\" sizes=\"auto, (max-width: 700px) 100vw, 700px\" title=\"\">                         <\/div>\n          <\/div>\n         \n          <div class=\"box-text text-center\" >\n                <div class=\"box-text-inner\">\n                  <h4 class=\"uppercase\">\n                    <span class=\"person-name\">\u0410\u0431\u0434\u0443\u043b\u043b\u0430 \u042d\u0440\u0447<\/span><br\/>\n                    <span class=\"person-title is-small thin-font op-7\">\n                      \u041f\u0440\u043e\u0434\u0430\u0432\u0435\u0446-\u043a\u043e\u043d\u0441\u0443\u043b\u044c\u0442\u0430\u043d\u0442                    <\/span>\n                  <\/h4>\n\t\t\t\t\t<div class=\"social-icons follow-icons\" ><a href=\"mailto:abdullah@tuzlahortum.com.tr\" data-label=\"E-mail\" target=\"_blank\" class=\"icon button circle is-outline tooltip email\" title=\"\u0427\u0442\u043e\u0431\u044b \u0437\u0430\u0433\u0440\u0443\u0437\u0438\u0442\u044c \u043f\u043e \u044d\u043b\u0435\u043a\u0442\u0440\u043e\u043d\u043d\u043e\u0439 \u043f\u043e\u0447\u0442\u0435\" aria-label=\"\u0427\u0442\u043e\u0431\u044b \u0437\u0430\u0433\u0440\u0443\u0437\u0438\u0442\u044c \u043f\u043e \u044d\u043b\u0435\u043a\u0442\u0440\u043e\u043d\u043d\u043e\u0439 \u043f\u043e\u0447\u0442\u0435\" rel=\"nofollow noopener\"><i class=\"icon-envelop\" aria-hidden=\"true\"><\/i><\/a><\/div>\n\n<p>\u0412\u043d\u0443\u0442\u0440\u0435\u043d\u043d\u0438\u0435 : 127<\/p>\n\n                <\/div>\n          <\/div>\n    <\/div>\n\n\t\n    \n\n\t\t<\/div>\n\t\t\t\t\t<\/div>\n\n\t\n\n\t<div id=\"col-1224756269\" class=\"col medium-4 small-6 large-4\"  >\n\t\t\t\t<div class=\"col-inner\"  >\n\t\t\t\n\t\t\t\n\n    <div class=\"box has-hover has-hover box-shadow-3-hover box-text-bottom\" >\n\n                  <div class=\"box-image\" style=\"width:80%;\">\n           <div class=\"box-image-inner image-cover\" style=\"border-radius:100%;padding-top:100%;\">\n              <img data-recalc-dims=\"1\" loading=\"lazy\" decoding=\"async\" width=\"700\" height=\"700\" src=\"https:\/\/i0.wp.com\/tuzlahortum.com.tr\/wp-content\/uploads\/2019\/03\/Fatih_Karakus.jpg?resize=700%2C700&#038;ssl=1\" class=\"attachment- size-\" alt=\"\" srcset=\"https:\/\/i0.wp.com\/tuzlahortum.com.tr\/wp-content\/uploads\/2019\/03\/Fatih_Karakus.jpg?w=700&amp;ssl=1 700w, https:\/\/i0.wp.com\/tuzlahortum.com.tr\/wp-content\/uploads\/2019\/03\/Fatih_Karakus.jpg?resize=280%2C280&amp;ssl=1 280w, https:\/\/i0.wp.com\/tuzlahortum.com.tr\/wp-content\/uploads\/2019\/03\/Fatih_Karakus.jpg?resize=400%2C400&amp;ssl=1 400w, https:\/\/i0.wp.com\/tuzlahortum.com.tr\/wp-content\/uploads\/2019\/03\/Fatih_Karakus.jpg?resize=300%2C300&amp;ssl=1 300w, https:\/\/i0.wp.com\/tuzlahortum.com.tr\/wp-content\/uploads\/2019\/03\/Fatih_Karakus.jpg?resize=600%2C600&amp;ssl=1 600w, https:\/\/i0.wp.com\/tuzlahortum.com.tr\/wp-content\/uploads\/2019\/03\/Fatih_Karakus.jpg?resize=100%2C100&amp;ssl=1 100w\" sizes=\"auto, (max-width: 700px) 100vw, 700px\" title=\"\">                         <\/div>\n          <\/div>\n         \n          <div class=\"box-text text-center\" >\n                <div class=\"box-text-inner\">\n                  <h4 class=\"uppercase\">\n                    <span class=\"person-name\">\u0424\u0430\u0442\u0438\u0445 \u041a\u0430\u0440\u0430\u043a\u0443\u0441<\/span><br\/>\n                    <span class=\"person-title is-small thin-font op-7\">\n                      \u041f\u0440\u043e\u0434\u0430\u0432\u0435\u0446-\u043a\u043e\u043d\u0441\u0443\u043b\u044c\u0442\u0430\u043d\u0442                    <\/span>\n                  <\/h4>\n\t\t\t\t\t<div class=\"social-icons follow-icons\" ><a href=\"mailto:fatih@tuzlahortum.com.tr\" data-label=\"E-mail\" target=\"_blank\" class=\"icon button circle is-outline tooltip email\" title=\"\u0427\u0442\u043e\u0431\u044b \u0437\u0430\u0433\u0440\u0443\u0437\u0438\u0442\u044c \u043f\u043e \u044d\u043b\u0435\u043a\u0442\u0440\u043e\u043d\u043d\u043e\u0439 \u043f\u043e\u0447\u0442\u0435\" aria-label=\"\u0427\u0442\u043e\u0431\u044b \u0437\u0430\u0433\u0440\u0443\u0437\u0438\u0442\u044c \u043f\u043e \u044d\u043b\u0435\u043a\u0442\u0440\u043e\u043d\u043d\u043e\u0439 \u043f\u043e\u0447\u0442\u0435\" rel=\"nofollow noopener\"><i class=\"icon-envelop\" aria-hidden=\"true\"><\/i><\/a><\/div>\n\n<p>\u0412\u043d\u0443\u0442\u0440\u0435\u043d\u043d\u0438\u0439: 123<\/p>\n\n                <\/div>\n          <\/div>\n    <\/div>\n\n\t\n    \n\n\t\t<\/div>\n\t\t\t\t\t<\/div>\n\n\t\n\n\t<div id=\"col-105885033\" class=\"col medium-4 small-6 large-4\"  >\n\t\t\t\t<div class=\"col-inner\"  >\n\t\t\t\n\t\t\t\n\n    <div class=\"box has-hover has-hover box-shadow-3-hover box-text-bottom\" >\n\n                  <div class=\"box-image\" style=\"width:80%;\">\n           <div class=\"box-image-inner image-cover\" style=\"border-radius:100%;padding-top:100%;\">\n              <img data-recalc-dims=\"1\" loading=\"lazy\" decoding=\"async\" width=\"700\" height=\"700\" src=\"https:\/\/i0.wp.com\/tuzlahortum.com.tr\/wp-content\/uploads\/2019\/03\/Fatih_Sahan.jpg?resize=700%2C700&#038;ssl=1\" class=\"attachment- size-\" alt=\"\" srcset=\"https:\/\/i0.wp.com\/tuzlahortum.com.tr\/wp-content\/uploads\/2019\/03\/Fatih_Sahan.jpg?w=700&amp;ssl=1 700w, https:\/\/i0.wp.com\/tuzlahortum.com.tr\/wp-content\/uploads\/2019\/03\/Fatih_Sahan.jpg?resize=280%2C280&amp;ssl=1 280w, https:\/\/i0.wp.com\/tuzlahortum.com.tr\/wp-content\/uploads\/2019\/03\/Fatih_Sahan.jpg?resize=400%2C400&amp;ssl=1 400w, https:\/\/i0.wp.com\/tuzlahortum.com.tr\/wp-content\/uploads\/2019\/03\/Fatih_Sahan.jpg?resize=300%2C300&amp;ssl=1 300w, https:\/\/i0.wp.com\/tuzlahortum.com.tr\/wp-content\/uploads\/2019\/03\/Fatih_Sahan.jpg?resize=600%2C600&amp;ssl=1 600w, https:\/\/i0.wp.com\/tuzlahortum.com.tr\/wp-content\/uploads\/2019\/03\/Fatih_Sahan.jpg?resize=100%2C100&amp;ssl=1 100w\" sizes=\"auto, (max-width: 700px) 100vw, 700px\" title=\"\">                         <\/div>\n          <\/div>\n         \n          <div class=\"box-text text-center\" >\n                <div class=\"box-text-inner\">\n                  <h4 class=\"uppercase\">\n                    <span class=\"person-name\">\u0424\u0430\u0442\u0438\u0445 \u0428\u0430\u0445\u0430\u043d<\/span><br\/>\n                    <span class=\"person-title is-small thin-font op-7\">\n                      \u041f\u0440\u043e\u0434\u0430\u0432\u0435\u0446-\u043a\u043e\u043d\u0441\u0443\u043b\u044c\u0442\u0430\u043d\u0442                    <\/span>\n                  <\/h4>\n\t\t\t\t\t<div class=\"social-icons follow-icons\" ><a href=\"mailto:fatih.sahan@tuzlahortum.com.tr\" data-label=\"E-mail\" target=\"_blank\" class=\"icon button circle is-outline tooltip email\" title=\"\u0427\u0442\u043e\u0431\u044b \u0437\u0430\u0433\u0440\u0443\u0437\u0438\u0442\u044c \u043f\u043e \u044d\u043b\u0435\u043a\u0442\u0440\u043e\u043d\u043d\u043e\u0439 \u043f\u043e\u0447\u0442\u0435\" aria-label=\"\u0427\u0442\u043e\u0431\u044b \u0437\u0430\u0433\u0440\u0443\u0437\u0438\u0442\u044c \u043f\u043e \u044d\u043b\u0435\u043a\u0442\u0440\u043e\u043d\u043d\u043e\u0439 \u043f\u043e\u0447\u0442\u0435\" rel=\"nofollow noopener\"><i class=\"icon-envelop\" aria-hidden=\"true\"><\/i><\/a><\/div>\n\n<p>\u0412\u043d\u0443\u0442\u0440\u0435\u043d\u043d\u0438\u0439: 125<\/p>\n\n                <\/div>\n          <\/div>\n    <\/div>\n\n\t\n    \n\n\t\t<\/div>\n\t\t\t\t\t<\/div>\n\n\t\n\n\t<div id=\"col-429413536\" class=\"col medium-4 small-6 large-4\"  >\n\t\t\t\t<div class=\"col-inner\"  >\n\t\t\t\n\t\t\t\n\n    <div class=\"box has-hover has-hover box-shadow-3-hover box-text-bottom\" >\n\n                  <div class=\"box-image\" style=\"width:80%;\">\n           <div class=\"box-image-inner image-cover\" style=\"border-radius:100%;padding-top:100%;\">\n              <img data-recalc-dims=\"1\" decoding=\"async\" src=\"https:\/\/i0.wp.com\/tuzlahortum.com.tr\/wp-content\/themes\/flatsome\/assets\/img\/missing.jpg?w=1020&#038;ssl=1\" alt=\"\" title=\"\">                         <\/div>\n          <\/div>\n         \n          <div class=\"box-text text-center\" >\n                <div class=\"box-text-inner\">\n                  <h4 class=\"uppercase\">\n                    <span class=\"person-name\">\u0410\u043b\u0438 \u042d\u0440\u043a\u0430\u043d<\/span><br\/>\n                    <span class=\"person-title is-small thin-font op-7\">\n                      \u041f\u0440\u043e\u0434\u0430\u0432\u0435\u0446-\u043a\u043e\u043d\u0441\u0443\u043b\u044c\u0442\u0430\u043d\u0442                    <\/span>\n                  <\/h4>\n\t\t\t\t\t<div class=\"social-icons follow-icons\" ><a href=\"mailto:ali@tuzlahortum.com.tr\" data-label=\"E-mail\" target=\"_blank\" class=\"icon button circle is-outline tooltip email\" title=\"\u0427\u0442\u043e\u0431\u044b \u0437\u0430\u0433\u0440\u0443\u0437\u0438\u0442\u044c \u043f\u043e \u044d\u043b\u0435\u043a\u0442\u0440\u043e\u043d\u043d\u043e\u0439 \u043f\u043e\u0447\u0442\u0435\" aria-label=\"\u0427\u0442\u043e\u0431\u044b \u0437\u0430\u0433\u0440\u0443\u0437\u0438\u0442\u044c \u043f\u043e \u044d\u043b\u0435\u043a\u0442\u0440\u043e\u043d\u043d\u043e\u0439 \u043f\u043e\u0447\u0442\u0435\" rel=\"nofollow noopener\"><i class=\"icon-envelop\" aria-hidden=\"true\"><\/i><\/a><\/div>\n\n<p>\u0412\u043d\u0443\u0442\u0440\u0435\u043d\u043d\u0438\u0439: 122<\/p>\n\n                <\/div>\n          <\/div>\n    <\/div>\n\n\t\n    \n\n\t\t<\/div>\n\t\t\t\t\t<\/div>\n\n\t\n\n\t<div id=\"col-1070807541\" class=\"col medium-4 small-6 large-4\"  >\n\t\t\t\t<div class=\"col-inner\"  >\n\t\t\t\n\t\t\t\n\n    <div class=\"box has-hover has-hover box-shadow-3-hover box-text-bottom\" >\n\n                  <div class=\"box-image\" style=\"width:80%;\">\n           <div class=\"box-image-inner image-cover\" style=\"border-radius:100%;padding-top:100%;\">\n              <img data-recalc-dims=\"1\" loading=\"lazy\" decoding=\"async\" width=\"700\" height=\"700\" src=\"https:\/\/i0.wp.com\/tuzlahortum.com.tr\/wp-content\/uploads\/2019\/03\/Tolga_Sadic.jpg?resize=700%2C700&#038;ssl=1\" class=\"attachment- size-\" alt=\"\" srcset=\"https:\/\/i0.wp.com\/tuzlahortum.com.tr\/wp-content\/uploads\/2019\/03\/Tolga_Sadic.jpg?w=700&amp;ssl=1 700w, https:\/\/i0.wp.com\/tuzlahortum.com.tr\/wp-content\/uploads\/2019\/03\/Tolga_Sadic.jpg?resize=280%2C280&amp;ssl=1 280w, https:\/\/i0.wp.com\/tuzlahortum.com.tr\/wp-content\/uploads\/2019\/03\/Tolga_Sadic.jpg?resize=400%2C400&amp;ssl=1 400w, https:\/\/i0.wp.com\/tuzlahortum.com.tr\/wp-content\/uploads\/2019\/03\/Tolga_Sadic.jpg?resize=300%2C300&amp;ssl=1 300w, https:\/\/i0.wp.com\/tuzlahortum.com.tr\/wp-content\/uploads\/2019\/03\/Tolga_Sadic.jpg?resize=600%2C600&amp;ssl=1 600w, https:\/\/i0.wp.com\/tuzlahortum.com.tr\/wp-content\/uploads\/2019\/03\/Tolga_Sadic.jpg?resize=100%2C100&amp;ssl=1 100w\" sizes=\"auto, (max-width: 700px) 100vw, 700px\" title=\"\">                         <\/div>\n          <\/div>\n         \n          <div class=\"box-text text-center\" >\n                <div class=\"box-text-inner\">\n                  <h4 class=\"uppercase\">\n                    <span class=\"person-name\">\u0422\u043e\u043b\u0433\u0430 \u0421\u0430\u0434\u0438\u0447<\/span><br\/>\n                    <span class=\"person-title is-small thin-font op-7\">\n                      \u041f\u0440\u043e\u0434\u0430\u0432\u0435\u0446-\u043a\u043e\u043d\u0441\u0443\u043b\u044c\u0442\u0430\u043d\u0442                    <\/span>\n                  <\/h4>\n\t\t\t\t\t<div class=\"social-icons follow-icons\" ><a href=\"mailto:tolga@tuzlahortum.com.tr\" data-label=\"E-mail\" target=\"_blank\" class=\"icon button circle is-outline tooltip email\" title=\"\u0427\u0442\u043e\u0431\u044b \u0437\u0430\u0433\u0440\u0443\u0437\u0438\u0442\u044c \u043f\u043e \u044d\u043b\u0435\u043a\u0442\u0440\u043e\u043d\u043d\u043e\u0439 \u043f\u043e\u0447\u0442\u0435\" aria-label=\"\u0427\u0442\u043e\u0431\u044b \u0437\u0430\u0433\u0440\u0443\u0437\u0438\u0442\u044c \u043f\u043e \u044d\u043b\u0435\u043a\u0442\u0440\u043e\u043d\u043d\u043e\u0439 \u043f\u043e\u0447\u0442\u0435\" rel=\"nofollow noopener\"><i class=\"icon-envelop\" aria-hidden=\"true\"><\/i><\/a><\/div>\n\n<p>\u0412\u043d\u0443\u0442\u0440\u0435\u043d\u043d\u0438\u0439: 124<\/p>\n\n                <\/div>\n          <\/div>\n    <\/div>\n\n\t\n    \n\n\t\t<\/div>\n\t\t\t\t\t<\/div>\n\n\t\n\n\t<div id=\"col-70909981\" class=\"col medium-4 small-6 large-4\"  >\n\t\t\t\t<div class=\"col-inner\"  >\n\t\t\t\n\t\t\t\n\n    <div class=\"box has-hover has-hover box-shadow-3-hover box-text-bottom\" >\n\n                  <div class=\"box-image\" style=\"width:80%;\">\n           <div class=\"box-image-inner image-cover\" style=\"border-radius:100%;padding-top:100%;\">\n              <img data-recalc-dims=\"1\" loading=\"lazy\" decoding=\"async\" width=\"700\" height=\"700\" src=\"https:\/\/i0.wp.com\/tuzlahortum.com.tr\/wp-content\/uploads\/2019\/03\/Ismail_Celik.jpg?resize=700%2C700&#038;ssl=1\" class=\"attachment- size-\" alt=\"\" srcset=\"https:\/\/i0.wp.com\/tuzlahortum.com.tr\/wp-content\/uploads\/2019\/03\/Ismail_Celik.jpg?w=700&amp;ssl=1 700w, https:\/\/i0.wp.com\/tuzlahortum.com.tr\/wp-content\/uploads\/2019\/03\/Ismail_Celik.jpg?resize=280%2C280&amp;ssl=1 280w, https:\/\/i0.wp.com\/tuzlahortum.com.tr\/wp-content\/uploads\/2019\/03\/Ismail_Celik.jpg?resize=400%2C400&amp;ssl=1 400w, https:\/\/i0.wp.com\/tuzlahortum.com.tr\/wp-content\/uploads\/2019\/03\/Ismail_Celik.jpg?resize=300%2C300&amp;ssl=1 300w, https:\/\/i0.wp.com\/tuzlahortum.com.tr\/wp-content\/uploads\/2019\/03\/Ismail_Celik.jpg?resize=600%2C600&amp;ssl=1 600w, https:\/\/i0.wp.com\/tuzlahortum.com.tr\/wp-content\/uploads\/2019\/03\/Ismail_Celik.jpg?resize=100%2C100&amp;ssl=1 100w\" sizes=\"auto, (max-width: 700px) 100vw, 700px\" title=\"\">                         <\/div>\n          <\/div>\n         \n          <div class=\"box-text text-center\" >\n                <div class=\"box-text-inner\">\n                  <h4 class=\"uppercase\">\n                    <span class=\"person-name\">\u0418\u0441\u043c\u0430\u0438\u043b \u0427\u0435\u043b\u0438\u043a<\/span><br\/>\n                    <span class=\"person-title is-small thin-font op-7\">\n                      \u041f\u0440\u043e\u0434\u0430\u0432\u0435\u0446-\u043a\u043e\u043d\u0441\u0443\u043b\u044c\u0442\u0430\u043d\u0442                    <\/span>\n                  <\/h4>\n\t\t\t\t\t<div class=\"social-icons follow-icons\" ><a href=\"mailto:ismail@tuzlahortum.com.tr\" data-label=\"E-mail\" target=\"_blank\" class=\"icon button circle is-outline tooltip email\" title=\"\u0427\u0442\u043e\u0431\u044b \u0437\u0430\u0433\u0440\u0443\u0437\u0438\u0442\u044c \u043f\u043e \u044d\u043b\u0435\u043a\u0442\u0440\u043e\u043d\u043d\u043e\u0439 \u043f\u043e\u0447\u0442\u0435\" aria-label=\"\u0427\u0442\u043e\u0431\u044b \u0437\u0430\u0433\u0440\u0443\u0437\u0438\u0442\u044c \u043f\u043e \u044d\u043b\u0435\u043a\u0442\u0440\u043e\u043d\u043d\u043e\u0439 \u043f\u043e\u0447\u0442\u0435\" rel=\"nofollow noopener\"><i class=\"icon-envelop\" aria-hidden=\"true\"><\/i><\/a><\/div>\n\n\n                <\/div>\n          <\/div>\n    <\/div>\n\n\t\n    \n\n\t\t<\/div>\n\t\t\t\t\t<\/div>\n\n\t\n\n\n<\/div>\n<a href=\"https:\/\/outlook.office365.com\/owa\/calendar\/TuzlaHortumSanTicLtdti@tuzlahortum.com.tr\/bookings\/\" target=\"_blank\" class=\"button primary is-shade is-large box-shadow-3 box-shadow-5-hover expand\" rel=\"noopener\" style=\"border-radius:5px;\">\n\t\t<span>\u041f\u043b\u0430\u043d\u0438\u0440\u0443\u0439\u0442\u0435 \u043f\u043e\u0441\u0435\u0449\u0435\u043d\u0438\u0435<\/span>\n\t<i class=\"icon-clock\" aria-hidden=\"true\"><\/i><\/a>","protected":false},"excerpt":{"rendered":"<p>Sat\u0131\u015f dan\u0131\u015fmanlar\u0131m\u0131z T\u00fcm dan\u0131\u015fmanlar\u0131m\u0131z size en iyi hizmeti sunmak i\u00e7in ellerinden geleni yapacaklard\u0131r. Talep etmeniz halinde firman\u0131z ziyaret edilebilir veya tesisiniz incelenerek do\u011fru \u00fcr\u00fcn kullan\u0131lmas\u0131 konusunda dan\u0131\u015fmanl\u0131k yap\u0131labilir. Tel : 0 216 493 53 53 (pbx)<\/p>","protected":false},"author":1,"featured_media":0,"parent":0,"menu_order":0,"comment_status":"closed","ping_status":"closed","template":"","meta":{"jetpack_post_was_ever_published":false,"footnotes":""},"class_list":["post-1217","page","type-page","status-publish","hentry"],"jetpack-related-posts":[{"id":49,"url":"https:\/\/tuzlahortum.com.tr\/ru\/elements\/images\/","url_meta":{"origin":1217,"position":0},"title":"Images","author":"admin","date":"15 \u0444\u0435\u0432\u0440\u0430\u043b\u044f 2016","format":false,"excerpt":"","rel":"","context":"\u041f\u043e\u0445\u043e\u0436\u0430\u044f \u0437\u0430\u043f\u0438\u0441\u044c","block_context":{"text":"\u041f\u043e\u0445\u043e\u0436\u0430\u044f \u0437\u0430\u043f\u0438\u0441\u044c","link":""},"img":{"alt_text":"","src":"","width":0,"height":0},"classes":[]},{"id":77,"url":"https:\/\/tuzlahortum.com.tr\/ru\/elements\/team-member\/","url_meta":{"origin":1217,"position":1},"title":"Team Member","author":"admin","date":"18 \u0430\u0432\u0433\u0443\u0441\u0442\u0430 2013","format":false,"excerpt":"","rel":"","context":"\u041f\u043e\u0445\u043e\u0436\u0430\u044f \u0437\u0430\u043f\u0438\u0441\u044c","block_context":{"text":"\u041f\u043e\u0445\u043e\u0436\u0430\u044f \u0437\u0430\u043f\u0438\u0441\u044c","link":""},"img":{"alt_text":"","src":"","width":0,"height":0},"classes":[]},{"id":30,"url":"https:\/\/tuzlahortum.com.tr\/ru\/elements\/video-button\/","url_meta":{"origin":1217,"position":2},"title":"\u041a\u043d\u043e\u043f\u043a\u0430 \u0432\u0438\u0434\u0435\u043e","author":"admin","date":"15 \u0438\u044e\u043d\u044f 2016","format":false,"excerpt":"","rel":"","context":"\u041f\u043e\u0445\u043e\u0436\u0430\u044f \u0437\u0430\u043f\u0438\u0441\u044c","block_context":{"text":"\u041f\u043e\u0445\u043e\u0436\u0430\u044f \u0437\u0430\u043f\u0438\u0441\u044c","link":""},"img":{"alt_text":"","src":"","width":0,"height":0},"classes":[]},{"id":87,"url":"https:\/\/tuzlahortum.com.tr\/ru\/elements\/map\/","url_meta":{"origin":1217,"position":3},"title":"Map","author":"admin","date":"11 \u0430\u0432\u0433\u0443\u0441\u0442\u0430 2013","format":false,"excerpt":"","rel":"","context":"\u041f\u043e\u0445\u043e\u0436\u0430\u044f \u0437\u0430\u043f\u0438\u0441\u044c","block_context":{"text":"\u041f\u043e\u0445\u043e\u0436\u0430\u044f \u0437\u0430\u043f\u0438\u0441\u044c","link":""},"img":{"alt_text":"","src":"","width":0,"height":0},"classes":[]},{"id":94,"url":"https:\/\/tuzlahortum.com.tr\/ru\/","url_meta":{"origin":1217,"position":4},"title":"\u0428\u043b\u0430\u043d\u0433\u0438 \u0434\u043b\u044f \u0437\u0430\u043b\u0438\u0432\u043a\u0438","author":"admin","date":"6 \u0430\u0432\u0433\u0443\u0441\u0442\u0430 2013","format":false,"excerpt":"","rel":"","context":"\u041f\u043e\u0445\u043e\u0436\u0430\u044f \u0437\u0430\u043f\u0438\u0441\u044c","block_context":{"text":"\u041f\u043e\u0445\u043e\u0436\u0430\u044f \u0437\u0430\u043f\u0438\u0441\u044c","link":""},"img":{"alt_text":"","src":"","width":0,"height":0},"classes":[]},{"id":36,"url":"https:\/\/tuzlahortum.com.tr\/ru\/elements\/forms\/","url_meta":{"origin":1217,"position":5},"title":"Forms","author":"admin","date":"31 \u043c\u0430\u0440\u0442\u0430 2016","format":false,"excerpt":"","rel":"","context":"\u041f\u043e\u0445\u043e\u0436\u0430\u044f \u0437\u0430\u043f\u0438\u0441\u044c","block_context":{"text":"\u041f\u043e\u0445\u043e\u0436\u0430\u044f \u0437\u0430\u043f\u0438\u0441\u044c","link":""},"img":{"alt_text":"","src":"","width":0,"height":0},"classes":[]}],"jetpack_sharing_enabled":true,"jetpack_likes_enabled":true,"_links":{"self":[{"href":"https:\/\/tuzlahortum.com.tr\/ru\/wp-json\/wp\/v2\/pages\/1217","targetHints":{"allow":["GET"]}}],"collection":[{"href":"https:\/\/tuzlahortum.com.tr\/ru\/wp-json\/wp\/v2\/pages"}],"about":[{"href":"https:\/\/tuzlahortum.com.tr\/ru\/wp-json\/wp\/v2\/types\/page"}],"author":[{"embeddable":true,"href":"https:\/\/tuzlahortum.com.tr\/ru\/wp-json\/wp\/v2\/users\/1"}],"replies":[{"embeddable":true,"href":"https:\/\/tuzlahortum.com.tr\/ru\/wp-json\/wp\/v2\/comments?post=1217"}],"version-history":[{"count":0,"href":"https:\/\/tuzlahortum.com.tr\/ru\/wp-json\/wp\/v2\/pages\/1217\/revisions"}],"wp:attachment":[{"href":"https:\/\/tuzlahortum.com.tr\/ru\/wp-json\/wp\/v2\/media?parent=1217"}],"curies":[{"name":"wp","href":"https:\/\/api.w.org\/{rel}","templated":true}]}}